{"id":12965,"date":"2023-02-04T07:06:11","date_gmt":"2023-02-04T06:06:11","guid":{"rendered":"https:\/\/www.upjs.sk\/lekarska-fakulta\/root\/studium-na-fakulte\/dalsie-vzdelavanie\/programy\/"},"modified":"2025-02-04T16:15:33","modified_gmt":"2025-02-04T15:15:33","slug":"programy","status":"publish","type":"page","link":"https:\/\/www.upjs.sk\/lekarska-fakulta\/studenti-lf\/dalsie-vzdelavanie\/programy\/","title":{"rendered":"Akreditovan\u00e9 \u0161tudijn\u00e9 programy"},"content":{"rendered":"\n<ul class=\"wp-block-list\">\n<li><strong><mark style=\"background-color:rgba(0, 0, 0, 0)\" class=\"has-inline-color has-lekarska-f-color\">NOV\u00c9 MINIM\u00c1LNE \u0160TANDARDY:<\/mark> <\/strong><a href=\"https:\/\/www.health.gov.sk\/?Minimalne-standardy\">https:\/\/www.health.gov.sk\/?Minimalne-standardy<\/a><br>V\u00a0s\u00falade so z\u00e1konom \u010d. 578\/2004 Z. z. v\u00a0platnom znen\u00ed od 7. j\u00fana 2024 V\u00e1s informujeme, \u017ee <mark style=\"background-color:rgba(0, 0, 0, 0)\" class=\"has-inline-color has-lekarska-f-color\"><strong>zdravotn\u00edcki pracovn\u00edci, ktor\u00ed boli zaraden\u00ed do \u010fal\u0161ieho vzdel\u00e1vania <u>do 6. j\u00fana 2024<\/u> <\/strong>maj\u00fa 3 mo\u017enosti ukon\u010denia vzdel\u00e1vania:<\/mark><br>1. vzdel\u00e1vanie m\u00f4\u017ee zdravotn\u00edcky pracovn\u00edk ukon\u010di\u0165 pod\u013ea p\u00f4vodn\u00e9ho minim\u00e1lneho \u0161tandardu, ktor\u00fd bol na UPJ\u0160 LF platn\u00fd v\u00a0\u010dase zaradenia \u00fa\u010dastn\u00edka do vzdel\u00e1vania,<br>2. vzdel\u00e1vanie m\u00f4\u017ee zdravotn\u00edcky pracovn\u00edk ukon\u010di\u0165 pod\u013ea nov\u00e9ho minim\u00e1lneho \u0161tandardu (po konzult\u00e1cii s\u00a0odborn\u00fdm garantom!!), &#8211; <a href=\"https:\/\/www.upjs.sk\/app\/uploads\/sites\/9\/2025\/02\/ZIADOST-O-MOZNOST-UKONCENIA-SS-CS-PODLA-NAPLNE-PLATNEJ-OD-7-6.2024.pdf\" target=\"_blank\" rel=\"noreferrer noopener\">\u017dIADOS\u0164 O MO\u017dNOS\u0164 UKON\u010cENIA SS-CS POD\u013dA N\u00c1PLNE PLATNEJ OD 7-6.2024<\/a><br>3. vzdel\u00e1vanie zdravotn\u00edckeho pracovn\u00edka, ktor\u00fd u\u017e m\u00e1 splnen\u00e9 podmienky vypl\u00fdvaj\u00face z\u00a0akreditovan\u00e9ho \u0161tudijn\u00e9ho programu, sa dokon\u010d\u00ed v\u017edy v\u00a0s\u00falade s p\u00f4vodn\u00fdm\u00a0minim\u00e1lnym \u0161tandardom, pod\u013ea ktor\u00e9ho sa za\u010dal vzdel\u00e1va\u0165.<br><strong>Rozhodnutie je na ka\u017edom odbornom garantovi \u0161pecializa\u010dn\u00e9ho\/certifika\u010dn\u00e9ho \u0161tudijn\u00e9ho programu po dohode so zdravotn\u00edckym pracovn\u00edkom, ktor\u00e9 bude priebe\u017ene zaznamenan\u00e9 v\u00a0zlo\u017eke ka\u017ed\u00e9ho \u00fa\u010dastn\u00edka vzdel\u00e1vania.<\/strong><br><br><\/li>\n\n\n\n<li><a href=\"https:\/\/www.upjs.sk\/lekarska-fakulta\/studenti-lf\/dalsie-vzdelavanie\/programy\/prehlad-specializacnych-programov\/\" class=\"ek-link\">Preh\u013ead akreditovan\u00fdch <strong>\u0161pecializa\u010dn\u00fdch<\/strong> \u0161tudijn\u00fdch programov na UPJ\u0160 LF <\/a><br>&#8211; <strong><u>n\u00e1plne<\/u><\/strong> \u0161pecializa\u010dn\u00fdch \u0161tudijn\u00fdch programov, pod\u013ea ktor\u00fdch prebieha Va\u0161e \u0161pecializa\u010dn\u00e9 \u0161t\u00fadium v&nbsp;danom odbore<\/li>\n\n\n\n<li><a href=\"https:\/\/www.upjs.sk\/lekarska-fakulta\/studenti-lf\/dalsie-vzdelavanie\/programy\/prehlad-certifikacnych-programov\/\" class=\"ek-link\">Preh\u013ead akreditovan\u00fdch <strong>certifika\u010dn\u00fdch<\/strong> \u0161tudijn\u00fdch programov na UPJ\u0160 LF<\/a> <br>&#8211; <strong><u>n\u00e1plne<\/u><\/strong> certifika\u010dn\u00fdch \u0161tudijn\u00fdch programov, pod\u013ea ktor\u00fdch prebieha Va\u0161a certifika\u010dn\u00e1 pr\u00edprava v&nbsp;danej certifika\u010dnej pracovnej \u010dinnosti<\/li>\n<\/ul>\n\n\n\n<p><\/p>\n","protected":false},"excerpt":{"rendered":"","protected":false},"author":1,"featured_media":0,"parent":12955,"menu_order":1,"comment_status":"closed","ping_status":"closed","template":"","meta":{"_acf_changed":false,"_editorskit_title_hidden":false,"_editorskit_reading_time":1,"_editorskit_is_block_options_detached":false,"_editorskit_block_options_position":"{}","footnotes":""},"categories":[],"tags":[],"class_list":["post-12965","page","type-page","status-publish","hentry"],"acf":{"acf_link_na_externy_obsah":""},"yoast_head":"<!-- This site is optimized with the Yoast SEO plugin v27.4 - https:\/\/yoast.com\/product\/yoast-seo-wordpress\/ -->\n<title>Akreditovan\u00e9 \u0161tudijn\u00e9 programy - Lek\u00e1rska fakulta | UPJ\u0160<\/title>\n<meta name=\"robots\" content=\"index, follow, max-snippet:-1, max-image-preview:large, max-video-preview:-1\" \/>\n<link rel=\"canonical\" href=\"https:\/\/www.upjs.sk\/lekarska-fakulta\/studenti-lf\/dalsie-vzdelavanie\/programy\/\" \/>\n<meta property=\"og:locale\" content=\"sk_SK\" \/>\n<meta property=\"og:type\" content=\"article\" \/>\n<meta property=\"og:title\" content=\"Akreditovan\u00e9 \u0161tudijn\u00e9 programy - Lek\u00e1rska fakulta | UPJ\u0160\" \/>\n<meta property=\"og:url\" content=\"https:\/\/www.upjs.sk\/lekarska-fakulta\/studenti-lf\/dalsie-vzdelavanie\/programy\/\" \/>\n<meta property=\"og:site_name\" content=\"Lek\u00e1rska fakulta | UPJ\u0160\" \/>\n<meta property=\"article:modified_time\" content=\"2025-02-04T15:15:33+00:00\" \/>\n<meta name=\"twitter:card\" content=\"summary_large_image\" \/>\n<meta name=\"twitter:label1\" content=\"Predpokladan\u00fd \u010das \u010d\u00edtania\" \/>\n\t<meta name=\"twitter:data1\" content=\"1 min\u00fata\" \/>\n<script type=\"application\/ld+json\" class=\"yoast-schema-graph\">{\"@context\":\"https:\\\/\\\/schema.org\",\"@graph\":[{\"@type\":\"WebPage\",\"@id\":\"https:\\\/\\\/www.upjs.sk\\\/lekarska-fakulta\\\/studenti-lf\\\/dalsie-vzdelavanie\\\/programy\\\/\",\"url\":\"https:\\\/\\\/www.upjs.sk\\\/lekarska-fakulta\\\/studenti-lf\\\/dalsie-vzdelavanie\\\/programy\\\/\",\"name\":\"Akreditovan\u00e9 \u0161tudijn\u00e9 programy - Lek\u00e1rska fakulta | UPJ\u0160\",\"isPartOf\":{\"@id\":\"https:\\\/\\\/www.upjs.sk\\\/lekarska-fakulta\\\/#website\"},\"datePublished\":\"2023-02-04T06:06:11+00:00\",\"dateModified\":\"2025-02-04T15:15:33+00:00\",\"breadcrumb\":{\"@id\":\"https:\\\/\\\/www.upjs.sk\\\/lekarska-fakulta\\\/studenti-lf\\\/dalsie-vzdelavanie\\\/programy\\\/#breadcrumb\"},\"inLanguage\":\"sk-SK\",\"potentialAction\":[{\"@type\":\"ReadAction\",\"target\":[\"https:\\\/\\\/www.upjs.sk\\\/lekarska-fakulta\\\/studenti-lf\\\/dalsie-vzdelavanie\\\/programy\\\/\"]}]},{\"@type\":\"BreadcrumbList\",\"@id\":\"https:\\\/\\\/www.upjs.sk\\\/lekarska-fakulta\\\/studenti-lf\\\/dalsie-vzdelavanie\\\/programy\\\/#breadcrumb\",\"itemListElement\":[{\"@type\":\"ListItem\",\"position\":1,\"name\":\"Home\",\"item\":\"https:\\\/\\\/www.upjs.sk\\\/lekarska-fakulta\\\/\"},{\"@type\":\"ListItem\",\"position\":2,\"name\":\"\u0160tudenti\",\"item\":\"https:\\\/\\\/www.upjs.sk\\\/lekarska-fakulta\\\/studenti-lf\\\/\"},{\"@type\":\"ListItem\",\"position\":3,\"name\":\"\u010eal\u0161ie vzdel\u00e1vanie zdravotn\u00edckych pracovn\u00edkov\",\"item\":\"https:\\\/\\\/www.upjs.sk\\\/lekarska-fakulta\\\/studenti-lf\\\/dalsie-vzdelavanie\\\/\"},{\"@type\":\"ListItem\",\"position\":4,\"name\":\"Akreditovan\u00e9 \u0161tudijn\u00e9 programy\"}]},{\"@type\":\"WebSite\",\"@id\":\"https:\\\/\\\/www.upjs.sk\\\/lekarska-fakulta\\\/#website\",\"url\":\"https:\\\/\\\/www.upjs.sk\\\/lekarska-fakulta\\\/\",\"name\":\"Lek\u00e1rska fakulta | UPJ\u0160\",\"description\":\"\",\"publisher\":{\"@id\":\"https:\\\/\\\/www.upjs.sk\\\/lekarska-fakulta\\\/#organization\"},\"potentialAction\":[{\"@type\":\"SearchAction\",\"target\":{\"@type\":\"EntryPoint\",\"urlTemplate\":\"https:\\\/\\\/www.upjs.sk\\\/lekarska-fakulta\\\/?s={search_term_string}\"},\"query-input\":{\"@type\":\"PropertyValueSpecification\",\"valueRequired\":true,\"valueName\":\"search_term_string\"}}],\"inLanguage\":\"sk-SK\"},{\"@type\":\"Organization\",\"@id\":\"https:\\\/\\\/www.upjs.sk\\\/lekarska-fakulta\\\/#organization\",\"name\":\"Lek\u00e1rska fakulta | UPJ\u0160\",\"url\":\"https:\\\/\\\/www.upjs.sk\\\/lekarska-fakulta\\\/\",\"logo\":{\"@type\":\"ImageObject\",\"inLanguage\":\"sk-SK\",\"@id\":\"https:\\\/\\\/www.upjs.sk\\\/lekarska-fakulta\\\/#\\\/schema\\\/logo\\\/image\\\/\",\"url\":\"https:\\\/\\\/www.upjs.sk\\\/app\\\/uploads\\\/sites\\\/9\\\/2022\\\/09\\\/logo-lekarska-fakulta.png\",\"contentUrl\":\"https:\\\/\\\/www.upjs.sk\\\/app\\\/uploads\\\/sites\\\/9\\\/2022\\\/09\\\/logo-lekarska-fakulta.png\",\"width\":415,\"height\":87,\"caption\":\"Lek\u00e1rska fakulta | UPJ\u0160\"},\"image\":{\"@id\":\"https:\\\/\\\/www.upjs.sk\\\/lekarska-fakulta\\\/#\\\/schema\\\/logo\\\/image\\\/\"}}]}<\/script>\n<!-- \/ Yoast SEO plugin. -->","yoast_head_json":{"title":"Akreditovan\u00e9 \u0161tudijn\u00e9 programy - Lek\u00e1rska fakulta | UPJ\u0160","robots":{"index":"index","follow":"follow","max-snippet":"max-snippet:-1","max-image-preview":"max-image-preview:large","max-video-preview":"max-video-preview:-1"},"canonical":"https:\/\/www.upjs.sk\/lekarska-fakulta\/studenti-lf\/dalsie-vzdelavanie\/programy\/","og_locale":"sk_SK","og_type":"article","og_title":"Akreditovan\u00e9 \u0161tudijn\u00e9 programy - Lek\u00e1rska fakulta | UPJ\u0160","og_url":"https:\/\/www.upjs.sk\/lekarska-fakulta\/studenti-lf\/dalsie-vzdelavanie\/programy\/","og_site_name":"Lek\u00e1rska fakulta | UPJ\u0160","article_modified_time":"2025-02-04T15:15:33+00:00","twitter_card":"summary_large_image","twitter_misc":{"Predpokladan\u00fd \u010das \u010d\u00edtania":"1 min\u00fata"},"schema":{"@context":"https:\/\/schema.org","@graph":[{"@type":"WebPage","@id":"https:\/\/www.upjs.sk\/lekarska-fakulta\/studenti-lf\/dalsie-vzdelavanie\/programy\/","url":"https:\/\/www.upjs.sk\/lekarska-fakulta\/studenti-lf\/dalsie-vzdelavanie\/programy\/","name":"Akreditovan\u00e9 \u0161tudijn\u00e9 programy - Lek\u00e1rska fakulta | UPJ\u0160","isPartOf":{"@id":"https:\/\/www.upjs.sk\/lekarska-fakulta\/#website"},"datePublished":"2023-02-04T06:06:11+00:00","dateModified":"2025-02-04T15:15:33+00:00","breadcrumb":{"@id":"https:\/\/www.upjs.sk\/lekarska-fakulta\/studenti-lf\/dalsie-vzdelavanie\/programy\/#breadcrumb"},"inLanguage":"sk-SK","potentialAction":[{"@type":"ReadAction","target":["https:\/\/www.upjs.sk\/lekarska-fakulta\/studenti-lf\/dalsie-vzdelavanie\/programy\/"]}]},{"@type":"BreadcrumbList","@id":"https:\/\/www.upjs.sk\/lekarska-fakulta\/studenti-lf\/dalsie-vzdelavanie\/programy\/#breadcrumb","itemListElement":[{"@type":"ListItem","position":1,"name":"Home","item":"https:\/\/www.upjs.sk\/lekarska-fakulta\/"},{"@type":"ListItem","position":2,"name":"\u0160tudenti","item":"https:\/\/www.upjs.sk\/lekarska-fakulta\/studenti-lf\/"},{"@type":"ListItem","position":3,"name":"\u010eal\u0161ie vzdel\u00e1vanie zdravotn\u00edckych pracovn\u00edkov","item":"https:\/\/www.upjs.sk\/lekarska-fakulta\/studenti-lf\/dalsie-vzdelavanie\/"},{"@type":"ListItem","position":4,"name":"Akreditovan\u00e9 \u0161tudijn\u00e9 programy"}]},{"@type":"WebSite","@id":"https:\/\/www.upjs.sk\/lekarska-fakulta\/#website","url":"https:\/\/www.upjs.sk\/lekarska-fakulta\/","name":"Lek\u00e1rska fakulta | UPJ\u0160","description":"","publisher":{"@id":"https:\/\/www.upjs.sk\/lekarska-fakulta\/#organization"},"potentialAction":[{"@type":"SearchAction","target":{"@type":"EntryPoint","urlTemplate":"https:\/\/www.upjs.sk\/lekarska-fakulta\/?s={search_term_string}"},"query-input":{"@type":"PropertyValueSpecification","valueRequired":true,"valueName":"search_term_string"}}],"inLanguage":"sk-SK"},{"@type":"Organization","@id":"https:\/\/www.upjs.sk\/lekarska-fakulta\/#organization","name":"Lek\u00e1rska fakulta | UPJ\u0160","url":"https:\/\/www.upjs.sk\/lekarska-fakulta\/","logo":{"@type":"ImageObject","inLanguage":"sk-SK","@id":"https:\/\/www.upjs.sk\/lekarska-fakulta\/#\/schema\/logo\/image\/","url":"https:\/\/www.upjs.sk\/app\/uploads\/sites\/9\/2022\/09\/logo-lekarska-fakulta.png","contentUrl":"https:\/\/www.upjs.sk\/app\/uploads\/sites\/9\/2022\/09\/logo-lekarska-fakulta.png","width":415,"height":87,"caption":"Lek\u00e1rska fakulta | UPJ\u0160"},"image":{"@id":"https:\/\/www.upjs.sk\/lekarska-fakulta\/#\/schema\/logo\/image\/"}}]}},"_links":{"self":[{"href":"https:\/\/www.upjs.sk\/lekarska-fakulta\/wp-json\/wp\/v2\/pages\/12965","targetHints":{"allow":["GET"]}}],"collection":[{"href":"https:\/\/www.upjs.sk\/lekarska-fakulta\/wp-json\/wp\/v2\/pages"}],"about":[{"href":"https:\/\/www.upjs.sk\/lekarska-fakulta\/wp-json\/wp\/v2\/types\/page"}],"author":[{"embeddable":true,"href":"https:\/\/www.upjs.sk\/lekarska-fakulta\/wp-json\/wp\/v2\/users\/1"}],"replies":[{"embeddable":true,"href":"https:\/\/www.upjs.sk\/lekarska-fakulta\/wp-json\/wp\/v2\/comments?post=12965"}],"version-history":[{"count":18,"href":"https:\/\/www.upjs.sk\/lekarska-fakulta\/wp-json\/wp\/v2\/pages\/12965\/revisions"}],"predecessor-version":[{"id":128904,"href":"https:\/\/www.upjs.sk\/lekarska-fakulta\/wp-json\/wp\/v2\/pages\/12965\/revisions\/128904"}],"up":[{"embeddable":true,"href":"https:\/\/www.upjs.sk\/lekarska-fakulta\/wp-json\/wp\/v2\/pages\/12955"}],"wp:attachment":[{"href":"https:\/\/www.upjs.sk\/lekarska-fakulta\/wp-json\/wp\/v2\/media?parent=12965"}],"wp:term":[{"taxonomy":"category","embeddable":true,"href":"https:\/\/www.upjs.sk\/lekarska-fakulta\/wp-json\/wp\/v2\/categories?post=12965"},{"taxonomy":"post_tag","embeddable":true,"href":"https:\/\/www.upjs.sk\/lekarska-fakulta\/wp-json\/wp\/v2\/tags?post=12965"}],"curies":[{"name":"wp","href":"https:\/\/api.w.org\/{rel}","templated":true}]}}