{"id":12971,"date":"2023-02-06T03:49:46","date_gmt":"2023-02-06T02:49:46","guid":{"rendered":"https:\/\/www.upjs.sk\/lekarska-fakulta\/root\/studium-na-fakulte\/doplnujuca-skuska\/"},"modified":"2024-02-07T14:59:08","modified_gmt":"2024-02-07T13:59:08","slug":"doplnujuca-skuska","status":"publish","type":"page","link":"https:\/\/www.upjs.sk\/lekarska-fakulta\/studenti-lf\/doplnujuca-skuska\/","title":{"rendered":"Dopl\u0148uj\u00faca sk\u00fa\u0161ka"},"content":{"rendered":"\n<p>Dopl\u0148uj\u00faca sk\u00fa\u0161ka je sk\u00fa\u0161ka, ktor\u00e1 sl\u00fa\u017ei na uznanie dokladu o vzdelan\u00ed na v\u00fdkon zdravotn\u00edckeho povolania vydan\u00e9ho v tre\u0165om \u0161t\u00e1te.<\/p>\n\n\n\n<p>N\u00e1le\u017eitosti a postup pri vykonan\u00ed dopl\u0148uj\u00facej sk\u00fa\u0161ky upravuje \u00a718a z\u00e1kona \u010d. 422\/2015 Z. z. o uzn\u00e1van\u00ed dokladov o vzdelan\u00ed a o uzn\u00e1van\u00ed odborn\u00fdch kvalifik\u00e1ci\u00ed a o zmene a doplnen\u00ed niektor\u00fdch predpisov a vyhl\u00e1\u0161ka Ministerstva \u0161kolstva, vedy, v\u00fdskumu a \u0161portu Slovenskej republiky \u010d. 30\/2018 z 30. janu\u00e1ra 2018 o dopl\u0148uj\u00facej sk\u00fa\u0161ke.<\/p>\n\n\n\n<p>Term\u00edny konania dopl\u0148uj\u00facej sk\u00fa\u0161ky pre jednotliv\u00e9 zdravotn\u00edcke povolania na nasleduj\u00faci kalend\u00e1rny rok zverej\u0148uje <a href=\"https:\/\/www.minedu.sk\/uznavanie-dokladov-o-vzdelani-a-odbornych-kvalifikacii-zo-zahranicia\/\" class=\"ek-link\">Stredisko na uzn\u00e1vanie dokladov o\u00a0vzdelan\u00ed<\/a> na webovom s\u00eddle Ministerstva \u0161kolstva, v\u00fdskumu, v\u00fdvoja a ml\u00e1de\u017ee Slovenskej republiky.<\/p>\n\n\n\n<p><a href=\"https:\/\/www.minedu.sk\/doplnujuca-skuska\/\" class=\"ek-link\">Inform\u00e1cie k&nbsp;dopl\u0148uj\u00facej sk\u00fa\u0161ke<\/a><\/p>\n","protected":false},"excerpt":{"rendered":"<p>Dopl\u0148uj\u00faca sk\u00fa\u0161ka je sk\u00fa\u0161ka, ktor\u00e1 sl\u00fa\u017ei na uznanie dokladu o vzdelan\u00ed na v\u00fdkon zdravotn\u00edckeho povolania vydan\u00e9ho v tre\u0165om \u0161t\u00e1te. N\u00e1le\u017eitosti a postup pri vykonan\u00ed dopl\u0148uj\u00facej sk\u00fa\u0161ky upravuje \u00a718a z\u00e1kona \u010d. 422\/2015 Z. z. o uzn\u00e1van\u00ed dokladov o vzdelan\u00ed a o uzn\u00e1van\u00ed odborn\u00fdch kvalifik\u00e1ci\u00ed a o zmene a doplnen\u00ed niektor\u00fdch predpisov a vyhl\u00e1\u0161ka Ministerstva \u0161kolstva, vedy, &hellip; <a href=\"https:\/\/www.upjs.sk\/lekarska-fakulta\/studenti-lf\/doplnujuca-skuska\/\">\u010c\u00edta\u0165 \u010falej<\/a><\/p>\n","protected":false},"author":1,"featured_media":0,"parent":12752,"menu_order":9,"comment_status":"closed","ping_status":"closed","template":"","meta":{"_acf_changed":false,"_editorskit_title_hidden":false,"_editorskit_reading_time":1,"_editorskit_is_block_options_detached":false,"_editorskit_block_options_position":"{}","footnotes":""},"categories":[],"tags":[],"class_list":["post-12971","page","type-page","status-publish","hentry"],"acf":{"acf_link_na_externy_obsah":""},"yoast_head":"<!-- This site is optimized with the Yoast SEO plugin v27.4 - https:\/\/yoast.com\/product\/yoast-seo-wordpress\/ -->\n<title>Dopl\u0148uj\u00faca sk\u00fa\u0161ka - Lek\u00e1rska fakulta | UPJ\u0160<\/title>\n<meta name=\"robots\" content=\"index, follow, max-snippet:-1, max-image-preview:large, max-video-preview:-1\" \/>\n<link rel=\"canonical\" href=\"https:\/\/www.upjs.sk\/lekarska-fakulta\/studenti-lf\/doplnujuca-skuska\/\" \/>\n<meta property=\"og:locale\" content=\"sk_SK\" \/>\n<meta property=\"og:type\" content=\"article\" \/>\n<meta property=\"og:title\" content=\"Dopl\u0148uj\u00faca sk\u00fa\u0161ka - Lek\u00e1rska fakulta | UPJ\u0160\" \/>\n<meta property=\"og:description\" content=\"Dopl\u0148uj\u00faca sk\u00fa\u0161ka je sk\u00fa\u0161ka, ktor\u00e1 sl\u00fa\u017ei na uznanie dokladu o vzdelan\u00ed na v\u00fdkon zdravotn\u00edckeho povolania vydan\u00e9ho v tre\u0165om \u0161t\u00e1te. N\u00e1le\u017eitosti a postup pri vykonan\u00ed dopl\u0148uj\u00facej sk\u00fa\u0161ky upravuje \u00a718a z\u00e1kona \u010d. 422\/2015 Z. z. o uzn\u00e1van\u00ed dokladov o vzdelan\u00ed a o uzn\u00e1van\u00ed odborn\u00fdch kvalifik\u00e1ci\u00ed a o zmene a doplnen\u00ed niektor\u00fdch predpisov a vyhl\u00e1\u0161ka Ministerstva \u0161kolstva, vedy, &hellip; \u010c\u00edta\u0165 \u010falej\" \/>\n<meta property=\"og:url\" content=\"https:\/\/www.upjs.sk\/lekarska-fakulta\/studenti-lf\/doplnujuca-skuska\/\" \/>\n<meta property=\"og:site_name\" content=\"Lek\u00e1rska fakulta | UPJ\u0160\" \/>\n<meta property=\"article:modified_time\" content=\"2024-02-07T13:59:08+00:00\" \/>\n<meta name=\"twitter:card\" content=\"summary_large_image\" \/>\n<meta name=\"twitter:label1\" content=\"Predpokladan\u00fd \u010das \u010d\u00edtania\" \/>\n\t<meta name=\"twitter:data1\" content=\"1 min\u00fata\" \/>\n<script type=\"application\/ld+json\" class=\"yoast-schema-graph\">{\"@context\":\"https:\\\/\\\/schema.org\",\"@graph\":[{\"@type\":\"WebPage\",\"@id\":\"https:\\\/\\\/www.upjs.sk\\\/lekarska-fakulta\\\/studenti-lf\\\/doplnujuca-skuska\\\/\",\"url\":\"https:\\\/\\\/www.upjs.sk\\\/lekarska-fakulta\\\/studenti-lf\\\/doplnujuca-skuska\\\/\",\"name\":\"Dopl\u0148uj\u00faca sk\u00fa\u0161ka - Lek\u00e1rska fakulta | UPJ\u0160\",\"isPartOf\":{\"@id\":\"https:\\\/\\\/www.upjs.sk\\\/lekarska-fakulta\\\/#website\"},\"datePublished\":\"2023-02-06T02:49:46+00:00\",\"dateModified\":\"2024-02-07T13:59:08+00:00\",\"breadcrumb\":{\"@id\":\"https:\\\/\\\/www.upjs.sk\\\/lekarska-fakulta\\\/studenti-lf\\\/doplnujuca-skuska\\\/#breadcrumb\"},\"inLanguage\":\"sk-SK\",\"potentialAction\":[{\"@type\":\"ReadAction\",\"target\":[\"https:\\\/\\\/www.upjs.sk\\\/lekarska-fakulta\\\/studenti-lf\\\/doplnujuca-skuska\\\/\"]}]},{\"@type\":\"BreadcrumbList\",\"@id\":\"https:\\\/\\\/www.upjs.sk\\\/lekarska-fakulta\\\/studenti-lf\\\/doplnujuca-skuska\\\/#breadcrumb\",\"itemListElement\":[{\"@type\":\"ListItem\",\"position\":1,\"name\":\"Home\",\"item\":\"https:\\\/\\\/www.upjs.sk\\\/lekarska-fakulta\\\/\"},{\"@type\":\"ListItem\",\"position\":2,\"name\":\"\u0160tudenti\",\"item\":\"https:\\\/\\\/www.upjs.sk\\\/lekarska-fakulta\\\/studenti-lf\\\/\"},{\"@type\":\"ListItem\",\"position\":3,\"name\":\"Dopl\u0148uj\u00faca sk\u00fa\u0161ka\"}]},{\"@type\":\"WebSite\",\"@id\":\"https:\\\/\\\/www.upjs.sk\\\/lekarska-fakulta\\\/#website\",\"url\":\"https:\\\/\\\/www.upjs.sk\\\/lekarska-fakulta\\\/\",\"name\":\"Lek\u00e1rska fakulta | UPJ\u0160\",\"description\":\"\",\"publisher\":{\"@id\":\"https:\\\/\\\/www.upjs.sk\\\/lekarska-fakulta\\\/#organization\"},\"potentialAction\":[{\"@type\":\"SearchAction\",\"target\":{\"@type\":\"EntryPoint\",\"urlTemplate\":\"https:\\\/\\\/www.upjs.sk\\\/lekarska-fakulta\\\/?s={search_term_string}\"},\"query-input\":{\"@type\":\"PropertyValueSpecification\",\"valueRequired\":true,\"valueName\":\"search_term_string\"}}],\"inLanguage\":\"sk-SK\"},{\"@type\":\"Organization\",\"@id\":\"https:\\\/\\\/www.upjs.sk\\\/lekarska-fakulta\\\/#organization\",\"name\":\"Lek\u00e1rska fakulta | UPJ\u0160\",\"url\":\"https:\\\/\\\/www.upjs.sk\\\/lekarska-fakulta\\\/\",\"logo\":{\"@type\":\"ImageObject\",\"inLanguage\":\"sk-SK\",\"@id\":\"https:\\\/\\\/www.upjs.sk\\\/lekarska-fakulta\\\/#\\\/schema\\\/logo\\\/image\\\/\",\"url\":\"https:\\\/\\\/www.upjs.sk\\\/app\\\/uploads\\\/sites\\\/9\\\/2022\\\/09\\\/logo-lekarska-fakulta.png\",\"contentUrl\":\"https:\\\/\\\/www.upjs.sk\\\/app\\\/uploads\\\/sites\\\/9\\\/2022\\\/09\\\/logo-lekarska-fakulta.png\",\"width\":415,\"height\":87,\"caption\":\"Lek\u00e1rska fakulta | UPJ\u0160\"},\"image\":{\"@id\":\"https:\\\/\\\/www.upjs.sk\\\/lekarska-fakulta\\\/#\\\/schema\\\/logo\\\/image\\\/\"}}]}<\/script>\n<!-- \/ Yoast SEO plugin. -->","yoast_head_json":{"title":"Dopl\u0148uj\u00faca sk\u00fa\u0161ka - Lek\u00e1rska fakulta | UPJ\u0160","robots":{"index":"index","follow":"follow","max-snippet":"max-snippet:-1","max-image-preview":"max-image-preview:large","max-video-preview":"max-video-preview:-1"},"canonical":"https:\/\/www.upjs.sk\/lekarska-fakulta\/studenti-lf\/doplnujuca-skuska\/","og_locale":"sk_SK","og_type":"article","og_title":"Dopl\u0148uj\u00faca sk\u00fa\u0161ka - Lek\u00e1rska fakulta | UPJ\u0160","og_description":"Dopl\u0148uj\u00faca sk\u00fa\u0161ka je sk\u00fa\u0161ka, ktor\u00e1 sl\u00fa\u017ei na uznanie dokladu o vzdelan\u00ed na v\u00fdkon zdravotn\u00edckeho povolania vydan\u00e9ho v tre\u0165om \u0161t\u00e1te. N\u00e1le\u017eitosti a postup pri vykonan\u00ed dopl\u0148uj\u00facej sk\u00fa\u0161ky upravuje \u00a718a z\u00e1kona \u010d. 422\/2015 Z. z. o uzn\u00e1van\u00ed dokladov o vzdelan\u00ed a o uzn\u00e1van\u00ed odborn\u00fdch kvalifik\u00e1ci\u00ed a o zmene a doplnen\u00ed niektor\u00fdch predpisov a vyhl\u00e1\u0161ka Ministerstva \u0161kolstva, vedy, &hellip; \u010c\u00edta\u0165 \u010falej","og_url":"https:\/\/www.upjs.sk\/lekarska-fakulta\/studenti-lf\/doplnujuca-skuska\/","og_site_name":"Lek\u00e1rska fakulta | UPJ\u0160","article_modified_time":"2024-02-07T13:59:08+00:00","twitter_card":"summary_large_image","twitter_misc":{"Predpokladan\u00fd \u010das \u010d\u00edtania":"1 min\u00fata"},"schema":{"@context":"https:\/\/schema.org","@graph":[{"@type":"WebPage","@id":"https:\/\/www.upjs.sk\/lekarska-fakulta\/studenti-lf\/doplnujuca-skuska\/","url":"https:\/\/www.upjs.sk\/lekarska-fakulta\/studenti-lf\/doplnujuca-skuska\/","name":"Dopl\u0148uj\u00faca sk\u00fa\u0161ka - Lek\u00e1rska fakulta | UPJ\u0160","isPartOf":{"@id":"https:\/\/www.upjs.sk\/lekarska-fakulta\/#website"},"datePublished":"2023-02-06T02:49:46+00:00","dateModified":"2024-02-07T13:59:08+00:00","breadcrumb":{"@id":"https:\/\/www.upjs.sk\/lekarska-fakulta\/studenti-lf\/doplnujuca-skuska\/#breadcrumb"},"inLanguage":"sk-SK","potentialAction":[{"@type":"ReadAction","target":["https:\/\/www.upjs.sk\/lekarska-fakulta\/studenti-lf\/doplnujuca-skuska\/"]}]},{"@type":"BreadcrumbList","@id":"https:\/\/www.upjs.sk\/lekarska-fakulta\/studenti-lf\/doplnujuca-skuska\/#breadcrumb","itemListElement":[{"@type":"ListItem","position":1,"name":"Home","item":"https:\/\/www.upjs.sk\/lekarska-fakulta\/"},{"@type":"ListItem","position":2,"name":"\u0160tudenti","item":"https:\/\/www.upjs.sk\/lekarska-fakulta\/studenti-lf\/"},{"@type":"ListItem","position":3,"name":"Dopl\u0148uj\u00faca sk\u00fa\u0161ka"}]},{"@type":"WebSite","@id":"https:\/\/www.upjs.sk\/lekarska-fakulta\/#website","url":"https:\/\/www.upjs.sk\/lekarska-fakulta\/","name":"Lek\u00e1rska fakulta | UPJ\u0160","description":"","publisher":{"@id":"https:\/\/www.upjs.sk\/lekarska-fakulta\/#organization"},"potentialAction":[{"@type":"SearchAction","target":{"@type":"EntryPoint","urlTemplate":"https:\/\/www.upjs.sk\/lekarska-fakulta\/?s={search_term_string}"},"query-input":{"@type":"PropertyValueSpecification","valueRequired":true,"valueName":"search_term_string"}}],"inLanguage":"sk-SK"},{"@type":"Organization","@id":"https:\/\/www.upjs.sk\/lekarska-fakulta\/#organization","name":"Lek\u00e1rska fakulta | UPJ\u0160","url":"https:\/\/www.upjs.sk\/lekarska-fakulta\/","logo":{"@type":"ImageObject","inLanguage":"sk-SK","@id":"https:\/\/www.upjs.sk\/lekarska-fakulta\/#\/schema\/logo\/image\/","url":"https:\/\/www.upjs.sk\/app\/uploads\/sites\/9\/2022\/09\/logo-lekarska-fakulta.png","contentUrl":"https:\/\/www.upjs.sk\/app\/uploads\/sites\/9\/2022\/09\/logo-lekarska-fakulta.png","width":415,"height":87,"caption":"Lek\u00e1rska fakulta | UPJ\u0160"},"image":{"@id":"https:\/\/www.upjs.sk\/lekarska-fakulta\/#\/schema\/logo\/image\/"}}]}},"_links":{"self":[{"href":"https:\/\/www.upjs.sk\/lekarska-fakulta\/wp-json\/wp\/v2\/pages\/12971","targetHints":{"allow":["GET"]}}],"collection":[{"href":"https:\/\/www.upjs.sk\/lekarska-fakulta\/wp-json\/wp\/v2\/pages"}],"about":[{"href":"https:\/\/www.upjs.sk\/lekarska-fakulta\/wp-json\/wp\/v2\/types\/page"}],"author":[{"embeddable":true,"href":"https:\/\/www.upjs.sk\/lekarska-fakulta\/wp-json\/wp\/v2\/users\/1"}],"replies":[{"embeddable":true,"href":"https:\/\/www.upjs.sk\/lekarska-fakulta\/wp-json\/wp\/v2\/comments?post=12971"}],"version-history":[{"count":6,"href":"https:\/\/www.upjs.sk\/lekarska-fakulta\/wp-json\/wp\/v2\/pages\/12971\/revisions"}],"predecessor-version":[{"id":107747,"href":"https:\/\/www.upjs.sk\/lekarska-fakulta\/wp-json\/wp\/v2\/pages\/12971\/revisions\/107747"}],"up":[{"embeddable":true,"href":"https:\/\/www.upjs.sk\/lekarska-fakulta\/wp-json\/wp\/v2\/pages\/12752"}],"wp:attachment":[{"href":"https:\/\/www.upjs.sk\/lekarska-fakulta\/wp-json\/wp\/v2\/media?parent=12971"}],"wp:term":[{"taxonomy":"category","embeddable":true,"href":"https:\/\/www.upjs.sk\/lekarska-fakulta\/wp-json\/wp\/v2\/categories?post=12971"},{"taxonomy":"post_tag","embeddable":true,"href":"https:\/\/www.upjs.sk\/lekarska-fakulta\/wp-json\/wp\/v2\/tags?post=12971"}],"curies":[{"name":"wp","href":"https:\/\/api.w.org\/{rel}","templated":true}]}}