{"id":13042,"date":"2023-01-30T22:41:54","date_gmt":"2023-01-30T21:41:54","guid":{"rendered":"https:\/\/www.upjs.sk\/lekarska-fakulta\/?page_id=13042"},"modified":"2025-10-02T06:12:50","modified_gmt":"2025-10-02T05:12:50","slug":"akreditovane-studijne-programy","status":"publish","type":"page","link":"https:\/\/www.upjs.sk\/lekarska-fakulta\/informacie-pre-zaujemcov-o-studium\/akreditovane-studijne-programy\/","title":{"rendered":"Akreditovan\u00e9 \u0161tudijn\u00e9 programy"},"content":{"rendered":"<style>.kb-image13042_3852d9-6d .kb-image-has-overlay:after{opacity:0.3;}.kb-image13042_3852d9-6d img.kb-img, .kb-image13042_3852d9-6d .kb-img img{box-shadow:0px 0px 14px 0px rgba(0, 0, 0, 0.2);}<\/style>\n<div class=\"wp-block-kadence-image kb-image13042_3852d9-6d\"><figure class=\"aligncenter size-large\"><img loading=\"lazy\" decoding=\"async\" width=\"1024\" height=\"263\" src=\"https:\/\/www.upjs.sk\/app\/uploads\/sites\/9\/2023\/01\/LF_SK-1024x263.png\" alt=\"\" class=\"kb-img wp-image-73777\" srcset=\"https:\/\/www.upjs.sk\/app\/uploads\/sites\/9\/2023\/01\/LF_SK-1024x263.png 1024w, https:\/\/www.upjs.sk\/app\/uploads\/sites\/9\/2023\/01\/LF_SK-300x77.png 300w, https:\/\/www.upjs.sk\/app\/uploads\/sites\/9\/2023\/01\/LF_SK-768x197.png 768w, https:\/\/www.upjs.sk\/app\/uploads\/sites\/9\/2023\/01\/LF_SK.png 1171w\" sizes=\"auto, (max-width: 1024px) 100vw, 1024px\" \/><\/figure><\/div>\n\n\n<style>.wp-block-kadence-spacer.kt-block-spacer-13042_2565ba-70 .kt-block-spacer{height:30px;}.wp-block-kadence-spacer.kt-block-spacer-13042_2565ba-70 .kt-divider{border-top-width:6px;border-top-color:#C92432;width:10%;border-top-style:dotted;}<\/style>\n<div class=\"wp-block-kadence-spacer aligncenter kt-block-spacer-13042_2565ba-70\"><div class=\"kt-block-spacer kt-block-spacer-halign-center\"><hr class=\"kt-divider\"\/><\/div><\/div>\n\n\n\n<p class=\"has-text-align-center\">Rozhoduje\u0161 sa kam a \u010do \u00eds\u0165 \u0161tudova\u0165?<\/p>\n\n\n\n<p class=\"has-text-align-center\">H\u013ead\u00e1\u0161 vhodn\u00fd \u0161tudijn\u00fd program?<\/p>\n\n\n\n<p class=\"has-text-align-center\">Chce\u0161 sa uplatni\u0165 v oblasti medic\u00edny a starostlivosti o zdravie?<\/p>\n\n\n<style>.wp-block-kadence-spacer.kt-block-spacer-13042_c0c973-33 .kt-block-spacer{height:30px;}.wp-block-kadence-spacer.kt-block-spacer-13042_c0c973-33 .kt-divider{border-top-width:6px;border-top-color:#C92432;width:10%;border-top-style:dotted;}<\/style>\n<div class=\"wp-block-kadence-spacer aligncenter kt-block-spacer-13042_c0c973-33\"><div class=\"kt-block-spacer kt-block-spacer-halign-center\"><hr class=\"kt-divider\"\/><\/div><\/div>\n\n\n\n<p class=\"has-text-align-center\">Vitaj teda na na\u0161ich str\u00e1nkach a za\u010dni t\u00fdm, \u017ee si pozrie\u0161 <a href=\"https:\/\/studijne-programy.upjs.sk\/fakulta\/LF\" target=\"_blank\" rel=\"noreferrer noopener\"><strong>zoznam akreditovan\u00fdch \u0161tudijn\u00fdch programov Lek\u00e1rskej fakulty UPJ\u0160 v Ko\u0161iciach<\/strong>.<\/a><\/p>\n\n\n<style>.wp-block-kadence-spacer.kt-block-spacer-13042_10c008-d5 .kt-block-spacer{height:30px;}.wp-block-kadence-spacer.kt-block-spacer-13042_10c008-d5 .kt-divider{border-top-width:6px;border-top-color:#C92432;width:10%;border-top-style:dotted;}<\/style>\n<div class=\"wp-block-kadence-spacer aligncenter kt-block-spacer-13042_10c008-d5\"><div class=\"kt-block-spacer kt-block-spacer-halign-center\"><hr class=\"kt-divider\"\/><\/div><\/div>\n","protected":false},"excerpt":{"rendered":"<p>Rozhoduje\u0161 sa kam a \u010do \u00eds\u0165 \u0161tudova\u0165? H\u013ead\u00e1\u0161 vhodn\u00fd \u0161tudijn\u00fd program? Chce\u0161 sa uplatni\u0165 v oblasti medic\u00edny a starostlivosti o zdravie? Vitaj teda na na\u0161ich str\u00e1nkach a za\u010dni t\u00fdm, \u017ee si pozrie\u0161 zoznam akreditovan\u00fdch \u0161tudijn\u00fdch programov Lek\u00e1rskej fakulty UPJ\u0160 v Ko\u0161iciach.<\/p>\n","protected":false},"author":1,"featured_media":0,"parent":12979,"menu_order":1,"comment_status":"closed","ping_status":"closed","template":"","meta":{"_acf_changed":false,"_editorskit_title_hidden":false,"_editorskit_reading_time":1,"_editorskit_is_block_options_detached":false,"_editorskit_block_options_position":"{}","footnotes":""},"categories":[],"tags":[],"class_list":["post-13042","page","type-page","status-publish","hentry"],"acf":{"acf_link_na_externy_obsah":""},"yoast_head":"<!-- This site is optimized with the Yoast SEO plugin v27.4 - https:\/\/yoast.com\/product\/yoast-seo-wordpress\/ -->\n<title>Akreditovan\u00e9 \u0161tudijn\u00e9 programy - Lek\u00e1rska fakulta | UPJ\u0160<\/title>\n<meta name=\"robots\" content=\"index, follow, max-snippet:-1, max-image-preview:large, max-video-preview:-1\" \/>\n<link rel=\"canonical\" href=\"https:\/\/www.upjs.sk\/lekarska-fakulta\/informacie-pre-zaujemcov-o-studium\/akreditovane-studijne-programy\/\" \/>\n<meta property=\"og:locale\" content=\"sk_SK\" \/>\n<meta property=\"og:type\" content=\"article\" \/>\n<meta property=\"og:title\" content=\"Akreditovan\u00e9 \u0161tudijn\u00e9 programy - Lek\u00e1rska fakulta | UPJ\u0160\" \/>\n<meta property=\"og:description\" content=\"Rozhoduje\u0161 sa kam a \u010do \u00eds\u0165 \u0161tudova\u0165? H\u013ead\u00e1\u0161 vhodn\u00fd \u0161tudijn\u00fd program? Chce\u0161 sa uplatni\u0165 v oblasti medic\u00edny a starostlivosti o zdravie? Vitaj teda na na\u0161ich str\u00e1nkach a za\u010dni t\u00fdm, \u017ee si pozrie\u0161 zoznam akreditovan\u00fdch \u0161tudijn\u00fdch programov Lek\u00e1rskej fakulty UPJ\u0160 v Ko\u0161iciach.\" \/>\n<meta property=\"og:url\" content=\"https:\/\/www.upjs.sk\/lekarska-fakulta\/informacie-pre-zaujemcov-o-studium\/akreditovane-studijne-programy\/\" \/>\n<meta property=\"og:site_name\" content=\"Lek\u00e1rska fakulta | UPJ\u0160\" \/>\n<meta property=\"article:modified_time\" content=\"2025-10-02T05:12:50+00:00\" \/>\n<meta property=\"og:image\" content=\"https:\/\/www.upjs.sk\/app\/uploads\/sites\/9\/2023\/01\/LF_SK.png\" \/>\n\t<meta property=\"og:image:width\" content=\"1171\" \/>\n\t<meta property=\"og:image:height\" content=\"301\" \/>\n\t<meta property=\"og:image:type\" content=\"image\/png\" \/>\n<meta name=\"twitter:card\" content=\"summary_large_image\" \/>\n<meta name=\"twitter:label1\" content=\"Predpokladan\u00fd \u010das \u010d\u00edtania\" \/>\n\t<meta name=\"twitter:data1\" content=\"1 min\u00fata\" \/>\n<script type=\"application\/ld+json\" class=\"yoast-schema-graph\">{\"@context\":\"https:\\\/\\\/schema.org\",\"@graph\":[{\"@type\":\"WebPage\",\"@id\":\"https:\\\/\\\/www.upjs.sk\\\/lekarska-fakulta\\\/informacie-pre-zaujemcov-o-studium\\\/akreditovane-studijne-programy\\\/\",\"url\":\"https:\\\/\\\/www.upjs.sk\\\/lekarska-fakulta\\\/informacie-pre-zaujemcov-o-studium\\\/akreditovane-studijne-programy\\\/\",\"name\":\"Akreditovan\u00e9 \u0161tudijn\u00e9 programy - Lek\u00e1rska fakulta | UPJ\u0160\",\"isPartOf\":{\"@id\":\"https:\\\/\\\/www.upjs.sk\\\/lekarska-fakulta\\\/#website\"},\"primaryImageOfPage\":{\"@id\":\"https:\\\/\\\/www.upjs.sk\\\/lekarska-fakulta\\\/informacie-pre-zaujemcov-o-studium\\\/akreditovane-studijne-programy\\\/#primaryimage\"},\"image\":{\"@id\":\"https:\\\/\\\/www.upjs.sk\\\/lekarska-fakulta\\\/informacie-pre-zaujemcov-o-studium\\\/akreditovane-studijne-programy\\\/#primaryimage\"},\"thumbnailUrl\":\"https:\\\/\\\/www.upjs.sk\\\/app\\\/uploads\\\/sites\\\/9\\\/2023\\\/01\\\/LF_SK-1024x263.png\",\"datePublished\":\"2023-01-30T21:41:54+00:00\",\"dateModified\":\"2025-10-02T05:12:50+00:00\",\"breadcrumb\":{\"@id\":\"https:\\\/\\\/www.upjs.sk\\\/lekarska-fakulta\\\/informacie-pre-zaujemcov-o-studium\\\/akreditovane-studijne-programy\\\/#breadcrumb\"},\"inLanguage\":\"sk-SK\",\"potentialAction\":[{\"@type\":\"ReadAction\",\"target\":[\"https:\\\/\\\/www.upjs.sk\\\/lekarska-fakulta\\\/informacie-pre-zaujemcov-o-studium\\\/akreditovane-studijne-programy\\\/\"]}]},{\"@type\":\"ImageObject\",\"inLanguage\":\"sk-SK\",\"@id\":\"https:\\\/\\\/www.upjs.sk\\\/lekarska-fakulta\\\/informacie-pre-zaujemcov-o-studium\\\/akreditovane-studijne-programy\\\/#primaryimage\",\"url\":\"https:\\\/\\\/www.upjs.sk\\\/app\\\/uploads\\\/sites\\\/9\\\/2023\\\/01\\\/LF_SK-1024x263.png\",\"contentUrl\":\"https:\\\/\\\/www.upjs.sk\\\/app\\\/uploads\\\/sites\\\/9\\\/2023\\\/01\\\/LF_SK-1024x263.png\"},{\"@type\":\"BreadcrumbList\",\"@id\":\"https:\\\/\\\/www.upjs.sk\\\/lekarska-fakulta\\\/informacie-pre-zaujemcov-o-studium\\\/akreditovane-studijne-programy\\\/#breadcrumb\",\"itemListElement\":[{\"@type\":\"ListItem\",\"position\":1,\"name\":\"Home\",\"item\":\"https:\\\/\\\/www.upjs.sk\\\/lekarska-fakulta\\\/\"},{\"@type\":\"ListItem\",\"position\":2,\"name\":\"Inform\u00e1cie pre z\u00e1ujemcov o \u0161t\u00fadium\",\"item\":\"https:\\\/\\\/www.upjs.sk\\\/lekarska-fakulta\\\/informacie-pre-zaujemcov-o-studium\\\/\"},{\"@type\":\"ListItem\",\"position\":3,\"name\":\"Akreditovan\u00e9 \u0161tudijn\u00e9 programy\"}]},{\"@type\":\"WebSite\",\"@id\":\"https:\\\/\\\/www.upjs.sk\\\/lekarska-fakulta\\\/#website\",\"url\":\"https:\\\/\\\/www.upjs.sk\\\/lekarska-fakulta\\\/\",\"name\":\"Lek\u00e1rska fakulta | UPJ\u0160\",\"description\":\"\",\"publisher\":{\"@id\":\"https:\\\/\\\/www.upjs.sk\\\/lekarska-fakulta\\\/#organization\"},\"potentialAction\":[{\"@type\":\"SearchAction\",\"target\":{\"@type\":\"EntryPoint\",\"urlTemplate\":\"https:\\\/\\\/www.upjs.sk\\\/lekarska-fakulta\\\/?s={search_term_string}\"},\"query-input\":{\"@type\":\"PropertyValueSpecification\",\"valueRequired\":true,\"valueName\":\"search_term_string\"}}],\"inLanguage\":\"sk-SK\"},{\"@type\":\"Organization\",\"@id\":\"https:\\\/\\\/www.upjs.sk\\\/lekarska-fakulta\\\/#organization\",\"name\":\"Lek\u00e1rska fakulta | UPJ\u0160\",\"url\":\"https:\\\/\\\/www.upjs.sk\\\/lekarska-fakulta\\\/\",\"logo\":{\"@type\":\"ImageObject\",\"inLanguage\":\"sk-SK\",\"@id\":\"https:\\\/\\\/www.upjs.sk\\\/lekarska-fakulta\\\/#\\\/schema\\\/logo\\\/image\\\/\",\"url\":\"https:\\\/\\\/www.upjs.sk\\\/app\\\/uploads\\\/sites\\\/9\\\/2022\\\/09\\\/logo-lekarska-fakulta.png\",\"contentUrl\":\"https:\\\/\\\/www.upjs.sk\\\/app\\\/uploads\\\/sites\\\/9\\\/2022\\\/09\\\/logo-lekarska-fakulta.png\",\"width\":415,\"height\":87,\"caption\":\"Lek\u00e1rska fakulta | UPJ\u0160\"},\"image\":{\"@id\":\"https:\\\/\\\/www.upjs.sk\\\/lekarska-fakulta\\\/#\\\/schema\\\/logo\\\/image\\\/\"}}]}<\/script>\n<!-- \/ Yoast SEO plugin. -->","yoast_head_json":{"title":"Akreditovan\u00e9 \u0161tudijn\u00e9 programy - Lek\u00e1rska fakulta | UPJ\u0160","robots":{"index":"index","follow":"follow","max-snippet":"max-snippet:-1","max-image-preview":"max-image-preview:large","max-video-preview":"max-video-preview:-1"},"canonical":"https:\/\/www.upjs.sk\/lekarska-fakulta\/informacie-pre-zaujemcov-o-studium\/akreditovane-studijne-programy\/","og_locale":"sk_SK","og_type":"article","og_title":"Akreditovan\u00e9 \u0161tudijn\u00e9 programy - Lek\u00e1rska fakulta | UPJ\u0160","og_description":"Rozhoduje\u0161 sa kam a \u010do \u00eds\u0165 \u0161tudova\u0165? H\u013ead\u00e1\u0161 vhodn\u00fd \u0161tudijn\u00fd program? Chce\u0161 sa uplatni\u0165 v oblasti medic\u00edny a starostlivosti o zdravie? Vitaj teda na na\u0161ich str\u00e1nkach a za\u010dni t\u00fdm, \u017ee si pozrie\u0161 zoznam akreditovan\u00fdch \u0161tudijn\u00fdch programov Lek\u00e1rskej fakulty UPJ\u0160 v Ko\u0161iciach.","og_url":"https:\/\/www.upjs.sk\/lekarska-fakulta\/informacie-pre-zaujemcov-o-studium\/akreditovane-studijne-programy\/","og_site_name":"Lek\u00e1rska fakulta | UPJ\u0160","article_modified_time":"2025-10-02T05:12:50+00:00","og_image":[{"width":1171,"height":301,"url":"https:\/\/www.upjs.sk\/app\/uploads\/sites\/9\/2023\/01\/LF_SK.png","type":"image\/png"}],"twitter_card":"summary_large_image","twitter_misc":{"Predpokladan\u00fd \u010das \u010d\u00edtania":"1 min\u00fata"},"schema":{"@context":"https:\/\/schema.org","@graph":[{"@type":"WebPage","@id":"https:\/\/www.upjs.sk\/lekarska-fakulta\/informacie-pre-zaujemcov-o-studium\/akreditovane-studijne-programy\/","url":"https:\/\/www.upjs.sk\/lekarska-fakulta\/informacie-pre-zaujemcov-o-studium\/akreditovane-studijne-programy\/","name":"Akreditovan\u00e9 \u0161tudijn\u00e9 programy - Lek\u00e1rska fakulta | UPJ\u0160","isPartOf":{"@id":"https:\/\/www.upjs.sk\/lekarska-fakulta\/#website"},"primaryImageOfPage":{"@id":"https:\/\/www.upjs.sk\/lekarska-fakulta\/informacie-pre-zaujemcov-o-studium\/akreditovane-studijne-programy\/#primaryimage"},"image":{"@id":"https:\/\/www.upjs.sk\/lekarska-fakulta\/informacie-pre-zaujemcov-o-studium\/akreditovane-studijne-programy\/#primaryimage"},"thumbnailUrl":"https:\/\/www.upjs.sk\/app\/uploads\/sites\/9\/2023\/01\/LF_SK-1024x263.png","datePublished":"2023-01-30T21:41:54+00:00","dateModified":"2025-10-02T05:12:50+00:00","breadcrumb":{"@id":"https:\/\/www.upjs.sk\/lekarska-fakulta\/informacie-pre-zaujemcov-o-studium\/akreditovane-studijne-programy\/#breadcrumb"},"inLanguage":"sk-SK","potentialAction":[{"@type":"ReadAction","target":["https:\/\/www.upjs.sk\/lekarska-fakulta\/informacie-pre-zaujemcov-o-studium\/akreditovane-studijne-programy\/"]}]},{"@type":"ImageObject","inLanguage":"sk-SK","@id":"https:\/\/www.upjs.sk\/lekarska-fakulta\/informacie-pre-zaujemcov-o-studium\/akreditovane-studijne-programy\/#primaryimage","url":"https:\/\/www.upjs.sk\/app\/uploads\/sites\/9\/2023\/01\/LF_SK-1024x263.png","contentUrl":"https:\/\/www.upjs.sk\/app\/uploads\/sites\/9\/2023\/01\/LF_SK-1024x263.png"},{"@type":"BreadcrumbList","@id":"https:\/\/www.upjs.sk\/lekarska-fakulta\/informacie-pre-zaujemcov-o-studium\/akreditovane-studijne-programy\/#breadcrumb","itemListElement":[{"@type":"ListItem","position":1,"name":"Home","item":"https:\/\/www.upjs.sk\/lekarska-fakulta\/"},{"@type":"ListItem","position":2,"name":"Inform\u00e1cie pre z\u00e1ujemcov o \u0161t\u00fadium","item":"https:\/\/www.upjs.sk\/lekarska-fakulta\/informacie-pre-zaujemcov-o-studium\/"},{"@type":"ListItem","position":3,"name":"Akreditovan\u00e9 \u0161tudijn\u00e9 programy"}]},{"@type":"WebSite","@id":"https:\/\/www.upjs.sk\/lekarska-fakulta\/#website","url":"https:\/\/www.upjs.sk\/lekarska-fakulta\/","name":"Lek\u00e1rska fakulta | UPJ\u0160","description":"","publisher":{"@id":"https:\/\/www.upjs.sk\/lekarska-fakulta\/#organization"},"potentialAction":[{"@type":"SearchAction","target":{"@type":"EntryPoint","urlTemplate":"https:\/\/www.upjs.sk\/lekarska-fakulta\/?s={search_term_string}"},"query-input":{"@type":"PropertyValueSpecification","valueRequired":true,"valueName":"search_term_string"}}],"inLanguage":"sk-SK"},{"@type":"Organization","@id":"https:\/\/www.upjs.sk\/lekarska-fakulta\/#organization","name":"Lek\u00e1rska fakulta | UPJ\u0160","url":"https:\/\/www.upjs.sk\/lekarska-fakulta\/","logo":{"@type":"ImageObject","inLanguage":"sk-SK","@id":"https:\/\/www.upjs.sk\/lekarska-fakulta\/#\/schema\/logo\/image\/","url":"https:\/\/www.upjs.sk\/app\/uploads\/sites\/9\/2022\/09\/logo-lekarska-fakulta.png","contentUrl":"https:\/\/www.upjs.sk\/app\/uploads\/sites\/9\/2022\/09\/logo-lekarska-fakulta.png","width":415,"height":87,"caption":"Lek\u00e1rska fakulta | UPJ\u0160"},"image":{"@id":"https:\/\/www.upjs.sk\/lekarska-fakulta\/#\/schema\/logo\/image\/"}}]}},"_links":{"self":[{"href":"https:\/\/www.upjs.sk\/lekarska-fakulta\/wp-json\/wp\/v2\/pages\/13042","targetHints":{"allow":["GET"]}}],"collection":[{"href":"https:\/\/www.upjs.sk\/lekarska-fakulta\/wp-json\/wp\/v2\/pages"}],"about":[{"href":"https:\/\/www.upjs.sk\/lekarska-fakulta\/wp-json\/wp\/v2\/types\/page"}],"author":[{"embeddable":true,"href":"https:\/\/www.upjs.sk\/lekarska-fakulta\/wp-json\/wp\/v2\/users\/1"}],"replies":[{"embeddable":true,"href":"https:\/\/www.upjs.sk\/lekarska-fakulta\/wp-json\/wp\/v2\/comments?post=13042"}],"version-history":[{"count":10,"href":"https:\/\/www.upjs.sk\/lekarska-fakulta\/wp-json\/wp\/v2\/pages\/13042\/revisions"}],"predecessor-version":[{"id":145553,"href":"https:\/\/www.upjs.sk\/lekarska-fakulta\/wp-json\/wp\/v2\/pages\/13042\/revisions\/145553"}],"up":[{"embeddable":true,"href":"https:\/\/www.upjs.sk\/lekarska-fakulta\/wp-json\/wp\/v2\/pages\/12979"}],"wp:attachment":[{"href":"https:\/\/www.upjs.sk\/lekarska-fakulta\/wp-json\/wp\/v2\/media?parent=13042"}],"wp:term":[{"taxonomy":"category","embeddable":true,"href":"https:\/\/www.upjs.sk\/lekarska-fakulta\/wp-json\/wp\/v2\/categories?post=13042"},{"taxonomy":"post_tag","embeddable":true,"href":"https:\/\/www.upjs.sk\/lekarska-fakulta\/wp-json\/wp\/v2\/tags?post=13042"}],"curies":[{"name":"wp","href":"https:\/\/api.w.org\/{rel}","templated":true}]}}