{"id":13085,"date":"2023-02-01T02:22:15","date_gmt":"2023-02-01T01:22:15","guid":{"rendered":"https:\/\/www.upjs.sk\/lekarska-fakulta\/root\/informacie-pre-zamestnancov\/terminy-zasadnuti\/"},"modified":"2023-03-07T11:31:21","modified_gmt":"2023-03-07T10:31:21","slug":"terminy-zasadnuti-organov-fakulty","status":"publish","type":"page","link":"https:\/\/www.upjs.sk\/lekarska-fakulta\/informacie-pre-zamestnancov\/terminy-zasadnuti-organov-fakulty\/","title":{"rendered":"Term\u00edny zasadnut\u00ed org\u00e1nov fakulty"},"content":{"rendered":"\n<div class=\"wp-block-group is-content-justification-left is-layout-flex wp-container-core-group-is-layout-76ea2f42 wp-block-group-is-layout-flex\"><style>.wp-block-kadence-column.kb-section-dir-horizontal > .kt-inside-inner-col > .kt-info-box_e57071-23{max-width:350px;}.wp-block-kadence-column.kb-section-dir-horizontal > .kt-inside-inner-col > .kt-info-box_e57071-23 .kt-blocks-info-box-link-wrap{max-width:unset;}.kt-info-box_e57071-23 .kt-blocks-info-box-link-wrap{border-bottom:6px solid #C19152;border-top-left-radius:0px;border-top-right-radius:0px;border-bottom-right-radius:0px;border-bottom-left-radius:0px;background:#C92432;max-width:350px;padding-top:24px;padding-right:24px;padding-bottom:24px;padding-left:24px;margin-bottom:6px;}.kt-info-box_e57071-23 .kt-blocks-info-box-link-wrap:hover{border-bottom:6px solid #C92432;background:#ffffff;}.kt-info-box_e57071-23 .kadence-info-box-icon-container .kt-info-svg-icon, .kt-info-box_e57071-23 .kt-info-svg-icon-flip, .kt-info-box_e57071-23 .kt-blocks-info-box-number{font-size:50px;}.kt-info-box_e57071-23 .kt-blocks-info-box-media{color:#ffffff;background:rgba(255,255,255,0);border-color:#ffffff;border-radius:200px;overflow:hidden;border-top-width:2px;border-right-width:2px;border-bottom-width:2px;border-left-width:2px;padding-top:20px;padding-right:20px;padding-bottom:20px;padding-left:20px;margin-top:0px;margin-right:20px;margin-bottom:0px;margin-left:0px;}.kt-info-box_e57071-23 .kt-blocks-info-box-media .kadence-info-box-image-intrisic img{border-radius:200px;}.kt-info-box_e57071-23 .kt-blocks-info-box-link-wrap:hover .kt-blocks-info-box-media{color:#000000;background:rgba(255,255,255,0);border-color:#D6D6D6;}.kt-info-box_e57071-23 .kt-infobox-textcontent h5.kt-blocks-info-box-title{color:#000000;padding-top:0px;padding-right:0px;padding-bottom:0px;padding-left:0px;margin-top:5px;margin-right:0px;margin-bottom:10px;margin-left:0px;}.kt-info-box_e57071-23 .kt-blocks-info-box-link-wrap:hover h5.kt-blocks-info-box-title{color:#ffffff;}.kt-info-box_e57071-23 .kt-infobox-textcontent .kt-blocks-info-box-text{color:#ffffff;}.kt-info-box_e57071-23 .kt-blocks-info-box-link-wrap:hover .kt-blocks-info-box-text{color:#000000;}.kt-info-box_e57071-23 .kt-blocks-info-box-learnmore{background:transparent;border-color:#555555;border-width:0px 0px 0px 0px;padding-top:4px;padding-right:8px;padding-bottom:4px;padding-left:8px;margin-top:10px;margin-right:0px;margin-bottom:10px;margin-left:0px;}.kt-info-box_e57071-23 .kt-blocks-info-box-link-wrap:hover .kt-blocks-info-box-learnmore,.kt-info-box_e57071-23 .kt-blocks-info-box-link-wrap .kt-blocks-info-box-learnmore:focus{color:#ffffff;background:#444444;border-color:#444444;}.kt-info-box_e57071-23 .kt-blocks-info-box-link-wrap{box-shadow:0px 0px 0px 0px #D6D6D6;}.kt-info-box_e57071-23 .kt-blocks-info-box-link-wrap:hover{box-shadow:0px 0px 14px 0px #D6D6D6;}@media all and (max-width: 1024px){.kt-info-box_e57071-23 .kt-blocks-info-box-link-wrap{border-bottom:6px solid #C19152;box-shadow:0px 0px 0px 0px #D6D6D6;}}@media all and (max-width: 1024px){.kt-info-box_e57071-23 .kt-blocks-info-box-link-wrap:hover{border-bottom:6px solid #C92432;box-shadow:0px 0px 14px 0px #D6D6D6;}}@media all and (max-width: 767px){.kt-info-box_e57071-23 .kt-blocks-info-box-link-wrap{border-bottom:6px solid #C19152;box-shadow:0px 0px 0px 0px #D6D6D6;}.kt-info-box_e57071-23 .kt-blocks-info-box-link-wrap:hover{border-bottom:6px solid #C92432;box-shadow:0px 0px 14px 0px #D6D6D6;}}<\/style>\n<div class=\"wp-block-kadence-infobox kt-info-box_e57071-23\"><a class=\"kt-blocks-info-box-link-wrap info-box-link kt-blocks-info-box-media-align-left kt-info-halign-left\" href=\"https:\/\/www.upjs.sk\/lekarska-fakulta\/fakulta\/organy-fakulty\/vedenie-fakulty-kolegium-dekana\/terminy-zasadnuti-vedenia-fakulty\/\"><div class=\"kt-blocks-info-box-media-container\"><div class=\"kt-blocks-info-box-media kt-info-media-animate-none\"><div class=\"kadence-info-box-icon-container kt-info-icon-animate-none\"><div class=\"kadence-info-box-icon-inner-container\"><span class=\"kb-svg-icon-wrap kb-svg-icon-fe_calendar kt-info-svg-icon\"><svg viewBox=\"0 0 24 24\"  fill=\"none\" stroke=\"currentColor\" stroke-width=\"2\" stroke-linecap=\"round\" stroke-linejoin=\"round\" xmlns=\"http:\/\/www.w3.org\/2000\/svg\"  aria-hidden=\"true\"><rect x=\"3\" y=\"4\" width=\"18\" height=\"18\" rx=\"2\" ry=\"2\"\/><line x1=\"16\" y1=\"2\" x2=\"16\" y2=\"6\"\/><line x1=\"8\" y1=\"2\" x2=\"8\" y2=\"6\"\/><line x1=\"3\" y1=\"10\" x2=\"21\" y2=\"10\"\/><\/svg><\/span><\/div><\/div><\/div><\/div><div class=\"kt-infobox-textcontent\"><p class=\"kt-blocks-info-box-text\">Term\u00edny zasadnut\u00ed <strong>Vedenia fakulty a Kol\u00e9gia dekana<\/strong><\/p><\/div><\/a><\/div>\n\n\n<style>.wp-block-kadence-column.kb-section-dir-horizontal > .kt-inside-inner-col > .kt-info-box_fbdd96-65{max-width:350px;}.wp-block-kadence-column.kb-section-dir-horizontal > .kt-inside-inner-col > .kt-info-box_fbdd96-65 .kt-blocks-info-box-link-wrap{max-width:unset;}.kt-info-box_fbdd96-65 .kt-blocks-info-box-link-wrap{border-bottom:6px solid #C19152;border-top-left-radius:0px;border-top-right-radius:0px;border-bottom-right-radius:0px;border-bottom-left-radius:0px;background:#C92432;max-width:350px;padding-top:24px;padding-right:24px;padding-bottom:24px;padding-left:24px;margin-bottom:6px;}.kt-info-box_fbdd96-65 .kt-blocks-info-box-link-wrap:hover{border-bottom:6px solid #C92432;background:#ffffff;}.kt-info-box_fbdd96-65 .kadence-info-box-icon-container .kt-info-svg-icon, .kt-info-box_fbdd96-65 .kt-info-svg-icon-flip, .kt-info-box_fbdd96-65 .kt-blocks-info-box-number{font-size:50px;}.kt-info-box_fbdd96-65 .kt-blocks-info-box-media{color:#ffffff;background:rgba(255,255,255,0);border-color:#ffffff;border-radius:200px;overflow:hidden;border-top-width:2px;border-right-width:2px;border-bottom-width:2px;border-left-width:2px;padding-top:20px;padding-right:20px;padding-bottom:20px;padding-left:20px;margin-top:0px;margin-right:20px;margin-bottom:0px;margin-left:0px;}.kt-info-box_fbdd96-65 .kt-blocks-info-box-media .kadence-info-box-image-intrisic img{border-radius:200px;}.kt-info-box_fbdd96-65 .kt-blocks-info-box-link-wrap:hover .kt-blocks-info-box-media{color:#000000;background:rgba(255,255,255,0);border-color:#D6D6D6;}.kt-info-box_fbdd96-65 .kt-infobox-textcontent h5.kt-blocks-info-box-title{color:#000000;padding-top:0px;padding-right:0px;padding-bottom:0px;padding-left:0px;margin-top:5px;margin-right:0px;margin-bottom:10px;margin-left:0px;}.kt-info-box_fbdd96-65 .kt-blocks-info-box-link-wrap:hover h5.kt-blocks-info-box-title{color:#ffffff;}.kt-info-box_fbdd96-65 .kt-infobox-textcontent .kt-blocks-info-box-text{color:#ffffff;}.kt-info-box_fbdd96-65 .kt-blocks-info-box-link-wrap:hover .kt-blocks-info-box-text{color:#000000;}.kt-info-box_fbdd96-65 .kt-blocks-info-box-learnmore{background:transparent;border-color:#555555;border-width:0px 0px 0px 0px;padding-top:4px;padding-right:8px;padding-bottom:4px;padding-left:8px;margin-top:10px;margin-right:0px;margin-bottom:10px;margin-left:0px;}.kt-info-box_fbdd96-65 .kt-blocks-info-box-link-wrap:hover .kt-blocks-info-box-learnmore,.kt-info-box_fbdd96-65 .kt-blocks-info-box-link-wrap .kt-blocks-info-box-learnmore:focus{color:#ffffff;background:#444444;border-color:#444444;}.kt-info-box_fbdd96-65 .kt-blocks-info-box-link-wrap{box-shadow:0px 0px 0px 0px #D6D6D6;}.kt-info-box_fbdd96-65 .kt-blocks-info-box-link-wrap:hover{box-shadow:0px 0px 14px 0px #D6D6D6;}@media all and (max-width: 1024px){.kt-info-box_fbdd96-65 .kt-blocks-info-box-link-wrap{border-bottom:6px solid #C19152;box-shadow:0px 0px 0px 0px #D6D6D6;}}@media all and (max-width: 1024px){.kt-info-box_fbdd96-65 .kt-blocks-info-box-link-wrap:hover{border-bottom:6px solid #C92432;box-shadow:0px 0px 14px 0px #D6D6D6;}}@media all and (max-width: 767px){.kt-info-box_fbdd96-65 .kt-blocks-info-box-link-wrap{border-bottom:6px solid #C19152;box-shadow:0px 0px 0px 0px #D6D6D6;}.kt-info-box_fbdd96-65 .kt-blocks-info-box-link-wrap:hover{border-bottom:6px solid #C92432;box-shadow:0px 0px 14px 0px #D6D6D6;}}<\/style>\n<div class=\"wp-block-kadence-infobox kt-info-box_fbdd96-65\"><a class=\"kt-blocks-info-box-link-wrap info-box-link kt-blocks-info-box-media-align-left kt-info-halign-left\" href=\"https:\/\/www.upjs.sk\/lekarska-fakulta\/fakulta\/organy-fakulty\/akademicky-senat\/terminy-zasadnuti\/\"><div class=\"kt-blocks-info-box-media-container\"><div class=\"kt-blocks-info-box-media kt-info-media-animate-none\"><div class=\"kadence-info-box-icon-container kt-info-icon-animate-none\"><div class=\"kadence-info-box-icon-inner-container\"><span class=\"kb-svg-icon-wrap kb-svg-icon-fe_calendar kt-info-svg-icon\"><svg viewBox=\"0 0 24 24\"  fill=\"none\" stroke=\"currentColor\" stroke-width=\"2\" stroke-linecap=\"round\" stroke-linejoin=\"round\" xmlns=\"http:\/\/www.w3.org\/2000\/svg\"  aria-hidden=\"true\"><rect x=\"3\" y=\"4\" width=\"18\" height=\"18\" rx=\"2\" ry=\"2\"\/><line x1=\"16\" y1=\"2\" x2=\"16\" y2=\"6\"\/><line x1=\"8\" y1=\"2\" x2=\"8\" y2=\"6\"\/><line x1=\"3\" y1=\"10\" x2=\"21\" y2=\"10\"\/><\/svg><\/span><\/div><\/div><\/div><\/div><div class=\"kt-infobox-textcontent\"><p class=\"kt-blocks-info-box-text\">Term\u00edny zasadnut\u00ed <strong>Akademick\u00e9ho sen\u00e1tu<\/strong><\/p><\/div><\/a><\/div>\n\n\n<style>.wp-block-kadence-column.kb-section-dir-horizontal > .kt-inside-inner-col > .kt-info-box_2190cb-e2{max-width:350px;}.wp-block-kadence-column.kb-section-dir-horizontal > .kt-inside-inner-col > .kt-info-box_2190cb-e2 .kt-blocks-info-box-link-wrap{max-width:unset;}.kt-info-box_2190cb-e2 .kt-blocks-info-box-link-wrap{border-bottom:6px solid #C19152;border-top-left-radius:0px;border-top-right-radius:0px;border-bottom-right-radius:0px;border-bottom-left-radius:0px;background:#C92432;max-width:350px;padding-top:24px;padding-right:24px;padding-bottom:24px;padding-left:24px;margin-bottom:6px;}.kt-info-box_2190cb-e2 .kt-blocks-info-box-link-wrap:hover{border-bottom:6px solid #C92432;background:#ffffff;}.kt-info-box_2190cb-e2 .kadence-info-box-icon-container .kt-info-svg-icon, .kt-info-box_2190cb-e2 .kt-info-svg-icon-flip, .kt-info-box_2190cb-e2 .kt-blocks-info-box-number{font-size:50px;}.kt-info-box_2190cb-e2 .kt-blocks-info-box-media{color:#ffffff;background:rgba(255,255,255,0);border-color:#ffffff;border-radius:200px;overflow:hidden;border-top-width:2px;border-right-width:2px;border-bottom-width:2px;border-left-width:2px;padding-top:20px;padding-right:20px;padding-bottom:20px;padding-left:20px;margin-top:0px;margin-right:20px;margin-bottom:0px;margin-left:0px;}.kt-info-box_2190cb-e2 .kt-blocks-info-box-media .kadence-info-box-image-intrisic img{border-radius:200px;}.kt-info-box_2190cb-e2 .kt-blocks-info-box-link-wrap:hover .kt-blocks-info-box-media{color:#000000;background:rgba(255,255,255,0);border-color:#D6D6D6;}.kt-info-box_2190cb-e2 .kt-infobox-textcontent h5.kt-blocks-info-box-title{color:#000000;padding-top:0px;padding-right:0px;padding-bottom:0px;padding-left:0px;margin-top:5px;margin-right:0px;margin-bottom:10px;margin-left:0px;}.kt-info-box_2190cb-e2 .kt-blocks-info-box-link-wrap:hover h5.kt-blocks-info-box-title{color:#ffffff;}.kt-info-box_2190cb-e2 .kt-infobox-textcontent .kt-blocks-info-box-text{color:#ffffff;}.kt-info-box_2190cb-e2 .kt-blocks-info-box-link-wrap:hover .kt-blocks-info-box-text{color:#000000;}.kt-info-box_2190cb-e2 .kt-blocks-info-box-learnmore{background:transparent;border-color:#555555;border-width:0px 0px 0px 0px;padding-top:4px;padding-right:8px;padding-bottom:4px;padding-left:8px;margin-top:10px;margin-right:0px;margin-bottom:10px;margin-left:0px;}.kt-info-box_2190cb-e2 .kt-blocks-info-box-link-wrap:hover .kt-blocks-info-box-learnmore,.kt-info-box_2190cb-e2 .kt-blocks-info-box-link-wrap .kt-blocks-info-box-learnmore:focus{color:#ffffff;background:#444444;border-color:#444444;}.kt-info-box_2190cb-e2 .kt-blocks-info-box-link-wrap{box-shadow:0px 0px 0px 0px #D6D6D6;}.kt-info-box_2190cb-e2 .kt-blocks-info-box-link-wrap:hover{box-shadow:0px 0px 14px 0px #D6D6D6;}@media all and (max-width: 1024px){.kt-info-box_2190cb-e2 .kt-blocks-info-box-link-wrap{border-bottom:6px solid #C19152;box-shadow:0px 0px 0px 0px #D6D6D6;}}@media all and (max-width: 1024px){.kt-info-box_2190cb-e2 .kt-blocks-info-box-link-wrap:hover{border-bottom:6px solid #C92432;box-shadow:0px 0px 14px 0px #D6D6D6;}}@media all and (max-width: 767px){.kt-info-box_2190cb-e2 .kt-blocks-info-box-link-wrap{border-bottom:6px solid #C19152;box-shadow:0px 0px 0px 0px #D6D6D6;}.kt-info-box_2190cb-e2 .kt-blocks-info-box-link-wrap:hover{border-bottom:6px solid #C92432;box-shadow:0px 0px 14px 0px #D6D6D6;}}<\/style>\n<div class=\"wp-block-kadence-infobox kt-info-box_2190cb-e2\"><a class=\"kt-blocks-info-box-link-wrap info-box-link kt-blocks-info-box-media-align-left kt-info-halign-left\" href=\"https:\/\/www.upjs.sk\/lekarska-fakulta\/fakulta\/organy-fakulty\/vedecka-rada\/terminy-zasadnuti-vr\/\"><div class=\"kt-blocks-info-box-media-container\"><div class=\"kt-blocks-info-box-media kt-info-media-animate-none\"><div class=\"kadence-info-box-icon-container kt-info-icon-animate-none\"><div class=\"kadence-info-box-icon-inner-container\"><span class=\"kb-svg-icon-wrap kb-svg-icon-fe_calendar kt-info-svg-icon\"><svg viewBox=\"0 0 24 24\"  fill=\"none\" stroke=\"currentColor\" stroke-width=\"2\" stroke-linecap=\"round\" stroke-linejoin=\"round\" xmlns=\"http:\/\/www.w3.org\/2000\/svg\"  aria-hidden=\"true\"><rect x=\"3\" y=\"4\" width=\"18\" height=\"18\" rx=\"2\" ry=\"2\"\/><line x1=\"16\" y1=\"2\" x2=\"16\" y2=\"6\"\/><line x1=\"8\" y1=\"2\" x2=\"8\" y2=\"6\"\/><line x1=\"3\" y1=\"10\" x2=\"21\" y2=\"10\"\/><\/svg><\/span><\/div><\/div><\/div><\/div><div class=\"kt-infobox-textcontent\"><p class=\"kt-blocks-info-box-text\">Term\u00edny zasadnut\u00ed <strong>Vedeckej rady<\/strong><\/p><\/div><\/a><\/div>\n<\/div>\n","protected":false},"excerpt":{"rendered":"","protected":false},"author":1,"featured_media":0,"parent":13078,"menu_order":0,"comment_status":"closed","ping_status":"closed","template":"","meta":{"_acf_changed":false,"_editorskit_title_hidden":false,"_editorskit_reading_time":1,"_editorskit_is_block_options_detached":false,"_editorskit_block_options_position":"{}","footnotes":""},"categories":[],"tags":[],"class_list":["post-13085","page","type-page","status-publish","hentry"],"acf":{"acf_link_na_externy_obsah":""},"yoast_head":"<!-- This site is optimized with the Yoast SEO plugin v27.4 - https:\/\/yoast.com\/product\/yoast-seo-wordpress\/ -->\n<title>Term\u00edny zasadnut\u00ed org\u00e1nov fakulty - Lek\u00e1rska fakulta | UPJ\u0160<\/title>\n<meta name=\"robots\" content=\"index, follow, max-snippet:-1, max-image-preview:large, max-video-preview:-1\" \/>\n<link rel=\"canonical\" href=\"https:\/\/www.upjs.sk\/lekarska-fakulta\/informacie-pre-zamestnancov\/terminy-zasadnuti-organov-fakulty\/\" \/>\n<meta property=\"og:locale\" content=\"sk_SK\" \/>\n<meta property=\"og:type\" content=\"article\" \/>\n<meta property=\"og:title\" content=\"Term\u00edny zasadnut\u00ed org\u00e1nov fakulty - Lek\u00e1rska fakulta | UPJ\u0160\" \/>\n<meta property=\"og:url\" content=\"https:\/\/www.upjs.sk\/lekarska-fakulta\/informacie-pre-zamestnancov\/terminy-zasadnuti-organov-fakulty\/\" \/>\n<meta property=\"og:site_name\" content=\"Lek\u00e1rska fakulta | UPJ\u0160\" \/>\n<meta property=\"article:modified_time\" content=\"2023-03-07T10:31:21+00:00\" \/>\n<meta name=\"twitter:card\" content=\"summary_large_image\" \/>\n<meta name=\"twitter:label1\" content=\"Predpokladan\u00fd \u010das \u010d\u00edtania\" \/>\n\t<meta name=\"twitter:data1\" content=\"1 min\u00fata\" \/>\n<script type=\"application\/ld+json\" class=\"yoast-schema-graph\">{\"@context\":\"https:\\\/\\\/schema.org\",\"@graph\":[{\"@type\":\"WebPage\",\"@id\":\"https:\\\/\\\/www.upjs.sk\\\/lekarska-fakulta\\\/informacie-pre-zamestnancov\\\/terminy-zasadnuti-organov-fakulty\\\/\",\"url\":\"https:\\\/\\\/www.upjs.sk\\\/lekarska-fakulta\\\/informacie-pre-zamestnancov\\\/terminy-zasadnuti-organov-fakulty\\\/\",\"name\":\"Term\u00edny zasadnut\u00ed org\u00e1nov fakulty - Lek\u00e1rska fakulta | UPJ\u0160\",\"isPartOf\":{\"@id\":\"https:\\\/\\\/www.upjs.sk\\\/lekarska-fakulta\\\/#website\"},\"datePublished\":\"2023-02-01T01:22:15+00:00\",\"dateModified\":\"2023-03-07T10:31:21+00:00\",\"breadcrumb\":{\"@id\":\"https:\\\/\\\/www.upjs.sk\\\/lekarska-fakulta\\\/informacie-pre-zamestnancov\\\/terminy-zasadnuti-organov-fakulty\\\/#breadcrumb\"},\"inLanguage\":\"sk-SK\",\"potentialAction\":[{\"@type\":\"ReadAction\",\"target\":[\"https:\\\/\\\/www.upjs.sk\\\/lekarska-fakulta\\\/informacie-pre-zamestnancov\\\/terminy-zasadnuti-organov-fakulty\\\/\"]}]},{\"@type\":\"BreadcrumbList\",\"@id\":\"https:\\\/\\\/www.upjs.sk\\\/lekarska-fakulta\\\/informacie-pre-zamestnancov\\\/terminy-zasadnuti-organov-fakulty\\\/#breadcrumb\",\"itemListElement\":[{\"@type\":\"ListItem\",\"position\":1,\"name\":\"Home\",\"item\":\"https:\\\/\\\/www.upjs.sk\\\/lekarska-fakulta\\\/\"},{\"@type\":\"ListItem\",\"position\":2,\"name\":\"Inform\u00e1cie pre zamestnancov\",\"item\":\"https:\\\/\\\/www.upjs.sk\\\/lekarska-fakulta\\\/informacie-pre-zamestnancov\\\/\"},{\"@type\":\"ListItem\",\"position\":3,\"name\":\"Term\u00edny zasadnut\u00ed org\u00e1nov fakulty\"}]},{\"@type\":\"WebSite\",\"@id\":\"https:\\\/\\\/www.upjs.sk\\\/lekarska-fakulta\\\/#website\",\"url\":\"https:\\\/\\\/www.upjs.sk\\\/lekarska-fakulta\\\/\",\"name\":\"Lek\u00e1rska fakulta | UPJ\u0160\",\"description\":\"\",\"publisher\":{\"@id\":\"https:\\\/\\\/www.upjs.sk\\\/lekarska-fakulta\\\/#organization\"},\"potentialAction\":[{\"@type\":\"SearchAction\",\"target\":{\"@type\":\"EntryPoint\",\"urlTemplate\":\"https:\\\/\\\/www.upjs.sk\\\/lekarska-fakulta\\\/?s={search_term_string}\"},\"query-input\":{\"@type\":\"PropertyValueSpecification\",\"valueRequired\":true,\"valueName\":\"search_term_string\"}}],\"inLanguage\":\"sk-SK\"},{\"@type\":\"Organization\",\"@id\":\"https:\\\/\\\/www.upjs.sk\\\/lekarska-fakulta\\\/#organization\",\"name\":\"Lek\u00e1rska fakulta | UPJ\u0160\",\"url\":\"https:\\\/\\\/www.upjs.sk\\\/lekarska-fakulta\\\/\",\"logo\":{\"@type\":\"ImageObject\",\"inLanguage\":\"sk-SK\",\"@id\":\"https:\\\/\\\/www.upjs.sk\\\/lekarska-fakulta\\\/#\\\/schema\\\/logo\\\/image\\\/\",\"url\":\"https:\\\/\\\/www.upjs.sk\\\/app\\\/uploads\\\/sites\\\/9\\\/2022\\\/09\\\/logo-lekarska-fakulta.png\",\"contentUrl\":\"https:\\\/\\\/www.upjs.sk\\\/app\\\/uploads\\\/sites\\\/9\\\/2022\\\/09\\\/logo-lekarska-fakulta.png\",\"width\":415,\"height\":87,\"caption\":\"Lek\u00e1rska fakulta | UPJ\u0160\"},\"image\":{\"@id\":\"https:\\\/\\\/www.upjs.sk\\\/lekarska-fakulta\\\/#\\\/schema\\\/logo\\\/image\\\/\"}}]}<\/script>\n<!-- \/ Yoast SEO plugin. -->","yoast_head_json":{"title":"Term\u00edny zasadnut\u00ed org\u00e1nov fakulty - Lek\u00e1rska fakulta | UPJ\u0160","robots":{"index":"index","follow":"follow","max-snippet":"max-snippet:-1","max-image-preview":"max-image-preview:large","max-video-preview":"max-video-preview:-1"},"canonical":"https:\/\/www.upjs.sk\/lekarska-fakulta\/informacie-pre-zamestnancov\/terminy-zasadnuti-organov-fakulty\/","og_locale":"sk_SK","og_type":"article","og_title":"Term\u00edny zasadnut\u00ed org\u00e1nov fakulty - Lek\u00e1rska fakulta | UPJ\u0160","og_url":"https:\/\/www.upjs.sk\/lekarska-fakulta\/informacie-pre-zamestnancov\/terminy-zasadnuti-organov-fakulty\/","og_site_name":"Lek\u00e1rska fakulta | UPJ\u0160","article_modified_time":"2023-03-07T10:31:21+00:00","twitter_card":"summary_large_image","twitter_misc":{"Predpokladan\u00fd \u010das \u010d\u00edtania":"1 min\u00fata"},"schema":{"@context":"https:\/\/schema.org","@graph":[{"@type":"WebPage","@id":"https:\/\/www.upjs.sk\/lekarska-fakulta\/informacie-pre-zamestnancov\/terminy-zasadnuti-organov-fakulty\/","url":"https:\/\/www.upjs.sk\/lekarska-fakulta\/informacie-pre-zamestnancov\/terminy-zasadnuti-organov-fakulty\/","name":"Term\u00edny zasadnut\u00ed org\u00e1nov fakulty - Lek\u00e1rska fakulta | UPJ\u0160","isPartOf":{"@id":"https:\/\/www.upjs.sk\/lekarska-fakulta\/#website"},"datePublished":"2023-02-01T01:22:15+00:00","dateModified":"2023-03-07T10:31:21+00:00","breadcrumb":{"@id":"https:\/\/www.upjs.sk\/lekarska-fakulta\/informacie-pre-zamestnancov\/terminy-zasadnuti-organov-fakulty\/#breadcrumb"},"inLanguage":"sk-SK","potentialAction":[{"@type":"ReadAction","target":["https:\/\/www.upjs.sk\/lekarska-fakulta\/informacie-pre-zamestnancov\/terminy-zasadnuti-organov-fakulty\/"]}]},{"@type":"BreadcrumbList","@id":"https:\/\/www.upjs.sk\/lekarska-fakulta\/informacie-pre-zamestnancov\/terminy-zasadnuti-organov-fakulty\/#breadcrumb","itemListElement":[{"@type":"ListItem","position":1,"name":"Home","item":"https:\/\/www.upjs.sk\/lekarska-fakulta\/"},{"@type":"ListItem","position":2,"name":"Inform\u00e1cie pre zamestnancov","item":"https:\/\/www.upjs.sk\/lekarska-fakulta\/informacie-pre-zamestnancov\/"},{"@type":"ListItem","position":3,"name":"Term\u00edny zasadnut\u00ed org\u00e1nov fakulty"}]},{"@type":"WebSite","@id":"https:\/\/www.upjs.sk\/lekarska-fakulta\/#website","url":"https:\/\/www.upjs.sk\/lekarska-fakulta\/","name":"Lek\u00e1rska fakulta | UPJ\u0160","description":"","publisher":{"@id":"https:\/\/www.upjs.sk\/lekarska-fakulta\/#organization"},"potentialAction":[{"@type":"SearchAction","target":{"@type":"EntryPoint","urlTemplate":"https:\/\/www.upjs.sk\/lekarska-fakulta\/?s={search_term_string}"},"query-input":{"@type":"PropertyValueSpecification","valueRequired":true,"valueName":"search_term_string"}}],"inLanguage":"sk-SK"},{"@type":"Organization","@id":"https:\/\/www.upjs.sk\/lekarska-fakulta\/#organization","name":"Lek\u00e1rska fakulta | UPJ\u0160","url":"https:\/\/www.upjs.sk\/lekarska-fakulta\/","logo":{"@type":"ImageObject","inLanguage":"sk-SK","@id":"https:\/\/www.upjs.sk\/lekarska-fakulta\/#\/schema\/logo\/image\/","url":"https:\/\/www.upjs.sk\/app\/uploads\/sites\/9\/2022\/09\/logo-lekarska-fakulta.png","contentUrl":"https:\/\/www.upjs.sk\/app\/uploads\/sites\/9\/2022\/09\/logo-lekarska-fakulta.png","width":415,"height":87,"caption":"Lek\u00e1rska fakulta | UPJ\u0160"},"image":{"@id":"https:\/\/www.upjs.sk\/lekarska-fakulta\/#\/schema\/logo\/image\/"}}]}},"_links":{"self":[{"href":"https:\/\/www.upjs.sk\/lekarska-fakulta\/wp-json\/wp\/v2\/pages\/13085","targetHints":{"allow":["GET"]}}],"collection":[{"href":"https:\/\/www.upjs.sk\/lekarska-fakulta\/wp-json\/wp\/v2\/pages"}],"about":[{"href":"https:\/\/www.upjs.sk\/lekarska-fakulta\/wp-json\/wp\/v2\/types\/page"}],"author":[{"embeddable":true,"href":"https:\/\/www.upjs.sk\/lekarska-fakulta\/wp-json\/wp\/v2\/users\/1"}],"replies":[{"embeddable":true,"href":"https:\/\/www.upjs.sk\/lekarska-fakulta\/wp-json\/wp\/v2\/comments?post=13085"}],"version-history":[{"count":10,"href":"https:\/\/www.upjs.sk\/lekarska-fakulta\/wp-json\/wp\/v2\/pages\/13085\/revisions"}],"predecessor-version":[{"id":81312,"href":"https:\/\/www.upjs.sk\/lekarska-fakulta\/wp-json\/wp\/v2\/pages\/13085\/revisions\/81312"}],"up":[{"embeddable":true,"href":"https:\/\/www.upjs.sk\/lekarska-fakulta\/wp-json\/wp\/v2\/pages\/13078"}],"wp:attachment":[{"href":"https:\/\/www.upjs.sk\/lekarska-fakulta\/wp-json\/wp\/v2\/media?parent=13085"}],"wp:term":[{"taxonomy":"category","embeddable":true,"href":"https:\/\/www.upjs.sk\/lekarska-fakulta\/wp-json\/wp\/v2\/categories?post=13085"},{"taxonomy":"post_tag","embeddable":true,"href":"https:\/\/www.upjs.sk\/lekarska-fakulta\/wp-json\/wp\/v2\/tags?post=13085"}],"curies":[{"name":"wp","href":"https:\/\/api.w.org\/{rel}","templated":true}]}}