{"id":13086,"date":"2022-03-31T16:26:36","date_gmt":"2022-03-31T16:26:36","guid":{"rendered":"https:\/\/www.upjs.sk\/lekarska-fakulta\/root\/informacie-pre-zamestnancov\/ais\/"},"modified":"2025-08-08T09:52:00","modified_gmt":"2025-08-08T08:52:00","slug":"manualy-ais-pre-ucitela","status":"publish","type":"page","link":"https:\/\/www.upjs.sk\/lekarska-fakulta\/informacie-pre-zamestnancov\/manualy-ais-pre-ucitela\/","title":{"rendered":"Manu\u00e1ly Akademick\u00e9ho informa\u010dn\u00e9ho syst\u00e9mu pre u\u010dite\u013eov"},"content":{"rendered":"\n<p>Z\u00e1kladn\u00e9 inform\u00e1cie a konkr\u00e9tne postupy naj\u010dastej\u0161ie realizovan\u00fdch \u010dinnost\u00ed v Akademickom informa\u010dnom syst\u00e9me.<\/p>\n\n\n\n<ul class=\"wp-block-list\">\n<li><a href=\"http:\/\/www.aio.upjs.sk\" target=\"_blank\" rel=\"noopener\" class=\"ek-link\">Spr\u00e1va Automatickej identifik\u00e1cie os\u00f4b (AIO) &#8211; ITIC a zamestnaneck\u00e9 karty<\/a><\/li>\n\n\n\n<li><a href=\"https:\/\/www.upjs.sk\/app\/uploads\/sites\/9\/2025\/08\/AIS2struktura_SK.pdf\">Organiza\u010dn\u00e1 \u0161trukt\u00fara AIS na UPJ\u0160 LF<\/a><\/li>\n\n\n\n<li><a href=\"https:\/\/www.upjs.sk\/app\/uploads\/sites\/9\/2022\/09\/AIS2-UcitelZakladneInfo.pdf\">Z\u00e1kladn\u00e9 inform\u00e1cie<\/a><\/li>\n<\/ul>\n\n\n\n<ul class=\"wp-block-list\">\n<li><a href=\"https:\/\/www.upjs.sk\/app\/uploads\/sites\/9\/2022\/10\/AIS2-Manual.pdf\">Ako pracova\u0165 s AIS <\/a><\/li>\n\n\n\n<li>Ako si zmeni\u0165\/pred\u013a\u017ei\u0165 (prolongova\u0165) heslo: <a href=\"https:\/\/www.upjs.sk\/app\/uploads\/sites\/9\/2023\/06\/AIS2-ZmenaHesla.pdf\">\u0161tandardn\u00e1 verzia<\/a>, &nbsp;<a href=\"https:\/\/www.upjs.sk\/app\/uploads\/sites\/9\/2022\/09\/AIS2-ZmenaHeslaNew.pdf\">nov\u00fd dizajn<\/a>, <a class=\"ek-link\" href=\"https:\/\/www.upjs.sk\/app\/uploads\/sites\/9\/2023\/12\/zabudnuteHeslo_AiS2.pdf\">bez prihl\u00e1senia<\/a><\/li>\n\n\n\n<li><a href=\"https:\/\/www.upjs.sk\/app\/uploads\/sites\/9\/2022\/10\/AIS2-RychleLinky.pdf\">Ako si prida\u0165 r\u00fdchlu linku<\/a><\/li>\n\n\n\n<li><a href=\"https:\/\/www.upjs.sk\/app\/uploads\/sites\/9\/2022\/09\/AIS2-UcitelPredmetu.pdf\" target=\"_blank\" rel=\"noreferrer noopener\">Ako prida\u0165\/odobra\u0165 vyu\u010duj\u00faceho predmetu<\/a><\/li>\n\n\n\n<li><a href=\"https:\/\/www.upjs.sk\/app\/uploads\/sites\/9\/2022\/09\/AIS2-UcitelRozvrhoveOkienko.pdf\">Ako prida\u0165\/odobra\u0165 vyu\u010duj\u00faceho na rozvrhov\u00fa akciu<\/a><\/li>\n\n\n\n<li><a href=\"https:\/\/www.upjs.sk\/app\/uploads\/sites\/9\/2022\/09\/AIS2-InformacnyListPredmetu.pdf\">Ako upravi\u0165 Informa\u010dn\u00fd list predmetu <\/a><\/li>\n\n\n\n<li><a href=\"https:\/\/www.upjs.sk\/app\/uploads\/sites\/9\/2022\/09\/AIS2-TlacZoznamu-ExportExcel.pdf\">Ako vytla\u010di\u0165 zoznam \u0161tudentov<\/a><\/li>\n\n\n\n<li><a href=\"https:\/\/www.upjs.sk\/app\/uploads\/sites\/9\/2022\/09\/AIS2-UcitelZaverecnePrace.pdf\">Ako zada\u0165 z\u00e1vere\u010dn\u00fa pr\u00e1cu<\/a><\/li>\n\n\n\n<li>Ako akceptova\u0165 \u0161tudenta na z\u00e1vere\u010dn\u00fa pr\u00e1cu a tla\u010d zadania ZP: <a href=\"\/public\/media\/3856\/AIS2-UcitelAkceptStudent_old.pdf\">\u0161tandardn\u00e1 verzia<\/a>, &nbsp;<a href=\"\/public\/media\/3856\/AIS2-UcitelAkceptStudent.pdf\">nov\u00fd dizajn<\/a><\/li>\n\n\n\n<li><a href=\"https:\/\/www.upjs.sk\/app\/uploads\/sites\/9\/2022\/09\/AIS2-UcitelPosudkyZaverecnePrace.pdf\" target=\"_blank\" rel=\"noreferrer noopener\">Ako zaevidova\u0165 hodnotenie z\u00e1vere\u010dnej pr\u00e1ce a vlo\u017ei\u0165 posudky<\/a><\/li>\n\n\n\n<li><a href=\"https:\/\/www.upjs.sk\/app\/uploads\/sites\/9\/2022\/09\/AIS2-UcitelTerminy.pdf\">Ako zada\u0165 term\u00edn hodnoten\u00ed<\/a><\/li>\n\n\n\n<li><a href=\"https:\/\/www.upjs.sk\/app\/uploads\/sites\/9\/2022\/09\/AIS2-UcitelHodnotenia.pdf\">Ako udeli\u0165 hodnotenie <\/a><\/li>\n\n\n\n<li><a href=\"https:\/\/www.upjs.sk\/app\/uploads\/sites\/9\/2025\/03\/AIS2-UcitelPriebezneHodnotenie.pdf\">Ako vyp\u00edsa\u0165 a udeli\u0165 priebe\u017en\u00e9 hodnotenie<\/a><\/li>\n\n\n\n<li><a href=\"https:\/\/www.upjs.sk\/app\/uploads\/sites\/9\/2022\/09\/AIS2-UcitelHodnotenieStatneSkusky-new1.pdf\">Ako udeli\u0165 hodnotenie \u0161t\u00e1tnych sk\u00fa\u0161ok<\/a> (vr\u00e1tane z\u00e1vere\u010dn\u00fdch pr\u00e1c)<\/li>\n\n\n\n<li>Ako posla\u0165 e-mail \u0161tudentom: <a href=\"https:\/\/www.upjs.sk\/app\/uploads\/sites\/9\/2022\/09\/AIS2-UcitelEmail.pdf\">vyu\u010duj\u00faci<\/a>, <a href=\"https:\/\/www.upjs.sk\/app\/uploads\/sites\/9\/2022\/09\/AIS2-SekretarkaEmail.pdf\">sekret\u00e1rka<\/a><\/li>\n\n\n\n<li><a href=\"https:\/\/www.upjs.sk\/app\/uploads\/sites\/9\/2022\/09\/AIS2-UcitelElektronickaNastenka.pdf\">Elektronick\u00e1 n\u00e1stenka predmetu<\/a><\/li>\n\n\n\n<li><a href=\"https:\/\/www.upjs.sk\/app\/uploads\/sites\/9\/2022\/09\/AIS2-UcitelVPCharakteristika.pdf\">Vedecko\/umelecko-pedagogick\u00e1 charakteristika osoby<\/a><\/li>\n\n\n\n<li><a href=\"https:\/\/www.upjs.sk\/app\/uploads\/sites\/9\/2022\/09\/AIS2-OsobaMiestnostKlapka.pdf\" target=\"_blank\" rel=\"noreferrer noopener\">Pridanie miestnosti a VoIP klapky osobe<\/a><\/li>\n\n\n\n<li><a href=\"https:\/\/www.upjs.sk\/app\/uploads\/sites\/9\/2022\/09\/AIS2-UcitelDochadzka.pdf\">Evidencia odu\u010den\u00fdch hod\u00edn<\/a><\/li>\n<\/ul>\n\n\n\n<div style=\"height:20px\" aria-hidden=\"true\" class=\"wp-block-spacer\"><\/div>\n\n\n\n<p>Pr\u00edpadn\u00e9 pripomienky k manu\u00e1lom zasielajte na adresu: <a href=\"mailto:LF-ais@upjs.sk\">LF-ais@upjs.sk<\/a>.<\/p>\n\n\n\n<p><\/p>\n","protected":false},"excerpt":{"rendered":"<p>Z\u00e1kladn\u00e9 inform\u00e1cie a konkr\u00e9tne postupy naj\u010dastej\u0161ie realizovan\u00fdch \u010dinnost\u00ed v Akademickom informa\u010dnom syst\u00e9me. Pr\u00edpadn\u00e9 pripomienky k manu\u00e1lom zasielajte na adresu: LF-ais@upjs.sk.<\/p>\n","protected":false},"author":1,"featured_media":0,"parent":13078,"menu_order":4,"comment_status":"closed","ping_status":"closed","template":"","meta":{"_acf_changed":false,"_editorskit_title_hidden":false,"_editorskit_reading_time":1,"_editorskit_is_block_options_detached":false,"_editorskit_block_options_position":"{}","footnotes":""},"categories":[],"tags":[],"class_list":["post-13086","page","type-page","status-publish","hentry"],"acf":{"acf_link_na_externy_obsah":""},"yoast_head":"<!-- This site is optimized with the Yoast SEO plugin v27.2 - https:\/\/yoast.com\/product\/yoast-seo-wordpress\/ -->\n<title>Manu\u00e1ly Akademick\u00e9ho informa\u010dn\u00e9ho syst\u00e9mu pre u\u010dite\u013eov - Lek\u00e1rska fakulta | UPJ\u0160<\/title>\n<meta name=\"robots\" content=\"index, follow, max-snippet:-1, max-image-preview:large, max-video-preview:-1\" \/>\n<link rel=\"canonical\" href=\"https:\/\/www.upjs.sk\/lekarska-fakulta\/informacie-pre-zamestnancov\/manualy-ais-pre-ucitela\/\" \/>\n<meta property=\"og:locale\" content=\"sk_SK\" \/>\n<meta property=\"og:type\" content=\"article\" \/>\n<meta property=\"og:title\" content=\"Manu\u00e1ly Akademick\u00e9ho informa\u010dn\u00e9ho syst\u00e9mu pre u\u010dite\u013eov - Lek\u00e1rska fakulta | UPJ\u0160\" \/>\n<meta property=\"og:description\" content=\"Z\u00e1kladn\u00e9 inform\u00e1cie a konkr\u00e9tne postupy naj\u010dastej\u0161ie realizovan\u00fdch \u010dinnost\u00ed v Akademickom informa\u010dnom syst\u00e9me. Pr\u00edpadn\u00e9 pripomienky k manu\u00e1lom zasielajte na adresu: LF-ais@upjs.sk.\" \/>\n<meta property=\"og:url\" content=\"https:\/\/www.upjs.sk\/lekarska-fakulta\/informacie-pre-zamestnancov\/manualy-ais-pre-ucitela\/\" \/>\n<meta property=\"og:site_name\" content=\"Lek\u00e1rska fakulta | UPJ\u0160\" \/>\n<meta property=\"article:modified_time\" content=\"2025-08-08T08:52:00+00:00\" \/>\n<meta name=\"twitter:card\" content=\"summary_large_image\" \/>\n<meta name=\"twitter:label1\" content=\"Predpokladan\u00fd \u010das \u010d\u00edtania\" \/>\n\t<meta name=\"twitter:data1\" content=\"1 min\u00fata\" \/>\n<script type=\"application\/ld+json\" class=\"yoast-schema-graph\">{\"@context\":\"https:\/\/schema.org\",\"@graph\":[{\"@type\":\"WebPage\",\"@id\":\"https:\/\/www.upjs.sk\/lekarska-fakulta\/informacie-pre-zamestnancov\/manualy-ais-pre-ucitela\/\",\"url\":\"https:\/\/www.upjs.sk\/lekarska-fakulta\/informacie-pre-zamestnancov\/manualy-ais-pre-ucitela\/\",\"name\":\"Manu\u00e1ly Akademick\u00e9ho informa\u010dn\u00e9ho syst\u00e9mu pre u\u010dite\u013eov - Lek\u00e1rska fakulta | UPJ\u0160\",\"isPartOf\":{\"@id\":\"https:\/\/www.upjs.sk\/lekarska-fakulta\/#website\"},\"datePublished\":\"2022-03-31T16:26:36+00:00\",\"dateModified\":\"2025-08-08T08:52:00+00:00\",\"breadcrumb\":{\"@id\":\"https:\/\/www.upjs.sk\/lekarska-fakulta\/informacie-pre-zamestnancov\/manualy-ais-pre-ucitela\/#breadcrumb\"},\"inLanguage\":\"sk-SK\",\"potentialAction\":[{\"@type\":\"ReadAction\",\"target\":[\"https:\/\/www.upjs.sk\/lekarska-fakulta\/informacie-pre-zamestnancov\/manualy-ais-pre-ucitela\/\"]}]},{\"@type\":\"BreadcrumbList\",\"@id\":\"https:\/\/www.upjs.sk\/lekarska-fakulta\/informacie-pre-zamestnancov\/manualy-ais-pre-ucitela\/#breadcrumb\",\"itemListElement\":[{\"@type\":\"ListItem\",\"position\":1,\"name\":\"Home\",\"item\":\"https:\/\/www.upjs.sk\/lekarska-fakulta\/\"},{\"@type\":\"ListItem\",\"position\":2,\"name\":\"Inform\u00e1cie pre zamestnancov\",\"item\":\"https:\/\/www.upjs.sk\/lekarska-fakulta\/informacie-pre-zamestnancov\/\"},{\"@type\":\"ListItem\",\"position\":3,\"name\":\"Manu\u00e1ly Akademick\u00e9ho informa\u010dn\u00e9ho syst\u00e9mu pre u\u010dite\u013eov\"}]},{\"@type\":\"WebSite\",\"@id\":\"https:\/\/www.upjs.sk\/lekarska-fakulta\/#website\",\"url\":\"https:\/\/www.upjs.sk\/lekarska-fakulta\/\",\"name\":\"Lek\u00e1rska fakulta | UPJ\u0160\",\"description\":\"\",\"publisher\":{\"@id\":\"https:\/\/www.upjs.sk\/lekarska-fakulta\/#organization\"},\"potentialAction\":[{\"@type\":\"SearchAction\",\"target\":{\"@type\":\"EntryPoint\",\"urlTemplate\":\"https:\/\/www.upjs.sk\/lekarska-fakulta\/?s={search_term_string}\"},\"query-input\":{\"@type\":\"PropertyValueSpecification\",\"valueRequired\":true,\"valueName\":\"search_term_string\"}}],\"inLanguage\":\"sk-SK\"},{\"@type\":\"Organization\",\"@id\":\"https:\/\/www.upjs.sk\/lekarska-fakulta\/#organization\",\"name\":\"Lek\u00e1rska fakulta | UPJ\u0160\",\"url\":\"https:\/\/www.upjs.sk\/lekarska-fakulta\/\",\"logo\":{\"@type\":\"ImageObject\",\"inLanguage\":\"sk-SK\",\"@id\":\"https:\/\/www.upjs.sk\/lekarska-fakulta\/#\/schema\/logo\/image\/\",\"url\":\"https:\/\/www.upjs.sk\/app\/uploads\/sites\/9\/2022\/09\/logo-lekarska-fakulta.png\",\"contentUrl\":\"https:\/\/www.upjs.sk\/app\/uploads\/sites\/9\/2022\/09\/logo-lekarska-fakulta.png\",\"width\":415,\"height\":87,\"caption\":\"Lek\u00e1rska fakulta | UPJ\u0160\"},\"image\":{\"@id\":\"https:\/\/www.upjs.sk\/lekarska-fakulta\/#\/schema\/logo\/image\/\"}}]}<\/script>\n<!-- \/ Yoast SEO plugin. -->","yoast_head_json":{"title":"Manu\u00e1ly Akademick\u00e9ho informa\u010dn\u00e9ho syst\u00e9mu pre u\u010dite\u013eov - Lek\u00e1rska fakulta | UPJ\u0160","robots":{"index":"index","follow":"follow","max-snippet":"max-snippet:-1","max-image-preview":"max-image-preview:large","max-video-preview":"max-video-preview:-1"},"canonical":"https:\/\/www.upjs.sk\/lekarska-fakulta\/informacie-pre-zamestnancov\/manualy-ais-pre-ucitela\/","og_locale":"sk_SK","og_type":"article","og_title":"Manu\u00e1ly Akademick\u00e9ho informa\u010dn\u00e9ho syst\u00e9mu pre u\u010dite\u013eov - Lek\u00e1rska fakulta | UPJ\u0160","og_description":"Z\u00e1kladn\u00e9 inform\u00e1cie a konkr\u00e9tne postupy naj\u010dastej\u0161ie realizovan\u00fdch \u010dinnost\u00ed v Akademickom informa\u010dnom syst\u00e9me. Pr\u00edpadn\u00e9 pripomienky k manu\u00e1lom zasielajte na adresu: LF-ais@upjs.sk.","og_url":"https:\/\/www.upjs.sk\/lekarska-fakulta\/informacie-pre-zamestnancov\/manualy-ais-pre-ucitela\/","og_site_name":"Lek\u00e1rska fakulta | UPJ\u0160","article_modified_time":"2025-08-08T08:52:00+00:00","twitter_card":"summary_large_image","twitter_misc":{"Predpokladan\u00fd \u010das \u010d\u00edtania":"1 min\u00fata"},"schema":{"@context":"https:\/\/schema.org","@graph":[{"@type":"WebPage","@id":"https:\/\/www.upjs.sk\/lekarska-fakulta\/informacie-pre-zamestnancov\/manualy-ais-pre-ucitela\/","url":"https:\/\/www.upjs.sk\/lekarska-fakulta\/informacie-pre-zamestnancov\/manualy-ais-pre-ucitela\/","name":"Manu\u00e1ly Akademick\u00e9ho informa\u010dn\u00e9ho syst\u00e9mu pre u\u010dite\u013eov - Lek\u00e1rska fakulta | UPJ\u0160","isPartOf":{"@id":"https:\/\/www.upjs.sk\/lekarska-fakulta\/#website"},"datePublished":"2022-03-31T16:26:36+00:00","dateModified":"2025-08-08T08:52:00+00:00","breadcrumb":{"@id":"https:\/\/www.upjs.sk\/lekarska-fakulta\/informacie-pre-zamestnancov\/manualy-ais-pre-ucitela\/#breadcrumb"},"inLanguage":"sk-SK","potentialAction":[{"@type":"ReadAction","target":["https:\/\/www.upjs.sk\/lekarska-fakulta\/informacie-pre-zamestnancov\/manualy-ais-pre-ucitela\/"]}]},{"@type":"BreadcrumbList","@id":"https:\/\/www.upjs.sk\/lekarska-fakulta\/informacie-pre-zamestnancov\/manualy-ais-pre-ucitela\/#breadcrumb","itemListElement":[{"@type":"ListItem","position":1,"name":"Home","item":"https:\/\/www.upjs.sk\/lekarska-fakulta\/"},{"@type":"ListItem","position":2,"name":"Inform\u00e1cie pre zamestnancov","item":"https:\/\/www.upjs.sk\/lekarska-fakulta\/informacie-pre-zamestnancov\/"},{"@type":"ListItem","position":3,"name":"Manu\u00e1ly Akademick\u00e9ho informa\u010dn\u00e9ho syst\u00e9mu pre u\u010dite\u013eov"}]},{"@type":"WebSite","@id":"https:\/\/www.upjs.sk\/lekarska-fakulta\/#website","url":"https:\/\/www.upjs.sk\/lekarska-fakulta\/","name":"Lek\u00e1rska fakulta | UPJ\u0160","description":"","publisher":{"@id":"https:\/\/www.upjs.sk\/lekarska-fakulta\/#organization"},"potentialAction":[{"@type":"SearchAction","target":{"@type":"EntryPoint","urlTemplate":"https:\/\/www.upjs.sk\/lekarska-fakulta\/?s={search_term_string}"},"query-input":{"@type":"PropertyValueSpecification","valueRequired":true,"valueName":"search_term_string"}}],"inLanguage":"sk-SK"},{"@type":"Organization","@id":"https:\/\/www.upjs.sk\/lekarska-fakulta\/#organization","name":"Lek\u00e1rska fakulta | UPJ\u0160","url":"https:\/\/www.upjs.sk\/lekarska-fakulta\/","logo":{"@type":"ImageObject","inLanguage":"sk-SK","@id":"https:\/\/www.upjs.sk\/lekarska-fakulta\/#\/schema\/logo\/image\/","url":"https:\/\/www.upjs.sk\/app\/uploads\/sites\/9\/2022\/09\/logo-lekarska-fakulta.png","contentUrl":"https:\/\/www.upjs.sk\/app\/uploads\/sites\/9\/2022\/09\/logo-lekarska-fakulta.png","width":415,"height":87,"caption":"Lek\u00e1rska fakulta | UPJ\u0160"},"image":{"@id":"https:\/\/www.upjs.sk\/lekarska-fakulta\/#\/schema\/logo\/image\/"}}]}},"_links":{"self":[{"href":"https:\/\/www.upjs.sk\/lekarska-fakulta\/wp-json\/wp\/v2\/pages\/13086","targetHints":{"allow":["GET"]}}],"collection":[{"href":"https:\/\/www.upjs.sk\/lekarska-fakulta\/wp-json\/wp\/v2\/pages"}],"about":[{"href":"https:\/\/www.upjs.sk\/lekarska-fakulta\/wp-json\/wp\/v2\/types\/page"}],"author":[{"embeddable":true,"href":"https:\/\/www.upjs.sk\/lekarska-fakulta\/wp-json\/wp\/v2\/users\/1"}],"replies":[{"embeddable":true,"href":"https:\/\/www.upjs.sk\/lekarska-fakulta\/wp-json\/wp\/v2\/comments?post=13086"}],"version-history":[{"count":15,"href":"https:\/\/www.upjs.sk\/lekarska-fakulta\/wp-json\/wp\/v2\/pages\/13086\/revisions"}],"predecessor-version":[{"id":140973,"href":"https:\/\/www.upjs.sk\/lekarska-fakulta\/wp-json\/wp\/v2\/pages\/13086\/revisions\/140973"}],"up":[{"embeddable":true,"href":"https:\/\/www.upjs.sk\/lekarska-fakulta\/wp-json\/wp\/v2\/pages\/13078"}],"wp:attachment":[{"href":"https:\/\/www.upjs.sk\/lekarska-fakulta\/wp-json\/wp\/v2\/media?parent=13086"}],"wp:term":[{"taxonomy":"category","embeddable":true,"href":"https:\/\/www.upjs.sk\/lekarska-fakulta\/wp-json\/wp\/v2\/categories?post=13086"},{"taxonomy":"post_tag","embeddable":true,"href":"https:\/\/www.upjs.sk\/lekarska-fakulta\/wp-json\/wp\/v2\/tags?post=13086"}],"curies":[{"name":"wp","href":"https:\/\/api.w.org\/{rel}","templated":true}]}}