{"id":13112,"date":"2023-04-26T11:32:59","date_gmt":"2023-04-26T10:32:59","guid":{"rendered":"https:\/\/www.upjs.sk\/lekarska-fakulta\/root\/informacie-pre-zamestnancov\/zakladne-dokumenty-fakulty\/"},"modified":"2026-03-18T09:26:46","modified_gmt":"2026-03-18T08:26:46","slug":"zakladne-dokumenty","status":"publish","type":"page","link":"https:\/\/www.upjs.sk\/lekarska-fakulta\/fakulta\/zakladne-dokumenty\/","title":{"rendered":"Z\u00e1kladn\u00e9 dokumenty fakulty"},"content":{"rendered":"<style>.wp-block-kadence-advancedheading.kt-adv-heading13112_2aea5f-4b, .wp-block-kadence-advancedheading.kt-adv-heading13112_2aea5f-4b[data-kb-block=\"kb-adv-heading13112_2aea5f-4b\"]{font-style:normal;}.wp-block-kadence-advancedheading.kt-adv-heading13112_2aea5f-4b mark.kt-highlight, .wp-block-kadence-advancedheading.kt-adv-heading13112_2aea5f-4b[data-kb-block=\"kb-adv-heading13112_2aea5f-4b\"] mark.kt-highlight{font-style:normal;color:#f76a0c;-webkit-box-decoration-break:clone;box-decoration-break:clone;padding-top:0px;padding-right:0px;padding-bottom:0px;padding-left:0px;}<\/style>\n<h4 class=\"kt-adv-heading13112_2aea5f-4b wp-block-kadence-advancedheading\" data-kb-block=\"kb-adv-heading13112_2aea5f-4b\">Legislat\u00edva a vn\u00fatorn\u00e9 predpisy<\/h4>\n\n\n\n<ul class=\"wp-block-list\">\n<li><a href=\"https:\/\/www.upjs.sk\/univerzita\/legislativa-dokumenty\/legislativa\/zakladne-dokumenty\/\" target=\"_blank\" rel=\"noopener\" class=\"ek-link\">\u0160tat\u00fat a z\u00e1kladn\u00e9 dokumenty UPJ\u0160<\/a><\/li>\n\n\n\n<li><a href=\"https:\/\/intranet.upjs.sk\/op\/op.Public.php?documentid=8535\" class=\"ek-link\">\u0160tat\u00fat UPJ\u0160 LF<\/a><\/li>\n\n\n\n<li><a href=\"https:\/\/intranet.upjs.sk\/op\/op.Public.php?documentid=9714\" target=\"_blank\" rel=\"noreferrer noopener\">Organiza\u010dn\u00fd poriadok UPJ\u0160 LF (konsolidovan\u00e9 znenie) <\/a><\/li>\n\n\n\n<li><a href=\"https:\/\/intranet.upjs.sk\/op\/op.Public.php?documentid=9043\" target=\"_blank\" aria-label=\" (opens in a new tab)\" rel=\"noreferrer noopener\" class=\"ek-link\">Dodatok \u010d. 1 k Organiza\u010dn\u00e9mu poriadku UPJ\u0160 LF<\/a><\/li>\n\n\n\n<li><a href=\"https:\/\/www.upjs.sk\/app\/uploads\/sites\/9\/2022\/09\/Eticky-kodex-Akademickeho-zamestnanca-UPJS-Lekarskej-fakulty.pdf\" class=\"ek-link\">Etick\u00fd k\u00f3dex Akademick\u00e9ho zamestnanca UPJ\u0160 Lek\u00e1rskej fakulty<\/a><\/li>\n\n\n\n<li><a href=\"https:\/\/www.upjs.sk\/lekarska-fakulta\/fakulta\/organy-fakulty\/vedecka-rada\/pracovne-komisie-vr\/statut-etickej-komisie\/\" class=\"ek-link\">\u0160tat\u00fat Etickej komisie UPJ\u0160 LF<\/a><\/li>\n\n\n\n<li><a href=\"https:\/\/www.upjs.sk\/app\/uploads\/sites\/9\/2022\/09\/Disciplinarny_poriadok_UPJS_LF.pdf\" class=\"ek-link\">Disciplin\u00e1rny poriadok UPJ\u0160 LF<\/a><\/li>\n\n\n\n<li><a href=\"https:\/\/intranet.upjs.sk\/op\/op.Public.php?documentid=8541\" class=\"ek-link\">Rokovac\u00ed poriadok disciplin\u00e1rnej komisie UPJ\u0160 LF<\/a><\/li>\n\n\n\n<li><a href=\"https:\/\/www.upjs.sk\/app\/uploads\/sites\/9\/2022\/09\/RR-c-14_2015-_-BOZP-ZAM-SJ.pdf\" class=\"ek-link\">Rozhodnutie \u010d. 14\/2015<\/a> na realiz\u00e1ciu \u00faloh a povinnost\u00ed cudz\u00edch a hos\u0165uj\u00facich os\u00f4b, dodr\u017eanie z\u00e1sad bezpe\u010dnej pr\u00e1ce, ochrany zdravia a protipo\u017eiarnej ochrany, predch\u00e1dzanie \u00farazom a \u0161kod\u00e1m pri v\u00fdkone pracovn\u00fdch \u010dinnost\u00ed na UPJ\u0160 (<a href=\"https:\/\/www.upjs.sk\/app\/uploads\/sites\/9\/2022\/09\/RR-c-14_2015-_-BOZP-ZAM-AJ.pdf\" class=\"ek-link\">anglick\u00e1 verzia<\/a>)<\/li>\n\n\n\n<li><a href=\"https:\/\/intranet.upjs.sk\/op\/op.Public.php?documentid=10074\">Rozhodnutie rektora \u010d. 9\/2025<\/a> o ur\u010den\u00ed \u0161koln\u00e9ho, poplatkov spojen\u00fdch so \u0161t\u00fadiom a \u00fahrad\u00e1ch n\u00e1kladov spojen\u00fdch so zvy\u0161ovan\u00edm kvalifik\u00e1cie v AR 2025\/2026 \u00a0na UPJ\u0160 v\u00a0Ko\u0161iciach (poriadok poplatkov) \u00a0<\/li>\n\n\n\n<li><a href=\"https:\/\/intranet.upjs.sk\/op\/op.Public.php?documentid=10889\" target=\"_blank\" rel=\"noreferrer noopener\">Smernica dekana \u010d. 1\/2026 k pou\u017e\u00edvaniu soci\u00e1lnych siet\u00ed zamestnancami a \u0161tudentmi UPJ\u0160 LF<\/a><\/li>\n<\/ul>\n\n\n\n<div style=\"height:10px\" aria-hidden=\"true\" class=\"wp-block-spacer\"><\/div>\n\n\n\n<p>Rozhodnutia dekana, pr\u00edkazy dekana, pokyny dekana, smernice, z\u00e1pisnice kolekt\u00edvnych org\u00e1nov fakulty a&nbsp;ostatn\u00e9 vn\u00fatorn\u00e9 predpisy fakulty a&nbsp;univerzity s\u00fa umiestnen\u00e9 v&nbsp;<a href=\"https:\/\/intranet.upjs.sk\/\" target=\"_blank\" aria-label=\"Intranete UPJ\u0160 (opens in a new tab)\" rel=\"noreferrer noopener\" class=\"ek-link\">Intranete UPJ\u0160<\/a> (Intranet &#8211; Repozit\u00e1r dokumentov).<\/p>\n\n\n<style>.wp-block-kadence-advancedheading.kt-adv-heading13112_6ee7e0-5d, .wp-block-kadence-advancedheading.kt-adv-heading13112_6ee7e0-5d[data-kb-block=\"kb-adv-heading13112_6ee7e0-5d\"]{font-style:normal;}.wp-block-kadence-advancedheading.kt-adv-heading13112_6ee7e0-5d mark.kt-highlight, .wp-block-kadence-advancedheading.kt-adv-heading13112_6ee7e0-5d[data-kb-block=\"kb-adv-heading13112_6ee7e0-5d\"] mark.kt-highlight{font-style:normal;color:#f76a0c;-webkit-box-decoration-break:clone;box-decoration-break:clone;padding-top:0px;padding-right:0px;padding-bottom:0px;padding-left:0px;}<\/style>\n<h4 class=\"kt-adv-heading13112_6ee7e0-5d wp-block-kadence-advancedheading\" data-kb-block=\"kb-adv-heading13112_6ee7e0-5d\">\u0160tudijn\u00e9 poriadky<\/h4>\n\n\n\n<ul class=\"wp-block-list\">\n<li><a aria-label=\"\u0160tudijn\u00e9 poriadky UPJ\u0160 (opens in a new tab)\" href=\"https:\/\/www.upjs.sk\/kvalita\/programy\/\" target=\"_blank\" rel=\"noreferrer noopener\" class=\"ek-link\">\u0160tudijn\u00e9 poriadky a s\u00favisiaca legislat\u00edva UPJ\u0160<\/a> | <a href=\"https:\/\/www.upjs.sk\/organizacia-studia\/\" target=\"_blank\" aria-label=\"Z\u00e1kladn\u00e9 dokumenty pre \u0161t\u00fadium na UPJ\u0160 (opens in a new tab)\" rel=\"noreferrer noopener\" class=\"ek-link\">Z\u00e1kladn\u00e9 dokumenty pre \u0161t\u00fadium na UPJ\u0160<\/a><\/li>\n\n\n\n<li><a href=\"https:\/\/intranet.upjs.sk\/op\/op.Public.php?documentid=8539\" class=\"ek-link\">\u0160tudijn\u00fd poriadok UPJ\u0160 LF<\/a> (\u00fa\u010dinnos\u0165 od 1.9.2023)<\/li>\n\n\n\n<li><a href=\"https:\/\/intranet.upjs.sk\/op\/op.Public.php?documentid=10862\" target=\"_blank\" rel=\"noreferrer noopener\">Dodatok \u010d. 1 k&nbsp;\u0160tudijn\u00e9mu poriadku UPJ\u0160 LF<\/a> (\u00fa\u010dinnos\u0165 od 29.1.2026)<\/li>\n\n\n\n<li><a aria-label=\"Smernica dekana \u010d. 3\/2023, ktorou sa dop\u013a\u0148aj\u00fa a upres\u0148uj\u00fa ustanovenia \u0160tudijn\u00e9ho poriadku UPJ\u0160 LF (opens in a new tab)\" href=\"https:\/\/intranet.upjs.sk\/op\/op.Public.php?documentid=8871\" target=\"_blank\" rel=\"noreferrer noopener\" class=\"ek-link\">Smernica dekana \u010d. 3\/2023, ktorou sa dop\u013a\u0148aj\u00fa a upres\u0148uj\u00fa ustanovenia \u0160tudijn\u00e9ho poriadku UPJ\u0160 LF<\/a><\/li>\n\n\n\n<li><a href=\"https:\/\/intranet.upjs.sk\/op\/op.Public.php?documentid=8911\" target=\"_blank\" aria-label=\"Smernica dekana \u010d. 4\/2023 k uzn\u00e1vaniu predmetov na UPJ\u0160 LF (opens in a new tab)\" rel=\"noreferrer noopener\" class=\"ek-link\">Smernica dekana \u010d. 4\/2023 k uzn\u00e1vaniu predmetov na UPJ\u0160 LF<\/a><\/li>\n\n\n\n<li><a href=\"https:\/\/www.upjs.sk\/app\/uploads\/sites\/9\/2023\/01\/SP_UPJS_LF_2020.pdf\">\u0160tudijn\u00fd poriadok UPJ\u0160 LF<\/a>&nbsp;(\u00fa\u010dinnos\u0165 od 1.9.2020)<br><a href=\"https:\/\/www.upjs.sk\/app\/uploads\/sites\/9\/2022\/09\/Smernica-k-SP-1-2022.pdf\">Smernica \u010d. 1\/2022<\/a>&nbsp;k \u0160tudijn\u00e9mu poriadku UPJ\u0160 LF (\u00fa\u010dinnos\u0165 od 1.9.2022)<\/li>\n\n\n\n<li><a href=\"https:\/\/www.upjs.sk\/app\/uploads\/sites\/9\/2023\/01\/Studijny-poriadok-2016_dodatok.pdf\">\u0160tudijn\u00fd poriadok UPJ\u0160 LF<\/a>&nbsp;(\u00fa\u010dinnos\u0165 od 1.9.2016)<br><a href=\"https:\/\/www.upjs.sk\/app\/uploads\/sites\/9\/2023\/01\/Smernica-k-SP.pdf\">Smernica \u010d. 1\/2018<\/a>&nbsp;k \u0160tudijn\u00e9mu poriadku UPJ\u0160 LF (\u00fa\u010dinnos\u0165 od 30.5.2018)<\/li>\n\n\n\n<li><a href=\"https:\/\/intranet.upjs.sk\/op\/op.Public.php?documentid=8542\" class=\"ek-link\">\u0160tipendijn\u00fd poriadok UPJ\u0160 LF<\/a> <\/li>\n\n\n\n<li><a href=\"https:\/\/intranet.upjs.sk\/op\/op.Public.php?documentid=8540\" class=\"ek-link\">Poriadok konania rigor\u00f3znych sk\u00fa\u0161ok a obhajob rigor\u00f3znych pr\u00e1c UPJ\u0160 LF<\/a> <\/li>\n\n\n\n<li><a aria-label=\"\u0160tudijn\u00fd poriadok doktorandsk\u00e9ho \u0161t\u00fadia UPJ\u0160 v Ko\u0161iciach (opens in a new tab)\" href=\"https:\/\/intranet.upjs.sk\/op\/op.Public.php?documentid=8176\" target=\"_blank\" rel=\"noreferrer noopener\" class=\"ek-link\">\u0160tudijn\u00fd poriadok doktorandsk\u00e9ho \u0161t\u00fadia UPJ\u0160 v Ko\u0161iciach<\/a> (\u00fa\u010dinnos\u0165 od 1.9.2023)&nbsp;<br><strong>Pr\u00edlohy<\/strong>: <a href=\"https:\/\/intranet.upjs.sk\/op\/op.Public.php?documentid=7417\" target=\"_blank\" rel=\"noreferrer noopener\" class=\"ek-link\">Ro\u010dn\u00e9 hodnotenie<\/a>, <a href=\"https:\/\/intranet.upjs.sk\/op\/op.Public.php?documentid=8327\" target=\"_blank\" rel=\"noreferrer noopener\" class=\"ek-link\">Doctoral Annual Report<\/a>&nbsp;<\/li>\n\n\n\n<li><a href=\"https:\/\/intranet.upjs.sk\/op\/op.Public.php?documentid=1449\">\u0160tudijn\u00fd poriadok&nbsp;doktorandsk\u00e9ho \u0161t\u00fadia na UPJ\u0160<\/a>&nbsp;(\u00fa\u010dinnos\u0165 od 1.9.2019)<\/li>\n\n\n\n<li><a href=\"https:\/\/www.upjs.sk\/app\/uploads\/sites\/9\/2022\/09\/Studijny-poriadok-2022-specializacne-studium-FINAL.pdf\" class=\"ek-link\">\u0160tudijn\u00fd poriadok pre \u010fal\u0161ie vzdel\u00e1vanie zdravotn\u00edckych pracovn\u00edkov UPJ\u0160 LF<\/a> &#8211; platn\u00fd od 15.06.2022<\/li>\n\n\n\n<li><a href=\"https:\/\/www.upjs.sk\/app\/uploads\/sites\/9\/2022\/09\/Smernica_ZP_UPJS_LF.pdf\" class=\"ek-link\">Smernica \u010d. 2\/2022 k z\u00e1vere\u010dn\u00fdm pr\u00e1cam predkladan\u00fdm na Univerzite Pavla Jozefa \u0160af\u00e1rika v&nbsp;Ko\u0161iciach, Lek\u00e1rskej fakulte<\/a><\/li>\n\n\n\n<li><a href=\"https:\/\/intranet.upjs.sk\/op\/op.Public.php?documentid=1551\" target=\"_blank\" rel=\"noreferrer noopener\">Rozhodnutie rektora \u010d. 11\/2017<\/a>&nbsp;na realiz\u00e1ciu vstupn\u00e9ho \u0161kolenia a oboznamovania \u0161tudentov UPJ\u0160 s predpismi o bezpe\u010dnosti a ochrane zdravia pri pr\u00e1ci, ochrane pred po\u017eiarmi a civilnej ochrane<\/li>\n\n\n\n<li><a href=\"https:\/\/intranet.upjs.sk\/op\/op.Public.php?documentid=9772\" target=\"_blank\" rel=\"noreferrer noopener\">Usmernenie k pou\u017e\u00edvaniu ochrann\u00e9ho odevu a obuvi pri praktickej v\u00fdu\u010dbe na UPJ\u0160 LF<\/a><\/li>\n\n\n\n<li><a href=\"https:\/\/intranet.upjs.sk\/op\/op.Public.php?documentid=9971\" target=\"_blank\" rel=\"noreferrer noopener\">Usmernenie k ochrane osobn\u00fdch \u00fadajov na UPJ\u0160 LF<\/a><\/li>\n<\/ul>\n\n\n\n<div style=\"height:20px\" aria-hidden=\"true\" class=\"wp-block-spacer\"><\/div>\n\n\n<style>.wp-block-kadence-advancedheading.kt-adv-heading13112_8b93fe-e1, .wp-block-kadence-advancedheading.kt-adv-heading13112_8b93fe-e1[data-kb-block=\"kb-adv-heading13112_8b93fe-e1\"]{font-style:normal;}.wp-block-kadence-advancedheading.kt-adv-heading13112_8b93fe-e1 mark.kt-highlight, .wp-block-kadence-advancedheading.kt-adv-heading13112_8b93fe-e1[data-kb-block=\"kb-adv-heading13112_8b93fe-e1\"] mark.kt-highlight{font-style:normal;color:#f76a0c;-webkit-box-decoration-break:clone;box-decoration-break:clone;padding-top:0px;padding-right:0px;padding-bottom:0px;padding-left:0px;}<\/style>\n<h4 class=\"kt-adv-heading13112_8b93fe-e1 wp-block-kadence-advancedheading\" data-kb-block=\"kb-adv-heading13112_8b93fe-e1\">Informa\u010dn\u00e9 bro\u017e\u00fary a v\u00fdro\u010dn\u00e9 spr\u00e1vy<\/h4>\n\n\n\n<ul class=\"wp-block-list\">\n<li><a href=\"https:\/\/www.upjs.sk\/lekarska-fakulta\/fakulta\/zakladne-dokumenty\/informacne-brozury-fakulty\/\" class=\"ek-link\">Informa\u010dn\u00e9 bro\u017e\u00fary UPJ\u0160 LF<\/a><\/li>\n\n\n\n<li><a href=\"https:\/\/www.upjs.sk\/lekarska-fakulta\/fakulta\/vnutorny-system-hodnotenia-kvality\/spravy\/\" class=\"ek-link\">Spr\u00e1vy o \u010dinnosti UPJ\u0160 LF<\/a><\/li>\n\n\n\n<li><a href=\"https:\/\/www.upjs.sk\/lekarska-fakulta\/informacie-pre-zaujemcov-o-studium\/spravy-o-pedagogickej-cinnosti\/\" class=\"ek-link\">Spr\u00e1vy o pedagogickej \u010dinnosti UPJ\u0160 LF<\/a><\/li>\n\n\n\n<li><a href=\"https:\/\/www.upjs.sk\/lekarska-fakulta\/vyskum-na-fakulte\/spravy-vvc\/\" class=\"ek-link\">Spr\u00e1vy o vedeckov\u00fdskumnej \u010dinnosti UPJ\u0160 LF<\/a><\/li>\n\n\n\n<li><a href=\"https:\/\/www.upjs.sk\/lekarska-fakulta\/studenti-lf\/doktorandske\/dokumenty\/\" class=\"ek-link\">Spr\u00e1vy o doktorandskom \u0161t\u00fadiu na UPJ\u0160 LF<\/a><\/li>\n<\/ul>\n","protected":false},"excerpt":{"rendered":"<p>Legislat\u00edva a vn\u00fatorn\u00e9 predpisy Rozhodnutia dekana, pr\u00edkazy dekana, pokyny dekana, smernice, z\u00e1pisnice kolekt\u00edvnych org\u00e1nov fakulty a&nbsp;ostatn\u00e9 vn\u00fatorn\u00e9 predpisy fakulty a&nbsp;univerzity s\u00fa umiestnen\u00e9 v&nbsp;Intranete UPJ\u0160 (Intranet &#8211; Repozit\u00e1r dokumentov). \u0160tudijn\u00e9 poriadky Informa\u010dn\u00e9 bro\u017e\u00fary a v\u00fdro\u010dn\u00e9 spr\u00e1vy<\/p>\n","protected":false},"author":1,"featured_media":0,"parent":13613,"menu_order":2,"comment_status":"closed","ping_status":"closed","template":"","meta":{"_acf_changed":false,"_editorskit_title_hidden":false,"_editorskit_reading_time":1,"_editorskit_is_block_options_detached":false,"_editorskit_block_options_position":"{}","footnotes":""},"categories":[],"tags":[],"class_list":["post-13112","page","type-page","status-publish","hentry"],"acf":{"acf_link_na_externy_obsah":""},"yoast_head":"<!-- This site is optimized with the Yoast SEO plugin v27.2 - https:\/\/yoast.com\/product\/yoast-seo-wordpress\/ -->\n<title>Z\u00e1kladn\u00e9 dokumenty fakulty - Lek\u00e1rska fakulta | UPJ\u0160<\/title>\n<meta name=\"robots\" content=\"index, follow, max-snippet:-1, max-image-preview:large, max-video-preview:-1\" \/>\n<link rel=\"canonical\" href=\"https:\/\/www.upjs.sk\/lekarska-fakulta\/fakulta\/zakladne-dokumenty\/\" \/>\n<meta property=\"og:locale\" content=\"sk_SK\" \/>\n<meta property=\"og:type\" content=\"article\" \/>\n<meta property=\"og:title\" content=\"Z\u00e1kladn\u00e9 dokumenty fakulty - Lek\u00e1rska fakulta | UPJ\u0160\" \/>\n<meta property=\"og:description\" content=\"Legislat\u00edva a vn\u00fatorn\u00e9 predpisy Rozhodnutia dekana, pr\u00edkazy dekana, pokyny dekana, smernice, z\u00e1pisnice kolekt\u00edvnych org\u00e1nov fakulty a&nbsp;ostatn\u00e9 vn\u00fatorn\u00e9 predpisy fakulty a&nbsp;univerzity s\u00fa umiestnen\u00e9 v&nbsp;Intranete UPJ\u0160 (Intranet &#8211; Repozit\u00e1r dokumentov). \u0160tudijn\u00e9 poriadky Informa\u010dn\u00e9 bro\u017e\u00fary a v\u00fdro\u010dn\u00e9 spr\u00e1vy\" \/>\n<meta property=\"og:url\" content=\"https:\/\/www.upjs.sk\/lekarska-fakulta\/fakulta\/zakladne-dokumenty\/\" \/>\n<meta property=\"og:site_name\" content=\"Lek\u00e1rska fakulta | UPJ\u0160\" \/>\n<meta property=\"article:modified_time\" content=\"2026-03-18T08:26:46+00:00\" \/>\n<meta name=\"twitter:card\" content=\"summary_large_image\" \/>\n<meta name=\"twitter:label1\" content=\"Predpokladan\u00fd \u010das \u010d\u00edtania\" \/>\n\t<meta name=\"twitter:data1\" content=\"3 min\u00faty\" \/>\n<script type=\"application\/ld+json\" class=\"yoast-schema-graph\">{\"@context\":\"https:\/\/schema.org\",\"@graph\":[{\"@type\":\"WebPage\",\"@id\":\"https:\/\/www.upjs.sk\/lekarska-fakulta\/fakulta\/zakladne-dokumenty\/\",\"url\":\"https:\/\/www.upjs.sk\/lekarska-fakulta\/fakulta\/zakladne-dokumenty\/\",\"name\":\"Z\u00e1kladn\u00e9 dokumenty fakulty - Lek\u00e1rska fakulta | UPJ\u0160\",\"isPartOf\":{\"@id\":\"https:\/\/www.upjs.sk\/lekarska-fakulta\/#website\"},\"datePublished\":\"2023-04-26T10:32:59+00:00\",\"dateModified\":\"2026-03-18T08:26:46+00:00\",\"breadcrumb\":{\"@id\":\"https:\/\/www.upjs.sk\/lekarska-fakulta\/fakulta\/zakladne-dokumenty\/#breadcrumb\"},\"inLanguage\":\"sk-SK\",\"potentialAction\":[{\"@type\":\"ReadAction\",\"target\":[\"https:\/\/www.upjs.sk\/lekarska-fakulta\/fakulta\/zakladne-dokumenty\/\"]}]},{\"@type\":\"BreadcrumbList\",\"@id\":\"https:\/\/www.upjs.sk\/lekarska-fakulta\/fakulta\/zakladne-dokumenty\/#breadcrumb\",\"itemListElement\":[{\"@type\":\"ListItem\",\"position\":1,\"name\":\"Home\",\"item\":\"https:\/\/www.upjs.sk\/lekarska-fakulta\/\"},{\"@type\":\"ListItem\",\"position\":2,\"name\":\"O fakulte\",\"item\":\"https:\/\/www.upjs.sk\/lekarska-fakulta\/fakulta\/\"},{\"@type\":\"ListItem\",\"position\":3,\"name\":\"Z\u00e1kladn\u00e9 dokumenty fakulty\"}]},{\"@type\":\"WebSite\",\"@id\":\"https:\/\/www.upjs.sk\/lekarska-fakulta\/#website\",\"url\":\"https:\/\/www.upjs.sk\/lekarska-fakulta\/\",\"name\":\"Lek\u00e1rska fakulta | UPJ\u0160\",\"description\":\"\",\"publisher\":{\"@id\":\"https:\/\/www.upjs.sk\/lekarska-fakulta\/#organization\"},\"potentialAction\":[{\"@type\":\"SearchAction\",\"target\":{\"@type\":\"EntryPoint\",\"urlTemplate\":\"https:\/\/www.upjs.sk\/lekarska-fakulta\/?s={search_term_string}\"},\"query-input\":{\"@type\":\"PropertyValueSpecification\",\"valueRequired\":true,\"valueName\":\"search_term_string\"}}],\"inLanguage\":\"sk-SK\"},{\"@type\":\"Organization\",\"@id\":\"https:\/\/www.upjs.sk\/lekarska-fakulta\/#organization\",\"name\":\"Lek\u00e1rska fakulta | UPJ\u0160\",\"url\":\"https:\/\/www.upjs.sk\/lekarska-fakulta\/\",\"logo\":{\"@type\":\"ImageObject\",\"inLanguage\":\"sk-SK\",\"@id\":\"https:\/\/www.upjs.sk\/lekarska-fakulta\/#\/schema\/logo\/image\/\",\"url\":\"https:\/\/www.upjs.sk\/app\/uploads\/sites\/9\/2022\/09\/logo-lekarska-fakulta.png\",\"contentUrl\":\"https:\/\/www.upjs.sk\/app\/uploads\/sites\/9\/2022\/09\/logo-lekarska-fakulta.png\",\"width\":415,\"height\":87,\"caption\":\"Lek\u00e1rska fakulta | UPJ\u0160\"},\"image\":{\"@id\":\"https:\/\/www.upjs.sk\/lekarska-fakulta\/#\/schema\/logo\/image\/\"}}]}<\/script>\n<!-- \/ Yoast SEO plugin. -->","yoast_head_json":{"title":"Z\u00e1kladn\u00e9 dokumenty fakulty - Lek\u00e1rska fakulta | UPJ\u0160","robots":{"index":"index","follow":"follow","max-snippet":"max-snippet:-1","max-image-preview":"max-image-preview:large","max-video-preview":"max-video-preview:-1"},"canonical":"https:\/\/www.upjs.sk\/lekarska-fakulta\/fakulta\/zakladne-dokumenty\/","og_locale":"sk_SK","og_type":"article","og_title":"Z\u00e1kladn\u00e9 dokumenty fakulty - Lek\u00e1rska fakulta | UPJ\u0160","og_description":"Legislat\u00edva a vn\u00fatorn\u00e9 predpisy Rozhodnutia dekana, pr\u00edkazy dekana, pokyny dekana, smernice, z\u00e1pisnice kolekt\u00edvnych org\u00e1nov fakulty a&nbsp;ostatn\u00e9 vn\u00fatorn\u00e9 predpisy fakulty a&nbsp;univerzity s\u00fa umiestnen\u00e9 v&nbsp;Intranete UPJ\u0160 (Intranet &#8211; Repozit\u00e1r dokumentov). \u0160tudijn\u00e9 poriadky Informa\u010dn\u00e9 bro\u017e\u00fary a v\u00fdro\u010dn\u00e9 spr\u00e1vy","og_url":"https:\/\/www.upjs.sk\/lekarska-fakulta\/fakulta\/zakladne-dokumenty\/","og_site_name":"Lek\u00e1rska fakulta | UPJ\u0160","article_modified_time":"2026-03-18T08:26:46+00:00","twitter_card":"summary_large_image","twitter_misc":{"Predpokladan\u00fd \u010das \u010d\u00edtania":"3 min\u00faty"},"schema":{"@context":"https:\/\/schema.org","@graph":[{"@type":"WebPage","@id":"https:\/\/www.upjs.sk\/lekarska-fakulta\/fakulta\/zakladne-dokumenty\/","url":"https:\/\/www.upjs.sk\/lekarska-fakulta\/fakulta\/zakladne-dokumenty\/","name":"Z\u00e1kladn\u00e9 dokumenty fakulty - Lek\u00e1rska fakulta | UPJ\u0160","isPartOf":{"@id":"https:\/\/www.upjs.sk\/lekarska-fakulta\/#website"},"datePublished":"2023-04-26T10:32:59+00:00","dateModified":"2026-03-18T08:26:46+00:00","breadcrumb":{"@id":"https:\/\/www.upjs.sk\/lekarska-fakulta\/fakulta\/zakladne-dokumenty\/#breadcrumb"},"inLanguage":"sk-SK","potentialAction":[{"@type":"ReadAction","target":["https:\/\/www.upjs.sk\/lekarska-fakulta\/fakulta\/zakladne-dokumenty\/"]}]},{"@type":"BreadcrumbList","@id":"https:\/\/www.upjs.sk\/lekarska-fakulta\/fakulta\/zakladne-dokumenty\/#breadcrumb","itemListElement":[{"@type":"ListItem","position":1,"name":"Home","item":"https:\/\/www.upjs.sk\/lekarska-fakulta\/"},{"@type":"ListItem","position":2,"name":"O fakulte","item":"https:\/\/www.upjs.sk\/lekarska-fakulta\/fakulta\/"},{"@type":"ListItem","position":3,"name":"Z\u00e1kladn\u00e9 dokumenty fakulty"}]},{"@type":"WebSite","@id":"https:\/\/www.upjs.sk\/lekarska-fakulta\/#website","url":"https:\/\/www.upjs.sk\/lekarska-fakulta\/","name":"Lek\u00e1rska fakulta | UPJ\u0160","description":"","publisher":{"@id":"https:\/\/www.upjs.sk\/lekarska-fakulta\/#organization"},"potentialAction":[{"@type":"SearchAction","target":{"@type":"EntryPoint","urlTemplate":"https:\/\/www.upjs.sk\/lekarska-fakulta\/?s={search_term_string}"},"query-input":{"@type":"PropertyValueSpecification","valueRequired":true,"valueName":"search_term_string"}}],"inLanguage":"sk-SK"},{"@type":"Organization","@id":"https:\/\/www.upjs.sk\/lekarska-fakulta\/#organization","name":"Lek\u00e1rska fakulta | UPJ\u0160","url":"https:\/\/www.upjs.sk\/lekarska-fakulta\/","logo":{"@type":"ImageObject","inLanguage":"sk-SK","@id":"https:\/\/www.upjs.sk\/lekarska-fakulta\/#\/schema\/logo\/image\/","url":"https:\/\/www.upjs.sk\/app\/uploads\/sites\/9\/2022\/09\/logo-lekarska-fakulta.png","contentUrl":"https:\/\/www.upjs.sk\/app\/uploads\/sites\/9\/2022\/09\/logo-lekarska-fakulta.png","width":415,"height":87,"caption":"Lek\u00e1rska fakulta | UPJ\u0160"},"image":{"@id":"https:\/\/www.upjs.sk\/lekarska-fakulta\/#\/schema\/logo\/image\/"}}]}},"_links":{"self":[{"href":"https:\/\/www.upjs.sk\/lekarska-fakulta\/wp-json\/wp\/v2\/pages\/13112","targetHints":{"allow":["GET"]}}],"collection":[{"href":"https:\/\/www.upjs.sk\/lekarska-fakulta\/wp-json\/wp\/v2\/pages"}],"about":[{"href":"https:\/\/www.upjs.sk\/lekarska-fakulta\/wp-json\/wp\/v2\/types\/page"}],"author":[{"embeddable":true,"href":"https:\/\/www.upjs.sk\/lekarska-fakulta\/wp-json\/wp\/v2\/users\/1"}],"replies":[{"embeddable":true,"href":"https:\/\/www.upjs.sk\/lekarska-fakulta\/wp-json\/wp\/v2\/comments?post=13112"}],"version-history":[{"count":19,"href":"https:\/\/www.upjs.sk\/lekarska-fakulta\/wp-json\/wp\/v2\/pages\/13112\/revisions"}],"predecessor-version":[{"id":156452,"href":"https:\/\/www.upjs.sk\/lekarska-fakulta\/wp-json\/wp\/v2\/pages\/13112\/revisions\/156452"}],"up":[{"embeddable":true,"href":"https:\/\/www.upjs.sk\/lekarska-fakulta\/wp-json\/wp\/v2\/pages\/13613"}],"wp:attachment":[{"href":"https:\/\/www.upjs.sk\/lekarska-fakulta\/wp-json\/wp\/v2\/media?parent=13112"}],"wp:term":[{"taxonomy":"category","embeddable":true,"href":"https:\/\/www.upjs.sk\/lekarska-fakulta\/wp-json\/wp\/v2\/categories?post=13112"},{"taxonomy":"post_tag","embeddable":true,"href":"https:\/\/www.upjs.sk\/lekarska-fakulta\/wp-json\/wp\/v2\/tags?post=13112"}],"curies":[{"name":"wp","href":"https:\/\/api.w.org\/{rel}","templated":true}]}}