{"id":131637,"date":"2025-03-07T09:08:45","date_gmt":"2025-03-07T08:08:45","guid":{"rendered":"https:\/\/www.upjs.sk\/lekarska-fakulta\/fakulta\/zo-zivota-fakulty\/veltrh-prilezitosti-v-zdravotnictve-2025-6-februara-2025\/"},"modified":"2025-03-07T09:11:16","modified_gmt":"2025-03-07T08:11:16","slug":"veltrh-prilezitosti-v-zdravotnictve-2025-6-februara-2025","status":"publish","type":"page","link":"https:\/\/www.upjs.sk\/lekarska-fakulta\/fakulta\/zo-zivota-fakulty\/veltrh-prilezitosti-v-zdravotnictve-2025-6-februara-2025\/","title":{"rendered":"Ve\u013etrh pr\u00edle\u017eitost\u00ed v zdravotn\u00edctve 2025 &#8211; 6. febru\u00e1ra\u00a02025"},"content":{"rendered":"<style>.wp-block-kadence-advancedgallery .kb-gallery-type-grid.kb-gallery-id-131637_3832d3-5e{margin:-1.5px;}.kb-gallery-type-grid.kb-gallery-id-131637_3832d3-5e .kadence-blocks-gallery-item{padding:1.5px;}.kb-gallery-id-131637_3832d3-5e .kadence-blocks-gallery-item .kb-gal-image-radius, .kb-gallery-id-131637_3832d3-5e .kb-slide-item .kb-gal-image-radius img{border-radius:0px 0px 0px 0px;;}<\/style><div class=\"kb-gallery-wrap-id-131637_3832d3-5e alignnone wp-block-kadence-advancedgallery\"><ul class=\"kb-gallery-ul kb-gallery-non-static kb-gallery-type-grid kb-gallery-id-131637_3832d3-5e kb-gallery-caption-style-bottom-hover kb-gallery-filter-none kb-gallery-magnific-init\" data-image-filter=\"none\" data-item-selector=\".kadence-blocks-gallery-item\" data-lightbox-caption=\"true\" data-columns-xxl=\"6\" data-columns-xl=\"6\" data-columns-md=\"6\" data-columns-sm=\"4\" data-columns-xs=\"4\" data-columns-ss=\"3\"><li class=\"kadence-blocks-gallery-item\"><div class=\"kadence-blocks-gallery-item-inner\"><figure class=\"kb-gallery-figure kb-gallery-item-has-link kadence-blocks-gallery-item-hide-caption\"><a href=\"https:\/\/www.upjs.sk\/app\/uploads\/sites\/9\/2025\/03\/DSC_8129-scaled.jpg\" class=\"kb-gallery-item-link\"  ><div class=\"kb-gal-image-radius\"><div class=\"kb-gallery-image-contain kadence-blocks-gallery-intrinsic kb-gallery-image-ratio-land32 kb-has-image-ratio-land32\" ><img loading=\"lazy\" decoding=\"async\" src=\"https:\/\/www.upjs.sk\/app\/uploads\/sites\/9\/2025\/03\/DSC_8129-1024x805.jpg\" width=\"1024\" height=\"805\" alt=\"\" data-full-image=\"https:\/\/www.upjs.sk\/app\/uploads\/sites\/9\/2025\/03\/DSC_8129-scaled.jpg\" data-light-image=\"https:\/\/www.upjs.sk\/app\/uploads\/sites\/9\/2025\/03\/DSC_8129-scaled.jpg\" data-id=\"131639\" class=\"wp-image-131639\" srcset=\"https:\/\/www.upjs.sk\/app\/uploads\/sites\/9\/2025\/03\/DSC_8129-1024x805.jpg 1024w, https:\/\/www.upjs.sk\/app\/uploads\/sites\/9\/2025\/03\/DSC_8129-300x236.jpg 300w, https:\/\/www.upjs.sk\/app\/uploads\/sites\/9\/2025\/03\/DSC_8129-768x604.jpg 768w, https:\/\/www.upjs.sk\/app\/uploads\/sites\/9\/2025\/03\/DSC_8129-1536x1207.jpg 1536w, https:\/\/www.upjs.sk\/app\/uploads\/sites\/9\/2025\/03\/DSC_8129-2048x1610.jpg 2048w\" sizes=\"auto, (max-width: 1024px) 100vw, 1024px\" \/><\/div><\/div><\/a><\/figure><\/div><\/li><li class=\"kadence-blocks-gallery-item\"><div class=\"kadence-blocks-gallery-item-inner\"><figure class=\"kb-gallery-figure kb-gallery-item-has-link kadence-blocks-gallery-item-hide-caption\"><a href=\"https:\/\/www.upjs.sk\/app\/uploads\/sites\/9\/2025\/03\/DSC_8132-scaled.jpg\" class=\"kb-gallery-item-link\"  ><div class=\"kb-gal-image-radius\"><div class=\"kb-gallery-image-contain kadence-blocks-gallery-intrinsic kb-gallery-image-ratio-land32 kb-has-image-ratio-land32\" ><img loading=\"lazy\" decoding=\"async\" src=\"https:\/\/www.upjs.sk\/app\/uploads\/sites\/9\/2025\/03\/DSC_8132-1024x683.jpg\" width=\"1024\" height=\"683\" alt=\"\" data-full-image=\"https:\/\/www.upjs.sk\/app\/uploads\/sites\/9\/2025\/03\/DSC_8132-scaled.jpg\" data-light-image=\"https:\/\/www.upjs.sk\/app\/uploads\/sites\/9\/2025\/03\/DSC_8132-scaled.jpg\" data-id=\"131642\" class=\"wp-image-131642\" srcset=\"https:\/\/www.upjs.sk\/app\/uploads\/sites\/9\/2025\/03\/DSC_8132-1024x683.jpg 1024w, https:\/\/www.upjs.sk\/app\/uploads\/sites\/9\/2025\/03\/DSC_8132-300x200.jpg 300w, https:\/\/www.upjs.sk\/app\/uploads\/sites\/9\/2025\/03\/DSC_8132-768x512.jpg 768w, https:\/\/www.upjs.sk\/app\/uploads\/sites\/9\/2025\/03\/DSC_8132-1536x1024.jpg 1536w, https:\/\/www.upjs.sk\/app\/uploads\/sites\/9\/2025\/03\/DSC_8132-2048x1365.jpg 2048w\" sizes=\"auto, (max-width: 1024px) 100vw, 1024px\" \/><\/div><\/div><\/a><\/figure><\/div><\/li><li class=\"kadence-blocks-gallery-item\"><div class=\"kadence-blocks-gallery-item-inner\"><figure class=\"kb-gallery-figure kb-gallery-item-has-link kadence-blocks-gallery-item-hide-caption\"><a href=\"https:\/\/www.upjs.sk\/app\/uploads\/sites\/9\/2025\/03\/DSC_8133-scaled.jpg\" class=\"kb-gallery-item-link\"  ><div class=\"kb-gal-image-radius\"><div class=\"kb-gallery-image-contain kadence-blocks-gallery-intrinsic kb-gallery-image-ratio-land32 kb-has-image-ratio-land32\" ><img loading=\"lazy\" decoding=\"async\" src=\"https:\/\/www.upjs.sk\/app\/uploads\/sites\/9\/2025\/03\/DSC_8133-1024x683.jpg\" width=\"1024\" height=\"683\" alt=\"\" data-full-image=\"https:\/\/www.upjs.sk\/app\/uploads\/sites\/9\/2025\/03\/DSC_8133-scaled.jpg\" data-light-image=\"https:\/\/www.upjs.sk\/app\/uploads\/sites\/9\/2025\/03\/DSC_8133-scaled.jpg\" data-id=\"131645\" class=\"wp-image-131645\" srcset=\"https:\/\/www.upjs.sk\/app\/uploads\/sites\/9\/2025\/03\/DSC_8133-1024x683.jpg 1024w, https:\/\/www.upjs.sk\/app\/uploads\/sites\/9\/2025\/03\/DSC_8133-300x200.jpg 300w, https:\/\/www.upjs.sk\/app\/uploads\/sites\/9\/2025\/03\/DSC_8133-768x512.jpg 768w, https:\/\/www.upjs.sk\/app\/uploads\/sites\/9\/2025\/03\/DSC_8133-1536x1024.jpg 1536w, https:\/\/www.upjs.sk\/app\/uploads\/sites\/9\/2025\/03\/DSC_8133-2048x1365.jpg 2048w\" sizes=\"auto, (max-width: 1024px) 100vw, 1024px\" \/><\/div><\/div><\/a><\/figure><\/div><\/li><li class=\"kadence-blocks-gallery-item\"><div class=\"kadence-blocks-gallery-item-inner\"><figure class=\"kb-gallery-figure kb-gallery-item-has-link kadence-blocks-gallery-item-hide-caption\"><a href=\"https:\/\/www.upjs.sk\/app\/uploads\/sites\/9\/2025\/03\/DSC_8136-scaled.jpg\" class=\"kb-gallery-item-link\"  ><div class=\"kb-gal-image-radius\"><div class=\"kb-gallery-image-contain kadence-blocks-gallery-intrinsic kb-gallery-image-ratio-land32 kb-has-image-ratio-land32\" ><img loading=\"lazy\" decoding=\"async\" src=\"https:\/\/www.upjs.sk\/app\/uploads\/sites\/9\/2025\/03\/DSC_8136-1024x683.jpg\" width=\"1024\" height=\"683\" alt=\"\" data-full-image=\"https:\/\/www.upjs.sk\/app\/uploads\/sites\/9\/2025\/03\/DSC_8136-scaled.jpg\" data-light-image=\"https:\/\/www.upjs.sk\/app\/uploads\/sites\/9\/2025\/03\/DSC_8136-scaled.jpg\" data-id=\"131648\" class=\"wp-image-131648\" srcset=\"https:\/\/www.upjs.sk\/app\/uploads\/sites\/9\/2025\/03\/DSC_8136-1024x683.jpg 1024w, https:\/\/www.upjs.sk\/app\/uploads\/sites\/9\/2025\/03\/DSC_8136-300x200.jpg 300w, https:\/\/www.upjs.sk\/app\/uploads\/sites\/9\/2025\/03\/DSC_8136-768x512.jpg 768w, https:\/\/www.upjs.sk\/app\/uploads\/sites\/9\/2025\/03\/DSC_8136-1536x1024.jpg 1536w, https:\/\/www.upjs.sk\/app\/uploads\/sites\/9\/2025\/03\/DSC_8136-2048x1366.jpg 2048w\" sizes=\"auto, (max-width: 1024px) 100vw, 1024px\" \/><\/div><\/div><\/a><\/figure><\/div><\/li><li class=\"kadence-blocks-gallery-item\"><div class=\"kadence-blocks-gallery-item-inner\"><figure class=\"kb-gallery-figure kb-gallery-item-has-link kadence-blocks-gallery-item-hide-caption\"><a href=\"https:\/\/www.upjs.sk\/app\/uploads\/sites\/9\/2025\/03\/DSC_8141-scaled.jpg\" class=\"kb-gallery-item-link\"  ><div class=\"kb-gal-image-radius\"><div class=\"kb-gallery-image-contain kadence-blocks-gallery-intrinsic kb-gallery-image-ratio-land32 kb-has-image-ratio-land32\" ><img loading=\"lazy\" decoding=\"async\" src=\"https:\/\/www.upjs.sk\/app\/uploads\/sites\/9\/2025\/03\/DSC_8141-1024x726.jpg\" width=\"1024\" height=\"726\" alt=\"\" data-full-image=\"https:\/\/www.upjs.sk\/app\/uploads\/sites\/9\/2025\/03\/DSC_8141-scaled.jpg\" data-light-image=\"https:\/\/www.upjs.sk\/app\/uploads\/sites\/9\/2025\/03\/DSC_8141-scaled.jpg\" data-id=\"131651\" class=\"wp-image-131651\" srcset=\"https:\/\/www.upjs.sk\/app\/uploads\/sites\/9\/2025\/03\/DSC_8141-1024x726.jpg 1024w, https:\/\/www.upjs.sk\/app\/uploads\/sites\/9\/2025\/03\/DSC_8141-300x213.jpg 300w, https:\/\/www.upjs.sk\/app\/uploads\/sites\/9\/2025\/03\/DSC_8141-768x544.jpg 768w, https:\/\/www.upjs.sk\/app\/uploads\/sites\/9\/2025\/03\/DSC_8141-1536x1089.jpg 1536w, https:\/\/www.upjs.sk\/app\/uploads\/sites\/9\/2025\/03\/DSC_8141-2048x1452.jpg 2048w\" sizes=\"auto, (max-width: 1024px) 100vw, 1024px\" \/><\/div><\/div><\/a><\/figure><\/div><\/li><li class=\"kadence-blocks-gallery-item\"><div class=\"kadence-blocks-gallery-item-inner\"><figure class=\"kb-gallery-figure kb-gallery-item-has-link kadence-blocks-gallery-item-hide-caption\"><a href=\"https:\/\/www.upjs.sk\/app\/uploads\/sites\/9\/2025\/03\/DSC_8151-scaled.jpg\" class=\"kb-gallery-item-link\"  ><div class=\"kb-gal-image-radius\"><div class=\"kb-gallery-image-contain kadence-blocks-gallery-intrinsic kb-gallery-image-ratio-land32 kb-has-image-ratio-land32\" ><img loading=\"lazy\" decoding=\"async\" src=\"https:\/\/www.upjs.sk\/app\/uploads\/sites\/9\/2025\/03\/DSC_8151-1024x683.jpg\" width=\"1024\" height=\"683\" alt=\"\" data-full-image=\"https:\/\/www.upjs.sk\/app\/uploads\/sites\/9\/2025\/03\/DSC_8151-scaled.jpg\" data-light-image=\"https:\/\/www.upjs.sk\/app\/uploads\/sites\/9\/2025\/03\/DSC_8151-scaled.jpg\" data-id=\"131654\" class=\"wp-image-131654\" srcset=\"https:\/\/www.upjs.sk\/app\/uploads\/sites\/9\/2025\/03\/DSC_8151-1024x683.jpg 1024w, https:\/\/www.upjs.sk\/app\/uploads\/sites\/9\/2025\/03\/DSC_8151-300x200.jpg 300w, https:\/\/www.upjs.sk\/app\/uploads\/sites\/9\/2025\/03\/DSC_8151-768x512.jpg 768w, https:\/\/www.upjs.sk\/app\/uploads\/sites\/9\/2025\/03\/DSC_8151-1536x1024.jpg 1536w, https:\/\/www.upjs.sk\/app\/uploads\/sites\/9\/2025\/03\/DSC_8151-2048x1366.jpg 2048w\" sizes=\"auto, (max-width: 1024px) 100vw, 1024px\" \/><\/div><\/div><\/a><\/figure><\/div><\/li><li class=\"kadence-blocks-gallery-item\"><div class=\"kadence-blocks-gallery-item-inner\"><figure class=\"kb-gallery-figure kb-gallery-item-has-link kadence-blocks-gallery-item-hide-caption\"><a href=\"https:\/\/www.upjs.sk\/app\/uploads\/sites\/9\/2025\/03\/DSC_8152-scaled.jpg\" class=\"kb-gallery-item-link\"  ><div class=\"kb-gal-image-radius\"><div class=\"kb-gallery-image-contain kadence-blocks-gallery-intrinsic kb-gallery-image-ratio-land32 kb-has-image-ratio-land32\" ><img loading=\"lazy\" decoding=\"async\" src=\"https:\/\/www.upjs.sk\/app\/uploads\/sites\/9\/2025\/03\/DSC_8152-1024x821.jpg\" width=\"1024\" height=\"821\" alt=\"\" data-full-image=\"https:\/\/www.upjs.sk\/app\/uploads\/sites\/9\/2025\/03\/DSC_8152-scaled.jpg\" data-light-image=\"https:\/\/www.upjs.sk\/app\/uploads\/sites\/9\/2025\/03\/DSC_8152-scaled.jpg\" data-id=\"131657\" class=\"wp-image-131657\" srcset=\"https:\/\/www.upjs.sk\/app\/uploads\/sites\/9\/2025\/03\/DSC_8152-1024x821.jpg 1024w, https:\/\/www.upjs.sk\/app\/uploads\/sites\/9\/2025\/03\/DSC_8152-300x241.jpg 300w, https:\/\/www.upjs.sk\/app\/uploads\/sites\/9\/2025\/03\/DSC_8152-768x616.jpg 768w, https:\/\/www.upjs.sk\/app\/uploads\/sites\/9\/2025\/03\/DSC_8152-1536x1232.jpg 1536w, https:\/\/www.upjs.sk\/app\/uploads\/sites\/9\/2025\/03\/DSC_8152-2048x1643.jpg 2048w\" sizes=\"auto, (max-width: 1024px) 100vw, 1024px\" \/><\/div><\/div><\/a><\/figure><\/div><\/li><li class=\"kadence-blocks-gallery-item\"><div class=\"kadence-blocks-gallery-item-inner\"><figure class=\"kb-gallery-figure kb-gallery-item-has-link kadence-blocks-gallery-item-hide-caption\"><a href=\"https:\/\/www.upjs.sk\/app\/uploads\/sites\/9\/2025\/03\/DSC_8162-scaled.jpg\" class=\"kb-gallery-item-link\"  ><div class=\"kb-gal-image-radius\"><div class=\"kb-gallery-image-contain kadence-blocks-gallery-intrinsic kb-gallery-image-ratio-land32 kb-has-image-ratio-land32\" ><img loading=\"lazy\" decoding=\"async\" src=\"https:\/\/www.upjs.sk\/app\/uploads\/sites\/9\/2025\/03\/DSC_8162-1024x756.jpg\" width=\"1024\" height=\"756\" alt=\"\" data-full-image=\"https:\/\/www.upjs.sk\/app\/uploads\/sites\/9\/2025\/03\/DSC_8162-scaled.jpg\" data-light-image=\"https:\/\/www.upjs.sk\/app\/uploads\/sites\/9\/2025\/03\/DSC_8162-scaled.jpg\" data-id=\"131660\" class=\"wp-image-131660\" srcset=\"https:\/\/www.upjs.sk\/app\/uploads\/sites\/9\/2025\/03\/DSC_8162-1024x756.jpg 1024w, https:\/\/www.upjs.sk\/app\/uploads\/sites\/9\/2025\/03\/DSC_8162-300x221.jpg 300w, https:\/\/www.upjs.sk\/app\/uploads\/sites\/9\/2025\/03\/DSC_8162-768x567.jpg 768w, https:\/\/www.upjs.sk\/app\/uploads\/sites\/9\/2025\/03\/DSC_8162-1536x1134.jpg 1536w, https:\/\/www.upjs.sk\/app\/uploads\/sites\/9\/2025\/03\/DSC_8162-2048x1512.jpg 2048w\" sizes=\"auto, (max-width: 1024px) 100vw, 1024px\" \/><\/div><\/div><\/a><\/figure><\/div><\/li><li class=\"kadence-blocks-gallery-item\"><div class=\"kadence-blocks-gallery-item-inner\"><figure class=\"kb-gallery-figure kb-gallery-item-has-link kadence-blocks-gallery-item-hide-caption\"><a href=\"https:\/\/www.upjs.sk\/app\/uploads\/sites\/9\/2025\/03\/DSC_8171-scaled.jpg\" class=\"kb-gallery-item-link\"  ><div class=\"kb-gal-image-radius\"><div class=\"kb-gallery-image-contain kadence-blocks-gallery-intrinsic kb-gallery-image-ratio-land32 kb-has-image-ratio-land32\" ><img loading=\"lazy\" decoding=\"async\" src=\"https:\/\/www.upjs.sk\/app\/uploads\/sites\/9\/2025\/03\/DSC_8171-1024x683.jpg\" width=\"1024\" height=\"683\" alt=\"\" data-full-image=\"https:\/\/www.upjs.sk\/app\/uploads\/sites\/9\/2025\/03\/DSC_8171-scaled.jpg\" data-light-image=\"https:\/\/www.upjs.sk\/app\/uploads\/sites\/9\/2025\/03\/DSC_8171-scaled.jpg\" data-id=\"131663\" class=\"wp-image-131663\" srcset=\"https:\/\/www.upjs.sk\/app\/uploads\/sites\/9\/2025\/03\/DSC_8171-1024x683.jpg 1024w, https:\/\/www.upjs.sk\/app\/uploads\/sites\/9\/2025\/03\/DSC_8171-300x200.jpg 300w, https:\/\/www.upjs.sk\/app\/uploads\/sites\/9\/2025\/03\/DSC_8171-768x512.jpg 768w, https:\/\/www.upjs.sk\/app\/uploads\/sites\/9\/2025\/03\/DSC_8171-1536x1024.jpg 1536w, https:\/\/www.upjs.sk\/app\/uploads\/sites\/9\/2025\/03\/DSC_8171-2048x1365.jpg 2048w\" sizes=\"auto, (max-width: 1024px) 100vw, 1024px\" \/><\/div><\/div><\/a><\/figure><\/div><\/li><li class=\"kadence-blocks-gallery-item\"><div class=\"kadence-blocks-gallery-item-inner\"><figure class=\"kb-gallery-figure kb-gallery-item-has-link kadence-blocks-gallery-item-hide-caption\"><a href=\"https:\/\/www.upjs.sk\/app\/uploads\/sites\/9\/2025\/03\/DSC_8173-scaled.jpg\" class=\"kb-gallery-item-link\"  ><div class=\"kb-gal-image-radius\"><div class=\"kb-gallery-image-contain kadence-blocks-gallery-intrinsic kb-gallery-image-ratio-land32 kb-has-image-ratio-land32\" ><img loading=\"lazy\" decoding=\"async\" src=\"https:\/\/www.upjs.sk\/app\/uploads\/sites\/9\/2025\/03\/DSC_8173-1024x683.jpg\" width=\"1024\" height=\"683\" alt=\"\" data-full-image=\"https:\/\/www.upjs.sk\/app\/uploads\/sites\/9\/2025\/03\/DSC_8173-scaled.jpg\" data-light-image=\"https:\/\/www.upjs.sk\/app\/uploads\/sites\/9\/2025\/03\/DSC_8173-scaled.jpg\" data-id=\"131666\" class=\"wp-image-131666\" srcset=\"https:\/\/www.upjs.sk\/app\/uploads\/sites\/9\/2025\/03\/DSC_8173-1024x683.jpg 1024w, https:\/\/www.upjs.sk\/app\/uploads\/sites\/9\/2025\/03\/DSC_8173-300x200.jpg 300w, https:\/\/www.upjs.sk\/app\/uploads\/sites\/9\/2025\/03\/DSC_8173-768x512.jpg 768w, https:\/\/www.upjs.sk\/app\/uploads\/sites\/9\/2025\/03\/DSC_8173-1536x1024.jpg 1536w, https:\/\/www.upjs.sk\/app\/uploads\/sites\/9\/2025\/03\/DSC_8173-2048x1365.jpg 2048w\" sizes=\"auto, (max-width: 1024px) 100vw, 1024px\" \/><\/div><\/div><\/a><\/figure><\/div><\/li><li class=\"kadence-blocks-gallery-item\"><div class=\"kadence-blocks-gallery-item-inner\"><figure class=\"kb-gallery-figure kb-gallery-item-has-link kadence-blocks-gallery-item-hide-caption\"><a href=\"https:\/\/www.upjs.sk\/app\/uploads\/sites\/9\/2025\/03\/DSC_8176-scaled.jpg\" class=\"kb-gallery-item-link\"  ><div class=\"kb-gal-image-radius\"><div class=\"kb-gallery-image-contain kadence-blocks-gallery-intrinsic kb-gallery-image-ratio-land32 kb-has-image-ratio-land32\" ><img loading=\"lazy\" decoding=\"async\" src=\"https:\/\/www.upjs.sk\/app\/uploads\/sites\/9\/2025\/03\/DSC_8176-1024x683.jpg\" width=\"1024\" height=\"683\" alt=\"\" data-full-image=\"https:\/\/www.upjs.sk\/app\/uploads\/sites\/9\/2025\/03\/DSC_8176-scaled.jpg\" data-light-image=\"https:\/\/www.upjs.sk\/app\/uploads\/sites\/9\/2025\/03\/DSC_8176-scaled.jpg\" data-id=\"131670\" class=\"wp-image-131670\" srcset=\"https:\/\/www.upjs.sk\/app\/uploads\/sites\/9\/2025\/03\/DSC_8176-1024x683.jpg 1024w, https:\/\/www.upjs.sk\/app\/uploads\/sites\/9\/2025\/03\/DSC_8176-300x200.jpg 300w, https:\/\/www.upjs.sk\/app\/uploads\/sites\/9\/2025\/03\/DSC_8176-768x512.jpg 768w, https:\/\/www.upjs.sk\/app\/uploads\/sites\/9\/2025\/03\/DSC_8176-1536x1024.jpg 1536w, https:\/\/www.upjs.sk\/app\/uploads\/sites\/9\/2025\/03\/DSC_8176-2048x1365.jpg 2048w\" sizes=\"auto, (max-width: 1024px) 100vw, 1024px\" \/><\/div><\/div><\/a><\/figure><\/div><\/li><\/ul><\/div>","protected":false},"excerpt":{"rendered":"","protected":false},"author":75,"featured_media":0,"parent":13722,"menu_order":8,"comment_status":"closed","ping_status":"closed","template":"","meta":{"_acf_changed":false,"_editorskit_title_hidden":false,"_editorskit_reading_time":0,"_editorskit_is_block_options_detached":false,"_editorskit_block_options_position":"{}","footnotes":""},"categories":[],"tags":[],"class_list":["post-131637","page","type-page","status-publish","hentry"],"acf":{"acf_link_na_externy_obsah":""},"yoast_head":"<!-- This site is optimized with the Yoast SEO plugin v27.4 - https:\/\/yoast.com\/product\/yoast-seo-wordpress\/ -->\n<title>Ve\u013etrh pr\u00edle\u017eitost\u00ed v zdravotn\u00edctve 2025 - 6. febru\u00e1ra\u00a02025 - Lek\u00e1rska fakulta | UPJ\u0160<\/title>\n<meta name=\"robots\" content=\"index, follow, max-snippet:-1, max-image-preview:large, max-video-preview:-1\" \/>\n<link rel=\"canonical\" href=\"https:\/\/www.upjs.sk\/lekarska-fakulta\/fakulta\/zo-zivota-fakulty\/veltrh-prilezitosti-v-zdravotnictve-2025-6-februara-2025\/\" \/>\n<meta property=\"og:locale\" content=\"sk_SK\" \/>\n<meta property=\"og:type\" content=\"article\" \/>\n<meta property=\"og:title\" content=\"Ve\u013etrh pr\u00edle\u017eitost\u00ed v zdravotn\u00edctve 2025 - 6. febru\u00e1ra\u00a02025 - Lek\u00e1rska fakulta | UPJ\u0160\" \/>\n<meta property=\"og:url\" content=\"https:\/\/www.upjs.sk\/lekarska-fakulta\/fakulta\/zo-zivota-fakulty\/veltrh-prilezitosti-v-zdravotnictve-2025-6-februara-2025\/\" \/>\n<meta property=\"og:site_name\" content=\"Lek\u00e1rska fakulta | UPJ\u0160\" \/>\n<meta property=\"article:modified_time\" content=\"2025-03-07T08:11:16+00:00\" \/>\n<meta name=\"twitter:card\" content=\"summary_large_image\" \/>\n<script type=\"application\/ld+json\" class=\"yoast-schema-graph\">{\"@context\":\"https:\\\/\\\/schema.org\",\"@graph\":[{\"@type\":\"WebPage\",\"@id\":\"https:\\\/\\\/www.upjs.sk\\\/lekarska-fakulta\\\/fakulta\\\/zo-zivota-fakulty\\\/veltrh-prilezitosti-v-zdravotnictve-2025-6-februara-2025\\\/\",\"url\":\"https:\\\/\\\/www.upjs.sk\\\/lekarska-fakulta\\\/fakulta\\\/zo-zivota-fakulty\\\/veltrh-prilezitosti-v-zdravotnictve-2025-6-februara-2025\\\/\",\"name\":\"Ve\u013etrh pr\u00edle\u017eitost\u00ed v zdravotn\u00edctve 2025 - 6. febru\u00e1ra\u00a02025 - Lek\u00e1rska fakulta | UPJ\u0160\",\"isPartOf\":{\"@id\":\"https:\\\/\\\/www.upjs.sk\\\/lekarska-fakulta\\\/#website\"},\"datePublished\":\"2025-03-07T08:08:45+00:00\",\"dateModified\":\"2025-03-07T08:11:16+00:00\",\"breadcrumb\":{\"@id\":\"https:\\\/\\\/www.upjs.sk\\\/lekarska-fakulta\\\/fakulta\\\/zo-zivota-fakulty\\\/veltrh-prilezitosti-v-zdravotnictve-2025-6-februara-2025\\\/#breadcrumb\"},\"inLanguage\":\"sk-SK\",\"potentialAction\":[{\"@type\":\"ReadAction\",\"target\":[\"https:\\\/\\\/www.upjs.sk\\\/lekarska-fakulta\\\/fakulta\\\/zo-zivota-fakulty\\\/veltrh-prilezitosti-v-zdravotnictve-2025-6-februara-2025\\\/\"]}]},{\"@type\":\"BreadcrumbList\",\"@id\":\"https:\\\/\\\/www.upjs.sk\\\/lekarska-fakulta\\\/fakulta\\\/zo-zivota-fakulty\\\/veltrh-prilezitosti-v-zdravotnictve-2025-6-februara-2025\\\/#breadcrumb\",\"itemListElement\":[{\"@type\":\"ListItem\",\"position\":1,\"name\":\"Home\",\"item\":\"https:\\\/\\\/www.upjs.sk\\\/lekarska-fakulta\\\/\"},{\"@type\":\"ListItem\",\"position\":2,\"name\":\"O fakulte\",\"item\":\"https:\\\/\\\/www.upjs.sk\\\/lekarska-fakulta\\\/fakulta\\\/\"},{\"@type\":\"ListItem\",\"position\":3,\"name\":\"Zo \u017eivota fakulty\",\"item\":\"https:\\\/\\\/www.upjs.sk\\\/lekarska-fakulta\\\/fakulta\\\/zo-zivota-fakulty\\\/\"},{\"@type\":\"ListItem\",\"position\":4,\"name\":\"Ve\u013etrh pr\u00edle\u017eitost\u00ed v zdravotn\u00edctve 2025 &#8211; 6. febru\u00e1ra\u00a02025\"}]},{\"@type\":\"WebSite\",\"@id\":\"https:\\\/\\\/www.upjs.sk\\\/lekarska-fakulta\\\/#website\",\"url\":\"https:\\\/\\\/www.upjs.sk\\\/lekarska-fakulta\\\/\",\"name\":\"Lek\u00e1rska fakulta | UPJ\u0160\",\"description\":\"\",\"publisher\":{\"@id\":\"https:\\\/\\\/www.upjs.sk\\\/lekarska-fakulta\\\/#organization\"},\"potentialAction\":[{\"@type\":\"SearchAction\",\"target\":{\"@type\":\"EntryPoint\",\"urlTemplate\":\"https:\\\/\\\/www.upjs.sk\\\/lekarska-fakulta\\\/?s={search_term_string}\"},\"query-input\":{\"@type\":\"PropertyValueSpecification\",\"valueRequired\":true,\"valueName\":\"search_term_string\"}}],\"inLanguage\":\"sk-SK\"},{\"@type\":\"Organization\",\"@id\":\"https:\\\/\\\/www.upjs.sk\\\/lekarska-fakulta\\\/#organization\",\"name\":\"Lek\u00e1rska fakulta | UPJ\u0160\",\"url\":\"https:\\\/\\\/www.upjs.sk\\\/lekarska-fakulta\\\/\",\"logo\":{\"@type\":\"ImageObject\",\"inLanguage\":\"sk-SK\",\"@id\":\"https:\\\/\\\/www.upjs.sk\\\/lekarska-fakulta\\\/#\\\/schema\\\/logo\\\/image\\\/\",\"url\":\"https:\\\/\\\/www.upjs.sk\\\/app\\\/uploads\\\/sites\\\/9\\\/2022\\\/09\\\/logo-lekarska-fakulta.png\",\"contentUrl\":\"https:\\\/\\\/www.upjs.sk\\\/app\\\/uploads\\\/sites\\\/9\\\/2022\\\/09\\\/logo-lekarska-fakulta.png\",\"width\":415,\"height\":87,\"caption\":\"Lek\u00e1rska fakulta | UPJ\u0160\"},\"image\":{\"@id\":\"https:\\\/\\\/www.upjs.sk\\\/lekarska-fakulta\\\/#\\\/schema\\\/logo\\\/image\\\/\"}}]}<\/script>\n<!-- \/ Yoast SEO plugin. -->","yoast_head_json":{"title":"Ve\u013etrh pr\u00edle\u017eitost\u00ed v zdravotn\u00edctve 2025 - 6. febru\u00e1ra\u00a02025 - Lek\u00e1rska fakulta | UPJ\u0160","robots":{"index":"index","follow":"follow","max-snippet":"max-snippet:-1","max-image-preview":"max-image-preview:large","max-video-preview":"max-video-preview:-1"},"canonical":"https:\/\/www.upjs.sk\/lekarska-fakulta\/fakulta\/zo-zivota-fakulty\/veltrh-prilezitosti-v-zdravotnictve-2025-6-februara-2025\/","og_locale":"sk_SK","og_type":"article","og_title":"Ve\u013etrh pr\u00edle\u017eitost\u00ed v zdravotn\u00edctve 2025 - 6. febru\u00e1ra\u00a02025 - Lek\u00e1rska fakulta | UPJ\u0160","og_url":"https:\/\/www.upjs.sk\/lekarska-fakulta\/fakulta\/zo-zivota-fakulty\/veltrh-prilezitosti-v-zdravotnictve-2025-6-februara-2025\/","og_site_name":"Lek\u00e1rska fakulta | UPJ\u0160","article_modified_time":"2025-03-07T08:11:16+00:00","twitter_card":"summary_large_image","schema":{"@context":"https:\/\/schema.org","@graph":[{"@type":"WebPage","@id":"https:\/\/www.upjs.sk\/lekarska-fakulta\/fakulta\/zo-zivota-fakulty\/veltrh-prilezitosti-v-zdravotnictve-2025-6-februara-2025\/","url":"https:\/\/www.upjs.sk\/lekarska-fakulta\/fakulta\/zo-zivota-fakulty\/veltrh-prilezitosti-v-zdravotnictve-2025-6-februara-2025\/","name":"Ve\u013etrh pr\u00edle\u017eitost\u00ed v zdravotn\u00edctve 2025 - 6. febru\u00e1ra\u00a02025 - Lek\u00e1rska fakulta | UPJ\u0160","isPartOf":{"@id":"https:\/\/www.upjs.sk\/lekarska-fakulta\/#website"},"datePublished":"2025-03-07T08:08:45+00:00","dateModified":"2025-03-07T08:11:16+00:00","breadcrumb":{"@id":"https:\/\/www.upjs.sk\/lekarska-fakulta\/fakulta\/zo-zivota-fakulty\/veltrh-prilezitosti-v-zdravotnictve-2025-6-februara-2025\/#breadcrumb"},"inLanguage":"sk-SK","potentialAction":[{"@type":"ReadAction","target":["https:\/\/www.upjs.sk\/lekarska-fakulta\/fakulta\/zo-zivota-fakulty\/veltrh-prilezitosti-v-zdravotnictve-2025-6-februara-2025\/"]}]},{"@type":"BreadcrumbList","@id":"https:\/\/www.upjs.sk\/lekarska-fakulta\/fakulta\/zo-zivota-fakulty\/veltrh-prilezitosti-v-zdravotnictve-2025-6-februara-2025\/#breadcrumb","itemListElement":[{"@type":"ListItem","position":1,"name":"Home","item":"https:\/\/www.upjs.sk\/lekarska-fakulta\/"},{"@type":"ListItem","position":2,"name":"O fakulte","item":"https:\/\/www.upjs.sk\/lekarska-fakulta\/fakulta\/"},{"@type":"ListItem","position":3,"name":"Zo \u017eivota fakulty","item":"https:\/\/www.upjs.sk\/lekarska-fakulta\/fakulta\/zo-zivota-fakulty\/"},{"@type":"ListItem","position":4,"name":"Ve\u013etrh pr\u00edle\u017eitost\u00ed v zdravotn\u00edctve 2025 &#8211; 6. febru\u00e1ra\u00a02025"}]},{"@type":"WebSite","@id":"https:\/\/www.upjs.sk\/lekarska-fakulta\/#website","url":"https:\/\/www.upjs.sk\/lekarska-fakulta\/","name":"Lek\u00e1rska fakulta | UPJ\u0160","description":"","publisher":{"@id":"https:\/\/www.upjs.sk\/lekarska-fakulta\/#organization"},"potentialAction":[{"@type":"SearchAction","target":{"@type":"EntryPoint","urlTemplate":"https:\/\/www.upjs.sk\/lekarska-fakulta\/?s={search_term_string}"},"query-input":{"@type":"PropertyValueSpecification","valueRequired":true,"valueName":"search_term_string"}}],"inLanguage":"sk-SK"},{"@type":"Organization","@id":"https:\/\/www.upjs.sk\/lekarska-fakulta\/#organization","name":"Lek\u00e1rska fakulta | UPJ\u0160","url":"https:\/\/www.upjs.sk\/lekarska-fakulta\/","logo":{"@type":"ImageObject","inLanguage":"sk-SK","@id":"https:\/\/www.upjs.sk\/lekarska-fakulta\/#\/schema\/logo\/image\/","url":"https:\/\/www.upjs.sk\/app\/uploads\/sites\/9\/2022\/09\/logo-lekarska-fakulta.png","contentUrl":"https:\/\/www.upjs.sk\/app\/uploads\/sites\/9\/2022\/09\/logo-lekarska-fakulta.png","width":415,"height":87,"caption":"Lek\u00e1rska fakulta | UPJ\u0160"},"image":{"@id":"https:\/\/www.upjs.sk\/lekarska-fakulta\/#\/schema\/logo\/image\/"}}]}},"_links":{"self":[{"href":"https:\/\/www.upjs.sk\/lekarska-fakulta\/wp-json\/wp\/v2\/pages\/131637","targetHints":{"allow":["GET"]}}],"collection":[{"href":"https:\/\/www.upjs.sk\/lekarska-fakulta\/wp-json\/wp\/v2\/pages"}],"about":[{"href":"https:\/\/www.upjs.sk\/lekarska-fakulta\/wp-json\/wp\/v2\/types\/page"}],"author":[{"embeddable":true,"href":"https:\/\/www.upjs.sk\/lekarska-fakulta\/wp-json\/wp\/v2\/users\/75"}],"replies":[{"embeddable":true,"href":"https:\/\/www.upjs.sk\/lekarska-fakulta\/wp-json\/wp\/v2\/comments?post=131637"}],"version-history":[{"count":2,"href":"https:\/\/www.upjs.sk\/lekarska-fakulta\/wp-json\/wp\/v2\/pages\/131637\/revisions"}],"predecessor-version":[{"id":131673,"href":"https:\/\/www.upjs.sk\/lekarska-fakulta\/wp-json\/wp\/v2\/pages\/131637\/revisions\/131673"}],"up":[{"embeddable":true,"href":"https:\/\/www.upjs.sk\/lekarska-fakulta\/wp-json\/wp\/v2\/pages\/13722"}],"wp:attachment":[{"href":"https:\/\/www.upjs.sk\/lekarska-fakulta\/wp-json\/wp\/v2\/media?parent=131637"}],"wp:term":[{"taxonomy":"category","embeddable":true,"href":"https:\/\/www.upjs.sk\/lekarska-fakulta\/wp-json\/wp\/v2\/categories?post=131637"},{"taxonomy":"post_tag","embeddable":true,"href":"https:\/\/www.upjs.sk\/lekarska-fakulta\/wp-json\/wp\/v2\/tags?post=131637"}],"curies":[{"name":"wp","href":"https:\/\/api.w.org\/{rel}","templated":true}]}}