{"id":13455,"date":"2023-04-15T03:49:51","date_gmt":"2023-04-15T02:49:51","guid":{"rendered":"https:\/\/www.upjs.sk\/lekarska-fakulta\/root\/vyskum-na-fakulte\/vedecke-projekty\/"},"modified":"2024-11-11T15:19:31","modified_gmt":"2024-11-11T14:19:31","slug":"vedecke-projekty","status":"publish","type":"page","link":"https:\/\/www.upjs.sk\/lekarska-fakulta\/vyskum-na-fakulte\/vedecke-projekty\/","title":{"rendered":"Vedeck\u00e9 projekty rie\u0161en\u00e9 na UPJ\u0160 v Ko\u0161iciach, Lek\u00e1rskej fakulte"},"content":{"rendered":"\n<p class=\"has-text-align-left\">Na UPJ\u0160 v&nbsp;Ko\u0161iciach, Lek\u00e1rskej fakulte je ka\u017edoro\u010dne rie\u0161en\u00fdch v&nbsp;priemere 30 projektov z\u00e1kladn\u00e9ho, respekt\u00edve aplikovan\u00e9ho v\u00fdskumu, vr\u00e1tane projektov pre pr\u00edpravu a&nbsp;skvalitnenie \u0161tudijn\u00fdch materi\u00e1lov. Okrem projektov podporovan\u00fdch grantov\u00fdmi sch\u00e9mami ministerstiev SR s\u00fa realizovan\u00e9 aj zahrani\u010dn\u00e9 projekty. Zamestnanci sa akt\u00edvne uch\u00e1dzaj\u00fa aj o&nbsp;projekty v&nbsp;r\u00e1mci v\u00fdskumn\u00e9ho programu E\u00da Horizon 2020. Sum\u00e1rny preh\u013ead rie\u0161en\u00fdch projektov je v&nbsp;nasleduj\u00facej tabu\u013eke. Bli\u017e\u0161ie inform\u00e1cie poskytuj\u00fa <a href=\"https:\/\/www.upjs.sk\/lekarska-fakulta\/vyskum-na-fakulte\/spravy-vvc\/\">Spr\u00e1vy o&nbsp;vedeckov\u00fdskumnej \u010dinnosti<\/a>.<\/p>\n\n\n\n<figure class=\"wp-block-image aligncenter size-full is-resized\"><img loading=\"lazy\" decoding=\"async\" width=\"1959\" height=\"684\" src=\"https:\/\/www.upjs.sk\/app\/uploads\/sites\/9\/2024\/11\/SK-1.jpg\" alt=\"\" class=\"wp-image-123504\" style=\"aspect-ratio:3.670995670995671;width:848px;height:auto\" srcset=\"https:\/\/www.upjs.sk\/app\/uploads\/sites\/9\/2024\/11\/SK-1.jpg 1959w, https:\/\/www.upjs.sk\/app\/uploads\/sites\/9\/2024\/11\/SK-1-300x105.jpg 300w, https:\/\/www.upjs.sk\/app\/uploads\/sites\/9\/2024\/11\/SK-1-1024x358.jpg 1024w, https:\/\/www.upjs.sk\/app\/uploads\/sites\/9\/2024\/11\/SK-1-768x268.jpg 768w, https:\/\/www.upjs.sk\/app\/uploads\/sites\/9\/2024\/11\/SK-1-1536x536.jpg 1536w\" sizes=\"auto, (max-width: 1959px) 100vw, 1959px\" \/><\/figure>\n\n\n\n<p class=\"has-text-align-left\">V\u00fdsledky dosiahnut\u00e9 pri rie\u0161en\u00ed projektov zamestnanci \u00faspe\u0161ne publikuj\u00fa predov\u0161etk\u00fdm v&nbsp;zahrani\u010dn\u00fdch karentovan\u00fdch \u010dasopisoch, o&nbsp;kvalite ktor\u00fdch sved\u010d\u00ed aj rast\u00faci po\u010det cit\u00e1ci\u00ed evidovan\u00fdch v&nbsp;datab\u00e1zach Web of Science, respekt\u00edve Scopus, \u010do dokumentuje tabu\u013eka. Kompletn\u00fd preh\u013ead poskytuje <a href=\"https:\/\/www.upjs.sk\/pracoviska\/univerzitna-kniznica\/evidencia-publikacnej-cinnosti\/\">UK UPJ\u0160<\/a> v&nbsp;\u010dasti Katal\u00f3g EPC UPJ\u0160, respekt\u00edve priamo medzin\u00e1rodn\u00e9 datab\u00e1zy evidencie publika\u010dnej \u010dinnosti napr. Web of Science, Scopus.<\/p>\n\n\n<style>.kb-image13455_c70923-00.kb-image-is-ratio-size, .kb-image13455_c70923-00 .kb-image-is-ratio-size{max-width:850px;width:100%;}.wp-block-kadence-column > .kt-inside-inner-col > .kb-image13455_c70923-00.kb-image-is-ratio-size, .wp-block-kadence-column > .kt-inside-inner-col > .kb-image13455_c70923-00 .kb-image-is-ratio-size{align-self:unset;}.kb-image13455_c70923-00 figure{max-width:850px;}.kb-image13455_c70923-00 .image-is-svg, .kb-image13455_c70923-00 .image-is-svg img{width:100%;}.kb-image13455_c70923-00 .kb-image-has-overlay:after{opacity:0.3;}<\/style>\n<div class=\"wp-block-kadence-image kb-image13455_c70923-00\"><figure class=\"aligncenter size-large\"><a href=\"https:\/\/www.upjs.sk\/app\/uploads\/sites\/9\/2024\/11\/Sk-2-scaled.jpg\" class=\"kb-advanced-image-link\"><img loading=\"lazy\" decoding=\"async\" width=\"1024\" height=\"296\" src=\"https:\/\/www.upjs.sk\/app\/uploads\/sites\/9\/2024\/11\/Sk-2-1024x296.jpg\" alt=\"\" class=\"kb-img wp-image-123507\" srcset=\"https:\/\/www.upjs.sk\/app\/uploads\/sites\/9\/2024\/11\/Sk-2-1024x296.jpg 1024w, https:\/\/www.upjs.sk\/app\/uploads\/sites\/9\/2024\/11\/Sk-2-300x87.jpg 300w, https:\/\/www.upjs.sk\/app\/uploads\/sites\/9\/2024\/11\/Sk-2-768x222.jpg 768w, https:\/\/www.upjs.sk\/app\/uploads\/sites\/9\/2024\/11\/Sk-2-1536x444.jpg 1536w, https:\/\/www.upjs.sk\/app\/uploads\/sites\/9\/2024\/11\/Sk-2-2048x592.jpg 2048w\" sizes=\"auto, (max-width: 1024px) 100vw, 1024px\" \/><\/a><\/figure><\/div>\n","protected":false},"excerpt":{"rendered":"<p>Na UPJ\u0160 v&nbsp;Ko\u0161iciach, Lek\u00e1rskej fakulte je ka\u017edoro\u010dne rie\u0161en\u00fdch v&nbsp;priemere 30 projektov z\u00e1kladn\u00e9ho, respekt\u00edve aplikovan\u00e9ho v\u00fdskumu, vr\u00e1tane projektov pre pr\u00edpravu a&nbsp;skvalitnenie \u0161tudijn\u00fdch materi\u00e1lov. Okrem projektov podporovan\u00fdch grantov\u00fdmi sch\u00e9mami ministerstiev SR s\u00fa realizovan\u00e9 aj zahrani\u010dn\u00e9 projekty. Zamestnanci sa akt\u00edvne uch\u00e1dzaj\u00fa aj o&nbsp;projekty v&nbsp;r\u00e1mci v\u00fdskumn\u00e9ho programu E\u00da Horizon 2020. Sum\u00e1rny preh\u013ead rie\u0161en\u00fdch projektov je v&nbsp;nasleduj\u00facej tabu\u013eke. Bli\u017e\u0161ie inform\u00e1cie &hellip; <a href=\"https:\/\/www.upjs.sk\/lekarska-fakulta\/vyskum-na-fakulte\/vedecke-projekty\/\">\u010c\u00edta\u0165 \u010falej<\/a><\/p>\n","protected":false},"author":1,"featured_media":0,"parent":13130,"menu_order":0,"comment_status":"closed","ping_status":"closed","template":"","meta":{"_acf_changed":false,"_editorskit_title_hidden":false,"_editorskit_reading_time":1,"_editorskit_is_block_options_detached":false,"_editorskit_block_options_position":"{}","footnotes":""},"categories":[],"tags":[],"class_list":["post-13455","page","type-page","status-publish","hentry"],"acf":{"acf_link_na_externy_obsah":""},"yoast_head":"<!-- This site is optimized with the Yoast SEO plugin v27.2 - https:\/\/yoast.com\/product\/yoast-seo-wordpress\/ -->\n<title>Vedeck\u00e9 projekty rie\u0161en\u00e9 na UPJ\u0160 v Ko\u0161iciach, Lek\u00e1rskej fakulte - Lek\u00e1rska fakulta | UPJ\u0160<\/title>\n<meta name=\"robots\" content=\"index, follow, max-snippet:-1, max-image-preview:large, max-video-preview:-1\" \/>\n<link rel=\"canonical\" href=\"https:\/\/www.upjs.sk\/lekarska-fakulta\/vyskum-na-fakulte\/vedecke-projekty\/\" \/>\n<meta property=\"og:locale\" content=\"sk_SK\" \/>\n<meta property=\"og:type\" content=\"article\" \/>\n<meta property=\"og:title\" content=\"Vedeck\u00e9 projekty rie\u0161en\u00e9 na UPJ\u0160 v Ko\u0161iciach, Lek\u00e1rskej fakulte - Lek\u00e1rska fakulta | UPJ\u0160\" \/>\n<meta property=\"og:description\" content=\"Na UPJ\u0160 v&nbsp;Ko\u0161iciach, Lek\u00e1rskej fakulte je ka\u017edoro\u010dne rie\u0161en\u00fdch v&nbsp;priemere 30 projektov z\u00e1kladn\u00e9ho, respekt\u00edve aplikovan\u00e9ho v\u00fdskumu, vr\u00e1tane projektov pre pr\u00edpravu a&nbsp;skvalitnenie \u0161tudijn\u00fdch materi\u00e1lov. Okrem projektov podporovan\u00fdch grantov\u00fdmi sch\u00e9mami ministerstiev SR s\u00fa realizovan\u00e9 aj zahrani\u010dn\u00e9 projekty. Zamestnanci sa akt\u00edvne uch\u00e1dzaj\u00fa aj o&nbsp;projekty v&nbsp;r\u00e1mci v\u00fdskumn\u00e9ho programu E\u00da Horizon 2020. Sum\u00e1rny preh\u013ead rie\u0161en\u00fdch projektov je v&nbsp;nasleduj\u00facej tabu\u013eke. Bli\u017e\u0161ie inform\u00e1cie &hellip; \u010c\u00edta\u0165 \u010falej\" \/>\n<meta property=\"og:url\" content=\"https:\/\/www.upjs.sk\/lekarska-fakulta\/vyskum-na-fakulte\/vedecke-projekty\/\" \/>\n<meta property=\"og:site_name\" content=\"Lek\u00e1rska fakulta | UPJ\u0160\" \/>\n<meta property=\"article:modified_time\" content=\"2024-11-11T14:19:31+00:00\" \/>\n<meta property=\"og:image\" content=\"https:\/\/www.upjs.sk\/app\/uploads\/sites\/9\/2024\/11\/SK-1.jpg\" \/>\n\t<meta property=\"og:image:width\" content=\"1959\" \/>\n\t<meta property=\"og:image:height\" content=\"684\" \/>\n\t<meta property=\"og:image:type\" content=\"image\/jpeg\" \/>\n<meta name=\"twitter:card\" content=\"summary_large_image\" \/>\n<meta name=\"twitter:label1\" content=\"Predpokladan\u00fd \u010das \u010d\u00edtania\" \/>\n\t<meta name=\"twitter:data1\" content=\"2 min\u00faty\" \/>\n<script type=\"application\/ld+json\" class=\"yoast-schema-graph\">{\"@context\":\"https:\/\/schema.org\",\"@graph\":[{\"@type\":\"WebPage\",\"@id\":\"https:\/\/www.upjs.sk\/lekarska-fakulta\/vyskum-na-fakulte\/vedecke-projekty\/\",\"url\":\"https:\/\/www.upjs.sk\/lekarska-fakulta\/vyskum-na-fakulte\/vedecke-projekty\/\",\"name\":\"Vedeck\u00e9 projekty rie\u0161en\u00e9 na UPJ\u0160 v Ko\u0161iciach, Lek\u00e1rskej fakulte - Lek\u00e1rska fakulta | UPJ\u0160\",\"isPartOf\":{\"@id\":\"https:\/\/www.upjs.sk\/lekarska-fakulta\/#website\"},\"primaryImageOfPage\":{\"@id\":\"https:\/\/www.upjs.sk\/lekarska-fakulta\/vyskum-na-fakulte\/vedecke-projekty\/#primaryimage\"},\"image\":{\"@id\":\"https:\/\/www.upjs.sk\/lekarska-fakulta\/vyskum-na-fakulte\/vedecke-projekty\/#primaryimage\"},\"thumbnailUrl\":\"https:\/\/www.upjs.sk\/app\/uploads\/sites\/9\/2024\/11\/SK-1.jpg\",\"datePublished\":\"2023-04-15T02:49:51+00:00\",\"dateModified\":\"2024-11-11T14:19:31+00:00\",\"breadcrumb\":{\"@id\":\"https:\/\/www.upjs.sk\/lekarska-fakulta\/vyskum-na-fakulte\/vedecke-projekty\/#breadcrumb\"},\"inLanguage\":\"sk-SK\",\"potentialAction\":[{\"@type\":\"ReadAction\",\"target\":[\"https:\/\/www.upjs.sk\/lekarska-fakulta\/vyskum-na-fakulte\/vedecke-projekty\/\"]}]},{\"@type\":\"ImageObject\",\"inLanguage\":\"sk-SK\",\"@id\":\"https:\/\/www.upjs.sk\/lekarska-fakulta\/vyskum-na-fakulte\/vedecke-projekty\/#primaryimage\",\"url\":\"https:\/\/www.upjs.sk\/app\/uploads\/sites\/9\/2024\/11\/SK-1.jpg\",\"contentUrl\":\"https:\/\/www.upjs.sk\/app\/uploads\/sites\/9\/2024\/11\/SK-1.jpg\"},{\"@type\":\"BreadcrumbList\",\"@id\":\"https:\/\/www.upjs.sk\/lekarska-fakulta\/vyskum-na-fakulte\/vedecke-projekty\/#breadcrumb\",\"itemListElement\":[{\"@type\":\"ListItem\",\"position\":1,\"name\":\"Home\",\"item\":\"https:\/\/www.upjs.sk\/lekarska-fakulta\/\"},{\"@type\":\"ListItem\",\"position\":2,\"name\":\"Vedeckov\u00fdskumn\u00e1 \u010dinnos\u0165 na fakulte\",\"item\":\"https:\/\/www.upjs.sk\/lekarska-fakulta\/vyskum-na-fakulte\/\"},{\"@type\":\"ListItem\",\"position\":3,\"name\":\"Vedeck\u00e9 projekty rie\u0161en\u00e9 na UPJ\u0160 v Ko\u0161iciach, Lek\u00e1rskej fakulte\"}]},{\"@type\":\"WebSite\",\"@id\":\"https:\/\/www.upjs.sk\/lekarska-fakulta\/#website\",\"url\":\"https:\/\/www.upjs.sk\/lekarska-fakulta\/\",\"name\":\"Lek\u00e1rska fakulta | UPJ\u0160\",\"description\":\"\",\"publisher\":{\"@id\":\"https:\/\/www.upjs.sk\/lekarska-fakulta\/#organization\"},\"potentialAction\":[{\"@type\":\"SearchAction\",\"target\":{\"@type\":\"EntryPoint\",\"urlTemplate\":\"https:\/\/www.upjs.sk\/lekarska-fakulta\/?s={search_term_string}\"},\"query-input\":{\"@type\":\"PropertyValueSpecification\",\"valueRequired\":true,\"valueName\":\"search_term_string\"}}],\"inLanguage\":\"sk-SK\"},{\"@type\":\"Organization\",\"@id\":\"https:\/\/www.upjs.sk\/lekarska-fakulta\/#organization\",\"name\":\"Lek\u00e1rska fakulta | UPJ\u0160\",\"url\":\"https:\/\/www.upjs.sk\/lekarska-fakulta\/\",\"logo\":{\"@type\":\"ImageObject\",\"inLanguage\":\"sk-SK\",\"@id\":\"https:\/\/www.upjs.sk\/lekarska-fakulta\/#\/schema\/logo\/image\/\",\"url\":\"https:\/\/www.upjs.sk\/app\/uploads\/sites\/9\/2022\/09\/logo-lekarska-fakulta.png\",\"contentUrl\":\"https:\/\/www.upjs.sk\/app\/uploads\/sites\/9\/2022\/09\/logo-lekarska-fakulta.png\",\"width\":415,\"height\":87,\"caption\":\"Lek\u00e1rska fakulta | UPJ\u0160\"},\"image\":{\"@id\":\"https:\/\/www.upjs.sk\/lekarska-fakulta\/#\/schema\/logo\/image\/\"}}]}<\/script>\n<!-- \/ Yoast SEO plugin. -->","yoast_head_json":{"title":"Vedeck\u00e9 projekty rie\u0161en\u00e9 na UPJ\u0160 v Ko\u0161iciach, Lek\u00e1rskej fakulte - Lek\u00e1rska fakulta | UPJ\u0160","robots":{"index":"index","follow":"follow","max-snippet":"max-snippet:-1","max-image-preview":"max-image-preview:large","max-video-preview":"max-video-preview:-1"},"canonical":"https:\/\/www.upjs.sk\/lekarska-fakulta\/vyskum-na-fakulte\/vedecke-projekty\/","og_locale":"sk_SK","og_type":"article","og_title":"Vedeck\u00e9 projekty rie\u0161en\u00e9 na UPJ\u0160 v Ko\u0161iciach, Lek\u00e1rskej fakulte - Lek\u00e1rska fakulta | UPJ\u0160","og_description":"Na UPJ\u0160 v&nbsp;Ko\u0161iciach, Lek\u00e1rskej fakulte je ka\u017edoro\u010dne rie\u0161en\u00fdch v&nbsp;priemere 30 projektov z\u00e1kladn\u00e9ho, respekt\u00edve aplikovan\u00e9ho v\u00fdskumu, vr\u00e1tane projektov pre pr\u00edpravu a&nbsp;skvalitnenie \u0161tudijn\u00fdch materi\u00e1lov. Okrem projektov podporovan\u00fdch grantov\u00fdmi sch\u00e9mami ministerstiev SR s\u00fa realizovan\u00e9 aj zahrani\u010dn\u00e9 projekty. Zamestnanci sa akt\u00edvne uch\u00e1dzaj\u00fa aj o&nbsp;projekty v&nbsp;r\u00e1mci v\u00fdskumn\u00e9ho programu E\u00da Horizon 2020. Sum\u00e1rny preh\u013ead rie\u0161en\u00fdch projektov je v&nbsp;nasleduj\u00facej tabu\u013eke. Bli\u017e\u0161ie inform\u00e1cie &hellip; \u010c\u00edta\u0165 \u010falej","og_url":"https:\/\/www.upjs.sk\/lekarska-fakulta\/vyskum-na-fakulte\/vedecke-projekty\/","og_site_name":"Lek\u00e1rska fakulta | UPJ\u0160","article_modified_time":"2024-11-11T14:19:31+00:00","og_image":[{"width":1959,"height":684,"url":"https:\/\/www.upjs.sk\/app\/uploads\/sites\/9\/2024\/11\/SK-1.jpg","type":"image\/jpeg"}],"twitter_card":"summary_large_image","twitter_misc":{"Predpokladan\u00fd \u010das \u010d\u00edtania":"2 min\u00faty"},"schema":{"@context":"https:\/\/schema.org","@graph":[{"@type":"WebPage","@id":"https:\/\/www.upjs.sk\/lekarska-fakulta\/vyskum-na-fakulte\/vedecke-projekty\/","url":"https:\/\/www.upjs.sk\/lekarska-fakulta\/vyskum-na-fakulte\/vedecke-projekty\/","name":"Vedeck\u00e9 projekty rie\u0161en\u00e9 na UPJ\u0160 v Ko\u0161iciach, Lek\u00e1rskej fakulte - Lek\u00e1rska fakulta | UPJ\u0160","isPartOf":{"@id":"https:\/\/www.upjs.sk\/lekarska-fakulta\/#website"},"primaryImageOfPage":{"@id":"https:\/\/www.upjs.sk\/lekarska-fakulta\/vyskum-na-fakulte\/vedecke-projekty\/#primaryimage"},"image":{"@id":"https:\/\/www.upjs.sk\/lekarska-fakulta\/vyskum-na-fakulte\/vedecke-projekty\/#primaryimage"},"thumbnailUrl":"https:\/\/www.upjs.sk\/app\/uploads\/sites\/9\/2024\/11\/SK-1.jpg","datePublished":"2023-04-15T02:49:51+00:00","dateModified":"2024-11-11T14:19:31+00:00","breadcrumb":{"@id":"https:\/\/www.upjs.sk\/lekarska-fakulta\/vyskum-na-fakulte\/vedecke-projekty\/#breadcrumb"},"inLanguage":"sk-SK","potentialAction":[{"@type":"ReadAction","target":["https:\/\/www.upjs.sk\/lekarska-fakulta\/vyskum-na-fakulte\/vedecke-projekty\/"]}]},{"@type":"ImageObject","inLanguage":"sk-SK","@id":"https:\/\/www.upjs.sk\/lekarska-fakulta\/vyskum-na-fakulte\/vedecke-projekty\/#primaryimage","url":"https:\/\/www.upjs.sk\/app\/uploads\/sites\/9\/2024\/11\/SK-1.jpg","contentUrl":"https:\/\/www.upjs.sk\/app\/uploads\/sites\/9\/2024\/11\/SK-1.jpg"},{"@type":"BreadcrumbList","@id":"https:\/\/www.upjs.sk\/lekarska-fakulta\/vyskum-na-fakulte\/vedecke-projekty\/#breadcrumb","itemListElement":[{"@type":"ListItem","position":1,"name":"Home","item":"https:\/\/www.upjs.sk\/lekarska-fakulta\/"},{"@type":"ListItem","position":2,"name":"Vedeckov\u00fdskumn\u00e1 \u010dinnos\u0165 na fakulte","item":"https:\/\/www.upjs.sk\/lekarska-fakulta\/vyskum-na-fakulte\/"},{"@type":"ListItem","position":3,"name":"Vedeck\u00e9 projekty rie\u0161en\u00e9 na UPJ\u0160 v Ko\u0161iciach, Lek\u00e1rskej fakulte"}]},{"@type":"WebSite","@id":"https:\/\/www.upjs.sk\/lekarska-fakulta\/#website","url":"https:\/\/www.upjs.sk\/lekarska-fakulta\/","name":"Lek\u00e1rska fakulta | UPJ\u0160","description":"","publisher":{"@id":"https:\/\/www.upjs.sk\/lekarska-fakulta\/#organization"},"potentialAction":[{"@type":"SearchAction","target":{"@type":"EntryPoint","urlTemplate":"https:\/\/www.upjs.sk\/lekarska-fakulta\/?s={search_term_string}"},"query-input":{"@type":"PropertyValueSpecification","valueRequired":true,"valueName":"search_term_string"}}],"inLanguage":"sk-SK"},{"@type":"Organization","@id":"https:\/\/www.upjs.sk\/lekarska-fakulta\/#organization","name":"Lek\u00e1rska fakulta | UPJ\u0160","url":"https:\/\/www.upjs.sk\/lekarska-fakulta\/","logo":{"@type":"ImageObject","inLanguage":"sk-SK","@id":"https:\/\/www.upjs.sk\/lekarska-fakulta\/#\/schema\/logo\/image\/","url":"https:\/\/www.upjs.sk\/app\/uploads\/sites\/9\/2022\/09\/logo-lekarska-fakulta.png","contentUrl":"https:\/\/www.upjs.sk\/app\/uploads\/sites\/9\/2022\/09\/logo-lekarska-fakulta.png","width":415,"height":87,"caption":"Lek\u00e1rska fakulta | UPJ\u0160"},"image":{"@id":"https:\/\/www.upjs.sk\/lekarska-fakulta\/#\/schema\/logo\/image\/"}}]}},"_links":{"self":[{"href":"https:\/\/www.upjs.sk\/lekarska-fakulta\/wp-json\/wp\/v2\/pages\/13455","targetHints":{"allow":["GET"]}}],"collection":[{"href":"https:\/\/www.upjs.sk\/lekarska-fakulta\/wp-json\/wp\/v2\/pages"}],"about":[{"href":"https:\/\/www.upjs.sk\/lekarska-fakulta\/wp-json\/wp\/v2\/types\/page"}],"author":[{"embeddable":true,"href":"https:\/\/www.upjs.sk\/lekarska-fakulta\/wp-json\/wp\/v2\/users\/1"}],"replies":[{"embeddable":true,"href":"https:\/\/www.upjs.sk\/lekarska-fakulta\/wp-json\/wp\/v2\/comments?post=13455"}],"version-history":[{"count":19,"href":"https:\/\/www.upjs.sk\/lekarska-fakulta\/wp-json\/wp\/v2\/pages\/13455\/revisions"}],"predecessor-version":[{"id":123511,"href":"https:\/\/www.upjs.sk\/lekarska-fakulta\/wp-json\/wp\/v2\/pages\/13455\/revisions\/123511"}],"up":[{"embeddable":true,"href":"https:\/\/www.upjs.sk\/lekarska-fakulta\/wp-json\/wp\/v2\/pages\/13130"}],"wp:attachment":[{"href":"https:\/\/www.upjs.sk\/lekarska-fakulta\/wp-json\/wp\/v2\/media?parent=13455"}],"wp:term":[{"taxonomy":"category","embeddable":true,"href":"https:\/\/www.upjs.sk\/lekarska-fakulta\/wp-json\/wp\/v2\/categories?post=13455"},{"taxonomy":"post_tag","embeddable":true,"href":"https:\/\/www.upjs.sk\/lekarska-fakulta\/wp-json\/wp\/v2\/tags?post=13455"}],"curies":[{"name":"wp","href":"https:\/\/api.w.org\/{rel}","templated":true}]}}