{"id":13538,"date":"2023-02-09T17:09:26","date_gmt":"2023-02-09T16:09:26","guid":{"rendered":"https:\/\/www.upjs.sk\/lekarska-fakulta\/root\/vyskum-na-fakulte\/vedecke-projekty\/cost\/"},"modified":"2023-08-10T13:36:42","modified_gmt":"2023-08-10T12:36:42","slug":"cost","status":"publish","type":"page","link":"https:\/\/www.upjs.sk\/lekarska-fakulta\/vyskum-na-fakulte\/vedecke-projekty\/cost\/","title":{"rendered":"COST projekty"},"content":{"rendered":"<style>.wp-block-kadence-advancedheading.kt-adv-heading_3f3a7b-62, .wp-block-kadence-advancedheading.kt-adv-heading_3f3a7b-62[data-kb-block=\"kb-adv-heading_3f3a7b-62\"]{font-style:normal;}.wp-block-kadence-advancedheading.kt-adv-heading_3f3a7b-62 mark.kt-highlight, .wp-block-kadence-advancedheading.kt-adv-heading_3f3a7b-62[data-kb-block=\"kb-adv-heading_3f3a7b-62\"] mark.kt-highlight{font-style:normal;color:#f76a0c;-webkit-box-decoration-break:clone;box-decoration-break:clone;padding-top:0px;padding-right:0px;padding-bottom:0px;padding-left:0px;}<\/style>\n<h4 class=\"kt-adv-heading_3f3a7b-62 wp-block-kadence-advancedheading\" data-kb-block=\"kb-adv-heading_3f3a7b-62\">Preh\u013ead COST projektov rie\u0161en\u00fdch na fakulte<\/h4>\n\n\n\n<ul class=\"wp-block-list\">\n<li><a href=\"https:\/\/intranet.upjs.sk\/op\/op.Public.php?documentid=8666\" target=\"_blank\" aria-label=\"COST projekty rie\u0161en\u00e9 v roku 2022 (opens in a new tab)\" rel=\"noreferrer noopener\" class=\"ek-link\">COST projekty rie\u0161en\u00e9 v roku 2022<\/a><\/li>\n\n\n\n<li><a href=\"https:\/\/www.upjs.sk\/app\/uploads\/sites\/9\/2023\/04\/priloha1_LF_projekty-sj-OPR-COST.pdf\" class=\"ek-link\">COST projekty rie\u0161en\u00e9 v roku 2021<\/a> <\/li>\n\n\n\n<li><a href=\"https:\/\/www.upjs.sk\/app\/uploads\/sites\/9\/2022\/09\/2020-web-COST_final.pdf\" class=\"ek-link\">COST projekty rie\u0161en\u00e9 v roku 2020<\/a> <\/li>\n\n\n\n<li><a href=\"https:\/\/www.upjs.sk\/app\/uploads\/sites\/9\/2023\/02\/COST2007.pdf\" class=\"ek-link\">COST projekty rie\u0161en\u00e9 v roku 2007<\/a> <\/li>\n\n\n\n<li><a href=\"https:\/\/www.upjs.sk\/app\/uploads\/sites\/9\/2023\/02\/COST2006.pdf\" class=\"ek-link\">COST projekty rie\u0161en\u00e9 v roku 2006<\/a><\/li>\n<\/ul>\n","protected":false},"excerpt":{"rendered":"<p>Preh\u013ead COST projektov rie\u0161en\u00fdch na fakulte<\/p>\n","protected":false},"author":1,"featured_media":0,"parent":13455,"menu_order":4,"comment_status":"closed","ping_status":"closed","template":"","meta":{"_acf_changed":false,"_editorskit_title_hidden":false,"_editorskit_reading_time":1,"_editorskit_is_block_options_detached":false,"_editorskit_block_options_position":"{}","footnotes":""},"categories":[],"tags":[],"class_list":["post-13538","page","type-page","status-publish","hentry"],"acf":{"acf_link_na_externy_obsah":""},"yoast_head":"<!-- This site is optimized with the Yoast SEO plugin v27.4 - https:\/\/yoast.com\/product\/yoast-seo-wordpress\/ -->\n<title>COST projekty - Lek\u00e1rska fakulta | UPJ\u0160<\/title>\n<meta name=\"robots\" content=\"index, follow, max-snippet:-1, max-image-preview:large, max-video-preview:-1\" \/>\n<link rel=\"canonical\" href=\"https:\/\/www.upjs.sk\/lekarska-fakulta\/vyskum-na-fakulte\/vedecke-projekty\/cost\/\" \/>\n<meta property=\"og:locale\" content=\"sk_SK\" \/>\n<meta property=\"og:type\" content=\"article\" \/>\n<meta property=\"og:title\" content=\"COST projekty - Lek\u00e1rska fakulta | UPJ\u0160\" \/>\n<meta property=\"og:description\" content=\"Preh\u013ead COST projektov rie\u0161en\u00fdch na fakulte\" \/>\n<meta property=\"og:url\" content=\"https:\/\/www.upjs.sk\/lekarska-fakulta\/vyskum-na-fakulte\/vedecke-projekty\/cost\/\" \/>\n<meta property=\"og:site_name\" content=\"Lek\u00e1rska fakulta | UPJ\u0160\" \/>\n<meta property=\"article:modified_time\" content=\"2023-08-10T12:36:42+00:00\" \/>\n<meta name=\"twitter:card\" content=\"summary_large_image\" \/>\n<meta name=\"twitter:label1\" content=\"Predpokladan\u00fd \u010das \u010d\u00edtania\" \/>\n\t<meta name=\"twitter:data1\" content=\"1 min\u00fata\" \/>\n<script type=\"application\/ld+json\" class=\"yoast-schema-graph\">{\"@context\":\"https:\\\/\\\/schema.org\",\"@graph\":[{\"@type\":\"WebPage\",\"@id\":\"https:\\\/\\\/www.upjs.sk\\\/lekarska-fakulta\\\/vyskum-na-fakulte\\\/vedecke-projekty\\\/cost\\\/\",\"url\":\"https:\\\/\\\/www.upjs.sk\\\/lekarska-fakulta\\\/vyskum-na-fakulte\\\/vedecke-projekty\\\/cost\\\/\",\"name\":\"COST projekty - Lek\u00e1rska fakulta | UPJ\u0160\",\"isPartOf\":{\"@id\":\"https:\\\/\\\/www.upjs.sk\\\/lekarska-fakulta\\\/#website\"},\"datePublished\":\"2023-02-09T16:09:26+00:00\",\"dateModified\":\"2023-08-10T12:36:42+00:00\",\"breadcrumb\":{\"@id\":\"https:\\\/\\\/www.upjs.sk\\\/lekarska-fakulta\\\/vyskum-na-fakulte\\\/vedecke-projekty\\\/cost\\\/#breadcrumb\"},\"inLanguage\":\"sk-SK\",\"potentialAction\":[{\"@type\":\"ReadAction\",\"target\":[\"https:\\\/\\\/www.upjs.sk\\\/lekarska-fakulta\\\/vyskum-na-fakulte\\\/vedecke-projekty\\\/cost\\\/\"]}]},{\"@type\":\"BreadcrumbList\",\"@id\":\"https:\\\/\\\/www.upjs.sk\\\/lekarska-fakulta\\\/vyskum-na-fakulte\\\/vedecke-projekty\\\/cost\\\/#breadcrumb\",\"itemListElement\":[{\"@type\":\"ListItem\",\"position\":1,\"name\":\"Home\",\"item\":\"https:\\\/\\\/www.upjs.sk\\\/lekarska-fakulta\\\/\"},{\"@type\":\"ListItem\",\"position\":2,\"name\":\"Vedeckov\u00fdskumn\u00e1 \u010dinnos\u0165 na fakulte\",\"item\":\"https:\\\/\\\/www.upjs.sk\\\/lekarska-fakulta\\\/vyskum-na-fakulte\\\/\"},{\"@type\":\"ListItem\",\"position\":3,\"name\":\"Vedeck\u00e9 projekty rie\u0161en\u00e9 na UPJ\u0160 v Ko\u0161iciach, Lek\u00e1rskej fakulte\",\"item\":\"https:\\\/\\\/www.upjs.sk\\\/lekarska-fakulta\\\/vyskum-na-fakulte\\\/vedecke-projekty\\\/\"},{\"@type\":\"ListItem\",\"position\":4,\"name\":\"COST projekty\"}]},{\"@type\":\"WebSite\",\"@id\":\"https:\\\/\\\/www.upjs.sk\\\/lekarska-fakulta\\\/#website\",\"url\":\"https:\\\/\\\/www.upjs.sk\\\/lekarska-fakulta\\\/\",\"name\":\"Lek\u00e1rska fakulta | UPJ\u0160\",\"description\":\"\",\"publisher\":{\"@id\":\"https:\\\/\\\/www.upjs.sk\\\/lekarska-fakulta\\\/#organization\"},\"potentialAction\":[{\"@type\":\"SearchAction\",\"target\":{\"@type\":\"EntryPoint\",\"urlTemplate\":\"https:\\\/\\\/www.upjs.sk\\\/lekarska-fakulta\\\/?s={search_term_string}\"},\"query-input\":{\"@type\":\"PropertyValueSpecification\",\"valueRequired\":true,\"valueName\":\"search_term_string\"}}],\"inLanguage\":\"sk-SK\"},{\"@type\":\"Organization\",\"@id\":\"https:\\\/\\\/www.upjs.sk\\\/lekarska-fakulta\\\/#organization\",\"name\":\"Lek\u00e1rska fakulta | UPJ\u0160\",\"url\":\"https:\\\/\\\/www.upjs.sk\\\/lekarska-fakulta\\\/\",\"logo\":{\"@type\":\"ImageObject\",\"inLanguage\":\"sk-SK\",\"@id\":\"https:\\\/\\\/www.upjs.sk\\\/lekarska-fakulta\\\/#\\\/schema\\\/logo\\\/image\\\/\",\"url\":\"https:\\\/\\\/www.upjs.sk\\\/app\\\/uploads\\\/sites\\\/9\\\/2022\\\/09\\\/logo-lekarska-fakulta.png\",\"contentUrl\":\"https:\\\/\\\/www.upjs.sk\\\/app\\\/uploads\\\/sites\\\/9\\\/2022\\\/09\\\/logo-lekarska-fakulta.png\",\"width\":415,\"height\":87,\"caption\":\"Lek\u00e1rska fakulta | UPJ\u0160\"},\"image\":{\"@id\":\"https:\\\/\\\/www.upjs.sk\\\/lekarska-fakulta\\\/#\\\/schema\\\/logo\\\/image\\\/\"}}]}<\/script>\n<!-- \/ Yoast SEO plugin. -->","yoast_head_json":{"title":"COST projekty - Lek\u00e1rska fakulta | UPJ\u0160","robots":{"index":"index","follow":"follow","max-snippet":"max-snippet:-1","max-image-preview":"max-image-preview:large","max-video-preview":"max-video-preview:-1"},"canonical":"https:\/\/www.upjs.sk\/lekarska-fakulta\/vyskum-na-fakulte\/vedecke-projekty\/cost\/","og_locale":"sk_SK","og_type":"article","og_title":"COST projekty - Lek\u00e1rska fakulta | UPJ\u0160","og_description":"Preh\u013ead COST projektov rie\u0161en\u00fdch na fakulte","og_url":"https:\/\/www.upjs.sk\/lekarska-fakulta\/vyskum-na-fakulte\/vedecke-projekty\/cost\/","og_site_name":"Lek\u00e1rska fakulta | UPJ\u0160","article_modified_time":"2023-08-10T12:36:42+00:00","twitter_card":"summary_large_image","twitter_misc":{"Predpokladan\u00fd \u010das \u010d\u00edtania":"1 min\u00fata"},"schema":{"@context":"https:\/\/schema.org","@graph":[{"@type":"WebPage","@id":"https:\/\/www.upjs.sk\/lekarska-fakulta\/vyskum-na-fakulte\/vedecke-projekty\/cost\/","url":"https:\/\/www.upjs.sk\/lekarska-fakulta\/vyskum-na-fakulte\/vedecke-projekty\/cost\/","name":"COST projekty - Lek\u00e1rska fakulta | UPJ\u0160","isPartOf":{"@id":"https:\/\/www.upjs.sk\/lekarska-fakulta\/#website"},"datePublished":"2023-02-09T16:09:26+00:00","dateModified":"2023-08-10T12:36:42+00:00","breadcrumb":{"@id":"https:\/\/www.upjs.sk\/lekarska-fakulta\/vyskum-na-fakulte\/vedecke-projekty\/cost\/#breadcrumb"},"inLanguage":"sk-SK","potentialAction":[{"@type":"ReadAction","target":["https:\/\/www.upjs.sk\/lekarska-fakulta\/vyskum-na-fakulte\/vedecke-projekty\/cost\/"]}]},{"@type":"BreadcrumbList","@id":"https:\/\/www.upjs.sk\/lekarska-fakulta\/vyskum-na-fakulte\/vedecke-projekty\/cost\/#breadcrumb","itemListElement":[{"@type":"ListItem","position":1,"name":"Home","item":"https:\/\/www.upjs.sk\/lekarska-fakulta\/"},{"@type":"ListItem","position":2,"name":"Vedeckov\u00fdskumn\u00e1 \u010dinnos\u0165 na fakulte","item":"https:\/\/www.upjs.sk\/lekarska-fakulta\/vyskum-na-fakulte\/"},{"@type":"ListItem","position":3,"name":"Vedeck\u00e9 projekty rie\u0161en\u00e9 na UPJ\u0160 v Ko\u0161iciach, Lek\u00e1rskej fakulte","item":"https:\/\/www.upjs.sk\/lekarska-fakulta\/vyskum-na-fakulte\/vedecke-projekty\/"},{"@type":"ListItem","position":4,"name":"COST projekty"}]},{"@type":"WebSite","@id":"https:\/\/www.upjs.sk\/lekarska-fakulta\/#website","url":"https:\/\/www.upjs.sk\/lekarska-fakulta\/","name":"Lek\u00e1rska fakulta | UPJ\u0160","description":"","publisher":{"@id":"https:\/\/www.upjs.sk\/lekarska-fakulta\/#organization"},"potentialAction":[{"@type":"SearchAction","target":{"@type":"EntryPoint","urlTemplate":"https:\/\/www.upjs.sk\/lekarska-fakulta\/?s={search_term_string}"},"query-input":{"@type":"PropertyValueSpecification","valueRequired":true,"valueName":"search_term_string"}}],"inLanguage":"sk-SK"},{"@type":"Organization","@id":"https:\/\/www.upjs.sk\/lekarska-fakulta\/#organization","name":"Lek\u00e1rska fakulta | UPJ\u0160","url":"https:\/\/www.upjs.sk\/lekarska-fakulta\/","logo":{"@type":"ImageObject","inLanguage":"sk-SK","@id":"https:\/\/www.upjs.sk\/lekarska-fakulta\/#\/schema\/logo\/image\/","url":"https:\/\/www.upjs.sk\/app\/uploads\/sites\/9\/2022\/09\/logo-lekarska-fakulta.png","contentUrl":"https:\/\/www.upjs.sk\/app\/uploads\/sites\/9\/2022\/09\/logo-lekarska-fakulta.png","width":415,"height":87,"caption":"Lek\u00e1rska fakulta | UPJ\u0160"},"image":{"@id":"https:\/\/www.upjs.sk\/lekarska-fakulta\/#\/schema\/logo\/image\/"}}]}},"_links":{"self":[{"href":"https:\/\/www.upjs.sk\/lekarska-fakulta\/wp-json\/wp\/v2\/pages\/13538","targetHints":{"allow":["GET"]}}],"collection":[{"href":"https:\/\/www.upjs.sk\/lekarska-fakulta\/wp-json\/wp\/v2\/pages"}],"about":[{"href":"https:\/\/www.upjs.sk\/lekarska-fakulta\/wp-json\/wp\/v2\/types\/page"}],"author":[{"embeddable":true,"href":"https:\/\/www.upjs.sk\/lekarska-fakulta\/wp-json\/wp\/v2\/users\/1"}],"replies":[{"embeddable":true,"href":"https:\/\/www.upjs.sk\/lekarska-fakulta\/wp-json\/wp\/v2\/comments?post=13538"}],"version-history":[{"count":7,"href":"https:\/\/www.upjs.sk\/lekarska-fakulta\/wp-json\/wp\/v2\/pages\/13538\/revisions"}],"predecessor-version":[{"id":93196,"href":"https:\/\/www.upjs.sk\/lekarska-fakulta\/wp-json\/wp\/v2\/pages\/13538\/revisions\/93196"}],"up":[{"embeddable":true,"href":"https:\/\/www.upjs.sk\/lekarska-fakulta\/wp-json\/wp\/v2\/pages\/13455"}],"wp:attachment":[{"href":"https:\/\/www.upjs.sk\/lekarska-fakulta\/wp-json\/wp\/v2\/media?parent=13538"}],"wp:term":[{"taxonomy":"category","embeddable":true,"href":"https:\/\/www.upjs.sk\/lekarska-fakulta\/wp-json\/wp\/v2\/categories?post=13538"},{"taxonomy":"post_tag","embeddable":true,"href":"https:\/\/www.upjs.sk\/lekarska-fakulta\/wp-json\/wp\/v2\/tags?post=13538"}],"curies":[{"name":"wp","href":"https:\/\/api.w.org\/{rel}","templated":true}]}}