{"id":13544,"date":"2023-04-15T14:24:05","date_gmt":"2023-04-15T13:24:05","guid":{"rendered":"https:\/\/www.upjs.sk\/lekarska-fakulta\/root\/vyskum-na-fakulte\/habilitacne-a-inauguracne-konanie\/"},"modified":"2023-07-12T11:35:58","modified_gmt":"2023-07-12T10:35:58","slug":"habilitacne-a-inauguracne-konanie","status":"publish","type":"page","link":"https:\/\/www.upjs.sk\/lekarska-fakulta\/vyskum-na-fakulte\/habilitacne-a-inauguracne-konanie\/","title":{"rendered":"Inaugur\u00e1cie, habilit\u00e1cie a kvalifika\u010dn\u00e9 postupy"},"content":{"rendered":"<style>.kb-image_5e5985-67 .kb-image-has-overlay:after{opacity:0.3;}<\/style>\n<div class=\"wp-block-kadence-image kb-image_5e5985-67\"><figure class=\"aligncenter size-full\"><a href=\"https:\/\/haik.upjs.sk\/\" class=\"kb-advanced-image-link\" target=\"_blank\" rel=\"noopener noreferrer\"><img loading=\"lazy\" decoding=\"async\" width=\"761\" height=\"241\" src=\"https:\/\/www.upjs.sk\/app\/uploads\/sites\/9\/2023\/02\/HAIK.jpg\" alt=\"\" class=\"kb-img wp-image-79020\" srcset=\"https:\/\/www.upjs.sk\/app\/uploads\/sites\/9\/2023\/02\/HAIK.jpg 761w, https:\/\/www.upjs.sk\/app\/uploads\/sites\/9\/2023\/02\/HAIK-300x95.jpg 300w\" sizes=\"auto, (max-width: 761px) 100vw, 761px\" \/><\/a><\/figure><\/div>\n\n\n\n<ul class=\"wp-block-list\">\n<li><a href=\"https:\/\/intranet.upjs.sk\/op\/op.Public.php?documentid=8549\" target=\"_blank\" aria-label=\" (opens in a new tab)\" rel=\"noreferrer noopener\" class=\"ek-link\">Pr\u00e1va uskuto\u010d\u0148ova\u0165 habilita\u010dn\u00e9 konanie a konanie na vymen\u00favanie profesorov<\/a><\/li>\n\n\n\n<li><strong>Rady odborov habilita\u010dn\u00fdch a inaugura\u010dn\u00fdch konan\u00ed (ROHIK)<\/strong>\n\n\n<ul class=\"wp-block-list\">\n<li><a href=\"https:\/\/intranet.upjs.sk\/op\/op.Public.php?documentid=8571\" target=\"_blank\" aria-label=\" (opens in a new tab)\" rel=\"noreferrer noopener\" class=\"ek-link\">Farm\u00e1cia<\/a><\/li>\n\n\n\n<li><a href=\"https:\/\/intranet.upjs.sk\/op\/op.Public.php?documentid=8570\" target=\"_blank\" aria-label=\" (opens in a new tab)\" rel=\"noreferrer noopener\" class=\"ek-link\">V\u0161eobecn\u00e9 lek\u00e1rstvo<\/a><\/li>\n<\/ul>\n<\/li>\n<\/ul>\n\n\n\n<div style=\"height:20px\" aria-hidden=\"true\" class=\"wp-block-spacer\"><\/div>\n\n\n<style>.kt-accordion-id_d77e38-fe .kt-accordion-inner-wrap{column-gap:var(--global-kb-gap-md, 2rem);row-gap:6px;}.kt-accordion-id_d77e38-fe .kt-accordion-panel-inner{border-top:0px solid transparent;border-right:1px solid transparent;border-bottom:1px solid transparent;border-left:1px solid transparent;background:#ffffff;padding-top:12px;padding-right:12px;padding-bottom:12px;padding-left:12px;}.kt-accordion-id_d77e38-fe .wp-block-kadence-pane .kt-accordion-header-wrap .kt-blocks-accordion-header{border-top:1px solid #eeeeee;border-right-color:#eeeeee;border-right-style:solid;border-bottom:6px solid #C19152;border-left-color:#eeeeee;border-left-style:solid;border-top-left-radius:0px;border-top-right-radius:0px;border-bottom-right-radius:0px;border-bottom-left-radius:0px;background:#C92432;font-size:16px;line-height:16px;color:#ffffff;padding-top:6px;padding-right:12px;padding-bottom:6px;padding-left:12px;}.kt-accordion-id_d77e38-fe:not( .kt-accodion-icon-style-basiccircle ):not( .kt-accodion-icon-style-xclosecircle ):not( .kt-accodion-icon-style-arrowcircle ) .kt-blocks-accordion-icon-trigger:after, .kt-accordion-id_d77e38-fe:not( .kt-accodion-icon-style-basiccircle ):not( .kt-accodion-icon-style-xclosecircle ):not( .kt-accodion-icon-style-arrowcircle ) .kt-blocks-accordion-icon-trigger:before{background:#ffffff;}.kt-accordion-id_d77e38-fe:not( .kt-accodion-icon-style-basic ):not( .kt-accodion-icon-style-xclose ):not( .kt-accodion-icon-style-arrow ) .kt-blocks-accordion-icon-trigger{background:#ffffff;}.kt-accordion-id_d77e38-fe:not( .kt-accodion-icon-style-basic ):not( .kt-accodion-icon-style-xclose ):not( .kt-accodion-icon-style-arrow ) .kt-blocks-accordion-icon-trigger:after, .kt-accordion-id_d77e38-fe:not( .kt-accodion-icon-style-basic ):not( .kt-accodion-icon-style-xclose ):not( .kt-accodion-icon-style-arrow ) .kt-blocks-accordion-icon-trigger:before{background:#C92432;}.kt-accordion-id_d77e38-fe .kt-accordion-header-wrap .kt-blocks-accordion-header:hover, body:not(.hide-focus-outline) .kt-accordion-id_d77e38-fe .kt-accordion-header-wrap .kt-blocks-accordion-header:focus-visible{color:#444444;background:#ffffff;border-top:1px solid #d4d4d4;border-right-color:#d4d4d4;border-right-style:solid;border-bottom:6px solid #d4d4d4;border-left-color:#d4d4d4;border-left-style:solid;}.kt-accordion-id_d77e38-fe:not( .kt-accodion-icon-style-basiccircle ):not( .kt-accodion-icon-style-xclosecircle ):not( .kt-accodion-icon-style-arrowcircle ) .kt-blocks-accordion-header:hover .kt-blocks-accordion-icon-trigger:after, .kt-accordion-id_d77e38-fe:not( .kt-accodion-icon-style-basiccircle ):not( .kt-accodion-icon-style-xclosecircle ):not( .kt-accodion-icon-style-arrowcircle ) .kt-blocks-accordion-header:hover .kt-blocks-accordion-icon-trigger:before, body:not(.hide-focus-outline) .kt-accordion-id_d77e38-fe:not( .kt-accodion-icon-style-basiccircle ):not( .kt-accodion-icon-style-xclosecircle ):not( .kt-accodion-icon-style-arrowcircle ) .kt-blocks-accordion--visible .kt-blocks-accordion-icon-trigger:after, body:not(.hide-focus-outline) .kt-accordion-id_d77e38-fe:not( .kt-accodion-icon-style-basiccircle ):not( .kt-accodion-icon-style-xclosecircle ):not( .kt-accodion-icon-style-arrowcircle ) .kt-blocks-accordion-header:focus-visible .kt-blocks-accordion-icon-trigger:before{background:#444444;}.kt-accordion-id_d77e38-fe:not( .kt-accodion-icon-style-basic ):not( .kt-accodion-icon-style-xclose ):not( .kt-accodion-icon-style-arrow ) .kt-blocks-accordion-header:hover .kt-blocks-accordion-icon-trigger, body:not(.hide-focus-outline) .kt-accordion-id_d77e38-fe:not( .kt-accodion-icon-style-basic ):not( .kt-accodion-icon-style-xclose ):not( .kt-accodion-icon-style-arrow ) .kt-blocks-accordion-header:focus-visible .kt-blocks-accordion-icon-trigger{background:#444444;}.kt-accordion-id_d77e38-fe:not( .kt-accodion-icon-style-basic ):not( .kt-accodion-icon-style-xclose ):not( .kt-accodion-icon-style-arrow ) .kt-blocks-accordion-header:hover .kt-blocks-accordion-icon-trigger:after, .kt-accordion-id_d77e38-fe:not( .kt-accodion-icon-style-basic ):not( .kt-accodion-icon-style-xclose ):not( .kt-accodion-icon-style-arrow ) .kt-blocks-accordion-header:hover .kt-blocks-accordion-icon-trigger:before, body:not(.hide-focus-outline) .kt-accordion-id_d77e38-fe:not( .kt-accodion-icon-style-basic ):not( .kt-accodion-icon-style-xclose ):not( .kt-accodion-icon-style-arrow ) .kt-blocks-accordion-header:focus-visible .kt-blocks-accordion-icon-trigger:after, body:not(.hide-focus-outline) .kt-accordion-id_d77e38-fe:not( .kt-accodion-icon-style-basic ):not( .kt-accodion-icon-style-xclose ):not( .kt-accodion-icon-style-arrow ) .kt-blocks-accordion-header:focus-visible .kt-blocks-accordion-icon-trigger:before{background:#ffffff;}.kt-accordion-id_d77e38-fe .kt-accordion-header-wrap .kt-blocks-accordion-header:focus-visible, .kt-accordion-id_d77e38-fe .kt-accordion-header-wrap .kt-blocks-accordion-header.kt-accordion-panel-active{color:#000000;background:#ffffff;border-top:1px solid #D6D6D6;border-right-color:#D6D6D6;border-right-style:solid;border-bottom:6px solid #C19152;border-left-color:#D6D6D6;border-left-style:solid;}.kt-accordion-id_d77e38-fe:not( .kt-accodion-icon-style-basiccircle ):not( .kt-accodion-icon-style-xclosecircle ):not( .kt-accodion-icon-style-arrowcircle ) .kt-blocks-accordion-header.kt-accordion-panel-active .kt-blocks-accordion-icon-trigger:after, .kt-accordion-id_d77e38-fe:not( .kt-accodion-icon-style-basiccircle ):not( .kt-accodion-icon-style-xclosecircle ):not( .kt-accodion-icon-style-arrowcircle ) .kt-blocks-accordion-header.kt-accordion-panel-active .kt-blocks-accordion-icon-trigger:before{background:#000000;}.kt-accordion-id_d77e38-fe:not( .kt-accodion-icon-style-basic ):not( .kt-accodion-icon-style-xclose ):not( .kt-accodion-icon-style-arrow ) .kt-blocks-accordion-header.kt-accordion-panel-active .kt-blocks-accordion-icon-trigger{background:#000000;}.kt-accordion-id_d77e38-fe:not( .kt-accodion-icon-style-basic ):not( .kt-accodion-icon-style-xclose ):not( .kt-accodion-icon-style-arrow ) .kt-blocks-accordion-header.kt-accordion-panel-active .kt-blocks-accordion-icon-trigger:after, .kt-accordion-id_d77e38-fe:not( .kt-accodion-icon-style-basic ):not( .kt-accodion-icon-style-xclose ):not( .kt-accodion-icon-style-arrow ) .kt-blocks-accordion-header.kt-accordion-panel-active .kt-blocks-accordion-icon-trigger:before{background:#ffffff;}@media all and (max-width: 1024px){.kt-accordion-id_d77e38-fe .kt-accordion-panel-inner{border-top:0px solid transparent;border-right:1px solid transparent;border-bottom:1px solid transparent;border-left:1px solid transparent;}}@media all and (max-width: 1024px){.kt-accordion-id_d77e38-fe .wp-block-kadence-pane .kt-accordion-header-wrap .kt-blocks-accordion-header{border-top:1px solid #eeeeee;border-right-color:#eeeeee;border-right-style:solid;border-bottom:6px solid #C19152;border-left-color:#eeeeee;border-left-style:solid;}}@media all and (max-width: 1024px){.kt-accordion-id_d77e38-fe .kt-accordion-header-wrap .kt-blocks-accordion-header:hover, body:not(.hide-focus-outline) .kt-accordion-id_d77e38-fe .kt-accordion-header-wrap .kt-blocks-accordion-header:focus-visible{border-top:1px solid #d4d4d4;border-right-color:#d4d4d4;border-right-style:solid;border-bottom:6px solid #d4d4d4;border-left-color:#d4d4d4;border-left-style:solid;}}@media all and (max-width: 1024px){.kt-accordion-id_d77e38-fe .kt-accordion-header-wrap .kt-blocks-accordion-header:focus-visible, .kt-accordion-id_d77e38-fe .kt-accordion-header-wrap .kt-blocks-accordion-header.kt-accordion-panel-active{border-top:1px solid #D6D6D6;border-right-color:#D6D6D6;border-right-style:solid;border-bottom:6px solid #C19152;border-left-color:#D6D6D6;border-left-style:solid;}}@media all and (max-width: 767px){.kt-accordion-id_d77e38-fe .kt-accordion-inner-wrap{display:block;}.kt-accordion-id_d77e38-fe .kt-accordion-inner-wrap .kt-accordion-pane:not(:first-child){margin-top:6px;}.kt-accordion-id_d77e38-fe .kt-accordion-panel-inner{border-top:0px solid transparent;border-right:1px solid transparent;border-bottom:1px solid transparent;border-left:1px solid transparent;}.kt-accordion-id_d77e38-fe .wp-block-kadence-pane .kt-accordion-header-wrap .kt-blocks-accordion-header{border-top:1px solid #eeeeee;border-right-color:#eeeeee;border-right-style:solid;border-bottom:6px solid #C19152;border-left-color:#eeeeee;border-left-style:solid;}.kt-accordion-id_d77e38-fe .kt-accordion-header-wrap .kt-blocks-accordion-header:hover, body:not(.hide-focus-outline) .kt-accordion-id_d77e38-fe .kt-accordion-header-wrap .kt-blocks-accordion-header:focus-visible{border-top:1px solid #d4d4d4;border-right-color:#d4d4d4;border-right-style:solid;border-bottom:6px solid #d4d4d4;border-left-color:#d4d4d4;border-left-style:solid;}.kt-accordion-id_d77e38-fe .kt-accordion-header-wrap .kt-blocks-accordion-header:focus-visible, .kt-accordion-id_d77e38-fe .kt-accordion-header-wrap .kt-blocks-accordion-header.kt-accordion-panel-active{border-top:1px solid #D6D6D6;border-right-color:#D6D6D6;border-right-style:solid;border-bottom:6px solid #C19152;border-left-color:#D6D6D6;border-left-style:solid;}}<\/style>\n<div class=\"wp-block-kadence-accordion alignnone\"><div class=\"kt-accordion-wrap kt-accordion-id_d77e38-fe kt-accordion-has-12-panes kt-active-pane-0 kt-accordion-block kt-pane-header-alignment-left kt-accodion-icon-style-arrow kt-accodion-icon-side-right\" style=\"max-width:none\"><div class=\"kt-accordion-inner-wrap\" data-allow-multiple-open=\"true\" data-start-open=\"none\">\n<div class=\"wp-block-kadence-pane kt-accordion-pane kt-accordion-pane-2 kt-pane_2ba05c-3c\"><div class=\"kt-accordion-header-wrap\"><button class=\"kt-blocks-accordion-header kt-acccordion-button-label-show\"><span class=\"kt-blocks-accordion-title-wrap\"><span class=\"kt-blocks-accordion-title\">Doktorsk\u00e9 dizert\u00e1cie<\/span><\/span><span class=\"kt-blocks-accordion-icon-trigger\"><\/span><\/button><\/div><div class=\"kt-accordion-panel kt-accordion-panel-hidden\"><div class=\"kt-accordion-panel-inner\">\n<ul class=\"wp-block-list\">\n<li><a href=\"https:\/\/intranet.upjs.sk\/op\/op.Public.php?documentid=6165\" target=\"_blank\" aria-label=\" (opens in a new tab)\" rel=\"noreferrer noopener\" class=\"ek-link\">Metodick\u00fd pokyn rektora \u010d. 1\/2022<\/a> k organiz\u00e1cii obhajob doktorsk\u00fdch dizerta\u010dn\u00fdch pr\u00e1c na UPJ\u0160 v Ko\u0161iciach vo vedn\u00fdch odboroch, v ktor\u00fdch predsedami komisi\u00ed pre obhajoby s\u00fa zamestnanci UPJ\u0160<\/li>\n\n\n\n<li><a href=\"https:\/\/www.slov-lex.sk\/pravne-predpisy\/SK\/ZZ\/1977\/65\/\" target=\"_blank\" aria-label=\" (opens in a new tab)\" rel=\"noreferrer noopener\" class=\"ek-link\">Vyhl\u00e1\u0161ka Slovenskej komisie pre vedeck\u00e9 hodnosti (SKVH) \u010d. 65\/1977 Zb.<\/a> o konan\u00ed pri ude\u013eovan\u00ed vedeck\u00fdch hodnost\u00ed v znen\u00ed vyhl\u00e1\u0161ky SKVH \u010d. 302\/1990 Zb.<\/li>\n\n\n\n<li><a href=\"https:\/\/www.minedu.sk\/slovenska-komisia-pre-vedecke-hodnosti\/\" target=\"_blank\" aria-label=\" (opens in a new tab)\" rel=\"noreferrer noopener\" class=\"ek-link\">Slovensk\u00e1 komisia pre vedeck\u00e9 hodnosti<\/a><\/li>\n<\/ul>\n<\/div><\/div><\/div>\n\n\n\n<div class=\"wp-block-kadence-pane kt-accordion-pane kt-accordion-pane-3 kt-pane_cd873d-1f\"><div class=\"kt-accordion-header-wrap\"><button class=\"kt-blocks-accordion-header kt-acccordion-button-label-show\"><span class=\"kt-blocks-accordion-title-wrap\"><span class=\"kt-blocks-accordion-title\">Kvalifika\u010dn\u00e9 postupy<\/span><\/span><span class=\"kt-blocks-accordion-icon-trigger\"><\/span><\/button><\/div><div class=\"kt-accordion-panel kt-accordion-panel-hidden\"><div class=\"kt-accordion-panel-inner\">\n<ul class=\"wp-block-list\">\n<li><a href=\"https:\/\/www.upjs.sk\/informacie\/vyskum\/vedeckovyskumna-cinnost\/inauguracie-habilitacie\/\" target=\"_blank\" aria-label=\"Vedeck\u00e1 kvalifik\u00e1cia vedeck\u00fdch pracovn\u00edkov (opens in a new tab)\" rel=\"noreferrer noopener\" class=\"ek-link\">Vedeck\u00e1 kvalifik\u00e1cia vedeck\u00fdch pracovn\u00edkov<\/a><\/li>\n<\/ul>\n<\/div><\/div><\/div>\n<\/div><\/div><\/div>\n","protected":false},"excerpt":{"rendered":"","protected":false},"author":1,"featured_media":13545,"parent":13130,"menu_order":2,"comment_status":"closed","ping_status":"closed","template":"","meta":{"_acf_changed":false,"_editorskit_title_hidden":false,"_editorskit_reading_time":1,"_editorskit_is_block_options_detached":false,"_editorskit_block_options_position":"{}","footnotes":""},"categories":[],"tags":[],"class_list":["post-13544","page","type-page","status-publish","has-post-thumbnail","hentry"],"acf":{"acf_link_na_externy_obsah":""},"yoast_head":"<!-- This site is optimized with the Yoast SEO plugin v27.4 - https:\/\/yoast.com\/product\/yoast-seo-wordpress\/ -->\n<title>Inaugur\u00e1cie, habilit\u00e1cie a kvalifika\u010dn\u00e9 postupy - Lek\u00e1rska fakulta | UPJ\u0160<\/title>\n<meta name=\"robots\" content=\"index, follow, max-snippet:-1, max-image-preview:large, max-video-preview:-1\" \/>\n<link rel=\"canonical\" href=\"https:\/\/www.upjs.sk\/lekarska-fakulta\/vyskum-na-fakulte\/habilitacne-a-inauguracne-konanie\/\" \/>\n<meta property=\"og:locale\" content=\"sk_SK\" \/>\n<meta property=\"og:type\" content=\"article\" \/>\n<meta property=\"og:title\" content=\"Inaugur\u00e1cie, habilit\u00e1cie a kvalifika\u010dn\u00e9 postupy - Lek\u00e1rska fakulta | UPJ\u0160\" \/>\n<meta property=\"og:url\" content=\"https:\/\/www.upjs.sk\/lekarska-fakulta\/vyskum-na-fakulte\/habilitacne-a-inauguracne-konanie\/\" \/>\n<meta property=\"og:site_name\" content=\"Lek\u00e1rska fakulta | UPJ\u0160\" \/>\n<meta property=\"article:modified_time\" content=\"2023-07-12T10:35:58+00:00\" \/>\n<meta property=\"og:image\" content=\"https:\/\/www.upjs.sk\/app\/uploads\/sites\/9\/2022\/09\/nove.png\" \/>\n\t<meta property=\"og:image:width\" content=\"32\" \/>\n\t<meta property=\"og:image:height\" content=\"12\" \/>\n\t<meta property=\"og:image:type\" content=\"image\/png\" \/>\n<meta name=\"twitter:card\" content=\"summary_large_image\" \/>\n<meta name=\"twitter:label1\" content=\"Predpokladan\u00fd \u010das \u010d\u00edtania\" \/>\n\t<meta name=\"twitter:data1\" content=\"1 min\u00fata\" \/>\n<script type=\"application\/ld+json\" class=\"yoast-schema-graph\">{\"@context\":\"https:\\\/\\\/schema.org\",\"@graph\":[{\"@type\":\"WebPage\",\"@id\":\"https:\\\/\\\/www.upjs.sk\\\/lekarska-fakulta\\\/vyskum-na-fakulte\\\/habilitacne-a-inauguracne-konanie\\\/\",\"url\":\"https:\\\/\\\/www.upjs.sk\\\/lekarska-fakulta\\\/vyskum-na-fakulte\\\/habilitacne-a-inauguracne-konanie\\\/\",\"name\":\"Inaugur\u00e1cie, habilit\u00e1cie a kvalifika\u010dn\u00e9 postupy - Lek\u00e1rska fakulta | UPJ\u0160\",\"isPartOf\":{\"@id\":\"https:\\\/\\\/www.upjs.sk\\\/lekarska-fakulta\\\/#website\"},\"primaryImageOfPage\":{\"@id\":\"https:\\\/\\\/www.upjs.sk\\\/lekarska-fakulta\\\/vyskum-na-fakulte\\\/habilitacne-a-inauguracne-konanie\\\/#primaryimage\"},\"image\":{\"@id\":\"https:\\\/\\\/www.upjs.sk\\\/lekarska-fakulta\\\/vyskum-na-fakulte\\\/habilitacne-a-inauguracne-konanie\\\/#primaryimage\"},\"thumbnailUrl\":\"https:\\\/\\\/www.upjs.sk\\\/app\\\/uploads\\\/sites\\\/9\\\/2022\\\/09\\\/nove.png\",\"datePublished\":\"2023-04-15T13:24:05+00:00\",\"dateModified\":\"2023-07-12T10:35:58+00:00\",\"breadcrumb\":{\"@id\":\"https:\\\/\\\/www.upjs.sk\\\/lekarska-fakulta\\\/vyskum-na-fakulte\\\/habilitacne-a-inauguracne-konanie\\\/#breadcrumb\"},\"inLanguage\":\"sk-SK\",\"potentialAction\":[{\"@type\":\"ReadAction\",\"target\":[\"https:\\\/\\\/www.upjs.sk\\\/lekarska-fakulta\\\/vyskum-na-fakulte\\\/habilitacne-a-inauguracne-konanie\\\/\"]}]},{\"@type\":\"ImageObject\",\"inLanguage\":\"sk-SK\",\"@id\":\"https:\\\/\\\/www.upjs.sk\\\/lekarska-fakulta\\\/vyskum-na-fakulte\\\/habilitacne-a-inauguracne-konanie\\\/#primaryimage\",\"url\":\"https:\\\/\\\/www.upjs.sk\\\/app\\\/uploads\\\/sites\\\/9\\\/2022\\\/09\\\/nove.png\",\"contentUrl\":\"https:\\\/\\\/www.upjs.sk\\\/app\\\/uploads\\\/sites\\\/9\\\/2022\\\/09\\\/nove.png\",\"width\":32,\"height\":12,\"caption\":\"habilitacne-a-inauguracne-konanie\"},{\"@type\":\"BreadcrumbList\",\"@id\":\"https:\\\/\\\/www.upjs.sk\\\/lekarska-fakulta\\\/vyskum-na-fakulte\\\/habilitacne-a-inauguracne-konanie\\\/#breadcrumb\",\"itemListElement\":[{\"@type\":\"ListItem\",\"position\":1,\"name\":\"Home\",\"item\":\"https:\\\/\\\/www.upjs.sk\\\/lekarska-fakulta\\\/\"},{\"@type\":\"ListItem\",\"position\":2,\"name\":\"Vedeckov\u00fdskumn\u00e1 \u010dinnos\u0165 na fakulte\",\"item\":\"https:\\\/\\\/www.upjs.sk\\\/lekarska-fakulta\\\/vyskum-na-fakulte\\\/\"},{\"@type\":\"ListItem\",\"position\":3,\"name\":\"Inaugur\u00e1cie, habilit\u00e1cie a kvalifika\u010dn\u00e9 postupy\"}]},{\"@type\":\"WebSite\",\"@id\":\"https:\\\/\\\/www.upjs.sk\\\/lekarska-fakulta\\\/#website\",\"url\":\"https:\\\/\\\/www.upjs.sk\\\/lekarska-fakulta\\\/\",\"name\":\"Lek\u00e1rska fakulta | UPJ\u0160\",\"description\":\"\",\"publisher\":{\"@id\":\"https:\\\/\\\/www.upjs.sk\\\/lekarska-fakulta\\\/#organization\"},\"potentialAction\":[{\"@type\":\"SearchAction\",\"target\":{\"@type\":\"EntryPoint\",\"urlTemplate\":\"https:\\\/\\\/www.upjs.sk\\\/lekarska-fakulta\\\/?s={search_term_string}\"},\"query-input\":{\"@type\":\"PropertyValueSpecification\",\"valueRequired\":true,\"valueName\":\"search_term_string\"}}],\"inLanguage\":\"sk-SK\"},{\"@type\":\"Organization\",\"@id\":\"https:\\\/\\\/www.upjs.sk\\\/lekarska-fakulta\\\/#organization\",\"name\":\"Lek\u00e1rska fakulta | UPJ\u0160\",\"url\":\"https:\\\/\\\/www.upjs.sk\\\/lekarska-fakulta\\\/\",\"logo\":{\"@type\":\"ImageObject\",\"inLanguage\":\"sk-SK\",\"@id\":\"https:\\\/\\\/www.upjs.sk\\\/lekarska-fakulta\\\/#\\\/schema\\\/logo\\\/image\\\/\",\"url\":\"https:\\\/\\\/www.upjs.sk\\\/app\\\/uploads\\\/sites\\\/9\\\/2022\\\/09\\\/logo-lekarska-fakulta.png\",\"contentUrl\":\"https:\\\/\\\/www.upjs.sk\\\/app\\\/uploads\\\/sites\\\/9\\\/2022\\\/09\\\/logo-lekarska-fakulta.png\",\"width\":415,\"height\":87,\"caption\":\"Lek\u00e1rska fakulta | UPJ\u0160\"},\"image\":{\"@id\":\"https:\\\/\\\/www.upjs.sk\\\/lekarska-fakulta\\\/#\\\/schema\\\/logo\\\/image\\\/\"}}]}<\/script>\n<!-- \/ Yoast SEO plugin. -->","yoast_head_json":{"title":"Inaugur\u00e1cie, habilit\u00e1cie a kvalifika\u010dn\u00e9 postupy - Lek\u00e1rska fakulta | UPJ\u0160","robots":{"index":"index","follow":"follow","max-snippet":"max-snippet:-1","max-image-preview":"max-image-preview:large","max-video-preview":"max-video-preview:-1"},"canonical":"https:\/\/www.upjs.sk\/lekarska-fakulta\/vyskum-na-fakulte\/habilitacne-a-inauguracne-konanie\/","og_locale":"sk_SK","og_type":"article","og_title":"Inaugur\u00e1cie, habilit\u00e1cie a kvalifika\u010dn\u00e9 postupy - Lek\u00e1rska fakulta | UPJ\u0160","og_url":"https:\/\/www.upjs.sk\/lekarska-fakulta\/vyskum-na-fakulte\/habilitacne-a-inauguracne-konanie\/","og_site_name":"Lek\u00e1rska fakulta | UPJ\u0160","article_modified_time":"2023-07-12T10:35:58+00:00","og_image":[{"width":32,"height":12,"url":"https:\/\/www.upjs.sk\/app\/uploads\/sites\/9\/2022\/09\/nove.png","type":"image\/png"}],"twitter_card":"summary_large_image","twitter_misc":{"Predpokladan\u00fd \u010das \u010d\u00edtania":"1 min\u00fata"},"schema":{"@context":"https:\/\/schema.org","@graph":[{"@type":"WebPage","@id":"https:\/\/www.upjs.sk\/lekarska-fakulta\/vyskum-na-fakulte\/habilitacne-a-inauguracne-konanie\/","url":"https:\/\/www.upjs.sk\/lekarska-fakulta\/vyskum-na-fakulte\/habilitacne-a-inauguracne-konanie\/","name":"Inaugur\u00e1cie, habilit\u00e1cie a kvalifika\u010dn\u00e9 postupy - Lek\u00e1rska fakulta | UPJ\u0160","isPartOf":{"@id":"https:\/\/www.upjs.sk\/lekarska-fakulta\/#website"},"primaryImageOfPage":{"@id":"https:\/\/www.upjs.sk\/lekarska-fakulta\/vyskum-na-fakulte\/habilitacne-a-inauguracne-konanie\/#primaryimage"},"image":{"@id":"https:\/\/www.upjs.sk\/lekarska-fakulta\/vyskum-na-fakulte\/habilitacne-a-inauguracne-konanie\/#primaryimage"},"thumbnailUrl":"https:\/\/www.upjs.sk\/app\/uploads\/sites\/9\/2022\/09\/nove.png","datePublished":"2023-04-15T13:24:05+00:00","dateModified":"2023-07-12T10:35:58+00:00","breadcrumb":{"@id":"https:\/\/www.upjs.sk\/lekarska-fakulta\/vyskum-na-fakulte\/habilitacne-a-inauguracne-konanie\/#breadcrumb"},"inLanguage":"sk-SK","potentialAction":[{"@type":"ReadAction","target":["https:\/\/www.upjs.sk\/lekarska-fakulta\/vyskum-na-fakulte\/habilitacne-a-inauguracne-konanie\/"]}]},{"@type":"ImageObject","inLanguage":"sk-SK","@id":"https:\/\/www.upjs.sk\/lekarska-fakulta\/vyskum-na-fakulte\/habilitacne-a-inauguracne-konanie\/#primaryimage","url":"https:\/\/www.upjs.sk\/app\/uploads\/sites\/9\/2022\/09\/nove.png","contentUrl":"https:\/\/www.upjs.sk\/app\/uploads\/sites\/9\/2022\/09\/nove.png","width":32,"height":12,"caption":"habilitacne-a-inauguracne-konanie"},{"@type":"BreadcrumbList","@id":"https:\/\/www.upjs.sk\/lekarska-fakulta\/vyskum-na-fakulte\/habilitacne-a-inauguracne-konanie\/#breadcrumb","itemListElement":[{"@type":"ListItem","position":1,"name":"Home","item":"https:\/\/www.upjs.sk\/lekarska-fakulta\/"},{"@type":"ListItem","position":2,"name":"Vedeckov\u00fdskumn\u00e1 \u010dinnos\u0165 na fakulte","item":"https:\/\/www.upjs.sk\/lekarska-fakulta\/vyskum-na-fakulte\/"},{"@type":"ListItem","position":3,"name":"Inaugur\u00e1cie, habilit\u00e1cie a kvalifika\u010dn\u00e9 postupy"}]},{"@type":"WebSite","@id":"https:\/\/www.upjs.sk\/lekarska-fakulta\/#website","url":"https:\/\/www.upjs.sk\/lekarska-fakulta\/","name":"Lek\u00e1rska fakulta | UPJ\u0160","description":"","publisher":{"@id":"https:\/\/www.upjs.sk\/lekarska-fakulta\/#organization"},"potentialAction":[{"@type":"SearchAction","target":{"@type":"EntryPoint","urlTemplate":"https:\/\/www.upjs.sk\/lekarska-fakulta\/?s={search_term_string}"},"query-input":{"@type":"PropertyValueSpecification","valueRequired":true,"valueName":"search_term_string"}}],"inLanguage":"sk-SK"},{"@type":"Organization","@id":"https:\/\/www.upjs.sk\/lekarska-fakulta\/#organization","name":"Lek\u00e1rska fakulta | UPJ\u0160","url":"https:\/\/www.upjs.sk\/lekarska-fakulta\/","logo":{"@type":"ImageObject","inLanguage":"sk-SK","@id":"https:\/\/www.upjs.sk\/lekarska-fakulta\/#\/schema\/logo\/image\/","url":"https:\/\/www.upjs.sk\/app\/uploads\/sites\/9\/2022\/09\/logo-lekarska-fakulta.png","contentUrl":"https:\/\/www.upjs.sk\/app\/uploads\/sites\/9\/2022\/09\/logo-lekarska-fakulta.png","width":415,"height":87,"caption":"Lek\u00e1rska fakulta | UPJ\u0160"},"image":{"@id":"https:\/\/www.upjs.sk\/lekarska-fakulta\/#\/schema\/logo\/image\/"}}]}},"_links":{"self":[{"href":"https:\/\/www.upjs.sk\/lekarska-fakulta\/wp-json\/wp\/v2\/pages\/13544","targetHints":{"allow":["GET"]}}],"collection":[{"href":"https:\/\/www.upjs.sk\/lekarska-fakulta\/wp-json\/wp\/v2\/pages"}],"about":[{"href":"https:\/\/www.upjs.sk\/lekarska-fakulta\/wp-json\/wp\/v2\/types\/page"}],"author":[{"embeddable":true,"href":"https:\/\/www.upjs.sk\/lekarska-fakulta\/wp-json\/wp\/v2\/users\/1"}],"replies":[{"embeddable":true,"href":"https:\/\/www.upjs.sk\/lekarska-fakulta\/wp-json\/wp\/v2\/comments?post=13544"}],"version-history":[{"count":24,"href":"https:\/\/www.upjs.sk\/lekarska-fakulta\/wp-json\/wp\/v2\/pages\/13544\/revisions"}],"predecessor-version":[{"id":90333,"href":"https:\/\/www.upjs.sk\/lekarska-fakulta\/wp-json\/wp\/v2\/pages\/13544\/revisions\/90333"}],"up":[{"embeddable":true,"href":"https:\/\/www.upjs.sk\/lekarska-fakulta\/wp-json\/wp\/v2\/pages\/13130"}],"wp:featuredmedia":[{"embeddable":true,"href":"https:\/\/www.upjs.sk\/lekarska-fakulta\/wp-json\/wp\/v2\/media\/13545"}],"wp:attachment":[{"href":"https:\/\/www.upjs.sk\/lekarska-fakulta\/wp-json\/wp\/v2\/media?parent=13544"}],"wp:term":[{"taxonomy":"category","embeddable":true,"href":"https:\/\/www.upjs.sk\/lekarska-fakulta\/wp-json\/wp\/v2\/categories?post=13544"},{"taxonomy":"post_tag","embeddable":true,"href":"https:\/\/www.upjs.sk\/lekarska-fakulta\/wp-json\/wp\/v2\/tags?post=13544"}],"curies":[{"name":"wp","href":"https:\/\/api.w.org\/{rel}","templated":true}]}}