{"id":13562,"date":"2023-02-15T03:10:35","date_gmt":"2023-02-15T02:10:35","guid":{"rendered":"https:\/\/www.upjs.sk\/lekarska-fakulta\/root\/vyskum-na-fakulte\/habilitacne-a-inauguracne-konanie\/predpisy\/"},"modified":"2025-09-09T12:02:26","modified_gmt":"2025-09-09T11:02:26","slug":"predpisy","status":"publish","type":"page","link":"https:\/\/www.upjs.sk\/lekarska-fakulta\/vyskum-na-fakulte\/habilitacne-a-inauguracne-konanie\/predpisy\/","title":{"rendered":"Predpisy"},"content":{"rendered":"\n<ul class=\"wp-block-list\">\n<li><a href=\"https:\/\/www.slov-lex.sk\/static\/pdf\/2019\/246\/ZZ_2019_246_20190901.pdf\" target=\"_blank\" aria-label=\" (opens in a new tab)\" rel=\"noreferrer noopener\" class=\"ek-link\">Vyhl\u00e1\u0161ka M\u0160VVa\u0160 SR \u010d. 246\/2019 Z. z. zo d\u0148a 22. j\u00fala 2019<\/a> o postupe z\u00edskavania vedecko-pedagogick\u00fdch titulov a umelecko-pedagogick\u00fdch titulov docent a profesor, platn\u00e1 od 1.9.2019<\/li>\n\n\n\n<li><a href=\"https:\/\/intranet.upjs.sk\/op\/op.Public.php?documentid=10334\" target=\"_blank\" rel=\"noreferrer noopener\">Rozhodnutie rektora \u010d. 20\/2025, ktor\u00fdm sa upravuje postup z\u00edskavania vedecko-pedagogick\u00fdch titulov a umelecko-pedagogick\u00fdch titulov docent a profesor na Univerzite Pavla Jozefa \u0160af\u00e1rika v&nbsp;Ko\u0161iciach \u2013 od 20.06.2025<\/a><\/li>\n\n\n\n<li><a href=\"https:\/\/intranet.upjs.sk\/op\/op.Public.php?documentid=10335\" target=\"_blank\" rel=\"noreferrer noopener\">Rozhodnutie rektora \u010d. 21\/2025, ktor\u00fdm sa ur\u010duj\u00fa krit\u00e9ri\u00e1 na z\u00edskanie vedecko-pedagogick\u00fdch titulov a umelecko-pedagogick\u00fdch titulov docent a profesor na Univerzite Pavla Jozefa \u0160af\u00e1rika v&nbsp;Ko\u0161iciach &#8211; od 20.06.2025<\/a><\/li>\n\n\n\n<li><a aria-label=\" (opens in a new tab)\" class=\"ek-link\" href=\"https:\/\/www.upjs.sk\/app\/uploads\/sites\/9\/2022\/09\/RR-c.-3_2021_o-urceni-obsahu-habilitacneho-spisu_2020_final.pdf\" target=\"_blank\" rel=\"noreferrer noopener\">Rozhodnutie rektora \u010d. 3\/2021<\/a> o ur\u010den\u00ed obsahu habilita\u010dn\u00e9ho spisu na Univerzite Pavla Jozefa \u0160af\u00e1rika v Ko\u0161iciach a jej s\u00fa\u010dastiach<br><a href=\"https:\/\/www.upjs.sk\/app\/uploads\/sites\/9\/2025\/09\/Dodatok-c.-1-k-RR-c.-3_2021-o-urceni-obsahu-habilitacneho-spisu.pdf\" target=\"_blank\" rel=\"noreferrer noopener\"><strong>Dodatok \u010d. 1 <\/strong>s\u00a0\u00fa\u010dinnos\u0165ou od 01.07.2025<\/a>\u00a0 &#8211; <mark style=\"background-color:rgba(0, 0, 0, 0)\" class=\"has-inline-color has-lekarska-f-color\">NOV\u00c9<\/mark><\/li>\n\n\n\n<li><a aria-label=\" (opens in a new tab)\" class=\"ek-link\" href=\"https:\/\/www.upjs.sk\/app\/uploads\/sites\/9\/2022\/09\/RR-c.-4_2021_o-urceni-obsahu-inauguracneho-spisu_2020_final.pdf\" target=\"_blank\" rel=\"noreferrer noopener\">Rozhodnutie rektora \u010d. 4\/2021<\/a> o ur\u010den\u00ed obsahu inaugura\u010dn\u00e9ho spisu na Univerzite Pavla Jozefa \u0160af\u00e1rika v Ko\u0161iciach a jej s\u00fa\u010dastiach<br><a href=\"https:\/\/www.upjs.sk\/app\/uploads\/sites\/9\/2025\/09\/Dodatok-c.-1-k-RR-4_2021-o-urceni-obsahu-inauguracneho-spisu.pdf\" target=\"_blank\" rel=\"noreferrer noopener\"><strong>Dodatok \u010d. 1 <\/strong>s\u00a0\u00fa\u010dinnos\u0165ou od 01.07.2025<\/a> &#8211; <mark style=\"background-color:rgba(0, 0, 0, 0)\" class=\"has-inline-color has-lekarska-f-color\">NOV\u00c9<\/mark><\/li>\n\n\n\n<li><a href=\"https:\/\/www.upjs.sk\/app\/uploads\/sites\/9\/2022\/09\/RR-10_2021_pedag_zataz.pdf\" target=\"_blank\" aria-label=\" (opens in a new tab)\" rel=\"noreferrer noopener\" class=\"ek-link\">Rozhodnutie rektora \u010d. 10\/2021<\/a> o ur\u010den\u00ed \u0161tandardn\u00e9ho rozvrhu pedagogickej z\u00e1\u0165a\u017ee na UPJ\u0160<\/li>\n\n\n\n<li><a href=\"https:\/\/www.upjs.sk\/app\/uploads\/sites\/9\/2022\/09\/RR-11_2021_kriteria-vyberu-clenov-a-oponentov-HaIK_2020_final.pdf\" target=\"_blank\" aria-label=\" (opens in a new tab)\" rel=\"noreferrer noopener\" class=\"ek-link\">Rozhodnutie rektora \u010d. 11\/2021<\/a>, ktor\u00fdm sa stanovuj\u00fa krit\u00e9ri\u00e1 v\u00fdberu \u010dlenov habilita\u010dn\u00fdch a inaugura\u010dn\u00fdch komisi\u00ed a oponentov v habilita\u010dn\u00fdch a inaugura\u010dn\u00fdch konaniach na Univerzite Pavla Jozefa \u0160af\u00e1rika v Ko\u0161iciach<\/li>\n\n\n\n<li><a href=\"https:\/\/www.upjs.sk\/app\/uploads\/sites\/9\/2022\/09\/RR-6_2020_podm-vyuzitia-telekonf_-HaI_na_UPJS.pdf\" target=\"_blank\" aria-label=\" (opens in a new tab)\" rel=\"noreferrer noopener\" class=\"ek-link\">Rozhodnutie rektora \u010d. 6\/2020<\/a>, ktor\u00fdm sa ur\u010duj\u00fa podmienky vyu\u017eitia telekonferen\u010dnej techniky pre \u00fa\u010dely habilita\u010dn\u00e9ho a inaugura\u010dn\u00e9ho konania na Univerzite Pavla Jozefa \u0160af\u00e1rika v Ko\u0161iciach<\/li>\n\n\n\n<li><u><a aria-label=\" (opens in a new tab)\" href=\"https:\/\/intranet.upjs.sk\/op\/op.Public.php?documentid=9279\" target=\"_blank\" rel=\"noreferrer noopener\" class=\"ek-link\">Rozhodnutie rektora \u010d. 5\/2023<\/a>,<\/u> ktor\u00e9 stanovuje rozsah, sp\u00f4sob a postup pou\u017eitia softv\u00e9rov\u00fdch n\u00e1strojov na odha\u013eovanie plagi\u00e1torstva na Univerzite Pavla Jozefa \u0160af\u00e1rika v Ko\u0161iciach<\/li>\n\n\n\n<li><u><a href=\"https:\/\/intranet.upjs.sk\/op\/op.ViewOnline.php?documentid=9728&amp;version=1\" target=\"_blank\" rel=\"noreferrer noopener\">Rozhodnutie dekana \u010d. 5\/2024<\/a><\/u>, ktor\u00fdm sa stanovuj\u00fa lehoty pri pod\u00e1van\u00ed \u017eiadosti o udelenie vedecko-pedagogick\u00e9ho titulu docent a \u017eiadosti o vymenovanie za profesora&nbsp; na Univerzite Pavla Jozefa \u0160af\u00e1rika v Ko\u0161iciach, Lek\u00e1rskej fakulte<\/li>\n<\/ul>\n\n\n\n<div style=\"height:20px\" aria-hidden=\"true\" class=\"wp-block-spacer\"><\/div>\n\n\n\n<p><a href=\"https:\/\/www.upjs.sk\/lekarska-fakulta\/vyskum-na-fakulte\/habilitacne-a-inauguracne-konanie\/predpisy\/platne-do-31-08-2021\/\" class=\"ek-link\">Predpisy platn\u00e9 do 31.08.2021<\/a><\/p>\n\n\n\n<p><strong>Predpisy platn\u00e9 do 19.06.2025<\/strong><\/p>\n\n\n\n<ul class=\"wp-block-list\">\n<li><a aria-label=\" (opens in a new tab)\" class=\"ek-link\" href=\"https:\/\/www.upjs.sk\/app\/uploads\/sites\/9\/2022\/09\/RR-c_1_2021_o-postupe-ziskavania-titulov-doc-a-prof.pdf\" target=\"_blank\" rel=\"noreferrer noopener\">Rozhodnutie rektora \u010d. 1\/2021<\/a>, ktor\u00fdm sa upravuje postup z\u00edskavania vedecko-pedagogick\u00fdch titulov a umelecko-pedagogick\u00fdch titulov docent a profesor na Univerzite Pavla Jozefa \u0160af\u00e1rika v Ko\u0161iciach<\/li>\n\n\n\n<li><a aria-label=\" (opens in a new tab)\" class=\"ek-link\" href=\"https:\/\/intranet.upjs.sk\/op\/op.Public.php?documentid=6162\" target=\"_blank\" rel=\"noreferrer noopener\">Rozhodnutie rektora \u010d. 2\/2021<\/a>, ktor\u00fdm sa ur\u010duj\u00fa krit\u00e9ri\u00e1 na z\u00edskanie vedecko-pedagogick\u00fdch titulov a umelecko-pedagogick\u00fdch titulov docent a profesor na Univerzite Pavla Jozefa \u0160af\u00e1rika v Ko\u0161iciach<\/li>\n<\/ul>\n","protected":false},"excerpt":{"rendered":"<p>Predpisy platn\u00e9 do 31.08.2021 Predpisy platn\u00e9 do 19.06.2025<\/p>\n","protected":false},"author":1,"featured_media":0,"parent":13544,"menu_order":4,"comment_status":"closed","ping_status":"closed","template":"","meta":{"_acf_changed":false,"_editorskit_title_hidden":false,"_editorskit_reading_time":1,"_editorskit_is_block_options_detached":false,"_editorskit_block_options_position":"{}","footnotes":""},"categories":[],"tags":[],"class_list":["post-13562","page","type-page","status-publish","hentry"],"acf":{"acf_link_na_externy_obsah":""},"yoast_head":"<!-- This site is optimized with the Yoast SEO plugin v27.4 - https:\/\/yoast.com\/product\/yoast-seo-wordpress\/ -->\n<title>Predpisy - Lek\u00e1rska fakulta | UPJ\u0160<\/title>\n<meta name=\"robots\" content=\"index, follow, max-snippet:-1, max-image-preview:large, max-video-preview:-1\" \/>\n<link rel=\"canonical\" href=\"https:\/\/www.upjs.sk\/lekarska-fakulta\/vyskum-na-fakulte\/habilitacne-a-inauguracne-konanie\/predpisy\/\" \/>\n<meta property=\"og:locale\" content=\"sk_SK\" \/>\n<meta property=\"og:type\" content=\"article\" \/>\n<meta property=\"og:title\" content=\"Predpisy - Lek\u00e1rska fakulta | UPJ\u0160\" \/>\n<meta property=\"og:description\" content=\"Predpisy platn\u00e9 do 31.08.2021 Predpisy platn\u00e9 do 19.06.2025\" \/>\n<meta property=\"og:url\" content=\"https:\/\/www.upjs.sk\/lekarska-fakulta\/vyskum-na-fakulte\/habilitacne-a-inauguracne-konanie\/predpisy\/\" \/>\n<meta property=\"og:site_name\" content=\"Lek\u00e1rska fakulta | UPJ\u0160\" \/>\n<meta property=\"article:modified_time\" content=\"2025-09-09T11:02:26+00:00\" \/>\n<meta name=\"twitter:card\" content=\"summary_large_image\" \/>\n<meta name=\"twitter:label1\" content=\"Predpokladan\u00fd \u010das \u010d\u00edtania\" \/>\n\t<meta name=\"twitter:data1\" content=\"2 min\u00faty\" \/>\n<script type=\"application\/ld+json\" class=\"yoast-schema-graph\">{\"@context\":\"https:\\\/\\\/schema.org\",\"@graph\":[{\"@type\":\"WebPage\",\"@id\":\"https:\\\/\\\/www.upjs.sk\\\/lekarska-fakulta\\\/vyskum-na-fakulte\\\/habilitacne-a-inauguracne-konanie\\\/predpisy\\\/\",\"url\":\"https:\\\/\\\/www.upjs.sk\\\/lekarska-fakulta\\\/vyskum-na-fakulte\\\/habilitacne-a-inauguracne-konanie\\\/predpisy\\\/\",\"name\":\"Predpisy - Lek\u00e1rska fakulta | UPJ\u0160\",\"isPartOf\":{\"@id\":\"https:\\\/\\\/www.upjs.sk\\\/lekarska-fakulta\\\/#website\"},\"datePublished\":\"2023-02-15T02:10:35+00:00\",\"dateModified\":\"2025-09-09T11:02:26+00:00\",\"breadcrumb\":{\"@id\":\"https:\\\/\\\/www.upjs.sk\\\/lekarska-fakulta\\\/vyskum-na-fakulte\\\/habilitacne-a-inauguracne-konanie\\\/predpisy\\\/#breadcrumb\"},\"inLanguage\":\"sk-SK\",\"potentialAction\":[{\"@type\":\"ReadAction\",\"target\":[\"https:\\\/\\\/www.upjs.sk\\\/lekarska-fakulta\\\/vyskum-na-fakulte\\\/habilitacne-a-inauguracne-konanie\\\/predpisy\\\/\"]}]},{\"@type\":\"BreadcrumbList\",\"@id\":\"https:\\\/\\\/www.upjs.sk\\\/lekarska-fakulta\\\/vyskum-na-fakulte\\\/habilitacne-a-inauguracne-konanie\\\/predpisy\\\/#breadcrumb\",\"itemListElement\":[{\"@type\":\"ListItem\",\"position\":1,\"name\":\"Home\",\"item\":\"https:\\\/\\\/www.upjs.sk\\\/lekarska-fakulta\\\/\"},{\"@type\":\"ListItem\",\"position\":2,\"name\":\"Vedeckov\u00fdskumn\u00e1 \u010dinnos\u0165 na fakulte\",\"item\":\"https:\\\/\\\/www.upjs.sk\\\/lekarska-fakulta\\\/vyskum-na-fakulte\\\/\"},{\"@type\":\"ListItem\",\"position\":3,\"name\":\"Inaugur\u00e1cie, habilit\u00e1cie a kvalifika\u010dn\u00e9 postupy\",\"item\":\"https:\\\/\\\/www.upjs.sk\\\/lekarska-fakulta\\\/vyskum-na-fakulte\\\/habilitacne-a-inauguracne-konanie\\\/\"},{\"@type\":\"ListItem\",\"position\":4,\"name\":\"Predpisy\"}]},{\"@type\":\"WebSite\",\"@id\":\"https:\\\/\\\/www.upjs.sk\\\/lekarska-fakulta\\\/#website\",\"url\":\"https:\\\/\\\/www.upjs.sk\\\/lekarska-fakulta\\\/\",\"name\":\"Lek\u00e1rska fakulta | UPJ\u0160\",\"description\":\"\",\"publisher\":{\"@id\":\"https:\\\/\\\/www.upjs.sk\\\/lekarska-fakulta\\\/#organization\"},\"potentialAction\":[{\"@type\":\"SearchAction\",\"target\":{\"@type\":\"EntryPoint\",\"urlTemplate\":\"https:\\\/\\\/www.upjs.sk\\\/lekarska-fakulta\\\/?s={search_term_string}\"},\"query-input\":{\"@type\":\"PropertyValueSpecification\",\"valueRequired\":true,\"valueName\":\"search_term_string\"}}],\"inLanguage\":\"sk-SK\"},{\"@type\":\"Organization\",\"@id\":\"https:\\\/\\\/www.upjs.sk\\\/lekarska-fakulta\\\/#organization\",\"name\":\"Lek\u00e1rska fakulta | UPJ\u0160\",\"url\":\"https:\\\/\\\/www.upjs.sk\\\/lekarska-fakulta\\\/\",\"logo\":{\"@type\":\"ImageObject\",\"inLanguage\":\"sk-SK\",\"@id\":\"https:\\\/\\\/www.upjs.sk\\\/lekarska-fakulta\\\/#\\\/schema\\\/logo\\\/image\\\/\",\"url\":\"https:\\\/\\\/www.upjs.sk\\\/app\\\/uploads\\\/sites\\\/9\\\/2022\\\/09\\\/logo-lekarska-fakulta.png\",\"contentUrl\":\"https:\\\/\\\/www.upjs.sk\\\/app\\\/uploads\\\/sites\\\/9\\\/2022\\\/09\\\/logo-lekarska-fakulta.png\",\"width\":415,\"height\":87,\"caption\":\"Lek\u00e1rska fakulta | UPJ\u0160\"},\"image\":{\"@id\":\"https:\\\/\\\/www.upjs.sk\\\/lekarska-fakulta\\\/#\\\/schema\\\/logo\\\/image\\\/\"}}]}<\/script>\n<!-- \/ Yoast SEO plugin. -->","yoast_head_json":{"title":"Predpisy - Lek\u00e1rska fakulta | UPJ\u0160","robots":{"index":"index","follow":"follow","max-snippet":"max-snippet:-1","max-image-preview":"max-image-preview:large","max-video-preview":"max-video-preview:-1"},"canonical":"https:\/\/www.upjs.sk\/lekarska-fakulta\/vyskum-na-fakulte\/habilitacne-a-inauguracne-konanie\/predpisy\/","og_locale":"sk_SK","og_type":"article","og_title":"Predpisy - Lek\u00e1rska fakulta | UPJ\u0160","og_description":"Predpisy platn\u00e9 do 31.08.2021 Predpisy platn\u00e9 do 19.06.2025","og_url":"https:\/\/www.upjs.sk\/lekarska-fakulta\/vyskum-na-fakulte\/habilitacne-a-inauguracne-konanie\/predpisy\/","og_site_name":"Lek\u00e1rska fakulta | UPJ\u0160","article_modified_time":"2025-09-09T11:02:26+00:00","twitter_card":"summary_large_image","twitter_misc":{"Predpokladan\u00fd \u010das \u010d\u00edtania":"2 min\u00faty"},"schema":{"@context":"https:\/\/schema.org","@graph":[{"@type":"WebPage","@id":"https:\/\/www.upjs.sk\/lekarska-fakulta\/vyskum-na-fakulte\/habilitacne-a-inauguracne-konanie\/predpisy\/","url":"https:\/\/www.upjs.sk\/lekarska-fakulta\/vyskum-na-fakulte\/habilitacne-a-inauguracne-konanie\/predpisy\/","name":"Predpisy - Lek\u00e1rska fakulta | UPJ\u0160","isPartOf":{"@id":"https:\/\/www.upjs.sk\/lekarska-fakulta\/#website"},"datePublished":"2023-02-15T02:10:35+00:00","dateModified":"2025-09-09T11:02:26+00:00","breadcrumb":{"@id":"https:\/\/www.upjs.sk\/lekarska-fakulta\/vyskum-na-fakulte\/habilitacne-a-inauguracne-konanie\/predpisy\/#breadcrumb"},"inLanguage":"sk-SK","potentialAction":[{"@type":"ReadAction","target":["https:\/\/www.upjs.sk\/lekarska-fakulta\/vyskum-na-fakulte\/habilitacne-a-inauguracne-konanie\/predpisy\/"]}]},{"@type":"BreadcrumbList","@id":"https:\/\/www.upjs.sk\/lekarska-fakulta\/vyskum-na-fakulte\/habilitacne-a-inauguracne-konanie\/predpisy\/#breadcrumb","itemListElement":[{"@type":"ListItem","position":1,"name":"Home","item":"https:\/\/www.upjs.sk\/lekarska-fakulta\/"},{"@type":"ListItem","position":2,"name":"Vedeckov\u00fdskumn\u00e1 \u010dinnos\u0165 na fakulte","item":"https:\/\/www.upjs.sk\/lekarska-fakulta\/vyskum-na-fakulte\/"},{"@type":"ListItem","position":3,"name":"Inaugur\u00e1cie, habilit\u00e1cie a kvalifika\u010dn\u00e9 postupy","item":"https:\/\/www.upjs.sk\/lekarska-fakulta\/vyskum-na-fakulte\/habilitacne-a-inauguracne-konanie\/"},{"@type":"ListItem","position":4,"name":"Predpisy"}]},{"@type":"WebSite","@id":"https:\/\/www.upjs.sk\/lekarska-fakulta\/#website","url":"https:\/\/www.upjs.sk\/lekarska-fakulta\/","name":"Lek\u00e1rska fakulta | UPJ\u0160","description":"","publisher":{"@id":"https:\/\/www.upjs.sk\/lekarska-fakulta\/#organization"},"potentialAction":[{"@type":"SearchAction","target":{"@type":"EntryPoint","urlTemplate":"https:\/\/www.upjs.sk\/lekarska-fakulta\/?s={search_term_string}"},"query-input":{"@type":"PropertyValueSpecification","valueRequired":true,"valueName":"search_term_string"}}],"inLanguage":"sk-SK"},{"@type":"Organization","@id":"https:\/\/www.upjs.sk\/lekarska-fakulta\/#organization","name":"Lek\u00e1rska fakulta | UPJ\u0160","url":"https:\/\/www.upjs.sk\/lekarska-fakulta\/","logo":{"@type":"ImageObject","inLanguage":"sk-SK","@id":"https:\/\/www.upjs.sk\/lekarska-fakulta\/#\/schema\/logo\/image\/","url":"https:\/\/www.upjs.sk\/app\/uploads\/sites\/9\/2022\/09\/logo-lekarska-fakulta.png","contentUrl":"https:\/\/www.upjs.sk\/app\/uploads\/sites\/9\/2022\/09\/logo-lekarska-fakulta.png","width":415,"height":87,"caption":"Lek\u00e1rska fakulta | UPJ\u0160"},"image":{"@id":"https:\/\/www.upjs.sk\/lekarska-fakulta\/#\/schema\/logo\/image\/"}}]}},"_links":{"self":[{"href":"https:\/\/www.upjs.sk\/lekarska-fakulta\/wp-json\/wp\/v2\/pages\/13562","targetHints":{"allow":["GET"]}}],"collection":[{"href":"https:\/\/www.upjs.sk\/lekarska-fakulta\/wp-json\/wp\/v2\/pages"}],"about":[{"href":"https:\/\/www.upjs.sk\/lekarska-fakulta\/wp-json\/wp\/v2\/types\/page"}],"author":[{"embeddable":true,"href":"https:\/\/www.upjs.sk\/lekarska-fakulta\/wp-json\/wp\/v2\/users\/1"}],"replies":[{"embeddable":true,"href":"https:\/\/www.upjs.sk\/lekarska-fakulta\/wp-json\/wp\/v2\/comments?post=13562"}],"version-history":[{"count":15,"href":"https:\/\/www.upjs.sk\/lekarska-fakulta\/wp-json\/wp\/v2\/pages\/13562\/revisions"}],"predecessor-version":[{"id":142970,"href":"https:\/\/www.upjs.sk\/lekarska-fakulta\/wp-json\/wp\/v2\/pages\/13562\/revisions\/142970"}],"up":[{"embeddable":true,"href":"https:\/\/www.upjs.sk\/lekarska-fakulta\/wp-json\/wp\/v2\/pages\/13544"}],"wp:attachment":[{"href":"https:\/\/www.upjs.sk\/lekarska-fakulta\/wp-json\/wp\/v2\/media?parent=13562"}],"wp:term":[{"taxonomy":"category","embeddable":true,"href":"https:\/\/www.upjs.sk\/lekarska-fakulta\/wp-json\/wp\/v2\/categories?post=13562"},{"taxonomy":"post_tag","embeddable":true,"href":"https:\/\/www.upjs.sk\/lekarska-fakulta\/wp-json\/wp\/v2\/tags?post=13562"}],"curies":[{"name":"wp","href":"https:\/\/api.w.org\/{rel}","templated":true}]}}