{"id":13584,"date":"2023-04-15T17:50:41","date_gmt":"2023-04-15T16:50:41","guid":{"rendered":"https:\/\/www.upjs.sk\/lekarska-fakulta\/root\/vyskum-na-fakulte\/dokumenty\/"},"modified":"2025-02-20T11:40:25","modified_gmt":"2025-02-20T10:40:25","slug":"dokumenty","status":"publish","type":"page","link":"https:\/\/www.upjs.sk\/lekarska-fakulta\/vyskum-na-fakulte\/dokumenty\/","title":{"rendered":"Dokumenty"},"content":{"rendered":"\n<p><strong>Rozhodnutia rektora a dekana<\/strong><\/p>\n\n\n\n<ul class=\"wp-block-list\">\n<li><a href=\"https:\/\/www.upjs.sk\/public\/media\/0653\/Rozhodnutie_rektora_c_6-2012.pdf\">Hos\u0165uj\u00faci profesor<\/a><\/li>\n\n\n\n<li><a href=\"https:\/\/www.upjs.sk\/lekarska-fakulta\/vyskum-na-fakulte\/profesor-emeritus\/\" class=\"ek-link\">Profesor emeritus<\/a><\/li>\n\n\n\n<li><a href=\"https:\/\/intranet.upjs.sk\/op\/op.Public.php?documentid=3779\" target=\"_blank\" aria-label=\" (opens in a new tab)\" rel=\"noreferrer noopener\" class=\"ek-link\">Doctor honoris causa (dr.h.c.) na UPJ\u0160 v Ko\u0161iciach<\/a> <\/li>\n\n\n\n<li><a aria-label=\"Hos\u0165uj\u00faci vedeck\u00fd pracovn\u00edk&nbsp; (opens in a new tab)\" href=\"https:\/\/intranet.upjs.sk\/op\/op.Public.php?documentid=8457\" target=\"_blank\" rel=\"noreferrer noopener\" class=\"ek-link\">Hos\u0165uj\u00faci vedeck\u00fd pracovn\u00edk&nbsp;<\/a><\/li>\n\n\n\n<li><a href=\"https:\/\/intranet.upjs.sk\/op\/op.ViewOnline.php?documentid=3631&amp;version=1\" target=\"_blank\" aria-label=\"Rozhodnutie rektora \u010d. 6\/2016, (opens in a new tab)\" rel=\"noreferrer noopener\" class=\"ek-link\">Rozhodnutie rektora \u010d. 6\/2016<strong>,<\/strong><\/a><strong> <\/strong>ktor\u00fdm sa vyd\u00e1va \u0160tat\u00fat Pam\u00e4tnej medaily UPJ\u0160 v&nbsp;Ko\u0161iciach<\/li>\n\n\n\n<li><a href=\"https:\/\/intranet.upjs.sk\/op\/op.Public.php?documentid=8563\" target=\"_blank\" aria-label=\"Smernica pre ude\u013eovanie Medaily a&nbsp;Pam\u00e4tn\u00e9ho listu (opens in a new tab)\" rel=\"noreferrer noopener\" class=\"ek-link\">Smernica pre ude\u013eovanie Medaily a&nbsp;Pam\u00e4tn\u00e9ho listu<\/a> Lek\u00e1rskej fakulty UPJ\u0160 v&nbsp;Ko\u0161iciach<\/li>\n<\/ul>\n\n\n\n<div style=\"height:20px\" aria-hidden=\"true\" class=\"wp-block-spacer\"><\/div>\n\n\n\n<p><strong>Krit\u00e9ri\u00e1 pre obsadenie funk\u010dn\u00fdch miest profesorov a docentov na UPJ\u0160 LF v Ko\u0161iciach<\/strong><\/p>\n\n\n\n<ul class=\"wp-block-list\">\n<li><a href=\"https:\/\/intranet.upjs.sk\/op\/op.Public.php?documentid=4208\" target=\"_blank\" aria-label=\" (opens in a new tab)\" rel=\"noreferrer noopener\" class=\"ek-link\">V\u0161eobecn\u00e9 krit\u00e9ri\u00e1 na obsadenie funkcie profesora alebo funkcie docenta na Univerzite Pavla Jozefa \u0160af\u00e1rika v Ko\u0161iciach, Lek\u00e1rskej fakulte<\/a><\/li>\n\n\n\n<li><a href=\"https:\/\/intranet.upjs.sk\/op\/op.Public.php?documentid=5679\" target=\"_blank\" aria-label=\" (opens in a new tab)\" rel=\"noreferrer noopener\" class=\"ek-link\">Konkr\u00e9tne podmienky na obsadzovanie funkci\u00ed profesorov na UPJ\u0160 LF v Ko\u0161iciach fakulte<\/a><\/li>\n\n\n\n<li><a href=\"https:\/\/intranet.upjs.sk\/op\/op.Public.php?documentid=8560\" target=\"_blank\" aria-label=\" (opens in a new tab)\" rel=\"noreferrer noopener\" class=\"ek-link\">Konkr\u00e9tne podmienky na obsadzovanie funkci\u00ed docentov na UPJ\u0160 LF v Ko\u0161iciach fakulte <\/a> &nbsp;<\/li>\n<\/ul>\n\n\n\n<div style=\"height:20px\" aria-hidden=\"true\" class=\"wp-block-spacer\"><\/div>\n\n\n\n<p><strong>Etick\u00e9 z\u00e1sady<\/strong><\/p>\n\n\n\n<ul class=\"wp-block-list\">\n<li><a href=\"https:\/\/intranet.upjs.sk\/op\/op.Public.php?documentid=12\" target=\"_blank\" aria-label=\" (opens in a new tab)\" rel=\"noreferrer noopener\" class=\"ek-link\">Etick\u00fd k\u00f3dex UPJ\u0160 v&nbsp;Ko\u0161iciach<\/a><\/li>\n\n\n\n<li><a href=\"https:\/\/intranet.upjs.sk\/op\/op.Public.php?documentid=14\" target=\"_blank\" aria-label=\" (opens in a new tab)\" rel=\"noreferrer noopener\" class=\"ek-link\">Dodatok \u010d.1 k Etick\u00e9mu k\u00f3dexu UPJ\u0160 v&nbsp;Ko\u0161iciach<\/a> <\/li>\n\n\n\n<li><a href=\"https:\/\/intranet.upjs.sk\/op\/op.Public.php?documentid=4200\" target=\"_blank\" aria-label=\" (opens in a new tab)\" rel=\"noreferrer noopener\" class=\"ek-link\">Rozhodnutie rektora \u010d. 5\/2021<\/a>, ktor\u00fdm sa vyd\u00e1vaj\u00fa z\u00e1sady dobrej praxe vedeck\u00e9ho publikovania na Univerzite Pavla Jozefa \u0160af\u00e1rka v Ko\u0161iciach a jej s\u00fa\u010dastiach <\/li>\n\n\n\n<li><a href=\"https:\/\/intranet.upjs.sk\/op\/op.ViewOnline.php?documentid=5605&amp;version=1\" target=\"_blank\" aria-label=\" (opens in a new tab)\" rel=\"noreferrer noopener\" class=\"ek-link\">Rozhodnutie rektora \u010d. 21\/2021<\/a>, ktor\u00fdm sa stanovuj\u00fa pravidl\u00e1 posudzovania plagi\u00e1torstva na Univerzite Pavla Jozefa \u0160af\u00e1rika v Ko\u0161iciach a jej s\u00fa\u010dastiach<\/li>\n\n\n\n<li><a href=\"https:\/\/intranet.upjs.sk\/op\/op.ViewOnline.php?documentid=6005&amp;version=1\" target=\"_blank\" aria-label=\" (opens in a new tab)\" rel=\"noreferrer noopener\" class=\"ek-link\">Rozhodnutie rektora \u010d. 2\/2022<\/a>, ktor\u00fdm sa stanovuj\u00fa z\u00e1sady spr\u00e1vnej v\u00fdskumnej praxe na Univerzite Pavla Jozefa \u0160af\u00e1rika v Ko\u0161iciach a jej s\u00fa\u010dastiach<\/li>\n<\/ul>\n\n\n\n<p><\/p>\n\n\n\n<p><strong><a href=\"https:\/\/www.upjs.sk\/lekarska-fakulta\/informacie-pre-zamestnancov\/evidencia-vyucby\/\" target=\"_blank\" aria-label=\"Hodnotenie zamestnancov (opens in a new tab)\" rel=\"noreferrer noopener\" class=\"ek-link\">Hodnotenie zamestnancov<\/a><\/strong><\/p>\n","protected":false},"excerpt":{"rendered":"<p>Rozhodnutia rektora a dekana Krit\u00e9ri\u00e1 pre obsadenie funk\u010dn\u00fdch miest profesorov a docentov na UPJ\u0160 LF v Ko\u0161iciach Etick\u00e9 z\u00e1sady Hodnotenie zamestnancov<\/p>\n","protected":false},"author":1,"featured_media":0,"parent":13130,"menu_order":4,"comment_status":"closed","ping_status":"closed","template":"","meta":{"_acf_changed":false,"_editorskit_title_hidden":false,"_editorskit_reading_time":1,"_editorskit_is_block_options_detached":false,"_editorskit_block_options_position":"{}","footnotes":""},"categories":[],"tags":[],"class_list":["post-13584","page","type-page","status-publish","hentry"],"acf":{"acf_link_na_externy_obsah":""},"yoast_head":"<!-- This site is optimized with the Yoast SEO plugin v27.2 - https:\/\/yoast.com\/product\/yoast-seo-wordpress\/ -->\n<title>Dokumenty - Lek\u00e1rska fakulta | UPJ\u0160<\/title>\n<meta name=\"robots\" content=\"index, follow, max-snippet:-1, max-image-preview:large, max-video-preview:-1\" \/>\n<link rel=\"canonical\" href=\"https:\/\/www.upjs.sk\/lekarska-fakulta\/vyskum-na-fakulte\/dokumenty\/\" \/>\n<meta property=\"og:locale\" content=\"sk_SK\" \/>\n<meta property=\"og:type\" content=\"article\" \/>\n<meta property=\"og:title\" content=\"Dokumenty - Lek\u00e1rska fakulta | UPJ\u0160\" \/>\n<meta property=\"og:description\" content=\"Rozhodnutia rektora a dekana Krit\u00e9ri\u00e1 pre obsadenie funk\u010dn\u00fdch miest profesorov a docentov na UPJ\u0160 LF v Ko\u0161iciach Etick\u00e9 z\u00e1sady Hodnotenie zamestnancov\" \/>\n<meta property=\"og:url\" content=\"https:\/\/www.upjs.sk\/lekarska-fakulta\/vyskum-na-fakulte\/dokumenty\/\" \/>\n<meta property=\"og:site_name\" content=\"Lek\u00e1rska fakulta | UPJ\u0160\" \/>\n<meta property=\"article:modified_time\" content=\"2025-02-20T10:40:25+00:00\" \/>\n<meta name=\"twitter:card\" content=\"summary_large_image\" \/>\n<meta name=\"twitter:label1\" content=\"Predpokladan\u00fd \u010das \u010d\u00edtania\" \/>\n\t<meta name=\"twitter:data1\" content=\"1 min\u00fata\" \/>\n<script type=\"application\/ld+json\" class=\"yoast-schema-graph\">{\"@context\":\"https:\/\/schema.org\",\"@graph\":[{\"@type\":\"WebPage\",\"@id\":\"https:\/\/www.upjs.sk\/lekarska-fakulta\/vyskum-na-fakulte\/dokumenty\/\",\"url\":\"https:\/\/www.upjs.sk\/lekarska-fakulta\/vyskum-na-fakulte\/dokumenty\/\",\"name\":\"Dokumenty - Lek\u00e1rska fakulta | UPJ\u0160\",\"isPartOf\":{\"@id\":\"https:\/\/www.upjs.sk\/lekarska-fakulta\/#website\"},\"datePublished\":\"2023-04-15T16:50:41+00:00\",\"dateModified\":\"2025-02-20T10:40:25+00:00\",\"breadcrumb\":{\"@id\":\"https:\/\/www.upjs.sk\/lekarska-fakulta\/vyskum-na-fakulte\/dokumenty\/#breadcrumb\"},\"inLanguage\":\"sk-SK\",\"potentialAction\":[{\"@type\":\"ReadAction\",\"target\":[\"https:\/\/www.upjs.sk\/lekarska-fakulta\/vyskum-na-fakulte\/dokumenty\/\"]}]},{\"@type\":\"BreadcrumbList\",\"@id\":\"https:\/\/www.upjs.sk\/lekarska-fakulta\/vyskum-na-fakulte\/dokumenty\/#breadcrumb\",\"itemListElement\":[{\"@type\":\"ListItem\",\"position\":1,\"name\":\"Home\",\"item\":\"https:\/\/www.upjs.sk\/lekarska-fakulta\/\"},{\"@type\":\"ListItem\",\"position\":2,\"name\":\"Vedeckov\u00fdskumn\u00e1 \u010dinnos\u0165 na fakulte\",\"item\":\"https:\/\/www.upjs.sk\/lekarska-fakulta\/vyskum-na-fakulte\/\"},{\"@type\":\"ListItem\",\"position\":3,\"name\":\"Dokumenty\"}]},{\"@type\":\"WebSite\",\"@id\":\"https:\/\/www.upjs.sk\/lekarska-fakulta\/#website\",\"url\":\"https:\/\/www.upjs.sk\/lekarska-fakulta\/\",\"name\":\"Lek\u00e1rska fakulta | UPJ\u0160\",\"description\":\"\",\"publisher\":{\"@id\":\"https:\/\/www.upjs.sk\/lekarska-fakulta\/#organization\"},\"potentialAction\":[{\"@type\":\"SearchAction\",\"target\":{\"@type\":\"EntryPoint\",\"urlTemplate\":\"https:\/\/www.upjs.sk\/lekarska-fakulta\/?s={search_term_string}\"},\"query-input\":{\"@type\":\"PropertyValueSpecification\",\"valueRequired\":true,\"valueName\":\"search_term_string\"}}],\"inLanguage\":\"sk-SK\"},{\"@type\":\"Organization\",\"@id\":\"https:\/\/www.upjs.sk\/lekarska-fakulta\/#organization\",\"name\":\"Lek\u00e1rska fakulta | UPJ\u0160\",\"url\":\"https:\/\/www.upjs.sk\/lekarska-fakulta\/\",\"logo\":{\"@type\":\"ImageObject\",\"inLanguage\":\"sk-SK\",\"@id\":\"https:\/\/www.upjs.sk\/lekarska-fakulta\/#\/schema\/logo\/image\/\",\"url\":\"https:\/\/www.upjs.sk\/app\/uploads\/sites\/9\/2022\/09\/logo-lekarska-fakulta.png\",\"contentUrl\":\"https:\/\/www.upjs.sk\/app\/uploads\/sites\/9\/2022\/09\/logo-lekarska-fakulta.png\",\"width\":415,\"height\":87,\"caption\":\"Lek\u00e1rska fakulta | UPJ\u0160\"},\"image\":{\"@id\":\"https:\/\/www.upjs.sk\/lekarska-fakulta\/#\/schema\/logo\/image\/\"}}]}<\/script>\n<!-- \/ Yoast SEO plugin. -->","yoast_head_json":{"title":"Dokumenty - Lek\u00e1rska fakulta | UPJ\u0160","robots":{"index":"index","follow":"follow","max-snippet":"max-snippet:-1","max-image-preview":"max-image-preview:large","max-video-preview":"max-video-preview:-1"},"canonical":"https:\/\/www.upjs.sk\/lekarska-fakulta\/vyskum-na-fakulte\/dokumenty\/","og_locale":"sk_SK","og_type":"article","og_title":"Dokumenty - Lek\u00e1rska fakulta | UPJ\u0160","og_description":"Rozhodnutia rektora a dekana Krit\u00e9ri\u00e1 pre obsadenie funk\u010dn\u00fdch miest profesorov a docentov na UPJ\u0160 LF v Ko\u0161iciach Etick\u00e9 z\u00e1sady Hodnotenie zamestnancov","og_url":"https:\/\/www.upjs.sk\/lekarska-fakulta\/vyskum-na-fakulte\/dokumenty\/","og_site_name":"Lek\u00e1rska fakulta | UPJ\u0160","article_modified_time":"2025-02-20T10:40:25+00:00","twitter_card":"summary_large_image","twitter_misc":{"Predpokladan\u00fd \u010das \u010d\u00edtania":"1 min\u00fata"},"schema":{"@context":"https:\/\/schema.org","@graph":[{"@type":"WebPage","@id":"https:\/\/www.upjs.sk\/lekarska-fakulta\/vyskum-na-fakulte\/dokumenty\/","url":"https:\/\/www.upjs.sk\/lekarska-fakulta\/vyskum-na-fakulte\/dokumenty\/","name":"Dokumenty - Lek\u00e1rska fakulta | UPJ\u0160","isPartOf":{"@id":"https:\/\/www.upjs.sk\/lekarska-fakulta\/#website"},"datePublished":"2023-04-15T16:50:41+00:00","dateModified":"2025-02-20T10:40:25+00:00","breadcrumb":{"@id":"https:\/\/www.upjs.sk\/lekarska-fakulta\/vyskum-na-fakulte\/dokumenty\/#breadcrumb"},"inLanguage":"sk-SK","potentialAction":[{"@type":"ReadAction","target":["https:\/\/www.upjs.sk\/lekarska-fakulta\/vyskum-na-fakulte\/dokumenty\/"]}]},{"@type":"BreadcrumbList","@id":"https:\/\/www.upjs.sk\/lekarska-fakulta\/vyskum-na-fakulte\/dokumenty\/#breadcrumb","itemListElement":[{"@type":"ListItem","position":1,"name":"Home","item":"https:\/\/www.upjs.sk\/lekarska-fakulta\/"},{"@type":"ListItem","position":2,"name":"Vedeckov\u00fdskumn\u00e1 \u010dinnos\u0165 na fakulte","item":"https:\/\/www.upjs.sk\/lekarska-fakulta\/vyskum-na-fakulte\/"},{"@type":"ListItem","position":3,"name":"Dokumenty"}]},{"@type":"WebSite","@id":"https:\/\/www.upjs.sk\/lekarska-fakulta\/#website","url":"https:\/\/www.upjs.sk\/lekarska-fakulta\/","name":"Lek\u00e1rska fakulta | UPJ\u0160","description":"","publisher":{"@id":"https:\/\/www.upjs.sk\/lekarska-fakulta\/#organization"},"potentialAction":[{"@type":"SearchAction","target":{"@type":"EntryPoint","urlTemplate":"https:\/\/www.upjs.sk\/lekarska-fakulta\/?s={search_term_string}"},"query-input":{"@type":"PropertyValueSpecification","valueRequired":true,"valueName":"search_term_string"}}],"inLanguage":"sk-SK"},{"@type":"Organization","@id":"https:\/\/www.upjs.sk\/lekarska-fakulta\/#organization","name":"Lek\u00e1rska fakulta | UPJ\u0160","url":"https:\/\/www.upjs.sk\/lekarska-fakulta\/","logo":{"@type":"ImageObject","inLanguage":"sk-SK","@id":"https:\/\/www.upjs.sk\/lekarska-fakulta\/#\/schema\/logo\/image\/","url":"https:\/\/www.upjs.sk\/app\/uploads\/sites\/9\/2022\/09\/logo-lekarska-fakulta.png","contentUrl":"https:\/\/www.upjs.sk\/app\/uploads\/sites\/9\/2022\/09\/logo-lekarska-fakulta.png","width":415,"height":87,"caption":"Lek\u00e1rska fakulta | UPJ\u0160"},"image":{"@id":"https:\/\/www.upjs.sk\/lekarska-fakulta\/#\/schema\/logo\/image\/"}}]}},"_links":{"self":[{"href":"https:\/\/www.upjs.sk\/lekarska-fakulta\/wp-json\/wp\/v2\/pages\/13584","targetHints":{"allow":["GET"]}}],"collection":[{"href":"https:\/\/www.upjs.sk\/lekarska-fakulta\/wp-json\/wp\/v2\/pages"}],"about":[{"href":"https:\/\/www.upjs.sk\/lekarska-fakulta\/wp-json\/wp\/v2\/types\/page"}],"author":[{"embeddable":true,"href":"https:\/\/www.upjs.sk\/lekarska-fakulta\/wp-json\/wp\/v2\/users\/1"}],"replies":[{"embeddable":true,"href":"https:\/\/www.upjs.sk\/lekarska-fakulta\/wp-json\/wp\/v2\/comments?post=13584"}],"version-history":[{"count":26,"href":"https:\/\/www.upjs.sk\/lekarska-fakulta\/wp-json\/wp\/v2\/pages\/13584\/revisions"}],"predecessor-version":[{"id":89759,"href":"https:\/\/www.upjs.sk\/lekarska-fakulta\/wp-json\/wp\/v2\/pages\/13584\/revisions\/89759"}],"up":[{"embeddable":true,"href":"https:\/\/www.upjs.sk\/lekarska-fakulta\/wp-json\/wp\/v2\/pages\/13130"}],"wp:attachment":[{"href":"https:\/\/www.upjs.sk\/lekarska-fakulta\/wp-json\/wp\/v2\/media?parent=13584"}],"wp:term":[{"taxonomy":"category","embeddable":true,"href":"https:\/\/www.upjs.sk\/lekarska-fakulta\/wp-json\/wp\/v2\/categories?post=13584"},{"taxonomy":"post_tag","embeddable":true,"href":"https:\/\/www.upjs.sk\/lekarska-fakulta\/wp-json\/wp\/v2\/tags?post=13584"}],"curies":[{"name":"wp","href":"https:\/\/api.w.org\/{rel}","templated":true}]}}