{"id":13592,"date":"2023-02-07T22:27:49","date_gmt":"2023-02-07T21:27:49","guid":{"rendered":"https:\/\/www.upjs.sk\/lekarska-fakulta\/root\/zahranicne-vztahy\/referat-pre-zahranicne-vztahy\/"},"modified":"2025-12-11T09:31:45","modified_gmt":"2025-12-11T08:31:45","slug":"referat-pre-zahranicne-vztahy","status":"publish","type":"page","link":"https:\/\/www.upjs.sk\/lekarska-fakulta\/zahranicne-vztahy\/referat-pre-zahranicne-vztahy\/","title":{"rendered":"Refer\u00e1t pre zahrani\u010dn\u00e9 vz\u0165ahy"},"content":{"rendered":"<style>.wp-block-kadence-advancedheading.kt-adv-heading13592_90414e-51, .wp-block-kadence-advancedheading.kt-adv-heading13592_90414e-51[data-kb-block=\"kb-adv-heading13592_90414e-51\"]{font-style:normal;}.wp-block-kadence-advancedheading.kt-adv-heading13592_90414e-51 mark.kt-highlight, .wp-block-kadence-advancedheading.kt-adv-heading13592_90414e-51[data-kb-block=\"kb-adv-heading13592_90414e-51\"] mark.kt-highlight{font-style:normal;color:#f76a0c;-webkit-box-decoration-break:clone;box-decoration-break:clone;padding-top:0px;padding-right:0px;padding-bottom:0px;padding-left:0px;}<\/style>\n<h4 class=\"kt-adv-heading13592_90414e-51 wp-block-kadence-advancedheading\" data-kb-block=\"kb-adv-heading13592_90414e-51\">Referenti pre zahrani\u010dn\u00e9 vz\u0165ahy<\/h4>\n\n\n\n<div style=\"height:20px\" aria-hidden=\"true\" class=\"wp-block-spacer\"><\/div>\n\n\n\n<div class=\"wp-block-columns is-style-gapless is-layout-flex wp-container-core-columns-is-layout-9d6595d7 wp-block-columns-is-layout-flex\">\n<div class=\"wp-block-column is-content-justification-left is-layout-constrained wp-container-core-column-is-layout-8c890d92 wp-block-column-is-layout-constrained\" style=\"flex-basis:170px\"><style>.kb-image13592_a6ccef-d3.kb-image-is-ratio-size, .kb-image13592_a6ccef-d3 .kb-image-is-ratio-size{max-width:150px;width:100%;}.wp-block-kadence-column > .kt-inside-inner-col > .kb-image13592_a6ccef-d3.kb-image-is-ratio-size, .wp-block-kadence-column > .kt-inside-inner-col > .kb-image13592_a6ccef-d3 .kb-image-is-ratio-size{align-self:unset;}.kb-image13592_a6ccef-d3{max-width:150px;}.image-is-svg.kb-image13592_a6ccef-d3{-webkit-flex:0 1 100%;flex:0 1 100%;}.image-is-svg.kb-image13592_a6ccef-d3 img{width:100%;}.kb-image13592_a6ccef-d3 .kb-image-has-overlay:after{opacity:0.3;}.kb-image13592_a6ccef-d3 img.kb-img, .kb-image13592_a6ccef-d3 .kb-img img{box-shadow:6px 6px 12px 0px #C92432;}<\/style>\n<figure class=\"wp-block-kadence-image kb-image13592_a6ccef-d3 size-full kb-image-is-ratio-size\"><div class=\"kb-is-ratio-image kb-image-ratio-port23\"><img loading=\"lazy\" decoding=\"async\" width=\"591\" height=\"985\" src=\"https:\/\/www.upjs.sk\/app\/uploads\/sites\/9\/2023\/10\/Zuzka-Zanicka.jpg\" alt=\"\" class=\"kb-img wp-image-100368\" srcset=\"https:\/\/www.upjs.sk\/app\/uploads\/sites\/9\/2023\/10\/Zuzka-Zanicka.jpg 591w, https:\/\/www.upjs.sk\/app\/uploads\/sites\/9\/2023\/10\/Zuzka-Zanicka-180x300.jpg 180w\" sizes=\"auto, (max-width: 591px) 100vw, 591px\" \/><\/div><\/figure>\n<\/div>\n\n\n\n<div class=\"wp-block-column is-vertically-aligned-bottom is-layout-flow wp-block-column-is-layout-flow\" style=\"flex-basis:75%\">\n<p><br>I<strong>ng. Zuzana Z\u00e1nick\u00e1<\/strong><br><strong>Z\u00e1stupky\u0148a pre medzin\u00e1rodn\u00e9 vz\u0165ahy a vzdel\u00e1vacie aktivity v anglickom jazyku<\/strong><br>Tel.\/VoIP: +421 55 234 3462<br>e-mail: <a href=\"mailto:zuzana.zanicka@upjs.sk\" class=\"ek-link\">zuzana.zanicka@upjs.sk<\/a>  <\/p>\n<\/div>\n<\/div>\n\n\n\n<div class=\"wp-block-columns is-style-gapless is-layout-flex wp-container-core-columns-is-layout-9d6595d7 wp-block-columns-is-layout-flex\">\n<div class=\"wp-block-column is-content-justification-left is-layout-constrained wp-container-core-column-is-layout-8c890d92 wp-block-column-is-layout-constrained\" style=\"flex-basis:170px\"><\/div>\n\n\n\n<div class=\"wp-block-column is-vertically-aligned-bottom is-layout-flow wp-block-column-is-layout-flow\" style=\"flex-basis:75%\">\n<p><strong>RNDr. Nela Farka\u0161ov\u00e1, PhD.<\/strong><br><strong>Koordin\u00e1torka programov Erasmus+ a\u00a0Free Mover<\/strong><br>Tel.\/VoIP: +421 55 234 3309<br>e-mail: <a class=\"ek-link\" href=\"mailto:nela.farkasova@upjs.sk\"><\/a><a class=\"ek-link\" href=\"mailto:nela.farkasova@upjs.sk\">nela.farkasova@upjs.sk<\/a><br><strong>\u00daradn\u00e9 hodiny:<\/strong><br>Pondelok, streda: 12:30 \u2013 14:30<br>Utorok, \u0161tvrtok: 09:00 \u2013 12:00<br><\/p>\n<\/div>\n<\/div>\n","protected":false},"excerpt":{"rendered":"<p>Referenti pre zahrani\u010dn\u00e9 vz\u0165ahy Ing. Zuzana Z\u00e1nick\u00e1Z\u00e1stupky\u0148a pre medzin\u00e1rodn\u00e9 vz\u0165ahy a vzdel\u00e1vacie aktivity v anglickom jazykuTel.\/VoIP: +421 55 234 3462e-mail: zuzana.zanicka@upjs.sk RNDr. Nela Farka\u0161ov\u00e1, PhD.Koordin\u00e1torka programov Erasmus+ a\u00a0Free MoverTel.\/VoIP: +421 55 234 3309e-mail: nela.farkasova@upjs.sk\u00daradn\u00e9 hodiny:Pondelok, streda: 12:30 \u2013 14:30Utorok, \u0161tvrtok: 09:00 \u2013 12:00<\/p>\n","protected":false},"author":1,"featured_media":0,"parent":13586,"menu_order":3,"comment_status":"closed","ping_status":"closed","template":"","meta":{"_acf_changed":false,"_editorskit_title_hidden":false,"_editorskit_reading_time":1,"_editorskit_is_block_options_detached":false,"_editorskit_block_options_position":"{}","footnotes":""},"categories":[],"tags":[],"class_list":["post-13592","page","type-page","status-publish","hentry"],"acf":{"acf_link_na_externy_obsah":""},"yoast_head":"<!-- This site is optimized with the Yoast SEO plugin v27.4 - https:\/\/yoast.com\/product\/yoast-seo-wordpress\/ -->\n<title>Refer\u00e1t pre zahrani\u010dn\u00e9 vz\u0165ahy - Lek\u00e1rska fakulta | UPJ\u0160<\/title>\n<meta name=\"robots\" content=\"index, follow, max-snippet:-1, max-image-preview:large, max-video-preview:-1\" \/>\n<link rel=\"canonical\" href=\"https:\/\/www.upjs.sk\/lekarska-fakulta\/zahranicne-vztahy\/referat-pre-zahranicne-vztahy\/\" \/>\n<meta property=\"og:locale\" content=\"sk_SK\" \/>\n<meta property=\"og:type\" content=\"article\" \/>\n<meta property=\"og:title\" content=\"Refer\u00e1t pre zahrani\u010dn\u00e9 vz\u0165ahy - Lek\u00e1rska fakulta | UPJ\u0160\" \/>\n<meta property=\"og:description\" content=\"Referenti pre zahrani\u010dn\u00e9 vz\u0165ahy Ing. Zuzana Z\u00e1nick\u00e1Z\u00e1stupky\u0148a pre medzin\u00e1rodn\u00e9 vz\u0165ahy a vzdel\u00e1vacie aktivity v anglickom jazykuTel.\/VoIP: +421 55 234 3462e-mail: zuzana.zanicka@upjs.sk RNDr. Nela Farka\u0161ov\u00e1, PhD.Koordin\u00e1torka programov Erasmus+ a\u00a0Free MoverTel.\/VoIP: +421 55 234 3309e-mail: nela.farkasova@upjs.sk\u00daradn\u00e9 hodiny:Pondelok, streda: 12:30 \u2013 14:30Utorok, \u0161tvrtok: 09:00 \u2013 12:00\" \/>\n<meta property=\"og:url\" content=\"https:\/\/www.upjs.sk\/lekarska-fakulta\/zahranicne-vztahy\/referat-pre-zahranicne-vztahy\/\" \/>\n<meta property=\"og:site_name\" content=\"Lek\u00e1rska fakulta | UPJ\u0160\" \/>\n<meta property=\"article:modified_time\" content=\"2025-12-11T08:31:45+00:00\" \/>\n<meta property=\"og:image\" content=\"https:\/\/www.upjs.sk\/app\/uploads\/sites\/9\/2023\/10\/Zuzka-Zanicka.jpg\" \/>\n\t<meta property=\"og:image:width\" content=\"591\" \/>\n\t<meta property=\"og:image:height\" content=\"985\" \/>\n\t<meta property=\"og:image:type\" content=\"image\/jpeg\" \/>\n<meta name=\"twitter:card\" content=\"summary_large_image\" \/>\n<meta name=\"twitter:label1\" content=\"Predpokladan\u00fd \u010das \u010d\u00edtania\" \/>\n\t<meta name=\"twitter:data1\" content=\"1 min\u00fata\" \/>\n<script type=\"application\/ld+json\" class=\"yoast-schema-graph\">{\"@context\":\"https:\\\/\\\/schema.org\",\"@graph\":[{\"@type\":\"WebPage\",\"@id\":\"https:\\\/\\\/www.upjs.sk\\\/lekarska-fakulta\\\/zahranicne-vztahy\\\/referat-pre-zahranicne-vztahy\\\/\",\"url\":\"https:\\\/\\\/www.upjs.sk\\\/lekarska-fakulta\\\/zahranicne-vztahy\\\/referat-pre-zahranicne-vztahy\\\/\",\"name\":\"Refer\u00e1t pre zahrani\u010dn\u00e9 vz\u0165ahy - Lek\u00e1rska fakulta | UPJ\u0160\",\"isPartOf\":{\"@id\":\"https:\\\/\\\/www.upjs.sk\\\/lekarska-fakulta\\\/#website\"},\"primaryImageOfPage\":{\"@id\":\"https:\\\/\\\/www.upjs.sk\\\/lekarska-fakulta\\\/zahranicne-vztahy\\\/referat-pre-zahranicne-vztahy\\\/#primaryimage\"},\"image\":{\"@id\":\"https:\\\/\\\/www.upjs.sk\\\/lekarska-fakulta\\\/zahranicne-vztahy\\\/referat-pre-zahranicne-vztahy\\\/#primaryimage\"},\"thumbnailUrl\":\"https:\\\/\\\/www.upjs.sk\\\/app\\\/uploads\\\/sites\\\/9\\\/2023\\\/10\\\/Zuzka-Zanicka.jpg\",\"datePublished\":\"2023-02-07T21:27:49+00:00\",\"dateModified\":\"2025-12-11T08:31:45+00:00\",\"breadcrumb\":{\"@id\":\"https:\\\/\\\/www.upjs.sk\\\/lekarska-fakulta\\\/zahranicne-vztahy\\\/referat-pre-zahranicne-vztahy\\\/#breadcrumb\"},\"inLanguage\":\"sk-SK\",\"potentialAction\":[{\"@type\":\"ReadAction\",\"target\":[\"https:\\\/\\\/www.upjs.sk\\\/lekarska-fakulta\\\/zahranicne-vztahy\\\/referat-pre-zahranicne-vztahy\\\/\"]}]},{\"@type\":\"ImageObject\",\"inLanguage\":\"sk-SK\",\"@id\":\"https:\\\/\\\/www.upjs.sk\\\/lekarska-fakulta\\\/zahranicne-vztahy\\\/referat-pre-zahranicne-vztahy\\\/#primaryimage\",\"url\":\"https:\\\/\\\/www.upjs.sk\\\/app\\\/uploads\\\/sites\\\/9\\\/2023\\\/10\\\/Zuzka-Zanicka.jpg\",\"contentUrl\":\"https:\\\/\\\/www.upjs.sk\\\/app\\\/uploads\\\/sites\\\/9\\\/2023\\\/10\\\/Zuzka-Zanicka.jpg\"},{\"@type\":\"BreadcrumbList\",\"@id\":\"https:\\\/\\\/www.upjs.sk\\\/lekarska-fakulta\\\/zahranicne-vztahy\\\/referat-pre-zahranicne-vztahy\\\/#breadcrumb\",\"itemListElement\":[{\"@type\":\"ListItem\",\"position\":1,\"name\":\"Home\",\"item\":\"https:\\\/\\\/www.upjs.sk\\\/lekarska-fakulta\\\/\"},{\"@type\":\"ListItem\",\"position\":2,\"name\":\"Zahrani\u010dn\u00e9 vz\u0165ahy\",\"item\":\"https:\\\/\\\/www.upjs.sk\\\/lekarska-fakulta\\\/zahranicne-vztahy\\\/\"},{\"@type\":\"ListItem\",\"position\":3,\"name\":\"Refer\u00e1t pre zahrani\u010dn\u00e9 vz\u0165ahy\"}]},{\"@type\":\"WebSite\",\"@id\":\"https:\\\/\\\/www.upjs.sk\\\/lekarska-fakulta\\\/#website\",\"url\":\"https:\\\/\\\/www.upjs.sk\\\/lekarska-fakulta\\\/\",\"name\":\"Lek\u00e1rska fakulta | UPJ\u0160\",\"description\":\"\",\"publisher\":{\"@id\":\"https:\\\/\\\/www.upjs.sk\\\/lekarska-fakulta\\\/#organization\"},\"potentialAction\":[{\"@type\":\"SearchAction\",\"target\":{\"@type\":\"EntryPoint\",\"urlTemplate\":\"https:\\\/\\\/www.upjs.sk\\\/lekarska-fakulta\\\/?s={search_term_string}\"},\"query-input\":{\"@type\":\"PropertyValueSpecification\",\"valueRequired\":true,\"valueName\":\"search_term_string\"}}],\"inLanguage\":\"sk-SK\"},{\"@type\":\"Organization\",\"@id\":\"https:\\\/\\\/www.upjs.sk\\\/lekarska-fakulta\\\/#organization\",\"name\":\"Lek\u00e1rska fakulta | UPJ\u0160\",\"url\":\"https:\\\/\\\/www.upjs.sk\\\/lekarska-fakulta\\\/\",\"logo\":{\"@type\":\"ImageObject\",\"inLanguage\":\"sk-SK\",\"@id\":\"https:\\\/\\\/www.upjs.sk\\\/lekarska-fakulta\\\/#\\\/schema\\\/logo\\\/image\\\/\",\"url\":\"https:\\\/\\\/www.upjs.sk\\\/app\\\/uploads\\\/sites\\\/9\\\/2022\\\/09\\\/logo-lekarska-fakulta.png\",\"contentUrl\":\"https:\\\/\\\/www.upjs.sk\\\/app\\\/uploads\\\/sites\\\/9\\\/2022\\\/09\\\/logo-lekarska-fakulta.png\",\"width\":415,\"height\":87,\"caption\":\"Lek\u00e1rska fakulta | UPJ\u0160\"},\"image\":{\"@id\":\"https:\\\/\\\/www.upjs.sk\\\/lekarska-fakulta\\\/#\\\/schema\\\/logo\\\/image\\\/\"}}]}<\/script>\n<!-- \/ Yoast SEO plugin. -->","yoast_head_json":{"title":"Refer\u00e1t pre zahrani\u010dn\u00e9 vz\u0165ahy - Lek\u00e1rska fakulta | UPJ\u0160","robots":{"index":"index","follow":"follow","max-snippet":"max-snippet:-1","max-image-preview":"max-image-preview:large","max-video-preview":"max-video-preview:-1"},"canonical":"https:\/\/www.upjs.sk\/lekarska-fakulta\/zahranicne-vztahy\/referat-pre-zahranicne-vztahy\/","og_locale":"sk_SK","og_type":"article","og_title":"Refer\u00e1t pre zahrani\u010dn\u00e9 vz\u0165ahy - Lek\u00e1rska fakulta | UPJ\u0160","og_description":"Referenti pre zahrani\u010dn\u00e9 vz\u0165ahy Ing. Zuzana Z\u00e1nick\u00e1Z\u00e1stupky\u0148a pre medzin\u00e1rodn\u00e9 vz\u0165ahy a vzdel\u00e1vacie aktivity v anglickom jazykuTel.\/VoIP: +421 55 234 3462e-mail: zuzana.zanicka@upjs.sk RNDr. Nela Farka\u0161ov\u00e1, PhD.Koordin\u00e1torka programov Erasmus+ a\u00a0Free MoverTel.\/VoIP: +421 55 234 3309e-mail: nela.farkasova@upjs.sk\u00daradn\u00e9 hodiny:Pondelok, streda: 12:30 \u2013 14:30Utorok, \u0161tvrtok: 09:00 \u2013 12:00","og_url":"https:\/\/www.upjs.sk\/lekarska-fakulta\/zahranicne-vztahy\/referat-pre-zahranicne-vztahy\/","og_site_name":"Lek\u00e1rska fakulta | UPJ\u0160","article_modified_time":"2025-12-11T08:31:45+00:00","og_image":[{"width":591,"height":985,"url":"https:\/\/www.upjs.sk\/app\/uploads\/sites\/9\/2023\/10\/Zuzka-Zanicka.jpg","type":"image\/jpeg"}],"twitter_card":"summary_large_image","twitter_misc":{"Predpokladan\u00fd \u010das \u010d\u00edtania":"1 min\u00fata"},"schema":{"@context":"https:\/\/schema.org","@graph":[{"@type":"WebPage","@id":"https:\/\/www.upjs.sk\/lekarska-fakulta\/zahranicne-vztahy\/referat-pre-zahranicne-vztahy\/","url":"https:\/\/www.upjs.sk\/lekarska-fakulta\/zahranicne-vztahy\/referat-pre-zahranicne-vztahy\/","name":"Refer\u00e1t pre zahrani\u010dn\u00e9 vz\u0165ahy - Lek\u00e1rska fakulta | UPJ\u0160","isPartOf":{"@id":"https:\/\/www.upjs.sk\/lekarska-fakulta\/#website"},"primaryImageOfPage":{"@id":"https:\/\/www.upjs.sk\/lekarska-fakulta\/zahranicne-vztahy\/referat-pre-zahranicne-vztahy\/#primaryimage"},"image":{"@id":"https:\/\/www.upjs.sk\/lekarska-fakulta\/zahranicne-vztahy\/referat-pre-zahranicne-vztahy\/#primaryimage"},"thumbnailUrl":"https:\/\/www.upjs.sk\/app\/uploads\/sites\/9\/2023\/10\/Zuzka-Zanicka.jpg","datePublished":"2023-02-07T21:27:49+00:00","dateModified":"2025-12-11T08:31:45+00:00","breadcrumb":{"@id":"https:\/\/www.upjs.sk\/lekarska-fakulta\/zahranicne-vztahy\/referat-pre-zahranicne-vztahy\/#breadcrumb"},"inLanguage":"sk-SK","potentialAction":[{"@type":"ReadAction","target":["https:\/\/www.upjs.sk\/lekarska-fakulta\/zahranicne-vztahy\/referat-pre-zahranicne-vztahy\/"]}]},{"@type":"ImageObject","inLanguage":"sk-SK","@id":"https:\/\/www.upjs.sk\/lekarska-fakulta\/zahranicne-vztahy\/referat-pre-zahranicne-vztahy\/#primaryimage","url":"https:\/\/www.upjs.sk\/app\/uploads\/sites\/9\/2023\/10\/Zuzka-Zanicka.jpg","contentUrl":"https:\/\/www.upjs.sk\/app\/uploads\/sites\/9\/2023\/10\/Zuzka-Zanicka.jpg"},{"@type":"BreadcrumbList","@id":"https:\/\/www.upjs.sk\/lekarska-fakulta\/zahranicne-vztahy\/referat-pre-zahranicne-vztahy\/#breadcrumb","itemListElement":[{"@type":"ListItem","position":1,"name":"Home","item":"https:\/\/www.upjs.sk\/lekarska-fakulta\/"},{"@type":"ListItem","position":2,"name":"Zahrani\u010dn\u00e9 vz\u0165ahy","item":"https:\/\/www.upjs.sk\/lekarska-fakulta\/zahranicne-vztahy\/"},{"@type":"ListItem","position":3,"name":"Refer\u00e1t pre zahrani\u010dn\u00e9 vz\u0165ahy"}]},{"@type":"WebSite","@id":"https:\/\/www.upjs.sk\/lekarska-fakulta\/#website","url":"https:\/\/www.upjs.sk\/lekarska-fakulta\/","name":"Lek\u00e1rska fakulta | UPJ\u0160","description":"","publisher":{"@id":"https:\/\/www.upjs.sk\/lekarska-fakulta\/#organization"},"potentialAction":[{"@type":"SearchAction","target":{"@type":"EntryPoint","urlTemplate":"https:\/\/www.upjs.sk\/lekarska-fakulta\/?s={search_term_string}"},"query-input":{"@type":"PropertyValueSpecification","valueRequired":true,"valueName":"search_term_string"}}],"inLanguage":"sk-SK"},{"@type":"Organization","@id":"https:\/\/www.upjs.sk\/lekarska-fakulta\/#organization","name":"Lek\u00e1rska fakulta | UPJ\u0160","url":"https:\/\/www.upjs.sk\/lekarska-fakulta\/","logo":{"@type":"ImageObject","inLanguage":"sk-SK","@id":"https:\/\/www.upjs.sk\/lekarska-fakulta\/#\/schema\/logo\/image\/","url":"https:\/\/www.upjs.sk\/app\/uploads\/sites\/9\/2022\/09\/logo-lekarska-fakulta.png","contentUrl":"https:\/\/www.upjs.sk\/app\/uploads\/sites\/9\/2022\/09\/logo-lekarska-fakulta.png","width":415,"height":87,"caption":"Lek\u00e1rska fakulta | UPJ\u0160"},"image":{"@id":"https:\/\/www.upjs.sk\/lekarska-fakulta\/#\/schema\/logo\/image\/"}}]}},"_links":{"self":[{"href":"https:\/\/www.upjs.sk\/lekarska-fakulta\/wp-json\/wp\/v2\/pages\/13592","targetHints":{"allow":["GET"]}}],"collection":[{"href":"https:\/\/www.upjs.sk\/lekarska-fakulta\/wp-json\/wp\/v2\/pages"}],"about":[{"href":"https:\/\/www.upjs.sk\/lekarska-fakulta\/wp-json\/wp\/v2\/types\/page"}],"author":[{"embeddable":true,"href":"https:\/\/www.upjs.sk\/lekarska-fakulta\/wp-json\/wp\/v2\/users\/1"}],"replies":[{"embeddable":true,"href":"https:\/\/www.upjs.sk\/lekarska-fakulta\/wp-json\/wp\/v2\/comments?post=13592"}],"version-history":[{"count":12,"href":"https:\/\/www.upjs.sk\/lekarska-fakulta\/wp-json\/wp\/v2\/pages\/13592\/revisions"}],"predecessor-version":[{"id":149406,"href":"https:\/\/www.upjs.sk\/lekarska-fakulta\/wp-json\/wp\/v2\/pages\/13592\/revisions\/149406"}],"up":[{"embeddable":true,"href":"https:\/\/www.upjs.sk\/lekarska-fakulta\/wp-json\/wp\/v2\/pages\/13586"}],"wp:attachment":[{"href":"https:\/\/www.upjs.sk\/lekarska-fakulta\/wp-json\/wp\/v2\/media?parent=13592"}],"wp:term":[{"taxonomy":"category","embeddable":true,"href":"https:\/\/www.upjs.sk\/lekarska-fakulta\/wp-json\/wp\/v2\/categories?post=13592"},{"taxonomy":"post_tag","embeddable":true,"href":"https:\/\/www.upjs.sk\/lekarska-fakulta\/wp-json\/wp\/v2\/tags?post=13592"}],"curies":[{"name":"wp","href":"https:\/\/api.w.org\/{rel}","templated":true}]}}