{"id":13607,"date":"2023-02-07T21:23:54","date_gmt":"2023-02-07T20:23:54","guid":{"rendered":"https:\/\/www.upjs.sk\/lekarska-fakulta\/root\/zahranicne-vztahy\/erasmus\/kratkodobe-mobility-pre-doktorandov\/"},"modified":"2025-03-06T12:23:59","modified_gmt":"2025-03-06T11:23:59","slug":"kratkodobe-mobility-pre-doktorandov","status":"publish","type":"page","link":"https:\/\/www.upjs.sk\/lekarska-fakulta\/zahranicne-vztahy\/erasmus\/kratkodobe-mobility-pre-doktorandov\/","title":{"rendered":"Kr\u00e1tkodob\u00e9 mobility pre doktorandov"},"content":{"rendered":"<style>.wp-block-kadence-advancedheading.kt-adv-heading13607_4096ed-81, .wp-block-kadence-advancedheading.kt-adv-heading13607_4096ed-81[data-kb-block=\"kb-adv-heading13607_4096ed-81\"]{font-style:normal;}.wp-block-kadence-advancedheading.kt-adv-heading13607_4096ed-81 mark.kt-highlight, .wp-block-kadence-advancedheading.kt-adv-heading13607_4096ed-81[data-kb-block=\"kb-adv-heading13607_4096ed-81\"] mark.kt-highlight{font-style:normal;color:#f76a0c;-webkit-box-decoration-break:clone;box-decoration-break:clone;padding-top:0px;padding-right:0px;padding-bottom:0px;padding-left:0px;}<\/style>\n<h4 class=\"kt-adv-heading13607_4096ed-81 wp-block-kadence-advancedheading\" data-kb-block=\"kb-adv-heading13607_4096ed-81\"><strong>Kr\u00e1tkodob\u00e9 mobility pre doktorandov &#8211; \u0160T\u00daDIUM<\/strong><\/h4>\n\n\n\n<ul class=\"wp-block-list\">\n<li>V\u0161eobecn\u00e9 inform\u00e1cie:\n<ul class=\"wp-block-list\">\n<li>D\u013a\u017eka mobility: 5-30 dn\u00ed, pri\u010dom v pr\u00edpade kr\u00e1tkodobej mobility pre doktorandov nie je povinn\u00e1 virtu\u00e1lna \u010das\u0165<\/li>\n\n\n\n<li>Learning Agreementy (rovnak\u00e9 (online) tla\u010divo ako v pr\u00edpade dlhodobej mobility) sa vypisuj\u00fa najprv v papierovej podobe a potom je potrebn\u00e9, aby \u0161tudenti pripravili aj online verziu cez platformu Online Learning Agreement, alebo cez Erasmus aplik\u00e1ciu<\/li>\n\n\n\n<li>Mobilita doktorandov: aktivity sa s\u00fastre\u010fuj\u00fa na \u0161t\u00fadium, rozvoj zru\u010dnost\u00ed, v\u00fdskum a spolupr\u00e1cu<\/li>\n\n\n\n<li>Pre realiz\u00e1ciu mobility je nevyhnutn\u00e1 podp\u00edsan\u00e1 interin\u0161titucion\u00e1lna zmluva s prij\u00edmaj\u00facou in\u0161tit\u00faciou<\/li>\n<\/ul>\n<\/li>\n\n\n\n<li><a href=\"https:\/\/www.upjs.sk\/app\/uploads\/sites\/9\/2025\/03\/25_26-Partner-universities_6.3.2025.xlsx\" target=\"_blank\" rel=\"noreferrer noopener\">Partnersk\u00e9 univerzity<\/a><\/li>\n\n\n\n<li><a href=\"https:\/\/www.upjs.sk\/app\/uploads\/sites\/9\/2023\/02\/Financovanie-studium.pdf\" class=\"ek-link\">Financovanie Erasmus+ kr\u00e1tkodobej mobility &#8211; \u0161t\u00fadium<\/a><\/li>\n<\/ul>\n\n\n\n<div style=\"height:20px\" aria-hidden=\"true\" class=\"wp-block-spacer\"><\/div>\n\n\n<style>.wp-block-kadence-advancedheading.kt-adv-heading13607_7f2e7f-1a, .wp-block-kadence-advancedheading.kt-adv-heading13607_7f2e7f-1a[data-kb-block=\"kb-adv-heading13607_7f2e7f-1a\"]{font-style:normal;}.wp-block-kadence-advancedheading.kt-adv-heading13607_7f2e7f-1a mark.kt-highlight, .wp-block-kadence-advancedheading.kt-adv-heading13607_7f2e7f-1a[data-kb-block=\"kb-adv-heading13607_7f2e7f-1a\"] mark.kt-highlight{font-style:normal;color:#f76a0c;-webkit-box-decoration-break:clone;box-decoration-break:clone;padding-top:0px;padding-right:0px;padding-bottom:0px;padding-left:0px;}<\/style>\n<h4 class=\"kt-adv-heading13607_7f2e7f-1a wp-block-kadence-advancedheading\" data-kb-block=\"kb-adv-heading13607_7f2e7f-1a\"><strong>Kr\u00e1tkodob\u00e9 mobility pre doktorandov &#8211; ST\u00c1\u017d<\/strong><\/h4>\n\n\n\n<ul class=\"wp-block-list\">\n<li>V\u0161eobecn\u00e9 inform\u00e1cie:\n<ul class=\"wp-block-list\">\n<li>D\u013a\u017eka mobility: 5-30 dn\u00ed, pri\u010dom v pr\u00edpade kr\u00e1tkodobej mobility pre doktorandov nie je povinn\u00e1 virtu\u00e1lna \u010das\u0165<\/li>\n\n\n\n<li>Learning Agreementy (rovnak\u00e9 tla\u010divo ako v pr\u00edpade dlhodobej mobility) sa vypisuj\u00fa iba v papierovej podobe<\/li>\n\n\n\n<li>Mobilita doktorandov: aktivity sa s\u00fastre\u010fuj\u00fa na absolvovanie \u0161kolenia na prierezov\u00e9 zru\u010dnosti a pre pr\u00e1cu\/neakadmick\u00e9 sk\u00fasenosti, v\u00fdskumn\u00e9 zru\u010dnosti, v\u00fdskum<\/li>\n<\/ul>\n<\/li>\n\n\n\n<li><a href=\"https:\/\/www.upjs.sk\/app\/uploads\/sites\/9\/2025\/03\/25_26-Partner-universities_6.3.2025.xlsx\" target=\"_blank\" rel=\"noreferrer noopener\">Partnersk\u00e9 univerzity<\/a><\/li>\n\n\n\n<li><a href=\"https:\/\/www.upjs.sk\/app\/uploads\/sites\/9\/2023\/02\/Financovanie-staz.pdf\" class=\"ek-link\">Financovanie Erasmus+ kr\u00e1tkodobej mobility &#8211; st\u00e1\u017e<\/a><\/li>\n<\/ul>\n","protected":false},"excerpt":{"rendered":"<p>Kr\u00e1tkodob\u00e9 mobility pre doktorandov &#8211; \u0160T\u00daDIUM Kr\u00e1tkodob\u00e9 mobility pre doktorandov &#8211; ST\u00c1\u017d<\/p>\n","protected":false},"author":1,"featured_media":13599,"parent":13598,"menu_order":2,"comment_status":"closed","ping_status":"closed","template":"","meta":{"_acf_changed":false,"_editorskit_title_hidden":false,"_editorskit_reading_time":1,"_editorskit_is_block_options_detached":false,"_editorskit_block_options_position":"{}","footnotes":""},"categories":[],"tags":[],"class_list":["post-13607","page","type-page","status-publish","has-post-thumbnail","hentry"],"acf":{"acf_link_na_externy_obsah":""},"yoast_head":"<!-- This site is optimized with the Yoast SEO plugin v27.4 - https:\/\/yoast.com\/product\/yoast-seo-wordpress\/ -->\n<title>Kr\u00e1tkodob\u00e9 mobility pre doktorandov - Lek\u00e1rska fakulta | UPJ\u0160<\/title>\n<meta name=\"robots\" content=\"index, follow, max-snippet:-1, max-image-preview:large, max-video-preview:-1\" \/>\n<link rel=\"canonical\" href=\"https:\/\/www.upjs.sk\/lekarska-fakulta\/zahranicne-vztahy\/erasmus\/kratkodobe-mobility-pre-doktorandov\/\" \/>\n<meta property=\"og:locale\" content=\"sk_SK\" \/>\n<meta property=\"og:type\" content=\"article\" \/>\n<meta property=\"og:title\" content=\"Kr\u00e1tkodob\u00e9 mobility pre doktorandov - Lek\u00e1rska fakulta | UPJ\u0160\" \/>\n<meta property=\"og:description\" content=\"Kr\u00e1tkodob\u00e9 mobility pre doktorandov &#8211; \u0160T\u00daDIUM Kr\u00e1tkodob\u00e9 mobility pre doktorandov &#8211; ST\u00c1\u017d\" \/>\n<meta property=\"og:url\" content=\"https:\/\/www.upjs.sk\/lekarska-fakulta\/zahranicne-vztahy\/erasmus\/kratkodobe-mobility-pre-doktorandov\/\" \/>\n<meta property=\"og:site_name\" content=\"Lek\u00e1rska fakulta | UPJ\u0160\" \/>\n<meta property=\"article:modified_time\" content=\"2025-03-06T11:23:59+00:00\" \/>\n<meta property=\"og:image\" content=\"https:\/\/www.upjs.sk\/app\/uploads\/sites\/9\/2022\/09\/Obrazok1-1.png\" \/>\n\t<meta property=\"og:image:width\" content=\"203\" \/>\n\t<meta property=\"og:image:height\" content=\"60\" \/>\n\t<meta property=\"og:image:type\" content=\"image\/png\" \/>\n<meta name=\"twitter:card\" content=\"summary_large_image\" \/>\n<meta name=\"twitter:label1\" content=\"Predpokladan\u00fd \u010das \u010d\u00edtania\" \/>\n\t<meta name=\"twitter:data1\" content=\"2 min\u00faty\" \/>\n<script type=\"application\/ld+json\" class=\"yoast-schema-graph\">{\"@context\":\"https:\\\/\\\/schema.org\",\"@graph\":[{\"@type\":\"WebPage\",\"@id\":\"https:\\\/\\\/www.upjs.sk\\\/lekarska-fakulta\\\/zahranicne-vztahy\\\/erasmus\\\/kratkodobe-mobility-pre-doktorandov\\\/\",\"url\":\"https:\\\/\\\/www.upjs.sk\\\/lekarska-fakulta\\\/zahranicne-vztahy\\\/erasmus\\\/kratkodobe-mobility-pre-doktorandov\\\/\",\"name\":\"Kr\u00e1tkodob\u00e9 mobility pre doktorandov - Lek\u00e1rska fakulta | UPJ\u0160\",\"isPartOf\":{\"@id\":\"https:\\\/\\\/www.upjs.sk\\\/lekarska-fakulta\\\/#website\"},\"primaryImageOfPage\":{\"@id\":\"https:\\\/\\\/www.upjs.sk\\\/lekarska-fakulta\\\/zahranicne-vztahy\\\/erasmus\\\/kratkodobe-mobility-pre-doktorandov\\\/#primaryimage\"},\"image\":{\"@id\":\"https:\\\/\\\/www.upjs.sk\\\/lekarska-fakulta\\\/zahranicne-vztahy\\\/erasmus\\\/kratkodobe-mobility-pre-doktorandov\\\/#primaryimage\"},\"thumbnailUrl\":\"https:\\\/\\\/www.upjs.sk\\\/app\\\/uploads\\\/sites\\\/9\\\/2022\\\/09\\\/Obrazok1-1.png\",\"datePublished\":\"2023-02-07T20:23:54+00:00\",\"dateModified\":\"2025-03-06T11:23:59+00:00\",\"breadcrumb\":{\"@id\":\"https:\\\/\\\/www.upjs.sk\\\/lekarska-fakulta\\\/zahranicne-vztahy\\\/erasmus\\\/kratkodobe-mobility-pre-doktorandov\\\/#breadcrumb\"},\"inLanguage\":\"sk-SK\",\"potentialAction\":[{\"@type\":\"ReadAction\",\"target\":[\"https:\\\/\\\/www.upjs.sk\\\/lekarska-fakulta\\\/zahranicne-vztahy\\\/erasmus\\\/kratkodobe-mobility-pre-doktorandov\\\/\"]}]},{\"@type\":\"ImageObject\",\"inLanguage\":\"sk-SK\",\"@id\":\"https:\\\/\\\/www.upjs.sk\\\/lekarska-fakulta\\\/zahranicne-vztahy\\\/erasmus\\\/kratkodobe-mobility-pre-doktorandov\\\/#primaryimage\",\"url\":\"https:\\\/\\\/www.upjs.sk\\\/app\\\/uploads\\\/sites\\\/9\\\/2022\\\/09\\\/Obrazok1-1.png\",\"contentUrl\":\"https:\\\/\\\/www.upjs.sk\\\/app\\\/uploads\\\/sites\\\/9\\\/2022\\\/09\\\/Obrazok1-1.png\",\"width\":203,\"height\":60,\"caption\":\"erasmus\"},{\"@type\":\"BreadcrumbList\",\"@id\":\"https:\\\/\\\/www.upjs.sk\\\/lekarska-fakulta\\\/zahranicne-vztahy\\\/erasmus\\\/kratkodobe-mobility-pre-doktorandov\\\/#breadcrumb\",\"itemListElement\":[{\"@type\":\"ListItem\",\"position\":1,\"name\":\"Home\",\"item\":\"https:\\\/\\\/www.upjs.sk\\\/lekarska-fakulta\\\/\"},{\"@type\":\"ListItem\",\"position\":2,\"name\":\"Zahrani\u010dn\u00e9 vz\u0165ahy\",\"item\":\"https:\\\/\\\/www.upjs.sk\\\/lekarska-fakulta\\\/zahranicne-vztahy\\\/\"},{\"@type\":\"ListItem\",\"position\":3,\"name\":\"Erasmus+\",\"item\":\"https:\\\/\\\/www.upjs.sk\\\/lekarska-fakulta\\\/zahranicne-vztahy\\\/erasmus\\\/\"},{\"@type\":\"ListItem\",\"position\":4,\"name\":\"Kr\u00e1tkodob\u00e9 mobility pre doktorandov\"}]},{\"@type\":\"WebSite\",\"@id\":\"https:\\\/\\\/www.upjs.sk\\\/lekarska-fakulta\\\/#website\",\"url\":\"https:\\\/\\\/www.upjs.sk\\\/lekarska-fakulta\\\/\",\"name\":\"Lek\u00e1rska fakulta | UPJ\u0160\",\"description\":\"\",\"publisher\":{\"@id\":\"https:\\\/\\\/www.upjs.sk\\\/lekarska-fakulta\\\/#organization\"},\"potentialAction\":[{\"@type\":\"SearchAction\",\"target\":{\"@type\":\"EntryPoint\",\"urlTemplate\":\"https:\\\/\\\/www.upjs.sk\\\/lekarska-fakulta\\\/?s={search_term_string}\"},\"query-input\":{\"@type\":\"PropertyValueSpecification\",\"valueRequired\":true,\"valueName\":\"search_term_string\"}}],\"inLanguage\":\"sk-SK\"},{\"@type\":\"Organization\",\"@id\":\"https:\\\/\\\/www.upjs.sk\\\/lekarska-fakulta\\\/#organization\",\"name\":\"Lek\u00e1rska fakulta | UPJ\u0160\",\"url\":\"https:\\\/\\\/www.upjs.sk\\\/lekarska-fakulta\\\/\",\"logo\":{\"@type\":\"ImageObject\",\"inLanguage\":\"sk-SK\",\"@id\":\"https:\\\/\\\/www.upjs.sk\\\/lekarska-fakulta\\\/#\\\/schema\\\/logo\\\/image\\\/\",\"url\":\"https:\\\/\\\/www.upjs.sk\\\/app\\\/uploads\\\/sites\\\/9\\\/2022\\\/09\\\/logo-lekarska-fakulta.png\",\"contentUrl\":\"https:\\\/\\\/www.upjs.sk\\\/app\\\/uploads\\\/sites\\\/9\\\/2022\\\/09\\\/logo-lekarska-fakulta.png\",\"width\":415,\"height\":87,\"caption\":\"Lek\u00e1rska fakulta | UPJ\u0160\"},\"image\":{\"@id\":\"https:\\\/\\\/www.upjs.sk\\\/lekarska-fakulta\\\/#\\\/schema\\\/logo\\\/image\\\/\"}}]}<\/script>\n<!-- \/ Yoast SEO plugin. -->","yoast_head_json":{"title":"Kr\u00e1tkodob\u00e9 mobility pre doktorandov - Lek\u00e1rska fakulta | UPJ\u0160","robots":{"index":"index","follow":"follow","max-snippet":"max-snippet:-1","max-image-preview":"max-image-preview:large","max-video-preview":"max-video-preview:-1"},"canonical":"https:\/\/www.upjs.sk\/lekarska-fakulta\/zahranicne-vztahy\/erasmus\/kratkodobe-mobility-pre-doktorandov\/","og_locale":"sk_SK","og_type":"article","og_title":"Kr\u00e1tkodob\u00e9 mobility pre doktorandov - Lek\u00e1rska fakulta | UPJ\u0160","og_description":"Kr\u00e1tkodob\u00e9 mobility pre doktorandov &#8211; \u0160T\u00daDIUM Kr\u00e1tkodob\u00e9 mobility pre doktorandov &#8211; ST\u00c1\u017d","og_url":"https:\/\/www.upjs.sk\/lekarska-fakulta\/zahranicne-vztahy\/erasmus\/kratkodobe-mobility-pre-doktorandov\/","og_site_name":"Lek\u00e1rska fakulta | UPJ\u0160","article_modified_time":"2025-03-06T11:23:59+00:00","og_image":[{"width":203,"height":60,"url":"https:\/\/www.upjs.sk\/app\/uploads\/sites\/9\/2022\/09\/Obrazok1-1.png","type":"image\/png"}],"twitter_card":"summary_large_image","twitter_misc":{"Predpokladan\u00fd \u010das \u010d\u00edtania":"2 min\u00faty"},"schema":{"@context":"https:\/\/schema.org","@graph":[{"@type":"WebPage","@id":"https:\/\/www.upjs.sk\/lekarska-fakulta\/zahranicne-vztahy\/erasmus\/kratkodobe-mobility-pre-doktorandov\/","url":"https:\/\/www.upjs.sk\/lekarska-fakulta\/zahranicne-vztahy\/erasmus\/kratkodobe-mobility-pre-doktorandov\/","name":"Kr\u00e1tkodob\u00e9 mobility pre doktorandov - Lek\u00e1rska fakulta | UPJ\u0160","isPartOf":{"@id":"https:\/\/www.upjs.sk\/lekarska-fakulta\/#website"},"primaryImageOfPage":{"@id":"https:\/\/www.upjs.sk\/lekarska-fakulta\/zahranicne-vztahy\/erasmus\/kratkodobe-mobility-pre-doktorandov\/#primaryimage"},"image":{"@id":"https:\/\/www.upjs.sk\/lekarska-fakulta\/zahranicne-vztahy\/erasmus\/kratkodobe-mobility-pre-doktorandov\/#primaryimage"},"thumbnailUrl":"https:\/\/www.upjs.sk\/app\/uploads\/sites\/9\/2022\/09\/Obrazok1-1.png","datePublished":"2023-02-07T20:23:54+00:00","dateModified":"2025-03-06T11:23:59+00:00","breadcrumb":{"@id":"https:\/\/www.upjs.sk\/lekarska-fakulta\/zahranicne-vztahy\/erasmus\/kratkodobe-mobility-pre-doktorandov\/#breadcrumb"},"inLanguage":"sk-SK","potentialAction":[{"@type":"ReadAction","target":["https:\/\/www.upjs.sk\/lekarska-fakulta\/zahranicne-vztahy\/erasmus\/kratkodobe-mobility-pre-doktorandov\/"]}]},{"@type":"ImageObject","inLanguage":"sk-SK","@id":"https:\/\/www.upjs.sk\/lekarska-fakulta\/zahranicne-vztahy\/erasmus\/kratkodobe-mobility-pre-doktorandov\/#primaryimage","url":"https:\/\/www.upjs.sk\/app\/uploads\/sites\/9\/2022\/09\/Obrazok1-1.png","contentUrl":"https:\/\/www.upjs.sk\/app\/uploads\/sites\/9\/2022\/09\/Obrazok1-1.png","width":203,"height":60,"caption":"erasmus"},{"@type":"BreadcrumbList","@id":"https:\/\/www.upjs.sk\/lekarska-fakulta\/zahranicne-vztahy\/erasmus\/kratkodobe-mobility-pre-doktorandov\/#breadcrumb","itemListElement":[{"@type":"ListItem","position":1,"name":"Home","item":"https:\/\/www.upjs.sk\/lekarska-fakulta\/"},{"@type":"ListItem","position":2,"name":"Zahrani\u010dn\u00e9 vz\u0165ahy","item":"https:\/\/www.upjs.sk\/lekarska-fakulta\/zahranicne-vztahy\/"},{"@type":"ListItem","position":3,"name":"Erasmus+","item":"https:\/\/www.upjs.sk\/lekarska-fakulta\/zahranicne-vztahy\/erasmus\/"},{"@type":"ListItem","position":4,"name":"Kr\u00e1tkodob\u00e9 mobility pre doktorandov"}]},{"@type":"WebSite","@id":"https:\/\/www.upjs.sk\/lekarska-fakulta\/#website","url":"https:\/\/www.upjs.sk\/lekarska-fakulta\/","name":"Lek\u00e1rska fakulta | UPJ\u0160","description":"","publisher":{"@id":"https:\/\/www.upjs.sk\/lekarska-fakulta\/#organization"},"potentialAction":[{"@type":"SearchAction","target":{"@type":"EntryPoint","urlTemplate":"https:\/\/www.upjs.sk\/lekarska-fakulta\/?s={search_term_string}"},"query-input":{"@type":"PropertyValueSpecification","valueRequired":true,"valueName":"search_term_string"}}],"inLanguage":"sk-SK"},{"@type":"Organization","@id":"https:\/\/www.upjs.sk\/lekarska-fakulta\/#organization","name":"Lek\u00e1rska fakulta | UPJ\u0160","url":"https:\/\/www.upjs.sk\/lekarska-fakulta\/","logo":{"@type":"ImageObject","inLanguage":"sk-SK","@id":"https:\/\/www.upjs.sk\/lekarska-fakulta\/#\/schema\/logo\/image\/","url":"https:\/\/www.upjs.sk\/app\/uploads\/sites\/9\/2022\/09\/logo-lekarska-fakulta.png","contentUrl":"https:\/\/www.upjs.sk\/app\/uploads\/sites\/9\/2022\/09\/logo-lekarska-fakulta.png","width":415,"height":87,"caption":"Lek\u00e1rska fakulta | UPJ\u0160"},"image":{"@id":"https:\/\/www.upjs.sk\/lekarska-fakulta\/#\/schema\/logo\/image\/"}}]}},"_links":{"self":[{"href":"https:\/\/www.upjs.sk\/lekarska-fakulta\/wp-json\/wp\/v2\/pages\/13607","targetHints":{"allow":["GET"]}}],"collection":[{"href":"https:\/\/www.upjs.sk\/lekarska-fakulta\/wp-json\/wp\/v2\/pages"}],"about":[{"href":"https:\/\/www.upjs.sk\/lekarska-fakulta\/wp-json\/wp\/v2\/types\/page"}],"author":[{"embeddable":true,"href":"https:\/\/www.upjs.sk\/lekarska-fakulta\/wp-json\/wp\/v2\/users\/1"}],"replies":[{"embeddable":true,"href":"https:\/\/www.upjs.sk\/lekarska-fakulta\/wp-json\/wp\/v2\/comments?post=13607"}],"version-history":[{"count":16,"href":"https:\/\/www.upjs.sk\/lekarska-fakulta\/wp-json\/wp\/v2\/pages\/13607\/revisions"}],"predecessor-version":[{"id":131576,"href":"https:\/\/www.upjs.sk\/lekarska-fakulta\/wp-json\/wp\/v2\/pages\/13607\/revisions\/131576"}],"up":[{"embeddable":true,"href":"https:\/\/www.upjs.sk\/lekarska-fakulta\/wp-json\/wp\/v2\/pages\/13598"}],"wp:featuredmedia":[{"embeddable":true,"href":"https:\/\/www.upjs.sk\/lekarska-fakulta\/wp-json\/wp\/v2\/media\/13599"}],"wp:attachment":[{"href":"https:\/\/www.upjs.sk\/lekarska-fakulta\/wp-json\/wp\/v2\/media?parent=13607"}],"wp:term":[{"taxonomy":"category","embeddable":true,"href":"https:\/\/www.upjs.sk\/lekarska-fakulta\/wp-json\/wp\/v2\/categories?post=13607"},{"taxonomy":"post_tag","embeddable":true,"href":"https:\/\/www.upjs.sk\/lekarska-fakulta\/wp-json\/wp\/v2\/tags?post=13607"}],"curies":[{"name":"wp","href":"https:\/\/api.w.org\/{rel}","templated":true}]}}