{"id":13612,"date":"2023-02-22T04:06:10","date_gmt":"2023-02-22T03:06:10","guid":{"rendered":"https:\/\/www.upjs.sk\/lekarska-fakulta\/root\/zahranicne-vztahy\/odporucane-linky\/"},"modified":"2023-02-22T04:07:30","modified_gmt":"2023-02-22T03:07:30","slug":"odporucane-linky","status":"publish","type":"page","link":"https:\/\/www.upjs.sk\/lekarska-fakulta\/zahranicne-vztahy\/odporucane-linky\/","title":{"rendered":"Odpor\u00fa\u010dan\u00e9 linky"},"content":{"rendered":"\n<p>Z\u00e1ujemcovia o \u0161tipendi\u00e1 cez r\u00f4zne programy m\u00f4\u017eu n\u00e1js\u0165 viac inform\u00e1ci\u00ed na ni\u017e\u0161ie uveden\u00fdch port\u00e1loch:<\/p>\n\n\n\n<p><a href=\"https:\/\/www.saia.sk\" target=\"_blank\" aria-label=\" (opens in a new tab)\" rel=\"noreferrer noopener\" class=\"ek-link\">https:\/\/www.saia.sk<\/a> &#8211; Slovensk\u00e1 akademick\u00e1 informa\u010dn\u00e1 agent\u00fara<br><a href=\"https:\/\/www.saaic.sk\" target=\"_blank\" aria-label=\" (opens in a new tab)\" rel=\"noreferrer noopener\" class=\"ek-link\">https:\/\/www.saaic.sk<\/a> &#8211; Slovensk\u00e1 akademick\u00e1 asoci\u00e1cia pre zahrani\u010dn\u00fa spolupr\u00e1cu<br><a href=\"https:\/\/www.euraxess.sk\" target=\"_blank\" aria-label=\" (opens in a new tab)\" rel=\"noreferrer noopener\" class=\"ek-link\">https:\/\/www.euraxess.sk<\/a> &#8211; v\u00fdskumn\u00e9 pobyty<br><a href=\"https:\/\/www.esn.org\/\" target=\"_blank\" aria-label=\" (opens in a new tab)\" rel=\"noreferrer noopener\" class=\"ek-link\">https:\/\/www.esn.org\/<\/a> &#8211; Erasmus \u0161tudent v\u00fdmenn\u00e1 sie\u0165<br><a href=\"https:\/\/ec.europa.eu\" target=\"_blank\" aria-label=\" (opens in a new tab)\" rel=\"noreferrer noopener\" class=\"ek-link\">https:\/\/ec.europa.eu<\/a> &#8211; Eur\u00f3pska komisia<br><a href=\"https:\/\/www.fulbright.sk\" target=\"_blank\" aria-label=\" (opens in a new tab)\" rel=\"noreferrer noopener\" class=\"ek-link\">https:\/\/www.fulbright.sk<\/a> &#8211; komisia J.W. Fulbrighta pre v\u00fdmenn\u00e9 pobyty v SR<br><a href=\"https:\/\/www.visegradfund.org\" target=\"_blank\" aria-label=\" (opens in a new tab)\" rel=\"noreferrer noopener\" class=\"ek-link\">https:\/\/www.visegradfund.org<\/a> &#8211; Visegr\u00e1dsky fond<br><a href=\"https:\/\/www.daad.de\/en\/index.html\" target=\"_blank\" aria-label=\" (opens in a new tab)\" rel=\"noreferrer noopener\" class=\"ek-link\">https:\/\/www.daad.de\/en<\/a>&nbsp;&#8211; Nemeck\u00e1 \u0161tipendijn\u00e1 slu\u017eba<br><a href=\"https:\/\/www.internationalscholarships.com\" target=\"_blank\" aria-label=\" (opens in a new tab)\" rel=\"noreferrer noopener\" class=\"ek-link\">https:\/\/www.internationalscholarships.com<\/a> &#8211; Medzin\u00e1rodn\u00e1 datab\u00e1za stipendi\u00ed<br><a href=\"https:\/\/www.scholarshipnet.info\" target=\"_blank\" aria-label=\" (opens in a new tab)\" rel=\"noreferrer noopener\" class=\"ek-link\">https:\/\/www.scholarshipnet.in<\/a><a href=\"https:\/\/www.scholarshipnet.info\" target=\"_blank\" aria-label=\"f (opens in a new tab)\" rel=\"noreferrer noopener\" class=\"ek-link\">f<\/a><a href=\"https:\/\/www.scholarshipnet.info\" class=\"ek-link\">o<\/a> &#8211; Medzinarodn\u00e9 \u0161tipendijn\u00e9 zdroje<br><a href=\"https:\/\/www.finaid.org\" target=\"_blank\" aria-label=\" (opens in a new tab)\" rel=\"noreferrer noopener\" class=\"ek-link\">https:\/\/www.finaid.org<\/a> &#8211; \u0160tudentsk\u00fd pr\u00edru\u010dka pre finan\u010dn\u00fa pomoc<br><a href=\"https:\/\/www.openscholarship.info\" target=\"_blank\" aria-label=\" (opens in a new tab)\" rel=\"noreferrer noopener\" class=\"ek-link\">https:\/\/www.openscholarship.info<\/a> &#8211; Medzin\u00e1rodn\u00e9 \u0161tipendi\u00e1 pre univerzitn\u00fdch \u0161tudentov<br><a href=\"https:\/\/www.international-scholarship.net\" target=\"_blank\" aria-label=\" (opens in a new tab)\" rel=\"noreferrer noopener\" class=\"ek-link\">https:\/\/www.international-scholarship.net<\/a> &#8211; Medzin\u00e1rodn\u00e9 \u0161tipendi\u00e1<\/p>\n","protected":false},"excerpt":{"rendered":"<p>Z\u00e1ujemcovia o \u0161tipendi\u00e1 cez r\u00f4zne programy m\u00f4\u017eu n\u00e1js\u0165 viac inform\u00e1ci\u00ed na ni\u017e\u0161ie uveden\u00fdch port\u00e1loch: https:\/\/www.saia.sk &#8211; Slovensk\u00e1 akademick\u00e1 informa\u010dn\u00e1 agent\u00farahttps:\/\/www.saaic.sk &#8211; Slovensk\u00e1 akademick\u00e1 asoci\u00e1cia pre zahrani\u010dn\u00fa spolupr\u00e1cuhttps:\/\/www.euraxess.sk &#8211; v\u00fdskumn\u00e9 pobytyhttps:\/\/www.esn.org\/ &#8211; Erasmus \u0161tudent v\u00fdmenn\u00e1 sie\u0165https:\/\/ec.europa.eu &#8211; Eur\u00f3pska komisiahttps:\/\/www.fulbright.sk &#8211; komisia J.W. Fulbrighta pre v\u00fdmenn\u00e9 pobyty v SRhttps:\/\/www.visegradfund.org &#8211; Visegr\u00e1dsky fondhttps:\/\/www.daad.de\/en&nbsp;&#8211; Nemeck\u00e1 \u0161tipendijn\u00e1 slu\u017ebahttps:\/\/www.internationalscholarships.com &#8211; Medzin\u00e1rodn\u00e1 &hellip; <a href=\"https:\/\/www.upjs.sk\/lekarska-fakulta\/zahranicne-vztahy\/odporucane-linky\/\">\u010c\u00edta\u0165 \u010falej<\/a><\/p>\n","protected":false},"author":1,"featured_media":0,"parent":13586,"menu_order":2,"comment_status":"closed","ping_status":"closed","template":"","meta":{"_acf_changed":false,"_editorskit_title_hidden":false,"_editorskit_reading_time":1,"_editorskit_is_block_options_detached":false,"_editorskit_block_options_position":"{}","footnotes":""},"categories":[],"tags":[],"class_list":["post-13612","page","type-page","status-publish","hentry"],"acf":{"acf_link_na_externy_obsah":""},"yoast_head":"<!-- This site is optimized with the Yoast SEO plugin v27.4 - https:\/\/yoast.com\/product\/yoast-seo-wordpress\/ -->\n<title>Odpor\u00fa\u010dan\u00e9 linky - Lek\u00e1rska fakulta | UPJ\u0160<\/title>\n<meta name=\"robots\" content=\"index, follow, max-snippet:-1, max-image-preview:large, max-video-preview:-1\" \/>\n<link rel=\"canonical\" href=\"https:\/\/www.upjs.sk\/lekarska-fakulta\/zahranicne-vztahy\/odporucane-linky\/\" \/>\n<meta property=\"og:locale\" content=\"sk_SK\" \/>\n<meta property=\"og:type\" content=\"article\" \/>\n<meta property=\"og:title\" content=\"Odpor\u00fa\u010dan\u00e9 linky - Lek\u00e1rska fakulta | UPJ\u0160\" \/>\n<meta property=\"og:description\" content=\"Z\u00e1ujemcovia o \u0161tipendi\u00e1 cez r\u00f4zne programy m\u00f4\u017eu n\u00e1js\u0165 viac inform\u00e1ci\u00ed na ni\u017e\u0161ie uveden\u00fdch port\u00e1loch: https:\/\/www.saia.sk &#8211; Slovensk\u00e1 akademick\u00e1 informa\u010dn\u00e1 agent\u00farahttps:\/\/www.saaic.sk &#8211; Slovensk\u00e1 akademick\u00e1 asoci\u00e1cia pre zahrani\u010dn\u00fa spolupr\u00e1cuhttps:\/\/www.euraxess.sk &#8211; v\u00fdskumn\u00e9 pobytyhttps:\/\/www.esn.org\/ &#8211; Erasmus \u0161tudent v\u00fdmenn\u00e1 sie\u0165https:\/\/ec.europa.eu &#8211; Eur\u00f3pska komisiahttps:\/\/www.fulbright.sk &#8211; komisia J.W. Fulbrighta pre v\u00fdmenn\u00e9 pobyty v SRhttps:\/\/www.visegradfund.org &#8211; Visegr\u00e1dsky fondhttps:\/\/www.daad.de\/en&nbsp;&#8211; Nemeck\u00e1 \u0161tipendijn\u00e1 slu\u017ebahttps:\/\/www.internationalscholarships.com &#8211; Medzin\u00e1rodn\u00e1 &hellip; \u010c\u00edta\u0165 \u010falej\" \/>\n<meta property=\"og:url\" content=\"https:\/\/www.upjs.sk\/lekarska-fakulta\/zahranicne-vztahy\/odporucane-linky\/\" \/>\n<meta property=\"og:site_name\" content=\"Lek\u00e1rska fakulta | UPJ\u0160\" \/>\n<meta property=\"article:modified_time\" content=\"2023-02-22T03:07:30+00:00\" \/>\n<meta name=\"twitter:card\" content=\"summary_large_image\" \/>\n<meta name=\"twitter:label1\" content=\"Predpokladan\u00fd \u010das \u010d\u00edtania\" \/>\n\t<meta name=\"twitter:data1\" content=\"1 min\u00fata\" \/>\n<script type=\"application\/ld+json\" class=\"yoast-schema-graph\">{\"@context\":\"https:\\\/\\\/schema.org\",\"@graph\":[{\"@type\":\"WebPage\",\"@id\":\"https:\\\/\\\/www.upjs.sk\\\/lekarska-fakulta\\\/zahranicne-vztahy\\\/odporucane-linky\\\/\",\"url\":\"https:\\\/\\\/www.upjs.sk\\\/lekarska-fakulta\\\/zahranicne-vztahy\\\/odporucane-linky\\\/\",\"name\":\"Odpor\u00fa\u010dan\u00e9 linky - Lek\u00e1rska fakulta | UPJ\u0160\",\"isPartOf\":{\"@id\":\"https:\\\/\\\/www.upjs.sk\\\/lekarska-fakulta\\\/#website\"},\"datePublished\":\"2023-02-22T03:06:10+00:00\",\"dateModified\":\"2023-02-22T03:07:30+00:00\",\"breadcrumb\":{\"@id\":\"https:\\\/\\\/www.upjs.sk\\\/lekarska-fakulta\\\/zahranicne-vztahy\\\/odporucane-linky\\\/#breadcrumb\"},\"inLanguage\":\"sk-SK\",\"potentialAction\":[{\"@type\":\"ReadAction\",\"target\":[\"https:\\\/\\\/www.upjs.sk\\\/lekarska-fakulta\\\/zahranicne-vztahy\\\/odporucane-linky\\\/\"]}]},{\"@type\":\"BreadcrumbList\",\"@id\":\"https:\\\/\\\/www.upjs.sk\\\/lekarska-fakulta\\\/zahranicne-vztahy\\\/odporucane-linky\\\/#breadcrumb\",\"itemListElement\":[{\"@type\":\"ListItem\",\"position\":1,\"name\":\"Home\",\"item\":\"https:\\\/\\\/www.upjs.sk\\\/lekarska-fakulta\\\/\"},{\"@type\":\"ListItem\",\"position\":2,\"name\":\"Zahrani\u010dn\u00e9 vz\u0165ahy\",\"item\":\"https:\\\/\\\/www.upjs.sk\\\/lekarska-fakulta\\\/zahranicne-vztahy\\\/\"},{\"@type\":\"ListItem\",\"position\":3,\"name\":\"Odpor\u00fa\u010dan\u00e9 linky\"}]},{\"@type\":\"WebSite\",\"@id\":\"https:\\\/\\\/www.upjs.sk\\\/lekarska-fakulta\\\/#website\",\"url\":\"https:\\\/\\\/www.upjs.sk\\\/lekarska-fakulta\\\/\",\"name\":\"Lek\u00e1rska fakulta | UPJ\u0160\",\"description\":\"\",\"publisher\":{\"@id\":\"https:\\\/\\\/www.upjs.sk\\\/lekarska-fakulta\\\/#organization\"},\"potentialAction\":[{\"@type\":\"SearchAction\",\"target\":{\"@type\":\"EntryPoint\",\"urlTemplate\":\"https:\\\/\\\/www.upjs.sk\\\/lekarska-fakulta\\\/?s={search_term_string}\"},\"query-input\":{\"@type\":\"PropertyValueSpecification\",\"valueRequired\":true,\"valueName\":\"search_term_string\"}}],\"inLanguage\":\"sk-SK\"},{\"@type\":\"Organization\",\"@id\":\"https:\\\/\\\/www.upjs.sk\\\/lekarska-fakulta\\\/#organization\",\"name\":\"Lek\u00e1rska fakulta | UPJ\u0160\",\"url\":\"https:\\\/\\\/www.upjs.sk\\\/lekarska-fakulta\\\/\",\"logo\":{\"@type\":\"ImageObject\",\"inLanguage\":\"sk-SK\",\"@id\":\"https:\\\/\\\/www.upjs.sk\\\/lekarska-fakulta\\\/#\\\/schema\\\/logo\\\/image\\\/\",\"url\":\"https:\\\/\\\/www.upjs.sk\\\/app\\\/uploads\\\/sites\\\/9\\\/2022\\\/09\\\/logo-lekarska-fakulta.png\",\"contentUrl\":\"https:\\\/\\\/www.upjs.sk\\\/app\\\/uploads\\\/sites\\\/9\\\/2022\\\/09\\\/logo-lekarska-fakulta.png\",\"width\":415,\"height\":87,\"caption\":\"Lek\u00e1rska fakulta | UPJ\u0160\"},\"image\":{\"@id\":\"https:\\\/\\\/www.upjs.sk\\\/lekarska-fakulta\\\/#\\\/schema\\\/logo\\\/image\\\/\"}}]}<\/script>\n<!-- \/ Yoast SEO plugin. -->","yoast_head_json":{"title":"Odpor\u00fa\u010dan\u00e9 linky - Lek\u00e1rska fakulta | UPJ\u0160","robots":{"index":"index","follow":"follow","max-snippet":"max-snippet:-1","max-image-preview":"max-image-preview:large","max-video-preview":"max-video-preview:-1"},"canonical":"https:\/\/www.upjs.sk\/lekarska-fakulta\/zahranicne-vztahy\/odporucane-linky\/","og_locale":"sk_SK","og_type":"article","og_title":"Odpor\u00fa\u010dan\u00e9 linky - Lek\u00e1rska fakulta | UPJ\u0160","og_description":"Z\u00e1ujemcovia o \u0161tipendi\u00e1 cez r\u00f4zne programy m\u00f4\u017eu n\u00e1js\u0165 viac inform\u00e1ci\u00ed na ni\u017e\u0161ie uveden\u00fdch port\u00e1loch: https:\/\/www.saia.sk &#8211; Slovensk\u00e1 akademick\u00e1 informa\u010dn\u00e1 agent\u00farahttps:\/\/www.saaic.sk &#8211; Slovensk\u00e1 akademick\u00e1 asoci\u00e1cia pre zahrani\u010dn\u00fa spolupr\u00e1cuhttps:\/\/www.euraxess.sk &#8211; v\u00fdskumn\u00e9 pobytyhttps:\/\/www.esn.org\/ &#8211; Erasmus \u0161tudent v\u00fdmenn\u00e1 sie\u0165https:\/\/ec.europa.eu &#8211; Eur\u00f3pska komisiahttps:\/\/www.fulbright.sk &#8211; komisia J.W. Fulbrighta pre v\u00fdmenn\u00e9 pobyty v SRhttps:\/\/www.visegradfund.org &#8211; Visegr\u00e1dsky fondhttps:\/\/www.daad.de\/en&nbsp;&#8211; Nemeck\u00e1 \u0161tipendijn\u00e1 slu\u017ebahttps:\/\/www.internationalscholarships.com &#8211; Medzin\u00e1rodn\u00e1 &hellip; \u010c\u00edta\u0165 \u010falej","og_url":"https:\/\/www.upjs.sk\/lekarska-fakulta\/zahranicne-vztahy\/odporucane-linky\/","og_site_name":"Lek\u00e1rska fakulta | UPJ\u0160","article_modified_time":"2023-02-22T03:07:30+00:00","twitter_card":"summary_large_image","twitter_misc":{"Predpokladan\u00fd \u010das \u010d\u00edtania":"1 min\u00fata"},"schema":{"@context":"https:\/\/schema.org","@graph":[{"@type":"WebPage","@id":"https:\/\/www.upjs.sk\/lekarska-fakulta\/zahranicne-vztahy\/odporucane-linky\/","url":"https:\/\/www.upjs.sk\/lekarska-fakulta\/zahranicne-vztahy\/odporucane-linky\/","name":"Odpor\u00fa\u010dan\u00e9 linky - Lek\u00e1rska fakulta | UPJ\u0160","isPartOf":{"@id":"https:\/\/www.upjs.sk\/lekarska-fakulta\/#website"},"datePublished":"2023-02-22T03:06:10+00:00","dateModified":"2023-02-22T03:07:30+00:00","breadcrumb":{"@id":"https:\/\/www.upjs.sk\/lekarska-fakulta\/zahranicne-vztahy\/odporucane-linky\/#breadcrumb"},"inLanguage":"sk-SK","potentialAction":[{"@type":"ReadAction","target":["https:\/\/www.upjs.sk\/lekarska-fakulta\/zahranicne-vztahy\/odporucane-linky\/"]}]},{"@type":"BreadcrumbList","@id":"https:\/\/www.upjs.sk\/lekarska-fakulta\/zahranicne-vztahy\/odporucane-linky\/#breadcrumb","itemListElement":[{"@type":"ListItem","position":1,"name":"Home","item":"https:\/\/www.upjs.sk\/lekarska-fakulta\/"},{"@type":"ListItem","position":2,"name":"Zahrani\u010dn\u00e9 vz\u0165ahy","item":"https:\/\/www.upjs.sk\/lekarska-fakulta\/zahranicne-vztahy\/"},{"@type":"ListItem","position":3,"name":"Odpor\u00fa\u010dan\u00e9 linky"}]},{"@type":"WebSite","@id":"https:\/\/www.upjs.sk\/lekarska-fakulta\/#website","url":"https:\/\/www.upjs.sk\/lekarska-fakulta\/","name":"Lek\u00e1rska fakulta | UPJ\u0160","description":"","publisher":{"@id":"https:\/\/www.upjs.sk\/lekarska-fakulta\/#organization"},"potentialAction":[{"@type":"SearchAction","target":{"@type":"EntryPoint","urlTemplate":"https:\/\/www.upjs.sk\/lekarska-fakulta\/?s={search_term_string}"},"query-input":{"@type":"PropertyValueSpecification","valueRequired":true,"valueName":"search_term_string"}}],"inLanguage":"sk-SK"},{"@type":"Organization","@id":"https:\/\/www.upjs.sk\/lekarska-fakulta\/#organization","name":"Lek\u00e1rska fakulta | UPJ\u0160","url":"https:\/\/www.upjs.sk\/lekarska-fakulta\/","logo":{"@type":"ImageObject","inLanguage":"sk-SK","@id":"https:\/\/www.upjs.sk\/lekarska-fakulta\/#\/schema\/logo\/image\/","url":"https:\/\/www.upjs.sk\/app\/uploads\/sites\/9\/2022\/09\/logo-lekarska-fakulta.png","contentUrl":"https:\/\/www.upjs.sk\/app\/uploads\/sites\/9\/2022\/09\/logo-lekarska-fakulta.png","width":415,"height":87,"caption":"Lek\u00e1rska fakulta | UPJ\u0160"},"image":{"@id":"https:\/\/www.upjs.sk\/lekarska-fakulta\/#\/schema\/logo\/image\/"}}]}},"_links":{"self":[{"href":"https:\/\/www.upjs.sk\/lekarska-fakulta\/wp-json\/wp\/v2\/pages\/13612","targetHints":{"allow":["GET"]}}],"collection":[{"href":"https:\/\/www.upjs.sk\/lekarska-fakulta\/wp-json\/wp\/v2\/pages"}],"about":[{"href":"https:\/\/www.upjs.sk\/lekarska-fakulta\/wp-json\/wp\/v2\/types\/page"}],"author":[{"embeddable":true,"href":"https:\/\/www.upjs.sk\/lekarska-fakulta\/wp-json\/wp\/v2\/users\/1"}],"replies":[{"embeddable":true,"href":"https:\/\/www.upjs.sk\/lekarska-fakulta\/wp-json\/wp\/v2\/comments?post=13612"}],"version-history":[{"count":5,"href":"https:\/\/www.upjs.sk\/lekarska-fakulta\/wp-json\/wp\/v2\/pages\/13612\/revisions"}],"predecessor-version":[{"id":79957,"href":"https:\/\/www.upjs.sk\/lekarska-fakulta\/wp-json\/wp\/v2\/pages\/13612\/revisions\/79957"}],"up":[{"embeddable":true,"href":"https:\/\/www.upjs.sk\/lekarska-fakulta\/wp-json\/wp\/v2\/pages\/13586"}],"wp:attachment":[{"href":"https:\/\/www.upjs.sk\/lekarska-fakulta\/wp-json\/wp\/v2\/media?parent=13612"}],"wp:term":[{"taxonomy":"category","embeddable":true,"href":"https:\/\/www.upjs.sk\/lekarska-fakulta\/wp-json\/wp\/v2\/categories?post=13612"},{"taxonomy":"post_tag","embeddable":true,"href":"https:\/\/www.upjs.sk\/lekarska-fakulta\/wp-json\/wp\/v2\/tags?post=13612"}],"curies":[{"name":"wp","href":"https:\/\/api.w.org\/{rel}","templated":true}]}}