{"id":13649,"date":"2023-01-31T17:27:31","date_gmt":"2023-01-31T16:27:31","guid":{"rendered":"https:\/\/www.upjs.sk\/lekarska-fakulta\/root\/fakulta\/casopisy-vydavane-lf\/ateroskleroza-2\/"},"modified":"2025-12-19T08:55:50","modified_gmt":"2025-12-19T07:55:50","slug":"ateroskleroza","status":"publish","type":"page","link":"https:\/\/www.upjs.sk\/lekarska-fakulta\/fakulta\/casopisy-vydavane-lf\/ateroskleroza\/","title":{"rendered":"Ateroskler\u00f3za"},"content":{"rendered":"\n<figure class=\"wp-block-image aligncenter is-style-editorskit-shadow\"><a href=\"https:\/\/www.upjs.sk\/app\/uploads\/sites\/9\/2024\/07\/Obsah-2024-1-2.pdf\" target=\"_blank\" rel=\"noreferrer noopener\"><img decoding=\"async\" src=\"http:\/\/www.upjs.sk\/\/app\/uploads\/sites\/9\/2022\/09\/ateroskleroza-lf.jpg\" alt=\"\"\/><\/a><\/figure>\n\n\n\n<p>&nbsp;<\/p>\n\n\n\n<p>\u010casopis Ateroskler\u00f3za uverej\u0148uje vedeck\u00e9 \u010dl\u00e1nky zo z\u00e1kladn\u00e9ho i aplikovan\u00e9ho v\u00fdskumu zameran\u00e9ho na \u0161t\u00fadium etiol\u00f3gie, patogen\u00e9zy, kliniky a lie\u010dby ateroskler\u00f3zy a tie\u017e zo \u0161t\u00fadia, \u010do naj\u0161ir\u0161ieho spektra jej rizikov\u00fdch faktorov. Ka\u017ed\u00fd \u010dl\u00e1nok je recenzovan\u00fd.<\/p>\n\n\n\n<p>\u010casopis sa prioritne zameriava na problematiku ateroskler\u00f3zy, jej metabolizmu, kliniky a lie\u010dby zo \u0161ir\u0161ieho odborn\u00e9ho klinick\u00e9ho, teoretick\u00e9ho aj experiment\u00e1lneho poh\u013eadu. Okrem p\u00f4vodn\u00fdch a preh\u013eadov\u00fdch pr\u00e1c s\u00fa uverej\u0148ovan\u00e9 aj \u010fal\u0161ie zauj\u00edmavosti z hlavnej oblasti z\u00e1ujmu.<\/p>\n\n\n\n<p>\u010casopis je kontinu\u00e1lne vyd\u00e1van\u00fd od r. 1997. Vych\u00e1dza 2x ro\u010dne v dvoch dvoj\u010d\u00edslach.<\/p>\n\n\n\n<p>Vydavate\u013eom od roku 2003 je Lek\u00e1rska fakulta UPJ\u0160 v Ko\u0161iciach a&nbsp;odborn\u00fdm spolugarantom je Sekcia pre ateroskler\u00f3zu SSKB, o.z. SLS.<\/p>\n\n\n\n<ul class=\"wp-block-list\">\n<li><a href=\"https:\/\/www.upjs.sk\/app\/uploads\/sites\/9\/2022\/09\/Informacie-redakcnej-rady.pdf\" target=\"_blank\" rel=\"noreferrer noopener\">Inform\u00e1cie redak\u010dnej rady<\/a><\/li>\n\n\n\n<li><a href=\"https:\/\/www.upjs.sk\/app\/uploads\/sites\/9\/2025\/12\/Obsah-2025-34.pdf\" target=\"_blank\" rel=\"noreferrer noopener\">Aktu\u00e1lne \u010d\u00edslo (2025 3-4)<\/a><\/li>\n<\/ul>\n","protected":false},"excerpt":{"rendered":"<p>&nbsp; \u010casopis Ateroskler\u00f3za uverej\u0148uje vedeck\u00e9 \u010dl\u00e1nky zo z\u00e1kladn\u00e9ho i aplikovan\u00e9ho v\u00fdskumu zameran\u00e9ho na \u0161t\u00fadium etiol\u00f3gie, patogen\u00e9zy, kliniky a lie\u010dby ateroskler\u00f3zy a tie\u017e zo \u0161t\u00fadia, \u010do naj\u0161ir\u0161ieho spektra jej rizikov\u00fdch faktorov. Ka\u017ed\u00fd \u010dl\u00e1nok je recenzovan\u00fd. \u010casopis sa prioritne zameriava na problematiku ateroskler\u00f3zy, jej metabolizmu, kliniky a lie\u010dby zo \u0161ir\u0161ieho odborn\u00e9ho klinick\u00e9ho, teoretick\u00e9ho aj experiment\u00e1lneho poh\u013eadu. Okrem &hellip; <a href=\"https:\/\/www.upjs.sk\/lekarska-fakulta\/fakulta\/casopisy-vydavane-lf\/ateroskleroza\/\">\u010c\u00edta\u0165 \u010falej<\/a><\/p>\n","protected":false},"author":1,"featured_media":13652,"parent":13644,"menu_order":0,"comment_status":"closed","ping_status":"closed","template":"","meta":{"_acf_changed":false,"_editorskit_title_hidden":false,"_editorskit_reading_time":1,"_editorskit_is_block_options_detached":false,"_editorskit_block_options_position":"{}","footnotes":""},"categories":[],"tags":[],"class_list":["post-13649","page","type-page","status-publish","has-post-thumbnail","hentry"],"acf":{"acf_link_na_externy_obsah":""},"yoast_head":"<!-- This site is optimized with the Yoast SEO plugin v27.2 - https:\/\/yoast.com\/product\/yoast-seo-wordpress\/ -->\n<title>Ateroskler\u00f3za - Lek\u00e1rska fakulta | UPJ\u0160<\/title>\n<meta name=\"robots\" content=\"index, follow, max-snippet:-1, max-image-preview:large, max-video-preview:-1\" \/>\n<link rel=\"canonical\" href=\"https:\/\/www.upjs.sk\/lekarska-fakulta\/fakulta\/casopisy-vydavane-lf\/ateroskleroza\/\" \/>\n<meta property=\"og:locale\" content=\"sk_SK\" \/>\n<meta property=\"og:type\" content=\"article\" \/>\n<meta property=\"og:title\" content=\"Ateroskler\u00f3za - Lek\u00e1rska fakulta | UPJ\u0160\" \/>\n<meta property=\"og:description\" content=\"&nbsp; \u010casopis Ateroskler\u00f3za uverej\u0148uje vedeck\u00e9 \u010dl\u00e1nky zo z\u00e1kladn\u00e9ho i aplikovan\u00e9ho v\u00fdskumu zameran\u00e9ho na \u0161t\u00fadium etiol\u00f3gie, patogen\u00e9zy, kliniky a lie\u010dby ateroskler\u00f3zy a tie\u017e zo \u0161t\u00fadia, \u010do naj\u0161ir\u0161ieho spektra jej rizikov\u00fdch faktorov. Ka\u017ed\u00fd \u010dl\u00e1nok je recenzovan\u00fd. \u010casopis sa prioritne zameriava na problematiku ateroskler\u00f3zy, jej metabolizmu, kliniky a lie\u010dby zo \u0161ir\u0161ieho odborn\u00e9ho klinick\u00e9ho, teoretick\u00e9ho aj experiment\u00e1lneho poh\u013eadu. Okrem &hellip; \u010c\u00edta\u0165 \u010falej\" \/>\n<meta property=\"og:url\" content=\"https:\/\/www.upjs.sk\/lekarska-fakulta\/fakulta\/casopisy-vydavane-lf\/ateroskleroza\/\" \/>\n<meta property=\"og:site_name\" content=\"Lek\u00e1rska fakulta | UPJ\u0160\" \/>\n<meta property=\"article:modified_time\" content=\"2025-12-19T07:55:50+00:00\" \/>\n<meta property=\"og:image\" content=\"https:\/\/www.upjs.sk\/app\/uploads\/sites\/9\/2022\/09\/ateroskleroza-1.jpg\" \/>\n\t<meta property=\"og:image:width\" content=\"770\" \/>\n\t<meta property=\"og:image:height\" content=\"185\" \/>\n\t<meta property=\"og:image:type\" content=\"image\/jpeg\" \/>\n<meta name=\"twitter:card\" content=\"summary_large_image\" \/>\n<meta name=\"twitter:label1\" content=\"Predpokladan\u00fd \u010das \u010d\u00edtania\" \/>\n\t<meta name=\"twitter:data1\" content=\"1 min\u00fata\" \/>\n<script type=\"application\/ld+json\" class=\"yoast-schema-graph\">{\"@context\":\"https:\/\/schema.org\",\"@graph\":[{\"@type\":\"WebPage\",\"@id\":\"https:\/\/www.upjs.sk\/lekarska-fakulta\/fakulta\/casopisy-vydavane-lf\/ateroskleroza\/\",\"url\":\"https:\/\/www.upjs.sk\/lekarska-fakulta\/fakulta\/casopisy-vydavane-lf\/ateroskleroza\/\",\"name\":\"Ateroskler\u00f3za - Lek\u00e1rska fakulta | UPJ\u0160\",\"isPartOf\":{\"@id\":\"https:\/\/www.upjs.sk\/lekarska-fakulta\/#website\"},\"primaryImageOfPage\":{\"@id\":\"https:\/\/www.upjs.sk\/lekarska-fakulta\/fakulta\/casopisy-vydavane-lf\/ateroskleroza\/#primaryimage\"},\"image\":{\"@id\":\"https:\/\/www.upjs.sk\/lekarska-fakulta\/fakulta\/casopisy-vydavane-lf\/ateroskleroza\/#primaryimage\"},\"thumbnailUrl\":\"https:\/\/www.upjs.sk\/app\/uploads\/sites\/9\/2022\/09\/ateroskleroza-1.jpg\",\"datePublished\":\"2023-01-31T16:27:31+00:00\",\"dateModified\":\"2025-12-19T07:55:50+00:00\",\"breadcrumb\":{\"@id\":\"https:\/\/www.upjs.sk\/lekarska-fakulta\/fakulta\/casopisy-vydavane-lf\/ateroskleroza\/#breadcrumb\"},\"inLanguage\":\"sk-SK\",\"potentialAction\":[{\"@type\":\"ReadAction\",\"target\":[\"https:\/\/www.upjs.sk\/lekarska-fakulta\/fakulta\/casopisy-vydavane-lf\/ateroskleroza\/\"]}]},{\"@type\":\"ImageObject\",\"inLanguage\":\"sk-SK\",\"@id\":\"https:\/\/www.upjs.sk\/lekarska-fakulta\/fakulta\/casopisy-vydavane-lf\/ateroskleroza\/#primaryimage\",\"url\":\"https:\/\/www.upjs.sk\/app\/uploads\/sites\/9\/2022\/09\/ateroskleroza-1.jpg\",\"contentUrl\":\"https:\/\/www.upjs.sk\/app\/uploads\/sites\/9\/2022\/09\/ateroskleroza-1.jpg\",\"width\":770,\"height\":185,\"caption\":\"ateroskleroza\"},{\"@type\":\"BreadcrumbList\",\"@id\":\"https:\/\/www.upjs.sk\/lekarska-fakulta\/fakulta\/casopisy-vydavane-lf\/ateroskleroza\/#breadcrumb\",\"itemListElement\":[{\"@type\":\"ListItem\",\"position\":1,\"name\":\"Home\",\"item\":\"https:\/\/www.upjs.sk\/lekarska-fakulta\/\"},{\"@type\":\"ListItem\",\"position\":2,\"name\":\"O fakulte\",\"item\":\"https:\/\/www.upjs.sk\/lekarska-fakulta\/fakulta\/\"},{\"@type\":\"ListItem\",\"position\":3,\"name\":\"\u010casopisy vyd\u00e1van\u00e9 LF\",\"item\":\"https:\/\/www.upjs.sk\/lekarska-fakulta\/fakulta\/casopisy-vydavane-lf\/\"},{\"@type\":\"ListItem\",\"position\":4,\"name\":\"Ateroskler\u00f3za\"}]},{\"@type\":\"WebSite\",\"@id\":\"https:\/\/www.upjs.sk\/lekarska-fakulta\/#website\",\"url\":\"https:\/\/www.upjs.sk\/lekarska-fakulta\/\",\"name\":\"Lek\u00e1rska fakulta | UPJ\u0160\",\"description\":\"\",\"publisher\":{\"@id\":\"https:\/\/www.upjs.sk\/lekarska-fakulta\/#organization\"},\"potentialAction\":[{\"@type\":\"SearchAction\",\"target\":{\"@type\":\"EntryPoint\",\"urlTemplate\":\"https:\/\/www.upjs.sk\/lekarska-fakulta\/?s={search_term_string}\"},\"query-input\":{\"@type\":\"PropertyValueSpecification\",\"valueRequired\":true,\"valueName\":\"search_term_string\"}}],\"inLanguage\":\"sk-SK\"},{\"@type\":\"Organization\",\"@id\":\"https:\/\/www.upjs.sk\/lekarska-fakulta\/#organization\",\"name\":\"Lek\u00e1rska fakulta | UPJ\u0160\",\"url\":\"https:\/\/www.upjs.sk\/lekarska-fakulta\/\",\"logo\":{\"@type\":\"ImageObject\",\"inLanguage\":\"sk-SK\",\"@id\":\"https:\/\/www.upjs.sk\/lekarska-fakulta\/#\/schema\/logo\/image\/\",\"url\":\"https:\/\/www.upjs.sk\/app\/uploads\/sites\/9\/2022\/09\/logo-lekarska-fakulta.png\",\"contentUrl\":\"https:\/\/www.upjs.sk\/app\/uploads\/sites\/9\/2022\/09\/logo-lekarska-fakulta.png\",\"width\":415,\"height\":87,\"caption\":\"Lek\u00e1rska fakulta | UPJ\u0160\"},\"image\":{\"@id\":\"https:\/\/www.upjs.sk\/lekarska-fakulta\/#\/schema\/logo\/image\/\"}}]}<\/script>\n<!-- \/ Yoast SEO plugin. -->","yoast_head_json":{"title":"Ateroskler\u00f3za - Lek\u00e1rska fakulta | UPJ\u0160","robots":{"index":"index","follow":"follow","max-snippet":"max-snippet:-1","max-image-preview":"max-image-preview:large","max-video-preview":"max-video-preview:-1"},"canonical":"https:\/\/www.upjs.sk\/lekarska-fakulta\/fakulta\/casopisy-vydavane-lf\/ateroskleroza\/","og_locale":"sk_SK","og_type":"article","og_title":"Ateroskler\u00f3za - Lek\u00e1rska fakulta | UPJ\u0160","og_description":"&nbsp; \u010casopis Ateroskler\u00f3za uverej\u0148uje vedeck\u00e9 \u010dl\u00e1nky zo z\u00e1kladn\u00e9ho i aplikovan\u00e9ho v\u00fdskumu zameran\u00e9ho na \u0161t\u00fadium etiol\u00f3gie, patogen\u00e9zy, kliniky a lie\u010dby ateroskler\u00f3zy a tie\u017e zo \u0161t\u00fadia, \u010do naj\u0161ir\u0161ieho spektra jej rizikov\u00fdch faktorov. Ka\u017ed\u00fd \u010dl\u00e1nok je recenzovan\u00fd. \u010casopis sa prioritne zameriava na problematiku ateroskler\u00f3zy, jej metabolizmu, kliniky a lie\u010dby zo \u0161ir\u0161ieho odborn\u00e9ho klinick\u00e9ho, teoretick\u00e9ho aj experiment\u00e1lneho poh\u013eadu. Okrem &hellip; \u010c\u00edta\u0165 \u010falej","og_url":"https:\/\/www.upjs.sk\/lekarska-fakulta\/fakulta\/casopisy-vydavane-lf\/ateroskleroza\/","og_site_name":"Lek\u00e1rska fakulta | UPJ\u0160","article_modified_time":"2025-12-19T07:55:50+00:00","og_image":[{"width":770,"height":185,"url":"https:\/\/www.upjs.sk\/app\/uploads\/sites\/9\/2022\/09\/ateroskleroza-1.jpg","type":"image\/jpeg"}],"twitter_card":"summary_large_image","twitter_misc":{"Predpokladan\u00fd \u010das \u010d\u00edtania":"1 min\u00fata"},"schema":{"@context":"https:\/\/schema.org","@graph":[{"@type":"WebPage","@id":"https:\/\/www.upjs.sk\/lekarska-fakulta\/fakulta\/casopisy-vydavane-lf\/ateroskleroza\/","url":"https:\/\/www.upjs.sk\/lekarska-fakulta\/fakulta\/casopisy-vydavane-lf\/ateroskleroza\/","name":"Ateroskler\u00f3za - Lek\u00e1rska fakulta | UPJ\u0160","isPartOf":{"@id":"https:\/\/www.upjs.sk\/lekarska-fakulta\/#website"},"primaryImageOfPage":{"@id":"https:\/\/www.upjs.sk\/lekarska-fakulta\/fakulta\/casopisy-vydavane-lf\/ateroskleroza\/#primaryimage"},"image":{"@id":"https:\/\/www.upjs.sk\/lekarska-fakulta\/fakulta\/casopisy-vydavane-lf\/ateroskleroza\/#primaryimage"},"thumbnailUrl":"https:\/\/www.upjs.sk\/app\/uploads\/sites\/9\/2022\/09\/ateroskleroza-1.jpg","datePublished":"2023-01-31T16:27:31+00:00","dateModified":"2025-12-19T07:55:50+00:00","breadcrumb":{"@id":"https:\/\/www.upjs.sk\/lekarska-fakulta\/fakulta\/casopisy-vydavane-lf\/ateroskleroza\/#breadcrumb"},"inLanguage":"sk-SK","potentialAction":[{"@type":"ReadAction","target":["https:\/\/www.upjs.sk\/lekarska-fakulta\/fakulta\/casopisy-vydavane-lf\/ateroskleroza\/"]}]},{"@type":"ImageObject","inLanguage":"sk-SK","@id":"https:\/\/www.upjs.sk\/lekarska-fakulta\/fakulta\/casopisy-vydavane-lf\/ateroskleroza\/#primaryimage","url":"https:\/\/www.upjs.sk\/app\/uploads\/sites\/9\/2022\/09\/ateroskleroza-1.jpg","contentUrl":"https:\/\/www.upjs.sk\/app\/uploads\/sites\/9\/2022\/09\/ateroskleroza-1.jpg","width":770,"height":185,"caption":"ateroskleroza"},{"@type":"BreadcrumbList","@id":"https:\/\/www.upjs.sk\/lekarska-fakulta\/fakulta\/casopisy-vydavane-lf\/ateroskleroza\/#breadcrumb","itemListElement":[{"@type":"ListItem","position":1,"name":"Home","item":"https:\/\/www.upjs.sk\/lekarska-fakulta\/"},{"@type":"ListItem","position":2,"name":"O fakulte","item":"https:\/\/www.upjs.sk\/lekarska-fakulta\/fakulta\/"},{"@type":"ListItem","position":3,"name":"\u010casopisy vyd\u00e1van\u00e9 LF","item":"https:\/\/www.upjs.sk\/lekarska-fakulta\/fakulta\/casopisy-vydavane-lf\/"},{"@type":"ListItem","position":4,"name":"Ateroskler\u00f3za"}]},{"@type":"WebSite","@id":"https:\/\/www.upjs.sk\/lekarska-fakulta\/#website","url":"https:\/\/www.upjs.sk\/lekarska-fakulta\/","name":"Lek\u00e1rska fakulta | UPJ\u0160","description":"","publisher":{"@id":"https:\/\/www.upjs.sk\/lekarska-fakulta\/#organization"},"potentialAction":[{"@type":"SearchAction","target":{"@type":"EntryPoint","urlTemplate":"https:\/\/www.upjs.sk\/lekarska-fakulta\/?s={search_term_string}"},"query-input":{"@type":"PropertyValueSpecification","valueRequired":true,"valueName":"search_term_string"}}],"inLanguage":"sk-SK"},{"@type":"Organization","@id":"https:\/\/www.upjs.sk\/lekarska-fakulta\/#organization","name":"Lek\u00e1rska fakulta | UPJ\u0160","url":"https:\/\/www.upjs.sk\/lekarska-fakulta\/","logo":{"@type":"ImageObject","inLanguage":"sk-SK","@id":"https:\/\/www.upjs.sk\/lekarska-fakulta\/#\/schema\/logo\/image\/","url":"https:\/\/www.upjs.sk\/app\/uploads\/sites\/9\/2022\/09\/logo-lekarska-fakulta.png","contentUrl":"https:\/\/www.upjs.sk\/app\/uploads\/sites\/9\/2022\/09\/logo-lekarska-fakulta.png","width":415,"height":87,"caption":"Lek\u00e1rska fakulta | UPJ\u0160"},"image":{"@id":"https:\/\/www.upjs.sk\/lekarska-fakulta\/#\/schema\/logo\/image\/"}}]}},"_links":{"self":[{"href":"https:\/\/www.upjs.sk\/lekarska-fakulta\/wp-json\/wp\/v2\/pages\/13649","targetHints":{"allow":["GET"]}}],"collection":[{"href":"https:\/\/www.upjs.sk\/lekarska-fakulta\/wp-json\/wp\/v2\/pages"}],"about":[{"href":"https:\/\/www.upjs.sk\/lekarska-fakulta\/wp-json\/wp\/v2\/types\/page"}],"author":[{"embeddable":true,"href":"https:\/\/www.upjs.sk\/lekarska-fakulta\/wp-json\/wp\/v2\/users\/1"}],"replies":[{"embeddable":true,"href":"https:\/\/www.upjs.sk\/lekarska-fakulta\/wp-json\/wp\/v2\/comments?post=13649"}],"version-history":[{"count":20,"href":"https:\/\/www.upjs.sk\/lekarska-fakulta\/wp-json\/wp\/v2\/pages\/13649\/revisions"}],"predecessor-version":[{"id":150353,"href":"https:\/\/www.upjs.sk\/lekarska-fakulta\/wp-json\/wp\/v2\/pages\/13649\/revisions\/150353"}],"up":[{"embeddable":true,"href":"https:\/\/www.upjs.sk\/lekarska-fakulta\/wp-json\/wp\/v2\/pages\/13644"}],"wp:featuredmedia":[{"embeddable":true,"href":"https:\/\/www.upjs.sk\/lekarska-fakulta\/wp-json\/wp\/v2\/media\/13652"}],"wp:attachment":[{"href":"https:\/\/www.upjs.sk\/lekarska-fakulta\/wp-json\/wp\/v2\/media?parent=13649"}],"wp:term":[{"taxonomy":"category","embeddable":true,"href":"https:\/\/www.upjs.sk\/lekarska-fakulta\/wp-json\/wp\/v2\/categories?post=13649"},{"taxonomy":"post_tag","embeddable":true,"href":"https:\/\/www.upjs.sk\/lekarska-fakulta\/wp-json\/wp\/v2\/tags?post=13649"}],"curies":[{"name":"wp","href":"https:\/\/api.w.org\/{rel}","templated":true}]}}