{"id":13656,"date":"2020-01-08T14:47:46","date_gmt":"2020-01-08T14:47:46","guid":{"rendered":"https:\/\/www.upjs.sk\/lekarska-fakulta\/root\/fakulta\/casopisy-vydavane-lf\/ateroskleroza-2\/redakcna-rada\/"},"modified":"2025-12-19T08:58:39","modified_gmt":"2025-12-19T07:58:39","slug":"redakcna-rada","status":"publish","type":"page","link":"https:\/\/www.upjs.sk\/lekarska-fakulta\/fakulta\/casopisy-vydavane-lf\/ateroskleroza\/redakcna-rada\/","title":{"rendered":"Redak\u010dn\u00e1 rada"},"content":{"rendered":"\n<p><u><strong>Redak\u010dn\u00e1 rada \u010dasopisu:<\/strong><\/u><\/p>\n\n\n\n<p><strong>\u0160\u00e9fredaktor: <\/strong>PELLA Daniel, Ko\u0161ice, SR<br><strong>Z\u00e1stupca \u0161\u00e9fredaktora: <\/strong>KUCHTA Milan, Ko\u0161ice, SR<\/p>\n\n\n\n<p><strong>Redak\u010dn\u00e1 rada:<\/strong><\/p>\n\n\n\n<p style=\"--ek-indent:20px\" class=\"has-ek-indent\">DRAVECK\u00c1 Ingrid, Ko\u0161ice<br>GAJDO\u0160 Martin, Bratislava<br>GALAJDA Peter, Martin<br>GONSOR\u010c\u00cdK Jozef, Ko\u0161ice<br>MOK\u00c1\u0147 Mari\u00e1n, Martin<br>MOL\u010c\u00c1NYIOV\u00c1 Angela, Ko\u0161ice<br>PETR\u00c1\u0160OV\u00c1 Darina, Ko\u0161ice<br>PULLMANN Rudolf, Martin<br>SCHUSTEROV\u00c1 Ingrid, Ko\u0161ice<br>VALO\u010cIK Gabriel, Ko\u0161ice<\/p>\n\n\n\n<p><strong>Editorial consultants:<\/strong><\/p>\n\n\n\n<p style=\"--ek-indent:20px\" class=\"has-ek-indent\">BREWER, H.B., USA<br>CAMEJO, G., Sweden<br>CARMELIET, P., Belgium<br>CATAPANO, A.I., Italy<br>CORSINI, A., Italy<br>DeCATERINA, Italy<br>DURRINGTON, P.N, UK<br>FRUCHART, J.C., France<br>GRETEN, H., Germany<br>GRUNDY, S., USA<br>HANEFELD, M.G., Germany \u00a0 \u00a0<br>HANSSON, G.K., Sweden<br>JAROSS, W., Germany<br>PAOLETTI, R., Italia<br>ROSSENEU, M., Belgium<br>SHEPHERD, J., UK<br>SVA\u010cINA, \u0160., Czech Rep.<br>STO\u017dICK\u00dd, F., Czech Rep.<br>VYBRA\u0143SKA, I., Poland<br>YAMAMOTO, A., Japan<br>\u017d\u00c1K, A., Czech Republic<\/p>\n","protected":false},"excerpt":{"rendered":"<p>Redak\u010dn\u00e1 rada \u010dasopisu: \u0160\u00e9fredaktor: PELLA Daniel, Ko\u0161ice, SRZ\u00e1stupca \u0161\u00e9fredaktora: KUCHTA Milan, Ko\u0161ice, SR Redak\u010dn\u00e1 rada: DRAVECK\u00c1 Ingrid, Ko\u0161iceGAJDO\u0160 Martin, BratislavaGALAJDA Peter, MartinGONSOR\u010c\u00cdK Jozef, Ko\u0161iceMOK\u00c1\u0147 Mari\u00e1n, MartinMOL\u010c\u00c1NYIOV\u00c1 Angela, Ko\u0161icePETR\u00c1\u0160OV\u00c1 Darina, Ko\u0161icePULLMANN Rudolf, MartinSCHUSTEROV\u00c1 Ingrid, Ko\u0161iceVALO\u010cIK Gabriel, Ko\u0161ice Editorial consultants: BREWER, H.B., USACAMEJO, G., SwedenCARMELIET, P., BelgiumCATAPANO, A.I., ItalyCORSINI, A., ItalyDeCATERINA, ItalyDURRINGTON, P.N, UKFRUCHART, J.C., FranceGRETEN, H., &hellip; <a href=\"https:\/\/www.upjs.sk\/lekarska-fakulta\/fakulta\/casopisy-vydavane-lf\/ateroskleroza\/redakcna-rada\/\">\u010c\u00edta\u0165 \u010falej<\/a><\/p>\n","protected":false},"author":1,"featured_media":0,"parent":13649,"menu_order":0,"comment_status":"closed","ping_status":"closed","template":"","meta":{"_acf_changed":false,"_editorskit_title_hidden":false,"_editorskit_reading_time":1,"_editorskit_is_block_options_detached":false,"_editorskit_block_options_position":"{}","footnotes":""},"categories":[],"tags":[],"class_list":["post-13656","page","type-page","status-publish","hentry"],"acf":{"acf_link_na_externy_obsah":""},"yoast_head":"<!-- This site is optimized with the Yoast SEO plugin v27.4 - https:\/\/yoast.com\/product\/yoast-seo-wordpress\/ -->\n<title>Redak\u010dn\u00e1 rada - Lek\u00e1rska fakulta | UPJ\u0160<\/title>\n<meta name=\"robots\" content=\"index, follow, max-snippet:-1, max-image-preview:large, max-video-preview:-1\" \/>\n<link rel=\"canonical\" href=\"https:\/\/www.upjs.sk\/lekarska-fakulta\/fakulta\/casopisy-vydavane-lf\/ateroskleroza\/redakcna-rada\/\" \/>\n<meta property=\"og:locale\" content=\"sk_SK\" \/>\n<meta property=\"og:type\" content=\"article\" \/>\n<meta property=\"og:title\" content=\"Redak\u010dn\u00e1 rada - Lek\u00e1rska fakulta | UPJ\u0160\" \/>\n<meta property=\"og:description\" content=\"Redak\u010dn\u00e1 rada \u010dasopisu: \u0160\u00e9fredaktor: PELLA Daniel, Ko\u0161ice, SRZ\u00e1stupca \u0161\u00e9fredaktora: KUCHTA Milan, Ko\u0161ice, SR Redak\u010dn\u00e1 rada: DRAVECK\u00c1 Ingrid, Ko\u0161iceGAJDO\u0160 Martin, BratislavaGALAJDA Peter, MartinGONSOR\u010c\u00cdK Jozef, Ko\u0161iceMOK\u00c1\u0147 Mari\u00e1n, MartinMOL\u010c\u00c1NYIOV\u00c1 Angela, Ko\u0161icePETR\u00c1\u0160OV\u00c1 Darina, Ko\u0161icePULLMANN Rudolf, MartinSCHUSTEROV\u00c1 Ingrid, Ko\u0161iceVALO\u010cIK Gabriel, Ko\u0161ice Editorial consultants: BREWER, H.B., USACAMEJO, G., SwedenCARMELIET, P., BelgiumCATAPANO, A.I., ItalyCORSINI, A., ItalyDeCATERINA, ItalyDURRINGTON, P.N, UKFRUCHART, J.C., FranceGRETEN, H., &hellip; \u010c\u00edta\u0165 \u010falej\" \/>\n<meta property=\"og:url\" content=\"https:\/\/www.upjs.sk\/lekarska-fakulta\/fakulta\/casopisy-vydavane-lf\/ateroskleroza\/redakcna-rada\/\" \/>\n<meta property=\"og:site_name\" content=\"Lek\u00e1rska fakulta | UPJ\u0160\" \/>\n<meta property=\"article:modified_time\" content=\"2025-12-19T07:58:39+00:00\" \/>\n<meta name=\"twitter:card\" content=\"summary_large_image\" \/>\n<meta name=\"twitter:label1\" content=\"Predpokladan\u00fd \u010das \u010d\u00edtania\" \/>\n\t<meta name=\"twitter:data1\" content=\"1 min\u00fata\" \/>\n<script type=\"application\/ld+json\" class=\"yoast-schema-graph\">{\"@context\":\"https:\\\/\\\/schema.org\",\"@graph\":[{\"@type\":\"WebPage\",\"@id\":\"https:\\\/\\\/www.upjs.sk\\\/lekarska-fakulta\\\/fakulta\\\/casopisy-vydavane-lf\\\/ateroskleroza\\\/redakcna-rada\\\/\",\"url\":\"https:\\\/\\\/www.upjs.sk\\\/lekarska-fakulta\\\/fakulta\\\/casopisy-vydavane-lf\\\/ateroskleroza\\\/redakcna-rada\\\/\",\"name\":\"Redak\u010dn\u00e1 rada - Lek\u00e1rska fakulta | UPJ\u0160\",\"isPartOf\":{\"@id\":\"https:\\\/\\\/www.upjs.sk\\\/lekarska-fakulta\\\/#website\"},\"datePublished\":\"2020-01-08T14:47:46+00:00\",\"dateModified\":\"2025-12-19T07:58:39+00:00\",\"breadcrumb\":{\"@id\":\"https:\\\/\\\/www.upjs.sk\\\/lekarska-fakulta\\\/fakulta\\\/casopisy-vydavane-lf\\\/ateroskleroza\\\/redakcna-rada\\\/#breadcrumb\"},\"inLanguage\":\"sk-SK\",\"potentialAction\":[{\"@type\":\"ReadAction\",\"target\":[\"https:\\\/\\\/www.upjs.sk\\\/lekarska-fakulta\\\/fakulta\\\/casopisy-vydavane-lf\\\/ateroskleroza\\\/redakcna-rada\\\/\"]}]},{\"@type\":\"BreadcrumbList\",\"@id\":\"https:\\\/\\\/www.upjs.sk\\\/lekarska-fakulta\\\/fakulta\\\/casopisy-vydavane-lf\\\/ateroskleroza\\\/redakcna-rada\\\/#breadcrumb\",\"itemListElement\":[{\"@type\":\"ListItem\",\"position\":1,\"name\":\"Home\",\"item\":\"https:\\\/\\\/www.upjs.sk\\\/lekarska-fakulta\\\/\"},{\"@type\":\"ListItem\",\"position\":2,\"name\":\"O fakulte\",\"item\":\"https:\\\/\\\/www.upjs.sk\\\/lekarska-fakulta\\\/fakulta\\\/\"},{\"@type\":\"ListItem\",\"position\":3,\"name\":\"\u010casopisy vyd\u00e1van\u00e9 LF\",\"item\":\"https:\\\/\\\/www.upjs.sk\\\/lekarska-fakulta\\\/fakulta\\\/casopisy-vydavane-lf\\\/\"},{\"@type\":\"ListItem\",\"position\":4,\"name\":\"Ateroskler\u00f3za\",\"item\":\"https:\\\/\\\/www.upjs.sk\\\/lekarska-fakulta\\\/fakulta\\\/casopisy-vydavane-lf\\\/ateroskleroza\\\/\"},{\"@type\":\"ListItem\",\"position\":5,\"name\":\"Redak\u010dn\u00e1 rada\"}]},{\"@type\":\"WebSite\",\"@id\":\"https:\\\/\\\/www.upjs.sk\\\/lekarska-fakulta\\\/#website\",\"url\":\"https:\\\/\\\/www.upjs.sk\\\/lekarska-fakulta\\\/\",\"name\":\"Lek\u00e1rska fakulta | UPJ\u0160\",\"description\":\"\",\"publisher\":{\"@id\":\"https:\\\/\\\/www.upjs.sk\\\/lekarska-fakulta\\\/#organization\"},\"potentialAction\":[{\"@type\":\"SearchAction\",\"target\":{\"@type\":\"EntryPoint\",\"urlTemplate\":\"https:\\\/\\\/www.upjs.sk\\\/lekarska-fakulta\\\/?s={search_term_string}\"},\"query-input\":{\"@type\":\"PropertyValueSpecification\",\"valueRequired\":true,\"valueName\":\"search_term_string\"}}],\"inLanguage\":\"sk-SK\"},{\"@type\":\"Organization\",\"@id\":\"https:\\\/\\\/www.upjs.sk\\\/lekarska-fakulta\\\/#organization\",\"name\":\"Lek\u00e1rska fakulta | UPJ\u0160\",\"url\":\"https:\\\/\\\/www.upjs.sk\\\/lekarska-fakulta\\\/\",\"logo\":{\"@type\":\"ImageObject\",\"inLanguage\":\"sk-SK\",\"@id\":\"https:\\\/\\\/www.upjs.sk\\\/lekarska-fakulta\\\/#\\\/schema\\\/logo\\\/image\\\/\",\"url\":\"https:\\\/\\\/www.upjs.sk\\\/app\\\/uploads\\\/sites\\\/9\\\/2022\\\/09\\\/logo-lekarska-fakulta.png\",\"contentUrl\":\"https:\\\/\\\/www.upjs.sk\\\/app\\\/uploads\\\/sites\\\/9\\\/2022\\\/09\\\/logo-lekarska-fakulta.png\",\"width\":415,\"height\":87,\"caption\":\"Lek\u00e1rska fakulta | UPJ\u0160\"},\"image\":{\"@id\":\"https:\\\/\\\/www.upjs.sk\\\/lekarska-fakulta\\\/#\\\/schema\\\/logo\\\/image\\\/\"}}]}<\/script>\n<!-- \/ Yoast SEO plugin. -->","yoast_head_json":{"title":"Redak\u010dn\u00e1 rada - Lek\u00e1rska fakulta | UPJ\u0160","robots":{"index":"index","follow":"follow","max-snippet":"max-snippet:-1","max-image-preview":"max-image-preview:large","max-video-preview":"max-video-preview:-1"},"canonical":"https:\/\/www.upjs.sk\/lekarska-fakulta\/fakulta\/casopisy-vydavane-lf\/ateroskleroza\/redakcna-rada\/","og_locale":"sk_SK","og_type":"article","og_title":"Redak\u010dn\u00e1 rada - Lek\u00e1rska fakulta | UPJ\u0160","og_description":"Redak\u010dn\u00e1 rada \u010dasopisu: \u0160\u00e9fredaktor: PELLA Daniel, Ko\u0161ice, SRZ\u00e1stupca \u0161\u00e9fredaktora: KUCHTA Milan, Ko\u0161ice, SR Redak\u010dn\u00e1 rada: DRAVECK\u00c1 Ingrid, Ko\u0161iceGAJDO\u0160 Martin, BratislavaGALAJDA Peter, MartinGONSOR\u010c\u00cdK Jozef, Ko\u0161iceMOK\u00c1\u0147 Mari\u00e1n, MartinMOL\u010c\u00c1NYIOV\u00c1 Angela, Ko\u0161icePETR\u00c1\u0160OV\u00c1 Darina, Ko\u0161icePULLMANN Rudolf, MartinSCHUSTEROV\u00c1 Ingrid, Ko\u0161iceVALO\u010cIK Gabriel, Ko\u0161ice Editorial consultants: BREWER, H.B., USACAMEJO, G., SwedenCARMELIET, P., BelgiumCATAPANO, A.I., ItalyCORSINI, A., ItalyDeCATERINA, ItalyDURRINGTON, P.N, UKFRUCHART, J.C., FranceGRETEN, H., &hellip; \u010c\u00edta\u0165 \u010falej","og_url":"https:\/\/www.upjs.sk\/lekarska-fakulta\/fakulta\/casopisy-vydavane-lf\/ateroskleroza\/redakcna-rada\/","og_site_name":"Lek\u00e1rska fakulta | UPJ\u0160","article_modified_time":"2025-12-19T07:58:39+00:00","twitter_card":"summary_large_image","twitter_misc":{"Predpokladan\u00fd \u010das \u010d\u00edtania":"1 min\u00fata"},"schema":{"@context":"https:\/\/schema.org","@graph":[{"@type":"WebPage","@id":"https:\/\/www.upjs.sk\/lekarska-fakulta\/fakulta\/casopisy-vydavane-lf\/ateroskleroza\/redakcna-rada\/","url":"https:\/\/www.upjs.sk\/lekarska-fakulta\/fakulta\/casopisy-vydavane-lf\/ateroskleroza\/redakcna-rada\/","name":"Redak\u010dn\u00e1 rada - Lek\u00e1rska fakulta | UPJ\u0160","isPartOf":{"@id":"https:\/\/www.upjs.sk\/lekarska-fakulta\/#website"},"datePublished":"2020-01-08T14:47:46+00:00","dateModified":"2025-12-19T07:58:39+00:00","breadcrumb":{"@id":"https:\/\/www.upjs.sk\/lekarska-fakulta\/fakulta\/casopisy-vydavane-lf\/ateroskleroza\/redakcna-rada\/#breadcrumb"},"inLanguage":"sk-SK","potentialAction":[{"@type":"ReadAction","target":["https:\/\/www.upjs.sk\/lekarska-fakulta\/fakulta\/casopisy-vydavane-lf\/ateroskleroza\/redakcna-rada\/"]}]},{"@type":"BreadcrumbList","@id":"https:\/\/www.upjs.sk\/lekarska-fakulta\/fakulta\/casopisy-vydavane-lf\/ateroskleroza\/redakcna-rada\/#breadcrumb","itemListElement":[{"@type":"ListItem","position":1,"name":"Home","item":"https:\/\/www.upjs.sk\/lekarska-fakulta\/"},{"@type":"ListItem","position":2,"name":"O fakulte","item":"https:\/\/www.upjs.sk\/lekarska-fakulta\/fakulta\/"},{"@type":"ListItem","position":3,"name":"\u010casopisy vyd\u00e1van\u00e9 LF","item":"https:\/\/www.upjs.sk\/lekarska-fakulta\/fakulta\/casopisy-vydavane-lf\/"},{"@type":"ListItem","position":4,"name":"Ateroskler\u00f3za","item":"https:\/\/www.upjs.sk\/lekarska-fakulta\/fakulta\/casopisy-vydavane-lf\/ateroskleroza\/"},{"@type":"ListItem","position":5,"name":"Redak\u010dn\u00e1 rada"}]},{"@type":"WebSite","@id":"https:\/\/www.upjs.sk\/lekarska-fakulta\/#website","url":"https:\/\/www.upjs.sk\/lekarska-fakulta\/","name":"Lek\u00e1rska fakulta | UPJ\u0160","description":"","publisher":{"@id":"https:\/\/www.upjs.sk\/lekarska-fakulta\/#organization"},"potentialAction":[{"@type":"SearchAction","target":{"@type":"EntryPoint","urlTemplate":"https:\/\/www.upjs.sk\/lekarska-fakulta\/?s={search_term_string}"},"query-input":{"@type":"PropertyValueSpecification","valueRequired":true,"valueName":"search_term_string"}}],"inLanguage":"sk-SK"},{"@type":"Organization","@id":"https:\/\/www.upjs.sk\/lekarska-fakulta\/#organization","name":"Lek\u00e1rska fakulta | UPJ\u0160","url":"https:\/\/www.upjs.sk\/lekarska-fakulta\/","logo":{"@type":"ImageObject","inLanguage":"sk-SK","@id":"https:\/\/www.upjs.sk\/lekarska-fakulta\/#\/schema\/logo\/image\/","url":"https:\/\/www.upjs.sk\/app\/uploads\/sites\/9\/2022\/09\/logo-lekarska-fakulta.png","contentUrl":"https:\/\/www.upjs.sk\/app\/uploads\/sites\/9\/2022\/09\/logo-lekarska-fakulta.png","width":415,"height":87,"caption":"Lek\u00e1rska fakulta | UPJ\u0160"},"image":{"@id":"https:\/\/www.upjs.sk\/lekarska-fakulta\/#\/schema\/logo\/image\/"}}]}},"_links":{"self":[{"href":"https:\/\/www.upjs.sk\/lekarska-fakulta\/wp-json\/wp\/v2\/pages\/13656","targetHints":{"allow":["GET"]}}],"collection":[{"href":"https:\/\/www.upjs.sk\/lekarska-fakulta\/wp-json\/wp\/v2\/pages"}],"about":[{"href":"https:\/\/www.upjs.sk\/lekarska-fakulta\/wp-json\/wp\/v2\/types\/page"}],"author":[{"embeddable":true,"href":"https:\/\/www.upjs.sk\/lekarska-fakulta\/wp-json\/wp\/v2\/users\/1"}],"replies":[{"embeddable":true,"href":"https:\/\/www.upjs.sk\/lekarska-fakulta\/wp-json\/wp\/v2\/comments?post=13656"}],"version-history":[{"count":7,"href":"https:\/\/www.upjs.sk\/lekarska-fakulta\/wp-json\/wp\/v2\/pages\/13656\/revisions"}],"predecessor-version":[{"id":150357,"href":"https:\/\/www.upjs.sk\/lekarska-fakulta\/wp-json\/wp\/v2\/pages\/13656\/revisions\/150357"}],"up":[{"embeddable":true,"href":"https:\/\/www.upjs.sk\/lekarska-fakulta\/wp-json\/wp\/v2\/pages\/13649"}],"wp:attachment":[{"href":"https:\/\/www.upjs.sk\/lekarska-fakulta\/wp-json\/wp\/v2\/media?parent=13656"}],"wp:term":[{"taxonomy":"category","embeddable":true,"href":"https:\/\/www.upjs.sk\/lekarska-fakulta\/wp-json\/wp\/v2\/categories?post=13656"},{"taxonomy":"post_tag","embeddable":true,"href":"https:\/\/www.upjs.sk\/lekarska-fakulta\/wp-json\/wp\/v2\/tags?post=13656"}],"curies":[{"name":"wp","href":"https:\/\/api.w.org\/{rel}","templated":true}]}}