{"id":13657,"date":"2017-08-09T10:45:44","date_gmt":"2017-08-09T10:45:44","guid":{"rendered":"https:\/\/www.upjs.sk\/lekarska-fakulta\/root\/fakulta\/casopisy-vydavane-lf\/ateroskleroza-2\/o-casopise\/"},"modified":"2023-01-15T11:52:11","modified_gmt":"2023-01-15T10:52:11","slug":"o-casopise","status":"publish","type":"page","link":"https:\/\/www.upjs.sk\/lekarska-fakulta\/fakulta\/casopisy-vydavane-lf\/ateroskleroza\/o-casopise\/","title":{"rendered":"O \u010dasopise"},"content":{"rendered":"\n<p><em>Rubriky<\/em><\/p>\n\n\n\n<ul class=\"wp-block-list\">\n<li><strong>\u00davodn\u00edk<\/strong><\/li>\n\n\n\n<li><strong>V\u00fdro\u010dia a jubile\u00e1<\/strong><\/li>\n\n\n\n<li><strong>P\u00f4vodn\u00e9 \u010dl\u00e1nky<\/strong><\/li>\n\n\n\n<li><strong>Preh\u013eadov\u00e9 \u010dl\u00e1nky<\/strong><\/li>\n\n\n\n<li><strong>Kazuistiky<\/strong><\/li>\n\n\n\n<li><strong>Aktuality<\/strong><\/li>\n\n\n\n<li><strong>Konferencie<\/strong><\/li>\n\n\n\n<li><strong>Inform\u00e1cie a&nbsp;koment\u00e1re<\/strong><\/li>\n<\/ul>\n\n\n\n<div style=\"height:20px\" aria-hidden=\"true\" class=\"wp-block-spacer\"><\/div>\n\n\n\n<p><em>Cita\u010dn\u00e1 skratka: &nbsp;<\/em><strong><em>Ateroskleroza<\/em><\/strong><\/p>\n\n\n\n<p><strong><em>ISSN <\/em><\/strong><em>1335-2253<\/em><\/p>\n\n\n\n<p><strong><em>Registr\u00e1cia<\/em><\/strong><em> MK SR pod \u010d\u00edslom: &nbsp;EV 709\/08<\/em><\/p>\n\n\n\n<p><strong><em>\u010cASOPIS je indexovan\u00fd v&nbsp;datab\u00e1zach:<\/em><\/strong><br><em>CIBA Med, Copernicus, Bibliographia Medica Slovaca, Slovensk\u00e1 n\u00e1rodn\u00e1 Bibliografia, N\u00e1rodn\u00ed knihovna \u010cesk\u00e9 republiky<\/em><\/p>\n\n\n\n<p><strong><em>Vyd\u00e1va<\/em><\/strong><em>: UPJ\u0160 LF, Trieda SNP 1, 040 11 Ko\u0161ice<\/em><\/p>\n\n\n\n<p><strong><em>Vych\u00e1dza<\/em><\/strong><em> 2x ro\u010dne ako dvoj\u010d\u00edslie (1-2, 3-4) ka\u017ed\u00e9 v&nbsp;200 ks n\u00e1klade<\/em><\/p>\n\n\n\n<p><strong><em>Cena<\/em><\/strong><em> 8,00 EUR\/ks (plus po\u0161tovn\u00e9)<\/em><\/p>\n\n\n\n<p><strong><em>Akviz\u00edcia:<\/em><\/strong><em> RNDr. Darina Petr\u00e1\u0161ov\u00e1, PhD. <\/em><br><em>e-mail: <a href=\"mailto:darina.petrasova@upjs.sk\" class=\"ek-link\">darina.petrasova@upjs.sk<\/a><\/em><\/p>\n\n\n\n<p><em>Objedn\u00e1vky a predplatn\u00e9 prij\u00edma vydavate<\/em><em>\u013e<\/em><em>stvo.<\/em><\/p>\n\n\n\n<p><strong><em>Technick\u00e1 a grafick\u00e1 \u00faprava<\/em><\/strong><em>: Dagmar Smrekov\u00e1<\/em><br><em>e-mail: <a href=\"mailto:smrekovadagmar1@gmail.com\" class=\"ek-link\">smrekovadagmar1@gmail.com<\/a><\/em><\/p>\n\n\n\n<p><strong><em>V\u00fdroba: <\/em><\/strong><em>Equilibria, s.r.o., Letn\u00e1 42, 040 01 Ko\u0161ice<\/em><\/p>\n\n\n\n<p><em>Vyd\u00e1van\u00e9 do roku 2003 pod SSKB, o.z. SLS\u00a0 <a href=\"http:\/\/www.sskb.sk\/\" target=\"_blank\" aria-label=\" (opens in a new tab)\" rel=\"noreferrer noopener\" class=\"ek-link\">http:\/\/www.sskb.sk<\/a><\/em><\/p>\n","protected":false},"excerpt":{"rendered":"<p>Rubriky Cita\u010dn\u00e1 skratka: &nbsp;Ateroskleroza ISSN 1335-2253 Registr\u00e1cia MK SR pod \u010d\u00edslom: &nbsp;EV 709\/08 \u010cASOPIS je indexovan\u00fd v&nbsp;datab\u00e1zach:CIBA Med, Copernicus, Bibliographia Medica Slovaca, Slovensk\u00e1 n\u00e1rodn\u00e1 Bibliografia, N\u00e1rodn\u00ed knihovna \u010cesk\u00e9 republiky Vyd\u00e1va: UPJ\u0160 LF, Trieda SNP 1, 040 11 Ko\u0161ice Vych\u00e1dza 2x ro\u010dne ako dvoj\u010d\u00edslie (1-2, 3-4) ka\u017ed\u00e9 v&nbsp;200 ks n\u00e1klade Cena 8,00 EUR\/ks (plus po\u0161tovn\u00e9) Akviz\u00edcia: &hellip; <a href=\"https:\/\/www.upjs.sk\/lekarska-fakulta\/fakulta\/casopisy-vydavane-lf\/ateroskleroza\/o-casopise\/\">\u010c\u00edta\u0165 \u010falej<\/a><\/p>\n","protected":false},"author":1,"featured_media":0,"parent":13649,"menu_order":1,"comment_status":"closed","ping_status":"closed","template":"","meta":{"_acf_changed":false,"_editorskit_title_hidden":false,"_editorskit_reading_time":1,"_editorskit_is_block_options_detached":false,"_editorskit_block_options_position":"{}","footnotes":""},"categories":[],"tags":[],"class_list":["post-13657","page","type-page","status-publish","hentry"],"acf":{"acf_link_na_externy_obsah":""},"yoast_head":"<!-- This site is optimized with the Yoast SEO plugin v27.4 - https:\/\/yoast.com\/product\/yoast-seo-wordpress\/ -->\n<title>O \u010dasopise - Lek\u00e1rska fakulta | UPJ\u0160<\/title>\n<meta name=\"robots\" content=\"index, follow, max-snippet:-1, max-image-preview:large, max-video-preview:-1\" \/>\n<link rel=\"canonical\" href=\"https:\/\/www.upjs.sk\/lekarska-fakulta\/fakulta\/casopisy-vydavane-lf\/ateroskleroza\/o-casopise\/\" \/>\n<meta property=\"og:locale\" content=\"sk_SK\" \/>\n<meta property=\"og:type\" content=\"article\" \/>\n<meta property=\"og:title\" content=\"O \u010dasopise - Lek\u00e1rska fakulta | UPJ\u0160\" \/>\n<meta property=\"og:description\" content=\"Rubriky Cita\u010dn\u00e1 skratka: &nbsp;Ateroskleroza ISSN 1335-2253 Registr\u00e1cia MK SR pod \u010d\u00edslom: &nbsp;EV 709\/08 \u010cASOPIS je indexovan\u00fd v&nbsp;datab\u00e1zach:CIBA Med, Copernicus, Bibliographia Medica Slovaca, Slovensk\u00e1 n\u00e1rodn\u00e1 Bibliografia, N\u00e1rodn\u00ed knihovna \u010cesk\u00e9 republiky Vyd\u00e1va: UPJ\u0160 LF, Trieda SNP 1, 040 11 Ko\u0161ice Vych\u00e1dza 2x ro\u010dne ako dvoj\u010d\u00edslie (1-2, 3-4) ka\u017ed\u00e9 v&nbsp;200 ks n\u00e1klade Cena 8,00 EUR\/ks (plus po\u0161tovn\u00e9) Akviz\u00edcia: &hellip; \u010c\u00edta\u0165 \u010falej\" \/>\n<meta property=\"og:url\" content=\"https:\/\/www.upjs.sk\/lekarska-fakulta\/fakulta\/casopisy-vydavane-lf\/ateroskleroza\/o-casopise\/\" \/>\n<meta property=\"og:site_name\" content=\"Lek\u00e1rska fakulta | UPJ\u0160\" \/>\n<meta property=\"article:modified_time\" content=\"2023-01-15T10:52:11+00:00\" \/>\n<meta name=\"twitter:card\" content=\"summary_large_image\" \/>\n<meta name=\"twitter:label1\" content=\"Predpokladan\u00fd \u010das \u010d\u00edtania\" \/>\n\t<meta name=\"twitter:data1\" content=\"1 min\u00fata\" \/>\n<script type=\"application\/ld+json\" class=\"yoast-schema-graph\">{\"@context\":\"https:\\\/\\\/schema.org\",\"@graph\":[{\"@type\":\"WebPage\",\"@id\":\"https:\\\/\\\/www.upjs.sk\\\/lekarska-fakulta\\\/fakulta\\\/casopisy-vydavane-lf\\\/ateroskleroza\\\/o-casopise\\\/\",\"url\":\"https:\\\/\\\/www.upjs.sk\\\/lekarska-fakulta\\\/fakulta\\\/casopisy-vydavane-lf\\\/ateroskleroza\\\/o-casopise\\\/\",\"name\":\"O \u010dasopise - Lek\u00e1rska fakulta | UPJ\u0160\",\"isPartOf\":{\"@id\":\"https:\\\/\\\/www.upjs.sk\\\/lekarska-fakulta\\\/#website\"},\"datePublished\":\"2017-08-09T10:45:44+00:00\",\"dateModified\":\"2023-01-15T10:52:11+00:00\",\"breadcrumb\":{\"@id\":\"https:\\\/\\\/www.upjs.sk\\\/lekarska-fakulta\\\/fakulta\\\/casopisy-vydavane-lf\\\/ateroskleroza\\\/o-casopise\\\/#breadcrumb\"},\"inLanguage\":\"sk-SK\",\"potentialAction\":[{\"@type\":\"ReadAction\",\"target\":[\"https:\\\/\\\/www.upjs.sk\\\/lekarska-fakulta\\\/fakulta\\\/casopisy-vydavane-lf\\\/ateroskleroza\\\/o-casopise\\\/\"]}]},{\"@type\":\"BreadcrumbList\",\"@id\":\"https:\\\/\\\/www.upjs.sk\\\/lekarska-fakulta\\\/fakulta\\\/casopisy-vydavane-lf\\\/ateroskleroza\\\/o-casopise\\\/#breadcrumb\",\"itemListElement\":[{\"@type\":\"ListItem\",\"position\":1,\"name\":\"Home\",\"item\":\"https:\\\/\\\/www.upjs.sk\\\/lekarska-fakulta\\\/\"},{\"@type\":\"ListItem\",\"position\":2,\"name\":\"O fakulte\",\"item\":\"https:\\\/\\\/www.upjs.sk\\\/lekarska-fakulta\\\/fakulta\\\/\"},{\"@type\":\"ListItem\",\"position\":3,\"name\":\"\u010casopisy vyd\u00e1van\u00e9 LF\",\"item\":\"https:\\\/\\\/www.upjs.sk\\\/lekarska-fakulta\\\/fakulta\\\/casopisy-vydavane-lf\\\/\"},{\"@type\":\"ListItem\",\"position\":4,\"name\":\"Ateroskler\u00f3za\",\"item\":\"https:\\\/\\\/www.upjs.sk\\\/lekarska-fakulta\\\/fakulta\\\/casopisy-vydavane-lf\\\/ateroskleroza\\\/\"},{\"@type\":\"ListItem\",\"position\":5,\"name\":\"O \u010dasopise\"}]},{\"@type\":\"WebSite\",\"@id\":\"https:\\\/\\\/www.upjs.sk\\\/lekarska-fakulta\\\/#website\",\"url\":\"https:\\\/\\\/www.upjs.sk\\\/lekarska-fakulta\\\/\",\"name\":\"Lek\u00e1rska fakulta | UPJ\u0160\",\"description\":\"\",\"publisher\":{\"@id\":\"https:\\\/\\\/www.upjs.sk\\\/lekarska-fakulta\\\/#organization\"},\"potentialAction\":[{\"@type\":\"SearchAction\",\"target\":{\"@type\":\"EntryPoint\",\"urlTemplate\":\"https:\\\/\\\/www.upjs.sk\\\/lekarska-fakulta\\\/?s={search_term_string}\"},\"query-input\":{\"@type\":\"PropertyValueSpecification\",\"valueRequired\":true,\"valueName\":\"search_term_string\"}}],\"inLanguage\":\"sk-SK\"},{\"@type\":\"Organization\",\"@id\":\"https:\\\/\\\/www.upjs.sk\\\/lekarska-fakulta\\\/#organization\",\"name\":\"Lek\u00e1rska fakulta | UPJ\u0160\",\"url\":\"https:\\\/\\\/www.upjs.sk\\\/lekarska-fakulta\\\/\",\"logo\":{\"@type\":\"ImageObject\",\"inLanguage\":\"sk-SK\",\"@id\":\"https:\\\/\\\/www.upjs.sk\\\/lekarska-fakulta\\\/#\\\/schema\\\/logo\\\/image\\\/\",\"url\":\"https:\\\/\\\/www.upjs.sk\\\/app\\\/uploads\\\/sites\\\/9\\\/2022\\\/09\\\/logo-lekarska-fakulta.png\",\"contentUrl\":\"https:\\\/\\\/www.upjs.sk\\\/app\\\/uploads\\\/sites\\\/9\\\/2022\\\/09\\\/logo-lekarska-fakulta.png\",\"width\":415,\"height\":87,\"caption\":\"Lek\u00e1rska fakulta | UPJ\u0160\"},\"image\":{\"@id\":\"https:\\\/\\\/www.upjs.sk\\\/lekarska-fakulta\\\/#\\\/schema\\\/logo\\\/image\\\/\"}}]}<\/script>\n<!-- \/ Yoast SEO plugin. -->","yoast_head_json":{"title":"O \u010dasopise - Lek\u00e1rska fakulta | UPJ\u0160","robots":{"index":"index","follow":"follow","max-snippet":"max-snippet:-1","max-image-preview":"max-image-preview:large","max-video-preview":"max-video-preview:-1"},"canonical":"https:\/\/www.upjs.sk\/lekarska-fakulta\/fakulta\/casopisy-vydavane-lf\/ateroskleroza\/o-casopise\/","og_locale":"sk_SK","og_type":"article","og_title":"O \u010dasopise - Lek\u00e1rska fakulta | UPJ\u0160","og_description":"Rubriky Cita\u010dn\u00e1 skratka: &nbsp;Ateroskleroza ISSN 1335-2253 Registr\u00e1cia MK SR pod \u010d\u00edslom: &nbsp;EV 709\/08 \u010cASOPIS je indexovan\u00fd v&nbsp;datab\u00e1zach:CIBA Med, Copernicus, Bibliographia Medica Slovaca, Slovensk\u00e1 n\u00e1rodn\u00e1 Bibliografia, N\u00e1rodn\u00ed knihovna \u010cesk\u00e9 republiky Vyd\u00e1va: UPJ\u0160 LF, Trieda SNP 1, 040 11 Ko\u0161ice Vych\u00e1dza 2x ro\u010dne ako dvoj\u010d\u00edslie (1-2, 3-4) ka\u017ed\u00e9 v&nbsp;200 ks n\u00e1klade Cena 8,00 EUR\/ks (plus po\u0161tovn\u00e9) Akviz\u00edcia: &hellip; \u010c\u00edta\u0165 \u010falej","og_url":"https:\/\/www.upjs.sk\/lekarska-fakulta\/fakulta\/casopisy-vydavane-lf\/ateroskleroza\/o-casopise\/","og_site_name":"Lek\u00e1rska fakulta | UPJ\u0160","article_modified_time":"2023-01-15T10:52:11+00:00","twitter_card":"summary_large_image","twitter_misc":{"Predpokladan\u00fd \u010das \u010d\u00edtania":"1 min\u00fata"},"schema":{"@context":"https:\/\/schema.org","@graph":[{"@type":"WebPage","@id":"https:\/\/www.upjs.sk\/lekarska-fakulta\/fakulta\/casopisy-vydavane-lf\/ateroskleroza\/o-casopise\/","url":"https:\/\/www.upjs.sk\/lekarska-fakulta\/fakulta\/casopisy-vydavane-lf\/ateroskleroza\/o-casopise\/","name":"O \u010dasopise - Lek\u00e1rska fakulta | UPJ\u0160","isPartOf":{"@id":"https:\/\/www.upjs.sk\/lekarska-fakulta\/#website"},"datePublished":"2017-08-09T10:45:44+00:00","dateModified":"2023-01-15T10:52:11+00:00","breadcrumb":{"@id":"https:\/\/www.upjs.sk\/lekarska-fakulta\/fakulta\/casopisy-vydavane-lf\/ateroskleroza\/o-casopise\/#breadcrumb"},"inLanguage":"sk-SK","potentialAction":[{"@type":"ReadAction","target":["https:\/\/www.upjs.sk\/lekarska-fakulta\/fakulta\/casopisy-vydavane-lf\/ateroskleroza\/o-casopise\/"]}]},{"@type":"BreadcrumbList","@id":"https:\/\/www.upjs.sk\/lekarska-fakulta\/fakulta\/casopisy-vydavane-lf\/ateroskleroza\/o-casopise\/#breadcrumb","itemListElement":[{"@type":"ListItem","position":1,"name":"Home","item":"https:\/\/www.upjs.sk\/lekarska-fakulta\/"},{"@type":"ListItem","position":2,"name":"O fakulte","item":"https:\/\/www.upjs.sk\/lekarska-fakulta\/fakulta\/"},{"@type":"ListItem","position":3,"name":"\u010casopisy vyd\u00e1van\u00e9 LF","item":"https:\/\/www.upjs.sk\/lekarska-fakulta\/fakulta\/casopisy-vydavane-lf\/"},{"@type":"ListItem","position":4,"name":"Ateroskler\u00f3za","item":"https:\/\/www.upjs.sk\/lekarska-fakulta\/fakulta\/casopisy-vydavane-lf\/ateroskleroza\/"},{"@type":"ListItem","position":5,"name":"O \u010dasopise"}]},{"@type":"WebSite","@id":"https:\/\/www.upjs.sk\/lekarska-fakulta\/#website","url":"https:\/\/www.upjs.sk\/lekarska-fakulta\/","name":"Lek\u00e1rska fakulta | UPJ\u0160","description":"","publisher":{"@id":"https:\/\/www.upjs.sk\/lekarska-fakulta\/#organization"},"potentialAction":[{"@type":"SearchAction","target":{"@type":"EntryPoint","urlTemplate":"https:\/\/www.upjs.sk\/lekarska-fakulta\/?s={search_term_string}"},"query-input":{"@type":"PropertyValueSpecification","valueRequired":true,"valueName":"search_term_string"}}],"inLanguage":"sk-SK"},{"@type":"Organization","@id":"https:\/\/www.upjs.sk\/lekarska-fakulta\/#organization","name":"Lek\u00e1rska fakulta | UPJ\u0160","url":"https:\/\/www.upjs.sk\/lekarska-fakulta\/","logo":{"@type":"ImageObject","inLanguage":"sk-SK","@id":"https:\/\/www.upjs.sk\/lekarska-fakulta\/#\/schema\/logo\/image\/","url":"https:\/\/www.upjs.sk\/app\/uploads\/sites\/9\/2022\/09\/logo-lekarska-fakulta.png","contentUrl":"https:\/\/www.upjs.sk\/app\/uploads\/sites\/9\/2022\/09\/logo-lekarska-fakulta.png","width":415,"height":87,"caption":"Lek\u00e1rska fakulta | UPJ\u0160"},"image":{"@id":"https:\/\/www.upjs.sk\/lekarska-fakulta\/#\/schema\/logo\/image\/"}}]}},"_links":{"self":[{"href":"https:\/\/www.upjs.sk\/lekarska-fakulta\/wp-json\/wp\/v2\/pages\/13657","targetHints":{"allow":["GET"]}}],"collection":[{"href":"https:\/\/www.upjs.sk\/lekarska-fakulta\/wp-json\/wp\/v2\/pages"}],"about":[{"href":"https:\/\/www.upjs.sk\/lekarska-fakulta\/wp-json\/wp\/v2\/types\/page"}],"author":[{"embeddable":true,"href":"https:\/\/www.upjs.sk\/lekarska-fakulta\/wp-json\/wp\/v2\/users\/1"}],"replies":[{"embeddable":true,"href":"https:\/\/www.upjs.sk\/lekarska-fakulta\/wp-json\/wp\/v2\/comments?post=13657"}],"version-history":[{"count":6,"href":"https:\/\/www.upjs.sk\/lekarska-fakulta\/wp-json\/wp\/v2\/pages\/13657\/revisions"}],"predecessor-version":[{"id":73203,"href":"https:\/\/www.upjs.sk\/lekarska-fakulta\/wp-json\/wp\/v2\/pages\/13657\/revisions\/73203"}],"up":[{"embeddable":true,"href":"https:\/\/www.upjs.sk\/lekarska-fakulta\/wp-json\/wp\/v2\/pages\/13649"}],"wp:attachment":[{"href":"https:\/\/www.upjs.sk\/lekarska-fakulta\/wp-json\/wp\/v2\/media?parent=13657"}],"wp:term":[{"taxonomy":"category","embeddable":true,"href":"https:\/\/www.upjs.sk\/lekarska-fakulta\/wp-json\/wp\/v2\/categories?post=13657"},{"taxonomy":"post_tag","embeddable":true,"href":"https:\/\/www.upjs.sk\/lekarska-fakulta\/wp-json\/wp\/v2\/tags?post=13657"}],"curies":[{"name":"wp","href":"https:\/\/api.w.org\/{rel}","templated":true}]}}