{"id":13664,"date":"2017-08-09T10:42:31","date_gmt":"2017-08-09T10:42:31","guid":{"rendered":"https:\/\/www.upjs.sk\/lekarska-fakulta\/root\/fakulta\/casopisy-vydavane-lf\/ateroskleroza-2\/recenzna-cinnost\/"},"modified":"2023-01-15T12:38:23","modified_gmt":"2023-01-15T11:38:23","slug":"recenzna-cinnost","status":"publish","type":"page","link":"https:\/\/www.upjs.sk\/lekarska-fakulta\/fakulta\/casopisy-vydavane-lf\/ateroskleroza\/recenzna-cinnost\/","title":{"rendered":"Recenzn\u00e1 \u010dinnos\u0165"},"content":{"rendered":"\n<ul class=\"wp-block-list\">\n<li><strong><em>Podmienkou zaradenia <\/em><\/strong>pr\u00edspevku do recenzn\u00e9ho konania je <strong><em>dodr\u017eanie form\u00e1lnych po\u017eiadaviek <\/em><\/strong>kladen\u00fdch na pr\u00edspevok uveden\u00fdch v pokynoch pre autorov<\/li>\n\n\n\n<li>Recenzn\u00e9 konanie je obojstranne <strong><em>anonymn\u00e9<\/em><\/strong><\/li>\n\n\n\n<li><strong><em>Redakcia <\/em><\/strong>si vyhradzuje pr\u00e1vo na z\u00e1klade posudkov <strong><em>rozhodn\u00fa\u0165<\/em><\/strong>&nbsp; o publikovan\u00ed pr\u00edspevku v&nbsp;\u010dasopise<\/li>\n\n\n\n<li>Z\u00e1very recenzn\u00fdch posudkov s\u00fa zaslan\u00e9 na e-mailov\u00fa adresu prv\u00e9ho autora spravidla do dvoch mesiacov<\/li>\n\n\n\n<li>Recenzent m\u00f4\u017ee odporu\u010di\u0165 doplnenie, pr\u00edpadne prepracovanie pr\u00edspevku, <strong><em>pod\u013ea schv\u00e1lenej \u0161abl\u00f3ny<\/em><\/strong><\/li>\n\n\n\n<li>V tomto pr\u00edpade je autor vyzvan\u00fd, aby&nbsp;prepracoval pr\u00edspevok, pr\u00edpadne &nbsp;zd\u00f4vodnil neakceptovanie odpor\u00fa\u010dan\u00ed recenzenta a to najnesk\u00f4r do troch t\u00fd\u017ed\u0148ov od zaslania z\u00e1verov recenzn\u00fdch posudkov<\/li>\n\n\n\n<li>Doplnen\u00e9 a prepracovan\u00e9 \u010dasti autor vyzna\u010d\u00ed \u010dervenou farbou<\/li>\n\n\n\n<li><strong><em>Redakcia<\/em><\/strong> si vyhradzuje pr\u00e1vo na <strong><em>drobn\u00e9 form\u00e1lne \u00fapravy<\/em><\/strong><\/li>\n\n\n\n<li>Fin\u00e1lnu verziu pr\u00edspevku dostane autor na&nbsp;schv\u00e1lenie pred publikovan\u00edm vo form\u00e1te .pdf<\/li>\n\n\n\n<li>Odpove\u010f autora sa o\u010dak\u00e1va do piatich pracovn\u00fdch dn\u00ed. V pr\u00edpade, \u017ee sa autor redakcii neozve, pr\u00edspevok bude publikovan\u00fd bez fin\u00e1lneho schv\u00e1lenia autorom<\/li>\n<\/ul>\n\n\n\n<ul class=\"wp-block-list\">\n<li><strong>Od recenzenta<\/strong> sa o\u010dak\u00e1va <strong><em> kvalifikovan\u00e9, kritick\u00e9 a nezaujat\u00e9 hodnotenie vedeckej, odbornej a&nbsp;liter\u00e1rnej str\u00e1nky pr\u00e1ce<\/em><\/strong><\/li>\n\n\n\n<li><strong><em>Recenzia <\/em><\/strong>m\u00e1 by\u0165<strong><em> objekt\u00edvna, adresn\u00e1 a&nbsp;podlo\u017een\u00e1 faktami<\/em><\/strong><\/li>\n\n\n\n<li>Recenzent je <strong><em>viazan\u00fd vo\u010di in\u00fdm stran\u00e1m ml\u010danlivos\u0165ou<\/em><\/strong> (obsah posudzovanej pr\u00e1ce, autori, obsah svojho posudku) s&nbsp;v\u00fdnimkou pr\u00edslu\u0161n\u00e9ho autora, redak\u010dn\u00fdch poradcov a vydavate\u013ea<\/li>\n\n\n\n<li>Recenzent by mal zv\u00e1\u017ei\u0165 prijatie konkr\u00e9tneho posudku, ak <strong><em>nem\u00e1 dostatok sk\u00fasenost\u00ed v danej oblasti <\/em><\/strong>alebo<strong><em> nem\u00e1 dostatok \u010dasu <\/em><\/strong>&nbsp; na kvalitn\u00e9 zhodnotenie pr\u00e1ce.<\/li>\n\n\n\n<li>Recenzent mus\u00ed zv\u00e1\u017ei\u0165 aj svoj pr\u00edpadn\u00fd <strong><em>konflikt z\u00e1ujmov<\/em><\/strong> alebo ak vo svojom rozhodovan\u00ed m\u00f4\u017ee by\u0165 ovplyv\u0148ovan\u00fd (spoluautorstvo, autori s\u00fa spolupracovn\u00edci a&nbsp;pod.)<\/li>\n\n\n\n<li>Recenzent posudzuje pr\u00e1ce <strong><em>bez osobn\u00e9ho zaujatia<\/em><\/strong> vo\u010di&nbsp;autorovi alebo in\u0161tit\u00facii, v ktorej pracuje<\/li>\n<\/ul>\n\n\n\n<div style=\"height:20px\" aria-hidden=\"true\" class=\"wp-block-spacer\"><\/div>\n\n\n\n<p><a href=\"https:\/\/www.upjs.sk\/app\/uploads\/sites\/9\/2022\/09\/Kriteria-hodnotenia-clankov-pre-recenzentov.pdf\" class=\"ek-link\"><strong>Krit\u00e9ri\u00e1 hodnotenia \u010dl\u00e1nkov pre recenzentov<\/strong><\/a><\/p>\n","protected":false},"excerpt":{"rendered":"<p>Krit\u00e9ri\u00e1 hodnotenia \u010dl\u00e1nkov pre recenzentov<\/p>\n","protected":false},"author":1,"featured_media":0,"parent":13649,"menu_order":5,"comment_status":"closed","ping_status":"closed","template":"","meta":{"_acf_changed":false,"_editorskit_title_hidden":false,"_editorskit_reading_time":1,"_editorskit_is_block_options_detached":false,"_editorskit_block_options_position":"{}","footnotes":""},"categories":[],"tags":[],"class_list":["post-13664","page","type-page","status-publish","hentry"],"acf":{"acf_link_na_externy_obsah":""},"yoast_head":"<!-- This site is optimized with the Yoast SEO plugin v27.4 - https:\/\/yoast.com\/product\/yoast-seo-wordpress\/ -->\n<title>Recenzn\u00e1 \u010dinnos\u0165 - Lek\u00e1rska fakulta | UPJ\u0160<\/title>\n<meta name=\"robots\" content=\"index, follow, max-snippet:-1, max-image-preview:large, max-video-preview:-1\" \/>\n<link rel=\"canonical\" href=\"https:\/\/www.upjs.sk\/lekarska-fakulta\/fakulta\/casopisy-vydavane-lf\/ateroskleroza\/recenzna-cinnost\/\" \/>\n<meta property=\"og:locale\" content=\"sk_SK\" \/>\n<meta property=\"og:type\" content=\"article\" \/>\n<meta property=\"og:title\" content=\"Recenzn\u00e1 \u010dinnos\u0165 - Lek\u00e1rska fakulta | UPJ\u0160\" \/>\n<meta property=\"og:description\" content=\"Krit\u00e9ri\u00e1 hodnotenia \u010dl\u00e1nkov pre recenzentov\" \/>\n<meta property=\"og:url\" content=\"https:\/\/www.upjs.sk\/lekarska-fakulta\/fakulta\/casopisy-vydavane-lf\/ateroskleroza\/recenzna-cinnost\/\" \/>\n<meta property=\"og:site_name\" content=\"Lek\u00e1rska fakulta | UPJ\u0160\" \/>\n<meta property=\"article:modified_time\" content=\"2023-01-15T11:38:23+00:00\" \/>\n<meta name=\"twitter:card\" content=\"summary_large_image\" \/>\n<meta name=\"twitter:label1\" content=\"Predpokladan\u00fd \u010das \u010d\u00edtania\" \/>\n\t<meta name=\"twitter:data1\" content=\"2 min\u00faty\" \/>\n<script type=\"application\/ld+json\" class=\"yoast-schema-graph\">{\"@context\":\"https:\\\/\\\/schema.org\",\"@graph\":[{\"@type\":\"WebPage\",\"@id\":\"https:\\\/\\\/www.upjs.sk\\\/lekarska-fakulta\\\/fakulta\\\/casopisy-vydavane-lf\\\/ateroskleroza\\\/recenzna-cinnost\\\/\",\"url\":\"https:\\\/\\\/www.upjs.sk\\\/lekarska-fakulta\\\/fakulta\\\/casopisy-vydavane-lf\\\/ateroskleroza\\\/recenzna-cinnost\\\/\",\"name\":\"Recenzn\u00e1 \u010dinnos\u0165 - Lek\u00e1rska fakulta | UPJ\u0160\",\"isPartOf\":{\"@id\":\"https:\\\/\\\/www.upjs.sk\\\/lekarska-fakulta\\\/#website\"},\"datePublished\":\"2017-08-09T10:42:31+00:00\",\"dateModified\":\"2023-01-15T11:38:23+00:00\",\"breadcrumb\":{\"@id\":\"https:\\\/\\\/www.upjs.sk\\\/lekarska-fakulta\\\/fakulta\\\/casopisy-vydavane-lf\\\/ateroskleroza\\\/recenzna-cinnost\\\/#breadcrumb\"},\"inLanguage\":\"sk-SK\",\"potentialAction\":[{\"@type\":\"ReadAction\",\"target\":[\"https:\\\/\\\/www.upjs.sk\\\/lekarska-fakulta\\\/fakulta\\\/casopisy-vydavane-lf\\\/ateroskleroza\\\/recenzna-cinnost\\\/\"]}]},{\"@type\":\"BreadcrumbList\",\"@id\":\"https:\\\/\\\/www.upjs.sk\\\/lekarska-fakulta\\\/fakulta\\\/casopisy-vydavane-lf\\\/ateroskleroza\\\/recenzna-cinnost\\\/#breadcrumb\",\"itemListElement\":[{\"@type\":\"ListItem\",\"position\":1,\"name\":\"Home\",\"item\":\"https:\\\/\\\/www.upjs.sk\\\/lekarska-fakulta\\\/\"},{\"@type\":\"ListItem\",\"position\":2,\"name\":\"O fakulte\",\"item\":\"https:\\\/\\\/www.upjs.sk\\\/lekarska-fakulta\\\/fakulta\\\/\"},{\"@type\":\"ListItem\",\"position\":3,\"name\":\"\u010casopisy vyd\u00e1van\u00e9 LF\",\"item\":\"https:\\\/\\\/www.upjs.sk\\\/lekarska-fakulta\\\/fakulta\\\/casopisy-vydavane-lf\\\/\"},{\"@type\":\"ListItem\",\"position\":4,\"name\":\"Ateroskler\u00f3za\",\"item\":\"https:\\\/\\\/www.upjs.sk\\\/lekarska-fakulta\\\/fakulta\\\/casopisy-vydavane-lf\\\/ateroskleroza\\\/\"},{\"@type\":\"ListItem\",\"position\":5,\"name\":\"Recenzn\u00e1 \u010dinnos\u0165\"}]},{\"@type\":\"WebSite\",\"@id\":\"https:\\\/\\\/www.upjs.sk\\\/lekarska-fakulta\\\/#website\",\"url\":\"https:\\\/\\\/www.upjs.sk\\\/lekarska-fakulta\\\/\",\"name\":\"Lek\u00e1rska fakulta | UPJ\u0160\",\"description\":\"\",\"publisher\":{\"@id\":\"https:\\\/\\\/www.upjs.sk\\\/lekarska-fakulta\\\/#organization\"},\"potentialAction\":[{\"@type\":\"SearchAction\",\"target\":{\"@type\":\"EntryPoint\",\"urlTemplate\":\"https:\\\/\\\/www.upjs.sk\\\/lekarska-fakulta\\\/?s={search_term_string}\"},\"query-input\":{\"@type\":\"PropertyValueSpecification\",\"valueRequired\":true,\"valueName\":\"search_term_string\"}}],\"inLanguage\":\"sk-SK\"},{\"@type\":\"Organization\",\"@id\":\"https:\\\/\\\/www.upjs.sk\\\/lekarska-fakulta\\\/#organization\",\"name\":\"Lek\u00e1rska fakulta | UPJ\u0160\",\"url\":\"https:\\\/\\\/www.upjs.sk\\\/lekarska-fakulta\\\/\",\"logo\":{\"@type\":\"ImageObject\",\"inLanguage\":\"sk-SK\",\"@id\":\"https:\\\/\\\/www.upjs.sk\\\/lekarska-fakulta\\\/#\\\/schema\\\/logo\\\/image\\\/\",\"url\":\"https:\\\/\\\/www.upjs.sk\\\/app\\\/uploads\\\/sites\\\/9\\\/2022\\\/09\\\/logo-lekarska-fakulta.png\",\"contentUrl\":\"https:\\\/\\\/www.upjs.sk\\\/app\\\/uploads\\\/sites\\\/9\\\/2022\\\/09\\\/logo-lekarska-fakulta.png\",\"width\":415,\"height\":87,\"caption\":\"Lek\u00e1rska fakulta | UPJ\u0160\"},\"image\":{\"@id\":\"https:\\\/\\\/www.upjs.sk\\\/lekarska-fakulta\\\/#\\\/schema\\\/logo\\\/image\\\/\"}}]}<\/script>\n<!-- \/ Yoast SEO plugin. -->","yoast_head_json":{"title":"Recenzn\u00e1 \u010dinnos\u0165 - Lek\u00e1rska fakulta | UPJ\u0160","robots":{"index":"index","follow":"follow","max-snippet":"max-snippet:-1","max-image-preview":"max-image-preview:large","max-video-preview":"max-video-preview:-1"},"canonical":"https:\/\/www.upjs.sk\/lekarska-fakulta\/fakulta\/casopisy-vydavane-lf\/ateroskleroza\/recenzna-cinnost\/","og_locale":"sk_SK","og_type":"article","og_title":"Recenzn\u00e1 \u010dinnos\u0165 - Lek\u00e1rska fakulta | UPJ\u0160","og_description":"Krit\u00e9ri\u00e1 hodnotenia \u010dl\u00e1nkov pre recenzentov","og_url":"https:\/\/www.upjs.sk\/lekarska-fakulta\/fakulta\/casopisy-vydavane-lf\/ateroskleroza\/recenzna-cinnost\/","og_site_name":"Lek\u00e1rska fakulta | UPJ\u0160","article_modified_time":"2023-01-15T11:38:23+00:00","twitter_card":"summary_large_image","twitter_misc":{"Predpokladan\u00fd \u010das \u010d\u00edtania":"2 min\u00faty"},"schema":{"@context":"https:\/\/schema.org","@graph":[{"@type":"WebPage","@id":"https:\/\/www.upjs.sk\/lekarska-fakulta\/fakulta\/casopisy-vydavane-lf\/ateroskleroza\/recenzna-cinnost\/","url":"https:\/\/www.upjs.sk\/lekarska-fakulta\/fakulta\/casopisy-vydavane-lf\/ateroskleroza\/recenzna-cinnost\/","name":"Recenzn\u00e1 \u010dinnos\u0165 - Lek\u00e1rska fakulta | UPJ\u0160","isPartOf":{"@id":"https:\/\/www.upjs.sk\/lekarska-fakulta\/#website"},"datePublished":"2017-08-09T10:42:31+00:00","dateModified":"2023-01-15T11:38:23+00:00","breadcrumb":{"@id":"https:\/\/www.upjs.sk\/lekarska-fakulta\/fakulta\/casopisy-vydavane-lf\/ateroskleroza\/recenzna-cinnost\/#breadcrumb"},"inLanguage":"sk-SK","potentialAction":[{"@type":"ReadAction","target":["https:\/\/www.upjs.sk\/lekarska-fakulta\/fakulta\/casopisy-vydavane-lf\/ateroskleroza\/recenzna-cinnost\/"]}]},{"@type":"BreadcrumbList","@id":"https:\/\/www.upjs.sk\/lekarska-fakulta\/fakulta\/casopisy-vydavane-lf\/ateroskleroza\/recenzna-cinnost\/#breadcrumb","itemListElement":[{"@type":"ListItem","position":1,"name":"Home","item":"https:\/\/www.upjs.sk\/lekarska-fakulta\/"},{"@type":"ListItem","position":2,"name":"O fakulte","item":"https:\/\/www.upjs.sk\/lekarska-fakulta\/fakulta\/"},{"@type":"ListItem","position":3,"name":"\u010casopisy vyd\u00e1van\u00e9 LF","item":"https:\/\/www.upjs.sk\/lekarska-fakulta\/fakulta\/casopisy-vydavane-lf\/"},{"@type":"ListItem","position":4,"name":"Ateroskler\u00f3za","item":"https:\/\/www.upjs.sk\/lekarska-fakulta\/fakulta\/casopisy-vydavane-lf\/ateroskleroza\/"},{"@type":"ListItem","position":5,"name":"Recenzn\u00e1 \u010dinnos\u0165"}]},{"@type":"WebSite","@id":"https:\/\/www.upjs.sk\/lekarska-fakulta\/#website","url":"https:\/\/www.upjs.sk\/lekarska-fakulta\/","name":"Lek\u00e1rska fakulta | UPJ\u0160","description":"","publisher":{"@id":"https:\/\/www.upjs.sk\/lekarska-fakulta\/#organization"},"potentialAction":[{"@type":"SearchAction","target":{"@type":"EntryPoint","urlTemplate":"https:\/\/www.upjs.sk\/lekarska-fakulta\/?s={search_term_string}"},"query-input":{"@type":"PropertyValueSpecification","valueRequired":true,"valueName":"search_term_string"}}],"inLanguage":"sk-SK"},{"@type":"Organization","@id":"https:\/\/www.upjs.sk\/lekarska-fakulta\/#organization","name":"Lek\u00e1rska fakulta | UPJ\u0160","url":"https:\/\/www.upjs.sk\/lekarska-fakulta\/","logo":{"@type":"ImageObject","inLanguage":"sk-SK","@id":"https:\/\/www.upjs.sk\/lekarska-fakulta\/#\/schema\/logo\/image\/","url":"https:\/\/www.upjs.sk\/app\/uploads\/sites\/9\/2022\/09\/logo-lekarska-fakulta.png","contentUrl":"https:\/\/www.upjs.sk\/app\/uploads\/sites\/9\/2022\/09\/logo-lekarska-fakulta.png","width":415,"height":87,"caption":"Lek\u00e1rska fakulta | UPJ\u0160"},"image":{"@id":"https:\/\/www.upjs.sk\/lekarska-fakulta\/#\/schema\/logo\/image\/"}}]}},"_links":{"self":[{"href":"https:\/\/www.upjs.sk\/lekarska-fakulta\/wp-json\/wp\/v2\/pages\/13664","targetHints":{"allow":["GET"]}}],"collection":[{"href":"https:\/\/www.upjs.sk\/lekarska-fakulta\/wp-json\/wp\/v2\/pages"}],"about":[{"href":"https:\/\/www.upjs.sk\/lekarska-fakulta\/wp-json\/wp\/v2\/types\/page"}],"author":[{"embeddable":true,"href":"https:\/\/www.upjs.sk\/lekarska-fakulta\/wp-json\/wp\/v2\/users\/1"}],"replies":[{"embeddable":true,"href":"https:\/\/www.upjs.sk\/lekarska-fakulta\/wp-json\/wp\/v2\/comments?post=13664"}],"version-history":[{"count":4,"href":"https:\/\/www.upjs.sk\/lekarska-fakulta\/wp-json\/wp\/v2\/pages\/13664\/revisions"}],"predecessor-version":[{"id":73215,"href":"https:\/\/www.upjs.sk\/lekarska-fakulta\/wp-json\/wp\/v2\/pages\/13664\/revisions\/73215"}],"up":[{"embeddable":true,"href":"https:\/\/www.upjs.sk\/lekarska-fakulta\/wp-json\/wp\/v2\/pages\/13649"}],"wp:attachment":[{"href":"https:\/\/www.upjs.sk\/lekarska-fakulta\/wp-json\/wp\/v2\/media?parent=13664"}],"wp:term":[{"taxonomy":"category","embeddable":true,"href":"https:\/\/www.upjs.sk\/lekarska-fakulta\/wp-json\/wp\/v2\/categories?post=13664"},{"taxonomy":"post_tag","embeddable":true,"href":"https:\/\/www.upjs.sk\/lekarska-fakulta\/wp-json\/wp\/v2\/tags?post=13664"}],"curies":[{"name":"wp","href":"https:\/\/api.w.org\/{rel}","templated":true}]}}