{"id":136903,"date":"2025-06-05T08:52:01","date_gmt":"2025-06-05T07:52:16","guid":{"rendered":"https:\/\/www.upjs.sk\/lekarska-fakulta\/fakulta\/casopisy-vydavane-lf\/kontakty\/"},"modified":"2025-07-11T13:44:10","modified_gmt":"2025-07-11T12:44:10","slug":"kontakty","status":"publish","type":"page","link":"https:\/\/www.upjs.sk\/lekarska-fakulta\/fakulta\/casopisy-vydavane-lf\/folia-medica-cassoviensia-1\/kontakty\/","title":{"rendered":"Kontakty"},"content":{"rendered":"\n<p><\/p>\n\n\n<style>.wp-block-kadence-column.kb-section-dir-horizontal > .kt-inside-inner-col > .kt-info-box136903_fa5608-bf .kt-blocks-info-box-link-wrap{max-width:unset;}.kt-info-box136903_fa5608-bf .kt-blocks-info-box-link-wrap{border-top:10px solid #F4F4F4;border-right:10px solid #F4F4F4;border-bottom:10px solid #F4F4F4;border-left:10px solid #F4F4F4;border-top-left-radius:30px;border-top-right-radius:30px;background:#F4F4F4;padding-top:var(--global-kb-spacing-sm, 1.5rem);padding-right:var(--global-kb-spacing-sm, 1.5rem);padding-bottom:var(--global-kb-spacing-sm, 1.5rem);padding-left:var(--global-kb-spacing-sm, 1.5rem);margin-top:50px;}.kt-info-box136903_fa5608-bf.wp-block-kadence-infobox{max-width:100%;}.kt-info-box136903_fa5608-bf .kadence-info-box-image-inner-intrisic-container{max-width:481px;}.kt-info-box136903_fa5608-bf .kadence-info-box-image-inner-intrisic-container .kadence-info-box-image-intrisic{padding-bottom:21.6667%;width:300px;height:0px;max-width:100%;}.kt-info-box136903_fa5608-bf .kadence-info-box-icon-container .kt-info-svg-icon, .kt-info-box136903_fa5608-bf .kt-info-svg-icon-flip, .kt-info-box136903_fa5608-bf .kt-blocks-info-box-number{font-size:50px;}.kt-info-box136903_fa5608-bf .kt-blocks-info-box-media{background:#ffffff;border-color:var(--global-palette7, #eeeeee);border-top-width:5px;border-right-width:5px;border-bottom-width:5px;border-left-width:5px;padding-top:20px;padding-right:20px;padding-bottom:20px;padding-left:20px;}.kt-info-box136903_fa5608-bf .kt-blocks-info-box-media-container{margin-top:-75px;margin-right:0px;margin-bottom:20px;margin-left:0px;}.kt-info-box136903_fa5608-bf .kt-infobox-textcontent h2.kt-blocks-info-box-title{color:#C92432;font-size:var(--global-kb-font-size-md, 1.25rem);padding-top:0px;padding-right:0px;padding-bottom:0px;padding-left:0px;margin-top:5px;margin-right:0px;margin-bottom:10px;margin-left:0px;}.kt-info-box136903_fa5608-bf .kt-blocks-info-box-learnmore{background:transparent;border-width:0px 0px 0px 0px;padding-top:4px;padding-right:8px;padding-bottom:4px;padding-left:8px;margin-top:10px;margin-right:0px;margin-bottom:10px;margin-left:0px;}@media all and (max-width: 1024px){.kt-info-box136903_fa5608-bf .kt-blocks-info-box-link-wrap{border-top:10px solid #F4F4F4;border-right:10px solid #F4F4F4;border-bottom:10px solid #F4F4F4;border-left:10px solid #F4F4F4;}}@media all and (max-width: 767px){.kt-info-box136903_fa5608-bf .kt-blocks-info-box-link-wrap{border-top:10px solid #F4F4F4;border-right:10px solid #F4F4F4;border-bottom:10px solid #F4F4F4;border-left:10px solid #F4F4F4;}}<\/style>\n<div class=\"wp-block-kadence-infobox kt-info-box136903_fa5608-bf\"><span class=\"kt-blocks-info-box-link-wrap info-box-link kt-blocks-info-box-media-align-top kt-info-halign-left\"><div class=\"kt-blocks-info-box-media-container\"><div class=\"kt-blocks-info-box-media kt-info-media-animate-none\"><div class=\"kadence-info-box-image-inner-intrisic-container\"><div class=\"kadence-info-box-image-intrisic kt-info-animate-none\"><div class=\"kadence-info-box-image-inner-intrisic\"><img loading=\"lazy\" decoding=\"async\" src=\"https:\/\/www.upjs.sk\/app\/uploads\/sites\/9\/2025\/06\/FMCm-300x65.png\" alt=\"\" width=\"300\" height=\"65\" class=\"kt-info-box-image wp-image-138994\" srcset=\"https:\/\/www.upjs.sk\/app\/uploads\/sites\/9\/2025\/06\/FMCm-300x65.png 300w, https:\/\/www.upjs.sk\/app\/uploads\/sites\/9\/2025\/06\/FMCm.png 481w\" sizes=\"auto, (max-width: 300px) 100vw, 300px\" \/><\/div><\/div><\/div><\/div><\/div><div class=\"kt-infobox-textcontent\"><h2 class=\"kt-blocks-info-box-title\">Redakcia FOLIA MEDICA CASSOVIENSIA<\/h2><p class=\"kt-blocks-info-box-text\">\u00dastav lek\u00e1rskej informatiky a simul\u00e1torovej medic\u00edny<br>Univerzita P. J. \u0160af\u00e1rika, Lek\u00e1rska fakulta<br>Trieda SNP 1<br>040 11 Ko\u0161ice<br>e-mail: <strong><a href=\"mailto:LF-foliamedica@upjs.sk\"><em>LF-foliamedica@upjs.sk<\/em><\/a><\/strong> <br><\/p><\/div><\/span><\/div>\n\n\n<style>.kadence-column136903_f5cfc8-2e > .kt-inside-inner-col,.kadence-column136903_f5cfc8-2e > .kt-inside-inner-col:before{border-top-left-radius:0px;border-top-right-radius:0px;border-bottom-right-radius:0px;border-bottom-left-radius:0px;}.kadence-column136903_f5cfc8-2e > .kt-inside-inner-col{column-gap:var(--global-kb-gap-sm, 1rem);}.kadence-column136903_f5cfc8-2e > .kt-inside-inner-col{flex-direction:column;}.kadence-column136903_f5cfc8-2e > .kt-inside-inner-col > .aligncenter{width:100%;}.kadence-column136903_f5cfc8-2e > .kt-inside-inner-col:before{opacity:0.3;}.kadence-column136903_f5cfc8-2e{position:relative;}@media all and (max-width: 1024px){.kadence-column136903_f5cfc8-2e > .kt-inside-inner-col{flex-direction:column;justify-content:center;}}@media all and (max-width: 767px){.kadence-column136903_f5cfc8-2e > .kt-inside-inner-col{flex-direction:column;justify-content:center;}}<\/style>\n<div class=\"wp-block-kadence-column kadence-column136903_f5cfc8-2e\"><div class=\"kt-inside-inner-col\">\n<p><\/p>\n<\/div><\/div>\n\n\n\n<figure class=\"wp-block-table is-style-stripes\"><table><tbody><tr><td><strong>Hlavn\u00fd redaktor:<\/strong><br><\/td><td>doc. MUDr. Roman BE\u0147A\u010cKA,CSc.<br>e-mail:&nbsp;<strong><a href=\"mailto:roman.benacka@upjs.sk\"><em>roman.benacka@upjs.sk<\/em><\/a><\/strong><br>Tel.\/VoIP: +421 55 234 3492, 3406<\/td><\/tr><tr><td><strong>Vedeck\u00fd redaktor:<\/strong><br><\/td><td>doc. MUDr. Jozef FIRMENT, PhD.<br>e-mail:\u00a0<strong><a href=\"mailto:jozef.firment@upjs.sk\"><em>jozef.firment@upjs.sk<\/em><\/a><\/strong><br>Tel.\/VoIP: +421 55 234 3364<\/td><\/tr><tr><td><strong>Technick\u00fd redaktor:<\/strong>&nbsp;<br><\/td><td>Martina TROCHANOV\u00c1<br>e-mail:&nbsp;<strong><a href=\"mailto:martina.trochanova@upjs.sk\"><em>martina.trochanova@upjs.sk<\/em><\/a><\/strong><br>Tel.\/VoIP: +421 55 234 3405<\/td><\/tr><\/tbody><\/table><\/figure>\n\n\n\n<p><\/p>\n","protected":false},"excerpt":{"rendered":"<p>Hlavn\u00fd redaktor: doc. MUDr. Roman BE\u0147A\u010cKA,CSc.e-mail:&nbsp;roman.benacka@upjs.skTel.\/VoIP: +421 55 234 3492, 3406 Vedeck\u00fd redaktor: doc. MUDr. Jozef FIRMENT, PhD.e-mail:\u00a0jozef.firment@upjs.skTel.\/VoIP: +421 55 234 3364 Technick\u00fd redaktor:&nbsp; Martina TROCHANOV\u00c1e-mail:&nbsp;martina.trochanova@upjs.skTel.\/VoIP: +421 55 234 3405<\/p>\n","protected":false},"author":75,"featured_media":0,"parent":136887,"menu_order":4,"comment_status":"closed","ping_status":"closed","template":"","meta":{"_acf_changed":false,"_editorskit_title_hidden":false,"_editorskit_reading_time":0,"_editorskit_is_block_options_detached":false,"_editorskit_block_options_position":"{}","footnotes":""},"categories":[],"tags":[],"class_list":["post-136903","page","type-page","status-publish","hentry"],"acf":{"acf_link_na_externy_obsah":""},"yoast_head":"<!-- This site is optimized with the Yoast SEO plugin v27.4 - https:\/\/yoast.com\/product\/yoast-seo-wordpress\/ -->\n<title>Kontakty - Lek\u00e1rska fakulta | UPJ\u0160<\/title>\n<meta name=\"robots\" content=\"index, follow, max-snippet:-1, max-image-preview:large, max-video-preview:-1\" \/>\n<link rel=\"canonical\" href=\"https:\/\/www.upjs.sk\/lekarska-fakulta\/fakulta\/casopisy-vydavane-lf\/folia-medica-cassoviensia-1\/kontakty\/\" \/>\n<meta property=\"og:locale\" content=\"sk_SK\" \/>\n<meta property=\"og:type\" content=\"article\" \/>\n<meta property=\"og:title\" content=\"Kontakty - Lek\u00e1rska fakulta | UPJ\u0160\" \/>\n<meta property=\"og:description\" content=\"Hlavn\u00fd redaktor: doc. MUDr. Roman BE\u0147A\u010cKA,CSc.e-mail:&nbsp;roman.benacka@upjs.skTel.\/VoIP: +421 55 234 3492, 3406 Vedeck\u00fd redaktor: doc. MUDr. Jozef FIRMENT, PhD.e-mail:\u00a0jozef.firment@upjs.skTel.\/VoIP: +421 55 234 3364 Technick\u00fd redaktor:&nbsp; Martina TROCHANOV\u00c1e-mail:&nbsp;martina.trochanova@upjs.skTel.\/VoIP: +421 55 234 3405\" \/>\n<meta property=\"og:url\" content=\"https:\/\/www.upjs.sk\/lekarska-fakulta\/fakulta\/casopisy-vydavane-lf\/folia-medica-cassoviensia-1\/kontakty\/\" \/>\n<meta property=\"og:site_name\" content=\"Lek\u00e1rska fakulta | UPJ\u0160\" \/>\n<meta property=\"article:modified_time\" content=\"2025-07-11T12:44:10+00:00\" \/>\n<meta property=\"og:image\" content=\"https:\/\/www.upjs.sk\/app\/uploads\/sites\/9\/2025\/06\/FMCm.png\" \/>\n\t<meta property=\"og:image:width\" content=\"481\" \/>\n\t<meta property=\"og:image:height\" content=\"104\" \/>\n\t<meta property=\"og:image:type\" content=\"image\/png\" \/>\n<meta name=\"twitter:card\" content=\"summary_large_image\" \/>\n<meta name=\"twitter:label1\" content=\"Predpokladan\u00fd \u010das \u010d\u00edtania\" \/>\n\t<meta name=\"twitter:data1\" content=\"1 min\u00fata\" \/>\n<script type=\"application\/ld+json\" class=\"yoast-schema-graph\">{\"@context\":\"https:\\\/\\\/schema.org\",\"@graph\":[{\"@type\":\"WebPage\",\"@id\":\"https:\\\/\\\/www.upjs.sk\\\/lekarska-fakulta\\\/fakulta\\\/casopisy-vydavane-lf\\\/folia-medica-cassoviensia-1\\\/kontakty\\\/\",\"url\":\"https:\\\/\\\/www.upjs.sk\\\/lekarska-fakulta\\\/fakulta\\\/casopisy-vydavane-lf\\\/folia-medica-cassoviensia-1\\\/kontakty\\\/\",\"name\":\"Kontakty - Lek\u00e1rska fakulta | UPJ\u0160\",\"isPartOf\":{\"@id\":\"https:\\\/\\\/www.upjs.sk\\\/lekarska-fakulta\\\/#website\"},\"primaryImageOfPage\":{\"@id\":\"https:\\\/\\\/www.upjs.sk\\\/lekarska-fakulta\\\/fakulta\\\/casopisy-vydavane-lf\\\/folia-medica-cassoviensia-1\\\/kontakty\\\/#primaryimage\"},\"image\":{\"@id\":\"https:\\\/\\\/www.upjs.sk\\\/lekarska-fakulta\\\/fakulta\\\/casopisy-vydavane-lf\\\/folia-medica-cassoviensia-1\\\/kontakty\\\/#primaryimage\"},\"thumbnailUrl\":\"https:\\\/\\\/www.upjs.sk\\\/app\\\/uploads\\\/sites\\\/9\\\/2025\\\/06\\\/FMCm-300x65.png\",\"datePublished\":\"2025-06-05T07:52:16+00:00\",\"dateModified\":\"2025-07-11T12:44:10+00:00\",\"breadcrumb\":{\"@id\":\"https:\\\/\\\/www.upjs.sk\\\/lekarska-fakulta\\\/fakulta\\\/casopisy-vydavane-lf\\\/folia-medica-cassoviensia-1\\\/kontakty\\\/#breadcrumb\"},\"inLanguage\":\"sk-SK\",\"potentialAction\":[{\"@type\":\"ReadAction\",\"target\":[\"https:\\\/\\\/www.upjs.sk\\\/lekarska-fakulta\\\/fakulta\\\/casopisy-vydavane-lf\\\/folia-medica-cassoviensia-1\\\/kontakty\\\/\"]}]},{\"@type\":\"ImageObject\",\"inLanguage\":\"sk-SK\",\"@id\":\"https:\\\/\\\/www.upjs.sk\\\/lekarska-fakulta\\\/fakulta\\\/casopisy-vydavane-lf\\\/folia-medica-cassoviensia-1\\\/kontakty\\\/#primaryimage\",\"url\":\"https:\\\/\\\/www.upjs.sk\\\/app\\\/uploads\\\/sites\\\/9\\\/2025\\\/06\\\/FMCm-300x65.png\",\"contentUrl\":\"https:\\\/\\\/www.upjs.sk\\\/app\\\/uploads\\\/sites\\\/9\\\/2025\\\/06\\\/FMCm-300x65.png\"},{\"@type\":\"BreadcrumbList\",\"@id\":\"https:\\\/\\\/www.upjs.sk\\\/lekarska-fakulta\\\/fakulta\\\/casopisy-vydavane-lf\\\/folia-medica-cassoviensia-1\\\/kontakty\\\/#breadcrumb\",\"itemListElement\":[{\"@type\":\"ListItem\",\"position\":1,\"name\":\"Home\",\"item\":\"https:\\\/\\\/www.upjs.sk\\\/lekarska-fakulta\\\/\"},{\"@type\":\"ListItem\",\"position\":2,\"name\":\"O fakulte\",\"item\":\"https:\\\/\\\/www.upjs.sk\\\/lekarska-fakulta\\\/fakulta\\\/\"},{\"@type\":\"ListItem\",\"position\":3,\"name\":\"\u010casopisy vyd\u00e1van\u00e9 LF\",\"item\":\"https:\\\/\\\/www.upjs.sk\\\/lekarska-fakulta\\\/fakulta\\\/casopisy-vydavane-lf\\\/\"},{\"@type\":\"ListItem\",\"position\":4,\"name\":\"Folia Medica Cassoviensia\u00a0&#8211; rekon\u0161trukcia str\u00e1nky\",\"item\":\"https:\\\/\\\/www.upjs.sk\\\/lekarska-fakulta\\\/fakulta\\\/casopisy-vydavane-lf\\\/folia-medica-cassoviensia-1\\\/\"},{\"@type\":\"ListItem\",\"position\":5,\"name\":\"Kontakty\"}]},{\"@type\":\"WebSite\",\"@id\":\"https:\\\/\\\/www.upjs.sk\\\/lekarska-fakulta\\\/#website\",\"url\":\"https:\\\/\\\/www.upjs.sk\\\/lekarska-fakulta\\\/\",\"name\":\"Lek\u00e1rska fakulta | UPJ\u0160\",\"description\":\"\",\"publisher\":{\"@id\":\"https:\\\/\\\/www.upjs.sk\\\/lekarska-fakulta\\\/#organization\"},\"potentialAction\":[{\"@type\":\"SearchAction\",\"target\":{\"@type\":\"EntryPoint\",\"urlTemplate\":\"https:\\\/\\\/www.upjs.sk\\\/lekarska-fakulta\\\/?s={search_term_string}\"},\"query-input\":{\"@type\":\"PropertyValueSpecification\",\"valueRequired\":true,\"valueName\":\"search_term_string\"}}],\"inLanguage\":\"sk-SK\"},{\"@type\":\"Organization\",\"@id\":\"https:\\\/\\\/www.upjs.sk\\\/lekarska-fakulta\\\/#organization\",\"name\":\"Lek\u00e1rska fakulta | UPJ\u0160\",\"url\":\"https:\\\/\\\/www.upjs.sk\\\/lekarska-fakulta\\\/\",\"logo\":{\"@type\":\"ImageObject\",\"inLanguage\":\"sk-SK\",\"@id\":\"https:\\\/\\\/www.upjs.sk\\\/lekarska-fakulta\\\/#\\\/schema\\\/logo\\\/image\\\/\",\"url\":\"https:\\\/\\\/www.upjs.sk\\\/app\\\/uploads\\\/sites\\\/9\\\/2022\\\/09\\\/logo-lekarska-fakulta.png\",\"contentUrl\":\"https:\\\/\\\/www.upjs.sk\\\/app\\\/uploads\\\/sites\\\/9\\\/2022\\\/09\\\/logo-lekarska-fakulta.png\",\"width\":415,\"height\":87,\"caption\":\"Lek\u00e1rska fakulta | UPJ\u0160\"},\"image\":{\"@id\":\"https:\\\/\\\/www.upjs.sk\\\/lekarska-fakulta\\\/#\\\/schema\\\/logo\\\/image\\\/\"}}]}<\/script>\n<!-- \/ Yoast SEO plugin. -->","yoast_head_json":{"title":"Kontakty - Lek\u00e1rska fakulta | UPJ\u0160","robots":{"index":"index","follow":"follow","max-snippet":"max-snippet:-1","max-image-preview":"max-image-preview:large","max-video-preview":"max-video-preview:-1"},"canonical":"https:\/\/www.upjs.sk\/lekarska-fakulta\/fakulta\/casopisy-vydavane-lf\/folia-medica-cassoviensia-1\/kontakty\/","og_locale":"sk_SK","og_type":"article","og_title":"Kontakty - Lek\u00e1rska fakulta | UPJ\u0160","og_description":"Hlavn\u00fd redaktor: doc. MUDr. Roman BE\u0147A\u010cKA,CSc.e-mail:&nbsp;roman.benacka@upjs.skTel.\/VoIP: +421 55 234 3492, 3406 Vedeck\u00fd redaktor: doc. MUDr. Jozef FIRMENT, PhD.e-mail:\u00a0jozef.firment@upjs.skTel.\/VoIP: +421 55 234 3364 Technick\u00fd redaktor:&nbsp; Martina TROCHANOV\u00c1e-mail:&nbsp;martina.trochanova@upjs.skTel.\/VoIP: +421 55 234 3405","og_url":"https:\/\/www.upjs.sk\/lekarska-fakulta\/fakulta\/casopisy-vydavane-lf\/folia-medica-cassoviensia-1\/kontakty\/","og_site_name":"Lek\u00e1rska fakulta | UPJ\u0160","article_modified_time":"2025-07-11T12:44:10+00:00","og_image":[{"width":481,"height":104,"url":"https:\/\/www.upjs.sk\/app\/uploads\/sites\/9\/2025\/06\/FMCm.png","type":"image\/png"}],"twitter_card":"summary_large_image","twitter_misc":{"Predpokladan\u00fd \u010das \u010d\u00edtania":"1 min\u00fata"},"schema":{"@context":"https:\/\/schema.org","@graph":[{"@type":"WebPage","@id":"https:\/\/www.upjs.sk\/lekarska-fakulta\/fakulta\/casopisy-vydavane-lf\/folia-medica-cassoviensia-1\/kontakty\/","url":"https:\/\/www.upjs.sk\/lekarska-fakulta\/fakulta\/casopisy-vydavane-lf\/folia-medica-cassoviensia-1\/kontakty\/","name":"Kontakty - Lek\u00e1rska fakulta | UPJ\u0160","isPartOf":{"@id":"https:\/\/www.upjs.sk\/lekarska-fakulta\/#website"},"primaryImageOfPage":{"@id":"https:\/\/www.upjs.sk\/lekarska-fakulta\/fakulta\/casopisy-vydavane-lf\/folia-medica-cassoviensia-1\/kontakty\/#primaryimage"},"image":{"@id":"https:\/\/www.upjs.sk\/lekarska-fakulta\/fakulta\/casopisy-vydavane-lf\/folia-medica-cassoviensia-1\/kontakty\/#primaryimage"},"thumbnailUrl":"https:\/\/www.upjs.sk\/app\/uploads\/sites\/9\/2025\/06\/FMCm-300x65.png","datePublished":"2025-06-05T07:52:16+00:00","dateModified":"2025-07-11T12:44:10+00:00","breadcrumb":{"@id":"https:\/\/www.upjs.sk\/lekarska-fakulta\/fakulta\/casopisy-vydavane-lf\/folia-medica-cassoviensia-1\/kontakty\/#breadcrumb"},"inLanguage":"sk-SK","potentialAction":[{"@type":"ReadAction","target":["https:\/\/www.upjs.sk\/lekarska-fakulta\/fakulta\/casopisy-vydavane-lf\/folia-medica-cassoviensia-1\/kontakty\/"]}]},{"@type":"ImageObject","inLanguage":"sk-SK","@id":"https:\/\/www.upjs.sk\/lekarska-fakulta\/fakulta\/casopisy-vydavane-lf\/folia-medica-cassoviensia-1\/kontakty\/#primaryimage","url":"https:\/\/www.upjs.sk\/app\/uploads\/sites\/9\/2025\/06\/FMCm-300x65.png","contentUrl":"https:\/\/www.upjs.sk\/app\/uploads\/sites\/9\/2025\/06\/FMCm-300x65.png"},{"@type":"BreadcrumbList","@id":"https:\/\/www.upjs.sk\/lekarska-fakulta\/fakulta\/casopisy-vydavane-lf\/folia-medica-cassoviensia-1\/kontakty\/#breadcrumb","itemListElement":[{"@type":"ListItem","position":1,"name":"Home","item":"https:\/\/www.upjs.sk\/lekarska-fakulta\/"},{"@type":"ListItem","position":2,"name":"O fakulte","item":"https:\/\/www.upjs.sk\/lekarska-fakulta\/fakulta\/"},{"@type":"ListItem","position":3,"name":"\u010casopisy vyd\u00e1van\u00e9 LF","item":"https:\/\/www.upjs.sk\/lekarska-fakulta\/fakulta\/casopisy-vydavane-lf\/"},{"@type":"ListItem","position":4,"name":"Folia Medica Cassoviensia\u00a0&#8211; rekon\u0161trukcia str\u00e1nky","item":"https:\/\/www.upjs.sk\/lekarska-fakulta\/fakulta\/casopisy-vydavane-lf\/folia-medica-cassoviensia-1\/"},{"@type":"ListItem","position":5,"name":"Kontakty"}]},{"@type":"WebSite","@id":"https:\/\/www.upjs.sk\/lekarska-fakulta\/#website","url":"https:\/\/www.upjs.sk\/lekarska-fakulta\/","name":"Lek\u00e1rska fakulta | UPJ\u0160","description":"","publisher":{"@id":"https:\/\/www.upjs.sk\/lekarska-fakulta\/#organization"},"potentialAction":[{"@type":"SearchAction","target":{"@type":"EntryPoint","urlTemplate":"https:\/\/www.upjs.sk\/lekarska-fakulta\/?s={search_term_string}"},"query-input":{"@type":"PropertyValueSpecification","valueRequired":true,"valueName":"search_term_string"}}],"inLanguage":"sk-SK"},{"@type":"Organization","@id":"https:\/\/www.upjs.sk\/lekarska-fakulta\/#organization","name":"Lek\u00e1rska fakulta | UPJ\u0160","url":"https:\/\/www.upjs.sk\/lekarska-fakulta\/","logo":{"@type":"ImageObject","inLanguage":"sk-SK","@id":"https:\/\/www.upjs.sk\/lekarska-fakulta\/#\/schema\/logo\/image\/","url":"https:\/\/www.upjs.sk\/app\/uploads\/sites\/9\/2022\/09\/logo-lekarska-fakulta.png","contentUrl":"https:\/\/www.upjs.sk\/app\/uploads\/sites\/9\/2022\/09\/logo-lekarska-fakulta.png","width":415,"height":87,"caption":"Lek\u00e1rska fakulta | UPJ\u0160"},"image":{"@id":"https:\/\/www.upjs.sk\/lekarska-fakulta\/#\/schema\/logo\/image\/"}}]}},"_links":{"self":[{"href":"https:\/\/www.upjs.sk\/lekarska-fakulta\/wp-json\/wp\/v2\/pages\/136903","targetHints":{"allow":["GET"]}}],"collection":[{"href":"https:\/\/www.upjs.sk\/lekarska-fakulta\/wp-json\/wp\/v2\/pages"}],"about":[{"href":"https:\/\/www.upjs.sk\/lekarska-fakulta\/wp-json\/wp\/v2\/types\/page"}],"author":[{"embeddable":true,"href":"https:\/\/www.upjs.sk\/lekarska-fakulta\/wp-json\/wp\/v2\/users\/75"}],"replies":[{"embeddable":true,"href":"https:\/\/www.upjs.sk\/lekarska-fakulta\/wp-json\/wp\/v2\/comments?post=136903"}],"version-history":[{"count":19,"href":"https:\/\/www.upjs.sk\/lekarska-fakulta\/wp-json\/wp\/v2\/pages\/136903\/revisions"}],"predecessor-version":[{"id":139668,"href":"https:\/\/www.upjs.sk\/lekarska-fakulta\/wp-json\/wp\/v2\/pages\/136903\/revisions\/139668"}],"up":[{"embeddable":true,"href":"https:\/\/www.upjs.sk\/lekarska-fakulta\/wp-json\/wp\/v2\/pages\/136887"}],"wp:attachment":[{"href":"https:\/\/www.upjs.sk\/lekarska-fakulta\/wp-json\/wp\/v2\/media?parent=136903"}],"wp:term":[{"taxonomy":"category","embeddable":true,"href":"https:\/\/www.upjs.sk\/lekarska-fakulta\/wp-json\/wp\/v2\/categories?post=136903"},{"taxonomy":"post_tag","embeddable":true,"href":"https:\/\/www.upjs.sk\/lekarska-fakulta\/wp-json\/wp\/v2\/tags?post=136903"}],"curies":[{"name":"wp","href":"https:\/\/api.w.org\/{rel}","templated":true}]}}