{"id":139952,"date":"2025-07-16T09:25:01","date_gmt":"2025-07-16T08:25:46","guid":{"rendered":"https:\/\/www.upjs.sk\/lekarska-fakulta\/adresa-a-kontakty\/orientacny-plan-lf\/nemocnica-agel-kosice-saca-a-s-lucna-57\/"},"modified":"2025-07-24T09:16:30","modified_gmt":"2025-07-24T08:16:30","slug":"nemocnica-agel-kosice-saca-a-s-lucna-57","status":"publish","type":"page","link":"https:\/\/www.upjs.sk\/lekarska-fakulta\/adresa-a-kontakty\/orientacny-plan-lf\/nemocnica-agel-kosice-saca-a-s-lucna-57\/","title":{"rendered":"Nemocnica AGEL Ko\u0161ice-\u0160aca a. s."},"content":{"rendered":"\n<h4 class=\"wp-block-heading\">L\u00fa\u010dna 57<\/h4>\n\n\n<style>.kb-google-maps-container139952_344921-3d{height:450px;}<\/style><div class=\"kb-google-maps-container kb-google-maps-container139952_344921-3d  wp-block-kadence-googlemaps\" data-mapid=\"139952_3449213d\"><iframe width=\"100%\" height=\"100%\"\n\t\t\t\t\t\t\tstyle=\"border:0\" loading=\"lazy\"\n\t\t\t\t\t\t\tsrc=\"https:\/\/www.google.com\/maps\/embed\/v1\/place?key=AIzaSyBAM2o7PiQqwk15LC1XRH2e_KJ-jUa7KYk&#038;zoom=15&#038;maptype=satellite&#038;q=L%C3%BA%C4%8Dna+57\"\n\t\t\t\t\t\t\ttitle=\"Google map of L\u00fa\u010dna 57\"><\/iframe><\/div><script>function kb_google_map139952_3449213d() { let center = { lat: 37.8201, lng: -122.4781}; let map = new google.maps.Map(document.getElementById(\"kb-google-map139952_3449213d\"), {\n\t\t\t\t\t    zoom: 15,\n\t\t\t\t\t    center: center,mapTypeId: \"satellite\",});let marker = new google.maps.Marker({   position: { lat: 37.8201, lng: -122.4781},    map: map,  });}<\/script>","protected":false},"excerpt":{"rendered":"<p>L\u00fa\u010dna 57<\/p>\n","protected":false},"author":75,"featured_media":0,"parent":14156,"menu_order":4,"comment_status":"closed","ping_status":"closed","template":"","meta":{"_acf_changed":false,"_editorskit_title_hidden":false,"_editorskit_reading_time":0,"_editorskit_is_block_options_detached":false,"_editorskit_block_options_position":"{}","footnotes":""},"categories":[],"tags":[],"class_list":["post-139952","page","type-page","status-publish","hentry"],"acf":{"acf_link_na_externy_obsah":""},"yoast_head":"<!-- This site is optimized with the Yoast SEO plugin v27.2 - https:\/\/yoast.com\/product\/yoast-seo-wordpress\/ -->\n<title>Nemocnica AGEL Ko\u0161ice-\u0160aca a. s. - Lek\u00e1rska fakulta | UPJ\u0160<\/title>\n<meta name=\"robots\" content=\"index, follow, max-snippet:-1, max-image-preview:large, max-video-preview:-1\" \/>\n<link rel=\"canonical\" href=\"https:\/\/www.upjs.sk\/lekarska-fakulta\/adresa-a-kontakty\/orientacny-plan-lf\/nemocnica-agel-kosice-saca-a-s-lucna-57\/\" \/>\n<meta property=\"og:locale\" content=\"sk_SK\" \/>\n<meta property=\"og:type\" content=\"article\" \/>\n<meta property=\"og:title\" content=\"Nemocnica AGEL Ko\u0161ice-\u0160aca a. s. - Lek\u00e1rska fakulta | UPJ\u0160\" \/>\n<meta property=\"og:description\" content=\"L\u00fa\u010dna 57\" \/>\n<meta property=\"og:url\" content=\"https:\/\/www.upjs.sk\/lekarska-fakulta\/adresa-a-kontakty\/orientacny-plan-lf\/nemocnica-agel-kosice-saca-a-s-lucna-57\/\" \/>\n<meta property=\"og:site_name\" content=\"Lek\u00e1rska fakulta | UPJ\u0160\" \/>\n<meta property=\"article:modified_time\" content=\"2025-07-24T08:16:30+00:00\" \/>\n<meta name=\"twitter:card\" content=\"summary_large_image\" \/>\n<script type=\"application\/ld+json\" class=\"yoast-schema-graph\">{\"@context\":\"https:\/\/schema.org\",\"@graph\":[{\"@type\":\"WebPage\",\"@id\":\"https:\/\/www.upjs.sk\/lekarska-fakulta\/adresa-a-kontakty\/orientacny-plan-lf\/nemocnica-agel-kosice-saca-a-s-lucna-57\/\",\"url\":\"https:\/\/www.upjs.sk\/lekarska-fakulta\/adresa-a-kontakty\/orientacny-plan-lf\/nemocnica-agel-kosice-saca-a-s-lucna-57\/\",\"name\":\"Nemocnica AGEL Ko\u0161ice-\u0160aca a. s. - Lek\u00e1rska fakulta | UPJ\u0160\",\"isPartOf\":{\"@id\":\"https:\/\/www.upjs.sk\/lekarska-fakulta\/#website\"},\"datePublished\":\"2025-07-16T08:25:46+00:00\",\"dateModified\":\"2025-07-24T08:16:30+00:00\",\"breadcrumb\":{\"@id\":\"https:\/\/www.upjs.sk\/lekarska-fakulta\/adresa-a-kontakty\/orientacny-plan-lf\/nemocnica-agel-kosice-saca-a-s-lucna-57\/#breadcrumb\"},\"inLanguage\":\"sk-SK\",\"potentialAction\":[{\"@type\":\"ReadAction\",\"target\":[\"https:\/\/www.upjs.sk\/lekarska-fakulta\/adresa-a-kontakty\/orientacny-plan-lf\/nemocnica-agel-kosice-saca-a-s-lucna-57\/\"]}]},{\"@type\":\"BreadcrumbList\",\"@id\":\"https:\/\/www.upjs.sk\/lekarska-fakulta\/adresa-a-kontakty\/orientacny-plan-lf\/nemocnica-agel-kosice-saca-a-s-lucna-57\/#breadcrumb\",\"itemListElement\":[{\"@type\":\"ListItem\",\"position\":1,\"name\":\"Home\",\"item\":\"https:\/\/www.upjs.sk\/lekarska-fakulta\/\"},{\"@type\":\"ListItem\",\"position\":2,\"name\":\"Kontakty\",\"item\":\"https:\/\/www.upjs.sk\/lekarska-fakulta\/adresa-a-kontakty\/\"},{\"@type\":\"ListItem\",\"position\":3,\"name\":\"Orienta\u010dn\u00fd pl\u00e1n UPJ\u0160 LF\",\"item\":\"https:\/\/www.upjs.sk\/lekarska-fakulta\/adresa-a-kontakty\/orientacny-plan-lf\/\"},{\"@type\":\"ListItem\",\"position\":4,\"name\":\"Nemocnica AGEL Ko\u0161ice-\u0160aca a. s.\"}]},{\"@type\":\"WebSite\",\"@id\":\"https:\/\/www.upjs.sk\/lekarska-fakulta\/#website\",\"url\":\"https:\/\/www.upjs.sk\/lekarska-fakulta\/\",\"name\":\"Lek\u00e1rska fakulta | UPJ\u0160\",\"description\":\"\",\"publisher\":{\"@id\":\"https:\/\/www.upjs.sk\/lekarska-fakulta\/#organization\"},\"potentialAction\":[{\"@type\":\"SearchAction\",\"target\":{\"@type\":\"EntryPoint\",\"urlTemplate\":\"https:\/\/www.upjs.sk\/lekarska-fakulta\/?s={search_term_string}\"},\"query-input\":{\"@type\":\"PropertyValueSpecification\",\"valueRequired\":true,\"valueName\":\"search_term_string\"}}],\"inLanguage\":\"sk-SK\"},{\"@type\":\"Organization\",\"@id\":\"https:\/\/www.upjs.sk\/lekarska-fakulta\/#organization\",\"name\":\"Lek\u00e1rska fakulta | UPJ\u0160\",\"url\":\"https:\/\/www.upjs.sk\/lekarska-fakulta\/\",\"logo\":{\"@type\":\"ImageObject\",\"inLanguage\":\"sk-SK\",\"@id\":\"https:\/\/www.upjs.sk\/lekarska-fakulta\/#\/schema\/logo\/image\/\",\"url\":\"https:\/\/www.upjs.sk\/app\/uploads\/sites\/9\/2022\/09\/logo-lekarska-fakulta.png\",\"contentUrl\":\"https:\/\/www.upjs.sk\/app\/uploads\/sites\/9\/2022\/09\/logo-lekarska-fakulta.png\",\"width\":415,\"height\":87,\"caption\":\"Lek\u00e1rska fakulta | UPJ\u0160\"},\"image\":{\"@id\":\"https:\/\/www.upjs.sk\/lekarska-fakulta\/#\/schema\/logo\/image\/\"}}]}<\/script>\n<!-- \/ Yoast SEO plugin. -->","yoast_head_json":{"title":"Nemocnica AGEL Ko\u0161ice-\u0160aca a. s. - Lek\u00e1rska fakulta | UPJ\u0160","robots":{"index":"index","follow":"follow","max-snippet":"max-snippet:-1","max-image-preview":"max-image-preview:large","max-video-preview":"max-video-preview:-1"},"canonical":"https:\/\/www.upjs.sk\/lekarska-fakulta\/adresa-a-kontakty\/orientacny-plan-lf\/nemocnica-agel-kosice-saca-a-s-lucna-57\/","og_locale":"sk_SK","og_type":"article","og_title":"Nemocnica AGEL Ko\u0161ice-\u0160aca a. s. - Lek\u00e1rska fakulta | UPJ\u0160","og_description":"L\u00fa\u010dna 57","og_url":"https:\/\/www.upjs.sk\/lekarska-fakulta\/adresa-a-kontakty\/orientacny-plan-lf\/nemocnica-agel-kosice-saca-a-s-lucna-57\/","og_site_name":"Lek\u00e1rska fakulta | UPJ\u0160","article_modified_time":"2025-07-24T08:16:30+00:00","twitter_card":"summary_large_image","schema":{"@context":"https:\/\/schema.org","@graph":[{"@type":"WebPage","@id":"https:\/\/www.upjs.sk\/lekarska-fakulta\/adresa-a-kontakty\/orientacny-plan-lf\/nemocnica-agel-kosice-saca-a-s-lucna-57\/","url":"https:\/\/www.upjs.sk\/lekarska-fakulta\/adresa-a-kontakty\/orientacny-plan-lf\/nemocnica-agel-kosice-saca-a-s-lucna-57\/","name":"Nemocnica AGEL Ko\u0161ice-\u0160aca a. s. - Lek\u00e1rska fakulta | UPJ\u0160","isPartOf":{"@id":"https:\/\/www.upjs.sk\/lekarska-fakulta\/#website"},"datePublished":"2025-07-16T08:25:46+00:00","dateModified":"2025-07-24T08:16:30+00:00","breadcrumb":{"@id":"https:\/\/www.upjs.sk\/lekarska-fakulta\/adresa-a-kontakty\/orientacny-plan-lf\/nemocnica-agel-kosice-saca-a-s-lucna-57\/#breadcrumb"},"inLanguage":"sk-SK","potentialAction":[{"@type":"ReadAction","target":["https:\/\/www.upjs.sk\/lekarska-fakulta\/adresa-a-kontakty\/orientacny-plan-lf\/nemocnica-agel-kosice-saca-a-s-lucna-57\/"]}]},{"@type":"BreadcrumbList","@id":"https:\/\/www.upjs.sk\/lekarska-fakulta\/adresa-a-kontakty\/orientacny-plan-lf\/nemocnica-agel-kosice-saca-a-s-lucna-57\/#breadcrumb","itemListElement":[{"@type":"ListItem","position":1,"name":"Home","item":"https:\/\/www.upjs.sk\/lekarska-fakulta\/"},{"@type":"ListItem","position":2,"name":"Kontakty","item":"https:\/\/www.upjs.sk\/lekarska-fakulta\/adresa-a-kontakty\/"},{"@type":"ListItem","position":3,"name":"Orienta\u010dn\u00fd pl\u00e1n UPJ\u0160 LF","item":"https:\/\/www.upjs.sk\/lekarska-fakulta\/adresa-a-kontakty\/orientacny-plan-lf\/"},{"@type":"ListItem","position":4,"name":"Nemocnica AGEL Ko\u0161ice-\u0160aca a. s."}]},{"@type":"WebSite","@id":"https:\/\/www.upjs.sk\/lekarska-fakulta\/#website","url":"https:\/\/www.upjs.sk\/lekarska-fakulta\/","name":"Lek\u00e1rska fakulta | UPJ\u0160","description":"","publisher":{"@id":"https:\/\/www.upjs.sk\/lekarska-fakulta\/#organization"},"potentialAction":[{"@type":"SearchAction","target":{"@type":"EntryPoint","urlTemplate":"https:\/\/www.upjs.sk\/lekarska-fakulta\/?s={search_term_string}"},"query-input":{"@type":"PropertyValueSpecification","valueRequired":true,"valueName":"search_term_string"}}],"inLanguage":"sk-SK"},{"@type":"Organization","@id":"https:\/\/www.upjs.sk\/lekarska-fakulta\/#organization","name":"Lek\u00e1rska fakulta | UPJ\u0160","url":"https:\/\/www.upjs.sk\/lekarska-fakulta\/","logo":{"@type":"ImageObject","inLanguage":"sk-SK","@id":"https:\/\/www.upjs.sk\/lekarska-fakulta\/#\/schema\/logo\/image\/","url":"https:\/\/www.upjs.sk\/app\/uploads\/sites\/9\/2022\/09\/logo-lekarska-fakulta.png","contentUrl":"https:\/\/www.upjs.sk\/app\/uploads\/sites\/9\/2022\/09\/logo-lekarska-fakulta.png","width":415,"height":87,"caption":"Lek\u00e1rska fakulta | UPJ\u0160"},"image":{"@id":"https:\/\/www.upjs.sk\/lekarska-fakulta\/#\/schema\/logo\/image\/"}}]}},"_links":{"self":[{"href":"https:\/\/www.upjs.sk\/lekarska-fakulta\/wp-json\/wp\/v2\/pages\/139952","targetHints":{"allow":["GET"]}}],"collection":[{"href":"https:\/\/www.upjs.sk\/lekarska-fakulta\/wp-json\/wp\/v2\/pages"}],"about":[{"href":"https:\/\/www.upjs.sk\/lekarska-fakulta\/wp-json\/wp\/v2\/types\/page"}],"author":[{"embeddable":true,"href":"https:\/\/www.upjs.sk\/lekarska-fakulta\/wp-json\/wp\/v2\/users\/75"}],"replies":[{"embeddable":true,"href":"https:\/\/www.upjs.sk\/lekarska-fakulta\/wp-json\/wp\/v2\/comments?post=139952"}],"version-history":[{"count":3,"href":"https:\/\/www.upjs.sk\/lekarska-fakulta\/wp-json\/wp\/v2\/pages\/139952\/revisions"}],"predecessor-version":[{"id":140132,"href":"https:\/\/www.upjs.sk\/lekarska-fakulta\/wp-json\/wp\/v2\/pages\/139952\/revisions\/140132"}],"up":[{"embeddable":true,"href":"https:\/\/www.upjs.sk\/lekarska-fakulta\/wp-json\/wp\/v2\/pages\/14156"}],"wp:attachment":[{"href":"https:\/\/www.upjs.sk\/lekarska-fakulta\/wp-json\/wp\/v2\/media?parent=139952"}],"wp:term":[{"taxonomy":"category","embeddable":true,"href":"https:\/\/www.upjs.sk\/lekarska-fakulta\/wp-json\/wp\/v2\/categories?post=139952"},{"taxonomy":"post_tag","embeddable":true,"href":"https:\/\/www.upjs.sk\/lekarska-fakulta\/wp-json\/wp\/v2\/tags?post=139952"}],"curies":[{"name":"wp","href":"https:\/\/api.w.org\/{rel}","templated":true}]}}