{"id":14025,"date":"2022-06-30T08:22:59","date_gmt":"2022-06-30T08:22:59","guid":{"rendered":"https:\/\/www.upjs.sk\/lekarska-fakulta\/root\/informacie-pre-verejnost-a-media\/videa\/"},"modified":"2026-02-10T12:12:47","modified_gmt":"2026-02-10T11:12:47","slug":"videa","status":"publish","type":"page","link":"https:\/\/www.upjs.sk\/lekarska-fakulta\/fakulta\/verejnost-a-media\/videa\/","title":{"rendered":"Videoarch\u00edv"},"content":{"rendered":"\n<ul class=\"wp-block-list\">\n<li><a href=\"https:\/\/www.youtube.com\/watch?v=obU5kkcXE40\">LF UPJ\u0160 a RUG University: 25 rokov spolupr\u00e1ce, ktor\u00e1 prin\u00e1\u0161a nov\u00e9 mo\u017enosti <\/a>(2024)<\/li>\n\n\n\n<li><a aria-label=\"75. v\u00fdro\u010die zalo\u017eenia Lek\u00e1rskej fakulty UPJ\u0160 (opens in a new tab)\" href=\"https:\/\/www.youtube.com\/watch?v=GWzv_I3jdlk\" target=\"_blank\" rel=\"noreferrer noopener\" class=\"ek-link\">75. v\u00fdro\u010die zalo\u017eenia Lek\u00e1rskej fakulty UPJ\u0160<\/a> (2023)<\/li>\n\n\n\n<li><a href=\"https:\/\/www.youtube.com\/watch?v=TvU6TB0haLc\">Vitajte na Lek\u00e1rskej fakulte UPJ\u0160<\/a> (2022)<\/li>\n\n\n\n<li><a href=\"https:\/\/www.youtube.com\/watch?v=vHFw9mXC_z4\">Predstavujeme Centrum simul\u00e1torovej a virtu\u00e1lnej medic\u00edny UPJ\u0160 LF<\/a> (2022)<\/li>\n\n\n\n<li><a href=\"https:\/\/www.youtube.com\/watch?v=GOZ7LenfLrQ\">De\u0148 otvoren\u00fdch dver\u00ed UPJ\u0160 LF 2022<\/a> (2022)<\/li>\n\n\n\n<li><a href=\"https:\/\/www.youtube.com\/watch?v=4eNc-0q9f3o\" target=\"_blank\" rel=\"noopener\">Poh\u013ead na budovu Lek\u00e1rskej fakulty UPJ\u0160<\/a> (2021)<\/li>\n\n\n\n<li><a href=\"https:\/\/youtu.be\/HcGXH---tno\" target=\"_blank\" rel=\"noopener\">Prv\u00fd virtu\u00e1lny De\u0148 otvoren\u00fdch dver\u00ed na UPJ\u0160 LF<\/a> (2021)<\/li>\n\n\n\n<li><a href=\"https:\/\/youtu.be\/vzHjkwnzBxA\" target=\"_blank\" rel=\"noopener\">Viano\u010dn\u00fd a novoro\u010dn\u00fd pr\u00edhovor dekana UPJ\u0160 LF prof. MUDr. Daniela Pellu, PhD.<\/a> (2020)<\/li>\n\n\n\n<li><a href=\"https:\/\/youtu.be\/siCyGCDTBCY\" target=\"_blank\" rel=\"noopener\">Budova UPJ\u0160 LF nato\u010den\u00e1 dronom na\u0161imi zahrani\u010dn\u00fdmi \u0161tudentmi<\/a> (2020)<\/li>\n\n\n\n<li><a href=\"https:\/\/www.youtube.com\/watch?v=tyRm3ta4Se4&amp;ab_channel=telKE\">Medzin\u00e1rodn\u00e1 \u0161t\u00fadia o dospievan\u00ed v telKE<\/a> (2020)<\/li>\n\n\n\n<li><a href=\"https:\/\/www.youtube.com\/watch?v=mBZ9uroRYLs\">Br\u00edfing Lek\u00e1rskej fakulty UPJ\u0160 v Ko\u0161iciach o v\u00fdvoji prevratnej umelej p\u013e\u00facnej ventil\u00e1cie PMLV<\/a> (2020)<\/li>\n\n\n\n<li><a href=\"https:\/\/www.dropbox.com\/sh\/y2mfzexm768tccy\/AADMITJy9vJNHVZhWn0Z7CAia?dl=0&amp;preview=RN+SPEKTRUM+UTOROK+Slzy+15+1+++HOTOVE+(720p_30fps_H264-192kbit_AAC).mp4\">TV JOJ (Spektrum) &#8211; v\u00fdstava \u201e\u013dudsk\u00e1 slza ako umenie\u201c<\/a> (2019)<\/li>\n\n\n\n<li><a href=\"https:\/\/www.youtube.com\/watch?v=XPXHF-vzxiE\">V\u00fdstava \u201e\u013dudsk\u00e1 slza ako umenie\u201c<\/a> (2019)<\/li>\n\n\n\n<li><a href=\"https:\/\/www.tvkosice.sk\/video\/5bac7cc64526ca369b8e2a3b\">Telev\u00edzia KO\u0160ICE informovala o oslav\u00e1ch 70. v\u00fdro\u010dia&nbsp;vzniku Lek\u00e1rskej fakulty UPJ\u0160<\/a> (2018)<\/li>\n\n\n\n<li><a href=\"http:\/\/www.youtube.com\/watch?v=X8vJUWGd-Y0\">70. v\u00fdro\u010die vzniku Lek\u00e1rskej fakulty UPJ\u0160 v Ko\u0161iciach<\/a> (2018)<\/li>\n\n\n\n<li><a href=\"https:\/\/www.youtube.com\/watch?v=Ocd2xGE8t98\">Sl\u00e1vnostn\u00e9 predstavenie a odovzdanie priestorov Univerzitn\u00e9ho vedeck\u00e9ho parku MediPark do prev\u00e1dzky<\/a> (2018)<\/li>\n\n\n\n<li><a href=\"http:\/\/www.rtvs.sk\/televizia\/archiv\/14026\/172024#2371\">Telev\u00edzia RTVS informovala o ocenen\u00ed Osobnos\u0165 vedy a techniky do 35 rokov pre doc. Mateja \u0160korv\u00e1nka<\/a> (2018)<\/li>\n\n\n\n<li><a href=\"https:\/\/www.youtube.com\/watch?v=j0cPxBd1TLY\">MEDIPARK &#8211; Metabolizmus &#8211;&nbsp;ateroskler\u00f3za &#8211;&nbsp;starnutie<\/a> (2018)<\/li>\n\n\n\n<li><a href=\"https:\/\/www.youtube.com\/watch?v=73wQAAULxk0\">MEDIPARK &#8211; Farmakogenetika a individualiz\u00e1cia lie\u010dby<\/a> (2018)<\/li>\n\n\n\n<li><a href=\"https:\/\/www.youtube.com\/watch?v=Kdyqf8B0M_Q\">MEDIPARK &#8211;&nbsp;Zoon\u00f3zy a v\u00fdznamn\u00e9 infek\u010dn\u00e9 choroby<\/a> (2018)<\/li>\n\n\n\n<li><a href=\"https:\/\/www.youtube.com\/watch?v=c6Ks0duUDeY\">MEDIPARK &#8211; Regenera\u010dn\u00e1 medic\u00edna<\/a> (2018)<\/li>\n\n\n\n<li><a href=\"https:\/\/www.youtube.com\/watch?v=DThfNgPcGrA\">MEDIPARK &#8211; Neurovedy<\/a> (2018)<\/li>\n\n\n\n<li><a href=\"https:\/\/www.youtube.com\/watch?v=0_8K9DREtpA\">MEDIPARK<\/a> (2018)<\/li>\n\n\n\n<li><a href=\"https:\/\/drive.google.com\/file\/d\/1t49u5kCvVu_9SY9V8HwZsyA8e8HGU0Wt\/view\">Telefonick\u00fd rozhovor TV KO\u0160ICE DNES so \u0161tudentkou UPJ\u0160 LF &#8211; \u00fa\u010dastn\u00ed\u010dkou ZOH 2018 v Pchjong\u010dchangu<\/a> (2018)<\/li>\n\n\n\n<li><a href=\"https:\/\/www.youtube.com\/watch?v=huYjaNSdj5M\">Prezenta\u010dn\u00e9 video Lek\u00e1rskej fakulty UPJ\u0160 v Ko\u0161iciach<\/a> (2017)<\/li>\n\n\n\n<li><a href=\"https:\/\/www.youtube.com\/watch?v=Qmb6j7PGigQ\">Imatrikula\u010dn\u00fd ples Lek\u00e1rskej fakulty UPJ\u0160 v Ko\u0161iciach<\/a> (2017)<\/li>\n\n\n\n<li><a href=\"http:\/\/www.rtvs.sk\/televizia\/archiv\/11663\/133611#2815\">\u0160tudentsk\u00e1 evalu\u00e1cia t\u00e9mou rann\u00fdch spr\u00e1v STV<\/a> (2017)<\/li>\n\n\n\n<li><a href=\"https:\/\/www.youtube.com\/watch?v=e9AEil8tBvQ\">Vzorka \u010d. 82: Profil v\u00fdskumn\u00e9ho t\u00edmu \u00dastav experiment\u00e1lnej medic\u00edny Lek\u00e1rskej fakulty Univerzity Pavla Jozefa \u0160af\u00e1rika v Ko\u0161iciach<\/a> (2017)<\/li>\n\n\n\n<li><a href=\"https:\/\/www.youtube.com\/watch?v=9WcbnWRYfcE\">De\u0148 otvoren\u00fdch dver\u00ed na Lek\u00e1rskej fakulte UPJ\u0160<\/a> (2017)<\/li>\n\n\n\n<li><a href=\"https:\/\/www.youtube.com\/watch?v=jtuUNeLLdh0\">Imatrikula\u010dn\u00fd ples Lek\u00e1rskej fakulty UPJ\u0160 v Ko\u0161iciach<\/a> (2016)<\/li>\n\n\n\n<li><a href=\"https:\/\/www.tvkosice.sk\/video\/58025d394526ca11b72c6fd7\">Umeleck\u00e9 diela v budove Lek\u00e1rskej fakulty UPJ\u0160 Ko\u0161ice (potulka Milana Kolcuna)<\/a> (2016)<\/li>\n\n\n\n<li><a href=\"https:\/\/youtu.be\/bfHnFw-OdF4\">Promo video UPJ\u0160 v Ko\u0161iciach<\/a> (2016)<\/li>\n\n\n\n<li><a href=\"https:\/\/youtu.be\/Tyn-S4efETY\">MEET KOSICE 2016<\/a><\/li>\n\n\n\n<li><a href=\"https:\/\/www.youtube.com\/watch?v=xVQ85Jh1C4w\">Op\u00fdtali sme sa Sariho ako sa mu p\u00e1\u010di na UPJ\u0160 LF<\/a> (2016)<\/li>\n\n\n\n<li><a href=\"https:\/\/www.youtube.com\/watch?v=FpQuBL_Vwvk\">Ako sa \u0161tuduje na Lek\u00e1rskej fakulte Ko\u0161iciach?<\/a> (2016)<\/li>\n\n\n\n<li><a href=\"https:\/\/www.youtube.com\/watch?v=U-25SFfbW_k\">Agnese a jej sk\u00fasenosti zo \u017eivota na UPJ\u0160 v Ko\u0161iciach<\/a> (2016)<\/li>\n\n\n\n<li><a href=\"https:\/\/www.youtube.com\/watch?v=r-eCP2fOW6I\">Pre\u010do sa oplat\u00ed \u0161tudova\u0165 Medic\u00ednu na Slovensku?<\/a> (2016)<\/li>\n\n\n\n<li><a href=\"https:\/\/www.youtube.com\/watch?v=QdWWcdF2asc\">Medicor Tutor predstavuje zahrani\u010dn\u00fdm \u0161tudentom Lek\u00e1rsku fakultu UPJ\u0160 v Ko\u0161iciach<\/a> (2015)<\/li>\n\n\n\n<li><a href=\"https:\/\/www.youtube.com\/watch?v=iLYFgbqQOmg\">Medicor Tutor &#8211; interview so \u0161tudentmi v anglickom jazyku pre\u010do sa rozhodli \u0161tudova\u0165 na UPJ\u0160 LF<\/a> (2015)<\/li>\n\n\n\n<li><a href=\"https:\/\/www.youtube.com\/watch?v=MHrR3lz4IEg\">Medicor Tutor &#8211; interview so \u0161tudentmi v \u0161panielskom jazyku pre\u010do sa rozhodli \u0161tudova\u0165 na UPJ\u0160 LF<\/a> (2015)<\/li>\n\n\n\n<li><a href=\"https:\/\/www.youtube.com\/watch?v=TbpTBpHILmI\">Sl\u00e1vnostn\u00e9 otvorenie akademick\u00e9ho roka 2015\/2016 na UPJ\u0160 v Ko\u0161iciach<\/a> (2015)<\/li>\n\n\n\n<li><a href=\"https:\/\/www.youtube.com\/watch?v=EcTe2KULEHA\">TA3: Veda na dosah\/Sp\u00e1nok \u2013 prezent\u00e1cia Sp\u00e1nkov\u00e9ho laborat\u00f3ria UPJ\u0160 LF<\/a> (2015)<\/li>\n\n\n\n<li><a href=\"https:\/\/www.youtube.com\/watch?v=q6YN8mSybp0\">Presentation video of Pavol Jozef \u0160af\u00e1rik University in Ko\u0161ice, The Faculty of Medicine<\/a> (2014)<\/li>\n\n\n\n<li><a href=\"https:\/\/www.youtube.com\/watch?v=U66fSxX7iXU\">Prezenta\u010dn\u00e9 video Lek\u00e1rskej fakulty UPJ\u0160 v Ko\u0161iciach<\/a> (2014)<\/li>\n\n\n\n<li><a href=\"https:\/\/www.youtube.com\/watch?v=bfVmfA8prZQ\">\u201aHappy video\u2018 promuj\u00facich absolventov \u0161tudijn\u00e9ho programu zubn\u00e9 lek\u00e1rstvo<\/a> (2014)<\/li>\n\n\n\n<li><a href=\"https:\/\/www.youtube.com\/watch?v=f8QL62RJXdw\">ISMCK Final Cut<\/a> (2014)<\/li>\n\n\n\n<li><a href=\"https:\/\/www.youtube.com\/watch?v=3pZvzhPv2wM\">TV Regi\u00f3n: O invest\u00edci\u00e1ch Lek\u00e1rskej fakulty UPJ\u0160 v Ko\u0161iciach<\/a> (2014)<\/li>\n\n\n\n<li><a href=\"https:\/\/www.youtube.com\/watch?v=VXOrgdiAnHU\">Video o UPJ\u0160 a jej fakult\u00e1ch<\/a> (2013)<\/li>\n\n\n\n<li><a href=\"https:\/\/www.youtube.com\/watch?v=XsolAPYGjO8\">\u0160tudentsk\u00e1 telev\u00edzia: \u0160trajk medikov UPJ\u0160<\/a> (2012)<\/li>\n\n\n\n<li><a href=\"https:\/\/www.youtube.com\/watch?v=W3bdOMIAgGM\">Predstavenie nov\u00e9ho pracoviska Zdru\u017eenej tkanivovej banky UNLP KE a LF UPJ\u0160<\/a> (2012)<\/li>\n\n\n\n<li><a href=\"https:\/\/www.youtube.com\/watch?v=esOsfx6uULk\">Predn\u00e1\u0161ka z anat\u00f3mie &#8211; LF UPJ\u0160<\/a> (2008)<\/li>\n<\/ul>\n","protected":false},"excerpt":{"rendered":"","protected":false},"author":1,"featured_media":0,"parent":13723,"menu_order":3,"comment_status":"closed","ping_status":"closed","template":"","meta":{"_acf_changed":false,"_editorskit_title_hidden":false,"_editorskit_reading_time":2,"_editorskit_is_block_options_detached":false,"_editorskit_block_options_position":"{}","footnotes":""},"categories":[],"tags":[],"class_list":["post-14025","page","type-page","status-publish","hentry"],"acf":{"acf_link_na_externy_obsah":""},"yoast_head":"<!-- This site is optimized with the Yoast SEO plugin v27.4 - https:\/\/yoast.com\/product\/yoast-seo-wordpress\/ -->\n<title>Videoarch\u00edv - Lek\u00e1rska fakulta | UPJ\u0160<\/title>\n<meta name=\"robots\" content=\"index, follow, max-snippet:-1, max-image-preview:large, max-video-preview:-1\" \/>\n<link rel=\"canonical\" href=\"https:\/\/www.upjs.sk\/lekarska-fakulta\/fakulta\/verejnost-a-media\/videa\/\" \/>\n<meta property=\"og:locale\" content=\"sk_SK\" \/>\n<meta property=\"og:type\" content=\"article\" \/>\n<meta property=\"og:title\" content=\"Videoarch\u00edv - Lek\u00e1rska fakulta | UPJ\u0160\" \/>\n<meta property=\"og:url\" content=\"https:\/\/www.upjs.sk\/lekarska-fakulta\/fakulta\/verejnost-a-media\/videa\/\" \/>\n<meta property=\"og:site_name\" content=\"Lek\u00e1rska fakulta | UPJ\u0160\" \/>\n<meta property=\"article:modified_time\" content=\"2026-02-10T11:12:47+00:00\" \/>\n<meta name=\"twitter:card\" content=\"summary_large_image\" \/>\n<meta name=\"twitter:label1\" content=\"Predpokladan\u00fd \u010das \u010d\u00edtania\" \/>\n\t<meta name=\"twitter:data1\" content=\"3 min\u00faty\" \/>\n<script type=\"application\/ld+json\" class=\"yoast-schema-graph\">{\"@context\":\"https:\\\/\\\/schema.org\",\"@graph\":[{\"@type\":\"WebPage\",\"@id\":\"https:\\\/\\\/www.upjs.sk\\\/lekarska-fakulta\\\/fakulta\\\/verejnost-a-media\\\/videa\\\/\",\"url\":\"https:\\\/\\\/www.upjs.sk\\\/lekarska-fakulta\\\/fakulta\\\/verejnost-a-media\\\/videa\\\/\",\"name\":\"Videoarch\u00edv - Lek\u00e1rska fakulta | UPJ\u0160\",\"isPartOf\":{\"@id\":\"https:\\\/\\\/www.upjs.sk\\\/lekarska-fakulta\\\/#website\"},\"datePublished\":\"2022-06-30T08:22:59+00:00\",\"dateModified\":\"2026-02-10T11:12:47+00:00\",\"breadcrumb\":{\"@id\":\"https:\\\/\\\/www.upjs.sk\\\/lekarska-fakulta\\\/fakulta\\\/verejnost-a-media\\\/videa\\\/#breadcrumb\"},\"inLanguage\":\"sk-SK\",\"potentialAction\":[{\"@type\":\"ReadAction\",\"target\":[\"https:\\\/\\\/www.upjs.sk\\\/lekarska-fakulta\\\/fakulta\\\/verejnost-a-media\\\/videa\\\/\"]}]},{\"@type\":\"BreadcrumbList\",\"@id\":\"https:\\\/\\\/www.upjs.sk\\\/lekarska-fakulta\\\/fakulta\\\/verejnost-a-media\\\/videa\\\/#breadcrumb\",\"itemListElement\":[{\"@type\":\"ListItem\",\"position\":1,\"name\":\"Home\",\"item\":\"https:\\\/\\\/www.upjs.sk\\\/lekarska-fakulta\\\/\"},{\"@type\":\"ListItem\",\"position\":2,\"name\":\"O fakulte\",\"item\":\"https:\\\/\\\/www.upjs.sk\\\/lekarska-fakulta\\\/fakulta\\\/\"},{\"@type\":\"ListItem\",\"position\":3,\"name\":\"Verejnos\u0165 a m\u00e9di\u00e1\",\"item\":\"https:\\\/\\\/www.upjs.sk\\\/lekarska-fakulta\\\/fakulta\\\/verejnost-a-media\\\/\"},{\"@type\":\"ListItem\",\"position\":4,\"name\":\"Videoarch\u00edv\"}]},{\"@type\":\"WebSite\",\"@id\":\"https:\\\/\\\/www.upjs.sk\\\/lekarska-fakulta\\\/#website\",\"url\":\"https:\\\/\\\/www.upjs.sk\\\/lekarska-fakulta\\\/\",\"name\":\"Lek\u00e1rska fakulta | UPJ\u0160\",\"description\":\"\",\"publisher\":{\"@id\":\"https:\\\/\\\/www.upjs.sk\\\/lekarska-fakulta\\\/#organization\"},\"potentialAction\":[{\"@type\":\"SearchAction\",\"target\":{\"@type\":\"EntryPoint\",\"urlTemplate\":\"https:\\\/\\\/www.upjs.sk\\\/lekarska-fakulta\\\/?s={search_term_string}\"},\"query-input\":{\"@type\":\"PropertyValueSpecification\",\"valueRequired\":true,\"valueName\":\"search_term_string\"}}],\"inLanguage\":\"sk-SK\"},{\"@type\":\"Organization\",\"@id\":\"https:\\\/\\\/www.upjs.sk\\\/lekarska-fakulta\\\/#organization\",\"name\":\"Lek\u00e1rska fakulta | UPJ\u0160\",\"url\":\"https:\\\/\\\/www.upjs.sk\\\/lekarska-fakulta\\\/\",\"logo\":{\"@type\":\"ImageObject\",\"inLanguage\":\"sk-SK\",\"@id\":\"https:\\\/\\\/www.upjs.sk\\\/lekarska-fakulta\\\/#\\\/schema\\\/logo\\\/image\\\/\",\"url\":\"https:\\\/\\\/www.upjs.sk\\\/app\\\/uploads\\\/sites\\\/9\\\/2022\\\/09\\\/logo-lekarska-fakulta.png\",\"contentUrl\":\"https:\\\/\\\/www.upjs.sk\\\/app\\\/uploads\\\/sites\\\/9\\\/2022\\\/09\\\/logo-lekarska-fakulta.png\",\"width\":415,\"height\":87,\"caption\":\"Lek\u00e1rska fakulta | UPJ\u0160\"},\"image\":{\"@id\":\"https:\\\/\\\/www.upjs.sk\\\/lekarska-fakulta\\\/#\\\/schema\\\/logo\\\/image\\\/\"}}]}<\/script>\n<!-- \/ Yoast SEO plugin. -->","yoast_head_json":{"title":"Videoarch\u00edv - Lek\u00e1rska fakulta | UPJ\u0160","robots":{"index":"index","follow":"follow","max-snippet":"max-snippet:-1","max-image-preview":"max-image-preview:large","max-video-preview":"max-video-preview:-1"},"canonical":"https:\/\/www.upjs.sk\/lekarska-fakulta\/fakulta\/verejnost-a-media\/videa\/","og_locale":"sk_SK","og_type":"article","og_title":"Videoarch\u00edv - Lek\u00e1rska fakulta | UPJ\u0160","og_url":"https:\/\/www.upjs.sk\/lekarska-fakulta\/fakulta\/verejnost-a-media\/videa\/","og_site_name":"Lek\u00e1rska fakulta | UPJ\u0160","article_modified_time":"2026-02-10T11:12:47+00:00","twitter_card":"summary_large_image","twitter_misc":{"Predpokladan\u00fd \u010das \u010d\u00edtania":"3 min\u00faty"},"schema":{"@context":"https:\/\/schema.org","@graph":[{"@type":"WebPage","@id":"https:\/\/www.upjs.sk\/lekarska-fakulta\/fakulta\/verejnost-a-media\/videa\/","url":"https:\/\/www.upjs.sk\/lekarska-fakulta\/fakulta\/verejnost-a-media\/videa\/","name":"Videoarch\u00edv - Lek\u00e1rska fakulta | UPJ\u0160","isPartOf":{"@id":"https:\/\/www.upjs.sk\/lekarska-fakulta\/#website"},"datePublished":"2022-06-30T08:22:59+00:00","dateModified":"2026-02-10T11:12:47+00:00","breadcrumb":{"@id":"https:\/\/www.upjs.sk\/lekarska-fakulta\/fakulta\/verejnost-a-media\/videa\/#breadcrumb"},"inLanguage":"sk-SK","potentialAction":[{"@type":"ReadAction","target":["https:\/\/www.upjs.sk\/lekarska-fakulta\/fakulta\/verejnost-a-media\/videa\/"]}]},{"@type":"BreadcrumbList","@id":"https:\/\/www.upjs.sk\/lekarska-fakulta\/fakulta\/verejnost-a-media\/videa\/#breadcrumb","itemListElement":[{"@type":"ListItem","position":1,"name":"Home","item":"https:\/\/www.upjs.sk\/lekarska-fakulta\/"},{"@type":"ListItem","position":2,"name":"O fakulte","item":"https:\/\/www.upjs.sk\/lekarska-fakulta\/fakulta\/"},{"@type":"ListItem","position":3,"name":"Verejnos\u0165 a m\u00e9di\u00e1","item":"https:\/\/www.upjs.sk\/lekarska-fakulta\/fakulta\/verejnost-a-media\/"},{"@type":"ListItem","position":4,"name":"Videoarch\u00edv"}]},{"@type":"WebSite","@id":"https:\/\/www.upjs.sk\/lekarska-fakulta\/#website","url":"https:\/\/www.upjs.sk\/lekarska-fakulta\/","name":"Lek\u00e1rska fakulta | UPJ\u0160","description":"","publisher":{"@id":"https:\/\/www.upjs.sk\/lekarska-fakulta\/#organization"},"potentialAction":[{"@type":"SearchAction","target":{"@type":"EntryPoint","urlTemplate":"https:\/\/www.upjs.sk\/lekarska-fakulta\/?s={search_term_string}"},"query-input":{"@type":"PropertyValueSpecification","valueRequired":true,"valueName":"search_term_string"}}],"inLanguage":"sk-SK"},{"@type":"Organization","@id":"https:\/\/www.upjs.sk\/lekarska-fakulta\/#organization","name":"Lek\u00e1rska fakulta | UPJ\u0160","url":"https:\/\/www.upjs.sk\/lekarska-fakulta\/","logo":{"@type":"ImageObject","inLanguage":"sk-SK","@id":"https:\/\/www.upjs.sk\/lekarska-fakulta\/#\/schema\/logo\/image\/","url":"https:\/\/www.upjs.sk\/app\/uploads\/sites\/9\/2022\/09\/logo-lekarska-fakulta.png","contentUrl":"https:\/\/www.upjs.sk\/app\/uploads\/sites\/9\/2022\/09\/logo-lekarska-fakulta.png","width":415,"height":87,"caption":"Lek\u00e1rska fakulta | UPJ\u0160"},"image":{"@id":"https:\/\/www.upjs.sk\/lekarska-fakulta\/#\/schema\/logo\/image\/"}}]}},"_links":{"self":[{"href":"https:\/\/www.upjs.sk\/lekarska-fakulta\/wp-json\/wp\/v2\/pages\/14025","targetHints":{"allow":["GET"]}}],"collection":[{"href":"https:\/\/www.upjs.sk\/lekarska-fakulta\/wp-json\/wp\/v2\/pages"}],"about":[{"href":"https:\/\/www.upjs.sk\/lekarska-fakulta\/wp-json\/wp\/v2\/types\/page"}],"author":[{"embeddable":true,"href":"https:\/\/www.upjs.sk\/lekarska-fakulta\/wp-json\/wp\/v2\/users\/1"}],"replies":[{"embeddable":true,"href":"https:\/\/www.upjs.sk\/lekarska-fakulta\/wp-json\/wp\/v2\/comments?post=14025"}],"version-history":[{"count":6,"href":"https:\/\/www.upjs.sk\/lekarska-fakulta\/wp-json\/wp\/v2\/pages\/14025\/revisions"}],"predecessor-version":[{"id":154232,"href":"https:\/\/www.upjs.sk\/lekarska-fakulta\/wp-json\/wp\/v2\/pages\/14025\/revisions\/154232"}],"up":[{"embeddable":true,"href":"https:\/\/www.upjs.sk\/lekarska-fakulta\/wp-json\/wp\/v2\/pages\/13723"}],"wp:attachment":[{"href":"https:\/\/www.upjs.sk\/lekarska-fakulta\/wp-json\/wp\/v2\/media?parent=14025"}],"wp:term":[{"taxonomy":"category","embeddable":true,"href":"https:\/\/www.upjs.sk\/lekarska-fakulta\/wp-json\/wp\/v2\/categories?post=14025"},{"taxonomy":"post_tag","embeddable":true,"href":"https:\/\/www.upjs.sk\/lekarska-fakulta\/wp-json\/wp\/v2\/tags?post=14025"}],"curies":[{"name":"wp","href":"https:\/\/api.w.org\/{rel}","templated":true}]}}