{"id":14108,"date":"2023-02-03T12:23:12","date_gmt":"2023-02-03T11:23:12","guid":{"rendered":"https:\/\/www.upjs.sk\/lekarska-fakulta\/root\/vnutorny-system-hodnotenia-kvality\/"},"modified":"2025-03-18T12:36:13","modified_gmt":"2025-03-18T11:36:13","slug":"vnutorny-system-hodnotenia-kvality","status":"publish","type":"page","link":"https:\/\/www.upjs.sk\/lekarska-fakulta\/fakulta\/vnutorny-system-hodnotenia-kvality\/","title":{"rendered":"Vn\u00fatorn\u00fd syst\u00e9m hodnotenia kvality"},"content":{"rendered":"<style>.wp-block-kadence-advancedheading.kt-adv-heading_d62eaf-a6, .wp-block-kadence-advancedheading.kt-adv-heading_d62eaf-a6[data-kb-block=\"kb-adv-heading_d62eaf-a6\"]{font-style:normal;}.wp-block-kadence-advancedheading.kt-adv-heading_d62eaf-a6 mark.kt-highlight, .wp-block-kadence-advancedheading.kt-adv-heading_d62eaf-a6[data-kb-block=\"kb-adv-heading_d62eaf-a6\"] mark.kt-highlight{font-style:normal;color:#f76a0c;-webkit-box-decoration-break:clone;box-decoration-break:clone;padding-top:0px;padding-right:0px;padding-bottom:0px;padding-left:0px;}<\/style>\n<h4 class=\"kt-adv-heading_d62eaf-a6 wp-block-kadence-advancedheading\" data-kb-block=\"kb-adv-heading_d62eaf-a6\">Vn\u00fatorn\u00fd syst\u00e9m hodnotenia kvality na UPJ\u0160 v Ko\u0161iciach, Lek\u00e1rskej fakulte<\/h4>\n\n\n\n<p>V oblasti vysoko\u0161kolsk\u00e9ho vzdel\u00e1vania je strategick\u00fdm z\u00e1merom UPJ\u0160 LF poskytova\u0165 kvalitn\u00e9 vzdel\u00e1vanie opieraj\u00face sa o v\u00fdsledky akt\u00edvneho vedeck\u00e9ho v\u00fdskumu u\u010dite\u013eov s cie\u013eom pripravi\u0165 kvalitn\u00fdch absolventov v&nbsp;jednotliv\u00fdch oblastiach vzdel\u00e1vania dobre uplatnite\u013en\u00fdch na trhu pr\u00e1ce bezprostredne po ukon\u010den\u00ed \u0161t\u00fadia.<\/p>\n\n\n\n<p><a href=\"https:\/\/www.upjs.sk\/kvalita\/\" class=\"ek-link\"><img decoding=\"async\" style=\"float: right; height: 150px; margin: 0px 5px; width: 187px;\" src=\"http:\/\/www.upjs.sk\/\/app\/uploads\/sites\/9\/2022\/09\/quality.png\" alt=\"\">Vn\u00fatorn\u00fd syst\u00e9m zabezpe\u010dovania a overovania kvality<\/a> (VSZOK) na UPJ\u0160 v&nbsp;Ko\u0161iciach je v s\u00falade so strategick\u00fdmi cie\u013emi UPJ\u0160 a podporuje ich dosahovanie tak v r\u00e1mci univerzity ako aj jej fak\u00falt. Syst\u00e9m je transparentn\u00fd, flexibiln\u00fd a otvoren\u00fd pre s\u00fastavn\u00e9 zlep\u0161ovanie indik\u00e1torov hodnotenia kvality. Vn\u00fatorn\u00fd syst\u00e9m hodnotenia kvality na lek\u00e1rskej fakulte je zameran\u00fd na zvidite\u013e\u0148ovanie z\u00e1merov a v\u00fdsledkov fakulty, ako aj na vznik a posil\u0148ovanie sp\u00e4tnej v\u00e4zby medzi z\u00fa\u010dastnen\u00fdmi stranami.<\/p>\n\n\n\n<p>Vn\u00fatorn\u00fd syst\u00e9m zabezpe\u010dovania a overovania kvality na UPJ\u0160 v Ko\u0161iciach akceptuje <a href=\"https:\/\/www.minedu.sk\/system-zabezpecovania-kvality\/\" class=\"ek-link\">\u0160tandardy a&nbsp;usmernenia na zabezpe\u010denie kvality v Eur\u00f3pskom priestore vysoko\u0161kolsk\u00e9ho vzdel\u00e1vania<\/a> (ESG, Europeans Standards and Guidelines), \u0161tandardy deklarovan\u00e9 <a href=\"https:\/\/saavs.sk\/sk\/\" class=\"ek-link\">Slovenskou akredita\u010dnou agent\u00farou pre vysok\u00e9 \u0161kolstvo<\/a> (SAAV\u0160) a d\u00f4sledne sa usiluje o ich implement\u00e1ciu. VSZOK iniciuje a podporuje zapojenie \u0161tudentov, zamestnancov a zamestn\u00e1vate\u013eov do hodnotenia kvality. <a href=\"https:\/\/www.upjs.sk\/kvalita\/kancelaria\/\" class=\"ek-link\">Kancel\u00e1ria pre riadenie vn\u00fatorn\u00e9ho syst\u00e9mu kvality<\/a> administrat\u00edvne koordinuje implement\u00e1ciu Syst\u00e9mu vn\u00fatorn\u00e9ho zabezpe\u010dovania a overovania kvality v spolupr\u00e1ci s <a href=\"https:\/\/www.upjs.sk\/kvalita\/rada\/\" class=\"ek-link\">Radou pre vn\u00fatorn\u00e9 overovanie kvality<\/a> (RVK) na UPJ\u0160 v Ko\u0161iciach.<\/p>\n\n\n\n<p><\/p>\n","protected":false},"excerpt":{"rendered":"<p>Vn\u00fatorn\u00fd syst\u00e9m hodnotenia kvality na UPJ\u0160 v Ko\u0161iciach, Lek\u00e1rskej fakulte V oblasti vysoko\u0161kolsk\u00e9ho vzdel\u00e1vania je strategick\u00fdm z\u00e1merom UPJ\u0160 LF poskytova\u0165 kvalitn\u00e9 vzdel\u00e1vanie opieraj\u00face sa o v\u00fdsledky akt\u00edvneho vedeck\u00e9ho v\u00fdskumu u\u010dite\u013eov s cie\u013eom pripravi\u0165 kvalitn\u00fdch absolventov v&nbsp;jednotliv\u00fdch oblastiach vzdel\u00e1vania dobre uplatnite\u013en\u00fdch na trhu pr\u00e1ce bezprostredne po ukon\u010den\u00ed \u0161t\u00fadia. Vn\u00fatorn\u00fd syst\u00e9m zabezpe\u010dovania a overovania kvality (VSZOK) na &hellip; <a href=\"https:\/\/www.upjs.sk\/lekarska-fakulta\/fakulta\/vnutorny-system-hodnotenia-kvality\/\">\u010c\u00edta\u0165 \u010falej<\/a><\/p>\n","protected":false},"author":1,"featured_media":14109,"parent":13613,"menu_order":7,"comment_status":"closed","ping_status":"closed","template":"","meta":{"_acf_changed":false,"_editorskit_title_hidden":false,"_editorskit_reading_time":1,"_editorskit_is_block_options_detached":false,"_editorskit_block_options_position":"{}","footnotes":""},"categories":[],"tags":[],"class_list":["post-14108","page","type-page","status-publish","has-post-thumbnail","hentry"],"acf":{"acf_link_na_externy_obsah":""},"yoast_head":"<!-- This site is optimized with the Yoast SEO plugin v27.5 - https:\/\/yoast.com\/product\/yoast-seo-wordpress\/ -->\n<title>Vn\u00fatorn\u00fd syst\u00e9m hodnotenia kvality - Lek\u00e1rska fakulta | UPJ\u0160<\/title>\n<meta name=\"robots\" content=\"index, follow, max-snippet:-1, max-image-preview:large, max-video-preview:-1\" \/>\n<link rel=\"canonical\" href=\"https:\/\/www.upjs.sk\/lekarska-fakulta\/fakulta\/vnutorny-system-hodnotenia-kvality\/\" \/>\n<meta property=\"og:locale\" content=\"sk_SK\" \/>\n<meta property=\"og:type\" content=\"article\" \/>\n<meta property=\"og:title\" content=\"Vn\u00fatorn\u00fd syst\u00e9m hodnotenia kvality - Lek\u00e1rska fakulta | UPJ\u0160\" \/>\n<meta property=\"og:description\" content=\"Vn\u00fatorn\u00fd syst\u00e9m hodnotenia kvality na UPJ\u0160 v Ko\u0161iciach, Lek\u00e1rskej fakulte V oblasti vysoko\u0161kolsk\u00e9ho vzdel\u00e1vania je strategick\u00fdm z\u00e1merom UPJ\u0160 LF poskytova\u0165 kvalitn\u00e9 vzdel\u00e1vanie opieraj\u00face sa o v\u00fdsledky akt\u00edvneho vedeck\u00e9ho v\u00fdskumu u\u010dite\u013eov s cie\u013eom pripravi\u0165 kvalitn\u00fdch absolventov v&nbsp;jednotliv\u00fdch oblastiach vzdel\u00e1vania dobre uplatnite\u013en\u00fdch na trhu pr\u00e1ce bezprostredne po ukon\u010den\u00ed \u0161t\u00fadia. Vn\u00fatorn\u00fd syst\u00e9m zabezpe\u010dovania a overovania kvality (VSZOK) na &hellip; \u010c\u00edta\u0165 \u010falej\" \/>\n<meta property=\"og:url\" content=\"https:\/\/www.upjs.sk\/lekarska-fakulta\/fakulta\/vnutorny-system-hodnotenia-kvality\/\" \/>\n<meta property=\"og:site_name\" content=\"Lek\u00e1rska fakulta | UPJ\u0160\" \/>\n<meta property=\"article:modified_time\" content=\"2025-03-18T11:36:13+00:00\" \/>\n<meta property=\"og:image\" content=\"https:\/\/www.upjs.sk\/app\/uploads\/sites\/9\/2022\/09\/quality.png\" \/>\n\t<meta property=\"og:image:width\" content=\"277\" \/>\n\t<meta property=\"og:image:height\" content=\"222\" \/>\n\t<meta property=\"og:image:type\" content=\"image\/png\" \/>\n<meta name=\"twitter:card\" content=\"summary_large_image\" \/>\n<meta name=\"twitter:label1\" content=\"Predpokladan\u00fd \u010das \u010d\u00edtania\" \/>\n\t<meta name=\"twitter:data1\" content=\"2 min\u00faty\" \/>\n<script type=\"application\/ld+json\" class=\"yoast-schema-graph\">{\"@context\":\"https:\\\/\\\/schema.org\",\"@graph\":[{\"@type\":\"WebPage\",\"@id\":\"https:\\\/\\\/www.upjs.sk\\\/lekarska-fakulta\\\/fakulta\\\/vnutorny-system-hodnotenia-kvality\\\/\",\"url\":\"https:\\\/\\\/www.upjs.sk\\\/lekarska-fakulta\\\/fakulta\\\/vnutorny-system-hodnotenia-kvality\\\/\",\"name\":\"Vn\u00fatorn\u00fd syst\u00e9m hodnotenia kvality - Lek\u00e1rska fakulta | UPJ\u0160\",\"isPartOf\":{\"@id\":\"https:\\\/\\\/www.upjs.sk\\\/lekarska-fakulta\\\/#website\"},\"primaryImageOfPage\":{\"@id\":\"https:\\\/\\\/www.upjs.sk\\\/lekarska-fakulta\\\/fakulta\\\/vnutorny-system-hodnotenia-kvality\\\/#primaryimage\"},\"image\":{\"@id\":\"https:\\\/\\\/www.upjs.sk\\\/lekarska-fakulta\\\/fakulta\\\/vnutorny-system-hodnotenia-kvality\\\/#primaryimage\"},\"thumbnailUrl\":\"https:\\\/\\\/www.upjs.sk\\\/app\\\/uploads\\\/sites\\\/9\\\/2022\\\/09\\\/quality.png\",\"datePublished\":\"2023-02-03T11:23:12+00:00\",\"dateModified\":\"2025-03-18T11:36:13+00:00\",\"breadcrumb\":{\"@id\":\"https:\\\/\\\/www.upjs.sk\\\/lekarska-fakulta\\\/fakulta\\\/vnutorny-system-hodnotenia-kvality\\\/#breadcrumb\"},\"inLanguage\":\"sk-SK\",\"potentialAction\":[{\"@type\":\"ReadAction\",\"target\":[\"https:\\\/\\\/www.upjs.sk\\\/lekarska-fakulta\\\/fakulta\\\/vnutorny-system-hodnotenia-kvality\\\/\"]}]},{\"@type\":\"ImageObject\",\"inLanguage\":\"sk-SK\",\"@id\":\"https:\\\/\\\/www.upjs.sk\\\/lekarska-fakulta\\\/fakulta\\\/vnutorny-system-hodnotenia-kvality\\\/#primaryimage\",\"url\":\"https:\\\/\\\/www.upjs.sk\\\/app\\\/uploads\\\/sites\\\/9\\\/2022\\\/09\\\/quality.png\",\"contentUrl\":\"https:\\\/\\\/www.upjs.sk\\\/app\\\/uploads\\\/sites\\\/9\\\/2022\\\/09\\\/quality.png\",\"width\":277,\"height\":222,\"caption\":\"vnutorny-system-hodnotenia-kvality\"},{\"@type\":\"BreadcrumbList\",\"@id\":\"https:\\\/\\\/www.upjs.sk\\\/lekarska-fakulta\\\/fakulta\\\/vnutorny-system-hodnotenia-kvality\\\/#breadcrumb\",\"itemListElement\":[{\"@type\":\"ListItem\",\"position\":1,\"name\":\"Home\",\"item\":\"https:\\\/\\\/www.upjs.sk\\\/lekarska-fakulta\\\/\"},{\"@type\":\"ListItem\",\"position\":2,\"name\":\"O fakulte\",\"item\":\"https:\\\/\\\/www.upjs.sk\\\/lekarska-fakulta\\\/fakulta\\\/\"},{\"@type\":\"ListItem\",\"position\":3,\"name\":\"Vn\u00fatorn\u00fd syst\u00e9m hodnotenia kvality\"}]},{\"@type\":\"WebSite\",\"@id\":\"https:\\\/\\\/www.upjs.sk\\\/lekarska-fakulta\\\/#website\",\"url\":\"https:\\\/\\\/www.upjs.sk\\\/lekarska-fakulta\\\/\",\"name\":\"Lek\u00e1rska fakulta | UPJ\u0160\",\"description\":\"\",\"publisher\":{\"@id\":\"https:\\\/\\\/www.upjs.sk\\\/lekarska-fakulta\\\/#organization\"},\"potentialAction\":[{\"@type\":\"SearchAction\",\"target\":{\"@type\":\"EntryPoint\",\"urlTemplate\":\"https:\\\/\\\/www.upjs.sk\\\/lekarska-fakulta\\\/?s={search_term_string}\"},\"query-input\":{\"@type\":\"PropertyValueSpecification\",\"valueRequired\":true,\"valueName\":\"search_term_string\"}}],\"inLanguage\":\"sk-SK\"},{\"@type\":\"Organization\",\"@id\":\"https:\\\/\\\/www.upjs.sk\\\/lekarska-fakulta\\\/#organization\",\"name\":\"Lek\u00e1rska fakulta | UPJ\u0160\",\"url\":\"https:\\\/\\\/www.upjs.sk\\\/lekarska-fakulta\\\/\",\"logo\":{\"@type\":\"ImageObject\",\"inLanguage\":\"sk-SK\",\"@id\":\"https:\\\/\\\/www.upjs.sk\\\/lekarska-fakulta\\\/#\\\/schema\\\/logo\\\/image\\\/\",\"url\":\"https:\\\/\\\/www.upjs.sk\\\/app\\\/uploads\\\/sites\\\/9\\\/2022\\\/09\\\/logo-lekarska-fakulta.png\",\"contentUrl\":\"https:\\\/\\\/www.upjs.sk\\\/app\\\/uploads\\\/sites\\\/9\\\/2022\\\/09\\\/logo-lekarska-fakulta.png\",\"width\":415,\"height\":87,\"caption\":\"Lek\u00e1rska fakulta | UPJ\u0160\"},\"image\":{\"@id\":\"https:\\\/\\\/www.upjs.sk\\\/lekarska-fakulta\\\/#\\\/schema\\\/logo\\\/image\\\/\"}}]}<\/script>\n<!-- \/ Yoast SEO plugin. -->","yoast_head_json":{"title":"Vn\u00fatorn\u00fd syst\u00e9m hodnotenia kvality - Lek\u00e1rska fakulta | UPJ\u0160","robots":{"index":"index","follow":"follow","max-snippet":"max-snippet:-1","max-image-preview":"max-image-preview:large","max-video-preview":"max-video-preview:-1"},"canonical":"https:\/\/www.upjs.sk\/lekarska-fakulta\/fakulta\/vnutorny-system-hodnotenia-kvality\/","og_locale":"sk_SK","og_type":"article","og_title":"Vn\u00fatorn\u00fd syst\u00e9m hodnotenia kvality - Lek\u00e1rska fakulta | UPJ\u0160","og_description":"Vn\u00fatorn\u00fd syst\u00e9m hodnotenia kvality na UPJ\u0160 v Ko\u0161iciach, Lek\u00e1rskej fakulte V oblasti vysoko\u0161kolsk\u00e9ho vzdel\u00e1vania je strategick\u00fdm z\u00e1merom UPJ\u0160 LF poskytova\u0165 kvalitn\u00e9 vzdel\u00e1vanie opieraj\u00face sa o v\u00fdsledky akt\u00edvneho vedeck\u00e9ho v\u00fdskumu u\u010dite\u013eov s cie\u013eom pripravi\u0165 kvalitn\u00fdch absolventov v&nbsp;jednotliv\u00fdch oblastiach vzdel\u00e1vania dobre uplatnite\u013en\u00fdch na trhu pr\u00e1ce bezprostredne po ukon\u010den\u00ed \u0161t\u00fadia. Vn\u00fatorn\u00fd syst\u00e9m zabezpe\u010dovania a overovania kvality (VSZOK) na &hellip; \u010c\u00edta\u0165 \u010falej","og_url":"https:\/\/www.upjs.sk\/lekarska-fakulta\/fakulta\/vnutorny-system-hodnotenia-kvality\/","og_site_name":"Lek\u00e1rska fakulta | UPJ\u0160","article_modified_time":"2025-03-18T11:36:13+00:00","og_image":[{"width":277,"height":222,"url":"https:\/\/www.upjs.sk\/app\/uploads\/sites\/9\/2022\/09\/quality.png","type":"image\/png"}],"twitter_card":"summary_large_image","twitter_misc":{"Predpokladan\u00fd \u010das \u010d\u00edtania":"2 min\u00faty"},"schema":{"@context":"https:\/\/schema.org","@graph":[{"@type":"WebPage","@id":"https:\/\/www.upjs.sk\/lekarska-fakulta\/fakulta\/vnutorny-system-hodnotenia-kvality\/","url":"https:\/\/www.upjs.sk\/lekarska-fakulta\/fakulta\/vnutorny-system-hodnotenia-kvality\/","name":"Vn\u00fatorn\u00fd syst\u00e9m hodnotenia kvality - Lek\u00e1rska fakulta | UPJ\u0160","isPartOf":{"@id":"https:\/\/www.upjs.sk\/lekarska-fakulta\/#website"},"primaryImageOfPage":{"@id":"https:\/\/www.upjs.sk\/lekarska-fakulta\/fakulta\/vnutorny-system-hodnotenia-kvality\/#primaryimage"},"image":{"@id":"https:\/\/www.upjs.sk\/lekarska-fakulta\/fakulta\/vnutorny-system-hodnotenia-kvality\/#primaryimage"},"thumbnailUrl":"https:\/\/www.upjs.sk\/app\/uploads\/sites\/9\/2022\/09\/quality.png","datePublished":"2023-02-03T11:23:12+00:00","dateModified":"2025-03-18T11:36:13+00:00","breadcrumb":{"@id":"https:\/\/www.upjs.sk\/lekarska-fakulta\/fakulta\/vnutorny-system-hodnotenia-kvality\/#breadcrumb"},"inLanguage":"sk-SK","potentialAction":[{"@type":"ReadAction","target":["https:\/\/www.upjs.sk\/lekarska-fakulta\/fakulta\/vnutorny-system-hodnotenia-kvality\/"]}]},{"@type":"ImageObject","inLanguage":"sk-SK","@id":"https:\/\/www.upjs.sk\/lekarska-fakulta\/fakulta\/vnutorny-system-hodnotenia-kvality\/#primaryimage","url":"https:\/\/www.upjs.sk\/app\/uploads\/sites\/9\/2022\/09\/quality.png","contentUrl":"https:\/\/www.upjs.sk\/app\/uploads\/sites\/9\/2022\/09\/quality.png","width":277,"height":222,"caption":"vnutorny-system-hodnotenia-kvality"},{"@type":"BreadcrumbList","@id":"https:\/\/www.upjs.sk\/lekarska-fakulta\/fakulta\/vnutorny-system-hodnotenia-kvality\/#breadcrumb","itemListElement":[{"@type":"ListItem","position":1,"name":"Home","item":"https:\/\/www.upjs.sk\/lekarska-fakulta\/"},{"@type":"ListItem","position":2,"name":"O fakulte","item":"https:\/\/www.upjs.sk\/lekarska-fakulta\/fakulta\/"},{"@type":"ListItem","position":3,"name":"Vn\u00fatorn\u00fd syst\u00e9m hodnotenia kvality"}]},{"@type":"WebSite","@id":"https:\/\/www.upjs.sk\/lekarska-fakulta\/#website","url":"https:\/\/www.upjs.sk\/lekarska-fakulta\/","name":"Lek\u00e1rska fakulta | UPJ\u0160","description":"","publisher":{"@id":"https:\/\/www.upjs.sk\/lekarska-fakulta\/#organization"},"potentialAction":[{"@type":"SearchAction","target":{"@type":"EntryPoint","urlTemplate":"https:\/\/www.upjs.sk\/lekarska-fakulta\/?s={search_term_string}"},"query-input":{"@type":"PropertyValueSpecification","valueRequired":true,"valueName":"search_term_string"}}],"inLanguage":"sk-SK"},{"@type":"Organization","@id":"https:\/\/www.upjs.sk\/lekarska-fakulta\/#organization","name":"Lek\u00e1rska fakulta | UPJ\u0160","url":"https:\/\/www.upjs.sk\/lekarska-fakulta\/","logo":{"@type":"ImageObject","inLanguage":"sk-SK","@id":"https:\/\/www.upjs.sk\/lekarska-fakulta\/#\/schema\/logo\/image\/","url":"https:\/\/www.upjs.sk\/app\/uploads\/sites\/9\/2022\/09\/logo-lekarska-fakulta.png","contentUrl":"https:\/\/www.upjs.sk\/app\/uploads\/sites\/9\/2022\/09\/logo-lekarska-fakulta.png","width":415,"height":87,"caption":"Lek\u00e1rska fakulta | UPJ\u0160"},"image":{"@id":"https:\/\/www.upjs.sk\/lekarska-fakulta\/#\/schema\/logo\/image\/"}}]}},"_links":{"self":[{"href":"https:\/\/www.upjs.sk\/lekarska-fakulta\/wp-json\/wp\/v2\/pages\/14108","targetHints":{"allow":["GET"]}}],"collection":[{"href":"https:\/\/www.upjs.sk\/lekarska-fakulta\/wp-json\/wp\/v2\/pages"}],"about":[{"href":"https:\/\/www.upjs.sk\/lekarska-fakulta\/wp-json\/wp\/v2\/types\/page"}],"author":[{"embeddable":true,"href":"https:\/\/www.upjs.sk\/lekarska-fakulta\/wp-json\/wp\/v2\/users\/1"}],"replies":[{"embeddable":true,"href":"https:\/\/www.upjs.sk\/lekarska-fakulta\/wp-json\/wp\/v2\/comments?post=14108"}],"version-history":[{"count":13,"href":"https:\/\/www.upjs.sk\/lekarska-fakulta\/wp-json\/wp\/v2\/pages\/14108\/revisions"}],"predecessor-version":[{"id":132426,"href":"https:\/\/www.upjs.sk\/lekarska-fakulta\/wp-json\/wp\/v2\/pages\/14108\/revisions\/132426"}],"up":[{"embeddable":true,"href":"https:\/\/www.upjs.sk\/lekarska-fakulta\/wp-json\/wp\/v2\/pages\/13613"}],"wp:featuredmedia":[{"embeddable":true,"href":"https:\/\/www.upjs.sk\/lekarska-fakulta\/wp-json\/wp\/v2\/media\/14109"}],"wp:attachment":[{"href":"https:\/\/www.upjs.sk\/lekarska-fakulta\/wp-json\/wp\/v2\/media?parent=14108"}],"wp:term":[{"taxonomy":"category","embeddable":true,"href":"https:\/\/www.upjs.sk\/lekarska-fakulta\/wp-json\/wp\/v2\/categories?post=14108"},{"taxonomy":"post_tag","embeddable":true,"href":"https:\/\/www.upjs.sk\/lekarska-fakulta\/wp-json\/wp\/v2\/tags?post=14108"}],"curies":[{"name":"wp","href":"https:\/\/api.w.org\/{rel}","templated":true}]}}