{"id":14140,"date":"2023-02-03T12:50:13","date_gmt":"2023-02-03T11:50:13","guid":{"rendered":"https:\/\/www.upjs.sk\/lekarska-fakulta\/root\/vnutorny-system-hodnotenia-kvality\/pravidla-a-zasady\/"},"modified":"2023-02-03T12:50:15","modified_gmt":"2023-02-03T11:50:15","slug":"pravidla-a-zasady","status":"publish","type":"page","link":"https:\/\/www.upjs.sk\/lekarska-fakulta\/fakulta\/vnutorny-system-hodnotenia-kvality\/pravidla-a-zasady\/","title":{"rendered":"Pravidl\u00e1 a z\u00e1sady pre zabezpe\u010dovanie a overovanie kvality"},"content":{"rendered":"<style>.wp-block-kadence-advancedheading.kt-adv-heading_e86c10-dd, .wp-block-kadence-advancedheading.kt-adv-heading_e86c10-dd[data-kb-block=\"kb-adv-heading_e86c10-dd\"]{font-style:normal;}.wp-block-kadence-advancedheading.kt-adv-heading_e86c10-dd mark.kt-highlight, .wp-block-kadence-advancedheading.kt-adv-heading_e86c10-dd[data-kb-block=\"kb-adv-heading_e86c10-dd\"] mark.kt-highlight{font-style:normal;color:#f76a0c;-webkit-box-decoration-break:clone;box-decoration-break:clone;padding-top:0px;padding-right:0px;padding-bottom:0px;padding-left:0px;}<\/style>\n<h4 class=\"kt-adv-heading_e86c10-dd wp-block-kadence-advancedheading\" data-kb-block=\"kb-adv-heading_e86c10-dd\">Pravidl\u00e1 a z\u00e1sady pre zabezpe\u010dovanie a overovanie kvality na Univerzite Pavla Jozefa \u0160af\u00e1rika v Ko\u0161iciach<\/h4>\n\n\n\n<div class=\"wp-block-columns is-layout-flex wp-container-core-columns-is-layout-9d6595d7 wp-block-columns-is-layout-flex\">\n<div class=\"wp-block-column is-layout-flow wp-block-column-is-layout-flow\" style=\"flex-basis:75%\">\n<ul class=\"wp-block-list\">\n<li>Pravidl\u00e1 vn\u00fatorn\u00e9ho syst\u00e9mu zabezpe\u010dovania a overovania kvality vzdel\u00e1vania, vedeckej, v\u00fdskumnej, v\u00fdvojovej, umeleckej alebo \u010fal\u0161ej tvorivej a podpornej \u010dinnosti na Univerzite Pavla Jozefa \u0160af\u00e1rika v Ko\u0161iciach &#8211; <a href=\"https:\/\/intranet.upjs.sk\/op\/op.Public.php?documentid=4253\">Rozhodnutie rektora \u010d. 8\/2021<\/a><\/li>\n\n\n\n<li>Akredita\u010dn\u00fd poriadok Univerzity Pavla Jozefa \u0160af\u00e1rika v Ko\u0161iciach &#8211; <a href=\"https:\/\/intranet.upjs.sk\/op\/op.Public.php?documentid=4252\">Rozhodnutie rektora \u010d. 7 \/2021<\/a><\/li>\n\n\n\n<li>Z\u00e1sady prij\u00edmacieho konania na \u0161t\u00fadium na Univerzite Pavla Jozefa \u0160af\u00e1rika v Ko\u0161iciach &#8211; <a href=\"https:\/\/intranet.upjs.sk\/op\/op.Public.php?documentid=4414\">Rozhodnutie rektora \u010d. 14\/2021<\/a><\/li>\n\n\n\n<li>Z\u00e1sady pre z\u00edskavanie sp\u00e4tnej v\u00e4zby na \u00fa\u010dely hodnotenia kvality vzdel\u00e1vacej \u010dinnosti, tvorivej \u010dinnosti a podporn\u00fdch \u010dinnost\u00ed na Univerzite Pavla Jozefa \u0160af\u00e1rika &#8211; <a href=\"https:\/\/intranet.upjs.sk\/op\/op.Public.php?documentid=4413\">Rozhodnutie rektora \u010d. 13\/2021<\/a><\/li>\n\n\n\n<li>Z\u00e1sady dobrej praxe vedeck\u00e9ho publikovania na Univerzite Pavla Jozefa \u0160af\u00e1rka v Ko\u0161iciach a jej s\u00fa\u010dastiach &#8211; <a href=\"https:\/\/intranet.upjs.sk\/op\/op.Public.php?documentid=4200\">Rozhodnutie rektora \u010d. 5\/2021<\/a><\/li>\n\n\n\n<li>Pravidl\u00e1 posudzovania plagi\u00e1torstva na Univerzite Pavla Jozefa \u0160af\u00e1rika v Ko\u0161iciach a jej s\u00fa\u010dastiach &#8211; <a href=\"https:\/\/intranet.upjs.sk\/op\/op.Public.php?documentid=5605\" class=\"ek-link\">Rozhodnutie rektora \u010d. 21\/2021<\/a><\/li>\n\n\n\n<li>Z\u00e1sady spr\u00e1vnej v\u00fdskumnej praxe na Univerzite Pavla Jozefa \u0160af\u00e1rka v Ko\u0161iciach a jej s\u00fa\u010dastiach &#8211; <a href=\"https:\/\/intranet.upjs.sk\/op\/op.Public.php?documentid=6005\" class=\"ek-link\">Rozhodnutie rektora \u010d. 2\/2022<\/a><\/li>\n<\/ul>\n<\/div>\n\n\n\n<div class=\"wp-block-column is-layout-flow wp-block-column-is-layout-flow\" style=\"flex-basis:25%\"><style>.kb-image_bdfb41-38.kb-image-is-ratio-size, .kb-image_bdfb41-38 .kb-image-is-ratio-size{max-width:150px;width:100%;}.wp-block-kadence-column > .kt-inside-inner-col > .kb-image_bdfb41-38.kb-image-is-ratio-size, .wp-block-kadence-column > .kt-inside-inner-col > .kb-image_bdfb41-38 .kb-image-is-ratio-size{align-self:unset;}.kb-image_bdfb41-38{max-width:150px;}.image-is-svg.kb-image_bdfb41-38{-webkit-flex:0 1 100%;flex:0 1 100%;}.image-is-svg.kb-image_bdfb41-38 img{width:100%;}.kb-image_bdfb41-38 .kb-image-has-overlay:after{opacity:0.3;}<\/style>\n<figure class=\"wp-block-kadence-image kb-image_bdfb41-38 size-full\"><img loading=\"lazy\" decoding=\"async\" width=\"244\" height=\"390\" src=\"https:\/\/www.upjs.sk\/app\/uploads\/sites\/9\/2022\/09\/pravidla.png\" alt=\"pravidla-a-zasady\" class=\"kb-img wp-image-14141\" srcset=\"https:\/\/www.upjs.sk\/app\/uploads\/sites\/9\/2022\/09\/pravidla.png 244w, https:\/\/www.upjs.sk\/app\/uploads\/sites\/9\/2022\/09\/pravidla-188x300.png 188w\" sizes=\"auto, (max-width: 244px) 100vw, 244px\" \/><\/figure>\n<\/div>\n<\/div>\n","protected":false},"excerpt":{"rendered":"<p>Pravidl\u00e1 a z\u00e1sady pre zabezpe\u010dovanie a overovanie kvality na Univerzite Pavla Jozefa \u0160af\u00e1rika v Ko\u0161iciach<\/p>\n","protected":false},"author":1,"featured_media":14141,"parent":14108,"menu_order":3,"comment_status":"closed","ping_status":"closed","template":"","meta":{"_acf_changed":false,"_editorskit_title_hidden":false,"_editorskit_reading_time":1,"_editorskit_is_block_options_detached":false,"_editorskit_block_options_position":"{}","footnotes":""},"categories":[],"tags":[],"class_list":["post-14140","page","type-page","status-publish","has-post-thumbnail","hentry"],"acf":{"acf_link_na_externy_obsah":""},"yoast_head":"<!-- This site is optimized with the Yoast SEO plugin v27.4 - https:\/\/yoast.com\/product\/yoast-seo-wordpress\/ -->\n<title>Pravidl\u00e1 a z\u00e1sady pre zabezpe\u010dovanie a overovanie kvality - Lek\u00e1rska fakulta | UPJ\u0160<\/title>\n<meta name=\"robots\" content=\"index, follow, max-snippet:-1, max-image-preview:large, max-video-preview:-1\" \/>\n<link rel=\"canonical\" href=\"https:\/\/www.upjs.sk\/lekarska-fakulta\/fakulta\/vnutorny-system-hodnotenia-kvality\/pravidla-a-zasady\/\" \/>\n<meta property=\"og:locale\" content=\"sk_SK\" \/>\n<meta property=\"og:type\" content=\"article\" \/>\n<meta property=\"og:title\" content=\"Pravidl\u00e1 a z\u00e1sady pre zabezpe\u010dovanie a overovanie kvality - Lek\u00e1rska fakulta | UPJ\u0160\" \/>\n<meta property=\"og:description\" content=\"Pravidl\u00e1 a z\u00e1sady pre zabezpe\u010dovanie a overovanie kvality na Univerzite Pavla Jozefa \u0160af\u00e1rika v Ko\u0161iciach\" \/>\n<meta property=\"og:url\" content=\"https:\/\/www.upjs.sk\/lekarska-fakulta\/fakulta\/vnutorny-system-hodnotenia-kvality\/pravidla-a-zasady\/\" \/>\n<meta property=\"og:site_name\" content=\"Lek\u00e1rska fakulta | UPJ\u0160\" \/>\n<meta property=\"article:modified_time\" content=\"2023-02-03T11:50:15+00:00\" \/>\n<meta property=\"og:image\" content=\"https:\/\/www.upjs.sk\/app\/uploads\/sites\/9\/2022\/09\/pravidla.png\" \/>\n\t<meta property=\"og:image:width\" content=\"244\" \/>\n\t<meta property=\"og:image:height\" content=\"390\" \/>\n\t<meta property=\"og:image:type\" content=\"image\/png\" \/>\n<meta name=\"twitter:card\" content=\"summary_large_image\" \/>\n<meta name=\"twitter:label1\" content=\"Predpokladan\u00fd \u010das \u010d\u00edtania\" \/>\n\t<meta name=\"twitter:data1\" content=\"2 min\u00faty\" \/>\n<script type=\"application\/ld+json\" class=\"yoast-schema-graph\">{\"@context\":\"https:\\\/\\\/schema.org\",\"@graph\":[{\"@type\":\"WebPage\",\"@id\":\"https:\\\/\\\/www.upjs.sk\\\/lekarska-fakulta\\\/fakulta\\\/vnutorny-system-hodnotenia-kvality\\\/pravidla-a-zasady\\\/\",\"url\":\"https:\\\/\\\/www.upjs.sk\\\/lekarska-fakulta\\\/fakulta\\\/vnutorny-system-hodnotenia-kvality\\\/pravidla-a-zasady\\\/\",\"name\":\"Pravidl\u00e1 a z\u00e1sady pre zabezpe\u010dovanie a overovanie kvality - Lek\u00e1rska fakulta | UPJ\u0160\",\"isPartOf\":{\"@id\":\"https:\\\/\\\/www.upjs.sk\\\/lekarska-fakulta\\\/#website\"},\"primaryImageOfPage\":{\"@id\":\"https:\\\/\\\/www.upjs.sk\\\/lekarska-fakulta\\\/fakulta\\\/vnutorny-system-hodnotenia-kvality\\\/pravidla-a-zasady\\\/#primaryimage\"},\"image\":{\"@id\":\"https:\\\/\\\/www.upjs.sk\\\/lekarska-fakulta\\\/fakulta\\\/vnutorny-system-hodnotenia-kvality\\\/pravidla-a-zasady\\\/#primaryimage\"},\"thumbnailUrl\":\"https:\\\/\\\/www.upjs.sk\\\/app\\\/uploads\\\/sites\\\/9\\\/2022\\\/09\\\/pravidla.png\",\"datePublished\":\"2023-02-03T11:50:13+00:00\",\"dateModified\":\"2023-02-03T11:50:15+00:00\",\"breadcrumb\":{\"@id\":\"https:\\\/\\\/www.upjs.sk\\\/lekarska-fakulta\\\/fakulta\\\/vnutorny-system-hodnotenia-kvality\\\/pravidla-a-zasady\\\/#breadcrumb\"},\"inLanguage\":\"sk-SK\",\"potentialAction\":[{\"@type\":\"ReadAction\",\"target\":[\"https:\\\/\\\/www.upjs.sk\\\/lekarska-fakulta\\\/fakulta\\\/vnutorny-system-hodnotenia-kvality\\\/pravidla-a-zasady\\\/\"]}]},{\"@type\":\"ImageObject\",\"inLanguage\":\"sk-SK\",\"@id\":\"https:\\\/\\\/www.upjs.sk\\\/lekarska-fakulta\\\/fakulta\\\/vnutorny-system-hodnotenia-kvality\\\/pravidla-a-zasady\\\/#primaryimage\",\"url\":\"https:\\\/\\\/www.upjs.sk\\\/app\\\/uploads\\\/sites\\\/9\\\/2022\\\/09\\\/pravidla.png\",\"contentUrl\":\"https:\\\/\\\/www.upjs.sk\\\/app\\\/uploads\\\/sites\\\/9\\\/2022\\\/09\\\/pravidla.png\",\"width\":244,\"height\":390,\"caption\":\"pravidla-a-zasady\"},{\"@type\":\"BreadcrumbList\",\"@id\":\"https:\\\/\\\/www.upjs.sk\\\/lekarska-fakulta\\\/fakulta\\\/vnutorny-system-hodnotenia-kvality\\\/pravidla-a-zasady\\\/#breadcrumb\",\"itemListElement\":[{\"@type\":\"ListItem\",\"position\":1,\"name\":\"Home\",\"item\":\"https:\\\/\\\/www.upjs.sk\\\/lekarska-fakulta\\\/\"},{\"@type\":\"ListItem\",\"position\":2,\"name\":\"O fakulte\",\"item\":\"https:\\\/\\\/www.upjs.sk\\\/lekarska-fakulta\\\/fakulta\\\/\"},{\"@type\":\"ListItem\",\"position\":3,\"name\":\"Vn\u00fatorn\u00fd syst\u00e9m hodnotenia kvality\",\"item\":\"https:\\\/\\\/www.upjs.sk\\\/lekarska-fakulta\\\/fakulta\\\/vnutorny-system-hodnotenia-kvality\\\/\"},{\"@type\":\"ListItem\",\"position\":4,\"name\":\"Pravidl\u00e1 a z\u00e1sady pre zabezpe\u010dovanie a overovanie kvality\"}]},{\"@type\":\"WebSite\",\"@id\":\"https:\\\/\\\/www.upjs.sk\\\/lekarska-fakulta\\\/#website\",\"url\":\"https:\\\/\\\/www.upjs.sk\\\/lekarska-fakulta\\\/\",\"name\":\"Lek\u00e1rska fakulta | UPJ\u0160\",\"description\":\"\",\"publisher\":{\"@id\":\"https:\\\/\\\/www.upjs.sk\\\/lekarska-fakulta\\\/#organization\"},\"potentialAction\":[{\"@type\":\"SearchAction\",\"target\":{\"@type\":\"EntryPoint\",\"urlTemplate\":\"https:\\\/\\\/www.upjs.sk\\\/lekarska-fakulta\\\/?s={search_term_string}\"},\"query-input\":{\"@type\":\"PropertyValueSpecification\",\"valueRequired\":true,\"valueName\":\"search_term_string\"}}],\"inLanguage\":\"sk-SK\"},{\"@type\":\"Organization\",\"@id\":\"https:\\\/\\\/www.upjs.sk\\\/lekarska-fakulta\\\/#organization\",\"name\":\"Lek\u00e1rska fakulta | UPJ\u0160\",\"url\":\"https:\\\/\\\/www.upjs.sk\\\/lekarska-fakulta\\\/\",\"logo\":{\"@type\":\"ImageObject\",\"inLanguage\":\"sk-SK\",\"@id\":\"https:\\\/\\\/www.upjs.sk\\\/lekarska-fakulta\\\/#\\\/schema\\\/logo\\\/image\\\/\",\"url\":\"https:\\\/\\\/www.upjs.sk\\\/app\\\/uploads\\\/sites\\\/9\\\/2022\\\/09\\\/logo-lekarska-fakulta.png\",\"contentUrl\":\"https:\\\/\\\/www.upjs.sk\\\/app\\\/uploads\\\/sites\\\/9\\\/2022\\\/09\\\/logo-lekarska-fakulta.png\",\"width\":415,\"height\":87,\"caption\":\"Lek\u00e1rska fakulta | UPJ\u0160\"},\"image\":{\"@id\":\"https:\\\/\\\/www.upjs.sk\\\/lekarska-fakulta\\\/#\\\/schema\\\/logo\\\/image\\\/\"}}]}<\/script>\n<!-- \/ Yoast SEO plugin. -->","yoast_head_json":{"title":"Pravidl\u00e1 a z\u00e1sady pre zabezpe\u010dovanie a overovanie kvality - Lek\u00e1rska fakulta | UPJ\u0160","robots":{"index":"index","follow":"follow","max-snippet":"max-snippet:-1","max-image-preview":"max-image-preview:large","max-video-preview":"max-video-preview:-1"},"canonical":"https:\/\/www.upjs.sk\/lekarska-fakulta\/fakulta\/vnutorny-system-hodnotenia-kvality\/pravidla-a-zasady\/","og_locale":"sk_SK","og_type":"article","og_title":"Pravidl\u00e1 a z\u00e1sady pre zabezpe\u010dovanie a overovanie kvality - Lek\u00e1rska fakulta | UPJ\u0160","og_description":"Pravidl\u00e1 a z\u00e1sady pre zabezpe\u010dovanie a overovanie kvality na Univerzite Pavla Jozefa \u0160af\u00e1rika v Ko\u0161iciach","og_url":"https:\/\/www.upjs.sk\/lekarska-fakulta\/fakulta\/vnutorny-system-hodnotenia-kvality\/pravidla-a-zasady\/","og_site_name":"Lek\u00e1rska fakulta | UPJ\u0160","article_modified_time":"2023-02-03T11:50:15+00:00","og_image":[{"width":244,"height":390,"url":"https:\/\/www.upjs.sk\/app\/uploads\/sites\/9\/2022\/09\/pravidla.png","type":"image\/png"}],"twitter_card":"summary_large_image","twitter_misc":{"Predpokladan\u00fd \u010das \u010d\u00edtania":"2 min\u00faty"},"schema":{"@context":"https:\/\/schema.org","@graph":[{"@type":"WebPage","@id":"https:\/\/www.upjs.sk\/lekarska-fakulta\/fakulta\/vnutorny-system-hodnotenia-kvality\/pravidla-a-zasady\/","url":"https:\/\/www.upjs.sk\/lekarska-fakulta\/fakulta\/vnutorny-system-hodnotenia-kvality\/pravidla-a-zasady\/","name":"Pravidl\u00e1 a z\u00e1sady pre zabezpe\u010dovanie a overovanie kvality - Lek\u00e1rska fakulta | UPJ\u0160","isPartOf":{"@id":"https:\/\/www.upjs.sk\/lekarska-fakulta\/#website"},"primaryImageOfPage":{"@id":"https:\/\/www.upjs.sk\/lekarska-fakulta\/fakulta\/vnutorny-system-hodnotenia-kvality\/pravidla-a-zasady\/#primaryimage"},"image":{"@id":"https:\/\/www.upjs.sk\/lekarska-fakulta\/fakulta\/vnutorny-system-hodnotenia-kvality\/pravidla-a-zasady\/#primaryimage"},"thumbnailUrl":"https:\/\/www.upjs.sk\/app\/uploads\/sites\/9\/2022\/09\/pravidla.png","datePublished":"2023-02-03T11:50:13+00:00","dateModified":"2023-02-03T11:50:15+00:00","breadcrumb":{"@id":"https:\/\/www.upjs.sk\/lekarska-fakulta\/fakulta\/vnutorny-system-hodnotenia-kvality\/pravidla-a-zasady\/#breadcrumb"},"inLanguage":"sk-SK","potentialAction":[{"@type":"ReadAction","target":["https:\/\/www.upjs.sk\/lekarska-fakulta\/fakulta\/vnutorny-system-hodnotenia-kvality\/pravidla-a-zasady\/"]}]},{"@type":"ImageObject","inLanguage":"sk-SK","@id":"https:\/\/www.upjs.sk\/lekarska-fakulta\/fakulta\/vnutorny-system-hodnotenia-kvality\/pravidla-a-zasady\/#primaryimage","url":"https:\/\/www.upjs.sk\/app\/uploads\/sites\/9\/2022\/09\/pravidla.png","contentUrl":"https:\/\/www.upjs.sk\/app\/uploads\/sites\/9\/2022\/09\/pravidla.png","width":244,"height":390,"caption":"pravidla-a-zasady"},{"@type":"BreadcrumbList","@id":"https:\/\/www.upjs.sk\/lekarska-fakulta\/fakulta\/vnutorny-system-hodnotenia-kvality\/pravidla-a-zasady\/#breadcrumb","itemListElement":[{"@type":"ListItem","position":1,"name":"Home","item":"https:\/\/www.upjs.sk\/lekarska-fakulta\/"},{"@type":"ListItem","position":2,"name":"O fakulte","item":"https:\/\/www.upjs.sk\/lekarska-fakulta\/fakulta\/"},{"@type":"ListItem","position":3,"name":"Vn\u00fatorn\u00fd syst\u00e9m hodnotenia kvality","item":"https:\/\/www.upjs.sk\/lekarska-fakulta\/fakulta\/vnutorny-system-hodnotenia-kvality\/"},{"@type":"ListItem","position":4,"name":"Pravidl\u00e1 a z\u00e1sady pre zabezpe\u010dovanie a overovanie kvality"}]},{"@type":"WebSite","@id":"https:\/\/www.upjs.sk\/lekarska-fakulta\/#website","url":"https:\/\/www.upjs.sk\/lekarska-fakulta\/","name":"Lek\u00e1rska fakulta | UPJ\u0160","description":"","publisher":{"@id":"https:\/\/www.upjs.sk\/lekarska-fakulta\/#organization"},"potentialAction":[{"@type":"SearchAction","target":{"@type":"EntryPoint","urlTemplate":"https:\/\/www.upjs.sk\/lekarska-fakulta\/?s={search_term_string}"},"query-input":{"@type":"PropertyValueSpecification","valueRequired":true,"valueName":"search_term_string"}}],"inLanguage":"sk-SK"},{"@type":"Organization","@id":"https:\/\/www.upjs.sk\/lekarska-fakulta\/#organization","name":"Lek\u00e1rska fakulta | UPJ\u0160","url":"https:\/\/www.upjs.sk\/lekarska-fakulta\/","logo":{"@type":"ImageObject","inLanguage":"sk-SK","@id":"https:\/\/www.upjs.sk\/lekarska-fakulta\/#\/schema\/logo\/image\/","url":"https:\/\/www.upjs.sk\/app\/uploads\/sites\/9\/2022\/09\/logo-lekarska-fakulta.png","contentUrl":"https:\/\/www.upjs.sk\/app\/uploads\/sites\/9\/2022\/09\/logo-lekarska-fakulta.png","width":415,"height":87,"caption":"Lek\u00e1rska fakulta | UPJ\u0160"},"image":{"@id":"https:\/\/www.upjs.sk\/lekarska-fakulta\/#\/schema\/logo\/image\/"}}]}},"_links":{"self":[{"href":"https:\/\/www.upjs.sk\/lekarska-fakulta\/wp-json\/wp\/v2\/pages\/14140","targetHints":{"allow":["GET"]}}],"collection":[{"href":"https:\/\/www.upjs.sk\/lekarska-fakulta\/wp-json\/wp\/v2\/pages"}],"about":[{"href":"https:\/\/www.upjs.sk\/lekarska-fakulta\/wp-json\/wp\/v2\/types\/page"}],"author":[{"embeddable":true,"href":"https:\/\/www.upjs.sk\/lekarska-fakulta\/wp-json\/wp\/v2\/users\/1"}],"replies":[{"embeddable":true,"href":"https:\/\/www.upjs.sk\/lekarska-fakulta\/wp-json\/wp\/v2\/comments?post=14140"}],"version-history":[{"count":6,"href":"https:\/\/www.upjs.sk\/lekarska-fakulta\/wp-json\/wp\/v2\/pages\/14140\/revisions"}],"predecessor-version":[{"id":73961,"href":"https:\/\/www.upjs.sk\/lekarska-fakulta\/wp-json\/wp\/v2\/pages\/14140\/revisions\/73961"}],"up":[{"embeddable":true,"href":"https:\/\/www.upjs.sk\/lekarska-fakulta\/wp-json\/wp\/v2\/pages\/14108"}],"wp:featuredmedia":[{"embeddable":true,"href":"https:\/\/www.upjs.sk\/lekarska-fakulta\/wp-json\/wp\/v2\/media\/14141"}],"wp:attachment":[{"href":"https:\/\/www.upjs.sk\/lekarska-fakulta\/wp-json\/wp\/v2\/media?parent=14140"}],"wp:term":[{"taxonomy":"category","embeddable":true,"href":"https:\/\/www.upjs.sk\/lekarska-fakulta\/wp-json\/wp\/v2\/categories?post=14140"},{"taxonomy":"post_tag","embeddable":true,"href":"https:\/\/www.upjs.sk\/lekarska-fakulta\/wp-json\/wp\/v2\/tags?post=14140"}],"curies":[{"name":"wp","href":"https:\/\/api.w.org\/{rel}","templated":true}]}}