{"id":14143,"date":"2023-02-03T12:51:47","date_gmt":"2023-02-03T11:51:47","guid":{"rendered":"https:\/\/www.upjs.sk\/lekarska-fakulta\/root\/vnutorny-system-hodnotenia-kvality\/ects\/"},"modified":"2023-09-07T13:31:27","modified_gmt":"2023-09-07T12:31:27","slug":"ects","status":"publish","type":"page","link":"https:\/\/www.upjs.sk\/lekarska-fakulta\/fakulta\/vnutorny-system-hodnotenia-kvality\/ects\/","title":{"rendered":"Eur\u00f3psky syst\u00e9m prenosu a zhroma\u017e\u010fovania kreditov"},"content":{"rendered":"\n<div class=\"wp-block-columns is-layout-flex wp-container-core-columns-is-layout-9d6595d7 wp-block-columns-is-layout-flex\">\n<div class=\"wp-block-column is-layout-flow wp-block-column-is-layout-flow\" style=\"flex-basis:75%\">\n<p>V akademickom roku 2001\/2002 bol na Univerzite Pavla Jozefa \u0160af\u00e1rika v Ko\u0161iciach (UPJ\u0160), Lek\u00e1rskej fakulte zaveden\u00fd kreditov\u00fd syst\u00e9m \u0161t\u00fadia, ktor\u00fd je v s\u00falade s <a href=\"https:\/\/education.ec.europa.eu\/sk\/europsky-system-prenosu-a-zhromazdovania-kreditov-ects\">Eur\u00f3pskym syst\u00e9mom prenosu a&nbsp;zhroma\u017e\u010fovania kreditov<\/a> (ECTS). Kredity ECTS umo\u017e\u0148uj\u00fa na z\u00e1klade definovan\u00fdch vzdel\u00e1vac\u00edch v\u00fdstupov a s\u00favisiacej z\u00e1\u0165a\u017ee vz\u00e1jomn\u00e9 porovnanie realizovan\u00e9ho \u0161t\u00fadia, \u010do poskytuje \u0161tudentom v\u00e4\u010d\u0161iu flexibilitu pri v\u00fdbere \u0161tudijn\u00fdch programov. ECTS je n\u00e1strojom <a href=\"http:\/\/www.ehea.info\/index.php\">eur\u00f3pskeho priestoru vysoko\u0161kolsk\u00e9ho vzdel\u00e1vania<\/a> (EHEA) na zv\u00fd\u0161enie transparentnosti vysoko\u0161kolsk\u00e9ho \u0161t\u00fadia, ktor\u00fd umo\u017e\u0148uje, aby kredity z\u00edskan\u00e9 v jednej in\u0161tit\u00facii vysoko\u0161kolsk\u00e9ho vzdel\u00e1vania boli zapo\u010d\u00edtan\u00e9 do programu \u0161tudovan\u00e9ho na inej vysokej \u0161kole.<\/p>\n<\/div>\n\n\n\n<div class=\"wp-block-column is-layout-flow wp-block-column-is-layout-flow\"><style>.kb-image_09a7c0-c8.kb-image-is-ratio-size, .kb-image_09a7c0-c8 .kb-image-is-ratio-size{max-width:200px;width:100%;}.wp-block-kadence-column > .kt-inside-inner-col > .kb-image_09a7c0-c8.kb-image-is-ratio-size, .wp-block-kadence-column > .kt-inside-inner-col > .kb-image_09a7c0-c8 .kb-image-is-ratio-size{align-self:unset;}.kb-image_09a7c0-c8{max-width:200px;}.image-is-svg.kb-image_09a7c0-c8{-webkit-flex:0 1 100%;flex:0 1 100%;}.image-is-svg.kb-image_09a7c0-c8 img{width:100%;}.kb-image_09a7c0-c8 .kb-image-has-overlay:after{opacity:0.3;}<\/style>\n<figure class=\"wp-block-kadence-image kb-image_09a7c0-c8 size-full\"><img loading=\"lazy\" decoding=\"async\" width=\"280\" height=\"169\" src=\"https:\/\/www.upjs.sk\/app\/uploads\/sites\/9\/2022\/09\/ects.gif\" alt=\"credit-system\" class=\"kb-img wp-image-14144\"\/><\/figure>\n<\/div>\n<\/div>\n\n\n\n<p>ECTS syst\u00e9m pom\u00e1ha pri pl\u00e1novan\u00ed, realiz\u00e1cii a hodnoten\u00ed programov vysoko\u0161kolsk\u00e9ho vzdel\u00e1vania. Je \u00fastredn\u00fdm n\u00e1strojom <a href=\"https:\/\/education.ec.europa.eu\/sk\/bolonsky-proces-a-europsky-priestor-vysokoskolskeho-vzdelavania\">bolonsk\u00e9ho procesu<\/a>, ktor\u00e9ho cie\u013eom je dosiahnu\u0165 lep\u0161iu medzin\u00e1rodn\u00fa porovnate\u013enos\u0165 vn\u00fatro\u0161t\u00e1tnych syst\u00e9mov vysoko\u0161kolsk\u00e9ho vzdel\u00e1vania. Pom\u00e1ha \u0161tudentom pri mobilite medzi krajinami, uzn\u00e1van\u00ed akademick\u00fdch titulov a obdob\u00ed \u0161t\u00fadia v zahrani\u010d\u00ed.<\/p>\n\n\n\n<p>ECTS bol zaveden\u00fd vo v\u00e4\u010d\u0161ine kraj\u00edn eur\u00f3pskeho priestoru vysoko\u0161kolsk\u00e9ho vzdel\u00e1vania ako vn\u00fatro\u0161t\u00e1tny syst\u00e9m kreditov a jeho pou\u017e\u00edvanie sa neust\u00e1le roz\u0161iruje. UPJ\u0160 v Ko\u0161iciach m\u00e1 zadefinovan\u00fd sp\u00f4sob pride\u013eovania kreditov na v\u0161etk\u00fdch troch stup\u0148och vysoko\u0161kolsk\u00e9ho vzdel\u00e1vania ako s\u00fa\u010das\u0165 \u0161tudijn\u00e9ho poriadku:<\/p>\n\n\n\n<ul class=\"wp-block-list\">\n<li><a href=\"https:\/\/intranet.upjs.sk\/op\/op.Public.php?documentid=5740\">\u0160tudijn\u00fd poriadok UPJ\u0160 v Ko\u0161iciach pre 1., 2. a spojen\u00fd 1. a 2. stupe\u0148 \u0161t\u00fadia<\/a> informuje v <a href=\"https:\/\/intranet.upjs.sk\/op\/op.Public.php?documentid=5744\">Pr\u00edlohe \u010d.1<\/a> o&nbsp;odpor\u00fa\u010danom sp\u00f4sobe pride\u013eovania kreditov predmetom pri tvorbe \u0161tudijn\u00fdch programov na UPJ\u0160 na 1., 2. a spojenom 1. a 2. stupni \u0161t\u00fadia.<\/li>\n\n\n\n<li><a href=\"https:\/\/intranet.upjs.sk\/op\/op.Public.php?documentid=8176\" target=\"_blank\" aria-label=\"\u0160tudijn\u00fd poriadok doktorandsk\u00e9ho \u0161t\u00fadia UPJ\u0160 v Ko\u0161iciach (opens in a new tab)\" rel=\"noreferrer noopener\" class=\"ek-link\">\u0160tudijn\u00fd poriadok doktorandsk\u00e9ho \u0161t\u00fadia UPJ\u0160 v Ko\u0161iciach<\/a> informuje v <a href=\"https:\/\/intranet.upjs.sk\/op\/op.Public.php?documentid=8703\" target=\"_blank\" aria-label=\"Pr\u00edlohe \u010d. 1 (opens in a new tab)\" rel=\"noreferrer noopener\" class=\"ek-link\">Pr\u00edlohe \u010d. 1<\/a> o odpor\u00fa\u010danom sp\u00f4sobe pride\u013eovania kreditov predmetom pri tvorbe doktorandsk\u00fdch \u0161tudijn\u00fdch programov na UPJ\u0160.<\/li>\n<\/ul>\n\n\n\n<figure class=\"wp-block-image\"><img decoding=\"async\" src=\"http:\/\/www.upjs.sk\/\/app\/uploads\/sites\/9\/2022\/09\/ects.jpg\" alt=\"\"\/><\/figure>\n","protected":false},"excerpt":{"rendered":"<p>V akademickom roku 2001\/2002 bol na Univerzite Pavla Jozefa \u0160af\u00e1rika v Ko\u0161iciach (UPJ\u0160), Lek\u00e1rskej fakulte zaveden\u00fd kreditov\u00fd syst\u00e9m \u0161t\u00fadia, ktor\u00fd je v s\u00falade s Eur\u00f3pskym syst\u00e9mom prenosu a&nbsp;zhroma\u017e\u010fovania kreditov (ECTS). Kredity ECTS umo\u017e\u0148uj\u00fa na z\u00e1klade definovan\u00fdch vzdel\u00e1vac\u00edch v\u00fdstupov a s\u00favisiacej z\u00e1\u0165a\u017ee vz\u00e1jomn\u00e9 porovnanie realizovan\u00e9ho \u0161t\u00fadia, \u010do poskytuje \u0161tudentom v\u00e4\u010d\u0161iu flexibilitu pri v\u00fdbere \u0161tudijn\u00fdch programov. ECTS &hellip; <a href=\"https:\/\/www.upjs.sk\/lekarska-fakulta\/fakulta\/vnutorny-system-hodnotenia-kvality\/ects\/\">\u010c\u00edta\u0165 \u010falej<\/a><\/p>\n","protected":false},"author":1,"featured_media":0,"parent":14108,"menu_order":4,"comment_status":"closed","ping_status":"closed","template":"","meta":{"_acf_changed":false,"_editorskit_title_hidden":false,"_editorskit_reading_time":1,"_editorskit_is_block_options_detached":false,"_editorskit_block_options_position":"{}","footnotes":""},"categories":[],"tags":[],"class_list":["post-14143","page","type-page","status-publish","hentry"],"acf":{"acf_link_na_externy_obsah":""},"yoast_head":"<!-- This site is optimized with the Yoast SEO plugin v27.2 - https:\/\/yoast.com\/product\/yoast-seo-wordpress\/ -->\n<title>Eur\u00f3psky syst\u00e9m prenosu a zhroma\u017e\u010fovania kreditov - Lek\u00e1rska fakulta | UPJ\u0160<\/title>\n<meta name=\"robots\" content=\"index, follow, max-snippet:-1, max-image-preview:large, max-video-preview:-1\" \/>\n<link rel=\"canonical\" href=\"https:\/\/www.upjs.sk\/lekarska-fakulta\/fakulta\/vnutorny-system-hodnotenia-kvality\/ects\/\" \/>\n<meta property=\"og:locale\" content=\"sk_SK\" \/>\n<meta property=\"og:type\" content=\"article\" \/>\n<meta property=\"og:title\" content=\"Eur\u00f3psky syst\u00e9m prenosu a zhroma\u017e\u010fovania kreditov - Lek\u00e1rska fakulta | UPJ\u0160\" \/>\n<meta property=\"og:description\" content=\"V akademickom roku 2001\/2002 bol na Univerzite Pavla Jozefa \u0160af\u00e1rika v Ko\u0161iciach (UPJ\u0160), Lek\u00e1rskej fakulte zaveden\u00fd kreditov\u00fd syst\u00e9m \u0161t\u00fadia, ktor\u00fd je v s\u00falade s Eur\u00f3pskym syst\u00e9mom prenosu a&nbsp;zhroma\u017e\u010fovania kreditov (ECTS). Kredity ECTS umo\u017e\u0148uj\u00fa na z\u00e1klade definovan\u00fdch vzdel\u00e1vac\u00edch v\u00fdstupov a s\u00favisiacej z\u00e1\u0165a\u017ee vz\u00e1jomn\u00e9 porovnanie realizovan\u00e9ho \u0161t\u00fadia, \u010do poskytuje \u0161tudentom v\u00e4\u010d\u0161iu flexibilitu pri v\u00fdbere \u0161tudijn\u00fdch programov. ECTS &hellip; \u010c\u00edta\u0165 \u010falej\" \/>\n<meta property=\"og:url\" content=\"https:\/\/www.upjs.sk\/lekarska-fakulta\/fakulta\/vnutorny-system-hodnotenia-kvality\/ects\/\" \/>\n<meta property=\"og:site_name\" content=\"Lek\u00e1rska fakulta | UPJ\u0160\" \/>\n<meta property=\"article:modified_time\" content=\"2023-09-07T12:31:27+00:00\" \/>\n<meta property=\"og:image\" content=\"https:\/\/www.upjs.sk\/app\/uploads\/sites\/9\/2022\/09\/ects.gif\" \/>\n<meta name=\"twitter:card\" content=\"summary_large_image\" \/>\n<meta name=\"twitter:label1\" content=\"Predpokladan\u00fd \u010das \u010d\u00edtania\" \/>\n\t<meta name=\"twitter:data1\" content=\"2 min\u00faty\" \/>\n<script type=\"application\/ld+json\" class=\"yoast-schema-graph\">{\"@context\":\"https:\/\/schema.org\",\"@graph\":[{\"@type\":\"WebPage\",\"@id\":\"https:\/\/www.upjs.sk\/lekarska-fakulta\/fakulta\/vnutorny-system-hodnotenia-kvality\/ects\/\",\"url\":\"https:\/\/www.upjs.sk\/lekarska-fakulta\/fakulta\/vnutorny-system-hodnotenia-kvality\/ects\/\",\"name\":\"Eur\u00f3psky syst\u00e9m prenosu a zhroma\u017e\u010fovania kreditov - Lek\u00e1rska fakulta | UPJ\u0160\",\"isPartOf\":{\"@id\":\"https:\/\/www.upjs.sk\/lekarska-fakulta\/#website\"},\"primaryImageOfPage\":{\"@id\":\"https:\/\/www.upjs.sk\/lekarska-fakulta\/fakulta\/vnutorny-system-hodnotenia-kvality\/ects\/#primaryimage\"},\"image\":{\"@id\":\"https:\/\/www.upjs.sk\/lekarska-fakulta\/fakulta\/vnutorny-system-hodnotenia-kvality\/ects\/#primaryimage\"},\"thumbnailUrl\":\"https:\/\/www.upjs.sk\/app\/uploads\/sites\/9\/2022\/09\/ects.gif\",\"datePublished\":\"2023-02-03T11:51:47+00:00\",\"dateModified\":\"2023-09-07T12:31:27+00:00\",\"breadcrumb\":{\"@id\":\"https:\/\/www.upjs.sk\/lekarska-fakulta\/fakulta\/vnutorny-system-hodnotenia-kvality\/ects\/#breadcrumb\"},\"inLanguage\":\"sk-SK\",\"potentialAction\":[{\"@type\":\"ReadAction\",\"target\":[\"https:\/\/www.upjs.sk\/lekarska-fakulta\/fakulta\/vnutorny-system-hodnotenia-kvality\/ects\/\"]}]},{\"@type\":\"ImageObject\",\"inLanguage\":\"sk-SK\",\"@id\":\"https:\/\/www.upjs.sk\/lekarska-fakulta\/fakulta\/vnutorny-system-hodnotenia-kvality\/ects\/#primaryimage\",\"url\":\"https:\/\/www.upjs.sk\/app\/uploads\/sites\/9\/2022\/09\/ects.gif\",\"contentUrl\":\"https:\/\/www.upjs.sk\/app\/uploads\/sites\/9\/2022\/09\/ects.gif\"},{\"@type\":\"BreadcrumbList\",\"@id\":\"https:\/\/www.upjs.sk\/lekarska-fakulta\/fakulta\/vnutorny-system-hodnotenia-kvality\/ects\/#breadcrumb\",\"itemListElement\":[{\"@type\":\"ListItem\",\"position\":1,\"name\":\"Home\",\"item\":\"https:\/\/www.upjs.sk\/lekarska-fakulta\/\"},{\"@type\":\"ListItem\",\"position\":2,\"name\":\"O fakulte\",\"item\":\"https:\/\/www.upjs.sk\/lekarska-fakulta\/fakulta\/\"},{\"@type\":\"ListItem\",\"position\":3,\"name\":\"Vn\u00fatorn\u00fd syst\u00e9m hodnotenia kvality\",\"item\":\"https:\/\/www.upjs.sk\/lekarska-fakulta\/fakulta\/vnutorny-system-hodnotenia-kvality\/\"},{\"@type\":\"ListItem\",\"position\":4,\"name\":\"Eur\u00f3psky syst\u00e9m prenosu a zhroma\u017e\u010fovania kreditov\"}]},{\"@type\":\"WebSite\",\"@id\":\"https:\/\/www.upjs.sk\/lekarska-fakulta\/#website\",\"url\":\"https:\/\/www.upjs.sk\/lekarska-fakulta\/\",\"name\":\"Lek\u00e1rska fakulta | UPJ\u0160\",\"description\":\"\",\"publisher\":{\"@id\":\"https:\/\/www.upjs.sk\/lekarska-fakulta\/#organization\"},\"potentialAction\":[{\"@type\":\"SearchAction\",\"target\":{\"@type\":\"EntryPoint\",\"urlTemplate\":\"https:\/\/www.upjs.sk\/lekarska-fakulta\/?s={search_term_string}\"},\"query-input\":{\"@type\":\"PropertyValueSpecification\",\"valueRequired\":true,\"valueName\":\"search_term_string\"}}],\"inLanguage\":\"sk-SK\"},{\"@type\":\"Organization\",\"@id\":\"https:\/\/www.upjs.sk\/lekarska-fakulta\/#organization\",\"name\":\"Lek\u00e1rska fakulta | UPJ\u0160\",\"url\":\"https:\/\/www.upjs.sk\/lekarska-fakulta\/\",\"logo\":{\"@type\":\"ImageObject\",\"inLanguage\":\"sk-SK\",\"@id\":\"https:\/\/www.upjs.sk\/lekarska-fakulta\/#\/schema\/logo\/image\/\",\"url\":\"https:\/\/www.upjs.sk\/app\/uploads\/sites\/9\/2022\/09\/logo-lekarska-fakulta.png\",\"contentUrl\":\"https:\/\/www.upjs.sk\/app\/uploads\/sites\/9\/2022\/09\/logo-lekarska-fakulta.png\",\"width\":415,\"height\":87,\"caption\":\"Lek\u00e1rska fakulta | UPJ\u0160\"},\"image\":{\"@id\":\"https:\/\/www.upjs.sk\/lekarska-fakulta\/#\/schema\/logo\/image\/\"}}]}<\/script>\n<!-- \/ Yoast SEO plugin. -->","yoast_head_json":{"title":"Eur\u00f3psky syst\u00e9m prenosu a zhroma\u017e\u010fovania kreditov - Lek\u00e1rska fakulta | UPJ\u0160","robots":{"index":"index","follow":"follow","max-snippet":"max-snippet:-1","max-image-preview":"max-image-preview:large","max-video-preview":"max-video-preview:-1"},"canonical":"https:\/\/www.upjs.sk\/lekarska-fakulta\/fakulta\/vnutorny-system-hodnotenia-kvality\/ects\/","og_locale":"sk_SK","og_type":"article","og_title":"Eur\u00f3psky syst\u00e9m prenosu a zhroma\u017e\u010fovania kreditov - Lek\u00e1rska fakulta | UPJ\u0160","og_description":"V akademickom roku 2001\/2002 bol na Univerzite Pavla Jozefa \u0160af\u00e1rika v Ko\u0161iciach (UPJ\u0160), Lek\u00e1rskej fakulte zaveden\u00fd kreditov\u00fd syst\u00e9m \u0161t\u00fadia, ktor\u00fd je v s\u00falade s Eur\u00f3pskym syst\u00e9mom prenosu a&nbsp;zhroma\u017e\u010fovania kreditov (ECTS). Kredity ECTS umo\u017e\u0148uj\u00fa na z\u00e1klade definovan\u00fdch vzdel\u00e1vac\u00edch v\u00fdstupov a s\u00favisiacej z\u00e1\u0165a\u017ee vz\u00e1jomn\u00e9 porovnanie realizovan\u00e9ho \u0161t\u00fadia, \u010do poskytuje \u0161tudentom v\u00e4\u010d\u0161iu flexibilitu pri v\u00fdbere \u0161tudijn\u00fdch programov. ECTS &hellip; \u010c\u00edta\u0165 \u010falej","og_url":"https:\/\/www.upjs.sk\/lekarska-fakulta\/fakulta\/vnutorny-system-hodnotenia-kvality\/ects\/","og_site_name":"Lek\u00e1rska fakulta | UPJ\u0160","article_modified_time":"2023-09-07T12:31:27+00:00","og_image":[{"url":"https:\/\/www.upjs.sk\/app\/uploads\/sites\/9\/2022\/09\/ects.gif","type":"","width":"","height":""}],"twitter_card":"summary_large_image","twitter_misc":{"Predpokladan\u00fd \u010das \u010d\u00edtania":"2 min\u00faty"},"schema":{"@context":"https:\/\/schema.org","@graph":[{"@type":"WebPage","@id":"https:\/\/www.upjs.sk\/lekarska-fakulta\/fakulta\/vnutorny-system-hodnotenia-kvality\/ects\/","url":"https:\/\/www.upjs.sk\/lekarska-fakulta\/fakulta\/vnutorny-system-hodnotenia-kvality\/ects\/","name":"Eur\u00f3psky syst\u00e9m prenosu a zhroma\u017e\u010fovania kreditov - Lek\u00e1rska fakulta | UPJ\u0160","isPartOf":{"@id":"https:\/\/www.upjs.sk\/lekarska-fakulta\/#website"},"primaryImageOfPage":{"@id":"https:\/\/www.upjs.sk\/lekarska-fakulta\/fakulta\/vnutorny-system-hodnotenia-kvality\/ects\/#primaryimage"},"image":{"@id":"https:\/\/www.upjs.sk\/lekarska-fakulta\/fakulta\/vnutorny-system-hodnotenia-kvality\/ects\/#primaryimage"},"thumbnailUrl":"https:\/\/www.upjs.sk\/app\/uploads\/sites\/9\/2022\/09\/ects.gif","datePublished":"2023-02-03T11:51:47+00:00","dateModified":"2023-09-07T12:31:27+00:00","breadcrumb":{"@id":"https:\/\/www.upjs.sk\/lekarska-fakulta\/fakulta\/vnutorny-system-hodnotenia-kvality\/ects\/#breadcrumb"},"inLanguage":"sk-SK","potentialAction":[{"@type":"ReadAction","target":["https:\/\/www.upjs.sk\/lekarska-fakulta\/fakulta\/vnutorny-system-hodnotenia-kvality\/ects\/"]}]},{"@type":"ImageObject","inLanguage":"sk-SK","@id":"https:\/\/www.upjs.sk\/lekarska-fakulta\/fakulta\/vnutorny-system-hodnotenia-kvality\/ects\/#primaryimage","url":"https:\/\/www.upjs.sk\/app\/uploads\/sites\/9\/2022\/09\/ects.gif","contentUrl":"https:\/\/www.upjs.sk\/app\/uploads\/sites\/9\/2022\/09\/ects.gif"},{"@type":"BreadcrumbList","@id":"https:\/\/www.upjs.sk\/lekarska-fakulta\/fakulta\/vnutorny-system-hodnotenia-kvality\/ects\/#breadcrumb","itemListElement":[{"@type":"ListItem","position":1,"name":"Home","item":"https:\/\/www.upjs.sk\/lekarska-fakulta\/"},{"@type":"ListItem","position":2,"name":"O fakulte","item":"https:\/\/www.upjs.sk\/lekarska-fakulta\/fakulta\/"},{"@type":"ListItem","position":3,"name":"Vn\u00fatorn\u00fd syst\u00e9m hodnotenia kvality","item":"https:\/\/www.upjs.sk\/lekarska-fakulta\/fakulta\/vnutorny-system-hodnotenia-kvality\/"},{"@type":"ListItem","position":4,"name":"Eur\u00f3psky syst\u00e9m prenosu a zhroma\u017e\u010fovania kreditov"}]},{"@type":"WebSite","@id":"https:\/\/www.upjs.sk\/lekarska-fakulta\/#website","url":"https:\/\/www.upjs.sk\/lekarska-fakulta\/","name":"Lek\u00e1rska fakulta | UPJ\u0160","description":"","publisher":{"@id":"https:\/\/www.upjs.sk\/lekarska-fakulta\/#organization"},"potentialAction":[{"@type":"SearchAction","target":{"@type":"EntryPoint","urlTemplate":"https:\/\/www.upjs.sk\/lekarska-fakulta\/?s={search_term_string}"},"query-input":{"@type":"PropertyValueSpecification","valueRequired":true,"valueName":"search_term_string"}}],"inLanguage":"sk-SK"},{"@type":"Organization","@id":"https:\/\/www.upjs.sk\/lekarska-fakulta\/#organization","name":"Lek\u00e1rska fakulta | UPJ\u0160","url":"https:\/\/www.upjs.sk\/lekarska-fakulta\/","logo":{"@type":"ImageObject","inLanguage":"sk-SK","@id":"https:\/\/www.upjs.sk\/lekarska-fakulta\/#\/schema\/logo\/image\/","url":"https:\/\/www.upjs.sk\/app\/uploads\/sites\/9\/2022\/09\/logo-lekarska-fakulta.png","contentUrl":"https:\/\/www.upjs.sk\/app\/uploads\/sites\/9\/2022\/09\/logo-lekarska-fakulta.png","width":415,"height":87,"caption":"Lek\u00e1rska fakulta | UPJ\u0160"},"image":{"@id":"https:\/\/www.upjs.sk\/lekarska-fakulta\/#\/schema\/logo\/image\/"}}]}},"_links":{"self":[{"href":"https:\/\/www.upjs.sk\/lekarska-fakulta\/wp-json\/wp\/v2\/pages\/14143","targetHints":{"allow":["GET"]}}],"collection":[{"href":"https:\/\/www.upjs.sk\/lekarska-fakulta\/wp-json\/wp\/v2\/pages"}],"about":[{"href":"https:\/\/www.upjs.sk\/lekarska-fakulta\/wp-json\/wp\/v2\/types\/page"}],"author":[{"embeddable":true,"href":"https:\/\/www.upjs.sk\/lekarska-fakulta\/wp-json\/wp\/v2\/users\/1"}],"replies":[{"embeddable":true,"href":"https:\/\/www.upjs.sk\/lekarska-fakulta\/wp-json\/wp\/v2\/comments?post=14143"}],"version-history":[{"count":8,"href":"https:\/\/www.upjs.sk\/lekarska-fakulta\/wp-json\/wp\/v2\/pages\/14143\/revisions"}],"predecessor-version":[{"id":95264,"href":"https:\/\/www.upjs.sk\/lekarska-fakulta\/wp-json\/wp\/v2\/pages\/14143\/revisions\/95264"}],"up":[{"embeddable":true,"href":"https:\/\/www.upjs.sk\/lekarska-fakulta\/wp-json\/wp\/v2\/pages\/14108"}],"wp:attachment":[{"href":"https:\/\/www.upjs.sk\/lekarska-fakulta\/wp-json\/wp\/v2\/media?parent=14143"}],"wp:term":[{"taxonomy":"category","embeddable":true,"href":"https:\/\/www.upjs.sk\/lekarska-fakulta\/wp-json\/wp\/v2\/categories?post=14143"},{"taxonomy":"post_tag","embeddable":true,"href":"https:\/\/www.upjs.sk\/lekarska-fakulta\/wp-json\/wp\/v2\/tags?post=14143"}],"curies":[{"name":"wp","href":"https:\/\/api.w.org\/{rel}","templated":true}]}}