{"id":14147,"date":"2023-02-03T12:54:08","date_gmt":"2023-02-03T11:54:08","guid":{"rendered":"https:\/\/www.upjs.sk\/lekarska-fakulta\/root\/vnutorny-system-hodnotenia-kvality\/vyhodnotenie-dotaznikov\/"},"modified":"2025-10-07T13:58:40","modified_gmt":"2025-10-07T12:58:40","slug":"vyhodnotenie-dotaznikov","status":"publish","type":"page","link":"https:\/\/www.upjs.sk\/lekarska-fakulta\/fakulta\/vnutorny-system-hodnotenia-kvality\/vyhodnotenie-dotaznikov\/","title":{"rendered":"Vyhodnotenie dotazn\u00edkov\u00fdch prieskumov spokojnosti \u0161tudentov s v\u00fdu\u010dbou"},"content":{"rendered":"\n<ul class=\"wp-block-list\">\n<li>Z\u00e1sady pre z\u00edskavanie sp\u00e4tnej v\u00e4zby na \u00fa\u010dely hodnotenia kvality vzdel\u00e1vacej \u010dinnosti, tvorivej \u010dinnosti a podporn\u00fdch \u010dinnost\u00ed na Univerzite Pavla Jozefa \u0160af\u00e1rika \u2013 <a href=\"https:\/\/intranet.upjs.sk\/op\/op.Public.php?documentid=4413\">Rozhodnutie rektora \u010d. 13\/2021<\/a><\/li>\n\n\n\n<li><strong>Vyhodnotenie dotazn\u00edkov\u00fdch prieskumov spokojnosti \u0161tudentov s&nbsp;v\u00fdu\u010dbou na fakulte<\/strong>\n\n\n<ul class=\"wp-block-list\">\n<li>AR 2024\/2025 <a href=\"https:\/\/www.upjs.sk\/app\/uploads\/sites\/9\/2025\/10\/Hodnotenie-vyucboveho-procesu-na-UPJS-LF-za-ZS-AR-2024_2025_SK.pdf\">ZS<\/a> a <a href=\"https:\/\/www.upjs.sk\/app\/uploads\/sites\/9\/2025\/10\/Hodnotenie-kvality-vzdelavania-na-UPJS-LF-v-LS-AR-24_25_SK.pdf\">LS<\/a><\/li>\n\n\n\n<li><a href=\"https:\/\/www.upjs.sk\/app\/uploads\/sites\/9\/2025\/10\/Vyhodnotenie-dotaznikov-22_23.pdf\">AR 2022\/2023<\/a><\/li>\n\n\n\n<li><a aria-label=\"AR 2021\/2022 (opens in a new tab)\" class=\"ek-link\" href=\"https:\/\/www.upjs.sk\/app\/uploads\/sites\/9\/2023\/08\/Vyhodnotenie_dotaznikov_21_22.pdf\" target=\"_blank\" rel=\"noreferrer noopener\">AR 2021\/2022<\/a><\/li>\n\n\n\n<li><a href=\"https:\/\/www.upjs.sk\/app\/uploads\/sites\/9\/2025\/10\/Hodnotenie-spokojnosti-absolventov-20_21.pdf\">AR 2020\/2021<\/a><\/li>\n<\/ul>\n\n\n\n<ul class=\"wp-block-list\">\n<li>AR 2019\/2020 <a href=\"https:\/\/www.upjs.sk\/app\/uploads\/sites\/9\/2022\/09\/Hodnotenie-distancnej-vyucby-UPJS-LF-VL.pdf\" class=\"ek-link\">VL<\/a> a <a href=\"https:\/\/www.upjs.sk\/app\/uploads\/sites\/9\/2022\/09\/Hodnotenie-distancnej-vycby-UPJS-LF-ZL.pdf\" class=\"ek-link\">ZL<\/a><\/li>\n\n\n\n<li><a href=\"https:\/\/www.upjs.sk\/app\/uploads\/sites\/9\/2022\/09\/St_evaluacia_-2017_2018.pdf\" class=\"ek-link\">AR 2017\/2018<\/a><\/li>\n\n\n\n<li><a href=\"https:\/\/www.upjs.sk\/app\/uploads\/sites\/9\/2023\/01\/vyhodnotenie-LF-2016-17.pdf\" class=\"ek-link\">AR 2016\/2017<\/a><\/li>\n\n\n\n<li><a href=\"https:\/\/www.upjs.sk\/app\/uploads\/sites\/9\/2023\/01\/vyhodnotenie-LF-2015-16.pdf\" class=\"ek-link\">AR 2015\/2016<\/a><\/li>\n<\/ul>\n<\/li>\n\n\n\n<li><strong><a href=\"https:\/\/www.upjs.sk\/kvalita\/indikatory\/overovanie\/prieskumy\/\" class=\"ek-link\">Vyhodnotenie dotazn\u00edkov\u00fdch prieskumov spokojnosti \u0161tudentov s&nbsp;v\u00fdu\u010dbou na univerzite<\/a><\/strong><\/li>\n<\/ul>\n\n\n<style>.wp-block-kadence-advancedheading.kt-adv-heading14147_f0f000-6d, .wp-block-kadence-advancedheading.kt-adv-heading14147_f0f000-6d[data-kb-block=\"kb-adv-heading14147_f0f000-6d\"]{font-style:normal;}.wp-block-kadence-advancedheading.kt-adv-heading14147_f0f000-6d mark.kt-highlight, .wp-block-kadence-advancedheading.kt-adv-heading14147_f0f000-6d[data-kb-block=\"kb-adv-heading14147_f0f000-6d\"] mark.kt-highlight{font-style:normal;color:#f76a0c;-webkit-box-decoration-break:clone;box-decoration-break:clone;padding-top:0px;padding-right:0px;padding-bottom:0px;padding-left:0px;}<\/style>\n<p class=\"kt-adv-heading14147_f0f000-6d wp-block-kadence-advancedheading\" data-kb-block=\"kb-adv-heading14147_f0f000-6d\"><\/p>\n","protected":false},"excerpt":{"rendered":"","protected":false},"author":1,"featured_media":0,"parent":14108,"menu_order":5,"comment_status":"closed","ping_status":"closed","template":"","meta":{"_acf_changed":false,"_editorskit_title_hidden":false,"_editorskit_reading_time":1,"_editorskit_is_block_options_detached":false,"_editorskit_block_options_position":"{}","footnotes":""},"categories":[],"tags":[],"class_list":["post-14147","page","type-page","status-publish","hentry"],"acf":{"acf_link_na_externy_obsah":""},"yoast_head":"<!-- This site is optimized with the Yoast SEO plugin v27.4 - https:\/\/yoast.com\/product\/yoast-seo-wordpress\/ -->\n<title>Vyhodnotenie dotazn\u00edkov\u00fdch prieskumov spokojnosti \u0161tudentov s v\u00fdu\u010dbou - Lek\u00e1rska fakulta | UPJ\u0160<\/title>\n<meta name=\"robots\" content=\"index, follow, max-snippet:-1, max-image-preview:large, max-video-preview:-1\" \/>\n<link rel=\"canonical\" href=\"https:\/\/www.upjs.sk\/lekarska-fakulta\/fakulta\/vnutorny-system-hodnotenia-kvality\/vyhodnotenie-dotaznikov\/\" \/>\n<meta property=\"og:locale\" content=\"sk_SK\" \/>\n<meta property=\"og:type\" content=\"article\" \/>\n<meta property=\"og:title\" content=\"Vyhodnotenie dotazn\u00edkov\u00fdch prieskumov spokojnosti \u0161tudentov s v\u00fdu\u010dbou - Lek\u00e1rska fakulta | UPJ\u0160\" \/>\n<meta property=\"og:url\" content=\"https:\/\/www.upjs.sk\/lekarska-fakulta\/fakulta\/vnutorny-system-hodnotenia-kvality\/vyhodnotenie-dotaznikov\/\" \/>\n<meta property=\"og:site_name\" content=\"Lek\u00e1rska fakulta | UPJ\u0160\" \/>\n<meta property=\"article:modified_time\" content=\"2025-10-07T12:58:40+00:00\" \/>\n<meta name=\"twitter:card\" content=\"summary_large_image\" \/>\n<meta name=\"twitter:label1\" content=\"Predpokladan\u00fd \u010das \u010d\u00edtania\" \/>\n\t<meta name=\"twitter:data1\" content=\"1 min\u00fata\" \/>\n<script type=\"application\/ld+json\" class=\"yoast-schema-graph\">{\"@context\":\"https:\\\/\\\/schema.org\",\"@graph\":[{\"@type\":\"WebPage\",\"@id\":\"https:\\\/\\\/www.upjs.sk\\\/lekarska-fakulta\\\/fakulta\\\/vnutorny-system-hodnotenia-kvality\\\/vyhodnotenie-dotaznikov\\\/\",\"url\":\"https:\\\/\\\/www.upjs.sk\\\/lekarska-fakulta\\\/fakulta\\\/vnutorny-system-hodnotenia-kvality\\\/vyhodnotenie-dotaznikov\\\/\",\"name\":\"Vyhodnotenie dotazn\u00edkov\u00fdch prieskumov spokojnosti \u0161tudentov s v\u00fdu\u010dbou - Lek\u00e1rska fakulta | UPJ\u0160\",\"isPartOf\":{\"@id\":\"https:\\\/\\\/www.upjs.sk\\\/lekarska-fakulta\\\/#website\"},\"datePublished\":\"2023-02-03T11:54:08+00:00\",\"dateModified\":\"2025-10-07T12:58:40+00:00\",\"breadcrumb\":{\"@id\":\"https:\\\/\\\/www.upjs.sk\\\/lekarska-fakulta\\\/fakulta\\\/vnutorny-system-hodnotenia-kvality\\\/vyhodnotenie-dotaznikov\\\/#breadcrumb\"},\"inLanguage\":\"sk-SK\",\"potentialAction\":[{\"@type\":\"ReadAction\",\"target\":[\"https:\\\/\\\/www.upjs.sk\\\/lekarska-fakulta\\\/fakulta\\\/vnutorny-system-hodnotenia-kvality\\\/vyhodnotenie-dotaznikov\\\/\"]}]},{\"@type\":\"BreadcrumbList\",\"@id\":\"https:\\\/\\\/www.upjs.sk\\\/lekarska-fakulta\\\/fakulta\\\/vnutorny-system-hodnotenia-kvality\\\/vyhodnotenie-dotaznikov\\\/#breadcrumb\",\"itemListElement\":[{\"@type\":\"ListItem\",\"position\":1,\"name\":\"Home\",\"item\":\"https:\\\/\\\/www.upjs.sk\\\/lekarska-fakulta\\\/\"},{\"@type\":\"ListItem\",\"position\":2,\"name\":\"O fakulte\",\"item\":\"https:\\\/\\\/www.upjs.sk\\\/lekarska-fakulta\\\/fakulta\\\/\"},{\"@type\":\"ListItem\",\"position\":3,\"name\":\"Vn\u00fatorn\u00fd syst\u00e9m hodnotenia kvality\",\"item\":\"https:\\\/\\\/www.upjs.sk\\\/lekarska-fakulta\\\/fakulta\\\/vnutorny-system-hodnotenia-kvality\\\/\"},{\"@type\":\"ListItem\",\"position\":4,\"name\":\"Vyhodnotenie dotazn\u00edkov\u00fdch prieskumov spokojnosti \u0161tudentov s v\u00fdu\u010dbou\"}]},{\"@type\":\"WebSite\",\"@id\":\"https:\\\/\\\/www.upjs.sk\\\/lekarska-fakulta\\\/#website\",\"url\":\"https:\\\/\\\/www.upjs.sk\\\/lekarska-fakulta\\\/\",\"name\":\"Lek\u00e1rska fakulta | UPJ\u0160\",\"description\":\"\",\"publisher\":{\"@id\":\"https:\\\/\\\/www.upjs.sk\\\/lekarska-fakulta\\\/#organization\"},\"potentialAction\":[{\"@type\":\"SearchAction\",\"target\":{\"@type\":\"EntryPoint\",\"urlTemplate\":\"https:\\\/\\\/www.upjs.sk\\\/lekarska-fakulta\\\/?s={search_term_string}\"},\"query-input\":{\"@type\":\"PropertyValueSpecification\",\"valueRequired\":true,\"valueName\":\"search_term_string\"}}],\"inLanguage\":\"sk-SK\"},{\"@type\":\"Organization\",\"@id\":\"https:\\\/\\\/www.upjs.sk\\\/lekarska-fakulta\\\/#organization\",\"name\":\"Lek\u00e1rska fakulta | UPJ\u0160\",\"url\":\"https:\\\/\\\/www.upjs.sk\\\/lekarska-fakulta\\\/\",\"logo\":{\"@type\":\"ImageObject\",\"inLanguage\":\"sk-SK\",\"@id\":\"https:\\\/\\\/www.upjs.sk\\\/lekarska-fakulta\\\/#\\\/schema\\\/logo\\\/image\\\/\",\"url\":\"https:\\\/\\\/www.upjs.sk\\\/app\\\/uploads\\\/sites\\\/9\\\/2022\\\/09\\\/logo-lekarska-fakulta.png\",\"contentUrl\":\"https:\\\/\\\/www.upjs.sk\\\/app\\\/uploads\\\/sites\\\/9\\\/2022\\\/09\\\/logo-lekarska-fakulta.png\",\"width\":415,\"height\":87,\"caption\":\"Lek\u00e1rska fakulta | UPJ\u0160\"},\"image\":{\"@id\":\"https:\\\/\\\/www.upjs.sk\\\/lekarska-fakulta\\\/#\\\/schema\\\/logo\\\/image\\\/\"}}]}<\/script>\n<!-- \/ Yoast SEO plugin. -->","yoast_head_json":{"title":"Vyhodnotenie dotazn\u00edkov\u00fdch prieskumov spokojnosti \u0161tudentov s v\u00fdu\u010dbou - Lek\u00e1rska fakulta | UPJ\u0160","robots":{"index":"index","follow":"follow","max-snippet":"max-snippet:-1","max-image-preview":"max-image-preview:large","max-video-preview":"max-video-preview:-1"},"canonical":"https:\/\/www.upjs.sk\/lekarska-fakulta\/fakulta\/vnutorny-system-hodnotenia-kvality\/vyhodnotenie-dotaznikov\/","og_locale":"sk_SK","og_type":"article","og_title":"Vyhodnotenie dotazn\u00edkov\u00fdch prieskumov spokojnosti \u0161tudentov s v\u00fdu\u010dbou - Lek\u00e1rska fakulta | UPJ\u0160","og_url":"https:\/\/www.upjs.sk\/lekarska-fakulta\/fakulta\/vnutorny-system-hodnotenia-kvality\/vyhodnotenie-dotaznikov\/","og_site_name":"Lek\u00e1rska fakulta | UPJ\u0160","article_modified_time":"2025-10-07T12:58:40+00:00","twitter_card":"summary_large_image","twitter_misc":{"Predpokladan\u00fd \u010das \u010d\u00edtania":"1 min\u00fata"},"schema":{"@context":"https:\/\/schema.org","@graph":[{"@type":"WebPage","@id":"https:\/\/www.upjs.sk\/lekarska-fakulta\/fakulta\/vnutorny-system-hodnotenia-kvality\/vyhodnotenie-dotaznikov\/","url":"https:\/\/www.upjs.sk\/lekarska-fakulta\/fakulta\/vnutorny-system-hodnotenia-kvality\/vyhodnotenie-dotaznikov\/","name":"Vyhodnotenie dotazn\u00edkov\u00fdch prieskumov spokojnosti \u0161tudentov s v\u00fdu\u010dbou - Lek\u00e1rska fakulta | UPJ\u0160","isPartOf":{"@id":"https:\/\/www.upjs.sk\/lekarska-fakulta\/#website"},"datePublished":"2023-02-03T11:54:08+00:00","dateModified":"2025-10-07T12:58:40+00:00","breadcrumb":{"@id":"https:\/\/www.upjs.sk\/lekarska-fakulta\/fakulta\/vnutorny-system-hodnotenia-kvality\/vyhodnotenie-dotaznikov\/#breadcrumb"},"inLanguage":"sk-SK","potentialAction":[{"@type":"ReadAction","target":["https:\/\/www.upjs.sk\/lekarska-fakulta\/fakulta\/vnutorny-system-hodnotenia-kvality\/vyhodnotenie-dotaznikov\/"]}]},{"@type":"BreadcrumbList","@id":"https:\/\/www.upjs.sk\/lekarska-fakulta\/fakulta\/vnutorny-system-hodnotenia-kvality\/vyhodnotenie-dotaznikov\/#breadcrumb","itemListElement":[{"@type":"ListItem","position":1,"name":"Home","item":"https:\/\/www.upjs.sk\/lekarska-fakulta\/"},{"@type":"ListItem","position":2,"name":"O fakulte","item":"https:\/\/www.upjs.sk\/lekarska-fakulta\/fakulta\/"},{"@type":"ListItem","position":3,"name":"Vn\u00fatorn\u00fd syst\u00e9m hodnotenia kvality","item":"https:\/\/www.upjs.sk\/lekarska-fakulta\/fakulta\/vnutorny-system-hodnotenia-kvality\/"},{"@type":"ListItem","position":4,"name":"Vyhodnotenie dotazn\u00edkov\u00fdch prieskumov spokojnosti \u0161tudentov s v\u00fdu\u010dbou"}]},{"@type":"WebSite","@id":"https:\/\/www.upjs.sk\/lekarska-fakulta\/#website","url":"https:\/\/www.upjs.sk\/lekarska-fakulta\/","name":"Lek\u00e1rska fakulta | UPJ\u0160","description":"","publisher":{"@id":"https:\/\/www.upjs.sk\/lekarska-fakulta\/#organization"},"potentialAction":[{"@type":"SearchAction","target":{"@type":"EntryPoint","urlTemplate":"https:\/\/www.upjs.sk\/lekarska-fakulta\/?s={search_term_string}"},"query-input":{"@type":"PropertyValueSpecification","valueRequired":true,"valueName":"search_term_string"}}],"inLanguage":"sk-SK"},{"@type":"Organization","@id":"https:\/\/www.upjs.sk\/lekarska-fakulta\/#organization","name":"Lek\u00e1rska fakulta | UPJ\u0160","url":"https:\/\/www.upjs.sk\/lekarska-fakulta\/","logo":{"@type":"ImageObject","inLanguage":"sk-SK","@id":"https:\/\/www.upjs.sk\/lekarska-fakulta\/#\/schema\/logo\/image\/","url":"https:\/\/www.upjs.sk\/app\/uploads\/sites\/9\/2022\/09\/logo-lekarska-fakulta.png","contentUrl":"https:\/\/www.upjs.sk\/app\/uploads\/sites\/9\/2022\/09\/logo-lekarska-fakulta.png","width":415,"height":87,"caption":"Lek\u00e1rska fakulta | UPJ\u0160"},"image":{"@id":"https:\/\/www.upjs.sk\/lekarska-fakulta\/#\/schema\/logo\/image\/"}}]}},"_links":{"self":[{"href":"https:\/\/www.upjs.sk\/lekarska-fakulta\/wp-json\/wp\/v2\/pages\/14147","targetHints":{"allow":["GET"]}}],"collection":[{"href":"https:\/\/www.upjs.sk\/lekarska-fakulta\/wp-json\/wp\/v2\/pages"}],"about":[{"href":"https:\/\/www.upjs.sk\/lekarska-fakulta\/wp-json\/wp\/v2\/types\/page"}],"author":[{"embeddable":true,"href":"https:\/\/www.upjs.sk\/lekarska-fakulta\/wp-json\/wp\/v2\/users\/1"}],"replies":[{"embeddable":true,"href":"https:\/\/www.upjs.sk\/lekarska-fakulta\/wp-json\/wp\/v2\/comments?post=14147"}],"version-history":[{"count":11,"href":"https:\/\/www.upjs.sk\/lekarska-fakulta\/wp-json\/wp\/v2\/pages\/14147\/revisions"}],"predecessor-version":[{"id":145730,"href":"https:\/\/www.upjs.sk\/lekarska-fakulta\/wp-json\/wp\/v2\/pages\/14147\/revisions\/145730"}],"up":[{"embeddable":true,"href":"https:\/\/www.upjs.sk\/lekarska-fakulta\/wp-json\/wp\/v2\/pages\/14108"}],"wp:attachment":[{"href":"https:\/\/www.upjs.sk\/lekarska-fakulta\/wp-json\/wp\/v2\/media?parent=14147"}],"wp:term":[{"taxonomy":"category","embeddable":true,"href":"https:\/\/www.upjs.sk\/lekarska-fakulta\/wp-json\/wp\/v2\/categories?post=14147"},{"taxonomy":"post_tag","embeddable":true,"href":"https:\/\/www.upjs.sk\/lekarska-fakulta\/wp-json\/wp\/v2\/tags?post=14147"}],"curies":[{"name":"wp","href":"https:\/\/api.w.org\/{rel}","templated":true}]}}