{"id":14488,"date":"2022-07-06T15:05:17","date_gmt":"2022-07-06T15:05:17","guid":{"rendered":"https:\/\/www.upjs.sk\/lekarska-fakulta\/root\/volne-pracovne-miesta\/"},"modified":"2026-02-17T13:41:49","modified_gmt":"2026-02-17T12:41:49","slug":"volne-pracovne-miesta","status":"publish","type":"page","link":"https:\/\/www.upjs.sk\/lekarska-fakulta\/fakulta\/volne-pracovne-miesta\/","title":{"rendered":"V\u00fdberov\u00e9 konania"},"content":{"rendered":"\n<p><a class=\"ek-link\" href=\"https:\/\/www.upjs.sk\/app\/uploads\/sites\/9\/2023\/01\/informacia-cl-13-povinnost-eu-parlamentu-a-rady-eu-2016.pdf\">Inform\u00e1cia pod\u013ea \u010cl. 13 Nariadenia Eur\u00f3pskeho parlamentu a Rady E\u00da \u010d. 2016\/679 z 27. apr\u00edla 2016 o ochrane fyzick\u00fdch os\u00f4b pri sprac\u00favan\u00ed osobn\u00fdch \u00fadajov a o vo\u013enom pohybe tak\u00fdchto \u00fadajov, ktor\u00fdm sa zru\u0161uje smernica \u010d. 95\/46\/ES (v\u0161eobecn\u00e9 nariadenie o ochrane \u00fadajov)<\/a><\/p>\n\n\n\n<ul class=\"wp-block-list\">\n<li><a href=\"https:\/\/www.upjs.sk\/lekarska-fakulta\/fakulta\/volne-pracovne-miesta\/vk-ucitelia\/\" class=\"ek-link\">V\u00fdberov\u00e9 konania na obsadzovanie miest vysoko\u0161kolsk\u00fdch u\u010dite\u013eov<\/a><\/li>\n\n\n\n<li><a href=\"https:\/\/www.upjs.sk\/lekarska-fakulta\/fakulta\/volne-pracovne-miesta\/zverejnenie-udajov\/\" class=\"ek-link\">Zverejnenie \u00fadajov z v\u00fdberov\u00fdch konan\u00ed<\/a><\/li>\n\n\n\n<li><a href=\"https:\/\/www.upjs.sk\/lekarska-fakulta\/fakulta\/volne-pracovne-miesta\/vk-ostatne\/\" class=\"ek-link\">Ostatn\u00e9 v\u00fdberov\u00e9 konania<\/a><\/li>\n\n\n\n<li><a href=\"https:\/\/www.upjs.sk\/lekarska-fakulta\/fakulta\/volne-pracovne-miesta\/vk-dalsie-informacie\/\" class=\"ek-link\">\u010eal\u0161ie inform\u00e1cie &#8211; vn\u00fatorn\u00e9 predpisy<\/a><\/li>\n<\/ul>\n\n\n<style>.wp-block-kadence-spacer.kt-block-spacer-14488_c2cb95-8f .kt-block-spacer{height:30px;}.wp-block-kadence-spacer.kt-block-spacer-14488_c2cb95-8f .kt-divider{border-top-width:6px;border-top-color:#C92432;width:10%;border-top-style:dotted;}<\/style>\n<div class=\"wp-block-kadence-spacer aligncenter kt-block-spacer-14488_c2cb95-8f\"><div class=\"kt-block-spacer kt-block-spacer-halign-center\"><hr class=\"kt-divider\"\/><\/div><\/div>\n\n\n<style>.wp-block-kadence-advancedheading.kt-adv-heading14488_0ee5fc-c1, .wp-block-kadence-advancedheading.kt-adv-heading14488_0ee5fc-c1[data-kb-block=\"kb-adv-heading14488_0ee5fc-c1\"]{font-style:normal;}.wp-block-kadence-advancedheading.kt-adv-heading14488_0ee5fc-c1 mark.kt-highlight, .wp-block-kadence-advancedheading.kt-adv-heading14488_0ee5fc-c1[data-kb-block=\"kb-adv-heading14488_0ee5fc-c1\"] mark.kt-highlight{font-style:normal;color:#f76a0c;-webkit-box-decoration-break:clone;box-decoration-break:clone;padding-top:0px;padding-right:0px;padding-bottom:0px;padding-left:0px;}<\/style>\n<h4 class=\"kt-adv-heading14488_0ee5fc-c1 wp-block-kadence-advancedheading\" data-kb-block=\"kb-adv-heading14488_0ee5fc-c1\">Vo\u013en\u00e9 pracovn\u00e9 miesta<\/h4>\n\n\n\n<p class=\"has--font-size\"><strong>1 pracovn\u00e9 miesto laboranta na \u00dastave patol\u00f3gie UPJ\u0160 LF<\/strong> <br>Kvalifika\u010dn\u00e9 predpoklady a in\u00e9 krit\u00e9ria a po\u017eiadavky:<\/p>\n\n\n\n<ul class=\"wp-block-list has--font-size has-,,-font-size\">\n<li>ukon\u010den\u00e9 vzdelanie v odbore zdravotn\u00edcky laborant <\/li>\n\n\n\n<li>mor\u00e1lna bez\u00fahonnos\u0165 <\/li>\n\n\n\n<li>znalos\u0165 anglick\u00e9ho jazyka v\u00edtan\u00e1 <\/li>\n\n\n\n<li>prax v odbore v\u00edtan\u00e1<\/li>\n<\/ul>\n\n\n\n<p class=\"has--font-size\">Pon\u00fakan\u00e1 mzda: v s\u00falade so z\u00e1konom \u010d. 553\/2003 Z. z. o odme\u0148ovan\u00ed niektor\u00fdch zamestnancov pri v\u00fdkone pr\u00e1ce vo verejnom z\u00e1ujme a o zmene a doplnen\u00ed niektor\u00fdch z\u00e1konov v znen\u00ed neskor\u0161\u00edch predpisov.<\/p>\n\n\n\n<p class=\"has--font-size\">Predpokladan\u00fd n\u00e1stup: ihne\u010f <br>Kontaktn\u00e1 adresa: <br>\u00dastav patol\u00f3gie UPJ\u0160 LF <br>Rastislavova 43 <br>040 01 Ko\u0161ice <br>e-mail: <a href=\"eva.filipova@upjs.sk\">eva.filipova@upjs.sk <\/a><br>Tel.: 055\/234 3472<\/p>\n\n\n<style>.wp-block-kadence-spacer.kt-block-spacer-14488_08c917-41 .kt-block-spacer{height:10px;}.wp-block-kadence-spacer.kt-block-spacer-14488_08c917-41 .kt-divider{border-top-width:2px;border-top-color:#D6D6D6;width:80%;border-top-style:solid;}<\/style>\n<div class=\"wp-block-kadence-spacer aligncenter kt-block-spacer-14488_08c917-41\"><div class=\"kt-block-spacer kt-block-spacer-halign-center\"><hr class=\"kt-divider\"\/><\/div><\/div>\n\n\n\n<p><strong>1 pracovn\u00e9 miesto lektora<\/strong> na O\u010dnej klinike UNLP a LF UPJ\u0160 v Ko\u0161iciach<br>Kvalifika\u010dn\u00e9 predpoklady a in\u00e9 krit\u00e9ria a po\u017eiadavky:<\/p>\n\n\n\n<ul class=\"wp-block-list\">\n<li>ukon\u010den\u00e9 V\u0160 vzdelanie (absolvent lek\u00e1rskej fakulty, odbor: v\u0161eobecn\u00e9 lek\u00e1rstvo)<\/li>\n\n\n\n<li>prax v odbore v\u00edtan\u00e1<\/li>\n\n\n\n<li>akt\u00edvna znalos\u0165 anglick\u00e9ho jazyka v\u00edtan\u00e1<\/li>\n<\/ul>\n\n\n\n<p>Pon\u00fakan\u00e1 mzda: v s\u00falade so z\u00e1konom \u010d. 553\/2003 Z. z. o odme\u0148ovan\u00ed niektor\u00fdch zamestnancov pri v\u00fdkone pr\u00e1ce vo verejnom z\u00e1ujme a o zmene a doplnen\u00ed niektor\u00fdch z\u00e1konov v znen\u00ed neskor\u0161\u00edch predpisov.<br>Predpokladan\u00fd n\u00e1stup: ihne\u010f<br>Kontaktn\u00e1 adresa:<br>O\u010dn\u00e1 klinika UNLP a LF UPJ\u0160<br>Tr.SNP 1<br>040 01 Ko\u0161ice<br>e-mail: <a href=\"mailto:marek.hornak@upjs.sk\">marek.hornak@upjs.sk<\/a>, ocne.snp@unlp.sk<br>Tel.: 055 640 3780<\/p>\n\n\n<style>.wp-block-kadence-spacer.kt-block-spacer-14488_70df33-f3 .kt-block-spacer{height:10px;}.wp-block-kadence-spacer.kt-block-spacer-14488_70df33-f3 .kt-divider{border-top-width:2px;border-top-color:#D6D6D6;width:80%;border-top-style:solid;}<\/style>\n<div class=\"wp-block-kadence-spacer aligncenter kt-block-spacer-14488_70df33-f3\"><div class=\"kt-block-spacer kt-block-spacer-halign-center\"><hr class=\"kt-divider\"\/><\/div><\/div>\n\n\n<style>.wp-block-kadence-advancedheading.kt-adv-heading14488_b622ce-76, .wp-block-kadence-advancedheading.kt-adv-heading14488_b622ce-76[data-kb-block=\"kb-adv-heading14488_b622ce-76\"]{font-style:normal;}.wp-block-kadence-advancedheading.kt-adv-heading14488_b622ce-76 mark.kt-highlight, .wp-block-kadence-advancedheading.kt-adv-heading14488_b622ce-76[data-kb-block=\"kb-adv-heading14488_b622ce-76\"] mark.kt-highlight{font-style:normal;color:#f76a0c;-webkit-box-decoration-break:clone;box-decoration-break:clone;padding-top:0px;padding-right:0px;padding-bottom:0px;padding-left:0px;}<\/style>\n<p id=\"ulism-inf\" class=\"kt-adv-heading14488_b622ce-76 wp-block-kadence-advancedheading\" data-kb-block=\"kb-adv-heading14488_b622ce-76\"><a name=\"miesto-ulism-it\"><\/a><strong>1 pracovn\u00e9 miesto <strong>lektora \/ odborn\u00e9ho asistenta<\/strong><\/strong> na \u00dastave lek\u00e1rskej informatiky a simul\u00e1torovej medic\u00edny UPJ\u0160 LF (zastupovanie po\u010das RD\/MD)<br><span class=\"ek-underline\" style=\"text-decoration: underline;\">N\u00e1pl\u0148 pr\u00e1ce:<\/span> V\u00fdu\u010dba a v\u00fdskum v oblasti <strong><mark style=\"background-color:rgba(0, 0, 0, 0)\" class=\"has-inline-color has-lekarska-f-color\">informatiky a \u0161tatistiky<\/mark><\/strong>.<br>Kvalifika\u010dn\u00e9 predpoklady a in\u00e9 krit\u00e9ria a po\u017eiadavky:<\/p>\n\n\n\n<ul class=\"wp-block-list\">\n<li>ukon\u010den\u00e9 vysoko\u0161kolsk\u00e9 vzdelanie II. stup\u0148a technick\u00e9ho zamerania (lektor), alebo<\/li>\n\n\n\n<li>ukon\u010den\u00e9 vysoko\u0161kolsk\u00e9 vzdelanie III. stup\u0148a v pr\u00edslu\u0161nom \u0161tudijnom programe (odborn\u00fd asistent)<\/li>\n\n\n\n<li>akt\u00edvna publika\u010dn\u00e1 \u010dinnos\u0165<\/li>\n\n\n\n<li>prax v oblasti informatiky a \u0161tatistick\u00e9ho spracovania \u00fadajov<\/li>\n\n\n\n<li>\u00fa\u010das\u0165 na grantov\u00fdch projektoch<\/li>\n\n\n\n<li>akt\u00edvna znalos\u0165 anglick\u00e9ho jazyka<\/li>\n\n\n\n<li>mor\u00e1lna bez\u00fahonnos\u0165<\/li>\n<\/ul>\n\n\n\n<p><span class=\"ek-underline\" style=\"text-decoration: underline;\">Pon\u00fakan\u00e1 mzda:<\/span> v s\u00falade so z\u00e1konom \u010d. 553\/2003 Z. z. o odme\u0148ovan\u00ed niektor\u00fdch zamestnancov pri v\u00fdkone pr\u00e1ce vo verejnom z\u00e1ujme a o zmene a doplnen\u00ed niektor\u00fdch z\u00e1konov v znen\u00ed neskor\u0161\u00edch predpisov.<br><span class=\"ek-underline\" style=\"text-decoration: underline;\">Predpokladan\u00fd n\u00e1stup:<\/span> dohodou<br>Z\u00e1ujemcovia sa m\u00f4\u017eu informova\u0165 na: \u00dastave lek\u00e1rskej informatiky a simul\u00e1torovej medic\u00edny UPJ\u0160 LF<br>Kontaktn\u00e1 osoba:&nbsp;doc. Ing. Jaroslav Majern\u00edk, PhD.<br>e-mail: <a class=\"ek-link\" href=\"mailto:jaroslav.majernik@upjs.sk?subject=odborn%C3%BD%20zamestnanec%20IT\">jaroslav.majernik@upjs.sk<\/a><br>Tel.: 055\/234 3341<\/p>\n\n\n<style>.wp-block-kadence-spacer.kt-block-spacer-14488_ea5390-91 .kt-block-spacer{height:10px;}.wp-block-kadence-spacer.kt-block-spacer-14488_ea5390-91 .kt-divider{border-top-width:2px;border-top-color:#D6D6D6;width:80%;border-top-style:solid;}<\/style>\n<div class=\"wp-block-kadence-spacer aligncenter kt-block-spacer-14488_ea5390-91\"><div class=\"kt-block-spacer kt-block-spacer-halign-center\"><hr class=\"kt-divider\"\/><\/div><\/div>\n\n\n<style>.wp-block-kadence-advancedheading.kt-adv-heading14488_af8f82-91, .wp-block-kadence-advancedheading.kt-adv-heading14488_af8f82-91[data-kb-block=\"kb-adv-heading14488_af8f82-91\"]{font-style:normal;}.wp-block-kadence-advancedheading.kt-adv-heading14488_af8f82-91 mark.kt-highlight, .wp-block-kadence-advancedheading.kt-adv-heading14488_af8f82-91[data-kb-block=\"kb-adv-heading14488_af8f82-91\"] mark.kt-highlight{font-style:normal;color:#f76a0c;-webkit-box-decoration-break:clone;box-decoration-break:clone;padding-top:0px;padding-right:0px;padding-bottom:0px;padding-left:0px;}<\/style>\n<p id=\"ulism-sim\" class=\"kt-adv-heading14488_af8f82-91 wp-block-kadence-advancedheading\" data-kb-block=\"kb-adv-heading14488_af8f82-91\"><a name=\"miesto-ulism-it\"><\/a><strong>1 pracovn\u00e9 miesto <strong>lektora \/ odborn\u00e9ho asistenta<\/strong><\/strong> na \u00dastave lek\u00e1rskej informatiky a simul\u00e1torovej medic\u00edny UPJ\u0160 LF<br><span class=\"ek-underline\" style=\"text-decoration: underline;\">N\u00e1pl\u0148 pr\u00e1ce:<\/span> V\u00fdu\u010dba a v\u00fdskum v oblasti <strong><mark style=\"background-color:rgba(0, 0, 0, 0)\" class=\"has-inline-color has-lekarska-f-color\">medic\u00ednskych simul\u00e1ci\u00ed<\/mark><\/strong>.<br>Kvalifika\u010dn\u00e9 predpoklady a in\u00e9 krit\u00e9ria a po\u017eiadavky:<\/p>\n\n\n\n<ul class=\"wp-block-list\">\n<li>ukon\u010den\u00e9 V\u0160 vzdelanie (absolvent lek\u00e1rskej fakulty, odbor: v\u0161eobecn\u00e9 lek\u00e1rstvo)<\/li>\n\n\n\n<li>prax v odbore v\u00edtan\u00e1<\/li>\n\n\n\n<li>sk\u00fasenosti v oblasti IT pr\u00edpadne konfigur\u00e1cie HW a SW vybavenia v\u00edtan\u00e9<\/li>\n\n\n\n<li>akt\u00edvna publika\u010dn\u00e1 \u010dinnos\u0165<\/li>\n\n\n\n<li>\u00fa\u010das\u0165 na grantov\u00fdch projektoch<\/li>\n\n\n\n<li>akt\u00edvna znalos\u0165 anglick\u00e9ho jazyka<\/li>\n\n\n\n<li>mor\u00e1lna bez\u00fahonnos\u0165<\/li>\n<\/ul>\n\n\n\n<p><span class=\"ek-underline\" style=\"text-decoration: underline;\">Pon\u00fakan\u00e1 mzda:<\/span> v s\u00falade so z\u00e1konom \u010d. 553\/2003 Z. z. o odme\u0148ovan\u00ed niektor\u00fdch zamestnancov pri v\u00fdkone pr\u00e1ce vo verejnom z\u00e1ujme a o zmene a doplnen\u00ed niektor\u00fdch z\u00e1konov v znen\u00ed neskor\u0161\u00edch predpisov.<br><span class=\"ek-underline\" style=\"text-decoration: underline;\">Predpokladan\u00fd n\u00e1stup:<\/span> dohodou<br>Z\u00e1ujemcovia sa m\u00f4\u017eu informova\u0165 na: \u00dastave lek\u00e1rskej informatiky a simul\u00e1torovej medic\u00edny UPJ\u0160 LF<br>Kontaktn\u00e1 osoba:&nbsp;doc. Ing. Jaroslav Majern\u00edk, PhD.<br>e-mail: <a class=\"ek-link\" href=\"mailto:jaroslav.majernik@upjs.sk?subject=odborn%C3%BD%20zamestnanec%20IT\">jaroslav.majernik@upjs.sk<\/a><br>Tel.: 055\/234 3341<\/p>\n\n\n\n<p><\/p>\n\n\n<style>.wp-block-kadence-spacer.kt-block-spacer-14488_9c4188-07 .kt-block-spacer{height:10px;}.wp-block-kadence-spacer.kt-block-spacer-14488_9c4188-07 .kt-divider{border-top-width:2px;border-top-color:#D6D6D6;width:80%;border-top-style:solid;}<\/style>\n<div class=\"wp-block-kadence-spacer aligncenter kt-block-spacer-14488_9c4188-07\"><div class=\"kt-block-spacer kt-block-spacer-halign-center\"><hr class=\"kt-divider\"\/><\/div><\/div>\n\n\n\n<p><strong>1 pracovn\u00e9 miesto lektora<\/strong> na \u00dastave anat\u00f3mie UPJ\u0160 LF<br>Kvalifika\u010dn\u00e9 predpoklady a in\u00e9 krit\u00e9ria a po\u017eiadavky:<\/p>\n\n\n\n<ul class=\"wp-block-list\">\n<li>ukon\u010den\u00e9 V\u0160 vzdelanie (absolvent lek\u00e1rskej fakulty, odbor: v\u0161eobecn\u00e9 alebo zubn\u00e9 lek\u00e1rstvo, absolvent Univerzity veterin\u00e1rskeho lek\u00e1rstva a farm\u00e1cie)<\/li>\n\n\n\n<li>prax v&nbsp;odbore v\u00edtan\u00e1<\/li>\n\n\n\n<li>akt\u00edvna znalos\u0165 anglick\u00e9ho jazyka&nbsp;<\/li>\n<\/ul>\n\n\n\n<p><span style=\"text-decoration: underline;\" class=\"ek-underline\">Pon\u00fakan\u00e1 mzda:<\/span> v&nbsp;s\u00falade so z\u00e1konom \u010d. 553\/2003 Z. z. o&nbsp;odme\u0148ovan\u00ed niektor\u00fdch zamestnancov pri v\u00fdkone pr\u00e1ce vo verejnom z\u00e1ujme a&nbsp;o&nbsp;zmene a&nbsp;doplnen\u00ed niektor\u00fdch z\u00e1konov v&nbsp;znen\u00ed neskor\u0161\u00edch predpisov.<br><span style=\"text-decoration: underline;\" class=\"ek-underline\">Predpokladan\u00fd&nbsp;n\u00e1stup:<\/span> ihne\u010f<br><span style=\"text-decoration: underline;\" class=\"ek-underline\">Kontaktn\u00e1 adresa:<\/span><br> \u00dastav anat\u00f3mie UPJ\u0160 LF<br> \u0160rob\u00e1rova 2<br> 040 01 Ko\u0161ice<br> e-mail: <a href=\"mailto:maria.orgonasova@upjs.sk\">maria.orgonasova@upjs.sk<\/a><br> Tel.: 055\/234 3215<\/p>\n\n\n<style>.wp-block-kadence-spacer.kt-block-spacer-14488_a2bc25-23 .kt-block-spacer{height:10px;}.wp-block-kadence-spacer.kt-block-spacer-14488_a2bc25-23 .kt-divider{border-top-width:2px;border-top-color:#D6D6D6;width:80%;border-top-style:solid;}<\/style>\n<div class=\"wp-block-kadence-spacer aligncenter kt-block-spacer-14488_a2bc25-23\"><div class=\"kt-block-spacer kt-block-spacer-halign-center\"><hr class=\"kt-divider\"\/><\/div><\/div>\n\n\n\n<p><strong>1 pracovn\u00e9 miesto laboranta<\/strong> na \u00dastave anat\u00f3mie UPJ\u0160 LF<br>Kvalifika\u010dn\u00e9 predpoklady a in\u00e9 krit\u00e9ria a po\u017eiadavky:<\/p>\n\n\n\n<ul class=\"wp-block-list\">\n<li>ukon\u010den\u00e9 vzdelanie v&nbsp;odbore zdravotn\u00edcky laborant<\/li>\n\n\n\n<li>mor\u00e1lna bez\u00fahonnos\u0165<\/li>\n\n\n\n<li>znalos\u0165 anglick\u00e9ho jazyka v\u00edtan\u00e1<\/li>\n\n\n\n<li>prax v&nbsp;odbore v\u00edtan\u00e1<\/li>\n<\/ul>\n\n\n\n<p><span style=\"text-decoration: underline;\" class=\"ek-underline\">Pon\u00fakan\u00e1 mzda:<\/span> v&nbsp;s\u00falade so z\u00e1konom \u010d. 553\/2003 Z. z. o&nbsp;odme\u0148ovan\u00ed niektor\u00fdch zamestnancov pri v\u00fdkone pr\u00e1ce vo verejnom z\u00e1ujme a&nbsp;o&nbsp;zmene a&nbsp;doplnen\u00ed niektor\u00fdch z\u00e1konov v&nbsp;znen\u00ed neskor\u0161\u00edch predpisov.<br><span style=\"text-decoration: underline;\" class=\"ek-underline\">Predpokladan\u00fd&nbsp;n\u00e1stup:<\/span> ihne\u010f<br><span style=\"text-decoration: underline;\" class=\"ek-underline\">Kontaktn\u00e1 adresa:<\/span><br> \u00dastav anat\u00f3mie UPJ\u0160 LF<br>&nbsp;\u0160rob\u00e1rova 2<br>&nbsp;040 01 Ko\u0161ice<br>&nbsp;e-mail: <a href=\"mailto:maria.orgonasova@upjs.sk\">maria.orgonasova@upjs.sk<\/a><br>&nbsp;Tel.: 055\/234 3215<\/p>\n","protected":false},"excerpt":{"rendered":"<p>Inform\u00e1cia pod\u013ea \u010cl. 13 Nariadenia Eur\u00f3pskeho parlamentu a Rady E\u00da \u010d. 2016\/679 z 27. apr\u00edla 2016 o ochrane fyzick\u00fdch os\u00f4b pri sprac\u00favan\u00ed osobn\u00fdch \u00fadajov a o vo\u013enom pohybe tak\u00fdchto \u00fadajov, ktor\u00fdm sa zru\u0161uje smernica \u010d. 95\/46\/ES (v\u0161eobecn\u00e9 nariadenie o ochrane \u00fadajov) Vo\u013en\u00e9 pracovn\u00e9 miesta 1 pracovn\u00e9 miesto laboranta na \u00dastave patol\u00f3gie UPJ\u0160 LF Kvalifika\u010dn\u00e9 predpoklady &hellip; <a href=\"https:\/\/www.upjs.sk\/lekarska-fakulta\/fakulta\/volne-pracovne-miesta\/\">\u010c\u00edta\u0165 \u010falej<\/a><\/p>\n","protected":false},"author":1,"featured_media":0,"parent":13613,"menu_order":9,"comment_status":"closed","ping_status":"closed","template":"","meta":{"_acf_changed":false,"_editorskit_title_hidden":false,"_editorskit_reading_time":1,"_editorskit_is_block_options_detached":false,"_editorskit_block_options_position":"{}","footnotes":""},"categories":[],"tags":[],"class_list":["post-14488","page","type-page","status-publish","hentry"],"acf":{"acf_link_na_externy_obsah":""},"yoast_head":"<!-- This site is optimized with the Yoast SEO plugin v27.4 - https:\/\/yoast.com\/product\/yoast-seo-wordpress\/ -->\n<title>V\u00fdberov\u00e9 konania - Lek\u00e1rska fakulta | UPJ\u0160<\/title>\n<meta name=\"robots\" content=\"index, follow, max-snippet:-1, max-image-preview:large, max-video-preview:-1\" \/>\n<link rel=\"canonical\" href=\"https:\/\/www.upjs.sk\/lekarska-fakulta\/fakulta\/volne-pracovne-miesta\/\" \/>\n<meta property=\"og:locale\" content=\"sk_SK\" \/>\n<meta property=\"og:type\" content=\"article\" \/>\n<meta property=\"og:title\" content=\"V\u00fdberov\u00e9 konania - Lek\u00e1rska fakulta | UPJ\u0160\" \/>\n<meta property=\"og:description\" content=\"Inform\u00e1cia pod\u013ea \u010cl. 13 Nariadenia Eur\u00f3pskeho parlamentu a Rady E\u00da \u010d. 2016\/679 z 27. apr\u00edla 2016 o ochrane fyzick\u00fdch os\u00f4b pri sprac\u00favan\u00ed osobn\u00fdch \u00fadajov a o vo\u013enom pohybe tak\u00fdchto \u00fadajov, ktor\u00fdm sa zru\u0161uje smernica \u010d. 95\/46\/ES (v\u0161eobecn\u00e9 nariadenie o ochrane \u00fadajov) Vo\u013en\u00e9 pracovn\u00e9 miesta 1 pracovn\u00e9 miesto laboranta na \u00dastave patol\u00f3gie UPJ\u0160 LF Kvalifika\u010dn\u00e9 predpoklady &hellip; \u010c\u00edta\u0165 \u010falej\" \/>\n<meta property=\"og:url\" content=\"https:\/\/www.upjs.sk\/lekarska-fakulta\/fakulta\/volne-pracovne-miesta\/\" \/>\n<meta property=\"og:site_name\" content=\"Lek\u00e1rska fakulta | UPJ\u0160\" \/>\n<meta property=\"article:modified_time\" content=\"2026-02-17T12:41:49+00:00\" \/>\n<meta name=\"twitter:card\" content=\"summary_large_image\" \/>\n<meta name=\"twitter:label1\" content=\"Predpokladan\u00fd \u010das \u010d\u00edtania\" \/>\n\t<meta name=\"twitter:data1\" content=\"4 min\u00faty\" \/>\n<script type=\"application\/ld+json\" class=\"yoast-schema-graph\">{\"@context\":\"https:\\\/\\\/schema.org\",\"@graph\":[{\"@type\":\"WebPage\",\"@id\":\"https:\\\/\\\/www.upjs.sk\\\/lekarska-fakulta\\\/fakulta\\\/volne-pracovne-miesta\\\/\",\"url\":\"https:\\\/\\\/www.upjs.sk\\\/lekarska-fakulta\\\/fakulta\\\/volne-pracovne-miesta\\\/\",\"name\":\"V\u00fdberov\u00e9 konania - Lek\u00e1rska fakulta | UPJ\u0160\",\"isPartOf\":{\"@id\":\"https:\\\/\\\/www.upjs.sk\\\/lekarska-fakulta\\\/#website\"},\"datePublished\":\"2022-07-06T15:05:17+00:00\",\"dateModified\":\"2026-02-17T12:41:49+00:00\",\"breadcrumb\":{\"@id\":\"https:\\\/\\\/www.upjs.sk\\\/lekarska-fakulta\\\/fakulta\\\/volne-pracovne-miesta\\\/#breadcrumb\"},\"inLanguage\":\"sk-SK\",\"potentialAction\":[{\"@type\":\"ReadAction\",\"target\":[\"https:\\\/\\\/www.upjs.sk\\\/lekarska-fakulta\\\/fakulta\\\/volne-pracovne-miesta\\\/\"]}]},{\"@type\":\"BreadcrumbList\",\"@id\":\"https:\\\/\\\/www.upjs.sk\\\/lekarska-fakulta\\\/fakulta\\\/volne-pracovne-miesta\\\/#breadcrumb\",\"itemListElement\":[{\"@type\":\"ListItem\",\"position\":1,\"name\":\"Home\",\"item\":\"https:\\\/\\\/www.upjs.sk\\\/lekarska-fakulta\\\/\"},{\"@type\":\"ListItem\",\"position\":2,\"name\":\"O fakulte\",\"item\":\"https:\\\/\\\/www.upjs.sk\\\/lekarska-fakulta\\\/fakulta\\\/\"},{\"@type\":\"ListItem\",\"position\":3,\"name\":\"V\u00fdberov\u00e9 konania\"}]},{\"@type\":\"WebSite\",\"@id\":\"https:\\\/\\\/www.upjs.sk\\\/lekarska-fakulta\\\/#website\",\"url\":\"https:\\\/\\\/www.upjs.sk\\\/lekarska-fakulta\\\/\",\"name\":\"Lek\u00e1rska fakulta | UPJ\u0160\",\"description\":\"\",\"publisher\":{\"@id\":\"https:\\\/\\\/www.upjs.sk\\\/lekarska-fakulta\\\/#organization\"},\"potentialAction\":[{\"@type\":\"SearchAction\",\"target\":{\"@type\":\"EntryPoint\",\"urlTemplate\":\"https:\\\/\\\/www.upjs.sk\\\/lekarska-fakulta\\\/?s={search_term_string}\"},\"query-input\":{\"@type\":\"PropertyValueSpecification\",\"valueRequired\":true,\"valueName\":\"search_term_string\"}}],\"inLanguage\":\"sk-SK\"},{\"@type\":\"Organization\",\"@id\":\"https:\\\/\\\/www.upjs.sk\\\/lekarska-fakulta\\\/#organization\",\"name\":\"Lek\u00e1rska fakulta | UPJ\u0160\",\"url\":\"https:\\\/\\\/www.upjs.sk\\\/lekarska-fakulta\\\/\",\"logo\":{\"@type\":\"ImageObject\",\"inLanguage\":\"sk-SK\",\"@id\":\"https:\\\/\\\/www.upjs.sk\\\/lekarska-fakulta\\\/#\\\/schema\\\/logo\\\/image\\\/\",\"url\":\"https:\\\/\\\/www.upjs.sk\\\/app\\\/uploads\\\/sites\\\/9\\\/2022\\\/09\\\/logo-lekarska-fakulta.png\",\"contentUrl\":\"https:\\\/\\\/www.upjs.sk\\\/app\\\/uploads\\\/sites\\\/9\\\/2022\\\/09\\\/logo-lekarska-fakulta.png\",\"width\":415,\"height\":87,\"caption\":\"Lek\u00e1rska fakulta | UPJ\u0160\"},\"image\":{\"@id\":\"https:\\\/\\\/www.upjs.sk\\\/lekarska-fakulta\\\/#\\\/schema\\\/logo\\\/image\\\/\"}}]}<\/script>\n<!-- \/ Yoast SEO plugin. -->","yoast_head_json":{"title":"V\u00fdberov\u00e9 konania - Lek\u00e1rska fakulta | UPJ\u0160","robots":{"index":"index","follow":"follow","max-snippet":"max-snippet:-1","max-image-preview":"max-image-preview:large","max-video-preview":"max-video-preview:-1"},"canonical":"https:\/\/www.upjs.sk\/lekarska-fakulta\/fakulta\/volne-pracovne-miesta\/","og_locale":"sk_SK","og_type":"article","og_title":"V\u00fdberov\u00e9 konania - Lek\u00e1rska fakulta | UPJ\u0160","og_description":"Inform\u00e1cia pod\u013ea \u010cl. 13 Nariadenia Eur\u00f3pskeho parlamentu a Rady E\u00da \u010d. 2016\/679 z 27. apr\u00edla 2016 o ochrane fyzick\u00fdch os\u00f4b pri sprac\u00favan\u00ed osobn\u00fdch \u00fadajov a o vo\u013enom pohybe tak\u00fdchto \u00fadajov, ktor\u00fdm sa zru\u0161uje smernica \u010d. 95\/46\/ES (v\u0161eobecn\u00e9 nariadenie o ochrane \u00fadajov) Vo\u013en\u00e9 pracovn\u00e9 miesta 1 pracovn\u00e9 miesto laboranta na \u00dastave patol\u00f3gie UPJ\u0160 LF Kvalifika\u010dn\u00e9 predpoklady &hellip; \u010c\u00edta\u0165 \u010falej","og_url":"https:\/\/www.upjs.sk\/lekarska-fakulta\/fakulta\/volne-pracovne-miesta\/","og_site_name":"Lek\u00e1rska fakulta | UPJ\u0160","article_modified_time":"2026-02-17T12:41:49+00:00","twitter_card":"summary_large_image","twitter_misc":{"Predpokladan\u00fd \u010das \u010d\u00edtania":"4 min\u00faty"},"schema":{"@context":"https:\/\/schema.org","@graph":[{"@type":"WebPage","@id":"https:\/\/www.upjs.sk\/lekarska-fakulta\/fakulta\/volne-pracovne-miesta\/","url":"https:\/\/www.upjs.sk\/lekarska-fakulta\/fakulta\/volne-pracovne-miesta\/","name":"V\u00fdberov\u00e9 konania - Lek\u00e1rska fakulta | UPJ\u0160","isPartOf":{"@id":"https:\/\/www.upjs.sk\/lekarska-fakulta\/#website"},"datePublished":"2022-07-06T15:05:17+00:00","dateModified":"2026-02-17T12:41:49+00:00","breadcrumb":{"@id":"https:\/\/www.upjs.sk\/lekarska-fakulta\/fakulta\/volne-pracovne-miesta\/#breadcrumb"},"inLanguage":"sk-SK","potentialAction":[{"@type":"ReadAction","target":["https:\/\/www.upjs.sk\/lekarska-fakulta\/fakulta\/volne-pracovne-miesta\/"]}]},{"@type":"BreadcrumbList","@id":"https:\/\/www.upjs.sk\/lekarska-fakulta\/fakulta\/volne-pracovne-miesta\/#breadcrumb","itemListElement":[{"@type":"ListItem","position":1,"name":"Home","item":"https:\/\/www.upjs.sk\/lekarska-fakulta\/"},{"@type":"ListItem","position":2,"name":"O fakulte","item":"https:\/\/www.upjs.sk\/lekarska-fakulta\/fakulta\/"},{"@type":"ListItem","position":3,"name":"V\u00fdberov\u00e9 konania"}]},{"@type":"WebSite","@id":"https:\/\/www.upjs.sk\/lekarska-fakulta\/#website","url":"https:\/\/www.upjs.sk\/lekarska-fakulta\/","name":"Lek\u00e1rska fakulta | UPJ\u0160","description":"","publisher":{"@id":"https:\/\/www.upjs.sk\/lekarska-fakulta\/#organization"},"potentialAction":[{"@type":"SearchAction","target":{"@type":"EntryPoint","urlTemplate":"https:\/\/www.upjs.sk\/lekarska-fakulta\/?s={search_term_string}"},"query-input":{"@type":"PropertyValueSpecification","valueRequired":true,"valueName":"search_term_string"}}],"inLanguage":"sk-SK"},{"@type":"Organization","@id":"https:\/\/www.upjs.sk\/lekarska-fakulta\/#organization","name":"Lek\u00e1rska fakulta | UPJ\u0160","url":"https:\/\/www.upjs.sk\/lekarska-fakulta\/","logo":{"@type":"ImageObject","inLanguage":"sk-SK","@id":"https:\/\/www.upjs.sk\/lekarska-fakulta\/#\/schema\/logo\/image\/","url":"https:\/\/www.upjs.sk\/app\/uploads\/sites\/9\/2022\/09\/logo-lekarska-fakulta.png","contentUrl":"https:\/\/www.upjs.sk\/app\/uploads\/sites\/9\/2022\/09\/logo-lekarska-fakulta.png","width":415,"height":87,"caption":"Lek\u00e1rska fakulta | UPJ\u0160"},"image":{"@id":"https:\/\/www.upjs.sk\/lekarska-fakulta\/#\/schema\/logo\/image\/"}}]}},"_links":{"self":[{"href":"https:\/\/www.upjs.sk\/lekarska-fakulta\/wp-json\/wp\/v2\/pages\/14488","targetHints":{"allow":["GET"]}}],"collection":[{"href":"https:\/\/www.upjs.sk\/lekarska-fakulta\/wp-json\/wp\/v2\/pages"}],"about":[{"href":"https:\/\/www.upjs.sk\/lekarska-fakulta\/wp-json\/wp\/v2\/types\/page"}],"author":[{"embeddable":true,"href":"https:\/\/www.upjs.sk\/lekarska-fakulta\/wp-json\/wp\/v2\/users\/1"}],"replies":[{"embeddable":true,"href":"https:\/\/www.upjs.sk\/lekarska-fakulta\/wp-json\/wp\/v2\/comments?post=14488"}],"version-history":[{"count":19,"href":"https:\/\/www.upjs.sk\/lekarska-fakulta\/wp-json\/wp\/v2\/pages\/14488\/revisions"}],"predecessor-version":[{"id":155030,"href":"https:\/\/www.upjs.sk\/lekarska-fakulta\/wp-json\/wp\/v2\/pages\/14488\/revisions\/155030"}],"up":[{"embeddable":true,"href":"https:\/\/www.upjs.sk\/lekarska-fakulta\/wp-json\/wp\/v2\/pages\/13613"}],"wp:attachment":[{"href":"https:\/\/www.upjs.sk\/lekarska-fakulta\/wp-json\/wp\/v2\/media?parent=14488"}],"wp:term":[{"taxonomy":"category","embeddable":true,"href":"https:\/\/www.upjs.sk\/lekarska-fakulta\/wp-json\/wp\/v2\/categories?post=14488"},{"taxonomy":"post_tag","embeddable":true,"href":"https:\/\/www.upjs.sk\/lekarska-fakulta\/wp-json\/wp\/v2\/tags?post=14488"}],"curies":[{"name":"wp","href":"https:\/\/api.w.org\/{rel}","templated":true}]}}