{"id":146133,"date":"2025-10-15T11:45:27","date_gmt":"2025-10-15T10:45:27","guid":{"rendered":"https:\/\/www.upjs.sk\/lekarska-fakulta\/fakulta\/zo-zivota-fakulty\/navsteva-zo-svedskej-univerzity-17-septembra-2025\/"},"modified":"2025-10-15T11:53:11","modified_gmt":"2025-10-15T10:53:11","slug":"navsteva-zo-svedskej-univerzity-17-septembra-2025","status":"publish","type":"page","link":"https:\/\/www.upjs.sk\/lekarska-fakulta\/fakulta\/zo-zivota-fakulty\/navsteva-zo-svedskej-univerzity-17-septembra-2025\/","title":{"rendered":"N\u00e1v\u0161teva zo \u0160v\u00e9dskej univerzity &#8211; 17. septembra 2025"},"content":{"rendered":"<style>.wp-block-kadence-advancedheading.kt-adv-heading146133_e3726a-f5, .wp-block-kadence-advancedheading.kt-adv-heading146133_e3726a-f5[data-kb-block=\"kb-adv-heading146133_e3726a-f5\"]{font-style:normal;}.wp-block-kadence-advancedheading.kt-adv-heading146133_e3726a-f5 mark.kt-highlight, .wp-block-kadence-advancedheading.kt-adv-heading146133_e3726a-f5[data-kb-block=\"kb-adv-heading146133_e3726a-f5\"] mark.kt-highlight{font-style:normal;color:#f76a0c;-webkit-box-decoration-break:clone;box-decoration-break:clone;padding-top:0px;padding-right:0px;padding-bottom:0px;padding-left:0px;}<\/style>\n<p class=\"kt-adv-heading146133_e3726a-f5 wp-block-kadence-advancedheading\" data-kb-block=\"kb-adv-heading146133_e3726a-f5\"><\/p>\n\n\n<style>.wp-block-kadence-advancedgallery .kb-gallery-type-grid.kb-gallery-id-146133_c0826a-b9{margin:-1.5px;}.kb-gallery-type-grid.kb-gallery-id-146133_c0826a-b9 .kadence-blocks-gallery-item{padding:1.5px;}.kb-gallery-id-146133_c0826a-b9 .kadence-blocks-gallery-item .kb-gal-image-radius, .kb-gallery-id-146133_c0826a-b9 .kb-slide-item .kb-gal-image-radius img{border-radius:0px 0px 0px 0px;;}<\/style><div class=\"kb-gallery-wrap-id-146133_c0826a-b9 alignnone wp-block-kadence-advancedgallery\"><ul class=\"kb-gallery-ul kb-gallery-non-static kb-gallery-type-grid kb-gallery-id-146133_c0826a-b9 kb-gallery-caption-style-bottom-hover kb-gallery-filter-none kb-gallery-magnific-init\" data-image-filter=\"none\" data-item-selector=\".kadence-blocks-gallery-item\" data-lightbox-caption=\"true\" data-columns-xxl=\"6\" data-columns-xl=\"6\" data-columns-md=\"6\" data-columns-sm=\"4\" data-columns-xs=\"4\" data-columns-ss=\"3\"><li class=\"kadence-blocks-gallery-item\"><div class=\"kadence-blocks-gallery-item-inner\"><figure class=\"kb-gallery-figure kb-gallery-item-has-link kadence-blocks-gallery-item-hide-caption\"><a href=\"https:\/\/www.upjs.sk\/app\/uploads\/sites\/9\/2025\/10\/DSC_6090.jpg\" class=\"kb-gallery-item-link\"  ><div class=\"kb-gal-image-radius\"><div class=\"kb-gallery-image-contain kadence-blocks-gallery-intrinsic kb-gallery-image-ratio-land32 kb-has-image-ratio-land32\" ><img loading=\"lazy\" decoding=\"async\" src=\"https:\/\/www.upjs.sk\/app\/uploads\/sites\/9\/2025\/10\/DSC_6090-1024x674.jpg\" width=\"1024\" height=\"674\" alt=\"\" data-full-image=\"https:\/\/www.upjs.sk\/app\/uploads\/sites\/9\/2025\/10\/DSC_6090.jpg\" data-light-image=\"https:\/\/www.upjs.sk\/app\/uploads\/sites\/9\/2025\/10\/DSC_6090.jpg\" data-id=\"146135\" class=\"wp-image-146135\" srcset=\"https:\/\/www.upjs.sk\/app\/uploads\/sites\/9\/2025\/10\/DSC_6090-1024x674.jpg 1024w, https:\/\/www.upjs.sk\/app\/uploads\/sites\/9\/2025\/10\/DSC_6090-300x197.jpg 300w, https:\/\/www.upjs.sk\/app\/uploads\/sites\/9\/2025\/10\/DSC_6090-768x505.jpg 768w, https:\/\/www.upjs.sk\/app\/uploads\/sites\/9\/2025\/10\/DSC_6090-1536x1011.jpg 1536w, https:\/\/www.upjs.sk\/app\/uploads\/sites\/9\/2025\/10\/DSC_6090-2048x1348.jpg 2048w\" sizes=\"auto, (max-width: 1024px) 100vw, 1024px\" \/><\/div><\/div><\/a><\/figure><\/div><\/li><li class=\"kadence-blocks-gallery-item\"><div class=\"kadence-blocks-gallery-item-inner\"><figure class=\"kb-gallery-figure kb-gallery-item-has-link kadence-blocks-gallery-item-hide-caption\"><a href=\"https:\/\/www.upjs.sk\/app\/uploads\/sites\/9\/2025\/10\/DSC_6094.jpg\" class=\"kb-gallery-item-link\"  ><div class=\"kb-gal-image-radius\"><div class=\"kb-gallery-image-contain kadence-blocks-gallery-intrinsic kb-gallery-image-ratio-land32 kb-has-image-ratio-land32\" ><img loading=\"lazy\" decoding=\"async\" src=\"https:\/\/www.upjs.sk\/app\/uploads\/sites\/9\/2025\/10\/DSC_6094-1024x674.jpg\" width=\"1024\" height=\"674\" alt=\"\" data-full-image=\"https:\/\/www.upjs.sk\/app\/uploads\/sites\/9\/2025\/10\/DSC_6094.jpg\" data-light-image=\"https:\/\/www.upjs.sk\/app\/uploads\/sites\/9\/2025\/10\/DSC_6094.jpg\" data-id=\"146138\" class=\"wp-image-146138\" srcset=\"https:\/\/www.upjs.sk\/app\/uploads\/sites\/9\/2025\/10\/DSC_6094-1024x674.jpg 1024w, https:\/\/www.upjs.sk\/app\/uploads\/sites\/9\/2025\/10\/DSC_6094-300x198.jpg 300w, https:\/\/www.upjs.sk\/app\/uploads\/sites\/9\/2025\/10\/DSC_6094-768x506.jpg 768w, https:\/\/www.upjs.sk\/app\/uploads\/sites\/9\/2025\/10\/DSC_6094-1536x1011.jpg 1536w, https:\/\/www.upjs.sk\/app\/uploads\/sites\/9\/2025\/10\/DSC_6094-2048x1349.jpg 2048w\" sizes=\"auto, (max-width: 1024px) 100vw, 1024px\" \/><\/div><\/div><\/a><\/figure><\/div><\/li><li class=\"kadence-blocks-gallery-item\"><div class=\"kadence-blocks-gallery-item-inner\"><figure class=\"kb-gallery-figure kb-gallery-item-has-link kadence-blocks-gallery-item-hide-caption\"><a href=\"https:\/\/www.upjs.sk\/app\/uploads\/sites\/9\/2025\/10\/DSC_6100.jpg\" class=\"kb-gallery-item-link\"  ><div class=\"kb-gal-image-radius\"><div class=\"kb-gallery-image-contain kadence-blocks-gallery-intrinsic kb-gallery-image-ratio-land32 kb-has-image-ratio-land32\" ><img loading=\"lazy\" decoding=\"async\" src=\"https:\/\/www.upjs.sk\/app\/uploads\/sites\/9\/2025\/10\/DSC_6100-1024x681.jpg\" width=\"1024\" height=\"681\" alt=\"\" data-full-image=\"https:\/\/www.upjs.sk\/app\/uploads\/sites\/9\/2025\/10\/DSC_6100.jpg\" data-light-image=\"https:\/\/www.upjs.sk\/app\/uploads\/sites\/9\/2025\/10\/DSC_6100.jpg\" data-id=\"146141\" class=\"wp-image-146141\" srcset=\"https:\/\/www.upjs.sk\/app\/uploads\/sites\/9\/2025\/10\/DSC_6100-1024x681.jpg 1024w, https:\/\/www.upjs.sk\/app\/uploads\/sites\/9\/2025\/10\/DSC_6100-300x200.jpg 300w, https:\/\/www.upjs.sk\/app\/uploads\/sites\/9\/2025\/10\/DSC_6100-768x511.jpg 768w, https:\/\/www.upjs.sk\/app\/uploads\/sites\/9\/2025\/10\/DSC_6100-1536x1022.jpg 1536w, https:\/\/www.upjs.sk\/app\/uploads\/sites\/9\/2025\/10\/DSC_6100-2048x1363.jpg 2048w\" sizes=\"auto, (max-width: 1024px) 100vw, 1024px\" \/><\/div><\/div><\/a><\/figure><\/div><\/li><li class=\"kadence-blocks-gallery-item\"><div class=\"kadence-blocks-gallery-item-inner\"><figure class=\"kb-gallery-figure kb-gallery-item-has-link kadence-blocks-gallery-item-hide-caption\"><a href=\"https:\/\/www.upjs.sk\/app\/uploads\/sites\/9\/2025\/10\/DSC_6101.jpg\" class=\"kb-gallery-item-link\"  ><div class=\"kb-gal-image-radius\"><div class=\"kb-gallery-image-contain kadence-blocks-gallery-intrinsic kb-gallery-image-ratio-land32 kb-has-image-ratio-land32\" ><img loading=\"lazy\" decoding=\"async\" src=\"https:\/\/www.upjs.sk\/app\/uploads\/sites\/9\/2025\/10\/DSC_6101-1024x662.jpg\" width=\"1024\" height=\"662\" alt=\"\" data-full-image=\"https:\/\/www.upjs.sk\/app\/uploads\/sites\/9\/2025\/10\/DSC_6101.jpg\" data-light-image=\"https:\/\/www.upjs.sk\/app\/uploads\/sites\/9\/2025\/10\/DSC_6101.jpg\" data-id=\"146144\" class=\"wp-image-146144\" srcset=\"https:\/\/www.upjs.sk\/app\/uploads\/sites\/9\/2025\/10\/DSC_6101-1024x662.jpg 1024w, https:\/\/www.upjs.sk\/app\/uploads\/sites\/9\/2025\/10\/DSC_6101-300x194.jpg 300w, https:\/\/www.upjs.sk\/app\/uploads\/sites\/9\/2025\/10\/DSC_6101-768x497.jpg 768w, https:\/\/www.upjs.sk\/app\/uploads\/sites\/9\/2025\/10\/DSC_6101-1536x993.jpg 1536w, https:\/\/www.upjs.sk\/app\/uploads\/sites\/9\/2025\/10\/DSC_6101-2048x1324.jpg 2048w\" sizes=\"auto, (max-width: 1024px) 100vw, 1024px\" \/><\/div><\/div><\/a><\/figure><\/div><\/li><li class=\"kadence-blocks-gallery-item\"><div class=\"kadence-blocks-gallery-item-inner\"><figure class=\"kb-gallery-figure kb-gallery-item-has-link kadence-blocks-gallery-item-hide-caption\"><a href=\"https:\/\/www.upjs.sk\/app\/uploads\/sites\/9\/2025\/10\/DSC_6108.jpg\" class=\"kb-gallery-item-link\"  ><div class=\"kb-gal-image-radius\"><div class=\"kb-gallery-image-contain kadence-blocks-gallery-intrinsic kb-gallery-image-ratio-land32 kb-has-image-ratio-land32\" ><img loading=\"lazy\" decoding=\"async\" src=\"https:\/\/www.upjs.sk\/app\/uploads\/sites\/9\/2025\/10\/DSC_6108-1024x733.jpg\" width=\"1024\" height=\"733\" alt=\"\" data-full-image=\"https:\/\/www.upjs.sk\/app\/uploads\/sites\/9\/2025\/10\/DSC_6108.jpg\" data-light-image=\"https:\/\/www.upjs.sk\/app\/uploads\/sites\/9\/2025\/10\/DSC_6108.jpg\" data-id=\"146147\" class=\"wp-image-146147\" srcset=\"https:\/\/www.upjs.sk\/app\/uploads\/sites\/9\/2025\/10\/DSC_6108-1024x733.jpg 1024w, https:\/\/www.upjs.sk\/app\/uploads\/sites\/9\/2025\/10\/DSC_6108-300x215.jpg 300w, https:\/\/www.upjs.sk\/app\/uploads\/sites\/9\/2025\/10\/DSC_6108-768x550.jpg 768w, https:\/\/www.upjs.sk\/app\/uploads\/sites\/9\/2025\/10\/DSC_6108-1536x1100.jpg 1536w, https:\/\/www.upjs.sk\/app\/uploads\/sites\/9\/2025\/10\/DSC_6108-2048x1467.jpg 2048w\" sizes=\"auto, (max-width: 1024px) 100vw, 1024px\" \/><\/div><\/div><\/a><\/figure><\/div><\/li><li class=\"kadence-blocks-gallery-item\"><div class=\"kadence-blocks-gallery-item-inner\"><figure class=\"kb-gallery-figure kb-gallery-item-has-link kadence-blocks-gallery-item-hide-caption\"><a href=\"https:\/\/www.upjs.sk\/app\/uploads\/sites\/9\/2025\/10\/DSC_6110.jpg\" class=\"kb-gallery-item-link\"  ><div class=\"kb-gal-image-radius\"><div class=\"kb-gallery-image-contain kadence-blocks-gallery-intrinsic kb-gallery-image-ratio-land32 kb-has-image-ratio-land32\" ><img loading=\"lazy\" decoding=\"async\" src=\"https:\/\/www.upjs.sk\/app\/uploads\/sites\/9\/2025\/10\/DSC_6110-1024x674.jpg\" width=\"1024\" height=\"674\" alt=\"\" data-full-image=\"https:\/\/www.upjs.sk\/app\/uploads\/sites\/9\/2025\/10\/DSC_6110.jpg\" data-light-image=\"https:\/\/www.upjs.sk\/app\/uploads\/sites\/9\/2025\/10\/DSC_6110.jpg\" data-id=\"146150\" class=\"wp-image-146150\" srcset=\"https:\/\/www.upjs.sk\/app\/uploads\/sites\/9\/2025\/10\/DSC_6110-1024x674.jpg 1024w, https:\/\/www.upjs.sk\/app\/uploads\/sites\/9\/2025\/10\/DSC_6110-300x197.jpg 300w, https:\/\/www.upjs.sk\/app\/uploads\/sites\/9\/2025\/10\/DSC_6110-768x506.jpg 768w, https:\/\/www.upjs.sk\/app\/uploads\/sites\/9\/2025\/10\/DSC_6110-1536x1011.jpg 1536w, https:\/\/www.upjs.sk\/app\/uploads\/sites\/9\/2025\/10\/DSC_6110-2048x1348.jpg 2048w\" sizes=\"auto, (max-width: 1024px) 100vw, 1024px\" \/><\/div><\/div><\/a><\/figure><\/div><\/li><li class=\"kadence-blocks-gallery-item\"><div class=\"kadence-blocks-gallery-item-inner\"><figure class=\"kb-gallery-figure kb-gallery-item-has-link kadence-blocks-gallery-item-hide-caption\"><a href=\"https:\/\/www.upjs.sk\/app\/uploads\/sites\/9\/2025\/10\/DSC_6113.jpg\" class=\"kb-gallery-item-link\"  ><div class=\"kb-gal-image-radius\"><div class=\"kb-gallery-image-contain kadence-blocks-gallery-intrinsic kb-gallery-image-ratio-land32 kb-has-image-ratio-land32\" ><img loading=\"lazy\" decoding=\"async\" src=\"https:\/\/www.upjs.sk\/app\/uploads\/sites\/9\/2025\/10\/DSC_6113-1024x681.jpg\" width=\"1024\" height=\"681\" alt=\"\" data-full-image=\"https:\/\/www.upjs.sk\/app\/uploads\/sites\/9\/2025\/10\/DSC_6113.jpg\" data-light-image=\"https:\/\/www.upjs.sk\/app\/uploads\/sites\/9\/2025\/10\/DSC_6113.jpg\" data-id=\"146153\" class=\"wp-image-146153\" srcset=\"https:\/\/www.upjs.sk\/app\/uploads\/sites\/9\/2025\/10\/DSC_6113-1024x681.jpg 1024w, https:\/\/www.upjs.sk\/app\/uploads\/sites\/9\/2025\/10\/DSC_6113-300x200.jpg 300w, https:\/\/www.upjs.sk\/app\/uploads\/sites\/9\/2025\/10\/DSC_6113-768x511.jpg 768w, https:\/\/www.upjs.sk\/app\/uploads\/sites\/9\/2025\/10\/DSC_6113-1536x1022.jpg 1536w, https:\/\/www.upjs.sk\/app\/uploads\/sites\/9\/2025\/10\/DSC_6113-2048x1363.jpg 2048w\" sizes=\"auto, (max-width: 1024px) 100vw, 1024px\" \/><\/div><\/div><\/a><\/figure><\/div><\/li><\/ul><\/div>","protected":false},"excerpt":{"rendered":"","protected":false},"author":75,"featured_media":0,"parent":13722,"menu_order":1,"comment_status":"closed","ping_status":"closed","template":"","meta":{"_acf_changed":false,"_editorskit_title_hidden":false,"_editorskit_reading_time":0,"_editorskit_is_block_options_detached":false,"_editorskit_block_options_position":"{}","footnotes":""},"categories":[],"tags":[],"class_list":["post-146133","page","type-page","status-publish","hentry"],"acf":{"acf_link_na_externy_obsah":""},"yoast_head":"<!-- This site is optimized with the Yoast SEO plugin v27.4 - https:\/\/yoast.com\/product\/yoast-seo-wordpress\/ -->\n<title>N\u00e1v\u0161teva zo \u0160v\u00e9dskej univerzity - 17. septembra 2025 - Lek\u00e1rska fakulta | UPJ\u0160<\/title>\n<meta name=\"robots\" content=\"index, follow, max-snippet:-1, max-image-preview:large, max-video-preview:-1\" \/>\n<link rel=\"canonical\" href=\"https:\/\/www.upjs.sk\/lekarska-fakulta\/fakulta\/zo-zivota-fakulty\/navsteva-zo-svedskej-univerzity-17-septembra-2025\/\" \/>\n<meta property=\"og:locale\" content=\"sk_SK\" \/>\n<meta property=\"og:type\" content=\"article\" \/>\n<meta property=\"og:title\" content=\"N\u00e1v\u0161teva zo \u0160v\u00e9dskej univerzity - 17. septembra 2025 - Lek\u00e1rska fakulta | UPJ\u0160\" \/>\n<meta property=\"og:url\" content=\"https:\/\/www.upjs.sk\/lekarska-fakulta\/fakulta\/zo-zivota-fakulty\/navsteva-zo-svedskej-univerzity-17-septembra-2025\/\" \/>\n<meta property=\"og:site_name\" content=\"Lek\u00e1rska fakulta | UPJ\u0160\" \/>\n<meta property=\"article:modified_time\" content=\"2025-10-15T10:53:11+00:00\" \/>\n<meta name=\"twitter:card\" content=\"summary_large_image\" \/>\n<script type=\"application\/ld+json\" class=\"yoast-schema-graph\">{\"@context\":\"https:\\\/\\\/schema.org\",\"@graph\":[{\"@type\":\"WebPage\",\"@id\":\"https:\\\/\\\/www.upjs.sk\\\/lekarska-fakulta\\\/fakulta\\\/zo-zivota-fakulty\\\/navsteva-zo-svedskej-univerzity-17-septembra-2025\\\/\",\"url\":\"https:\\\/\\\/www.upjs.sk\\\/lekarska-fakulta\\\/fakulta\\\/zo-zivota-fakulty\\\/navsteva-zo-svedskej-univerzity-17-septembra-2025\\\/\",\"name\":\"N\u00e1v\u0161teva zo \u0160v\u00e9dskej univerzity - 17. septembra 2025 - Lek\u00e1rska fakulta | UPJ\u0160\",\"isPartOf\":{\"@id\":\"https:\\\/\\\/www.upjs.sk\\\/lekarska-fakulta\\\/#website\"},\"datePublished\":\"2025-10-15T10:45:27+00:00\",\"dateModified\":\"2025-10-15T10:53:11+00:00\",\"breadcrumb\":{\"@id\":\"https:\\\/\\\/www.upjs.sk\\\/lekarska-fakulta\\\/fakulta\\\/zo-zivota-fakulty\\\/navsteva-zo-svedskej-univerzity-17-septembra-2025\\\/#breadcrumb\"},\"inLanguage\":\"sk-SK\",\"potentialAction\":[{\"@type\":\"ReadAction\",\"target\":[\"https:\\\/\\\/www.upjs.sk\\\/lekarska-fakulta\\\/fakulta\\\/zo-zivota-fakulty\\\/navsteva-zo-svedskej-univerzity-17-septembra-2025\\\/\"]}]},{\"@type\":\"BreadcrumbList\",\"@id\":\"https:\\\/\\\/www.upjs.sk\\\/lekarska-fakulta\\\/fakulta\\\/zo-zivota-fakulty\\\/navsteva-zo-svedskej-univerzity-17-septembra-2025\\\/#breadcrumb\",\"itemListElement\":[{\"@type\":\"ListItem\",\"position\":1,\"name\":\"Home\",\"item\":\"https:\\\/\\\/www.upjs.sk\\\/lekarska-fakulta\\\/\"},{\"@type\":\"ListItem\",\"position\":2,\"name\":\"O fakulte\",\"item\":\"https:\\\/\\\/www.upjs.sk\\\/lekarska-fakulta\\\/fakulta\\\/\"},{\"@type\":\"ListItem\",\"position\":3,\"name\":\"Zo \u017eivota fakulty\",\"item\":\"https:\\\/\\\/www.upjs.sk\\\/lekarska-fakulta\\\/fakulta\\\/zo-zivota-fakulty\\\/\"},{\"@type\":\"ListItem\",\"position\":4,\"name\":\"N\u00e1v\u0161teva zo \u0160v\u00e9dskej univerzity &#8211; 17. septembra 2025\"}]},{\"@type\":\"WebSite\",\"@id\":\"https:\\\/\\\/www.upjs.sk\\\/lekarska-fakulta\\\/#website\",\"url\":\"https:\\\/\\\/www.upjs.sk\\\/lekarska-fakulta\\\/\",\"name\":\"Lek\u00e1rska fakulta | UPJ\u0160\",\"description\":\"\",\"publisher\":{\"@id\":\"https:\\\/\\\/www.upjs.sk\\\/lekarska-fakulta\\\/#organization\"},\"potentialAction\":[{\"@type\":\"SearchAction\",\"target\":{\"@type\":\"EntryPoint\",\"urlTemplate\":\"https:\\\/\\\/www.upjs.sk\\\/lekarska-fakulta\\\/?s={search_term_string}\"},\"query-input\":{\"@type\":\"PropertyValueSpecification\",\"valueRequired\":true,\"valueName\":\"search_term_string\"}}],\"inLanguage\":\"sk-SK\"},{\"@type\":\"Organization\",\"@id\":\"https:\\\/\\\/www.upjs.sk\\\/lekarska-fakulta\\\/#organization\",\"name\":\"Lek\u00e1rska fakulta | UPJ\u0160\",\"url\":\"https:\\\/\\\/www.upjs.sk\\\/lekarska-fakulta\\\/\",\"logo\":{\"@type\":\"ImageObject\",\"inLanguage\":\"sk-SK\",\"@id\":\"https:\\\/\\\/www.upjs.sk\\\/lekarska-fakulta\\\/#\\\/schema\\\/logo\\\/image\\\/\",\"url\":\"https:\\\/\\\/www.upjs.sk\\\/app\\\/uploads\\\/sites\\\/9\\\/2022\\\/09\\\/logo-lekarska-fakulta.png\",\"contentUrl\":\"https:\\\/\\\/www.upjs.sk\\\/app\\\/uploads\\\/sites\\\/9\\\/2022\\\/09\\\/logo-lekarska-fakulta.png\",\"width\":415,\"height\":87,\"caption\":\"Lek\u00e1rska fakulta | UPJ\u0160\"},\"image\":{\"@id\":\"https:\\\/\\\/www.upjs.sk\\\/lekarska-fakulta\\\/#\\\/schema\\\/logo\\\/image\\\/\"}}]}<\/script>\n<!-- \/ Yoast SEO plugin. -->","yoast_head_json":{"title":"N\u00e1v\u0161teva zo \u0160v\u00e9dskej univerzity - 17. septembra 2025 - Lek\u00e1rska fakulta | UPJ\u0160","robots":{"index":"index","follow":"follow","max-snippet":"max-snippet:-1","max-image-preview":"max-image-preview:large","max-video-preview":"max-video-preview:-1"},"canonical":"https:\/\/www.upjs.sk\/lekarska-fakulta\/fakulta\/zo-zivota-fakulty\/navsteva-zo-svedskej-univerzity-17-septembra-2025\/","og_locale":"sk_SK","og_type":"article","og_title":"N\u00e1v\u0161teva zo \u0160v\u00e9dskej univerzity - 17. septembra 2025 - Lek\u00e1rska fakulta | UPJ\u0160","og_url":"https:\/\/www.upjs.sk\/lekarska-fakulta\/fakulta\/zo-zivota-fakulty\/navsteva-zo-svedskej-univerzity-17-septembra-2025\/","og_site_name":"Lek\u00e1rska fakulta | UPJ\u0160","article_modified_time":"2025-10-15T10:53:11+00:00","twitter_card":"summary_large_image","schema":{"@context":"https:\/\/schema.org","@graph":[{"@type":"WebPage","@id":"https:\/\/www.upjs.sk\/lekarska-fakulta\/fakulta\/zo-zivota-fakulty\/navsteva-zo-svedskej-univerzity-17-septembra-2025\/","url":"https:\/\/www.upjs.sk\/lekarska-fakulta\/fakulta\/zo-zivota-fakulty\/navsteva-zo-svedskej-univerzity-17-septembra-2025\/","name":"N\u00e1v\u0161teva zo \u0160v\u00e9dskej univerzity - 17. septembra 2025 - Lek\u00e1rska fakulta | UPJ\u0160","isPartOf":{"@id":"https:\/\/www.upjs.sk\/lekarska-fakulta\/#website"},"datePublished":"2025-10-15T10:45:27+00:00","dateModified":"2025-10-15T10:53:11+00:00","breadcrumb":{"@id":"https:\/\/www.upjs.sk\/lekarska-fakulta\/fakulta\/zo-zivota-fakulty\/navsteva-zo-svedskej-univerzity-17-septembra-2025\/#breadcrumb"},"inLanguage":"sk-SK","potentialAction":[{"@type":"ReadAction","target":["https:\/\/www.upjs.sk\/lekarska-fakulta\/fakulta\/zo-zivota-fakulty\/navsteva-zo-svedskej-univerzity-17-septembra-2025\/"]}]},{"@type":"BreadcrumbList","@id":"https:\/\/www.upjs.sk\/lekarska-fakulta\/fakulta\/zo-zivota-fakulty\/navsteva-zo-svedskej-univerzity-17-septembra-2025\/#breadcrumb","itemListElement":[{"@type":"ListItem","position":1,"name":"Home","item":"https:\/\/www.upjs.sk\/lekarska-fakulta\/"},{"@type":"ListItem","position":2,"name":"O fakulte","item":"https:\/\/www.upjs.sk\/lekarska-fakulta\/fakulta\/"},{"@type":"ListItem","position":3,"name":"Zo \u017eivota fakulty","item":"https:\/\/www.upjs.sk\/lekarska-fakulta\/fakulta\/zo-zivota-fakulty\/"},{"@type":"ListItem","position":4,"name":"N\u00e1v\u0161teva zo \u0160v\u00e9dskej univerzity &#8211; 17. septembra 2025"}]},{"@type":"WebSite","@id":"https:\/\/www.upjs.sk\/lekarska-fakulta\/#website","url":"https:\/\/www.upjs.sk\/lekarska-fakulta\/","name":"Lek\u00e1rska fakulta | UPJ\u0160","description":"","publisher":{"@id":"https:\/\/www.upjs.sk\/lekarska-fakulta\/#organization"},"potentialAction":[{"@type":"SearchAction","target":{"@type":"EntryPoint","urlTemplate":"https:\/\/www.upjs.sk\/lekarska-fakulta\/?s={search_term_string}"},"query-input":{"@type":"PropertyValueSpecification","valueRequired":true,"valueName":"search_term_string"}}],"inLanguage":"sk-SK"},{"@type":"Organization","@id":"https:\/\/www.upjs.sk\/lekarska-fakulta\/#organization","name":"Lek\u00e1rska fakulta | UPJ\u0160","url":"https:\/\/www.upjs.sk\/lekarska-fakulta\/","logo":{"@type":"ImageObject","inLanguage":"sk-SK","@id":"https:\/\/www.upjs.sk\/lekarska-fakulta\/#\/schema\/logo\/image\/","url":"https:\/\/www.upjs.sk\/app\/uploads\/sites\/9\/2022\/09\/logo-lekarska-fakulta.png","contentUrl":"https:\/\/www.upjs.sk\/app\/uploads\/sites\/9\/2022\/09\/logo-lekarska-fakulta.png","width":415,"height":87,"caption":"Lek\u00e1rska fakulta | UPJ\u0160"},"image":{"@id":"https:\/\/www.upjs.sk\/lekarska-fakulta\/#\/schema\/logo\/image\/"}}]}},"_links":{"self":[{"href":"https:\/\/www.upjs.sk\/lekarska-fakulta\/wp-json\/wp\/v2\/pages\/146133","targetHints":{"allow":["GET"]}}],"collection":[{"href":"https:\/\/www.upjs.sk\/lekarska-fakulta\/wp-json\/wp\/v2\/pages"}],"about":[{"href":"https:\/\/www.upjs.sk\/lekarska-fakulta\/wp-json\/wp\/v2\/types\/page"}],"author":[{"embeddable":true,"href":"https:\/\/www.upjs.sk\/lekarska-fakulta\/wp-json\/wp\/v2\/users\/75"}],"replies":[{"embeddable":true,"href":"https:\/\/www.upjs.sk\/lekarska-fakulta\/wp-json\/wp\/v2\/comments?post=146133"}],"version-history":[{"count":4,"href":"https:\/\/www.upjs.sk\/lekarska-fakulta\/wp-json\/wp\/v2\/pages\/146133\/revisions"}],"predecessor-version":[{"id":146241,"href":"https:\/\/www.upjs.sk\/lekarska-fakulta\/wp-json\/wp\/v2\/pages\/146133\/revisions\/146241"}],"up":[{"embeddable":true,"href":"https:\/\/www.upjs.sk\/lekarska-fakulta\/wp-json\/wp\/v2\/pages\/13722"}],"wp:attachment":[{"href":"https:\/\/www.upjs.sk\/lekarska-fakulta\/wp-json\/wp\/v2\/media?parent=146133"}],"wp:term":[{"taxonomy":"category","embeddable":true,"href":"https:\/\/www.upjs.sk\/lekarska-fakulta\/wp-json\/wp\/v2\/categories?post=146133"},{"taxonomy":"post_tag","embeddable":true,"href":"https:\/\/www.upjs.sk\/lekarska-fakulta\/wp-json\/wp\/v2\/tags?post=146133"}],"curies":[{"name":"wp","href":"https:\/\/api.w.org\/{rel}","templated":true}]}}