{"id":147392,"date":"2025-10-31T08:46:27","date_gmt":"2025-10-31T07:46:27","guid":{"rendered":"https:\/\/www.upjs.sk\/lekarska-fakulta\/fakulta\/zo-zivota-fakulty\/medifutura-follow-up-stretnutie-s-ministerstvom-zdravotnictva-sr-16-oktobra-2025\/"},"modified":"2025-10-31T08:49:46","modified_gmt":"2025-10-31T07:49:46","slug":"medifutura-follow-up-stretnutie-s-ministerstvom-zdravotnictva-sr-16-oktobra-2025","status":"publish","type":"page","link":"https:\/\/www.upjs.sk\/lekarska-fakulta\/fakulta\/zo-zivota-fakulty\/medifutura-follow-up-stretnutie-s-ministerstvom-zdravotnictva-sr-16-oktobra-2025\/","title":{"rendered":"MediFutura Follow-up stretnutie s  Ministerstvom zdravotn\u00edctva SR &#8211; 16. okt\u00f3bra 2025"},"content":{"rendered":"<style>.wp-block-kadence-advancedheading.kt-adv-heading147392_e1f37b-bb, .wp-block-kadence-advancedheading.kt-adv-heading147392_e1f37b-bb[data-kb-block=\"kb-adv-heading147392_e1f37b-bb\"]{font-style:normal;}.wp-block-kadence-advancedheading.kt-adv-heading147392_e1f37b-bb mark.kt-highlight, .wp-block-kadence-advancedheading.kt-adv-heading147392_e1f37b-bb[data-kb-block=\"kb-adv-heading147392_e1f37b-bb\"] mark.kt-highlight{font-style:normal;color:#f76a0c;-webkit-box-decoration-break:clone;box-decoration-break:clone;padding-top:0px;padding-right:0px;padding-bottom:0px;padding-left:0px;}<\/style>\n<p class=\"kt-adv-heading147392_e1f37b-bb wp-block-kadence-advancedheading\" data-kb-block=\"kb-adv-heading147392_e1f37b-bb\"><\/p>\n\n\n<style>.wp-block-kadence-advancedgallery .kb-gallery-type-grid.kb-gallery-id-147392_ed6e8f-43{margin:-1.5px;}.kb-gallery-type-grid.kb-gallery-id-147392_ed6e8f-43 .kadence-blocks-gallery-item{padding:1.5px;}.kb-gallery-id-147392_ed6e8f-43 .kadence-blocks-gallery-item .kb-gal-image-radius, .kb-gallery-id-147392_ed6e8f-43 .kb-slide-item .kb-gal-image-radius img{border-radius:0px 0px 0px 0px;;}<\/style><div class=\"kb-gallery-wrap-id-147392_ed6e8f-43 alignnone wp-block-kadence-advancedgallery\"><ul class=\"kb-gallery-ul kb-gallery-non-static kb-gallery-type-grid kb-gallery-id-147392_ed6e8f-43 kb-gallery-caption-style-bottom-hover kb-gallery-filter-none kb-gallery-magnific-init\" data-image-filter=\"none\" data-item-selector=\".kadence-blocks-gallery-item\" data-lightbox-caption=\"true\" data-columns-xxl=\"5\" data-columns-xl=\"5\" data-columns-md=\"5\" data-columns-sm=\"4\" data-columns-xs=\"4\" data-columns-ss=\"3\"><li class=\"kadence-blocks-gallery-item\"><div class=\"kadence-blocks-gallery-item-inner\"><figure class=\"kb-gallery-figure kb-gallery-item-has-link kadence-blocks-gallery-item-hide-caption\"><a href=\"https:\/\/www.upjs.sk\/app\/uploads\/sites\/9\/2025\/10\/Snimka-obrazovky-2025-10-16-153755.jpg\" class=\"kb-gallery-item-link\"  ><div class=\"kb-gal-image-radius\"><div class=\"kb-gallery-image-contain kadence-blocks-gallery-intrinsic kb-gallery-image-ratio-land32 kb-has-image-ratio-land32\" ><img loading=\"lazy\" decoding=\"async\" src=\"https:\/\/www.upjs.sk\/app\/uploads\/sites\/9\/2025\/10\/Snimka-obrazovky-2025-10-16-153755-1024x763.jpg\" width=\"1024\" height=\"763\" alt=\"\" data-full-image=\"https:\/\/www.upjs.sk\/app\/uploads\/sites\/9\/2025\/10\/Snimka-obrazovky-2025-10-16-153755.jpg\" data-light-image=\"https:\/\/www.upjs.sk\/app\/uploads\/sites\/9\/2025\/10\/Snimka-obrazovky-2025-10-16-153755.jpg\" data-id=\"146593\" class=\"wp-image-146593\" srcset=\"https:\/\/www.upjs.sk\/app\/uploads\/sites\/9\/2025\/10\/Snimka-obrazovky-2025-10-16-153755-1024x763.jpg 1024w, https:\/\/www.upjs.sk\/app\/uploads\/sites\/9\/2025\/10\/Snimka-obrazovky-2025-10-16-153755-300x224.jpg 300w, https:\/\/www.upjs.sk\/app\/uploads\/sites\/9\/2025\/10\/Snimka-obrazovky-2025-10-16-153755-768x572.jpg 768w, https:\/\/www.upjs.sk\/app\/uploads\/sites\/9\/2025\/10\/Snimka-obrazovky-2025-10-16-153755.jpg 1228w\" sizes=\"auto, (max-width: 1024px) 100vw, 1024px\" \/><\/div><\/div><\/a><\/figure><\/div><\/li><li class=\"kadence-blocks-gallery-item\"><div class=\"kadence-blocks-gallery-item-inner\"><figure class=\"kb-gallery-figure kb-gallery-item-has-link kadence-blocks-gallery-item-hide-caption\"><a href=\"https:\/\/www.upjs.sk\/app\/uploads\/sites\/9\/2025\/10\/DSC_6790.jpg\" class=\"kb-gallery-item-link\"  ><div class=\"kb-gal-image-radius\"><div class=\"kb-gallery-image-contain kadence-blocks-gallery-intrinsic kb-gallery-image-ratio-land32 kb-has-image-ratio-land32\" ><img loading=\"lazy\" decoding=\"async\" src=\"https:\/\/www.upjs.sk\/app\/uploads\/sites\/9\/2025\/10\/DSC_6790-1024x681.jpg\" width=\"1024\" height=\"681\" alt=\"\" data-full-image=\"https:\/\/www.upjs.sk\/app\/uploads\/sites\/9\/2025\/10\/DSC_6790.jpg\" data-light-image=\"https:\/\/www.upjs.sk\/app\/uploads\/sites\/9\/2025\/10\/DSC_6790.jpg\" data-id=\"146590\" class=\"wp-image-146590\" srcset=\"https:\/\/www.upjs.sk\/app\/uploads\/sites\/9\/2025\/10\/DSC_6790-1024x681.jpg 1024w, https:\/\/www.upjs.sk\/app\/uploads\/sites\/9\/2025\/10\/DSC_6790-300x200.jpg 300w, https:\/\/www.upjs.sk\/app\/uploads\/sites\/9\/2025\/10\/DSC_6790-768x511.jpg 768w, https:\/\/www.upjs.sk\/app\/uploads\/sites\/9\/2025\/10\/DSC_6790-1536x1022.jpg 1536w, https:\/\/www.upjs.sk\/app\/uploads\/sites\/9\/2025\/10\/DSC_6790-2048x1363.jpg 2048w\" sizes=\"auto, (max-width: 1024px) 100vw, 1024px\" \/><\/div><\/div><\/a><\/figure><\/div><\/li><li class=\"kadence-blocks-gallery-item\"><div class=\"kadence-blocks-gallery-item-inner\"><figure class=\"kb-gallery-figure kb-gallery-item-has-link kadence-blocks-gallery-item-hide-caption\"><a href=\"https:\/\/www.upjs.sk\/app\/uploads\/sites\/9\/2025\/10\/DSC_6783.jpg\" class=\"kb-gallery-item-link\"  ><div class=\"kb-gal-image-radius\"><div class=\"kb-gallery-image-contain kadence-blocks-gallery-intrinsic kb-gallery-image-ratio-land32 kb-has-image-ratio-land32\" ><img loading=\"lazy\" decoding=\"async\" src=\"https:\/\/www.upjs.sk\/app\/uploads\/sites\/9\/2025\/10\/DSC_6783-1024x681.jpg\" width=\"1024\" height=\"681\" alt=\"\" data-full-image=\"https:\/\/www.upjs.sk\/app\/uploads\/sites\/9\/2025\/10\/DSC_6783.jpg\" data-light-image=\"https:\/\/www.upjs.sk\/app\/uploads\/sites\/9\/2025\/10\/DSC_6783.jpg\" data-id=\"146587\" class=\"wp-image-146587\" srcset=\"https:\/\/www.upjs.sk\/app\/uploads\/sites\/9\/2025\/10\/DSC_6783-1024x681.jpg 1024w, https:\/\/www.upjs.sk\/app\/uploads\/sites\/9\/2025\/10\/DSC_6783-300x200.jpg 300w, https:\/\/www.upjs.sk\/app\/uploads\/sites\/9\/2025\/10\/DSC_6783-768x511.jpg 768w, https:\/\/www.upjs.sk\/app\/uploads\/sites\/9\/2025\/10\/DSC_6783-1536x1022.jpg 1536w, https:\/\/www.upjs.sk\/app\/uploads\/sites\/9\/2025\/10\/DSC_6783-2048x1363.jpg 2048w\" sizes=\"auto, (max-width: 1024px) 100vw, 1024px\" \/><\/div><\/div><\/a><\/figure><\/div><\/li><li class=\"kadence-blocks-gallery-item\"><div class=\"kadence-blocks-gallery-item-inner\"><figure class=\"kb-gallery-figure kb-gallery-item-has-link kadence-blocks-gallery-item-hide-caption\"><a href=\"https:\/\/www.upjs.sk\/app\/uploads\/sites\/9\/2025\/10\/DSC_6800.jpg\" class=\"kb-gallery-item-link\"  ><div class=\"kb-gal-image-radius\"><div class=\"kb-gallery-image-contain kadence-blocks-gallery-intrinsic kb-gallery-image-ratio-land32 kb-has-image-ratio-land32\" ><img loading=\"lazy\" decoding=\"async\" src=\"https:\/\/www.upjs.sk\/app\/uploads\/sites\/9\/2025\/10\/DSC_6800-1024x681.jpg\" width=\"1024\" height=\"681\" alt=\"\" data-full-image=\"https:\/\/www.upjs.sk\/app\/uploads\/sites\/9\/2025\/10\/DSC_6800.jpg\" data-light-image=\"https:\/\/www.upjs.sk\/app\/uploads\/sites\/9\/2025\/10\/DSC_6800.jpg\" data-id=\"146584\" class=\"wp-image-146584\" srcset=\"https:\/\/www.upjs.sk\/app\/uploads\/sites\/9\/2025\/10\/DSC_6800-1024x681.jpg 1024w, https:\/\/www.upjs.sk\/app\/uploads\/sites\/9\/2025\/10\/DSC_6800-300x200.jpg 300w, https:\/\/www.upjs.sk\/app\/uploads\/sites\/9\/2025\/10\/DSC_6800-768x511.jpg 768w, https:\/\/www.upjs.sk\/app\/uploads\/sites\/9\/2025\/10\/DSC_6800-1536x1022.jpg 1536w, https:\/\/www.upjs.sk\/app\/uploads\/sites\/9\/2025\/10\/DSC_6800-2048x1363.jpg 2048w\" sizes=\"auto, (max-width: 1024px) 100vw, 1024px\" \/><\/div><\/div><\/a><\/figure><\/div><\/li><li class=\"kadence-blocks-gallery-item\"><div class=\"kadence-blocks-gallery-item-inner\"><figure class=\"kb-gallery-figure kb-gallery-item-has-link kadence-blocks-gallery-item-hide-caption\"><a href=\"https:\/\/www.upjs.sk\/app\/uploads\/sites\/9\/2025\/10\/DSC_6791.jpg\" class=\"kb-gallery-item-link\"  ><div class=\"kb-gal-image-radius\"><div class=\"kb-gallery-image-contain kadence-blocks-gallery-intrinsic kb-gallery-image-ratio-land32 kb-has-image-ratio-land32\" ><img loading=\"lazy\" decoding=\"async\" src=\"https:\/\/www.upjs.sk\/app\/uploads\/sites\/9\/2025\/10\/DSC_6791-1024x681.jpg\" width=\"1024\" height=\"681\" alt=\"\" data-full-image=\"https:\/\/www.upjs.sk\/app\/uploads\/sites\/9\/2025\/10\/DSC_6791.jpg\" data-light-image=\"https:\/\/www.upjs.sk\/app\/uploads\/sites\/9\/2025\/10\/DSC_6791.jpg\" data-id=\"146581\" class=\"wp-image-146581\" srcset=\"https:\/\/www.upjs.sk\/app\/uploads\/sites\/9\/2025\/10\/DSC_6791-1024x681.jpg 1024w, https:\/\/www.upjs.sk\/app\/uploads\/sites\/9\/2025\/10\/DSC_6791-300x200.jpg 300w, https:\/\/www.upjs.sk\/app\/uploads\/sites\/9\/2025\/10\/DSC_6791-768x511.jpg 768w, https:\/\/www.upjs.sk\/app\/uploads\/sites\/9\/2025\/10\/DSC_6791-1536x1022.jpg 1536w, https:\/\/www.upjs.sk\/app\/uploads\/sites\/9\/2025\/10\/DSC_6791-2048x1363.jpg 2048w\" sizes=\"auto, (max-width: 1024px) 100vw, 1024px\" \/><\/div><\/div><\/a><\/figure><\/div><\/li><\/ul><\/div>","protected":false},"excerpt":{"rendered":"","protected":false},"author":75,"featured_media":0,"parent":13722,"menu_order":49,"comment_status":"closed","ping_status":"closed","template":"","meta":{"_acf_changed":false,"_editorskit_title_hidden":false,"_editorskit_reading_time":0,"_editorskit_is_block_options_detached":false,"_editorskit_block_options_position":"{}","footnotes":""},"categories":[],"tags":[],"class_list":["post-147392","page","type-page","status-publish","hentry"],"acf":{"acf_link_na_externy_obsah":""},"yoast_head":"<!-- This site is optimized with the Yoast SEO plugin v27.4 - https:\/\/yoast.com\/product\/yoast-seo-wordpress\/ -->\n<title>MediFutura Follow-up stretnutie s Ministerstvom zdravotn\u00edctva SR - 16. okt\u00f3bra 2025 - Lek\u00e1rska fakulta | UPJ\u0160<\/title>\n<meta name=\"robots\" content=\"index, follow, max-snippet:-1, max-image-preview:large, max-video-preview:-1\" \/>\n<link rel=\"canonical\" href=\"https:\/\/www.upjs.sk\/lekarska-fakulta\/fakulta\/zo-zivota-fakulty\/medifutura-follow-up-stretnutie-s-ministerstvom-zdravotnictva-sr-16-oktobra-2025\/\" \/>\n<meta property=\"og:locale\" content=\"sk_SK\" \/>\n<meta property=\"og:type\" content=\"article\" \/>\n<meta property=\"og:title\" content=\"MediFutura Follow-up stretnutie s Ministerstvom zdravotn\u00edctva SR - 16. okt\u00f3bra 2025 - Lek\u00e1rska fakulta | UPJ\u0160\" \/>\n<meta property=\"og:url\" content=\"https:\/\/www.upjs.sk\/lekarska-fakulta\/fakulta\/zo-zivota-fakulty\/medifutura-follow-up-stretnutie-s-ministerstvom-zdravotnictva-sr-16-oktobra-2025\/\" \/>\n<meta property=\"og:site_name\" content=\"Lek\u00e1rska fakulta | UPJ\u0160\" \/>\n<meta property=\"article:modified_time\" content=\"2025-10-31T07:49:46+00:00\" \/>\n<meta name=\"twitter:card\" content=\"summary_large_image\" \/>\n<script type=\"application\/ld+json\" class=\"yoast-schema-graph\">{\"@context\":\"https:\\\/\\\/schema.org\",\"@graph\":[{\"@type\":\"WebPage\",\"@id\":\"https:\\\/\\\/www.upjs.sk\\\/lekarska-fakulta\\\/fakulta\\\/zo-zivota-fakulty\\\/medifutura-follow-up-stretnutie-s-ministerstvom-zdravotnictva-sr-16-oktobra-2025\\\/\",\"url\":\"https:\\\/\\\/www.upjs.sk\\\/lekarska-fakulta\\\/fakulta\\\/zo-zivota-fakulty\\\/medifutura-follow-up-stretnutie-s-ministerstvom-zdravotnictva-sr-16-oktobra-2025\\\/\",\"name\":\"MediFutura Follow-up stretnutie s Ministerstvom zdravotn\u00edctva SR - 16. okt\u00f3bra 2025 - Lek\u00e1rska fakulta | UPJ\u0160\",\"isPartOf\":{\"@id\":\"https:\\\/\\\/www.upjs.sk\\\/lekarska-fakulta\\\/#website\"},\"datePublished\":\"2025-10-31T07:46:27+00:00\",\"dateModified\":\"2025-10-31T07:49:46+00:00\",\"breadcrumb\":{\"@id\":\"https:\\\/\\\/www.upjs.sk\\\/lekarska-fakulta\\\/fakulta\\\/zo-zivota-fakulty\\\/medifutura-follow-up-stretnutie-s-ministerstvom-zdravotnictva-sr-16-oktobra-2025\\\/#breadcrumb\"},\"inLanguage\":\"sk-SK\",\"potentialAction\":[{\"@type\":\"ReadAction\",\"target\":[\"https:\\\/\\\/www.upjs.sk\\\/lekarska-fakulta\\\/fakulta\\\/zo-zivota-fakulty\\\/medifutura-follow-up-stretnutie-s-ministerstvom-zdravotnictva-sr-16-oktobra-2025\\\/\"]}]},{\"@type\":\"BreadcrumbList\",\"@id\":\"https:\\\/\\\/www.upjs.sk\\\/lekarska-fakulta\\\/fakulta\\\/zo-zivota-fakulty\\\/medifutura-follow-up-stretnutie-s-ministerstvom-zdravotnictva-sr-16-oktobra-2025\\\/#breadcrumb\",\"itemListElement\":[{\"@type\":\"ListItem\",\"position\":1,\"name\":\"Home\",\"item\":\"https:\\\/\\\/www.upjs.sk\\\/lekarska-fakulta\\\/\"},{\"@type\":\"ListItem\",\"position\":2,\"name\":\"O fakulte\",\"item\":\"https:\\\/\\\/www.upjs.sk\\\/lekarska-fakulta\\\/fakulta\\\/\"},{\"@type\":\"ListItem\",\"position\":3,\"name\":\"Zo \u017eivota fakulty\",\"item\":\"https:\\\/\\\/www.upjs.sk\\\/lekarska-fakulta\\\/fakulta\\\/zo-zivota-fakulty\\\/\"},{\"@type\":\"ListItem\",\"position\":4,\"name\":\"MediFutura Follow-up stretnutie s Ministerstvom zdravotn\u00edctva SR &#8211; 16. okt\u00f3bra 2025\"}]},{\"@type\":\"WebSite\",\"@id\":\"https:\\\/\\\/www.upjs.sk\\\/lekarska-fakulta\\\/#website\",\"url\":\"https:\\\/\\\/www.upjs.sk\\\/lekarska-fakulta\\\/\",\"name\":\"Lek\u00e1rska fakulta | UPJ\u0160\",\"description\":\"\",\"publisher\":{\"@id\":\"https:\\\/\\\/www.upjs.sk\\\/lekarska-fakulta\\\/#organization\"},\"potentialAction\":[{\"@type\":\"SearchAction\",\"target\":{\"@type\":\"EntryPoint\",\"urlTemplate\":\"https:\\\/\\\/www.upjs.sk\\\/lekarska-fakulta\\\/?s={search_term_string}\"},\"query-input\":{\"@type\":\"PropertyValueSpecification\",\"valueRequired\":true,\"valueName\":\"search_term_string\"}}],\"inLanguage\":\"sk-SK\"},{\"@type\":\"Organization\",\"@id\":\"https:\\\/\\\/www.upjs.sk\\\/lekarska-fakulta\\\/#organization\",\"name\":\"Lek\u00e1rska fakulta | UPJ\u0160\",\"url\":\"https:\\\/\\\/www.upjs.sk\\\/lekarska-fakulta\\\/\",\"logo\":{\"@type\":\"ImageObject\",\"inLanguage\":\"sk-SK\",\"@id\":\"https:\\\/\\\/www.upjs.sk\\\/lekarska-fakulta\\\/#\\\/schema\\\/logo\\\/image\\\/\",\"url\":\"https:\\\/\\\/www.upjs.sk\\\/app\\\/uploads\\\/sites\\\/9\\\/2022\\\/09\\\/logo-lekarska-fakulta.png\",\"contentUrl\":\"https:\\\/\\\/www.upjs.sk\\\/app\\\/uploads\\\/sites\\\/9\\\/2022\\\/09\\\/logo-lekarska-fakulta.png\",\"width\":415,\"height\":87,\"caption\":\"Lek\u00e1rska fakulta | UPJ\u0160\"},\"image\":{\"@id\":\"https:\\\/\\\/www.upjs.sk\\\/lekarska-fakulta\\\/#\\\/schema\\\/logo\\\/image\\\/\"}}]}<\/script>\n<!-- \/ Yoast SEO plugin. -->","yoast_head_json":{"title":"MediFutura Follow-up stretnutie s Ministerstvom zdravotn\u00edctva SR - 16. okt\u00f3bra 2025 - Lek\u00e1rska fakulta | UPJ\u0160","robots":{"index":"index","follow":"follow","max-snippet":"max-snippet:-1","max-image-preview":"max-image-preview:large","max-video-preview":"max-video-preview:-1"},"canonical":"https:\/\/www.upjs.sk\/lekarska-fakulta\/fakulta\/zo-zivota-fakulty\/medifutura-follow-up-stretnutie-s-ministerstvom-zdravotnictva-sr-16-oktobra-2025\/","og_locale":"sk_SK","og_type":"article","og_title":"MediFutura Follow-up stretnutie s Ministerstvom zdravotn\u00edctva SR - 16. okt\u00f3bra 2025 - Lek\u00e1rska fakulta | UPJ\u0160","og_url":"https:\/\/www.upjs.sk\/lekarska-fakulta\/fakulta\/zo-zivota-fakulty\/medifutura-follow-up-stretnutie-s-ministerstvom-zdravotnictva-sr-16-oktobra-2025\/","og_site_name":"Lek\u00e1rska fakulta | UPJ\u0160","article_modified_time":"2025-10-31T07:49:46+00:00","twitter_card":"summary_large_image","schema":{"@context":"https:\/\/schema.org","@graph":[{"@type":"WebPage","@id":"https:\/\/www.upjs.sk\/lekarska-fakulta\/fakulta\/zo-zivota-fakulty\/medifutura-follow-up-stretnutie-s-ministerstvom-zdravotnictva-sr-16-oktobra-2025\/","url":"https:\/\/www.upjs.sk\/lekarska-fakulta\/fakulta\/zo-zivota-fakulty\/medifutura-follow-up-stretnutie-s-ministerstvom-zdravotnictva-sr-16-oktobra-2025\/","name":"MediFutura Follow-up stretnutie s Ministerstvom zdravotn\u00edctva SR - 16. okt\u00f3bra 2025 - Lek\u00e1rska fakulta | UPJ\u0160","isPartOf":{"@id":"https:\/\/www.upjs.sk\/lekarska-fakulta\/#website"},"datePublished":"2025-10-31T07:46:27+00:00","dateModified":"2025-10-31T07:49:46+00:00","breadcrumb":{"@id":"https:\/\/www.upjs.sk\/lekarska-fakulta\/fakulta\/zo-zivota-fakulty\/medifutura-follow-up-stretnutie-s-ministerstvom-zdravotnictva-sr-16-oktobra-2025\/#breadcrumb"},"inLanguage":"sk-SK","potentialAction":[{"@type":"ReadAction","target":["https:\/\/www.upjs.sk\/lekarska-fakulta\/fakulta\/zo-zivota-fakulty\/medifutura-follow-up-stretnutie-s-ministerstvom-zdravotnictva-sr-16-oktobra-2025\/"]}]},{"@type":"BreadcrumbList","@id":"https:\/\/www.upjs.sk\/lekarska-fakulta\/fakulta\/zo-zivota-fakulty\/medifutura-follow-up-stretnutie-s-ministerstvom-zdravotnictva-sr-16-oktobra-2025\/#breadcrumb","itemListElement":[{"@type":"ListItem","position":1,"name":"Home","item":"https:\/\/www.upjs.sk\/lekarska-fakulta\/"},{"@type":"ListItem","position":2,"name":"O fakulte","item":"https:\/\/www.upjs.sk\/lekarska-fakulta\/fakulta\/"},{"@type":"ListItem","position":3,"name":"Zo \u017eivota fakulty","item":"https:\/\/www.upjs.sk\/lekarska-fakulta\/fakulta\/zo-zivota-fakulty\/"},{"@type":"ListItem","position":4,"name":"MediFutura Follow-up stretnutie s Ministerstvom zdravotn\u00edctva SR &#8211; 16. okt\u00f3bra 2025"}]},{"@type":"WebSite","@id":"https:\/\/www.upjs.sk\/lekarska-fakulta\/#website","url":"https:\/\/www.upjs.sk\/lekarska-fakulta\/","name":"Lek\u00e1rska fakulta | UPJ\u0160","description":"","publisher":{"@id":"https:\/\/www.upjs.sk\/lekarska-fakulta\/#organization"},"potentialAction":[{"@type":"SearchAction","target":{"@type":"EntryPoint","urlTemplate":"https:\/\/www.upjs.sk\/lekarska-fakulta\/?s={search_term_string}"},"query-input":{"@type":"PropertyValueSpecification","valueRequired":true,"valueName":"search_term_string"}}],"inLanguage":"sk-SK"},{"@type":"Organization","@id":"https:\/\/www.upjs.sk\/lekarska-fakulta\/#organization","name":"Lek\u00e1rska fakulta | UPJ\u0160","url":"https:\/\/www.upjs.sk\/lekarska-fakulta\/","logo":{"@type":"ImageObject","inLanguage":"sk-SK","@id":"https:\/\/www.upjs.sk\/lekarska-fakulta\/#\/schema\/logo\/image\/","url":"https:\/\/www.upjs.sk\/app\/uploads\/sites\/9\/2022\/09\/logo-lekarska-fakulta.png","contentUrl":"https:\/\/www.upjs.sk\/app\/uploads\/sites\/9\/2022\/09\/logo-lekarska-fakulta.png","width":415,"height":87,"caption":"Lek\u00e1rska fakulta | UPJ\u0160"},"image":{"@id":"https:\/\/www.upjs.sk\/lekarska-fakulta\/#\/schema\/logo\/image\/"}}]}},"_links":{"self":[{"href":"https:\/\/www.upjs.sk\/lekarska-fakulta\/wp-json\/wp\/v2\/pages\/147392","targetHints":{"allow":["GET"]}}],"collection":[{"href":"https:\/\/www.upjs.sk\/lekarska-fakulta\/wp-json\/wp\/v2\/pages"}],"about":[{"href":"https:\/\/www.upjs.sk\/lekarska-fakulta\/wp-json\/wp\/v2\/types\/page"}],"author":[{"embeddable":true,"href":"https:\/\/www.upjs.sk\/lekarska-fakulta\/wp-json\/wp\/v2\/users\/75"}],"replies":[{"embeddable":true,"href":"https:\/\/www.upjs.sk\/lekarska-fakulta\/wp-json\/wp\/v2\/comments?post=147392"}],"version-history":[{"count":2,"href":"https:\/\/www.upjs.sk\/lekarska-fakulta\/wp-json\/wp\/v2\/pages\/147392\/revisions"}],"predecessor-version":[{"id":147395,"href":"https:\/\/www.upjs.sk\/lekarska-fakulta\/wp-json\/wp\/v2\/pages\/147392\/revisions\/147395"}],"up":[{"embeddable":true,"href":"https:\/\/www.upjs.sk\/lekarska-fakulta\/wp-json\/wp\/v2\/pages\/13722"}],"wp:attachment":[{"href":"https:\/\/www.upjs.sk\/lekarska-fakulta\/wp-json\/wp\/v2\/media?parent=147392"}],"wp:term":[{"taxonomy":"category","embeddable":true,"href":"https:\/\/www.upjs.sk\/lekarska-fakulta\/wp-json\/wp\/v2\/categories?post=147392"},{"taxonomy":"post_tag","embeddable":true,"href":"https:\/\/www.upjs.sk\/lekarska-fakulta\/wp-json\/wp\/v2\/tags?post=147392"}],"curies":[{"name":"wp","href":"https:\/\/api.w.org\/{rel}","templated":true}]}}