{"id":147561,"date":"2025-11-05T11:43:13","date_gmt":"2025-11-05T10:43:13","guid":{"rendered":"https:\/\/www.upjs.sk\/lekarska-fakulta\/fakulta\/zo-zivota-fakulty\/lf-upjs-na-veltrhu-gaudeamuss-04-novembra-2025\/"},"modified":"2025-11-05T11:46:48","modified_gmt":"2025-11-05T10:46:48","slug":"lf-upjs-na-veltrhu-gaudeamus-04-novembra-2025","status":"publish","type":"page","link":"https:\/\/www.upjs.sk\/lekarska-fakulta\/fakulta\/zo-zivota-fakulty\/lf-upjs-na-veltrhu-gaudeamus-04-novembra-2025\/","title":{"rendered":"LF UPJ\u0160 na ve\u013etrhu Gaudeamus &#8211; 04. novembra 2025"},"content":{"rendered":"<style>.wp-block-kadence-advancedheading.kt-adv-heading147561_d37ff3-49, .wp-block-kadence-advancedheading.kt-adv-heading147561_d37ff3-49[data-kb-block=\"kb-adv-heading147561_d37ff3-49\"]{font-style:normal;}.wp-block-kadence-advancedheading.kt-adv-heading147561_d37ff3-49 mark.kt-highlight, .wp-block-kadence-advancedheading.kt-adv-heading147561_d37ff3-49[data-kb-block=\"kb-adv-heading147561_d37ff3-49\"] mark.kt-highlight{font-style:normal;color:#f76a0c;-webkit-box-decoration-break:clone;box-decoration-break:clone;padding-top:0px;padding-right:0px;padding-bottom:0px;padding-left:0px;}<\/style>\n<p class=\"kt-adv-heading147561_d37ff3-49 wp-block-kadence-advancedheading\" data-kb-block=\"kb-adv-heading147561_d37ff3-49\"><\/p>\n\n\n<style>.wp-block-kadence-advancedgallery .kb-gallery-type-grid.kb-gallery-id-147561_14eb57-35{margin:-1.5px;}.kb-gallery-type-grid.kb-gallery-id-147561_14eb57-35 .kadence-blocks-gallery-item{padding:1.5px;}.kb-gallery-id-147561_14eb57-35 .kadence-blocks-gallery-item .kb-gal-image-radius, .kb-gallery-id-147561_14eb57-35 .kb-slide-item .kb-gal-image-radius img{border-radius:0px 0px 0px 0px;;}<\/style><div class=\"kb-gallery-wrap-id-147561_14eb57-35 alignnone wp-block-kadence-advancedgallery\"><ul class=\"kb-gallery-ul kb-gallery-non-static kb-gallery-type-grid kb-gallery-id-147561_14eb57-35 kb-gallery-caption-style-bottom-hover kb-gallery-filter-none kb-gallery-magnific-init\" data-image-filter=\"none\" data-item-selector=\".kadence-blocks-gallery-item\" data-lightbox-caption=\"true\" data-columns-xxl=\"6\" data-columns-xl=\"6\" data-columns-md=\"6\" data-columns-sm=\"4\" data-columns-xs=\"4\" data-columns-ss=\"3\"><li class=\"kadence-blocks-gallery-item\"><div class=\"kadence-blocks-gallery-item-inner\"><figure class=\"kb-gallery-figure kb-gallery-item-has-link kadence-blocks-gallery-item-hide-caption\"><a href=\"https:\/\/www.upjs.sk\/app\/uploads\/sites\/9\/2025\/11\/DSC_8108.jpg\" class=\"kb-gallery-item-link\"  ><div class=\"kb-gal-image-radius\"><div class=\"kb-gallery-image-contain kadence-blocks-gallery-intrinsic kb-gallery-image-ratio-land32 kb-has-image-ratio-land32\" ><img loading=\"lazy\" decoding=\"async\" src=\"https:\/\/www.upjs.sk\/app\/uploads\/sites\/9\/2025\/11\/DSC_8108-1024x681.jpg\" width=\"1024\" height=\"681\" alt=\"\" data-full-image=\"https:\/\/www.upjs.sk\/app\/uploads\/sites\/9\/2025\/11\/DSC_8108.jpg\" data-light-image=\"https:\/\/www.upjs.sk\/app\/uploads\/sites\/9\/2025\/11\/DSC_8108.jpg\" data-id=\"147474\" class=\"wp-image-147474\" srcset=\"https:\/\/www.upjs.sk\/app\/uploads\/sites\/9\/2025\/11\/DSC_8108-1024x681.jpg 1024w, https:\/\/www.upjs.sk\/app\/uploads\/sites\/9\/2025\/11\/DSC_8108-300x200.jpg 300w, https:\/\/www.upjs.sk\/app\/uploads\/sites\/9\/2025\/11\/DSC_8108-768x511.jpg 768w, https:\/\/www.upjs.sk\/app\/uploads\/sites\/9\/2025\/11\/DSC_8108-1536x1022.jpg 1536w, https:\/\/www.upjs.sk\/app\/uploads\/sites\/9\/2025\/11\/DSC_8108-2048x1363.jpg 2048w\" sizes=\"auto, (max-width: 1024px) 100vw, 1024px\" \/><\/div><\/div><\/a><\/figure><\/div><\/li><li class=\"kadence-blocks-gallery-item\"><div class=\"kadence-blocks-gallery-item-inner\"><figure class=\"kb-gallery-figure kb-gallery-item-has-link kadence-blocks-gallery-item-hide-caption\"><a href=\"https:\/\/www.upjs.sk\/app\/uploads\/sites\/9\/2025\/11\/DSC_8109.jpg\" class=\"kb-gallery-item-link\"  ><div class=\"kb-gal-image-radius\"><div class=\"kb-gallery-image-contain kadence-blocks-gallery-intrinsic kb-gallery-image-ratio-land32 kb-has-image-ratio-land32\" ><img loading=\"lazy\" decoding=\"async\" src=\"https:\/\/www.upjs.sk\/app\/uploads\/sites\/9\/2025\/11\/DSC_8109-1024x674.jpg\" width=\"1024\" height=\"674\" alt=\"\" data-full-image=\"https:\/\/www.upjs.sk\/app\/uploads\/sites\/9\/2025\/11\/DSC_8109.jpg\" data-light-image=\"https:\/\/www.upjs.sk\/app\/uploads\/sites\/9\/2025\/11\/DSC_8109.jpg\" data-id=\"147477\" class=\"wp-image-147477\" srcset=\"https:\/\/www.upjs.sk\/app\/uploads\/sites\/9\/2025\/11\/DSC_8109-1024x674.jpg 1024w, https:\/\/www.upjs.sk\/app\/uploads\/sites\/9\/2025\/11\/DSC_8109-300x198.jpg 300w, https:\/\/www.upjs.sk\/app\/uploads\/sites\/9\/2025\/11\/DSC_8109-768x506.jpg 768w, https:\/\/www.upjs.sk\/app\/uploads\/sites\/9\/2025\/11\/DSC_8109-1536x1012.jpg 1536w, https:\/\/www.upjs.sk\/app\/uploads\/sites\/9\/2025\/11\/DSC_8109-2048x1349.jpg 2048w\" sizes=\"auto, (max-width: 1024px) 100vw, 1024px\" \/><\/div><\/div><\/a><\/figure><\/div><\/li><li class=\"kadence-blocks-gallery-item\"><div class=\"kadence-blocks-gallery-item-inner\"><figure class=\"kb-gallery-figure kb-gallery-item-has-link kadence-blocks-gallery-item-hide-caption\"><a href=\"https:\/\/www.upjs.sk\/app\/uploads\/sites\/9\/2025\/11\/DSC_8113.jpg\" class=\"kb-gallery-item-link\"  ><div class=\"kb-gal-image-radius\"><div class=\"kb-gallery-image-contain kadence-blocks-gallery-intrinsic kb-gallery-image-ratio-land32 kb-has-image-ratio-land32\" ><img loading=\"lazy\" decoding=\"async\" src=\"https:\/\/www.upjs.sk\/app\/uploads\/sites\/9\/2025\/11\/DSC_8113-1024x681.jpg\" width=\"1024\" height=\"681\" alt=\"\" data-full-image=\"https:\/\/www.upjs.sk\/app\/uploads\/sites\/9\/2025\/11\/DSC_8113.jpg\" data-light-image=\"https:\/\/www.upjs.sk\/app\/uploads\/sites\/9\/2025\/11\/DSC_8113.jpg\" data-id=\"147480\" class=\"wp-image-147480\" srcset=\"https:\/\/www.upjs.sk\/app\/uploads\/sites\/9\/2025\/11\/DSC_8113-1024x681.jpg 1024w, https:\/\/www.upjs.sk\/app\/uploads\/sites\/9\/2025\/11\/DSC_8113-300x200.jpg 300w, https:\/\/www.upjs.sk\/app\/uploads\/sites\/9\/2025\/11\/DSC_8113-768x511.jpg 768w, https:\/\/www.upjs.sk\/app\/uploads\/sites\/9\/2025\/11\/DSC_8113-1536x1022.jpg 1536w, https:\/\/www.upjs.sk\/app\/uploads\/sites\/9\/2025\/11\/DSC_8113-2048x1363.jpg 2048w\" sizes=\"auto, (max-width: 1024px) 100vw, 1024px\" \/><\/div><\/div><\/a><\/figure><\/div><\/li><li class=\"kadence-blocks-gallery-item\"><div class=\"kadence-blocks-gallery-item-inner\"><figure class=\"kb-gallery-figure kb-gallery-item-has-link kadence-blocks-gallery-item-hide-caption\"><a href=\"https:\/\/www.upjs.sk\/app\/uploads\/sites\/9\/2025\/11\/DSC_8120.jpg\" class=\"kb-gallery-item-link\"  ><div class=\"kb-gal-image-radius\"><div class=\"kb-gallery-image-contain kadence-blocks-gallery-intrinsic kb-gallery-image-ratio-land32 kb-has-image-ratio-land32\" ><img loading=\"lazy\" decoding=\"async\" src=\"https:\/\/www.upjs.sk\/app\/uploads\/sites\/9\/2025\/11\/DSC_8120-1024x671.jpg\" width=\"1024\" height=\"671\" alt=\"\" data-full-image=\"https:\/\/www.upjs.sk\/app\/uploads\/sites\/9\/2025\/11\/DSC_8120.jpg\" data-light-image=\"https:\/\/www.upjs.sk\/app\/uploads\/sites\/9\/2025\/11\/DSC_8120.jpg\" data-id=\"147483\" class=\"wp-image-147483\" srcset=\"https:\/\/www.upjs.sk\/app\/uploads\/sites\/9\/2025\/11\/DSC_8120-1024x671.jpg 1024w, https:\/\/www.upjs.sk\/app\/uploads\/sites\/9\/2025\/11\/DSC_8120-300x197.jpg 300w, https:\/\/www.upjs.sk\/app\/uploads\/sites\/9\/2025\/11\/DSC_8120-768x504.jpg 768w, https:\/\/www.upjs.sk\/app\/uploads\/sites\/9\/2025\/11\/DSC_8120-1536x1007.jpg 1536w, https:\/\/www.upjs.sk\/app\/uploads\/sites\/9\/2025\/11\/DSC_8120-2048x1343.jpg 2048w\" sizes=\"auto, (max-width: 1024px) 100vw, 1024px\" \/><\/div><\/div><\/a><\/figure><\/div><\/li><li class=\"kadence-blocks-gallery-item\"><div class=\"kadence-blocks-gallery-item-inner\"><figure class=\"kb-gallery-figure kb-gallery-item-has-link kadence-blocks-gallery-item-hide-caption\"><a href=\"https:\/\/www.upjs.sk\/app\/uploads\/sites\/9\/2025\/11\/DSC_8121.jpg\" class=\"kb-gallery-item-link\"  ><div class=\"kb-gal-image-radius\"><div class=\"kb-gallery-image-contain kadence-blocks-gallery-intrinsic kb-gallery-image-ratio-land32 kb-has-image-ratio-land32\" ><img loading=\"lazy\" decoding=\"async\" src=\"https:\/\/www.upjs.sk\/app\/uploads\/sites\/9\/2025\/11\/DSC_8121-1024x681.jpg\" width=\"1024\" height=\"681\" alt=\"\" data-full-image=\"https:\/\/www.upjs.sk\/app\/uploads\/sites\/9\/2025\/11\/DSC_8121.jpg\" data-light-image=\"https:\/\/www.upjs.sk\/app\/uploads\/sites\/9\/2025\/11\/DSC_8121.jpg\" data-id=\"147486\" class=\"wp-image-147486\" srcset=\"https:\/\/www.upjs.sk\/app\/uploads\/sites\/9\/2025\/11\/DSC_8121-1024x681.jpg 1024w, https:\/\/www.upjs.sk\/app\/uploads\/sites\/9\/2025\/11\/DSC_8121-300x200.jpg 300w, https:\/\/www.upjs.sk\/app\/uploads\/sites\/9\/2025\/11\/DSC_8121-768x511.jpg 768w, https:\/\/www.upjs.sk\/app\/uploads\/sites\/9\/2025\/11\/DSC_8121-1536x1022.jpg 1536w, https:\/\/www.upjs.sk\/app\/uploads\/sites\/9\/2025\/11\/DSC_8121-2048x1363.jpg 2048w\" sizes=\"auto, (max-width: 1024px) 100vw, 1024px\" \/><\/div><\/div><\/a><\/figure><\/div><\/li><li class=\"kadence-blocks-gallery-item\"><div class=\"kadence-blocks-gallery-item-inner\"><figure class=\"kb-gallery-figure kb-gallery-item-has-link kadence-blocks-gallery-item-hide-caption\"><a href=\"https:\/\/www.upjs.sk\/app\/uploads\/sites\/9\/2025\/11\/DSC_8122.jpg\" class=\"kb-gallery-item-link\"  ><div class=\"kb-gal-image-radius\"><div class=\"kb-gallery-image-contain kadence-blocks-gallery-intrinsic kb-gallery-image-ratio-land32 kb-has-image-ratio-land32\" ><img loading=\"lazy\" decoding=\"async\" src=\"https:\/\/www.upjs.sk\/app\/uploads\/sites\/9\/2025\/11\/DSC_8122-1024x703.jpg\" width=\"1024\" height=\"703\" alt=\"\" data-full-image=\"https:\/\/www.upjs.sk\/app\/uploads\/sites\/9\/2025\/11\/DSC_8122.jpg\" data-light-image=\"https:\/\/www.upjs.sk\/app\/uploads\/sites\/9\/2025\/11\/DSC_8122.jpg\" data-id=\"147489\" class=\"wp-image-147489\" srcset=\"https:\/\/www.upjs.sk\/app\/uploads\/sites\/9\/2025\/11\/DSC_8122-1024x703.jpg 1024w, https:\/\/www.upjs.sk\/app\/uploads\/sites\/9\/2025\/11\/DSC_8122-300x206.jpg 300w, https:\/\/www.upjs.sk\/app\/uploads\/sites\/9\/2025\/11\/DSC_8122-768x528.jpg 768w, https:\/\/www.upjs.sk\/app\/uploads\/sites\/9\/2025\/11\/DSC_8122-1536x1055.jpg 1536w, https:\/\/www.upjs.sk\/app\/uploads\/sites\/9\/2025\/11\/DSC_8122-2048x1407.jpg 2048w\" sizes=\"auto, (max-width: 1024px) 100vw, 1024px\" \/><\/div><\/div><\/a><\/figure><\/div><\/li><li class=\"kadence-blocks-gallery-item\"><div class=\"kadence-blocks-gallery-item-inner\"><figure class=\"kb-gallery-figure kb-gallery-item-has-link kadence-blocks-gallery-item-hide-caption\"><a href=\"https:\/\/www.upjs.sk\/app\/uploads\/sites\/9\/2025\/11\/DSC_8124.jpg\" class=\"kb-gallery-item-link\"  ><div class=\"kb-gal-image-radius\"><div class=\"kb-gallery-image-contain kadence-blocks-gallery-intrinsic kb-gallery-image-ratio-land32 kb-has-image-ratio-land32\" ><img loading=\"lazy\" decoding=\"async\" src=\"https:\/\/www.upjs.sk\/app\/uploads\/sites\/9\/2025\/11\/DSC_8124-1024x681.jpg\" width=\"1024\" height=\"681\" alt=\"\" data-full-image=\"https:\/\/www.upjs.sk\/app\/uploads\/sites\/9\/2025\/11\/DSC_8124.jpg\" data-light-image=\"https:\/\/www.upjs.sk\/app\/uploads\/sites\/9\/2025\/11\/DSC_8124.jpg\" data-id=\"147492\" class=\"wp-image-147492\" srcset=\"https:\/\/www.upjs.sk\/app\/uploads\/sites\/9\/2025\/11\/DSC_8124-1024x681.jpg 1024w, https:\/\/www.upjs.sk\/app\/uploads\/sites\/9\/2025\/11\/DSC_8124-300x200.jpg 300w, https:\/\/www.upjs.sk\/app\/uploads\/sites\/9\/2025\/11\/DSC_8124-768x511.jpg 768w, https:\/\/www.upjs.sk\/app\/uploads\/sites\/9\/2025\/11\/DSC_8124-1536x1022.jpg 1536w, https:\/\/www.upjs.sk\/app\/uploads\/sites\/9\/2025\/11\/DSC_8124-2048x1363.jpg 2048w\" sizes=\"auto, (max-width: 1024px) 100vw, 1024px\" \/><\/div><\/div><\/a><\/figure><\/div><\/li><li class=\"kadence-blocks-gallery-item\"><div class=\"kadence-blocks-gallery-item-inner\"><figure class=\"kb-gallery-figure kb-gallery-item-has-link kadence-blocks-gallery-item-hide-caption\"><a href=\"https:\/\/www.upjs.sk\/app\/uploads\/sites\/9\/2025\/11\/DSC_8127.jpg\" class=\"kb-gallery-item-link\"  ><div class=\"kb-gal-image-radius\"><div class=\"kb-gallery-image-contain kadence-blocks-gallery-intrinsic kb-gallery-image-ratio-land32 kb-has-image-ratio-land32\" ><img loading=\"lazy\" decoding=\"async\" src=\"https:\/\/www.upjs.sk\/app\/uploads\/sites\/9\/2025\/11\/DSC_8127-1024x681.jpg\" width=\"1024\" height=\"681\" alt=\"\" data-full-image=\"https:\/\/www.upjs.sk\/app\/uploads\/sites\/9\/2025\/11\/DSC_8127.jpg\" data-light-image=\"https:\/\/www.upjs.sk\/app\/uploads\/sites\/9\/2025\/11\/DSC_8127.jpg\" data-id=\"147495\" class=\"wp-image-147495\" srcset=\"https:\/\/www.upjs.sk\/app\/uploads\/sites\/9\/2025\/11\/DSC_8127-1024x681.jpg 1024w, https:\/\/www.upjs.sk\/app\/uploads\/sites\/9\/2025\/11\/DSC_8127-300x200.jpg 300w, https:\/\/www.upjs.sk\/app\/uploads\/sites\/9\/2025\/11\/DSC_8127-768x511.jpg 768w, https:\/\/www.upjs.sk\/app\/uploads\/sites\/9\/2025\/11\/DSC_8127-1536x1022.jpg 1536w, https:\/\/www.upjs.sk\/app\/uploads\/sites\/9\/2025\/11\/DSC_8127-2048x1363.jpg 2048w\" sizes=\"auto, (max-width: 1024px) 100vw, 1024px\" \/><\/div><\/div><\/a><\/figure><\/div><\/li><li class=\"kadence-blocks-gallery-item\"><div class=\"kadence-blocks-gallery-item-inner\"><figure class=\"kb-gallery-figure kb-gallery-item-has-link kadence-blocks-gallery-item-hide-caption\"><a href=\"https:\/\/www.upjs.sk\/app\/uploads\/sites\/9\/2025\/11\/DSC_8129.jpg\" class=\"kb-gallery-item-link\"  ><div class=\"kb-gal-image-radius\"><div class=\"kb-gallery-image-contain kadence-blocks-gallery-intrinsic kb-gallery-image-ratio-land32 kb-has-image-ratio-land32\" ><img loading=\"lazy\" decoding=\"async\" src=\"https:\/\/www.upjs.sk\/app\/uploads\/sites\/9\/2025\/11\/DSC_8129-1024x681.jpg\" width=\"1024\" height=\"681\" alt=\"\" data-full-image=\"https:\/\/www.upjs.sk\/app\/uploads\/sites\/9\/2025\/11\/DSC_8129.jpg\" data-light-image=\"https:\/\/www.upjs.sk\/app\/uploads\/sites\/9\/2025\/11\/DSC_8129.jpg\" data-id=\"147498\" class=\"wp-image-147498\" srcset=\"https:\/\/www.upjs.sk\/app\/uploads\/sites\/9\/2025\/11\/DSC_8129-1024x681.jpg 1024w, https:\/\/www.upjs.sk\/app\/uploads\/sites\/9\/2025\/11\/DSC_8129-300x200.jpg 300w, https:\/\/www.upjs.sk\/app\/uploads\/sites\/9\/2025\/11\/DSC_8129-768x511.jpg 768w, https:\/\/www.upjs.sk\/app\/uploads\/sites\/9\/2025\/11\/DSC_8129-1536x1022.jpg 1536w, https:\/\/www.upjs.sk\/app\/uploads\/sites\/9\/2025\/11\/DSC_8129-2048x1363.jpg 2048w\" sizes=\"auto, (max-width: 1024px) 100vw, 1024px\" \/><\/div><\/div><\/a><\/figure><\/div><\/li><\/ul><\/div>","protected":false},"excerpt":{"rendered":"","protected":false},"author":75,"featured_media":0,"parent":13722,"menu_order":50,"comment_status":"closed","ping_status":"closed","template":"","meta":{"_acf_changed":false,"_editorskit_title_hidden":false,"_editorskit_reading_time":0,"_editorskit_is_block_options_detached":false,"_editorskit_block_options_position":"{}","footnotes":""},"categories":[],"tags":[],"class_list":["post-147561","page","type-page","status-publish","hentry"],"acf":{"acf_link_na_externy_obsah":""},"yoast_head":"<!-- This site is optimized with the Yoast SEO plugin v27.4 - https:\/\/yoast.com\/product\/yoast-seo-wordpress\/ -->\n<title>LF UPJ\u0160 na ve\u013etrhu Gaudeamus - 04. novembra 2025 - Lek\u00e1rska fakulta | UPJ\u0160<\/title>\n<meta name=\"robots\" content=\"index, follow, max-snippet:-1, max-image-preview:large, max-video-preview:-1\" \/>\n<link rel=\"canonical\" href=\"https:\/\/www.upjs.sk\/lekarska-fakulta\/fakulta\/zo-zivota-fakulty\/lf-upjs-na-veltrhu-gaudeamus-04-novembra-2025\/\" \/>\n<meta property=\"og:locale\" content=\"sk_SK\" \/>\n<meta property=\"og:type\" content=\"article\" \/>\n<meta property=\"og:title\" content=\"LF UPJ\u0160 na ve\u013etrhu Gaudeamus - 04. novembra 2025 - Lek\u00e1rska fakulta | UPJ\u0160\" \/>\n<meta property=\"og:url\" content=\"https:\/\/www.upjs.sk\/lekarska-fakulta\/fakulta\/zo-zivota-fakulty\/lf-upjs-na-veltrhu-gaudeamus-04-novembra-2025\/\" \/>\n<meta property=\"og:site_name\" content=\"Lek\u00e1rska fakulta | UPJ\u0160\" \/>\n<meta property=\"article:modified_time\" content=\"2025-11-05T10:46:48+00:00\" \/>\n<meta name=\"twitter:card\" content=\"summary_large_image\" \/>\n<script type=\"application\/ld+json\" class=\"yoast-schema-graph\">{\"@context\":\"https:\\\/\\\/schema.org\",\"@graph\":[{\"@type\":\"WebPage\",\"@id\":\"https:\\\/\\\/www.upjs.sk\\\/lekarska-fakulta\\\/fakulta\\\/zo-zivota-fakulty\\\/lf-upjs-na-veltrhu-gaudeamus-04-novembra-2025\\\/\",\"url\":\"https:\\\/\\\/www.upjs.sk\\\/lekarska-fakulta\\\/fakulta\\\/zo-zivota-fakulty\\\/lf-upjs-na-veltrhu-gaudeamus-04-novembra-2025\\\/\",\"name\":\"LF UPJ\u0160 na ve\u013etrhu Gaudeamus - 04. novembra 2025 - Lek\u00e1rska fakulta | UPJ\u0160\",\"isPartOf\":{\"@id\":\"https:\\\/\\\/www.upjs.sk\\\/lekarska-fakulta\\\/#website\"},\"datePublished\":\"2025-11-05T10:43:13+00:00\",\"dateModified\":\"2025-11-05T10:46:48+00:00\",\"breadcrumb\":{\"@id\":\"https:\\\/\\\/www.upjs.sk\\\/lekarska-fakulta\\\/fakulta\\\/zo-zivota-fakulty\\\/lf-upjs-na-veltrhu-gaudeamus-04-novembra-2025\\\/#breadcrumb\"},\"inLanguage\":\"sk-SK\",\"potentialAction\":[{\"@type\":\"ReadAction\",\"target\":[\"https:\\\/\\\/www.upjs.sk\\\/lekarska-fakulta\\\/fakulta\\\/zo-zivota-fakulty\\\/lf-upjs-na-veltrhu-gaudeamus-04-novembra-2025\\\/\"]}]},{\"@type\":\"BreadcrumbList\",\"@id\":\"https:\\\/\\\/www.upjs.sk\\\/lekarska-fakulta\\\/fakulta\\\/zo-zivota-fakulty\\\/lf-upjs-na-veltrhu-gaudeamus-04-novembra-2025\\\/#breadcrumb\",\"itemListElement\":[{\"@type\":\"ListItem\",\"position\":1,\"name\":\"Home\",\"item\":\"https:\\\/\\\/www.upjs.sk\\\/lekarska-fakulta\\\/\"},{\"@type\":\"ListItem\",\"position\":2,\"name\":\"O fakulte\",\"item\":\"https:\\\/\\\/www.upjs.sk\\\/lekarska-fakulta\\\/fakulta\\\/\"},{\"@type\":\"ListItem\",\"position\":3,\"name\":\"Zo \u017eivota fakulty\",\"item\":\"https:\\\/\\\/www.upjs.sk\\\/lekarska-fakulta\\\/fakulta\\\/zo-zivota-fakulty\\\/\"},{\"@type\":\"ListItem\",\"position\":4,\"name\":\"LF UPJ\u0160 na ve\u013etrhu Gaudeamus &#8211; 04. novembra 2025\"}]},{\"@type\":\"WebSite\",\"@id\":\"https:\\\/\\\/www.upjs.sk\\\/lekarska-fakulta\\\/#website\",\"url\":\"https:\\\/\\\/www.upjs.sk\\\/lekarska-fakulta\\\/\",\"name\":\"Lek\u00e1rska fakulta | UPJ\u0160\",\"description\":\"\",\"publisher\":{\"@id\":\"https:\\\/\\\/www.upjs.sk\\\/lekarska-fakulta\\\/#organization\"},\"potentialAction\":[{\"@type\":\"SearchAction\",\"target\":{\"@type\":\"EntryPoint\",\"urlTemplate\":\"https:\\\/\\\/www.upjs.sk\\\/lekarska-fakulta\\\/?s={search_term_string}\"},\"query-input\":{\"@type\":\"PropertyValueSpecification\",\"valueRequired\":true,\"valueName\":\"search_term_string\"}}],\"inLanguage\":\"sk-SK\"},{\"@type\":\"Organization\",\"@id\":\"https:\\\/\\\/www.upjs.sk\\\/lekarska-fakulta\\\/#organization\",\"name\":\"Lek\u00e1rska fakulta | UPJ\u0160\",\"url\":\"https:\\\/\\\/www.upjs.sk\\\/lekarska-fakulta\\\/\",\"logo\":{\"@type\":\"ImageObject\",\"inLanguage\":\"sk-SK\",\"@id\":\"https:\\\/\\\/www.upjs.sk\\\/lekarska-fakulta\\\/#\\\/schema\\\/logo\\\/image\\\/\",\"url\":\"https:\\\/\\\/www.upjs.sk\\\/app\\\/uploads\\\/sites\\\/9\\\/2022\\\/09\\\/logo-lekarska-fakulta.png\",\"contentUrl\":\"https:\\\/\\\/www.upjs.sk\\\/app\\\/uploads\\\/sites\\\/9\\\/2022\\\/09\\\/logo-lekarska-fakulta.png\",\"width\":415,\"height\":87,\"caption\":\"Lek\u00e1rska fakulta | UPJ\u0160\"},\"image\":{\"@id\":\"https:\\\/\\\/www.upjs.sk\\\/lekarska-fakulta\\\/#\\\/schema\\\/logo\\\/image\\\/\"}}]}<\/script>\n<!-- \/ Yoast SEO plugin. -->","yoast_head_json":{"title":"LF UPJ\u0160 na ve\u013etrhu Gaudeamus - 04. novembra 2025 - Lek\u00e1rska fakulta | UPJ\u0160","robots":{"index":"index","follow":"follow","max-snippet":"max-snippet:-1","max-image-preview":"max-image-preview:large","max-video-preview":"max-video-preview:-1"},"canonical":"https:\/\/www.upjs.sk\/lekarska-fakulta\/fakulta\/zo-zivota-fakulty\/lf-upjs-na-veltrhu-gaudeamus-04-novembra-2025\/","og_locale":"sk_SK","og_type":"article","og_title":"LF UPJ\u0160 na ve\u013etrhu Gaudeamus - 04. novembra 2025 - Lek\u00e1rska fakulta | UPJ\u0160","og_url":"https:\/\/www.upjs.sk\/lekarska-fakulta\/fakulta\/zo-zivota-fakulty\/lf-upjs-na-veltrhu-gaudeamus-04-novembra-2025\/","og_site_name":"Lek\u00e1rska fakulta | UPJ\u0160","article_modified_time":"2025-11-05T10:46:48+00:00","twitter_card":"summary_large_image","schema":{"@context":"https:\/\/schema.org","@graph":[{"@type":"WebPage","@id":"https:\/\/www.upjs.sk\/lekarska-fakulta\/fakulta\/zo-zivota-fakulty\/lf-upjs-na-veltrhu-gaudeamus-04-novembra-2025\/","url":"https:\/\/www.upjs.sk\/lekarska-fakulta\/fakulta\/zo-zivota-fakulty\/lf-upjs-na-veltrhu-gaudeamus-04-novembra-2025\/","name":"LF UPJ\u0160 na ve\u013etrhu Gaudeamus - 04. novembra 2025 - Lek\u00e1rska fakulta | UPJ\u0160","isPartOf":{"@id":"https:\/\/www.upjs.sk\/lekarska-fakulta\/#website"},"datePublished":"2025-11-05T10:43:13+00:00","dateModified":"2025-11-05T10:46:48+00:00","breadcrumb":{"@id":"https:\/\/www.upjs.sk\/lekarska-fakulta\/fakulta\/zo-zivota-fakulty\/lf-upjs-na-veltrhu-gaudeamus-04-novembra-2025\/#breadcrumb"},"inLanguage":"sk-SK","potentialAction":[{"@type":"ReadAction","target":["https:\/\/www.upjs.sk\/lekarska-fakulta\/fakulta\/zo-zivota-fakulty\/lf-upjs-na-veltrhu-gaudeamus-04-novembra-2025\/"]}]},{"@type":"BreadcrumbList","@id":"https:\/\/www.upjs.sk\/lekarska-fakulta\/fakulta\/zo-zivota-fakulty\/lf-upjs-na-veltrhu-gaudeamus-04-novembra-2025\/#breadcrumb","itemListElement":[{"@type":"ListItem","position":1,"name":"Home","item":"https:\/\/www.upjs.sk\/lekarska-fakulta\/"},{"@type":"ListItem","position":2,"name":"O fakulte","item":"https:\/\/www.upjs.sk\/lekarska-fakulta\/fakulta\/"},{"@type":"ListItem","position":3,"name":"Zo \u017eivota fakulty","item":"https:\/\/www.upjs.sk\/lekarska-fakulta\/fakulta\/zo-zivota-fakulty\/"},{"@type":"ListItem","position":4,"name":"LF UPJ\u0160 na ve\u013etrhu Gaudeamus &#8211; 04. novembra 2025"}]},{"@type":"WebSite","@id":"https:\/\/www.upjs.sk\/lekarska-fakulta\/#website","url":"https:\/\/www.upjs.sk\/lekarska-fakulta\/","name":"Lek\u00e1rska fakulta | UPJ\u0160","description":"","publisher":{"@id":"https:\/\/www.upjs.sk\/lekarska-fakulta\/#organization"},"potentialAction":[{"@type":"SearchAction","target":{"@type":"EntryPoint","urlTemplate":"https:\/\/www.upjs.sk\/lekarska-fakulta\/?s={search_term_string}"},"query-input":{"@type":"PropertyValueSpecification","valueRequired":true,"valueName":"search_term_string"}}],"inLanguage":"sk-SK"},{"@type":"Organization","@id":"https:\/\/www.upjs.sk\/lekarska-fakulta\/#organization","name":"Lek\u00e1rska fakulta | UPJ\u0160","url":"https:\/\/www.upjs.sk\/lekarska-fakulta\/","logo":{"@type":"ImageObject","inLanguage":"sk-SK","@id":"https:\/\/www.upjs.sk\/lekarska-fakulta\/#\/schema\/logo\/image\/","url":"https:\/\/www.upjs.sk\/app\/uploads\/sites\/9\/2022\/09\/logo-lekarska-fakulta.png","contentUrl":"https:\/\/www.upjs.sk\/app\/uploads\/sites\/9\/2022\/09\/logo-lekarska-fakulta.png","width":415,"height":87,"caption":"Lek\u00e1rska fakulta | UPJ\u0160"},"image":{"@id":"https:\/\/www.upjs.sk\/lekarska-fakulta\/#\/schema\/logo\/image\/"}}]}},"_links":{"self":[{"href":"https:\/\/www.upjs.sk\/lekarska-fakulta\/wp-json\/wp\/v2\/pages\/147561","targetHints":{"allow":["GET"]}}],"collection":[{"href":"https:\/\/www.upjs.sk\/lekarska-fakulta\/wp-json\/wp\/v2\/pages"}],"about":[{"href":"https:\/\/www.upjs.sk\/lekarska-fakulta\/wp-json\/wp\/v2\/types\/page"}],"author":[{"embeddable":true,"href":"https:\/\/www.upjs.sk\/lekarska-fakulta\/wp-json\/wp\/v2\/users\/75"}],"replies":[{"embeddable":true,"href":"https:\/\/www.upjs.sk\/lekarska-fakulta\/wp-json\/wp\/v2\/comments?post=147561"}],"version-history":[{"count":2,"href":"https:\/\/www.upjs.sk\/lekarska-fakulta\/wp-json\/wp\/v2\/pages\/147561\/revisions"}],"predecessor-version":[{"id":147564,"href":"https:\/\/www.upjs.sk\/lekarska-fakulta\/wp-json\/wp\/v2\/pages\/147561\/revisions\/147564"}],"up":[{"embeddable":true,"href":"https:\/\/www.upjs.sk\/lekarska-fakulta\/wp-json\/wp\/v2\/pages\/13722"}],"wp:attachment":[{"href":"https:\/\/www.upjs.sk\/lekarska-fakulta\/wp-json\/wp\/v2\/media?parent=147561"}],"wp:term":[{"taxonomy":"category","embeddable":true,"href":"https:\/\/www.upjs.sk\/lekarska-fakulta\/wp-json\/wp\/v2\/categories?post=147561"},{"taxonomy":"post_tag","embeddable":true,"href":"https:\/\/www.upjs.sk\/lekarska-fakulta\/wp-json\/wp\/v2\/tags?post=147561"}],"curies":[{"name":"wp","href":"https:\/\/api.w.org\/{rel}","templated":true}]}}