{"id":15339,"date":"2022-05-30T13:20:36","date_gmt":"2022-05-30T13:20:36","guid":{"rendered":"https:\/\/www.upjs.sk\/lekarska-fakulta\/studium-na-fakulte\/pregradualne\/stipendia-a-pozicky\/"},"modified":"2026-02-18T13:54:41","modified_gmt":"2026-02-18T12:54:41","slug":"stipendia-a-pozicky","status":"publish","type":"page","link":"https:\/\/www.upjs.sk\/lekarska-fakulta\/studenti-lf\/pregradualne\/stipendia-a-pozicky\/","title":{"rendered":"\u0160tipendi\u00e1 a p\u00f4\u017ei\u010dky"},"content":{"rendered":"\n<ul class=\"wp-block-list\">\n<li><a href=\"https:\/\/intranet.upjs.sk\/op\/op.Public.php?documentid=8542\" target=\"_blank\" rel=\"noopener\">\u0160tipendijn\u00fd poriadok UPJ\u0160 v Ko\u0161iciach, Lek\u00e1rskej fakulty<\/a><\/li>\n\n\n\n<li><a href=\"https:\/\/intranet.upjs.sk\/op\/op.Public.php?documentid=1540\" target=\"_blank\" rel=\"noopener\">\u0160tipendijn\u00fd poriadok UPJ\u0160 v Ko\u0161iciach<\/a><br><a href=\"https:\/\/intranet.upjs.sk\/op\/op.Public.php?documentid=7712\">Dodatok \u010d. 1 k&nbsp;\u0160tipendijn\u00e9mu poriadku UPJ\u0160 v&nbsp;Ko\u0161iciach<\/a><br><a href=\"https:\/\/intranet.upjs.sk\/op\/op.Public.php?documentid=8177\">Dodatok \u010d. 2 k&nbsp;\u0160tipendijn\u00e9mu poriadku UPJ\u0160 v Ko\u0161iciach<\/a><\/li>\n\n\n\n<li><a href=\"https:\/\/www.upjs.sk\/app\/uploads\/sites\/9\/2023\/08\/navrh_na_udelenie_stipendia.pdf\" target=\"_blank\" rel=\"noopener\">N\u00e1vrh na udelenie mimoriadneho \u0161tipendia<\/a><\/li>\n\n\n\n<li><a href=\"https:\/\/www.upjs.sk\/app\/uploads\/sites\/9\/2025\/11\/Hranica_ned.-odborove_stipendium_25_26.pdf\" target=\"_blank\" rel=\"noreferrer noopener\">Inform\u00e1cie ku priznaniu odborov\u00e9ho \u0161tipendia v akad. r. 2025\/2026<\/a><\/li>\n\n\n\n<li><a href=\"https:\/\/www.upjs.sk\/app\/uploads\/sites\/9\/2025\/08\/Socialne_stipendium-info-2024_2025_UPR-2.pdf\" target=\"_blank\" rel=\"noreferrer noopener\">Inform\u00e1cie pre \u017eiadate\u013eov o priznanie soci\u00e1lneho \u0161tipendia<\/a><\/li>\n\n\n\n<li><a href=\"https:\/\/www.upjs.sk\/app\/uploads\/sites\/9\/2026\/02\/Poucenie.pdf\" target=\"_blank\" rel=\"noreferrer noopener\">Pou\u010denie o predkladan\u00ed dokumentov ku soci\u00e1lnemu \u0161tipendiu<\/a><\/li>\n\n\n\n<li><a href=\"https:\/\/www.upjs.sk\/app\/uploads\/sites\/10\/2022\/09\/MU_tehot_stipendium.pdf.\" target=\"_blank\" rel=\"noreferrer noopener\">Tehotensk\u00e9 \u0161tipendium<\/a><\/li>\n\n\n\n<li><a href=\"https:\/\/www.fnpv.sk\/\" target=\"_blank\" rel=\"noopener\">Fond na podporu vzdel\u00e1vania<\/a><br><a href=\"https:\/\/www.upjs.sk\/app\/uploads\/sites\/9\/2026\/02\/Studentska-stabilizacna-a-pedagogicka-pozicka.pdf\">\u0160tudentsk\u00e1, stabiliza\u010dn\u00e1 a pedagogick\u00e1 p\u00f4\u017ei\u010dka<\/a><\/li>\n<\/ul>\n\n\n\n<p><\/p>\n\n\n<style>.wp-block-kadence-advancedheading.kt-adv-heading15339_1926a2-ae, .wp-block-kadence-advancedheading.kt-adv-heading15339_1926a2-ae[data-kb-block=\"kb-adv-heading15339_1926a2-ae\"]{font-style:normal;}.wp-block-kadence-advancedheading.kt-adv-heading15339_1926a2-ae mark.kt-highlight, .wp-block-kadence-advancedheading.kt-adv-heading15339_1926a2-ae[data-kb-block=\"kb-adv-heading15339_1926a2-ae\"] mark.kt-highlight{font-style:normal;color:#f76a0c;-webkit-box-decoration-break:clone;box-decoration-break:clone;padding-top:0px;padding-right:0px;padding-bottom:0px;padding-left:0px;}<\/style>\n<p class=\"kt-adv-heading15339_1926a2-ae wp-block-kadence-advancedheading\" data-kb-block=\"kb-adv-heading15339_1926a2-ae\"><\/p>\n\n\n<style>.wp-block-kadence-advancedheading.kt-adv-heading15339_3e9d91-40, .wp-block-kadence-advancedheading.kt-adv-heading15339_3e9d91-40[data-kb-block=\"kb-adv-heading15339_3e9d91-40\"]{font-style:normal;}.wp-block-kadence-advancedheading.kt-adv-heading15339_3e9d91-40 mark.kt-highlight, .wp-block-kadence-advancedheading.kt-adv-heading15339_3e9d91-40[data-kb-block=\"kb-adv-heading15339_3e9d91-40\"] mark.kt-highlight{font-style:normal;color:#f76a0c;-webkit-box-decoration-break:clone;box-decoration-break:clone;padding-top:0px;padding-right:0px;padding-bottom:0px;padding-left:0px;}<\/style>\n<p class=\"kt-adv-heading15339_3e9d91-40 wp-block-kadence-advancedheading\" data-kb-block=\"kb-adv-heading15339_3e9d91-40\"><\/p>\n","protected":false},"excerpt":{"rendered":"","protected":false},"author":1,"featured_media":0,"parent":12757,"menu_order":9,"comment_status":"closed","ping_status":"closed","template":"","meta":{"_acf_changed":false,"_editorskit_title_hidden":false,"_editorskit_reading_time":1,"_editorskit_is_block_options_detached":false,"_editorskit_block_options_position":"{}","footnotes":""},"categories":[],"tags":[],"class_list":["post-15339","page","type-page","status-publish","hentry"],"acf":{"acf_link_na_externy_obsah":""},"yoast_head":"<!-- This site is optimized with the Yoast SEO plugin v27.2 - https:\/\/yoast.com\/product\/yoast-seo-wordpress\/ -->\n<title>\u0160tipendi\u00e1 a p\u00f4\u017ei\u010dky - Lek\u00e1rska fakulta | UPJ\u0160<\/title>\n<meta name=\"robots\" content=\"index, follow, max-snippet:-1, max-image-preview:large, max-video-preview:-1\" \/>\n<link rel=\"canonical\" href=\"https:\/\/www.upjs.sk\/lekarska-fakulta\/studenti-lf\/pregradualne\/stipendia-a-pozicky\/\" \/>\n<meta property=\"og:locale\" content=\"sk_SK\" \/>\n<meta property=\"og:type\" content=\"article\" \/>\n<meta property=\"og:title\" content=\"\u0160tipendi\u00e1 a p\u00f4\u017ei\u010dky - Lek\u00e1rska fakulta | UPJ\u0160\" \/>\n<meta property=\"og:url\" content=\"https:\/\/www.upjs.sk\/lekarska-fakulta\/studenti-lf\/pregradualne\/stipendia-a-pozicky\/\" \/>\n<meta property=\"og:site_name\" content=\"Lek\u00e1rska fakulta | UPJ\u0160\" \/>\n<meta property=\"article:modified_time\" content=\"2026-02-18T12:54:41+00:00\" \/>\n<meta name=\"twitter:card\" content=\"summary_large_image\" \/>\n<meta name=\"twitter:label1\" content=\"Predpokladan\u00fd \u010das \u010d\u00edtania\" \/>\n\t<meta name=\"twitter:data1\" content=\"1 min\u00fata\" \/>\n<script type=\"application\/ld+json\" class=\"yoast-schema-graph\">{\"@context\":\"https:\/\/schema.org\",\"@graph\":[{\"@type\":\"WebPage\",\"@id\":\"https:\/\/www.upjs.sk\/lekarska-fakulta\/studenti-lf\/pregradualne\/stipendia-a-pozicky\/\",\"url\":\"https:\/\/www.upjs.sk\/lekarska-fakulta\/studenti-lf\/pregradualne\/stipendia-a-pozicky\/\",\"name\":\"\u0160tipendi\u00e1 a p\u00f4\u017ei\u010dky - Lek\u00e1rska fakulta | UPJ\u0160\",\"isPartOf\":{\"@id\":\"https:\/\/www.upjs.sk\/lekarska-fakulta\/#website\"},\"datePublished\":\"2022-05-30T13:20:36+00:00\",\"dateModified\":\"2026-02-18T12:54:41+00:00\",\"breadcrumb\":{\"@id\":\"https:\/\/www.upjs.sk\/lekarska-fakulta\/studenti-lf\/pregradualne\/stipendia-a-pozicky\/#breadcrumb\"},\"inLanguage\":\"sk-SK\",\"potentialAction\":[{\"@type\":\"ReadAction\",\"target\":[\"https:\/\/www.upjs.sk\/lekarska-fakulta\/studenti-lf\/pregradualne\/stipendia-a-pozicky\/\"]}]},{\"@type\":\"BreadcrumbList\",\"@id\":\"https:\/\/www.upjs.sk\/lekarska-fakulta\/studenti-lf\/pregradualne\/stipendia-a-pozicky\/#breadcrumb\",\"itemListElement\":[{\"@type\":\"ListItem\",\"position\":1,\"name\":\"Home\",\"item\":\"https:\/\/www.upjs.sk\/lekarska-fakulta\/\"},{\"@type\":\"ListItem\",\"position\":2,\"name\":\"\u0160tudenti\",\"item\":\"https:\/\/www.upjs.sk\/lekarska-fakulta\/studenti-lf\/\"},{\"@type\":\"ListItem\",\"position\":3,\"name\":\"Bakal\u00e1rske, magistersk\u00e9 a doktorsk\u00e9 \u0161t\u00fadium\",\"item\":\"https:\/\/www.upjs.sk\/lekarska-fakulta\/studenti-lf\/pregradualne\/\"},{\"@type\":\"ListItem\",\"position\":4,\"name\":\"\u0160tipendi\u00e1 a p\u00f4\u017ei\u010dky\"}]},{\"@type\":\"WebSite\",\"@id\":\"https:\/\/www.upjs.sk\/lekarska-fakulta\/#website\",\"url\":\"https:\/\/www.upjs.sk\/lekarska-fakulta\/\",\"name\":\"Lek\u00e1rska fakulta | UPJ\u0160\",\"description\":\"\",\"publisher\":{\"@id\":\"https:\/\/www.upjs.sk\/lekarska-fakulta\/#organization\"},\"potentialAction\":[{\"@type\":\"SearchAction\",\"target\":{\"@type\":\"EntryPoint\",\"urlTemplate\":\"https:\/\/www.upjs.sk\/lekarska-fakulta\/?s={search_term_string}\"},\"query-input\":{\"@type\":\"PropertyValueSpecification\",\"valueRequired\":true,\"valueName\":\"search_term_string\"}}],\"inLanguage\":\"sk-SK\"},{\"@type\":\"Organization\",\"@id\":\"https:\/\/www.upjs.sk\/lekarska-fakulta\/#organization\",\"name\":\"Lek\u00e1rska fakulta | UPJ\u0160\",\"url\":\"https:\/\/www.upjs.sk\/lekarska-fakulta\/\",\"logo\":{\"@type\":\"ImageObject\",\"inLanguage\":\"sk-SK\",\"@id\":\"https:\/\/www.upjs.sk\/lekarska-fakulta\/#\/schema\/logo\/image\/\",\"url\":\"https:\/\/www.upjs.sk\/app\/uploads\/sites\/9\/2022\/09\/logo-lekarska-fakulta.png\",\"contentUrl\":\"https:\/\/www.upjs.sk\/app\/uploads\/sites\/9\/2022\/09\/logo-lekarska-fakulta.png\",\"width\":415,\"height\":87,\"caption\":\"Lek\u00e1rska fakulta | UPJ\u0160\"},\"image\":{\"@id\":\"https:\/\/www.upjs.sk\/lekarska-fakulta\/#\/schema\/logo\/image\/\"}}]}<\/script>\n<!-- \/ Yoast SEO plugin. -->","yoast_head_json":{"title":"\u0160tipendi\u00e1 a p\u00f4\u017ei\u010dky - Lek\u00e1rska fakulta | UPJ\u0160","robots":{"index":"index","follow":"follow","max-snippet":"max-snippet:-1","max-image-preview":"max-image-preview:large","max-video-preview":"max-video-preview:-1"},"canonical":"https:\/\/www.upjs.sk\/lekarska-fakulta\/studenti-lf\/pregradualne\/stipendia-a-pozicky\/","og_locale":"sk_SK","og_type":"article","og_title":"\u0160tipendi\u00e1 a p\u00f4\u017ei\u010dky - Lek\u00e1rska fakulta | UPJ\u0160","og_url":"https:\/\/www.upjs.sk\/lekarska-fakulta\/studenti-lf\/pregradualne\/stipendia-a-pozicky\/","og_site_name":"Lek\u00e1rska fakulta | UPJ\u0160","article_modified_time":"2026-02-18T12:54:41+00:00","twitter_card":"summary_large_image","twitter_misc":{"Predpokladan\u00fd \u010das \u010d\u00edtania":"1 min\u00fata"},"schema":{"@context":"https:\/\/schema.org","@graph":[{"@type":"WebPage","@id":"https:\/\/www.upjs.sk\/lekarska-fakulta\/studenti-lf\/pregradualne\/stipendia-a-pozicky\/","url":"https:\/\/www.upjs.sk\/lekarska-fakulta\/studenti-lf\/pregradualne\/stipendia-a-pozicky\/","name":"\u0160tipendi\u00e1 a p\u00f4\u017ei\u010dky - Lek\u00e1rska fakulta | UPJ\u0160","isPartOf":{"@id":"https:\/\/www.upjs.sk\/lekarska-fakulta\/#website"},"datePublished":"2022-05-30T13:20:36+00:00","dateModified":"2026-02-18T12:54:41+00:00","breadcrumb":{"@id":"https:\/\/www.upjs.sk\/lekarska-fakulta\/studenti-lf\/pregradualne\/stipendia-a-pozicky\/#breadcrumb"},"inLanguage":"sk-SK","potentialAction":[{"@type":"ReadAction","target":["https:\/\/www.upjs.sk\/lekarska-fakulta\/studenti-lf\/pregradualne\/stipendia-a-pozicky\/"]}]},{"@type":"BreadcrumbList","@id":"https:\/\/www.upjs.sk\/lekarska-fakulta\/studenti-lf\/pregradualne\/stipendia-a-pozicky\/#breadcrumb","itemListElement":[{"@type":"ListItem","position":1,"name":"Home","item":"https:\/\/www.upjs.sk\/lekarska-fakulta\/"},{"@type":"ListItem","position":2,"name":"\u0160tudenti","item":"https:\/\/www.upjs.sk\/lekarska-fakulta\/studenti-lf\/"},{"@type":"ListItem","position":3,"name":"Bakal\u00e1rske, magistersk\u00e9 a doktorsk\u00e9 \u0161t\u00fadium","item":"https:\/\/www.upjs.sk\/lekarska-fakulta\/studenti-lf\/pregradualne\/"},{"@type":"ListItem","position":4,"name":"\u0160tipendi\u00e1 a p\u00f4\u017ei\u010dky"}]},{"@type":"WebSite","@id":"https:\/\/www.upjs.sk\/lekarska-fakulta\/#website","url":"https:\/\/www.upjs.sk\/lekarska-fakulta\/","name":"Lek\u00e1rska fakulta | UPJ\u0160","description":"","publisher":{"@id":"https:\/\/www.upjs.sk\/lekarska-fakulta\/#organization"},"potentialAction":[{"@type":"SearchAction","target":{"@type":"EntryPoint","urlTemplate":"https:\/\/www.upjs.sk\/lekarska-fakulta\/?s={search_term_string}"},"query-input":{"@type":"PropertyValueSpecification","valueRequired":true,"valueName":"search_term_string"}}],"inLanguage":"sk-SK"},{"@type":"Organization","@id":"https:\/\/www.upjs.sk\/lekarska-fakulta\/#organization","name":"Lek\u00e1rska fakulta | UPJ\u0160","url":"https:\/\/www.upjs.sk\/lekarska-fakulta\/","logo":{"@type":"ImageObject","inLanguage":"sk-SK","@id":"https:\/\/www.upjs.sk\/lekarska-fakulta\/#\/schema\/logo\/image\/","url":"https:\/\/www.upjs.sk\/app\/uploads\/sites\/9\/2022\/09\/logo-lekarska-fakulta.png","contentUrl":"https:\/\/www.upjs.sk\/app\/uploads\/sites\/9\/2022\/09\/logo-lekarska-fakulta.png","width":415,"height":87,"caption":"Lek\u00e1rska fakulta | UPJ\u0160"},"image":{"@id":"https:\/\/www.upjs.sk\/lekarska-fakulta\/#\/schema\/logo\/image\/"}}]}},"_links":{"self":[{"href":"https:\/\/www.upjs.sk\/lekarska-fakulta\/wp-json\/wp\/v2\/pages\/15339","targetHints":{"allow":["GET"]}}],"collection":[{"href":"https:\/\/www.upjs.sk\/lekarska-fakulta\/wp-json\/wp\/v2\/pages"}],"about":[{"href":"https:\/\/www.upjs.sk\/lekarska-fakulta\/wp-json\/wp\/v2\/types\/page"}],"author":[{"embeddable":true,"href":"https:\/\/www.upjs.sk\/lekarska-fakulta\/wp-json\/wp\/v2\/users\/1"}],"replies":[{"embeddable":true,"href":"https:\/\/www.upjs.sk\/lekarska-fakulta\/wp-json\/wp\/v2\/comments?post=15339"}],"version-history":[{"count":20,"href":"https:\/\/www.upjs.sk\/lekarska-fakulta\/wp-json\/wp\/v2\/pages\/15339\/revisions"}],"predecessor-version":[{"id":155062,"href":"https:\/\/www.upjs.sk\/lekarska-fakulta\/wp-json\/wp\/v2\/pages\/15339\/revisions\/155062"}],"up":[{"embeddable":true,"href":"https:\/\/www.upjs.sk\/lekarska-fakulta\/wp-json\/wp\/v2\/pages\/12757"}],"wp:attachment":[{"href":"https:\/\/www.upjs.sk\/lekarska-fakulta\/wp-json\/wp\/v2\/media?parent=15339"}],"wp:term":[{"taxonomy":"category","embeddable":true,"href":"https:\/\/www.upjs.sk\/lekarska-fakulta\/wp-json\/wp\/v2\/categories?post=15339"},{"taxonomy":"post_tag","embeddable":true,"href":"https:\/\/www.upjs.sk\/lekarska-fakulta\/wp-json\/wp\/v2\/tags?post=15339"}],"curies":[{"name":"wp","href":"https:\/\/api.w.org\/{rel}","templated":true}]}}