{"id":15382,"date":"2023-02-25T04:38:59","date_gmt":"2023-02-25T03:38:59","guid":{"rendered":"https:\/\/www.upjs.sk\/lekarska-fakulta\/studium-na-fakulte\/pregradualne\/ponuka-pracovnych-miest\/"},"modified":"2026-02-25T08:53:03","modified_gmt":"2026-02-25T07:53:03","slug":"ponuka-pracovnych-miest","status":"publish","type":"page","link":"https:\/\/www.upjs.sk\/lekarska-fakulta\/absolventi-lf\/ponuka-pracovnych-miest\/","title":{"rendered":"Ponuka pracovn\u00fdch miest pre absolventov"},"content":{"rendered":"\n<ul class=\"wp-block-list\">\n<li><a href=\"https:\/\/www.upjs.sk\/app\/uploads\/sites\/9\/2026\/02\/PP_Zeliezovce_2026.pdf\" target=\"_blank\" rel=\"noreferrer noopener\">Zbor v\u00e4zenskej a justi\u010dnej str\u00e1\u017ee v\u00a0\u017deliezovciach pr\u00edjme do slu\u017eobn\u00e9ho pomeru lek\u00e1ra<\/a><em> (febru\u00e1r 2026)<\/em><\/li>\n\n\n\n<li><a href=\"https:\/\/www.upjs.sk\/app\/uploads\/sites\/9\/2025\/11\/Dobsina.pdf\" target=\"_blank\" rel=\"noreferrer noopener\">Obsadenie ambulanci\u00ed v CIZS Dob\u0161in\u00e1<\/a> <em>(november 2025)<\/em><\/li>\n\n\n\n<li><a href=\"https:\/\/www.upjs.sk\/app\/uploads\/sites\/9\/2025\/08\/Inzerat-lekar.pdf\" target=\"_blank\" rel=\"noreferrer noopener\">Prij\u00edmame do pracovn\u00e9ho pomeru lek\u00e1rov absolventov<\/a> <em>(august 2025)<\/em><\/li>\n\n\n\n<li><a href=\"https:\/\/www.upjs.sk\/app\/uploads\/sites\/9\/2025\/07\/lekari.jpg\" target=\"_blank\" rel=\"noreferrer noopener\">Lek\u00e1r\/lek\u00e1rka &#8211; Kysuck\u00e1 nemocnica s poliklinikou \u010cadca<\/a> <em>(j\u00fal 2025)<\/em><\/li>\n\n\n\n<li><a href=\"https:\/\/www.upjs.sk\/app\/uploads\/sites\/9\/2025\/07\/thumbnail_Lekar-inzerat.png\" target=\"_blank\" rel=\"noreferrer noopener\">Lek\u00e1r\/lek\u00e1rka pre ambulanciu v\u0161eobecn\u00e9ho lek\u00e1rstva pre dospel\u00fdch, Trnavsk\u00fd kraj<\/a> <em>(j\u00fal 2025)<\/em><\/li>\n\n\n\n<li><a href=\"https:\/\/www.upjs.sk\/app\/uploads\/sites\/9\/2025\/06\/Inzerat-na-studijne-odd.-lekarske-fakulty_ver.pdf\" target=\"_blank\" rel=\"noreferrer noopener\">Lek\u00e1r &#8211; pneumoftizeol\u00f3g\/ imunoalergol\u00f3g\/ internista\/ FBLR &#8211; Sanat\u00f3rium Dr. Guhra n.o. Tatransk\u00e1 Polianka <\/a><em>(j\u00fan 2025)<\/em><\/li>\n\n\n\n<li><a href=\"https:\/\/www.upjs.sk\/app\/uploads\/sites\/9\/2025\/06\/Neonatologicka-klinika-SZU-FNsP-F.-D.-Roosevelta-v-Banskej-Bystrici.jpg\">Neonatologick\u00e1 klinika SZU FNsP F. D. Roosevelta v Banskej Bystrici pr\u00edjme lek\u00e1rov<\/a> <em>(j\u00fan 2025)<\/em><\/li>\n\n\n\n<li><a href=\"https:\/\/www.upjs.sk\/app\/uploads\/sites\/9\/2025\/05\/zamestnanie-absolventi.pdf\" target=\"_blank\" rel=\"noreferrer noopener\">Ponuka pr\u00e1ce pre absolventov na poz\u00edciu lek\u00e1ra vo v\u0161eobecnej ambulancii pre dospel\u00fdch v&nbsp;Banskej Bystrici, Brezne, Leviciach a&nbsp;Zvolene<\/a> <em>(m\u00e1j 2025)<\/em><\/li>\n\n\n\n<li><a href=\"https:\/\/www.upjs.sk\/app\/uploads\/sites\/9\/2025\/05\/Ponuka-na-spolupracu_ZT_Pavlik.pdf\">RP Zubn\u00e1 technika h\u013ead\u00e1 nov\u00fdch zubn\u00fdch lek\u00e1rov na spolupr\u00e1cu<\/a> <em>(m\u00e1j 2025)<\/em><\/li>\n\n\n\n<li><a href=\"https:\/\/www.upjs.sk\/app\/uploads\/sites\/9\/2025\/04\/Inzerat-lekar.pdf\" target=\"_blank\" rel=\"noreferrer noopener\">Vysoko\u0161pecializovan\u00fd Odborn\u00fd \u00fastav Geriatrick\u00fd sv. Luk\u00e1\u0161a v Ko\u0161iciach pr\u00edjme lek\u00e1rov absolventov<\/a> (<em>apr\u00edl 2025<\/em>)<\/li>\n\n\n\n<li><a href=\"https:\/\/www.upjs.sk\/app\/uploads\/sites\/9\/2025\/04\/Inzerat-sestra.pdf\" target=\"_blank\" rel=\"noreferrer noopener\">Vysoko\u0161pecializovan\u00fd Odborn\u00fd \u00fastav Geriatrick\u00fd sv. Luk\u00e1\u0161a v Ko\u0161iciach pr\u00edjme sestry na l\u00f4\u017ekov\u00e9 oddelenie<\/a> (<em>apr\u00edl 2025<\/em>)<\/li>\n\n\n\n<li><a href=\"https:\/\/www.upjs.sk\/app\/uploads\/sites\/9\/2025\/01\/458530064_1087388670057939_7688956958817995160_n.jpg\">Kysuck\u00e1 nemocnica s poliklinikou v \u010cadci h\u013ead\u00e1 lek\u00e1ra\/lek\u00e1rku na intern\u00e9 oddelenie<\/a> (<em>janu\u00e1r 202<\/em>5)<\/li>\n\n\n\n<li><a href=\"https:\/\/www.upjs.sk\/app\/uploads\/sites\/9\/2024\/11\/Mesto-Dobsina-1.pdf\" target=\"_blank\" rel=\"noreferrer noopener\">Obsadenie ambulanci\u00ed v&nbsp;CIZS Dob\u0161in\u00e1 <\/a>(<em>november 2024<\/em>)<\/li>\n\n\n\n<li><a href=\"https:\/\/www.upjs.sk\/app\/uploads\/sites\/9\/2024\/10\/FB_IMG_1729519186828.jpg\">Ordin\u00e1cia v&nbsp;\u010cadci pr\u00edjme zubn\u00e9ho lek\u00e1ra\/lek\u00e1rku<\/a> (<em>okt\u00f3ber 2024<\/em>)<\/li>\n\n\n\n<li><a href=\"https:\/\/www.upjs.sk\/app\/uploads\/sites\/9\/2024\/10\/pracovne-miesto-v-Poprade.pdf\" target=\"_blank\" rel=\"noreferrer noopener\">Ambulancia v\u0161eobecn\u00e9ho lek\u00e1ra v&nbsp;Poprade h\u013ead\u00e1 lek\u00e1ra\/lek\u00e1rku<\/a> (<em>okt\u00f3ber 2024<\/em>)<\/li>\n\n\n\n<li><a href=\"https:\/\/www.upjs.sk\/app\/uploads\/sites\/9\/2024\/10\/Pracovna-ponuka.pdf\" target=\"_blank\" rel=\"noreferrer noopener\">In\u0161tit\u00fat nukle\u00e1rnej a\u00a0molekul\u00e1rnej medic\u00edny v\u00a0Banskej Bystrici h\u013ead\u00e1 lek\u00e1ra v\u00a0odbore r\u00e1diol\u00f3gia<\/a> (<em>okt\u00f3ber 2024<\/em>)<\/li>\n<\/ul>\n\n\n<p><!-- \/wp:post-content --><\/p>","protected":false},"excerpt":{"rendered":"","protected":false},"author":1,"featured_media":15383,"parent":74541,"menu_order":4,"comment_status":"closed","ping_status":"closed","template":"","meta":{"_acf_changed":false,"_editorskit_title_hidden":false,"_editorskit_reading_time":1,"_editorskit_is_block_options_detached":false,"_editorskit_block_options_position":"{}","footnotes":""},"categories":[],"tags":[],"class_list":["post-15382","page","type-page","status-publish","has-post-thumbnail","hentry"],"acf":{"acf_link_na_externy_obsah":""},"yoast_head":"<!-- This site is optimized with the Yoast SEO plugin v27.4 - https:\/\/yoast.com\/product\/yoast-seo-wordpress\/ -->\n<title>Ponuka pracovn\u00fdch miest pre absolventov - Lek\u00e1rska fakulta | UPJ\u0160<\/title>\n<meta name=\"robots\" content=\"index, follow, max-snippet:-1, max-image-preview:large, max-video-preview:-1\" \/>\n<link rel=\"canonical\" href=\"https:\/\/www.upjs.sk\/lekarska-fakulta\/absolventi-lf\/ponuka-pracovnych-miest\/\" \/>\n<meta property=\"og:locale\" content=\"sk_SK\" \/>\n<meta property=\"og:type\" content=\"article\" \/>\n<meta property=\"og:title\" content=\"Ponuka pracovn\u00fdch miest pre absolventov - Lek\u00e1rska fakulta | UPJ\u0160\" \/>\n<meta property=\"og:url\" content=\"https:\/\/www.upjs.sk\/lekarska-fakulta\/absolventi-lf\/ponuka-pracovnych-miest\/\" \/>\n<meta property=\"og:site_name\" content=\"Lek\u00e1rska fakulta | UPJ\u0160\" \/>\n<meta property=\"article:modified_time\" content=\"2026-02-25T07:53:03+00:00\" \/>\n<meta property=\"og:image\" content=\"https:\/\/www.upjs.sk\/app\/uploads\/sites\/9\/2022\/09\/inzerat.jpg\" \/>\n\t<meta property=\"og:image:width\" content=\"910\" \/>\n\t<meta property=\"og:image:height\" content=\"291\" \/>\n\t<meta property=\"og:image:type\" content=\"image\/jpeg\" \/>\n<meta name=\"twitter:card\" content=\"summary_large_image\" \/>\n<meta name=\"twitter:label1\" content=\"Predpokladan\u00fd \u010das \u010d\u00edtania\" \/>\n\t<meta name=\"twitter:data1\" content=\"2 min\u00faty\" \/>\n<script type=\"application\/ld+json\" class=\"yoast-schema-graph\">{\"@context\":\"https:\\\/\\\/schema.org\",\"@graph\":[{\"@type\":\"WebPage\",\"@id\":\"https:\\\/\\\/www.upjs.sk\\\/lekarska-fakulta\\\/absolventi-lf\\\/ponuka-pracovnych-miest\\\/\",\"url\":\"https:\\\/\\\/www.upjs.sk\\\/lekarska-fakulta\\\/absolventi-lf\\\/ponuka-pracovnych-miest\\\/\",\"name\":\"Ponuka pracovn\u00fdch miest pre absolventov - Lek\u00e1rska fakulta | UPJ\u0160\",\"isPartOf\":{\"@id\":\"https:\\\/\\\/www.upjs.sk\\\/lekarska-fakulta\\\/#website\"},\"primaryImageOfPage\":{\"@id\":\"https:\\\/\\\/www.upjs.sk\\\/lekarska-fakulta\\\/absolventi-lf\\\/ponuka-pracovnych-miest\\\/#primaryimage\"},\"image\":{\"@id\":\"https:\\\/\\\/www.upjs.sk\\\/lekarska-fakulta\\\/absolventi-lf\\\/ponuka-pracovnych-miest\\\/#primaryimage\"},\"thumbnailUrl\":\"https:\\\/\\\/www.upjs.sk\\\/app\\\/uploads\\\/sites\\\/9\\\/2022\\\/09\\\/inzerat.jpg\",\"datePublished\":\"2023-02-25T03:38:59+00:00\",\"dateModified\":\"2026-02-25T07:53:03+00:00\",\"breadcrumb\":{\"@id\":\"https:\\\/\\\/www.upjs.sk\\\/lekarska-fakulta\\\/absolventi-lf\\\/ponuka-pracovnych-miest\\\/#breadcrumb\"},\"inLanguage\":\"sk-SK\",\"potentialAction\":[{\"@type\":\"ReadAction\",\"target\":[\"https:\\\/\\\/www.upjs.sk\\\/lekarska-fakulta\\\/absolventi-lf\\\/ponuka-pracovnych-miest\\\/\"]}]},{\"@type\":\"ImageObject\",\"inLanguage\":\"sk-SK\",\"@id\":\"https:\\\/\\\/www.upjs.sk\\\/lekarska-fakulta\\\/absolventi-lf\\\/ponuka-pracovnych-miest\\\/#primaryimage\",\"url\":\"https:\\\/\\\/www.upjs.sk\\\/app\\\/uploads\\\/sites\\\/9\\\/2022\\\/09\\\/inzerat.jpg\",\"contentUrl\":\"https:\\\/\\\/www.upjs.sk\\\/app\\\/uploads\\\/sites\\\/9\\\/2022\\\/09\\\/inzerat.jpg\",\"width\":910,\"height\":291,\"caption\":\"ponuka-pracovnych-miest\"},{\"@type\":\"BreadcrumbList\",\"@id\":\"https:\\\/\\\/www.upjs.sk\\\/lekarska-fakulta\\\/absolventi-lf\\\/ponuka-pracovnych-miest\\\/#breadcrumb\",\"itemListElement\":[{\"@type\":\"ListItem\",\"position\":1,\"name\":\"Home\",\"item\":\"https:\\\/\\\/www.upjs.sk\\\/lekarska-fakulta\\\/\"},{\"@type\":\"ListItem\",\"position\":2,\"name\":\"Absolventi UPJ\u0160 LF\",\"item\":\"https:\\\/\\\/www.upjs.sk\\\/lekarska-fakulta\\\/absolventi-lf\\\/\"},{\"@type\":\"ListItem\",\"position\":3,\"name\":\"Ponuka pracovn\u00fdch miest pre absolventov\"}]},{\"@type\":\"WebSite\",\"@id\":\"https:\\\/\\\/www.upjs.sk\\\/lekarska-fakulta\\\/#website\",\"url\":\"https:\\\/\\\/www.upjs.sk\\\/lekarska-fakulta\\\/\",\"name\":\"Lek\u00e1rska fakulta | UPJ\u0160\",\"description\":\"\",\"publisher\":{\"@id\":\"https:\\\/\\\/www.upjs.sk\\\/lekarska-fakulta\\\/#organization\"},\"potentialAction\":[{\"@type\":\"SearchAction\",\"target\":{\"@type\":\"EntryPoint\",\"urlTemplate\":\"https:\\\/\\\/www.upjs.sk\\\/lekarska-fakulta\\\/?s={search_term_string}\"},\"query-input\":{\"@type\":\"PropertyValueSpecification\",\"valueRequired\":true,\"valueName\":\"search_term_string\"}}],\"inLanguage\":\"sk-SK\"},{\"@type\":\"Organization\",\"@id\":\"https:\\\/\\\/www.upjs.sk\\\/lekarska-fakulta\\\/#organization\",\"name\":\"Lek\u00e1rska fakulta | UPJ\u0160\",\"url\":\"https:\\\/\\\/www.upjs.sk\\\/lekarska-fakulta\\\/\",\"logo\":{\"@type\":\"ImageObject\",\"inLanguage\":\"sk-SK\",\"@id\":\"https:\\\/\\\/www.upjs.sk\\\/lekarska-fakulta\\\/#\\\/schema\\\/logo\\\/image\\\/\",\"url\":\"https:\\\/\\\/www.upjs.sk\\\/app\\\/uploads\\\/sites\\\/9\\\/2022\\\/09\\\/logo-lekarska-fakulta.png\",\"contentUrl\":\"https:\\\/\\\/www.upjs.sk\\\/app\\\/uploads\\\/sites\\\/9\\\/2022\\\/09\\\/logo-lekarska-fakulta.png\",\"width\":415,\"height\":87,\"caption\":\"Lek\u00e1rska fakulta | UPJ\u0160\"},\"image\":{\"@id\":\"https:\\\/\\\/www.upjs.sk\\\/lekarska-fakulta\\\/#\\\/schema\\\/logo\\\/image\\\/\"}}]}<\/script>\n<!-- \/ Yoast SEO plugin. -->","yoast_head_json":{"title":"Ponuka pracovn\u00fdch miest pre absolventov - Lek\u00e1rska fakulta | UPJ\u0160","robots":{"index":"index","follow":"follow","max-snippet":"max-snippet:-1","max-image-preview":"max-image-preview:large","max-video-preview":"max-video-preview:-1"},"canonical":"https:\/\/www.upjs.sk\/lekarska-fakulta\/absolventi-lf\/ponuka-pracovnych-miest\/","og_locale":"sk_SK","og_type":"article","og_title":"Ponuka pracovn\u00fdch miest pre absolventov - Lek\u00e1rska fakulta | UPJ\u0160","og_url":"https:\/\/www.upjs.sk\/lekarska-fakulta\/absolventi-lf\/ponuka-pracovnych-miest\/","og_site_name":"Lek\u00e1rska fakulta | UPJ\u0160","article_modified_time":"2026-02-25T07:53:03+00:00","og_image":[{"width":910,"height":291,"url":"https:\/\/www.upjs.sk\/app\/uploads\/sites\/9\/2022\/09\/inzerat.jpg","type":"image\/jpeg"}],"twitter_card":"summary_large_image","twitter_misc":{"Predpokladan\u00fd \u010das \u010d\u00edtania":"2 min\u00faty"},"schema":{"@context":"https:\/\/schema.org","@graph":[{"@type":"WebPage","@id":"https:\/\/www.upjs.sk\/lekarska-fakulta\/absolventi-lf\/ponuka-pracovnych-miest\/","url":"https:\/\/www.upjs.sk\/lekarska-fakulta\/absolventi-lf\/ponuka-pracovnych-miest\/","name":"Ponuka pracovn\u00fdch miest pre absolventov - Lek\u00e1rska fakulta | UPJ\u0160","isPartOf":{"@id":"https:\/\/www.upjs.sk\/lekarska-fakulta\/#website"},"primaryImageOfPage":{"@id":"https:\/\/www.upjs.sk\/lekarska-fakulta\/absolventi-lf\/ponuka-pracovnych-miest\/#primaryimage"},"image":{"@id":"https:\/\/www.upjs.sk\/lekarska-fakulta\/absolventi-lf\/ponuka-pracovnych-miest\/#primaryimage"},"thumbnailUrl":"https:\/\/www.upjs.sk\/app\/uploads\/sites\/9\/2022\/09\/inzerat.jpg","datePublished":"2023-02-25T03:38:59+00:00","dateModified":"2026-02-25T07:53:03+00:00","breadcrumb":{"@id":"https:\/\/www.upjs.sk\/lekarska-fakulta\/absolventi-lf\/ponuka-pracovnych-miest\/#breadcrumb"},"inLanguage":"sk-SK","potentialAction":[{"@type":"ReadAction","target":["https:\/\/www.upjs.sk\/lekarska-fakulta\/absolventi-lf\/ponuka-pracovnych-miest\/"]}]},{"@type":"ImageObject","inLanguage":"sk-SK","@id":"https:\/\/www.upjs.sk\/lekarska-fakulta\/absolventi-lf\/ponuka-pracovnych-miest\/#primaryimage","url":"https:\/\/www.upjs.sk\/app\/uploads\/sites\/9\/2022\/09\/inzerat.jpg","contentUrl":"https:\/\/www.upjs.sk\/app\/uploads\/sites\/9\/2022\/09\/inzerat.jpg","width":910,"height":291,"caption":"ponuka-pracovnych-miest"},{"@type":"BreadcrumbList","@id":"https:\/\/www.upjs.sk\/lekarska-fakulta\/absolventi-lf\/ponuka-pracovnych-miest\/#breadcrumb","itemListElement":[{"@type":"ListItem","position":1,"name":"Home","item":"https:\/\/www.upjs.sk\/lekarska-fakulta\/"},{"@type":"ListItem","position":2,"name":"Absolventi UPJ\u0160 LF","item":"https:\/\/www.upjs.sk\/lekarska-fakulta\/absolventi-lf\/"},{"@type":"ListItem","position":3,"name":"Ponuka pracovn\u00fdch miest pre absolventov"}]},{"@type":"WebSite","@id":"https:\/\/www.upjs.sk\/lekarska-fakulta\/#website","url":"https:\/\/www.upjs.sk\/lekarska-fakulta\/","name":"Lek\u00e1rska fakulta | UPJ\u0160","description":"","publisher":{"@id":"https:\/\/www.upjs.sk\/lekarska-fakulta\/#organization"},"potentialAction":[{"@type":"SearchAction","target":{"@type":"EntryPoint","urlTemplate":"https:\/\/www.upjs.sk\/lekarska-fakulta\/?s={search_term_string}"},"query-input":{"@type":"PropertyValueSpecification","valueRequired":true,"valueName":"search_term_string"}}],"inLanguage":"sk-SK"},{"@type":"Organization","@id":"https:\/\/www.upjs.sk\/lekarska-fakulta\/#organization","name":"Lek\u00e1rska fakulta | UPJ\u0160","url":"https:\/\/www.upjs.sk\/lekarska-fakulta\/","logo":{"@type":"ImageObject","inLanguage":"sk-SK","@id":"https:\/\/www.upjs.sk\/lekarska-fakulta\/#\/schema\/logo\/image\/","url":"https:\/\/www.upjs.sk\/app\/uploads\/sites\/9\/2022\/09\/logo-lekarska-fakulta.png","contentUrl":"https:\/\/www.upjs.sk\/app\/uploads\/sites\/9\/2022\/09\/logo-lekarska-fakulta.png","width":415,"height":87,"caption":"Lek\u00e1rska fakulta | UPJ\u0160"},"image":{"@id":"https:\/\/www.upjs.sk\/lekarska-fakulta\/#\/schema\/logo\/image\/"}}]}},"_links":{"self":[{"href":"https:\/\/www.upjs.sk\/lekarska-fakulta\/wp-json\/wp\/v2\/pages\/15382","targetHints":{"allow":["GET"]}}],"collection":[{"href":"https:\/\/www.upjs.sk\/lekarska-fakulta\/wp-json\/wp\/v2\/pages"}],"about":[{"href":"https:\/\/www.upjs.sk\/lekarska-fakulta\/wp-json\/wp\/v2\/types\/page"}],"author":[{"embeddable":true,"href":"https:\/\/www.upjs.sk\/lekarska-fakulta\/wp-json\/wp\/v2\/users\/1"}],"replies":[{"embeddable":true,"href":"https:\/\/www.upjs.sk\/lekarska-fakulta\/wp-json\/wp\/v2\/comments?post=15382"}],"version-history":[{"count":20,"href":"https:\/\/www.upjs.sk\/lekarska-fakulta\/wp-json\/wp\/v2\/pages\/15382\/revisions"}],"predecessor-version":[{"id":155301,"href":"https:\/\/www.upjs.sk\/lekarska-fakulta\/wp-json\/wp\/v2\/pages\/15382\/revisions\/155301"}],"up":[{"embeddable":true,"href":"https:\/\/www.upjs.sk\/lekarska-fakulta\/wp-json\/wp\/v2\/pages\/74541"}],"wp:featuredmedia":[{"embeddable":true,"href":"https:\/\/www.upjs.sk\/lekarska-fakulta\/wp-json\/wp\/v2\/media\/15383"}],"wp:attachment":[{"href":"https:\/\/www.upjs.sk\/lekarska-fakulta\/wp-json\/wp\/v2\/media?parent=15382"}],"wp:term":[{"taxonomy":"category","embeddable":true,"href":"https:\/\/www.upjs.sk\/lekarska-fakulta\/wp-json\/wp\/v2\/categories?post=15382"},{"taxonomy":"post_tag","embeddable":true,"href":"https:\/\/www.upjs.sk\/lekarska-fakulta\/wp-json\/wp\/v2\/tags?post=15382"}],"curies":[{"name":"wp","href":"https:\/\/api.w.org\/{rel}","templated":true}]}}