{"id":154511,"date":"2026-02-11T10:34:32","date_gmt":"2026-02-11T09:34:32","guid":{"rendered":"https:\/\/www.upjs.sk\/lekarska-fakulta\/sas\/priaznivci-morfologie\/"},"modified":"2026-02-27T11:04:01","modified_gmt":"2026-02-27T10:04:01","slug":"priaznivci-morfologie","status":"publish","type":"page","link":"https:\/\/www.upjs.sk\/lekarska-fakulta\/sas\/priaznivci-morfologie\/","title":{"rendered":"Priaznivci morfol\u00f3gie"},"content":{"rendered":"\n<figure class=\"wp-block-table caption-align-center\"><table><tbody><tr><td><strong>Meno<\/strong><\/td><td><strong>Titul<\/strong><\/td><td><strong>Mesto<\/strong><\/td><td><strong>E-mail<\/strong><\/td><\/tr><tr><td>Cig\u00e1nkov\u00e1 Viera<\/td><td>Prof., MVDr., CSc. <\/td><td>Ko\u0161ice<\/td><td><a href=\"mailto:ciganek846@gmail.com\">ciganek846@gmail.com<\/a><\/td><\/tr><tr><td>Eli\u00e1\u0161ov\u00e1 Viera<\/td><td>MVDr.<\/td><td>Ko\u0161ice <\/td><td><a href=\"mailto:viera.eliasova@upjs.sk\">viera.eliasova@upjs.sk<\/a><\/td><\/tr><tr><td>Schmidtov\u00e1 Katar\u00edna <\/td><td>Prof., MUDr., CSc.<\/td><td>Ko\u0161ice<\/td><td><a href=\"mailto:schmidkak@gmail.com\">schmidkak@gmail.com<\/a><\/td><\/tr><tr><td>Zibr\u00edn Martin<\/td><td>Prof., MVDr., PhD.<\/td><td>Ko\u0161ice <\/td><td><a href=\"mailto:dr.martinzibrin@gmail.com\">dr.martinzibrin@gmail.com<\/a><\/td><\/tr><\/tbody><\/table><\/figure>\n\n\n<style>.wp-block-kadence-advancedheading.kt-adv-heading154511_7c5265-06, .wp-block-kadence-advancedheading.kt-adv-heading154511_7c5265-06[data-kb-block=\"kb-adv-heading154511_7c5265-06\"]{font-style:normal;}.wp-block-kadence-advancedheading.kt-adv-heading154511_7c5265-06 mark.kt-highlight, .wp-block-kadence-advancedheading.kt-adv-heading154511_7c5265-06[data-kb-block=\"kb-adv-heading154511_7c5265-06\"] mark.kt-highlight{font-style:normal;color:#f76a0c;-webkit-box-decoration-break:clone;box-decoration-break:clone;padding-top:0px;padding-right:0px;padding-bottom:0px;padding-left:0px;}<\/style>\n<p class=\"kt-adv-heading154511_7c5265-06 wp-block-kadence-advancedheading\" data-kb-block=\"kb-adv-heading154511_7c5265-06\"><\/p>\n\n\n<style>.wp-block-kadence-advancedheading.kt-adv-heading154511_9f210b-18, .wp-block-kadence-advancedheading.kt-adv-heading154511_9f210b-18[data-kb-block=\"kb-adv-heading154511_9f210b-18\"]{font-style:normal;}.wp-block-kadence-advancedheading.kt-adv-heading154511_9f210b-18 mark.kt-highlight, .wp-block-kadence-advancedheading.kt-adv-heading154511_9f210b-18[data-kb-block=\"kb-adv-heading154511_9f210b-18\"] mark.kt-highlight{font-style:normal;color:#f76a0c;-webkit-box-decoration-break:clone;box-decoration-break:clone;padding-top:0px;padding-right:0px;padding-bottom:0px;padding-left:0px;}<\/style>\n<p class=\"kt-adv-heading154511_9f210b-18 wp-block-kadence-advancedheading\" data-kb-block=\"kb-adv-heading154511_9f210b-18\"><\/p>\n","protected":false},"excerpt":{"rendered":"<p>Meno Titul Mesto E-mail Cig\u00e1nkov\u00e1 Viera Prof., MVDr., CSc. Ko\u0161ice ciganek846@gmail.com Eli\u00e1\u0161ov\u00e1 Viera MVDr. Ko\u0161ice viera.eliasova@upjs.sk Schmidtov\u00e1 Katar\u00edna Prof., MUDr., CSc. Ko\u0161ice schmidkak@gmail.com Zibr\u00edn Martin Prof., MVDr., PhD. Ko\u0161ice dr.martinzibrin@gmail.com<\/p>\n","protected":false},"author":75,"featured_media":0,"parent":110787,"menu_order":2,"comment_status":"closed","ping_status":"closed","template":"","meta":{"_acf_changed":false,"_editorskit_title_hidden":false,"_editorskit_reading_time":0,"_editorskit_is_block_options_detached":false,"_editorskit_block_options_position":"{}","footnotes":""},"categories":[],"tags":[],"class_list":["post-154511","page","type-page","status-publish","hentry"],"acf":{"acf_link_na_externy_obsah":""},"yoast_head":"<!-- This site is optimized with the Yoast SEO plugin v27.4 - https:\/\/yoast.com\/product\/yoast-seo-wordpress\/ -->\n<title>Priaznivci morfol\u00f3gie - Lek\u00e1rska fakulta | UPJ\u0160<\/title>\n<meta name=\"robots\" content=\"index, follow, max-snippet:-1, max-image-preview:large, max-video-preview:-1\" \/>\n<link rel=\"canonical\" href=\"https:\/\/www.upjs.sk\/lekarska-fakulta\/sas\/priaznivci-morfologie\/\" \/>\n<meta property=\"og:locale\" content=\"sk_SK\" \/>\n<meta property=\"og:type\" content=\"article\" \/>\n<meta property=\"og:title\" content=\"Priaznivci morfol\u00f3gie - Lek\u00e1rska fakulta | UPJ\u0160\" \/>\n<meta property=\"og:description\" content=\"Meno Titul Mesto E-mail Cig\u00e1nkov\u00e1 Viera Prof., MVDr., CSc. Ko\u0161ice ciganek846@gmail.com Eli\u00e1\u0161ov\u00e1 Viera MVDr. Ko\u0161ice viera.eliasova@upjs.sk Schmidtov\u00e1 Katar\u00edna Prof., MUDr., CSc. Ko\u0161ice schmidkak@gmail.com Zibr\u00edn Martin Prof., MVDr., PhD. Ko\u0161ice dr.martinzibrin@gmail.com\" \/>\n<meta property=\"og:url\" content=\"https:\/\/www.upjs.sk\/lekarska-fakulta\/sas\/priaznivci-morfologie\/\" \/>\n<meta property=\"og:site_name\" content=\"Lek\u00e1rska fakulta | UPJ\u0160\" \/>\n<meta property=\"article:modified_time\" content=\"2026-02-27T10:04:01+00:00\" \/>\n<meta name=\"twitter:card\" content=\"summary_large_image\" \/>\n<meta name=\"twitter:label1\" content=\"Predpokladan\u00fd \u010das \u010d\u00edtania\" \/>\n\t<meta name=\"twitter:data1\" content=\"1 min\u00fata\" \/>\n<script type=\"application\/ld+json\" class=\"yoast-schema-graph\">{\"@context\":\"https:\\\/\\\/schema.org\",\"@graph\":[{\"@type\":\"WebPage\",\"@id\":\"https:\\\/\\\/www.upjs.sk\\\/lekarska-fakulta\\\/sas\\\/priaznivci-morfologie\\\/\",\"url\":\"https:\\\/\\\/www.upjs.sk\\\/lekarska-fakulta\\\/sas\\\/priaznivci-morfologie\\\/\",\"name\":\"Priaznivci morfol\u00f3gie - Lek\u00e1rska fakulta | UPJ\u0160\",\"isPartOf\":{\"@id\":\"https:\\\/\\\/www.upjs.sk\\\/lekarska-fakulta\\\/#website\"},\"datePublished\":\"2026-02-11T09:34:32+00:00\",\"dateModified\":\"2026-02-27T10:04:01+00:00\",\"breadcrumb\":{\"@id\":\"https:\\\/\\\/www.upjs.sk\\\/lekarska-fakulta\\\/sas\\\/priaznivci-morfologie\\\/#breadcrumb\"},\"inLanguage\":\"sk-SK\",\"potentialAction\":[{\"@type\":\"ReadAction\",\"target\":[\"https:\\\/\\\/www.upjs.sk\\\/lekarska-fakulta\\\/sas\\\/priaznivci-morfologie\\\/\"]}]},{\"@type\":\"BreadcrumbList\",\"@id\":\"https:\\\/\\\/www.upjs.sk\\\/lekarska-fakulta\\\/sas\\\/priaznivci-morfologie\\\/#breadcrumb\",\"itemListElement\":[{\"@type\":\"ListItem\",\"position\":1,\"name\":\"Home\",\"item\":\"https:\\\/\\\/www.upjs.sk\\\/lekarska-fakulta\\\/\"},{\"@type\":\"ListItem\",\"position\":2,\"name\":\"SAS\",\"item\":\"https:\\\/\\\/www.upjs.sk\\\/lekarska-fakulta\\\/sas\\\/\"},{\"@type\":\"ListItem\",\"position\":3,\"name\":\"Priaznivci morfol\u00f3gie\"}]},{\"@type\":\"WebSite\",\"@id\":\"https:\\\/\\\/www.upjs.sk\\\/lekarska-fakulta\\\/#website\",\"url\":\"https:\\\/\\\/www.upjs.sk\\\/lekarska-fakulta\\\/\",\"name\":\"Lek\u00e1rska fakulta | UPJ\u0160\",\"description\":\"\",\"publisher\":{\"@id\":\"https:\\\/\\\/www.upjs.sk\\\/lekarska-fakulta\\\/#organization\"},\"potentialAction\":[{\"@type\":\"SearchAction\",\"target\":{\"@type\":\"EntryPoint\",\"urlTemplate\":\"https:\\\/\\\/www.upjs.sk\\\/lekarska-fakulta\\\/?s={search_term_string}\"},\"query-input\":{\"@type\":\"PropertyValueSpecification\",\"valueRequired\":true,\"valueName\":\"search_term_string\"}}],\"inLanguage\":\"sk-SK\"},{\"@type\":\"Organization\",\"@id\":\"https:\\\/\\\/www.upjs.sk\\\/lekarska-fakulta\\\/#organization\",\"name\":\"Lek\u00e1rska fakulta | UPJ\u0160\",\"url\":\"https:\\\/\\\/www.upjs.sk\\\/lekarska-fakulta\\\/\",\"logo\":{\"@type\":\"ImageObject\",\"inLanguage\":\"sk-SK\",\"@id\":\"https:\\\/\\\/www.upjs.sk\\\/lekarska-fakulta\\\/#\\\/schema\\\/logo\\\/image\\\/\",\"url\":\"https:\\\/\\\/www.upjs.sk\\\/app\\\/uploads\\\/sites\\\/9\\\/2022\\\/09\\\/logo-lekarska-fakulta.png\",\"contentUrl\":\"https:\\\/\\\/www.upjs.sk\\\/app\\\/uploads\\\/sites\\\/9\\\/2022\\\/09\\\/logo-lekarska-fakulta.png\",\"width\":415,\"height\":87,\"caption\":\"Lek\u00e1rska fakulta | UPJ\u0160\"},\"image\":{\"@id\":\"https:\\\/\\\/www.upjs.sk\\\/lekarska-fakulta\\\/#\\\/schema\\\/logo\\\/image\\\/\"}}]}<\/script>\n<!-- \/ Yoast SEO plugin. -->","yoast_head_json":{"title":"Priaznivci morfol\u00f3gie - Lek\u00e1rska fakulta | UPJ\u0160","robots":{"index":"index","follow":"follow","max-snippet":"max-snippet:-1","max-image-preview":"max-image-preview:large","max-video-preview":"max-video-preview:-1"},"canonical":"https:\/\/www.upjs.sk\/lekarska-fakulta\/sas\/priaznivci-morfologie\/","og_locale":"sk_SK","og_type":"article","og_title":"Priaznivci morfol\u00f3gie - Lek\u00e1rska fakulta | UPJ\u0160","og_description":"Meno Titul Mesto E-mail Cig\u00e1nkov\u00e1 Viera Prof., MVDr., CSc. Ko\u0161ice ciganek846@gmail.com Eli\u00e1\u0161ov\u00e1 Viera MVDr. Ko\u0161ice viera.eliasova@upjs.sk Schmidtov\u00e1 Katar\u00edna Prof., MUDr., CSc. Ko\u0161ice schmidkak@gmail.com Zibr\u00edn Martin Prof., MVDr., PhD. Ko\u0161ice dr.martinzibrin@gmail.com","og_url":"https:\/\/www.upjs.sk\/lekarska-fakulta\/sas\/priaznivci-morfologie\/","og_site_name":"Lek\u00e1rska fakulta | UPJ\u0160","article_modified_time":"2026-02-27T10:04:01+00:00","twitter_card":"summary_large_image","twitter_misc":{"Predpokladan\u00fd \u010das \u010d\u00edtania":"1 min\u00fata"},"schema":{"@context":"https:\/\/schema.org","@graph":[{"@type":"WebPage","@id":"https:\/\/www.upjs.sk\/lekarska-fakulta\/sas\/priaznivci-morfologie\/","url":"https:\/\/www.upjs.sk\/lekarska-fakulta\/sas\/priaznivci-morfologie\/","name":"Priaznivci morfol\u00f3gie - Lek\u00e1rska fakulta | UPJ\u0160","isPartOf":{"@id":"https:\/\/www.upjs.sk\/lekarska-fakulta\/#website"},"datePublished":"2026-02-11T09:34:32+00:00","dateModified":"2026-02-27T10:04:01+00:00","breadcrumb":{"@id":"https:\/\/www.upjs.sk\/lekarska-fakulta\/sas\/priaznivci-morfologie\/#breadcrumb"},"inLanguage":"sk-SK","potentialAction":[{"@type":"ReadAction","target":["https:\/\/www.upjs.sk\/lekarska-fakulta\/sas\/priaznivci-morfologie\/"]}]},{"@type":"BreadcrumbList","@id":"https:\/\/www.upjs.sk\/lekarska-fakulta\/sas\/priaznivci-morfologie\/#breadcrumb","itemListElement":[{"@type":"ListItem","position":1,"name":"Home","item":"https:\/\/www.upjs.sk\/lekarska-fakulta\/"},{"@type":"ListItem","position":2,"name":"SAS","item":"https:\/\/www.upjs.sk\/lekarska-fakulta\/sas\/"},{"@type":"ListItem","position":3,"name":"Priaznivci morfol\u00f3gie"}]},{"@type":"WebSite","@id":"https:\/\/www.upjs.sk\/lekarska-fakulta\/#website","url":"https:\/\/www.upjs.sk\/lekarska-fakulta\/","name":"Lek\u00e1rska fakulta | UPJ\u0160","description":"","publisher":{"@id":"https:\/\/www.upjs.sk\/lekarska-fakulta\/#organization"},"potentialAction":[{"@type":"SearchAction","target":{"@type":"EntryPoint","urlTemplate":"https:\/\/www.upjs.sk\/lekarska-fakulta\/?s={search_term_string}"},"query-input":{"@type":"PropertyValueSpecification","valueRequired":true,"valueName":"search_term_string"}}],"inLanguage":"sk-SK"},{"@type":"Organization","@id":"https:\/\/www.upjs.sk\/lekarska-fakulta\/#organization","name":"Lek\u00e1rska fakulta | UPJ\u0160","url":"https:\/\/www.upjs.sk\/lekarska-fakulta\/","logo":{"@type":"ImageObject","inLanguage":"sk-SK","@id":"https:\/\/www.upjs.sk\/lekarska-fakulta\/#\/schema\/logo\/image\/","url":"https:\/\/www.upjs.sk\/app\/uploads\/sites\/9\/2022\/09\/logo-lekarska-fakulta.png","contentUrl":"https:\/\/www.upjs.sk\/app\/uploads\/sites\/9\/2022\/09\/logo-lekarska-fakulta.png","width":415,"height":87,"caption":"Lek\u00e1rska fakulta | UPJ\u0160"},"image":{"@id":"https:\/\/www.upjs.sk\/lekarska-fakulta\/#\/schema\/logo\/image\/"}}]}},"_links":{"self":[{"href":"https:\/\/www.upjs.sk\/lekarska-fakulta\/wp-json\/wp\/v2\/pages\/154511","targetHints":{"allow":["GET"]}}],"collection":[{"href":"https:\/\/www.upjs.sk\/lekarska-fakulta\/wp-json\/wp\/v2\/pages"}],"about":[{"href":"https:\/\/www.upjs.sk\/lekarska-fakulta\/wp-json\/wp\/v2\/types\/page"}],"author":[{"embeddable":true,"href":"https:\/\/www.upjs.sk\/lekarska-fakulta\/wp-json\/wp\/v2\/users\/75"}],"replies":[{"embeddable":true,"href":"https:\/\/www.upjs.sk\/lekarska-fakulta\/wp-json\/wp\/v2\/comments?post=154511"}],"version-history":[{"count":6,"href":"https:\/\/www.upjs.sk\/lekarska-fakulta\/wp-json\/wp\/v2\/pages\/154511\/revisions"}],"predecessor-version":[{"id":155509,"href":"https:\/\/www.upjs.sk\/lekarska-fakulta\/wp-json\/wp\/v2\/pages\/154511\/revisions\/155509"}],"up":[{"embeddable":true,"href":"https:\/\/www.upjs.sk\/lekarska-fakulta\/wp-json\/wp\/v2\/pages\/110787"}],"wp:attachment":[{"href":"https:\/\/www.upjs.sk\/lekarska-fakulta\/wp-json\/wp\/v2\/media?parent=154511"}],"wp:term":[{"taxonomy":"category","embeddable":true,"href":"https:\/\/www.upjs.sk\/lekarska-fakulta\/wp-json\/wp\/v2\/categories?post=154511"},{"taxonomy":"post_tag","embeddable":true,"href":"https:\/\/www.upjs.sk\/lekarska-fakulta\/wp-json\/wp\/v2\/tags?post=154511"}],"curies":[{"name":"wp","href":"https:\/\/api.w.org\/{rel}","templated":true}]}}