{"id":15537,"date":"2023-02-04T08:25:31","date_gmt":"2023-02-04T07:25:31","guid":{"rendered":"https:\/\/www.upjs.sk\/lekarska-fakulta\/studium-na-fakulte\/dalsie-vzdelavanie\/oznam-pre-lekarov\/"},"modified":"2023-02-04T08:54:15","modified_gmt":"2023-02-04T07:54:15","slug":"oznam-pre-lekarov","status":"publish","type":"page","link":"https:\/\/www.upjs.sk\/lekarska-fakulta\/studenti-lf\/dalsie-vzdelavanie\/dolezite-oznamy\/oznam-pre-lekarov\/","title":{"rendered":"Oznam pre LEK\u00c1ROV a ZUBN\u00ddCH LEK\u00c1ROV"},"content":{"rendered":"<style>.wp-block-kadence-advancedheading.kt-adv-heading_593185-f3, .wp-block-kadence-advancedheading.kt-adv-heading_593185-f3[data-kb-block=\"kb-adv-heading_593185-f3\"]{font-style:normal;}.wp-block-kadence-advancedheading.kt-adv-heading_593185-f3 mark.kt-highlight, .wp-block-kadence-advancedheading.kt-adv-heading_593185-f3[data-kb-block=\"kb-adv-heading_593185-f3\"] mark.kt-highlight{font-style:normal;color:#f76a0c;-webkit-box-decoration-break:clone;box-decoration-break:clone;padding-top:0px;padding-right:0px;padding-bottom:0px;padding-left:0px;}<\/style>\n<h4 class=\"kt-adv-heading_593185-f3 wp-block-kadence-advancedheading\" data-kb-block=\"kb-adv-heading_593185-f3\"><strong>1.\u00a0D\u00f4le\u017eit\u00fd oznam \u2013 pre LEK\u00c1ROV a ZUBN\u00ddCH LEK\u00c1ROV<\/strong><\/h4>\n\n\n\n<p>V\u00e1\u017een\u00ed uch\u00e1dza\u010di o zaradenie do \u010fal\u0161ieho vzdel\u00e1vania na UPJ\u0160 LF,<\/p>\n\n\n\n<ul class=\"wp-block-list\">\n<li>Formul\u00e1re\u00a0<strong>k zara\u010fovaniu<\/strong>\u00a0n\u00e1jdete v sekcii \u201eformul\u00e1re na stiahnutie\u201c:\n<ul class=\"wp-block-list\">\n<li><strong>\u010d. 1<\/strong>&nbsp;\u2013 \u0161pecializa\u010dn\u00e9 \u0161t\u00fadium,<\/li>\n\n\n\n<li><strong>\u010d. 10<\/strong>&nbsp;\u2013 certifika\u010dn\u00e1 pr\u00edprava,<\/li>\n\n\n\n<li><strong>\u010d. 3<\/strong>\u00a0\u2013 zdravotn\u00edcky mana\u017ement a financovanie (<mark style=\"background-color:rgba(0, 0, 0, 0)\" class=\"has-inline-color has-lekarska-f-color\">t\u00fdka sa aj SESTIER<\/mark>). <br>\u017diadosti je potrebn\u00e9 zasiela\u0165\u00a0<strong>kompletne vyplnen\u00e9 s potrebn\u00fdmi pr\u00edlohami<\/strong>\u00a0(uveden\u00fdmi dole pod \u010diarou na \u017eiadosti).<\/li>\n<\/ul>\n<\/li>\n\n\n\n<li>\u017diados\u0165 o\u00a0<strong>prestup<\/strong> z inej vzdel\u00e1vacej ustanovizne<strong> na UPJ\u0160 LF<\/strong>\u00a0m\u00f4\u017eete poda\u0165\u00a0<strong>kedyko\u013evek v roku<\/strong>\u00a0\u2013 \u201eformul\u00e1re na stiahnutie\u201c \u2013\u00a0<strong>\u010d. 2 \u2013 \u017eiados\u0165 o prijatie na realiz\u00e1ciu \u0161pecializa\u010dn\u00e9ho \u0161t\u00fadia na UPJ\u0160 LF<\/strong>\u00a0s potrebn\u00fdmi pr\u00edlohami (uveden\u00fdmi dole pod \u010diarou na \u017eiadosti)<\/li>\n<\/ul>\n\n\n\n<div style=\"height:20px\" aria-hidden=\"true\" class=\"wp-block-spacer\"><\/div>\n\n\n<style>.wp-block-kadence-spacer.kt-block-spacer-_1a259c-cb .kt-block-spacer{height:30px;}.wp-block-kadence-spacer.kt-block-spacer-_1a259c-cb .kt-divider{border-top-width:6px;border-top-color:#C92432;width:10%;border-top-style:dotted;}<\/style>\n<div class=\"wp-block-kadence-spacer aligncenter kt-block-spacer-_1a259c-cb\"><div class=\"kt-block-spacer kt-block-spacer-halign-center\"><hr class=\"kt-divider\"\/><\/div><\/div>\n\n\n<style>.wp-block-kadence-advancedheading.kt-adv-heading_0ddadd-74, .wp-block-kadence-advancedheading.kt-adv-heading_0ddadd-74[data-kb-block=\"kb-adv-heading_0ddadd-74\"]{font-style:normal;}.wp-block-kadence-advancedheading.kt-adv-heading_0ddadd-74 mark.kt-highlight, .wp-block-kadence-advancedheading.kt-adv-heading_0ddadd-74[data-kb-block=\"kb-adv-heading_0ddadd-74\"] mark.kt-highlight{font-style:normal;color:#f76a0c;-webkit-box-decoration-break:clone;box-decoration-break:clone;padding-top:0px;padding-right:0px;padding-bottom:0px;padding-left:0px;}<\/style>\n<h4 class=\"kt-adv-heading_0ddadd-74 wp-block-kadence-advancedheading\" data-kb-block=\"kb-adv-heading_0ddadd-74\"><strong>2.&nbsp;D\u00f4le\u017eit\u00fd oznam \u2013 pre LEK\u00c1ROV a ZUBN\u00ddCH LEK\u00c1ROV<\/strong><\/h4>\n\n\n\n<p><strong>\u0160pecializa\u010dn\u00e1 sk\u00fa\u0161ka:<\/strong><br>Na sk\u00fa\u0161ku sa \u00fa\u010dastn\u00edk hl\u00e1si prihl\u00e1\u0161kou na \u0161pecializa\u010dn\u00fa sk\u00fa\u0161ku, ktor\u00e1 je zverejnen\u00e1 na webovej str\u00e1nke fakulty, a to po splnen\u00ed v\u0161etk\u00fdch po\u017eadovan\u00fdch krit\u00e9ri\u00ed,\u00a0<strong>najnesk\u00f4r 2 mesiace pred term\u00ednom sk\u00fa\u0161ky!<\/strong><br><em>\u0160tudijn\u00fd poriadok pre \u010fal\u0161ie vzdel\u00e1vanie zdravotn\u00edckych pracovn\u00edkov Univerzity Pavla Jozefa \u0160af\u00e1rika v\u00a0Ko\u0161iciach, Lek\u00e1rskej fakulty<\/em><strong><em>\u00a0<\/em><\/strong><em>\u2013 platnos\u0165 od 15.06.2022<\/em><\/p>\n\n\n\n<p><strong>Certifika\u010dn\u00e1 sk\u00fa\u0161ka:<\/strong><br>Na sk\u00fa\u0161ku sa \u00fa\u010dastn\u00edk hl\u00e1si prihl\u00e1\u0161kou na certifika\u010dn\u00fa sk\u00fa\u0161ku,\u00a0<strong><u>najnesk\u00f4r 1 mesiac pred term\u00ednom sk\u00fa\u0161ky<\/u><\/strong>, po splnen\u00ed v\u0161etk\u00fdch po\u017eadovan\u00fdch krit\u00e9ri\u00ed \u2013 absolvovanie povinnej odbornej praxe, zdravotn\u00fdch v\u00fdkonov a \u00fa\u010dasti na v\u0161etk\u00fdch povinn\u00fdch vzdel\u00e1vac\u00edch aktivit\u00e1ch pod\u013ea akreditovan\u00e9ho certifika\u010dn\u00e9ho \u0161tudijn\u00e9ho programu!<br><em>\u0160tudijn\u00fd poriadok pre \u010fal\u0161ie vzdel\u00e1vanie zdravotn\u00edckych pracovn\u00edkov Univerzity Pavla Jozefa \u0160af\u00e1rika v\u00a0Ko\u0161iciach, Lek\u00e1rskej fakulty\u00a0\u2013 platnos\u0165 od 15.06.2022<\/em><\/p>\n","protected":false},"excerpt":{"rendered":"<p>1.\u00a0D\u00f4le\u017eit\u00fd oznam \u2013 pre LEK\u00c1ROV a ZUBN\u00ddCH LEK\u00c1ROV V\u00e1\u017een\u00ed uch\u00e1dza\u010di o zaradenie do \u010fal\u0161ieho vzdel\u00e1vania na UPJ\u0160 LF, 2.&nbsp;D\u00f4le\u017eit\u00fd oznam \u2013 pre LEK\u00c1ROV a ZUBN\u00ddCH LEK\u00c1ROV \u0160pecializa\u010dn\u00e1 sk\u00fa\u0161ka:Na sk\u00fa\u0161ku sa \u00fa\u010dastn\u00edk hl\u00e1si prihl\u00e1\u0161kou na \u0161pecializa\u010dn\u00fa sk\u00fa\u0161ku, ktor\u00e1 je zverejnen\u00e1 na webovej str\u00e1nke fakulty, a to po splnen\u00ed v\u0161etk\u00fdch po\u017eadovan\u00fdch krit\u00e9ri\u00ed,\u00a0najnesk\u00f4r 2 mesiace pred term\u00ednom sk\u00fa\u0161ky!\u0160tudijn\u00fd &hellip; <a href=\"https:\/\/www.upjs.sk\/lekarska-fakulta\/studenti-lf\/dalsie-vzdelavanie\/dolezite-oznamy\/oznam-pre-lekarov\/\">\u010c\u00edta\u0165 \u010falej<\/a><\/p>\n","protected":false},"author":1,"featured_media":0,"parent":15536,"menu_order":0,"comment_status":"closed","ping_status":"closed","template":"","meta":{"_acf_changed":false,"_editorskit_title_hidden":false,"_editorskit_reading_time":1,"_editorskit_is_block_options_detached":false,"_editorskit_block_options_position":"{}","footnotes":""},"categories":[],"tags":[],"class_list":["post-15537","page","type-page","status-publish","hentry"],"acf":{"acf_link_na_externy_obsah":""},"yoast_head":"<!-- This site is optimized with the Yoast SEO plugin v27.5 - https:\/\/yoast.com\/product\/yoast-seo-wordpress\/ -->\n<title>Oznam pre LEK\u00c1ROV a ZUBN\u00ddCH LEK\u00c1ROV - Lek\u00e1rska fakulta | UPJ\u0160<\/title>\n<meta name=\"robots\" content=\"index, follow, max-snippet:-1, max-image-preview:large, max-video-preview:-1\" \/>\n<link rel=\"canonical\" href=\"https:\/\/www.upjs.sk\/lekarska-fakulta\/studenti-lf\/dalsie-vzdelavanie\/dolezite-oznamy\/oznam-pre-lekarov\/\" \/>\n<meta property=\"og:locale\" content=\"sk_SK\" \/>\n<meta property=\"og:type\" content=\"article\" \/>\n<meta property=\"og:title\" content=\"Oznam pre LEK\u00c1ROV a ZUBN\u00ddCH LEK\u00c1ROV - Lek\u00e1rska fakulta | UPJ\u0160\" \/>\n<meta property=\"og:description\" content=\"1.\u00a0D\u00f4le\u017eit\u00fd oznam \u2013 pre LEK\u00c1ROV a ZUBN\u00ddCH LEK\u00c1ROV V\u00e1\u017een\u00ed uch\u00e1dza\u010di o zaradenie do \u010fal\u0161ieho vzdel\u00e1vania na UPJ\u0160 LF, 2.&nbsp;D\u00f4le\u017eit\u00fd oznam \u2013 pre LEK\u00c1ROV a ZUBN\u00ddCH LEK\u00c1ROV \u0160pecializa\u010dn\u00e1 sk\u00fa\u0161ka:Na sk\u00fa\u0161ku sa \u00fa\u010dastn\u00edk hl\u00e1si prihl\u00e1\u0161kou na \u0161pecializa\u010dn\u00fa sk\u00fa\u0161ku, ktor\u00e1 je zverejnen\u00e1 na webovej str\u00e1nke fakulty, a to po splnen\u00ed v\u0161etk\u00fdch po\u017eadovan\u00fdch krit\u00e9ri\u00ed,\u00a0najnesk\u00f4r 2 mesiace pred term\u00ednom sk\u00fa\u0161ky!\u0160tudijn\u00fd &hellip; \u010c\u00edta\u0165 \u010falej\" \/>\n<meta property=\"og:url\" content=\"https:\/\/www.upjs.sk\/lekarska-fakulta\/studenti-lf\/dalsie-vzdelavanie\/dolezite-oznamy\/oznam-pre-lekarov\/\" \/>\n<meta property=\"og:site_name\" content=\"Lek\u00e1rska fakulta | UPJ\u0160\" \/>\n<meta property=\"article:modified_time\" content=\"2023-02-04T07:54:15+00:00\" \/>\n<meta name=\"twitter:card\" content=\"summary_large_image\" \/>\n<meta name=\"twitter:label1\" content=\"Predpokladan\u00fd \u010das \u010d\u00edtania\" \/>\n\t<meta name=\"twitter:data1\" content=\"2 min\u00faty\" \/>\n<script type=\"application\/ld+json\" class=\"yoast-schema-graph\">{\"@context\":\"https:\\\/\\\/schema.org\",\"@graph\":[{\"@type\":\"WebPage\",\"@id\":\"https:\\\/\\\/www.upjs.sk\\\/lekarska-fakulta\\\/studenti-lf\\\/dalsie-vzdelavanie\\\/dolezite-oznamy\\\/oznam-pre-lekarov\\\/\",\"url\":\"https:\\\/\\\/www.upjs.sk\\\/lekarska-fakulta\\\/studenti-lf\\\/dalsie-vzdelavanie\\\/dolezite-oznamy\\\/oznam-pre-lekarov\\\/\",\"name\":\"Oznam pre LEK\u00c1ROV a ZUBN\u00ddCH LEK\u00c1ROV - Lek\u00e1rska fakulta | UPJ\u0160\",\"isPartOf\":{\"@id\":\"https:\\\/\\\/www.upjs.sk\\\/lekarska-fakulta\\\/#website\"},\"datePublished\":\"2023-02-04T07:25:31+00:00\",\"dateModified\":\"2023-02-04T07:54:15+00:00\",\"breadcrumb\":{\"@id\":\"https:\\\/\\\/www.upjs.sk\\\/lekarska-fakulta\\\/studenti-lf\\\/dalsie-vzdelavanie\\\/dolezite-oznamy\\\/oznam-pre-lekarov\\\/#breadcrumb\"},\"inLanguage\":\"sk-SK\",\"potentialAction\":[{\"@type\":\"ReadAction\",\"target\":[\"https:\\\/\\\/www.upjs.sk\\\/lekarska-fakulta\\\/studenti-lf\\\/dalsie-vzdelavanie\\\/dolezite-oznamy\\\/oznam-pre-lekarov\\\/\"]}]},{\"@type\":\"BreadcrumbList\",\"@id\":\"https:\\\/\\\/www.upjs.sk\\\/lekarska-fakulta\\\/studenti-lf\\\/dalsie-vzdelavanie\\\/dolezite-oznamy\\\/oznam-pre-lekarov\\\/#breadcrumb\",\"itemListElement\":[{\"@type\":\"ListItem\",\"position\":1,\"name\":\"Home\",\"item\":\"https:\\\/\\\/www.upjs.sk\\\/lekarska-fakulta\\\/\"},{\"@type\":\"ListItem\",\"position\":2,\"name\":\"\u0160tudenti\",\"item\":\"https:\\\/\\\/www.upjs.sk\\\/lekarska-fakulta\\\/studenti-lf\\\/\"},{\"@type\":\"ListItem\",\"position\":3,\"name\":\"\u010eal\u0161ie vzdel\u00e1vanie zdravotn\u00edckych pracovn\u00edkov\",\"item\":\"https:\\\/\\\/www.upjs.sk\\\/lekarska-fakulta\\\/studenti-lf\\\/dalsie-vzdelavanie\\\/\"},{\"@type\":\"ListItem\",\"position\":4,\"name\":\"D\u00f4le\u017eit\u00e9 oznamy\",\"item\":\"https:\\\/\\\/www.upjs.sk\\\/lekarska-fakulta\\\/studenti-lf\\\/dalsie-vzdelavanie\\\/dolezite-oznamy\\\/\"},{\"@type\":\"ListItem\",\"position\":5,\"name\":\"Oznam pre LEK\u00c1ROV a ZUBN\u00ddCH LEK\u00c1ROV\"}]},{\"@type\":\"WebSite\",\"@id\":\"https:\\\/\\\/www.upjs.sk\\\/lekarska-fakulta\\\/#website\",\"url\":\"https:\\\/\\\/www.upjs.sk\\\/lekarska-fakulta\\\/\",\"name\":\"Lek\u00e1rska fakulta | UPJ\u0160\",\"description\":\"\",\"publisher\":{\"@id\":\"https:\\\/\\\/www.upjs.sk\\\/lekarska-fakulta\\\/#organization\"},\"potentialAction\":[{\"@type\":\"SearchAction\",\"target\":{\"@type\":\"EntryPoint\",\"urlTemplate\":\"https:\\\/\\\/www.upjs.sk\\\/lekarska-fakulta\\\/?s={search_term_string}\"},\"query-input\":{\"@type\":\"PropertyValueSpecification\",\"valueRequired\":true,\"valueName\":\"search_term_string\"}}],\"inLanguage\":\"sk-SK\"},{\"@type\":\"Organization\",\"@id\":\"https:\\\/\\\/www.upjs.sk\\\/lekarska-fakulta\\\/#organization\",\"name\":\"Lek\u00e1rska fakulta | UPJ\u0160\",\"url\":\"https:\\\/\\\/www.upjs.sk\\\/lekarska-fakulta\\\/\",\"logo\":{\"@type\":\"ImageObject\",\"inLanguage\":\"sk-SK\",\"@id\":\"https:\\\/\\\/www.upjs.sk\\\/lekarska-fakulta\\\/#\\\/schema\\\/logo\\\/image\\\/\",\"url\":\"https:\\\/\\\/www.upjs.sk\\\/app\\\/uploads\\\/sites\\\/9\\\/2022\\\/09\\\/logo-lekarska-fakulta.png\",\"contentUrl\":\"https:\\\/\\\/www.upjs.sk\\\/app\\\/uploads\\\/sites\\\/9\\\/2022\\\/09\\\/logo-lekarska-fakulta.png\",\"width\":415,\"height\":87,\"caption\":\"Lek\u00e1rska fakulta | UPJ\u0160\"},\"image\":{\"@id\":\"https:\\\/\\\/www.upjs.sk\\\/lekarska-fakulta\\\/#\\\/schema\\\/logo\\\/image\\\/\"}}]}<\/script>\n<!-- \/ Yoast SEO plugin. -->","yoast_head_json":{"title":"Oznam pre LEK\u00c1ROV a ZUBN\u00ddCH LEK\u00c1ROV - Lek\u00e1rska fakulta | UPJ\u0160","robots":{"index":"index","follow":"follow","max-snippet":"max-snippet:-1","max-image-preview":"max-image-preview:large","max-video-preview":"max-video-preview:-1"},"canonical":"https:\/\/www.upjs.sk\/lekarska-fakulta\/studenti-lf\/dalsie-vzdelavanie\/dolezite-oznamy\/oznam-pre-lekarov\/","og_locale":"sk_SK","og_type":"article","og_title":"Oznam pre LEK\u00c1ROV a ZUBN\u00ddCH LEK\u00c1ROV - Lek\u00e1rska fakulta | UPJ\u0160","og_description":"1.\u00a0D\u00f4le\u017eit\u00fd oznam \u2013 pre LEK\u00c1ROV a ZUBN\u00ddCH LEK\u00c1ROV V\u00e1\u017een\u00ed uch\u00e1dza\u010di o zaradenie do \u010fal\u0161ieho vzdel\u00e1vania na UPJ\u0160 LF, 2.&nbsp;D\u00f4le\u017eit\u00fd oznam \u2013 pre LEK\u00c1ROV a ZUBN\u00ddCH LEK\u00c1ROV \u0160pecializa\u010dn\u00e1 sk\u00fa\u0161ka:Na sk\u00fa\u0161ku sa \u00fa\u010dastn\u00edk hl\u00e1si prihl\u00e1\u0161kou na \u0161pecializa\u010dn\u00fa sk\u00fa\u0161ku, ktor\u00e1 je zverejnen\u00e1 na webovej str\u00e1nke fakulty, a to po splnen\u00ed v\u0161etk\u00fdch po\u017eadovan\u00fdch krit\u00e9ri\u00ed,\u00a0najnesk\u00f4r 2 mesiace pred term\u00ednom sk\u00fa\u0161ky!\u0160tudijn\u00fd &hellip; \u010c\u00edta\u0165 \u010falej","og_url":"https:\/\/www.upjs.sk\/lekarska-fakulta\/studenti-lf\/dalsie-vzdelavanie\/dolezite-oznamy\/oznam-pre-lekarov\/","og_site_name":"Lek\u00e1rska fakulta | UPJ\u0160","article_modified_time":"2023-02-04T07:54:15+00:00","twitter_card":"summary_large_image","twitter_misc":{"Predpokladan\u00fd \u010das \u010d\u00edtania":"2 min\u00faty"},"schema":{"@context":"https:\/\/schema.org","@graph":[{"@type":"WebPage","@id":"https:\/\/www.upjs.sk\/lekarska-fakulta\/studenti-lf\/dalsie-vzdelavanie\/dolezite-oznamy\/oznam-pre-lekarov\/","url":"https:\/\/www.upjs.sk\/lekarska-fakulta\/studenti-lf\/dalsie-vzdelavanie\/dolezite-oznamy\/oznam-pre-lekarov\/","name":"Oznam pre LEK\u00c1ROV a ZUBN\u00ddCH LEK\u00c1ROV - Lek\u00e1rska fakulta | UPJ\u0160","isPartOf":{"@id":"https:\/\/www.upjs.sk\/lekarska-fakulta\/#website"},"datePublished":"2023-02-04T07:25:31+00:00","dateModified":"2023-02-04T07:54:15+00:00","breadcrumb":{"@id":"https:\/\/www.upjs.sk\/lekarska-fakulta\/studenti-lf\/dalsie-vzdelavanie\/dolezite-oznamy\/oznam-pre-lekarov\/#breadcrumb"},"inLanguage":"sk-SK","potentialAction":[{"@type":"ReadAction","target":["https:\/\/www.upjs.sk\/lekarska-fakulta\/studenti-lf\/dalsie-vzdelavanie\/dolezite-oznamy\/oznam-pre-lekarov\/"]}]},{"@type":"BreadcrumbList","@id":"https:\/\/www.upjs.sk\/lekarska-fakulta\/studenti-lf\/dalsie-vzdelavanie\/dolezite-oznamy\/oznam-pre-lekarov\/#breadcrumb","itemListElement":[{"@type":"ListItem","position":1,"name":"Home","item":"https:\/\/www.upjs.sk\/lekarska-fakulta\/"},{"@type":"ListItem","position":2,"name":"\u0160tudenti","item":"https:\/\/www.upjs.sk\/lekarska-fakulta\/studenti-lf\/"},{"@type":"ListItem","position":3,"name":"\u010eal\u0161ie vzdel\u00e1vanie zdravotn\u00edckych pracovn\u00edkov","item":"https:\/\/www.upjs.sk\/lekarska-fakulta\/studenti-lf\/dalsie-vzdelavanie\/"},{"@type":"ListItem","position":4,"name":"D\u00f4le\u017eit\u00e9 oznamy","item":"https:\/\/www.upjs.sk\/lekarska-fakulta\/studenti-lf\/dalsie-vzdelavanie\/dolezite-oznamy\/"},{"@type":"ListItem","position":5,"name":"Oznam pre LEK\u00c1ROV a ZUBN\u00ddCH LEK\u00c1ROV"}]},{"@type":"WebSite","@id":"https:\/\/www.upjs.sk\/lekarska-fakulta\/#website","url":"https:\/\/www.upjs.sk\/lekarska-fakulta\/","name":"Lek\u00e1rska fakulta | UPJ\u0160","description":"","publisher":{"@id":"https:\/\/www.upjs.sk\/lekarska-fakulta\/#organization"},"potentialAction":[{"@type":"SearchAction","target":{"@type":"EntryPoint","urlTemplate":"https:\/\/www.upjs.sk\/lekarska-fakulta\/?s={search_term_string}"},"query-input":{"@type":"PropertyValueSpecification","valueRequired":true,"valueName":"search_term_string"}}],"inLanguage":"sk-SK"},{"@type":"Organization","@id":"https:\/\/www.upjs.sk\/lekarska-fakulta\/#organization","name":"Lek\u00e1rska fakulta | UPJ\u0160","url":"https:\/\/www.upjs.sk\/lekarska-fakulta\/","logo":{"@type":"ImageObject","inLanguage":"sk-SK","@id":"https:\/\/www.upjs.sk\/lekarska-fakulta\/#\/schema\/logo\/image\/","url":"https:\/\/www.upjs.sk\/app\/uploads\/sites\/9\/2022\/09\/logo-lekarska-fakulta.png","contentUrl":"https:\/\/www.upjs.sk\/app\/uploads\/sites\/9\/2022\/09\/logo-lekarska-fakulta.png","width":415,"height":87,"caption":"Lek\u00e1rska fakulta | UPJ\u0160"},"image":{"@id":"https:\/\/www.upjs.sk\/lekarska-fakulta\/#\/schema\/logo\/image\/"}}]}},"_links":{"self":[{"href":"https:\/\/www.upjs.sk\/lekarska-fakulta\/wp-json\/wp\/v2\/pages\/15537","targetHints":{"allow":["GET"]}}],"collection":[{"href":"https:\/\/www.upjs.sk\/lekarska-fakulta\/wp-json\/wp\/v2\/pages"}],"about":[{"href":"https:\/\/www.upjs.sk\/lekarska-fakulta\/wp-json\/wp\/v2\/types\/page"}],"author":[{"embeddable":true,"href":"https:\/\/www.upjs.sk\/lekarska-fakulta\/wp-json\/wp\/v2\/users\/1"}],"replies":[{"embeddable":true,"href":"https:\/\/www.upjs.sk\/lekarska-fakulta\/wp-json\/wp\/v2\/comments?post=15537"}],"version-history":[{"count":6,"href":"https:\/\/www.upjs.sk\/lekarska-fakulta\/wp-json\/wp\/v2\/pages\/15537\/revisions"}],"predecessor-version":[{"id":76274,"href":"https:\/\/www.upjs.sk\/lekarska-fakulta\/wp-json\/wp\/v2\/pages\/15537\/revisions\/76274"}],"up":[{"embeddable":true,"href":"https:\/\/www.upjs.sk\/lekarska-fakulta\/wp-json\/wp\/v2\/pages\/15536"}],"wp:attachment":[{"href":"https:\/\/www.upjs.sk\/lekarska-fakulta\/wp-json\/wp\/v2\/media?parent=15537"}],"wp:term":[{"taxonomy":"category","embeddable":true,"href":"https:\/\/www.upjs.sk\/lekarska-fakulta\/wp-json\/wp\/v2\/categories?post=15537"},{"taxonomy":"post_tag","embeddable":true,"href":"https:\/\/www.upjs.sk\/lekarska-fakulta\/wp-json\/wp\/v2\/tags?post=15537"}],"curies":[{"name":"wp","href":"https:\/\/api.w.org\/{rel}","templated":true}]}}