{"id":15541,"date":"2023-02-04T09:13:04","date_gmt":"2023-02-04T08:13:04","guid":{"rendered":"https:\/\/www.upjs.sk\/lekarska-fakulta\/studium-na-fakulte\/dalsie-vzdelavanie\/materska-dovolenka\/"},"modified":"2023-02-05T01:33:07","modified_gmt":"2023-02-05T00:33:07","slug":"prerusenie-dalsieho-vzdelavania","status":"publish","type":"page","link":"https:\/\/www.upjs.sk\/lekarska-fakulta\/studenti-lf\/dalsie-vzdelavanie\/dolezite-oznamy\/prerusenie-dalsieho-vzdelavania\/","title":{"rendered":"Preru\u0161enie \u010fal\u0161ieho vzdel\u00e1vania"},"content":{"rendered":"<style>.wp-block-kadence-advancedheading.kt-adv-heading_c0bbc6-2a, .wp-block-kadence-advancedheading.kt-adv-heading_c0bbc6-2a[data-kb-block=\"kb-adv-heading_c0bbc6-2a\"]{font-style:normal;}.wp-block-kadence-advancedheading.kt-adv-heading_c0bbc6-2a mark.kt-highlight, .wp-block-kadence-advancedheading.kt-adv-heading_c0bbc6-2a[data-kb-block=\"kb-adv-heading_c0bbc6-2a\"] mark.kt-highlight{font-style:normal;color:#f76a0c;-webkit-box-decoration-break:clone;box-decoration-break:clone;padding-top:0px;padding-right:0px;padding-bottom:0px;padding-left:0px;}<\/style>\n<h4 class=\"kt-adv-heading_c0bbc6-2a wp-block-kadence-advancedheading\" data-kb-block=\"kb-adv-heading_c0bbc6-2a\"><strong>Preru\u0161enie \u010fal\u0161ieho vzdel\u00e1vania &#8211; matersk\u00e1 a&nbsp;rodi\u010dovsk\u00e1 dovolenka, do\u010dasn\u00e1 PN, in\u00fd d\u00f4vod<\/strong><\/h4>\n\n\n\n<p>Do \u0161pecializa\u010dn\u00e9ho \u0161t\u00fadia <strong><u>sa nezapo\u010d\u00edtava<\/u><\/strong> obdobie do\u010dasnej pracovnej neschopnosti, materskej dovolenky a rodi\u010dovskej dovolenky, pracovn\u00e9ho vo\u013ena bez n\u00e1hrady mzdy&nbsp;a v\u00fdkonu \u0161pecializovan\u00fdch pracovn\u00fdch \u010dinnost\u00ed nad rozsah ustanoven\u00e9ho t\u00fd\u017edenn\u00e9ho pracovn\u00e9ho \u010dasu.<br>\u00a7 71 ods. 2 NV SR 296\/2010 Z. z. v&nbsp;znen\u00ed neskor\u0161\u00edch predpisov<\/p>\n\n\n\n<p>Z&nbsp;uveden\u00e9ho vypl\u00fdva, \u017ee <strong>po\u010das preru\u0161en\u00e9ho \u010fal\u0161ieho vzdel\u00e1vania:<\/strong><\/p>\n\n\n\n<ol class=\"wp-block-list\">\n<li>nem\u00f4\u017eete absolvova\u0165 teoretick\u00fa \u010das\u0165 vzdel\u00e1vania \u2013 <strong>nie je mo\u017en\u00e9 prihlasova\u0165 sa na kurzy<\/strong><\/li>\n\n\n\n<li>nem\u00f4\u017eete absolvova\u0165 praktick\u00fa \u010das\u0165 vzdel\u00e1vania \u2013 <strong>nie je mo\u017en\u00e9 uzna\u0165 odborn\u00fa prax a&nbsp;zdravotn\u00e9 v\u00fdkony<\/strong><\/li>\n<\/ol>\n","protected":false},"excerpt":{"rendered":"<p>Preru\u0161enie \u010fal\u0161ieho vzdel\u00e1vania &#8211; matersk\u00e1 a&nbsp;rodi\u010dovsk\u00e1 dovolenka, do\u010dasn\u00e1 PN, in\u00fd d\u00f4vod Do \u0161pecializa\u010dn\u00e9ho \u0161t\u00fadia sa nezapo\u010d\u00edtava obdobie do\u010dasnej pracovnej neschopnosti, materskej dovolenky a rodi\u010dovskej dovolenky, pracovn\u00e9ho vo\u013ena bez n\u00e1hrady mzdy&nbsp;a v\u00fdkonu \u0161pecializovan\u00fdch pracovn\u00fdch \u010dinnost\u00ed nad rozsah ustanoven\u00e9ho t\u00fd\u017edenn\u00e9ho pracovn\u00e9ho \u010dasu.\u00a7 71 ods. 2 NV SR 296\/2010 Z. z. v&nbsp;znen\u00ed neskor\u0161\u00edch predpisov Z&nbsp;uveden\u00e9ho vypl\u00fdva, \u017ee po\u010das &hellip; <a href=\"https:\/\/www.upjs.sk\/lekarska-fakulta\/studenti-lf\/dalsie-vzdelavanie\/dolezite-oznamy\/prerusenie-dalsieho-vzdelavania\/\">\u010c\u00edta\u0165 \u010falej<\/a><\/p>\n","protected":false},"author":1,"featured_media":0,"parent":15536,"menu_order":4,"comment_status":"closed","ping_status":"closed","template":"","meta":{"_acf_changed":false,"_editorskit_title_hidden":false,"_editorskit_reading_time":1,"_editorskit_is_block_options_detached":false,"_editorskit_block_options_position":"{}","footnotes":""},"categories":[],"tags":[],"class_list":["post-15541","page","type-page","status-publish","hentry"],"acf":{"acf_link_na_externy_obsah":""},"yoast_head":"<!-- This site is optimized with the Yoast SEO plugin v27.4 - https:\/\/yoast.com\/product\/yoast-seo-wordpress\/ -->\n<title>Preru\u0161enie \u010fal\u0161ieho vzdel\u00e1vania - Lek\u00e1rska fakulta | UPJ\u0160<\/title>\n<meta name=\"robots\" content=\"index, follow, max-snippet:-1, max-image-preview:large, max-video-preview:-1\" \/>\n<link rel=\"canonical\" href=\"https:\/\/www.upjs.sk\/lekarska-fakulta\/studenti-lf\/dalsie-vzdelavanie\/dolezite-oznamy\/prerusenie-dalsieho-vzdelavania\/\" \/>\n<meta property=\"og:locale\" content=\"sk_SK\" \/>\n<meta property=\"og:type\" content=\"article\" \/>\n<meta property=\"og:title\" content=\"Preru\u0161enie \u010fal\u0161ieho vzdel\u00e1vania - Lek\u00e1rska fakulta | UPJ\u0160\" \/>\n<meta property=\"og:description\" content=\"Preru\u0161enie \u010fal\u0161ieho vzdel\u00e1vania &#8211; matersk\u00e1 a&nbsp;rodi\u010dovsk\u00e1 dovolenka, do\u010dasn\u00e1 PN, in\u00fd d\u00f4vod Do \u0161pecializa\u010dn\u00e9ho \u0161t\u00fadia sa nezapo\u010d\u00edtava obdobie do\u010dasnej pracovnej neschopnosti, materskej dovolenky a rodi\u010dovskej dovolenky, pracovn\u00e9ho vo\u013ena bez n\u00e1hrady mzdy&nbsp;a v\u00fdkonu \u0161pecializovan\u00fdch pracovn\u00fdch \u010dinnost\u00ed nad rozsah ustanoven\u00e9ho t\u00fd\u017edenn\u00e9ho pracovn\u00e9ho \u010dasu.\u00a7 71 ods. 2 NV SR 296\/2010 Z. z. v&nbsp;znen\u00ed neskor\u0161\u00edch predpisov Z&nbsp;uveden\u00e9ho vypl\u00fdva, \u017ee po\u010das &hellip; \u010c\u00edta\u0165 \u010falej\" \/>\n<meta property=\"og:url\" content=\"https:\/\/www.upjs.sk\/lekarska-fakulta\/studenti-lf\/dalsie-vzdelavanie\/dolezite-oznamy\/prerusenie-dalsieho-vzdelavania\/\" \/>\n<meta property=\"og:site_name\" content=\"Lek\u00e1rska fakulta | UPJ\u0160\" \/>\n<meta property=\"article:modified_time\" content=\"2023-02-05T00:33:07+00:00\" \/>\n<meta name=\"twitter:card\" content=\"summary_large_image\" \/>\n<meta name=\"twitter:label1\" content=\"Predpokladan\u00fd \u010das \u010d\u00edtania\" \/>\n\t<meta name=\"twitter:data1\" content=\"1 min\u00fata\" \/>\n<script type=\"application\/ld+json\" class=\"yoast-schema-graph\">{\"@context\":\"https:\\\/\\\/schema.org\",\"@graph\":[{\"@type\":\"WebPage\",\"@id\":\"https:\\\/\\\/www.upjs.sk\\\/lekarska-fakulta\\\/studenti-lf\\\/dalsie-vzdelavanie\\\/dolezite-oznamy\\\/prerusenie-dalsieho-vzdelavania\\\/\",\"url\":\"https:\\\/\\\/www.upjs.sk\\\/lekarska-fakulta\\\/studenti-lf\\\/dalsie-vzdelavanie\\\/dolezite-oznamy\\\/prerusenie-dalsieho-vzdelavania\\\/\",\"name\":\"Preru\u0161enie \u010fal\u0161ieho vzdel\u00e1vania - Lek\u00e1rska fakulta | UPJ\u0160\",\"isPartOf\":{\"@id\":\"https:\\\/\\\/www.upjs.sk\\\/lekarska-fakulta\\\/#website\"},\"datePublished\":\"2023-02-04T08:13:04+00:00\",\"dateModified\":\"2023-02-05T00:33:07+00:00\",\"breadcrumb\":{\"@id\":\"https:\\\/\\\/www.upjs.sk\\\/lekarska-fakulta\\\/studenti-lf\\\/dalsie-vzdelavanie\\\/dolezite-oznamy\\\/prerusenie-dalsieho-vzdelavania\\\/#breadcrumb\"},\"inLanguage\":\"sk-SK\",\"potentialAction\":[{\"@type\":\"ReadAction\",\"target\":[\"https:\\\/\\\/www.upjs.sk\\\/lekarska-fakulta\\\/studenti-lf\\\/dalsie-vzdelavanie\\\/dolezite-oznamy\\\/prerusenie-dalsieho-vzdelavania\\\/\"]}]},{\"@type\":\"BreadcrumbList\",\"@id\":\"https:\\\/\\\/www.upjs.sk\\\/lekarska-fakulta\\\/studenti-lf\\\/dalsie-vzdelavanie\\\/dolezite-oznamy\\\/prerusenie-dalsieho-vzdelavania\\\/#breadcrumb\",\"itemListElement\":[{\"@type\":\"ListItem\",\"position\":1,\"name\":\"Home\",\"item\":\"https:\\\/\\\/www.upjs.sk\\\/lekarska-fakulta\\\/\"},{\"@type\":\"ListItem\",\"position\":2,\"name\":\"\u0160tudenti\",\"item\":\"https:\\\/\\\/www.upjs.sk\\\/lekarska-fakulta\\\/studenti-lf\\\/\"},{\"@type\":\"ListItem\",\"position\":3,\"name\":\"\u010eal\u0161ie vzdel\u00e1vanie zdravotn\u00edckych pracovn\u00edkov\",\"item\":\"https:\\\/\\\/www.upjs.sk\\\/lekarska-fakulta\\\/studenti-lf\\\/dalsie-vzdelavanie\\\/\"},{\"@type\":\"ListItem\",\"position\":4,\"name\":\"D\u00f4le\u017eit\u00e9 oznamy\",\"item\":\"https:\\\/\\\/www.upjs.sk\\\/lekarska-fakulta\\\/studenti-lf\\\/dalsie-vzdelavanie\\\/dolezite-oznamy\\\/\"},{\"@type\":\"ListItem\",\"position\":5,\"name\":\"Preru\u0161enie \u010fal\u0161ieho vzdel\u00e1vania\"}]},{\"@type\":\"WebSite\",\"@id\":\"https:\\\/\\\/www.upjs.sk\\\/lekarska-fakulta\\\/#website\",\"url\":\"https:\\\/\\\/www.upjs.sk\\\/lekarska-fakulta\\\/\",\"name\":\"Lek\u00e1rska fakulta | UPJ\u0160\",\"description\":\"\",\"publisher\":{\"@id\":\"https:\\\/\\\/www.upjs.sk\\\/lekarska-fakulta\\\/#organization\"},\"potentialAction\":[{\"@type\":\"SearchAction\",\"target\":{\"@type\":\"EntryPoint\",\"urlTemplate\":\"https:\\\/\\\/www.upjs.sk\\\/lekarska-fakulta\\\/?s={search_term_string}\"},\"query-input\":{\"@type\":\"PropertyValueSpecification\",\"valueRequired\":true,\"valueName\":\"search_term_string\"}}],\"inLanguage\":\"sk-SK\"},{\"@type\":\"Organization\",\"@id\":\"https:\\\/\\\/www.upjs.sk\\\/lekarska-fakulta\\\/#organization\",\"name\":\"Lek\u00e1rska fakulta | UPJ\u0160\",\"url\":\"https:\\\/\\\/www.upjs.sk\\\/lekarska-fakulta\\\/\",\"logo\":{\"@type\":\"ImageObject\",\"inLanguage\":\"sk-SK\",\"@id\":\"https:\\\/\\\/www.upjs.sk\\\/lekarska-fakulta\\\/#\\\/schema\\\/logo\\\/image\\\/\",\"url\":\"https:\\\/\\\/www.upjs.sk\\\/app\\\/uploads\\\/sites\\\/9\\\/2022\\\/09\\\/logo-lekarska-fakulta.png\",\"contentUrl\":\"https:\\\/\\\/www.upjs.sk\\\/app\\\/uploads\\\/sites\\\/9\\\/2022\\\/09\\\/logo-lekarska-fakulta.png\",\"width\":415,\"height\":87,\"caption\":\"Lek\u00e1rska fakulta | UPJ\u0160\"},\"image\":{\"@id\":\"https:\\\/\\\/www.upjs.sk\\\/lekarska-fakulta\\\/#\\\/schema\\\/logo\\\/image\\\/\"}}]}<\/script>\n<!-- \/ Yoast SEO plugin. -->","yoast_head_json":{"title":"Preru\u0161enie \u010fal\u0161ieho vzdel\u00e1vania - Lek\u00e1rska fakulta | UPJ\u0160","robots":{"index":"index","follow":"follow","max-snippet":"max-snippet:-1","max-image-preview":"max-image-preview:large","max-video-preview":"max-video-preview:-1"},"canonical":"https:\/\/www.upjs.sk\/lekarska-fakulta\/studenti-lf\/dalsie-vzdelavanie\/dolezite-oznamy\/prerusenie-dalsieho-vzdelavania\/","og_locale":"sk_SK","og_type":"article","og_title":"Preru\u0161enie \u010fal\u0161ieho vzdel\u00e1vania - Lek\u00e1rska fakulta | UPJ\u0160","og_description":"Preru\u0161enie \u010fal\u0161ieho vzdel\u00e1vania &#8211; matersk\u00e1 a&nbsp;rodi\u010dovsk\u00e1 dovolenka, do\u010dasn\u00e1 PN, in\u00fd d\u00f4vod Do \u0161pecializa\u010dn\u00e9ho \u0161t\u00fadia sa nezapo\u010d\u00edtava obdobie do\u010dasnej pracovnej neschopnosti, materskej dovolenky a rodi\u010dovskej dovolenky, pracovn\u00e9ho vo\u013ena bez n\u00e1hrady mzdy&nbsp;a v\u00fdkonu \u0161pecializovan\u00fdch pracovn\u00fdch \u010dinnost\u00ed nad rozsah ustanoven\u00e9ho t\u00fd\u017edenn\u00e9ho pracovn\u00e9ho \u010dasu.\u00a7 71 ods. 2 NV SR 296\/2010 Z. z. v&nbsp;znen\u00ed neskor\u0161\u00edch predpisov Z&nbsp;uveden\u00e9ho vypl\u00fdva, \u017ee po\u010das &hellip; \u010c\u00edta\u0165 \u010falej","og_url":"https:\/\/www.upjs.sk\/lekarska-fakulta\/studenti-lf\/dalsie-vzdelavanie\/dolezite-oznamy\/prerusenie-dalsieho-vzdelavania\/","og_site_name":"Lek\u00e1rska fakulta | UPJ\u0160","article_modified_time":"2023-02-05T00:33:07+00:00","twitter_card":"summary_large_image","twitter_misc":{"Predpokladan\u00fd \u010das \u010d\u00edtania":"1 min\u00fata"},"schema":{"@context":"https:\/\/schema.org","@graph":[{"@type":"WebPage","@id":"https:\/\/www.upjs.sk\/lekarska-fakulta\/studenti-lf\/dalsie-vzdelavanie\/dolezite-oznamy\/prerusenie-dalsieho-vzdelavania\/","url":"https:\/\/www.upjs.sk\/lekarska-fakulta\/studenti-lf\/dalsie-vzdelavanie\/dolezite-oznamy\/prerusenie-dalsieho-vzdelavania\/","name":"Preru\u0161enie \u010fal\u0161ieho vzdel\u00e1vania - Lek\u00e1rska fakulta | UPJ\u0160","isPartOf":{"@id":"https:\/\/www.upjs.sk\/lekarska-fakulta\/#website"},"datePublished":"2023-02-04T08:13:04+00:00","dateModified":"2023-02-05T00:33:07+00:00","breadcrumb":{"@id":"https:\/\/www.upjs.sk\/lekarska-fakulta\/studenti-lf\/dalsie-vzdelavanie\/dolezite-oznamy\/prerusenie-dalsieho-vzdelavania\/#breadcrumb"},"inLanguage":"sk-SK","potentialAction":[{"@type":"ReadAction","target":["https:\/\/www.upjs.sk\/lekarska-fakulta\/studenti-lf\/dalsie-vzdelavanie\/dolezite-oznamy\/prerusenie-dalsieho-vzdelavania\/"]}]},{"@type":"BreadcrumbList","@id":"https:\/\/www.upjs.sk\/lekarska-fakulta\/studenti-lf\/dalsie-vzdelavanie\/dolezite-oznamy\/prerusenie-dalsieho-vzdelavania\/#breadcrumb","itemListElement":[{"@type":"ListItem","position":1,"name":"Home","item":"https:\/\/www.upjs.sk\/lekarska-fakulta\/"},{"@type":"ListItem","position":2,"name":"\u0160tudenti","item":"https:\/\/www.upjs.sk\/lekarska-fakulta\/studenti-lf\/"},{"@type":"ListItem","position":3,"name":"\u010eal\u0161ie vzdel\u00e1vanie zdravotn\u00edckych pracovn\u00edkov","item":"https:\/\/www.upjs.sk\/lekarska-fakulta\/studenti-lf\/dalsie-vzdelavanie\/"},{"@type":"ListItem","position":4,"name":"D\u00f4le\u017eit\u00e9 oznamy","item":"https:\/\/www.upjs.sk\/lekarska-fakulta\/studenti-lf\/dalsie-vzdelavanie\/dolezite-oznamy\/"},{"@type":"ListItem","position":5,"name":"Preru\u0161enie \u010fal\u0161ieho vzdel\u00e1vania"}]},{"@type":"WebSite","@id":"https:\/\/www.upjs.sk\/lekarska-fakulta\/#website","url":"https:\/\/www.upjs.sk\/lekarska-fakulta\/","name":"Lek\u00e1rska fakulta | UPJ\u0160","description":"","publisher":{"@id":"https:\/\/www.upjs.sk\/lekarska-fakulta\/#organization"},"potentialAction":[{"@type":"SearchAction","target":{"@type":"EntryPoint","urlTemplate":"https:\/\/www.upjs.sk\/lekarska-fakulta\/?s={search_term_string}"},"query-input":{"@type":"PropertyValueSpecification","valueRequired":true,"valueName":"search_term_string"}}],"inLanguage":"sk-SK"},{"@type":"Organization","@id":"https:\/\/www.upjs.sk\/lekarska-fakulta\/#organization","name":"Lek\u00e1rska fakulta | UPJ\u0160","url":"https:\/\/www.upjs.sk\/lekarska-fakulta\/","logo":{"@type":"ImageObject","inLanguage":"sk-SK","@id":"https:\/\/www.upjs.sk\/lekarska-fakulta\/#\/schema\/logo\/image\/","url":"https:\/\/www.upjs.sk\/app\/uploads\/sites\/9\/2022\/09\/logo-lekarska-fakulta.png","contentUrl":"https:\/\/www.upjs.sk\/app\/uploads\/sites\/9\/2022\/09\/logo-lekarska-fakulta.png","width":415,"height":87,"caption":"Lek\u00e1rska fakulta | UPJ\u0160"},"image":{"@id":"https:\/\/www.upjs.sk\/lekarska-fakulta\/#\/schema\/logo\/image\/"}}]}},"_links":{"self":[{"href":"https:\/\/www.upjs.sk\/lekarska-fakulta\/wp-json\/wp\/v2\/pages\/15541","targetHints":{"allow":["GET"]}}],"collection":[{"href":"https:\/\/www.upjs.sk\/lekarska-fakulta\/wp-json\/wp\/v2\/pages"}],"about":[{"href":"https:\/\/www.upjs.sk\/lekarska-fakulta\/wp-json\/wp\/v2\/types\/page"}],"author":[{"embeddable":true,"href":"https:\/\/www.upjs.sk\/lekarska-fakulta\/wp-json\/wp\/v2\/users\/1"}],"replies":[{"embeddable":true,"href":"https:\/\/www.upjs.sk\/lekarska-fakulta\/wp-json\/wp\/v2\/comments?post=15541"}],"version-history":[{"count":4,"href":"https:\/\/www.upjs.sk\/lekarska-fakulta\/wp-json\/wp\/v2\/pages\/15541\/revisions"}],"predecessor-version":[{"id":76317,"href":"https:\/\/www.upjs.sk\/lekarska-fakulta\/wp-json\/wp\/v2\/pages\/15541\/revisions\/76317"}],"up":[{"embeddable":true,"href":"https:\/\/www.upjs.sk\/lekarska-fakulta\/wp-json\/wp\/v2\/pages\/15536"}],"wp:attachment":[{"href":"https:\/\/www.upjs.sk\/lekarska-fakulta\/wp-json\/wp\/v2\/media?parent=15541"}],"wp:term":[{"taxonomy":"category","embeddable":true,"href":"https:\/\/www.upjs.sk\/lekarska-fakulta\/wp-json\/wp\/v2\/categories?post=15541"},{"taxonomy":"post_tag","embeddable":true,"href":"https:\/\/www.upjs.sk\/lekarska-fakulta\/wp-json\/wp\/v2\/tags?post=15541"}],"curies":[{"name":"wp","href":"https:\/\/api.w.org\/{rel}","templated":true}]}}