{"id":15542,"date":"2023-02-05T11:29:03","date_gmt":"2023-02-05T10:29:03","guid":{"rendered":"https:\/\/www.upjs.sk\/lekarska-fakulta\/studium-na-fakulte\/dalsie-vzdelavanie\/rezidentske\/"},"modified":"2025-09-19T09:57:57","modified_gmt":"2025-09-19T08:57:57","slug":"rezidentske","status":"publish","type":"page","link":"https:\/\/www.upjs.sk\/lekarska-fakulta\/studenti-lf\/dalsie-vzdelavanie\/rezidentske\/","title":{"rendered":"Rezidentsk\u00e9 \u0161t\u00fadium"},"content":{"rendered":"\n<p class=\"has-text-align-center\"><\/p>\n\n\n<style>.wp-block-kadence-spacer.kt-block-spacer-15542_5352c0-03 .kt-block-spacer{height:30px;}.wp-block-kadence-spacer.kt-block-spacer-15542_5352c0-03 .kt-divider{border-top-width:6px;border-top-color:#C92432;width:10%;border-top-style:dotted;}<\/style>\n<div class=\"wp-block-kadence-spacer aligncenter kt-block-spacer-15542_5352c0-03\"><div class=\"kt-block-spacer kt-block-spacer-halign-center\"><hr class=\"kt-divider\"\/><\/div><\/div>\n\n\n\n<p><strong>Univerzita P. Jozefa \u0160af\u00e1rika v\u00a0Ko\u0161iciach, Lek\u00e1rska fakulta, pokra\u010duje v realiz\u00e1cii rezidentsk\u00e9ho \u0161t\u00fadia.<\/strong><\/p>\n\n\n<style>.wp-block-kadence-advancedheading.kt-adv-heading15542_87a68d-1d, .wp-block-kadence-advancedheading.kt-adv-heading15542_87a68d-1d[data-kb-block=\"kb-adv-heading15542_87a68d-1d\"]{font-style:normal;}.wp-block-kadence-advancedheading.kt-adv-heading15542_87a68d-1d mark.kt-highlight, .wp-block-kadence-advancedheading.kt-adv-heading15542_87a68d-1d[data-kb-block=\"kb-adv-heading15542_87a68d-1d\"] mark.kt-highlight{font-style:normal;color:#f76a0c;-webkit-box-decoration-break:clone;box-decoration-break:clone;padding-top:0px;padding-right:0px;padding-bottom:0px;padding-left:0px;}<\/style>\n<p class=\"kt-adv-heading15542_87a68d-1d wp-block-kadence-advancedheading\" data-kb-block=\"kb-adv-heading15542_87a68d-1d\"><strong>ZOZNAM \u0160PECIALIZA\u010cN\u00ddCH ODBOROV ZARADEN\u00ddCH DO REZIDENTSK\u00c9HO \u0160T\u00daDIA PRE V\u0160ETKY SAMOSPR\u00c1VNE KRAJE \u2013 ur\u010den\u00e9 MZ SR:<\/strong><\/p>\n\n\n<style>.wp-block-kadence-advancedheading.kt-adv-heading15542_16a9a2-6a, .wp-block-kadence-advancedheading.kt-adv-heading15542_16a9a2-6a[data-kb-block=\"kb-adv-heading15542_16a9a2-6a\"]{font-style:normal;}.wp-block-kadence-advancedheading.kt-adv-heading15542_16a9a2-6a mark.kt-highlight, .wp-block-kadence-advancedheading.kt-adv-heading15542_16a9a2-6a[data-kb-block=\"kb-adv-heading15542_16a9a2-6a\"] mark.kt-highlight{font-style:normal;color:#f76a0c;-webkit-box-decoration-break:clone;box-decoration-break:clone;padding-top:0px;padding-right:0px;padding-bottom:0px;padding-left:0px;}<\/style>\n<p class=\"kt-adv-heading15542_16a9a2-6a wp-block-kadence-advancedheading\" data-kb-block=\"kb-adv-heading15542_16a9a2-6a\"><strong><a href=\"https:\/\/www.health.gov.sk\/?rezidenti-specializacne-odbory-podla-samospravnych-krajov\">https:\/\/www.health.gov.sk\/?rezidenti-specializacne-odbory-podla-samospravnych-krajov<\/a><\/strong><\/p>\n\n\n<style>.wp-block-kadence-advancedheading.kt-adv-heading15542_c60977-f7, .wp-block-kadence-advancedheading.kt-adv-heading15542_c60977-f7[data-kb-block=\"kb-adv-heading15542_c60977-f7\"]{font-style:normal;}.wp-block-kadence-advancedheading.kt-adv-heading15542_c60977-f7 mark.kt-highlight, .wp-block-kadence-advancedheading.kt-adv-heading15542_c60977-f7[data-kb-block=\"kb-adv-heading15542_c60977-f7\"] mark.kt-highlight{font-style:normal;color:#f76a0c;-webkit-box-decoration-break:clone;box-decoration-break:clone;padding-top:0px;padding-right:0px;padding-bottom:0px;padding-left:0px;}<\/style>\n<p class=\"kt-adv-heading15542_c60977-f7 wp-block-kadence-advancedheading\" data-kb-block=\"kb-adv-heading15542_c60977-f7\">Zaradenie do rezidentsk\u00e9ho \u0161t\u00fadia je mo\u017en\u00e9 k\u00a01.2. <em>(pod\u00e1vanie \u017eiadost\u00ed do konca janu\u00e1ra)<\/em> alebo k\u00a01.10. <em>(pod\u00e1vanie \u017eiadost\u00ed do konca septembra)<\/em>. <strong>Preh\u013ead akreditovan\u00fdch \u0161pecializa\u010dn\u00fdch \u0161tudijn\u00fdch programov akreditovan\u00fdch na UPJ\u0160 LF:<\/strong><\/p>\n\n\n<style>.wp-block-kadence-advancedheading.kt-adv-heading15542_91bb0f-34, .wp-block-kadence-advancedheading.kt-adv-heading15542_91bb0f-34[data-kb-block=\"kb-adv-heading15542_91bb0f-34\"]{font-style:normal;}.wp-block-kadence-advancedheading.kt-adv-heading15542_91bb0f-34 mark.kt-highlight, .wp-block-kadence-advancedheading.kt-adv-heading15542_91bb0f-34[data-kb-block=\"kb-adv-heading15542_91bb0f-34\"] mark.kt-highlight{font-style:normal;color:#f76a0c;-webkit-box-decoration-break:clone;box-decoration-break:clone;padding-top:0px;padding-right:0px;padding-bottom:0px;padding-left:0px;}<\/style>\n<p class=\"kt-adv-heading15542_91bb0f-34 wp-block-kadence-advancedheading\" data-kb-block=\"kb-adv-heading15542_91bb0f-34\"><a href=\"https:\/\/www.upjs.sk\/lekarska-fakulta\/studenti-lf\/dalsie-vzdelavanie\/programy\/prehlad-specializacnych-programov\/\">https:\/\/www.upjs.sk\/lekarska-fakulta\/studenti-lf\/dalsie-vzdelavanie\/programy\/prehlad-specializacnych-programov\/<\/a><\/p>\n\n\n<style>.wp-block-kadence-advancedheading.kt-adv-heading15542_dee20d-16, .wp-block-kadence-advancedheading.kt-adv-heading15542_dee20d-16[data-kb-block=\"kb-adv-heading15542_dee20d-16\"]{font-style:normal;}.wp-block-kadence-advancedheading.kt-adv-heading15542_dee20d-16 mark.kt-highlight, .wp-block-kadence-advancedheading.kt-adv-heading15542_dee20d-16[data-kb-block=\"kb-adv-heading15542_dee20d-16\"] mark.kt-highlight{font-style:normal;color:#f76a0c;-webkit-box-decoration-break:clone;box-decoration-break:clone;padding-top:0px;padding-right:0px;padding-bottom:0px;padding-left:0px;}<\/style>\n<p class=\"kt-adv-heading15542_dee20d-16 wp-block-kadence-advancedheading\" data-kb-block=\"kb-adv-heading15542_dee20d-16\"><strong>Ostatn\u00e9 \u0161pecializa\u010dn\u00e9 odbory, v\u00a0ktor\u00fdch je mo\u017en\u00e9 sa zaradi\u0165 do rezidentsk\u00e9ho \u0161t\u00fadia, s\u00fa akreditovan\u00e9 na in\u00fdch vzdel\u00e1vac\u00edch ustanovizniach v\u00a0r\u00e1mci SR.<\/strong><\/p>\n\n\n\n<div style=\"height:20px\" aria-hidden=\"true\" class=\"wp-block-spacer\"><\/div>\n\n\n\n<p><\/p>\n\n\n\n<p>Pri pod\u00e1van\u00ed \u017eiadosti postupujte pod\u013ea \u00a7 39b ods. 6 z\u00e1kona \u010d. 578\/2004 Z. z. v platnom znen\u00ed.<br><a href=\"https:\/\/www.slov-lex.sk\/ezbierky\/pravne-predpisy\/SK\/ZZ\/2004\/578\/20250901.html\">https:\/\/www.slov-lex.sk\/ezbierky\/pravne-predpisy\/SK\/ZZ\/2004\/578\/20250901.html<\/a><\/p>\n\n\n<style>.wp-block-kadence-advancedheading.kt-adv-heading15542_d2f25a-13, .wp-block-kadence-advancedheading.kt-adv-heading15542_d2f25a-13[data-kb-block=\"kb-adv-heading15542_d2f25a-13\"]{font-style:normal;}.wp-block-kadence-advancedheading.kt-adv-heading15542_d2f25a-13 mark.kt-highlight, .wp-block-kadence-advancedheading.kt-adv-heading15542_d2f25a-13[data-kb-block=\"kb-adv-heading15542_d2f25a-13\"] mark.kt-highlight{font-style:normal;color:#f76a0c;-webkit-box-decoration-break:clone;box-decoration-break:clone;padding-top:0px;padding-right:0px;padding-bottom:0px;padding-left:0px;}<\/style>\n<p class=\"kt-adv-heading15542_d2f25a-13 wp-block-kadence-advancedheading\" data-kb-block=\"kb-adv-heading15542_d2f25a-13\">\u017diados\u0165 o zaradenie zdravotn\u00edckeho pracovn\u00edka pod\u00e1va jeho zamestn\u00e1vate\u013e (\u00fastavn\u00e9 zdravotn\u00edcke zariadenie), teda ke\u010f m\u00e1te z\u00e1ujem o zaradenie do rezidentsk\u00e9ho \u0161t\u00fadia, je potrebn\u00e9 oslovi\u0165 potenci\u00e1lneho zamestn\u00e1vate\u013ea a po\u017eiada\u0165 o prijatie do pracovn\u00e9ho pomeru v r\u00e1mci rezidentsk\u00e9ho \u0161t\u00fadia. Po kladnej odpovedi zo strany zamestn\u00e1vate\u013ea n\u00e1s, pros\u00edme, e-mailom predbe\u017ene informujte o n\u00e1stupe do rezidentsk\u00e9ho \u0161t\u00fadia na UPJ\u0160 LF; e-mail:\u00a0<a href=\"mailto:katarina.tomkova@upjs.sk?subject=Rezidentsk%C3%A9%20%C5%A1t%C3%BAdium\">katarina.tomkova@upjs.sk<\/a><\/p>\n\n\n<style>.wp-block-kadence-advancedheading.kt-adv-heading15542_be8473-0d, .wp-block-kadence-advancedheading.kt-adv-heading15542_be8473-0d[data-kb-block=\"kb-adv-heading15542_be8473-0d\"]{font-style:normal;}.wp-block-kadence-advancedheading.kt-adv-heading15542_be8473-0d mark.kt-highlight, .wp-block-kadence-advancedheading.kt-adv-heading15542_be8473-0d[data-kb-block=\"kb-adv-heading15542_be8473-0d\"] mark.kt-highlight{font-style:normal;color:#f76a0c;-webkit-box-decoration-break:clone;box-decoration-break:clone;padding-top:0px;padding-right:0px;padding-bottom:0px;padding-left:0px;}<\/style>\n<p class=\"kt-adv-heading15542_be8473-0d wp-block-kadence-advancedheading\" data-kb-block=\"kb-adv-heading15542_be8473-0d\">Inform\u00e1cie k rezidentsk\u00e9mu \u0161t\u00fadiu na webovej str\u00e1nke MZ SR<br><a href=\"https:\/\/www.health.gov.sk\/?rezidenti\" target=\"_blank\" rel=\"noreferrer noopener\">https:\/\/www.health.gov.sk\/?rezidenti<\/a><\/p>\n\n\n<style>.wp-block-kadence-spacer.kt-block-spacer-15542_795511-9b .kt-block-spacer{height:30px;}.wp-block-kadence-spacer.kt-block-spacer-15542_795511-9b .kt-divider{border-top-width:6px;border-top-color:#C92432;width:10%;border-top-style:dotted;}<\/style>\n<div class=\"wp-block-kadence-spacer aligncenter kt-block-spacer-15542_795511-9b\"><div class=\"kt-block-spacer kt-block-spacer-halign-center\"><hr class=\"kt-divider\"\/><\/div><\/div>\n\n\n\n<p><strong>Formul\u00e1re potrebn\u00e9 k zaradeniu do Rezidentsk\u00e9ho \u0161t\u00fadia:<\/strong><\/p>\n\n\n\n<ul class=\"wp-block-list\">\n<li><a href=\"https:\/\/www.upjs.sk\/app\/uploads\/sites\/9\/2024\/08\/Ziadost_o_zaradenie_do_rezidentskeho_studia_na_UPJS_LF_8-2024.doc\">\u017diados\u0165 o zaradenie do rezidentsk\u00e9ho \u0161t\u00fadia na UPJ\u0160 LF<\/a><\/li>\n\n\n\n<li><a href=\"https:\/\/www.upjs.sk\/app\/uploads\/sites\/9\/2024\/08\/FORMULAR_k_ziadosti_o_zaradenie-1-2.pdf\">Formul\u00e1r k \u017eiadosti o zaradenie<\/a> \u2013 povinn\u00e1 pr\u00edloha (+ pr\u00edlohy uveden\u00e9 v \u017eiadosti dole pod \u010diarou)<\/li>\n<\/ul>\n\n\n\n<div style=\"height:20px\" aria-hidden=\"true\" class=\"wp-block-spacer\"><\/div>\n\n\n\n<p><strong>Formul\u00e1re a krit\u00e9ria potrebn\u00e9 k AKREDIT\u00c1CII AMBULANCIE v\u0161eobecn\u00e9ho lek\u00e1ra pre dospel\u00fdch \/ pre deti a dorast<\/strong><\/p>\n\n\n\n<ul class=\"wp-block-list\">\n<li><a href=\"https:\/\/www.upjs.sk\/app\/uploads\/sites\/9\/2023\/06\/Ziadost_o_akreditaciu_ambulancie_VSL-2.doc\" target=\"_blank\" aria-label=\" (opens in a new tab)\" rel=\"noreferrer noopener\" class=\"ek-link\">\u017diados\u0165 o akredit\u00e1ciu ambulancie v\u0161eobecn\u00e9ho lek\u00e1ra pre dospel\u00fdch<\/a> \u2013 pre \u0161pecializa\u010dn\u00fd odbor v\u0161eobecn\u00e9 lek\u00e1rstvo<\/li>\n\n\n\n<li><a href=\"https:\/\/www.upjs.sk\/app\/uploads\/sites\/9\/2023\/06\/Ziadost_o_akreditaciu_ambulancie_PED_pre_PED.doc\" target=\"_blank\" aria-label=\" (opens in a new tab)\" rel=\"noreferrer noopener\" class=\"ek-link\">\u017diados\u0165 o akredit\u00e1ciu ambulancie v\u0161eobecn\u00e9ho lek\u00e1ra pre deti a dorast<\/a> \u2013 pre \u0161pecializa\u010dn\u00fd odbor pediatria<\/li>\n\n\n\n<li><a href=\"https:\/\/www.upjs.sk\/app\/uploads\/sites\/9\/2023\/06\/Ziadost_o_akreditaciu_ambulancie_PED_pre_VSL.doc\" target=\"_blank\" aria-label=\" (opens in a new tab)\" rel=\"noreferrer noopener\" class=\"ek-link\">\u017diados\u0165 o akredit\u00e1ciu ambulancie v\u0161eobecn\u00e9ho lek\u00e1ra pre deti a dorast<\/a> \u2013 pre \u0161pecializa\u010dn\u00fd odbor v\u0161eobecn\u00e9 lek\u00e1rstvo; <em>lek\u00e1r zaraden\u00fd v odbore v\u0161eobecn\u00e9 lek\u00e1rstvo je <strong>povinn\u00fd<\/strong> absolvova\u0165 1-t\u00fd\u017ed\u0148ov\u00fa odborn\u00fa st\u00e1\u017e na ambulancii v\u0161eobecn\u00e9 lek\u00e1ra pre deti a dorast, preto t\u00fdmto <strong>pros\u00edme pediatrov<\/strong> o spolupr\u00e1cu aj v tomto odbore<\/em><\/li>\n\n\n\n<li><a href=\"https:\/\/www.upjs.sk\/app\/uploads\/sites\/9\/2023\/06\/KRITERIA_PRE_AMBULANCIU_VSL_WEB.pdf\" target=\"_blank\" aria-label=\" (opens in a new tab)\" rel=\"noreferrer noopener\" class=\"ek-link\">Krit\u00e9ria pre ambulanciu V\u0160L pre dospel\u00fdch<\/a> \u2013 po zaslan\u00ed \u017eiadosti o akredit\u00e1ciu ambulancie V\u00e1m za\u0161leme e-mailom formul\u00e1re, ktor\u00fdch vzory m\u00e1me na z\u00e1klade krit\u00e9ri\u00ed predpripraven\u00e9<\/li>\n\n\n\n<li><a aria-label=\" (opens in a new tab)\" href=\"https:\/\/www.upjs.sk\/app\/uploads\/sites\/9\/2023\/06\/KRITERIA_PRE_AMBULANCIU_PED_WEB.pdf\" target=\"_blank\" rel=\"noreferrer noopener\" class=\"ek-link\">Krit\u00e9ria pre ambulanciu V\u0160L pre deti a dorast<\/a> \u2013 po zaslan\u00ed \u017eiadosti o akredit\u00e1ciu ambulancie V\u00e1m za\u0161leme e-mailom formul\u00e1re, ktor\u00fdch vzory m\u00e1me na z\u00e1klade krit\u00e9ri\u00ed predpripraven\u00e9 <\/li>\n<\/ul>\n","protected":false},"excerpt":{"rendered":"<p>Univerzita P. Jozefa \u0160af\u00e1rika v\u00a0Ko\u0161iciach, Lek\u00e1rska fakulta, pokra\u010duje v realiz\u00e1cii rezidentsk\u00e9ho \u0161t\u00fadia. ZOZNAM \u0160PECIALIZA\u010cN\u00ddCH ODBOROV ZARADEN\u00ddCH DO REZIDENTSK\u00c9HO \u0160T\u00daDIA PRE V\u0160ETKY SAMOSPR\u00c1VNE KRAJE \u2013 ur\u010den\u00e9 MZ SR: https:\/\/www.health.gov.sk\/?rezidenti-specializacne-odbory-podla-samospravnych-krajov Zaradenie do rezidentsk\u00e9ho \u0161t\u00fadia je mo\u017en\u00e9 k\u00a01.2. (pod\u00e1vanie \u017eiadost\u00ed do konca janu\u00e1ra) alebo k\u00a01.10. (pod\u00e1vanie \u017eiadost\u00ed do konca septembra). Preh\u013ead akreditovan\u00fdch \u0161pecializa\u010dn\u00fdch \u0161tudijn\u00fdch programov akreditovan\u00fdch na UPJ\u0160 &hellip; <a href=\"https:\/\/www.upjs.sk\/lekarska-fakulta\/studenti-lf\/dalsie-vzdelavanie\/rezidentske\/\">\u010c\u00edta\u0165 \u010falej<\/a><\/p>\n","protected":false},"author":1,"featured_media":15543,"parent":12955,"menu_order":5,"comment_status":"closed","ping_status":"closed","template":"","meta":{"_acf_changed":false,"_editorskit_title_hidden":false,"_editorskit_reading_time":1,"_editorskit_is_block_options_detached":false,"_editorskit_block_options_position":"{}","footnotes":""},"categories":[],"tags":[],"class_list":["post-15542","page","type-page","status-publish","has-post-thumbnail","hentry"],"acf":{"acf_link_na_externy_obsah":""},"yoast_head":"<!-- This site is optimized with the Yoast SEO plugin v27.4 - https:\/\/yoast.com\/product\/yoast-seo-wordpress\/ -->\n<title>Rezidentsk\u00e9 \u0161t\u00fadium - Lek\u00e1rska fakulta | UPJ\u0160<\/title>\n<meta name=\"robots\" content=\"index, follow, max-snippet:-1, max-image-preview:large, max-video-preview:-1\" \/>\n<link rel=\"canonical\" href=\"https:\/\/www.upjs.sk\/lekarska-fakulta\/studenti-lf\/dalsie-vzdelavanie\/rezidentske\/\" \/>\n<meta property=\"og:locale\" content=\"sk_SK\" \/>\n<meta property=\"og:type\" content=\"article\" \/>\n<meta property=\"og:title\" content=\"Rezidentsk\u00e9 \u0161t\u00fadium - Lek\u00e1rska fakulta | UPJ\u0160\" \/>\n<meta property=\"og:description\" content=\"Univerzita P. Jozefa \u0160af\u00e1rika v\u00a0Ko\u0161iciach, Lek\u00e1rska fakulta, pokra\u010duje v realiz\u00e1cii rezidentsk\u00e9ho \u0161t\u00fadia. ZOZNAM \u0160PECIALIZA\u010cN\u00ddCH ODBOROV ZARADEN\u00ddCH DO REZIDENTSK\u00c9HO \u0160T\u00daDIA PRE V\u0160ETKY SAMOSPR\u00c1VNE KRAJE \u2013 ur\u010den\u00e9 MZ SR: https:\/\/www.health.gov.sk\/?rezidenti-specializacne-odbory-podla-samospravnych-krajov Zaradenie do rezidentsk\u00e9ho \u0161t\u00fadia je mo\u017en\u00e9 k\u00a01.2. (pod\u00e1vanie \u017eiadost\u00ed do konca janu\u00e1ra) alebo k\u00a01.10. (pod\u00e1vanie \u017eiadost\u00ed do konca septembra). Preh\u013ead akreditovan\u00fdch \u0161pecializa\u010dn\u00fdch \u0161tudijn\u00fdch programov akreditovan\u00fdch na UPJ\u0160 &hellip; \u010c\u00edta\u0165 \u010falej\" \/>\n<meta property=\"og:url\" content=\"https:\/\/www.upjs.sk\/lekarska-fakulta\/studenti-lf\/dalsie-vzdelavanie\/rezidentske\/\" \/>\n<meta property=\"og:site_name\" content=\"Lek\u00e1rska fakulta | UPJ\u0160\" \/>\n<meta property=\"article:modified_time\" content=\"2025-09-19T08:57:57+00:00\" \/>\n<meta property=\"og:image\" content=\"https:\/\/www.upjs.sk\/app\/uploads\/sites\/9\/2022\/09\/Lekar1.png\" \/>\n\t<meta property=\"og:image:width\" content=\"258\" \/>\n\t<meta property=\"og:image:height\" content=\"123\" \/>\n\t<meta property=\"og:image:type\" content=\"image\/png\" \/>\n<meta name=\"twitter:card\" content=\"summary_large_image\" \/>\n<meta name=\"twitter:label1\" content=\"Predpokladan\u00fd \u010das \u010d\u00edtania\" \/>\n\t<meta name=\"twitter:data1\" content=\"3 min\u00faty\" \/>\n<script type=\"application\/ld+json\" class=\"yoast-schema-graph\">{\"@context\":\"https:\\\/\\\/schema.org\",\"@graph\":[{\"@type\":\"WebPage\",\"@id\":\"https:\\\/\\\/www.upjs.sk\\\/lekarska-fakulta\\\/studenti-lf\\\/dalsie-vzdelavanie\\\/rezidentske\\\/\",\"url\":\"https:\\\/\\\/www.upjs.sk\\\/lekarska-fakulta\\\/studenti-lf\\\/dalsie-vzdelavanie\\\/rezidentske\\\/\",\"name\":\"Rezidentsk\u00e9 \u0161t\u00fadium - Lek\u00e1rska fakulta | UPJ\u0160\",\"isPartOf\":{\"@id\":\"https:\\\/\\\/www.upjs.sk\\\/lekarska-fakulta\\\/#website\"},\"primaryImageOfPage\":{\"@id\":\"https:\\\/\\\/www.upjs.sk\\\/lekarska-fakulta\\\/studenti-lf\\\/dalsie-vzdelavanie\\\/rezidentske\\\/#primaryimage\"},\"image\":{\"@id\":\"https:\\\/\\\/www.upjs.sk\\\/lekarska-fakulta\\\/studenti-lf\\\/dalsie-vzdelavanie\\\/rezidentske\\\/#primaryimage\"},\"thumbnailUrl\":\"https:\\\/\\\/www.upjs.sk\\\/app\\\/uploads\\\/sites\\\/9\\\/2022\\\/09\\\/Lekar1.png\",\"datePublished\":\"2023-02-05T10:29:03+00:00\",\"dateModified\":\"2025-09-19T08:57:57+00:00\",\"breadcrumb\":{\"@id\":\"https:\\\/\\\/www.upjs.sk\\\/lekarska-fakulta\\\/studenti-lf\\\/dalsie-vzdelavanie\\\/rezidentske\\\/#breadcrumb\"},\"inLanguage\":\"sk-SK\",\"potentialAction\":[{\"@type\":\"ReadAction\",\"target\":[\"https:\\\/\\\/www.upjs.sk\\\/lekarska-fakulta\\\/studenti-lf\\\/dalsie-vzdelavanie\\\/rezidentske\\\/\"]}]},{\"@type\":\"ImageObject\",\"inLanguage\":\"sk-SK\",\"@id\":\"https:\\\/\\\/www.upjs.sk\\\/lekarska-fakulta\\\/studenti-lf\\\/dalsie-vzdelavanie\\\/rezidentske\\\/#primaryimage\",\"url\":\"https:\\\/\\\/www.upjs.sk\\\/app\\\/uploads\\\/sites\\\/9\\\/2022\\\/09\\\/Lekar1.png\",\"contentUrl\":\"https:\\\/\\\/www.upjs.sk\\\/app\\\/uploads\\\/sites\\\/9\\\/2022\\\/09\\\/Lekar1.png\",\"width\":258,\"height\":123,\"caption\":\"rezidentske\"},{\"@type\":\"BreadcrumbList\",\"@id\":\"https:\\\/\\\/www.upjs.sk\\\/lekarska-fakulta\\\/studenti-lf\\\/dalsie-vzdelavanie\\\/rezidentske\\\/#breadcrumb\",\"itemListElement\":[{\"@type\":\"ListItem\",\"position\":1,\"name\":\"Home\",\"item\":\"https:\\\/\\\/www.upjs.sk\\\/lekarska-fakulta\\\/\"},{\"@type\":\"ListItem\",\"position\":2,\"name\":\"\u0160tudenti\",\"item\":\"https:\\\/\\\/www.upjs.sk\\\/lekarska-fakulta\\\/studenti-lf\\\/\"},{\"@type\":\"ListItem\",\"position\":3,\"name\":\"\u010eal\u0161ie vzdel\u00e1vanie zdravotn\u00edckych pracovn\u00edkov\",\"item\":\"https:\\\/\\\/www.upjs.sk\\\/lekarska-fakulta\\\/studenti-lf\\\/dalsie-vzdelavanie\\\/\"},{\"@type\":\"ListItem\",\"position\":4,\"name\":\"Rezidentsk\u00e9 \u0161t\u00fadium\"}]},{\"@type\":\"WebSite\",\"@id\":\"https:\\\/\\\/www.upjs.sk\\\/lekarska-fakulta\\\/#website\",\"url\":\"https:\\\/\\\/www.upjs.sk\\\/lekarska-fakulta\\\/\",\"name\":\"Lek\u00e1rska fakulta | UPJ\u0160\",\"description\":\"\",\"publisher\":{\"@id\":\"https:\\\/\\\/www.upjs.sk\\\/lekarska-fakulta\\\/#organization\"},\"potentialAction\":[{\"@type\":\"SearchAction\",\"target\":{\"@type\":\"EntryPoint\",\"urlTemplate\":\"https:\\\/\\\/www.upjs.sk\\\/lekarska-fakulta\\\/?s={search_term_string}\"},\"query-input\":{\"@type\":\"PropertyValueSpecification\",\"valueRequired\":true,\"valueName\":\"search_term_string\"}}],\"inLanguage\":\"sk-SK\"},{\"@type\":\"Organization\",\"@id\":\"https:\\\/\\\/www.upjs.sk\\\/lekarska-fakulta\\\/#organization\",\"name\":\"Lek\u00e1rska fakulta | UPJ\u0160\",\"url\":\"https:\\\/\\\/www.upjs.sk\\\/lekarska-fakulta\\\/\",\"logo\":{\"@type\":\"ImageObject\",\"inLanguage\":\"sk-SK\",\"@id\":\"https:\\\/\\\/www.upjs.sk\\\/lekarska-fakulta\\\/#\\\/schema\\\/logo\\\/image\\\/\",\"url\":\"https:\\\/\\\/www.upjs.sk\\\/app\\\/uploads\\\/sites\\\/9\\\/2022\\\/09\\\/logo-lekarska-fakulta.png\",\"contentUrl\":\"https:\\\/\\\/www.upjs.sk\\\/app\\\/uploads\\\/sites\\\/9\\\/2022\\\/09\\\/logo-lekarska-fakulta.png\",\"width\":415,\"height\":87,\"caption\":\"Lek\u00e1rska fakulta | UPJ\u0160\"},\"image\":{\"@id\":\"https:\\\/\\\/www.upjs.sk\\\/lekarska-fakulta\\\/#\\\/schema\\\/logo\\\/image\\\/\"}}]}<\/script>\n<!-- \/ Yoast SEO plugin. -->","yoast_head_json":{"title":"Rezidentsk\u00e9 \u0161t\u00fadium - Lek\u00e1rska fakulta | UPJ\u0160","robots":{"index":"index","follow":"follow","max-snippet":"max-snippet:-1","max-image-preview":"max-image-preview:large","max-video-preview":"max-video-preview:-1"},"canonical":"https:\/\/www.upjs.sk\/lekarska-fakulta\/studenti-lf\/dalsie-vzdelavanie\/rezidentske\/","og_locale":"sk_SK","og_type":"article","og_title":"Rezidentsk\u00e9 \u0161t\u00fadium - Lek\u00e1rska fakulta | UPJ\u0160","og_description":"Univerzita P. Jozefa \u0160af\u00e1rika v\u00a0Ko\u0161iciach, Lek\u00e1rska fakulta, pokra\u010duje v realiz\u00e1cii rezidentsk\u00e9ho \u0161t\u00fadia. ZOZNAM \u0160PECIALIZA\u010cN\u00ddCH ODBOROV ZARADEN\u00ddCH DO REZIDENTSK\u00c9HO \u0160T\u00daDIA PRE V\u0160ETKY SAMOSPR\u00c1VNE KRAJE \u2013 ur\u010den\u00e9 MZ SR: https:\/\/www.health.gov.sk\/?rezidenti-specializacne-odbory-podla-samospravnych-krajov Zaradenie do rezidentsk\u00e9ho \u0161t\u00fadia je mo\u017en\u00e9 k\u00a01.2. (pod\u00e1vanie \u017eiadost\u00ed do konca janu\u00e1ra) alebo k\u00a01.10. (pod\u00e1vanie \u017eiadost\u00ed do konca septembra). Preh\u013ead akreditovan\u00fdch \u0161pecializa\u010dn\u00fdch \u0161tudijn\u00fdch programov akreditovan\u00fdch na UPJ\u0160 &hellip; \u010c\u00edta\u0165 \u010falej","og_url":"https:\/\/www.upjs.sk\/lekarska-fakulta\/studenti-lf\/dalsie-vzdelavanie\/rezidentske\/","og_site_name":"Lek\u00e1rska fakulta | UPJ\u0160","article_modified_time":"2025-09-19T08:57:57+00:00","og_image":[{"width":258,"height":123,"url":"https:\/\/www.upjs.sk\/app\/uploads\/sites\/9\/2022\/09\/Lekar1.png","type":"image\/png"}],"twitter_card":"summary_large_image","twitter_misc":{"Predpokladan\u00fd \u010das \u010d\u00edtania":"3 min\u00faty"},"schema":{"@context":"https:\/\/schema.org","@graph":[{"@type":"WebPage","@id":"https:\/\/www.upjs.sk\/lekarska-fakulta\/studenti-lf\/dalsie-vzdelavanie\/rezidentske\/","url":"https:\/\/www.upjs.sk\/lekarska-fakulta\/studenti-lf\/dalsie-vzdelavanie\/rezidentske\/","name":"Rezidentsk\u00e9 \u0161t\u00fadium - Lek\u00e1rska fakulta | UPJ\u0160","isPartOf":{"@id":"https:\/\/www.upjs.sk\/lekarska-fakulta\/#website"},"primaryImageOfPage":{"@id":"https:\/\/www.upjs.sk\/lekarska-fakulta\/studenti-lf\/dalsie-vzdelavanie\/rezidentske\/#primaryimage"},"image":{"@id":"https:\/\/www.upjs.sk\/lekarska-fakulta\/studenti-lf\/dalsie-vzdelavanie\/rezidentske\/#primaryimage"},"thumbnailUrl":"https:\/\/www.upjs.sk\/app\/uploads\/sites\/9\/2022\/09\/Lekar1.png","datePublished":"2023-02-05T10:29:03+00:00","dateModified":"2025-09-19T08:57:57+00:00","breadcrumb":{"@id":"https:\/\/www.upjs.sk\/lekarska-fakulta\/studenti-lf\/dalsie-vzdelavanie\/rezidentske\/#breadcrumb"},"inLanguage":"sk-SK","potentialAction":[{"@type":"ReadAction","target":["https:\/\/www.upjs.sk\/lekarska-fakulta\/studenti-lf\/dalsie-vzdelavanie\/rezidentske\/"]}]},{"@type":"ImageObject","inLanguage":"sk-SK","@id":"https:\/\/www.upjs.sk\/lekarska-fakulta\/studenti-lf\/dalsie-vzdelavanie\/rezidentske\/#primaryimage","url":"https:\/\/www.upjs.sk\/app\/uploads\/sites\/9\/2022\/09\/Lekar1.png","contentUrl":"https:\/\/www.upjs.sk\/app\/uploads\/sites\/9\/2022\/09\/Lekar1.png","width":258,"height":123,"caption":"rezidentske"},{"@type":"BreadcrumbList","@id":"https:\/\/www.upjs.sk\/lekarska-fakulta\/studenti-lf\/dalsie-vzdelavanie\/rezidentske\/#breadcrumb","itemListElement":[{"@type":"ListItem","position":1,"name":"Home","item":"https:\/\/www.upjs.sk\/lekarska-fakulta\/"},{"@type":"ListItem","position":2,"name":"\u0160tudenti","item":"https:\/\/www.upjs.sk\/lekarska-fakulta\/studenti-lf\/"},{"@type":"ListItem","position":3,"name":"\u010eal\u0161ie vzdel\u00e1vanie zdravotn\u00edckych pracovn\u00edkov","item":"https:\/\/www.upjs.sk\/lekarska-fakulta\/studenti-lf\/dalsie-vzdelavanie\/"},{"@type":"ListItem","position":4,"name":"Rezidentsk\u00e9 \u0161t\u00fadium"}]},{"@type":"WebSite","@id":"https:\/\/www.upjs.sk\/lekarska-fakulta\/#website","url":"https:\/\/www.upjs.sk\/lekarska-fakulta\/","name":"Lek\u00e1rska fakulta | UPJ\u0160","description":"","publisher":{"@id":"https:\/\/www.upjs.sk\/lekarska-fakulta\/#organization"},"potentialAction":[{"@type":"SearchAction","target":{"@type":"EntryPoint","urlTemplate":"https:\/\/www.upjs.sk\/lekarska-fakulta\/?s={search_term_string}"},"query-input":{"@type":"PropertyValueSpecification","valueRequired":true,"valueName":"search_term_string"}}],"inLanguage":"sk-SK"},{"@type":"Organization","@id":"https:\/\/www.upjs.sk\/lekarska-fakulta\/#organization","name":"Lek\u00e1rska fakulta | UPJ\u0160","url":"https:\/\/www.upjs.sk\/lekarska-fakulta\/","logo":{"@type":"ImageObject","inLanguage":"sk-SK","@id":"https:\/\/www.upjs.sk\/lekarska-fakulta\/#\/schema\/logo\/image\/","url":"https:\/\/www.upjs.sk\/app\/uploads\/sites\/9\/2022\/09\/logo-lekarska-fakulta.png","contentUrl":"https:\/\/www.upjs.sk\/app\/uploads\/sites\/9\/2022\/09\/logo-lekarska-fakulta.png","width":415,"height":87,"caption":"Lek\u00e1rska fakulta | UPJ\u0160"},"image":{"@id":"https:\/\/www.upjs.sk\/lekarska-fakulta\/#\/schema\/logo\/image\/"}}]}},"_links":{"self":[{"href":"https:\/\/www.upjs.sk\/lekarska-fakulta\/wp-json\/wp\/v2\/pages\/15542","targetHints":{"allow":["GET"]}}],"collection":[{"href":"https:\/\/www.upjs.sk\/lekarska-fakulta\/wp-json\/wp\/v2\/pages"}],"about":[{"href":"https:\/\/www.upjs.sk\/lekarska-fakulta\/wp-json\/wp\/v2\/types\/page"}],"author":[{"embeddable":true,"href":"https:\/\/www.upjs.sk\/lekarska-fakulta\/wp-json\/wp\/v2\/users\/1"}],"replies":[{"embeddable":true,"href":"https:\/\/www.upjs.sk\/lekarska-fakulta\/wp-json\/wp\/v2\/comments?post=15542"}],"version-history":[{"count":19,"href":"https:\/\/www.upjs.sk\/lekarska-fakulta\/wp-json\/wp\/v2\/pages\/15542\/revisions"}],"predecessor-version":[{"id":144440,"href":"https:\/\/www.upjs.sk\/lekarska-fakulta\/wp-json\/wp\/v2\/pages\/15542\/revisions\/144440"}],"up":[{"embeddable":true,"href":"https:\/\/www.upjs.sk\/lekarska-fakulta\/wp-json\/wp\/v2\/pages\/12955"}],"wp:featuredmedia":[{"embeddable":true,"href":"https:\/\/www.upjs.sk\/lekarska-fakulta\/wp-json\/wp\/v2\/media\/15543"}],"wp:attachment":[{"href":"https:\/\/www.upjs.sk\/lekarska-fakulta\/wp-json\/wp\/v2\/media?parent=15542"}],"wp:term":[{"taxonomy":"category","embeddable":true,"href":"https:\/\/www.upjs.sk\/lekarska-fakulta\/wp-json\/wp\/v2\/categories?post=15542"},{"taxonomy":"post_tag","embeddable":true,"href":"https:\/\/www.upjs.sk\/lekarska-fakulta\/wp-json\/wp\/v2\/tags?post=15542"}],"curies":[{"name":"wp","href":"https:\/\/api.w.org\/{rel}","templated":true}]}}