{"id":15559,"date":"2023-02-05T01:41:59","date_gmt":"2023-02-05T00:41:59","guid":{"rendered":"https:\/\/www.upjs.sk\/lekarska-fakulta\/studium-na-fakulte\/dalsie-vzdelavanie\/skoliace-pobyty\/"},"modified":"2023-02-05T01:47:58","modified_gmt":"2023-02-05T00:47:58","slug":"skoliace-pobyty","status":"publish","type":"page","link":"https:\/\/www.upjs.sk\/lekarska-fakulta\/studenti-lf\/dalsie-vzdelavanie\/kurzy-a-staze\/skoliace-pobyty\/","title":{"rendered":"Odborn\u00e9 st\u00e1\u017ee na akreditovan\u00fdch pracovisk\u00e1ch"},"content":{"rendered":"\n<p><strong>ZMENA postupu pod\u00e1vania \u017eiadost\u00ed o&nbsp;vykonanie ODBORN\u00ddCH ST\u00c1\u017d\u00cd \u2013 platn\u00e9 od 1. febru\u00e1ra 2019<\/strong><\/p>\n\n\n\n<ul class=\"wp-block-list\">\n<li>formul\u00e1r <a href=\"http:\/\/www.upjs.sk\/app\/uploads\/sites\/9\/2022\/09\/ziadost_o_vykonanie_odbornej_staze.doc\" class=\"ek-link\"><u>\u017eiados\u0165 o\u00a0vykonanie odbornej st\u00e1\u017ee<\/u><\/a> \u2013 \u017diados\u0165 je potrebn\u00e9 poda\u0165 <strong><u>najnesk\u00f4r 6 t\u00fd\u017ed\u0148ov<\/u> <\/strong>pred pl\u00e1novan\u00fdch n\u00e1stupom na odborn\u00fa st\u00e1\u017e!<\/li>\n<\/ul>\n\n\n<style>.wp-block-kadence-spacer.kt-block-spacer-_21416a-6b .kt-block-spacer{height:30px;}.wp-block-kadence-spacer.kt-block-spacer-_21416a-6b .kt-divider{border-top-width:6px;border-top-color:#C92432;width:10%;border-top-style:dotted;}<\/style>\n<div class=\"wp-block-kadence-spacer aligncenter kt-block-spacer-_21416a-6b\"><div class=\"kt-block-spacer kt-block-spacer-halign-center\"><hr class=\"kt-divider\"\/><\/div><\/div>\n\n\n\n<p><strong>Postup pri pod\u00e1van\u00ed \u017eiadost\u00ed o\u00a0vykonanie odborn\u00fdch st\u00e1\u017e\u00ed:<\/strong><\/p>\n\n\n\n<ul class=\"wp-block-list\">\n<li>Zdravotn\u00edcky pracovn\u00edk, zaraden\u00fd do \u010fal\u0161ieho vzdel\u00e1vania na UPJ\u0160 LF, si na UPJ\u0160 LF pod\u00e1 <strong>\u017eiados\u0165 o&nbsp;vykonanie odbornej st\u00e1\u017ee<\/strong> (vy\u0161\u0161ie uveden\u00fd formul\u00e1r), ke\u010f sa m\u00e1 z\u00fa\u010dastni\u0165 <strong>odbornej st\u00e1\u017ee (\u0161koliaceho pobytu) na akreditovanom pracovisku UPJ\u0160 LF,<\/strong> ktor\u00e1 je uveden\u00e1 v\u00a0n\u00e1plni dan\u00e9ho \u0161pecializa\u010dn\u00e9ho \/ certifika\u010dn\u00e9ho \u0161tudijn\u00e9ho programu;\n<ul class=\"wp-block-list\">\n<li>v\u00e4\u010d\u0161ina t\u00fdchto povinn\u00fdch \u0161koliacich pobytov je uveden\u00e1 v&nbsp;sekcii \u201evzdel\u00e1vacie aktivity\u201c.<\/li>\n<\/ul>\n<\/li>\n\n\n\n<li><strong>Term\u00edn odbornej st\u00e1\u017ee:<\/strong>\n<ul class=\"wp-block-list\">\n<li>potrebn\u00e9 dohodn\u00fa\u0165 <strong><u>vopred<\/u><\/strong> s&nbsp;ved\u00facim konkr\u00e9tneho pracoviska, event. garantom,<\/li>\n\n\n\n<li>ke\u010f je <strong><u>term\u00edn jednotn\u00fd pre v\u0161etk\u00fdch<\/u><\/strong> (vopred ur\u010den\u00fd garantom) je uveden\u00fd na webovej str\u00e1nke \u010fal\u0161ieho vzdel\u00e1vania v&nbsp;sekcii \u201evzdel\u00e1vacie aktivity\u201c pri konkr\u00e9tnom \u0161tudijnom programe.<\/li>\n<\/ul>\n<\/li>\n\n\n\n<li>\u017diadost\u00ed o vykonanie <strong>ostatn\u00fdch povinn\u00fdch odborn\u00fdch st\u00e1\u017e\u00ed (cirkul\u00e1ci\u00ed)<\/strong> zdravotn\u00edcky pracovn\u00edk (pr\u00edpadne jeho zamestn\u00e1vate\u013e) adresuje na <strong>refer\u00e1t vzdel\u00e1vania konkr\u00e9tneho zdravotn\u00edckeho zariadenia<\/strong>, v&nbsp;ktorom sa m\u00e1 odborn\u00e1 st\u00e1\u017e uskuto\u010dni\u0165.<\/li>\n\n\n\n<li><strong>Zamestnanci UPJ\u0160 LF <\/strong>a\u00a0<strong>intern\u00ed doktorandi<\/strong> bud\u00fa na\u010falej pod\u00e1va\u0165 <strong>\u017eiadost\u00ed o&nbsp;vykonanie <u>v\u0161etk\u00fdch<\/u> odborn\u00fdch st\u00e1\u017e\u00ed<\/strong>; ku \u017eiadosti prip\u00e1jaj\u00fa pr\u00edlohu:\n<ul class=\"wp-block-list\">\n<li>zamestnanci fakulty (UPJ\u0160 LF) \u2013 <a href=\"https:\/\/www.upjs.sk\/app\/uploads\/sites\/9\/2022\/09\/zamestnanec_LF_suhlas_veduceho_pracoviska.doc\" class=\"ek-link\"><u>s\u00fahlas ved\u00faceho pracoviska (prednostu)<\/u><\/a><\/li>\n\n\n\n<li>intern\u00ed doktorandi na UPJ\u0160 LF \u2013 <a href=\"https:\/\/www.upjs.sk\/app\/uploads\/sites\/9\/2022\/09\/interni_doktorandi_suhlas_skolitela.doc\" class=\"ek-link\"><u>s\u00fahlas \u0161kolite\u013ea pre doktorandsk\u00e9 \u0161t\u00fadium<\/u><\/a><\/li>\n<\/ul>\n<\/li>\n<\/ul>\n","protected":false},"excerpt":{"rendered":"<p>ZMENA postupu pod\u00e1vania \u017eiadost\u00ed o&nbsp;vykonanie ODBORN\u00ddCH ST\u00c1\u017d\u00cd \u2013 platn\u00e9 od 1. febru\u00e1ra 2019 Postup pri pod\u00e1van\u00ed \u017eiadost\u00ed o\u00a0vykonanie odborn\u00fdch st\u00e1\u017e\u00ed:<\/p>\n","protected":false},"author":1,"featured_media":0,"parent":12966,"menu_order":1,"comment_status":"closed","ping_status":"closed","template":"","meta":{"_acf_changed":false,"_editorskit_title_hidden":false,"_editorskit_reading_time":1,"_editorskit_is_block_options_detached":false,"_editorskit_block_options_position":"{}","footnotes":""},"categories":[],"tags":[],"class_list":["post-15559","page","type-page","status-publish","hentry"],"acf":{"acf_link_na_externy_obsah":""},"yoast_head":"<!-- This site is optimized with the Yoast SEO plugin v27.2 - https:\/\/yoast.com\/product\/yoast-seo-wordpress\/ -->\n<title>Odborn\u00e9 st\u00e1\u017ee na akreditovan\u00fdch pracovisk\u00e1ch - Lek\u00e1rska fakulta | UPJ\u0160<\/title>\n<meta name=\"robots\" content=\"index, follow, max-snippet:-1, max-image-preview:large, max-video-preview:-1\" \/>\n<link rel=\"canonical\" href=\"https:\/\/www.upjs.sk\/lekarska-fakulta\/studenti-lf\/dalsie-vzdelavanie\/kurzy-a-staze\/skoliace-pobyty\/\" \/>\n<meta property=\"og:locale\" content=\"sk_SK\" \/>\n<meta property=\"og:type\" content=\"article\" \/>\n<meta property=\"og:title\" content=\"Odborn\u00e9 st\u00e1\u017ee na akreditovan\u00fdch pracovisk\u00e1ch - Lek\u00e1rska fakulta | UPJ\u0160\" \/>\n<meta property=\"og:description\" content=\"ZMENA postupu pod\u00e1vania \u017eiadost\u00ed o&nbsp;vykonanie ODBORN\u00ddCH ST\u00c1\u017d\u00cd \u2013 platn\u00e9 od 1. febru\u00e1ra 2019 Postup pri pod\u00e1van\u00ed \u017eiadost\u00ed o\u00a0vykonanie odborn\u00fdch st\u00e1\u017e\u00ed:\" \/>\n<meta property=\"og:url\" content=\"https:\/\/www.upjs.sk\/lekarska-fakulta\/studenti-lf\/dalsie-vzdelavanie\/kurzy-a-staze\/skoliace-pobyty\/\" \/>\n<meta property=\"og:site_name\" content=\"Lek\u00e1rska fakulta | UPJ\u0160\" \/>\n<meta property=\"article:modified_time\" content=\"2023-02-05T00:47:58+00:00\" \/>\n<meta name=\"twitter:card\" content=\"summary_large_image\" \/>\n<meta name=\"twitter:label1\" content=\"Predpokladan\u00fd \u010das \u010d\u00edtania\" \/>\n\t<meta name=\"twitter:data1\" content=\"2 min\u00faty\" \/>\n<script type=\"application\/ld+json\" class=\"yoast-schema-graph\">{\"@context\":\"https:\/\/schema.org\",\"@graph\":[{\"@type\":\"WebPage\",\"@id\":\"https:\/\/www.upjs.sk\/lekarska-fakulta\/studenti-lf\/dalsie-vzdelavanie\/kurzy-a-staze\/skoliace-pobyty\/\",\"url\":\"https:\/\/www.upjs.sk\/lekarska-fakulta\/studenti-lf\/dalsie-vzdelavanie\/kurzy-a-staze\/skoliace-pobyty\/\",\"name\":\"Odborn\u00e9 st\u00e1\u017ee na akreditovan\u00fdch pracovisk\u00e1ch - Lek\u00e1rska fakulta | UPJ\u0160\",\"isPartOf\":{\"@id\":\"https:\/\/www.upjs.sk\/lekarska-fakulta\/#website\"},\"datePublished\":\"2023-02-05T00:41:59+00:00\",\"dateModified\":\"2023-02-05T00:47:58+00:00\",\"breadcrumb\":{\"@id\":\"https:\/\/www.upjs.sk\/lekarska-fakulta\/studenti-lf\/dalsie-vzdelavanie\/kurzy-a-staze\/skoliace-pobyty\/#breadcrumb\"},\"inLanguage\":\"sk-SK\",\"potentialAction\":[{\"@type\":\"ReadAction\",\"target\":[\"https:\/\/www.upjs.sk\/lekarska-fakulta\/studenti-lf\/dalsie-vzdelavanie\/kurzy-a-staze\/skoliace-pobyty\/\"]}]},{\"@type\":\"BreadcrumbList\",\"@id\":\"https:\/\/www.upjs.sk\/lekarska-fakulta\/studenti-lf\/dalsie-vzdelavanie\/kurzy-a-staze\/skoliace-pobyty\/#breadcrumb\",\"itemListElement\":[{\"@type\":\"ListItem\",\"position\":1,\"name\":\"Home\",\"item\":\"https:\/\/www.upjs.sk\/lekarska-fakulta\/\"},{\"@type\":\"ListItem\",\"position\":2,\"name\":\"\u0160tudenti\",\"item\":\"https:\/\/www.upjs.sk\/lekarska-fakulta\/studenti-lf\/\"},{\"@type\":\"ListItem\",\"position\":3,\"name\":\"\u010eal\u0161ie vzdel\u00e1vanie zdravotn\u00edckych pracovn\u00edkov\",\"item\":\"https:\/\/www.upjs.sk\/lekarska-fakulta\/studenti-lf\/dalsie-vzdelavanie\/\"},{\"@type\":\"ListItem\",\"position\":4,\"name\":\"Vzdel\u00e1vacie aktivity (kurzy a st\u00e1\u017ee)\",\"item\":\"https:\/\/www.upjs.sk\/lekarska-fakulta\/studenti-lf\/dalsie-vzdelavanie\/kurzy-a-staze\/\"},{\"@type\":\"ListItem\",\"position\":5,\"name\":\"Odborn\u00e9 st\u00e1\u017ee na akreditovan\u00fdch pracovisk\u00e1ch\"}]},{\"@type\":\"WebSite\",\"@id\":\"https:\/\/www.upjs.sk\/lekarska-fakulta\/#website\",\"url\":\"https:\/\/www.upjs.sk\/lekarska-fakulta\/\",\"name\":\"Lek\u00e1rska fakulta | UPJ\u0160\",\"description\":\"\",\"publisher\":{\"@id\":\"https:\/\/www.upjs.sk\/lekarska-fakulta\/#organization\"},\"potentialAction\":[{\"@type\":\"SearchAction\",\"target\":{\"@type\":\"EntryPoint\",\"urlTemplate\":\"https:\/\/www.upjs.sk\/lekarska-fakulta\/?s={search_term_string}\"},\"query-input\":{\"@type\":\"PropertyValueSpecification\",\"valueRequired\":true,\"valueName\":\"search_term_string\"}}],\"inLanguage\":\"sk-SK\"},{\"@type\":\"Organization\",\"@id\":\"https:\/\/www.upjs.sk\/lekarska-fakulta\/#organization\",\"name\":\"Lek\u00e1rska fakulta | UPJ\u0160\",\"url\":\"https:\/\/www.upjs.sk\/lekarska-fakulta\/\",\"logo\":{\"@type\":\"ImageObject\",\"inLanguage\":\"sk-SK\",\"@id\":\"https:\/\/www.upjs.sk\/lekarska-fakulta\/#\/schema\/logo\/image\/\",\"url\":\"https:\/\/www.upjs.sk\/app\/uploads\/sites\/9\/2022\/09\/logo-lekarska-fakulta.png\",\"contentUrl\":\"https:\/\/www.upjs.sk\/app\/uploads\/sites\/9\/2022\/09\/logo-lekarska-fakulta.png\",\"width\":415,\"height\":87,\"caption\":\"Lek\u00e1rska fakulta | UPJ\u0160\"},\"image\":{\"@id\":\"https:\/\/www.upjs.sk\/lekarska-fakulta\/#\/schema\/logo\/image\/\"}}]}<\/script>\n<!-- \/ Yoast SEO plugin. -->","yoast_head_json":{"title":"Odborn\u00e9 st\u00e1\u017ee na akreditovan\u00fdch pracovisk\u00e1ch - Lek\u00e1rska fakulta | UPJ\u0160","robots":{"index":"index","follow":"follow","max-snippet":"max-snippet:-1","max-image-preview":"max-image-preview:large","max-video-preview":"max-video-preview:-1"},"canonical":"https:\/\/www.upjs.sk\/lekarska-fakulta\/studenti-lf\/dalsie-vzdelavanie\/kurzy-a-staze\/skoliace-pobyty\/","og_locale":"sk_SK","og_type":"article","og_title":"Odborn\u00e9 st\u00e1\u017ee na akreditovan\u00fdch pracovisk\u00e1ch - Lek\u00e1rska fakulta | UPJ\u0160","og_description":"ZMENA postupu pod\u00e1vania \u017eiadost\u00ed o&nbsp;vykonanie ODBORN\u00ddCH ST\u00c1\u017d\u00cd \u2013 platn\u00e9 od 1. febru\u00e1ra 2019 Postup pri pod\u00e1van\u00ed \u017eiadost\u00ed o\u00a0vykonanie odborn\u00fdch st\u00e1\u017e\u00ed:","og_url":"https:\/\/www.upjs.sk\/lekarska-fakulta\/studenti-lf\/dalsie-vzdelavanie\/kurzy-a-staze\/skoliace-pobyty\/","og_site_name":"Lek\u00e1rska fakulta | UPJ\u0160","article_modified_time":"2023-02-05T00:47:58+00:00","twitter_card":"summary_large_image","twitter_misc":{"Predpokladan\u00fd \u010das \u010d\u00edtania":"2 min\u00faty"},"schema":{"@context":"https:\/\/schema.org","@graph":[{"@type":"WebPage","@id":"https:\/\/www.upjs.sk\/lekarska-fakulta\/studenti-lf\/dalsie-vzdelavanie\/kurzy-a-staze\/skoliace-pobyty\/","url":"https:\/\/www.upjs.sk\/lekarska-fakulta\/studenti-lf\/dalsie-vzdelavanie\/kurzy-a-staze\/skoliace-pobyty\/","name":"Odborn\u00e9 st\u00e1\u017ee na akreditovan\u00fdch pracovisk\u00e1ch - Lek\u00e1rska fakulta | UPJ\u0160","isPartOf":{"@id":"https:\/\/www.upjs.sk\/lekarska-fakulta\/#website"},"datePublished":"2023-02-05T00:41:59+00:00","dateModified":"2023-02-05T00:47:58+00:00","breadcrumb":{"@id":"https:\/\/www.upjs.sk\/lekarska-fakulta\/studenti-lf\/dalsie-vzdelavanie\/kurzy-a-staze\/skoliace-pobyty\/#breadcrumb"},"inLanguage":"sk-SK","potentialAction":[{"@type":"ReadAction","target":["https:\/\/www.upjs.sk\/lekarska-fakulta\/studenti-lf\/dalsie-vzdelavanie\/kurzy-a-staze\/skoliace-pobyty\/"]}]},{"@type":"BreadcrumbList","@id":"https:\/\/www.upjs.sk\/lekarska-fakulta\/studenti-lf\/dalsie-vzdelavanie\/kurzy-a-staze\/skoliace-pobyty\/#breadcrumb","itemListElement":[{"@type":"ListItem","position":1,"name":"Home","item":"https:\/\/www.upjs.sk\/lekarska-fakulta\/"},{"@type":"ListItem","position":2,"name":"\u0160tudenti","item":"https:\/\/www.upjs.sk\/lekarska-fakulta\/studenti-lf\/"},{"@type":"ListItem","position":3,"name":"\u010eal\u0161ie vzdel\u00e1vanie zdravotn\u00edckych pracovn\u00edkov","item":"https:\/\/www.upjs.sk\/lekarska-fakulta\/studenti-lf\/dalsie-vzdelavanie\/"},{"@type":"ListItem","position":4,"name":"Vzdel\u00e1vacie aktivity (kurzy a st\u00e1\u017ee)","item":"https:\/\/www.upjs.sk\/lekarska-fakulta\/studenti-lf\/dalsie-vzdelavanie\/kurzy-a-staze\/"},{"@type":"ListItem","position":5,"name":"Odborn\u00e9 st\u00e1\u017ee na akreditovan\u00fdch pracovisk\u00e1ch"}]},{"@type":"WebSite","@id":"https:\/\/www.upjs.sk\/lekarska-fakulta\/#website","url":"https:\/\/www.upjs.sk\/lekarska-fakulta\/","name":"Lek\u00e1rska fakulta | UPJ\u0160","description":"","publisher":{"@id":"https:\/\/www.upjs.sk\/lekarska-fakulta\/#organization"},"potentialAction":[{"@type":"SearchAction","target":{"@type":"EntryPoint","urlTemplate":"https:\/\/www.upjs.sk\/lekarska-fakulta\/?s={search_term_string}"},"query-input":{"@type":"PropertyValueSpecification","valueRequired":true,"valueName":"search_term_string"}}],"inLanguage":"sk-SK"},{"@type":"Organization","@id":"https:\/\/www.upjs.sk\/lekarska-fakulta\/#organization","name":"Lek\u00e1rska fakulta | UPJ\u0160","url":"https:\/\/www.upjs.sk\/lekarska-fakulta\/","logo":{"@type":"ImageObject","inLanguage":"sk-SK","@id":"https:\/\/www.upjs.sk\/lekarska-fakulta\/#\/schema\/logo\/image\/","url":"https:\/\/www.upjs.sk\/app\/uploads\/sites\/9\/2022\/09\/logo-lekarska-fakulta.png","contentUrl":"https:\/\/www.upjs.sk\/app\/uploads\/sites\/9\/2022\/09\/logo-lekarska-fakulta.png","width":415,"height":87,"caption":"Lek\u00e1rska fakulta | UPJ\u0160"},"image":{"@id":"https:\/\/www.upjs.sk\/lekarska-fakulta\/#\/schema\/logo\/image\/"}}]}},"_links":{"self":[{"href":"https:\/\/www.upjs.sk\/lekarska-fakulta\/wp-json\/wp\/v2\/pages\/15559","targetHints":{"allow":["GET"]}}],"collection":[{"href":"https:\/\/www.upjs.sk\/lekarska-fakulta\/wp-json\/wp\/v2\/pages"}],"about":[{"href":"https:\/\/www.upjs.sk\/lekarska-fakulta\/wp-json\/wp\/v2\/types\/page"}],"author":[{"embeddable":true,"href":"https:\/\/www.upjs.sk\/lekarska-fakulta\/wp-json\/wp\/v2\/users\/1"}],"replies":[{"embeddable":true,"href":"https:\/\/www.upjs.sk\/lekarska-fakulta\/wp-json\/wp\/v2\/comments?post=15559"}],"version-history":[{"count":4,"href":"https:\/\/www.upjs.sk\/lekarska-fakulta\/wp-json\/wp\/v2\/pages\/15559\/revisions"}],"predecessor-version":[{"id":76323,"href":"https:\/\/www.upjs.sk\/lekarska-fakulta\/wp-json\/wp\/v2\/pages\/15559\/revisions\/76323"}],"up":[{"embeddable":true,"href":"https:\/\/www.upjs.sk\/lekarska-fakulta\/wp-json\/wp\/v2\/pages\/12966"}],"wp:attachment":[{"href":"https:\/\/www.upjs.sk\/lekarska-fakulta\/wp-json\/wp\/v2\/media?parent=15559"}],"wp:term":[{"taxonomy":"category","embeddable":true,"href":"https:\/\/www.upjs.sk\/lekarska-fakulta\/wp-json\/wp\/v2\/categories?post=15559"},{"taxonomy":"post_tag","embeddable":true,"href":"https:\/\/www.upjs.sk\/lekarska-fakulta\/wp-json\/wp\/v2\/tags?post=15559"}],"curies":[{"name":"wp","href":"https:\/\/api.w.org\/{rel}","templated":true}]}}