{"id":15560,"date":"2023-02-05T10:37:42","date_gmt":"2023-02-05T09:37:42","guid":{"rendered":"https:\/\/www.upjs.sk\/lekarska-fakulta\/studium-na-fakulte\/dalsie-vzdelavanie\/terminy-skusok\/"},"modified":"2026-04-23T09:20:20","modified_gmt":"2026-04-23T08:20:20","slug":"terminy-skusok","status":"publish","type":"page","link":"https:\/\/www.upjs.sk\/lekarska-fakulta\/studenti-lf\/dalsie-vzdelavanie\/skusky\/terminy-skusok\/","title":{"rendered":"Term\u00edny \u0161pecializa\u010dn\u00fdch a certifika\u010dn\u00fdch sk\u00fa\u0161ok"},"content":{"rendered":"\n<p><strong>OZNAM:<\/strong><br>Term\u00edn a&nbsp;priebeh (prezen\u010dn\u00e1\/di\u0161tan\u010dn\u00e1 forma) \u0161pecializa\u010dnej sk\u00fa\u0161ky sa v&nbsp;pr\u00edpade nepriaznivej situ\u00e1cie &nbsp;(Ochorenie COVID \u2013 19 sp\u00f4soben\u00e9 koronav\u00edrusom SARS-CoV-2) m\u00f4\u017ee meni\u0165!<\/p>\n\n\n\n<p><strong><strong><u>ROK 2025<\/u><\/strong><\/strong><\/p>\n\n\n\n<ol class=\"wp-block-list\">\n<li><u><strong>\u0160pecializa\u010dn\u00e9 sk\u00fa\u0161ky, z.p. lek\u00e1r:<\/strong><\/u>\n<ul class=\"wp-block-list\">\n<li><a href=\"https:\/\/www.upjs.sk\/app\/uploads\/sites\/9\/2026\/01\/AaIM_TERMINY_SKUSOK_2026.pdf\" target=\"_blank\" rel=\"noreferrer noopener\">Anest\u00e9ziol\u00f3gia a intenz\u00edvna medic\u00edna<\/a><\/li>\n\n\n\n<li><a href=\"https:\/\/www.upjs.sk\/app\/uploads\/sites\/9\/2026\/01\/ANGIOLOGIA_TERMINY_SKUSOK.pdf\" target=\"_blank\" rel=\"noreferrer noopener\">Angiol\u00f3gia<\/a><\/li>\n\n\n\n<li><a href=\"https:\/\/www.upjs.sk\/app\/uploads\/sites\/9\/2025\/12\/CIEVCHIR_TERMINY_SKUSOK_2026-1.pdf\" target=\"_blank\" rel=\"noreferrer noopener\">Cievna chirurgia<\/a><\/li>\n\n\n\n<li><a href=\"https:\/\/www.upjs.sk\/app\/uploads\/sites\/9\/2025\/12\/DERM_TERMINY_SKUSOK_2026.pdf\" target=\"_blank\" rel=\"noreferrer noopener\">Dermatovenerol\u00f3gia<\/a><\/li>\n\n\n\n<li><a href=\"https:\/\/www.upjs.sk\/app\/uploads\/sites\/9\/2026\/01\/ENDOKRINOLOGIA_TERMINY_SKUSOK.pdf\" target=\"_blank\" rel=\"noreferrer noopener\">Endokrinol\u00f3gia<\/a><\/li>\n\n\n\n<li><a href=\"https:\/\/www.upjs.sk\/app\/uploads\/sites\/9\/2025\/12\/FBLR_TERMINY_SKUSOK_2026.pdf\" target=\"_blank\" rel=\"noreferrer noopener\">Fyziatria, balneol\u00f3gia a lie\u010debn\u00e1 rehabilit\u00e1cia<\/a><\/li>\n\n\n\n<li><a href=\"https:\/\/www.upjs.sk\/app\/uploads\/sites\/9\/2025\/01\/GASTRO-CHIR_TERMINY_SKUSOK-2025.pdf\" target=\"_blank\" rel=\"noreferrer noopener\">Gastroenterologick\u00e1 chirurgia<\/a><\/li>\n\n\n\n<li><a href=\"https:\/\/www.upjs.sk\/app\/uploads\/sites\/9\/2026\/01\/GERIATRIA_TERMINY_SKUSOK-1.pdf\" target=\"_blank\" rel=\"noreferrer noopener\">Geriatria<\/a><\/li>\n\n\n\n<li><a href=\"https:\/\/www.upjs.sk\/app\/uploads\/sites\/9\/2025\/12\/GYN-POR_TERMINY_SKUSOK_2026.pdf\" target=\"_blank\" rel=\"noreferrer noopener\">Gynekol\u00f3gia a p\u00f4rodn\u00edctvo<\/a><\/li>\n\n\n\n<li><a href=\"https:\/\/www.upjs.sk\/app\/uploads\/sites\/9\/2025\/12\/GYN-UROL_TERMINY_SKUSOK_2026-1.pdf\">Gynekologick\u00e1 urol\u00f3gia<\/a><\/li>\n\n\n\n<li><a href=\"https:\/\/www.upjs.sk\/app\/uploads\/sites\/9\/2026\/04\/CHIRURGIA_TERMINY_SKUSOK-2026-1.pdf\" target=\"_blank\" rel=\"noreferrer noopener\">Chirurgia<\/a><\/li>\n\n\n\n<li><a href=\"https:\/\/www.upjs.sk\/app\/uploads\/sites\/9\/2026\/01\/INFEKTOLOGIA_TERMINY_SKUSOK-3.pdf\" target=\"_blank\" rel=\"noreferrer noopener\">Infektol\u00f3gia<\/a><\/li>\n\n\n\n<li><a href=\"https:\/\/www.upjs.sk\/app\/uploads\/sites\/9\/2026\/01\/KARDIOLOGIA_TERMINY_SKUSOK-1.pdf\" target=\"_blank\" rel=\"noreferrer noopener\">Kardiol\u00f3gia<\/a><\/li>\n\n\n\n<li><a href=\"https:\/\/www.upjs.sk\/app\/uploads\/sites\/9\/2024\/12\/MFCH-ZL_TERMINY_SKUSOK_2025.pdf\" target=\"_blank\" rel=\"noreferrer noopener\">Maxilofaci\u00e1lna chirurgia<\/a><\/li>\n\n\n\n<li><a href=\"https:\/\/www.upjs.sk\/app\/uploads\/sites\/9\/2025\/09\/NEUROCHIRURGIA_TERMINY_SKUSOK_2025-1.pdf\" target=\"_blank\" rel=\"noreferrer noopener\">Neurochirurgia<\/a><\/li>\n\n\n\n<li><a href=\"https:\/\/www.upjs.sk\/app\/uploads\/sites\/9\/2026\/01\/NL_TERMINY_SKUSOK_2026.pdf\" target=\"_blank\" rel=\"noreferrer noopener\">Neurol\u00f3gia<\/a><\/li>\n\n\n\n<li><a href=\"https:\/\/www.upjs.sk\/app\/uploads\/sites\/9\/2025\/12\/ORL_TERMINY_SKUSOK_2026.pdf\" target=\"_blank\" rel=\"noreferrer noopener\">Otorinolaryngol\u00f3gia<\/a><\/li>\n\n\n\n<li><a href=\"https:\/\/www.upjs.sk\/app\/uploads\/sites\/9\/2026\/01\/PED_TERMINY_SKUSOK_2026.pdf\" target=\"_blank\" rel=\"noreferrer noopener\">Pediatria<\/a><\/li>\n\n\n\n<li><a href=\"https:\/\/www.upjs.sk\/app\/uploads\/sites\/9\/2026\/02\/PEDR_TERMINY_SKUSOK.pdf\" target=\"_blank\" rel=\"noreferrer noopener\" class=\"ek-link\">Pediatrick\u00e1 reumatol\u00f3gia<\/a><\/li>\n\n\n\n<li><a href=\"https:\/\/www.upjs.sk\/app\/uploads\/sites\/9\/2026\/01\/PNEUMOLOGIA-A-FTIZEOLOGIA_TERMINY_SKUSOK.pdf\" target=\"_blank\" rel=\"noreferrer noopener\">Pneumol\u00f3gia a ftizeol\u00f3gia<\/a><\/li>\n\n\n\n<li><a href=\"https:\/\/www.upjs.sk\/app\/uploads\/sites\/9\/2026\/01\/PRACOVNE-LEKARSTVO_TERMINY_SKUSOK-2.pdf\" target=\"_blank\" rel=\"noreferrer noopener\">Pracovn\u00e9 lek\u00e1rstvo<\/a><\/li>\n\n\n\n<li><a href=\"https:\/\/www.upjs.sk\/app\/uploads\/sites\/9\/2026\/02\/REUM_TERMINY_SKUSOK.pdf\">Reumatol\u00f3gia<\/a><\/li>\n\n\n\n<li><a href=\"https:\/\/www.upjs.sk\/app\/uploads\/sites\/9\/2025\/03\/UROLOGIA_TERMINY_SKUSOK-2025-1.pdf\" target=\"_blank\" rel=\"noreferrer noopener\">Urol\u00f3gia<\/a><\/li>\n\n\n\n<li><a href=\"https:\/\/www.upjs.sk\/app\/uploads\/sites\/9\/2025\/12\/URAZ-CHIR_TERMINY_SKUSOK_2026.pdf\" target=\"_blank\" rel=\"noreferrer noopener\">\u00darazov\u00e1 chirurgia<\/a><\/li>\n\n\n\n<li><a href=\"https:\/\/www.upjs.sk\/app\/uploads\/sites\/9\/2026\/02\/VNUTORNE-LEKARSTVO_TERMINY_SKUSOK.pdf\" target=\"_blank\" rel=\"noreferrer noopener\">Vn\u00fatorn\u00e9 lek\u00e1rstvo<\/a><\/li>\n\n\n\n<li><a href=\"https:\/\/www.upjs.sk\/app\/uploads\/sites\/9\/2025\/12\/VSL_TERMINY_SKUSOK_2026-1.pdf\" target=\"_blank\" rel=\"noreferrer noopener\">V\u0161eobecn\u00e9 lek\u00e1rstvo<br><\/a><\/li>\n<\/ul>\n<\/li>\n\n\n\n<li><strong><u>\u0160pecializa\u010dn\u00e9 sk\u00fa\u0161ky, z.p. zubn\u00fd lek\u00e1r:<\/u><\/strong>\n<ul class=\"wp-block-list\">\n<li><a href=\"https:\/\/www.upjs.sk\/app\/uploads\/sites\/9\/2026\/03\/CO_TERMINY_SKUSOK_2026-1.pdf\" target=\"_blank\" rel=\"noreferrer noopener\">\u010ce\u013eustn\u00e1 ortop\u00e9dia<\/a><\/li>\n\n\n\n<li><a href=\"https:\/\/www.upjs.sk\/app\/uploads\/sites\/9\/2024\/03\/MFCH-ZL_TERMINY_SKUSOK_2024.pdf\" class=\"ek-link\">Maxilofaci\u00e1lna chirurgia<br><\/a> <\/li>\n<\/ul>\n<\/li>\n\n\n\n<li><strong><u>\u0160pecializa\u010dn\u00e9 sk\u00fa\u0161ky, z.p. sestra:<\/u><\/strong>\n<ul class=\"wp-block-list\">\n<li><a href=\"https:\/\/www.upjs.sk\/app\/uploads\/sites\/9\/2025\/11\/ARO_SESTRA_TERMINY_SKUSOK-2026.pdf\" target=\"_blank\" rel=\"noreferrer noopener\">Anest\u00e9ziol\u00f3gia a intenz\u00edvna starostlivos\u0165<\/a><\/li>\n\n\n\n<li><a href=\"https:\/\/www.upjs.sk\/app\/uploads\/sites\/9\/2023\/04\/IOSoD_SESTRA_TERMINY_SKUSOK.pdf\" class=\"ek-link\">Intenz\u00edvna o\u0161etrovate\u013esk\u00e1 starostlivos\u0165 o dospel\u00fdch<\/a><\/li>\n\n\n\n<li><a href=\"https:\/\/www.upjs.sk\/app\/uploads\/sites\/9\/2026\/01\/OSOD_TERMINY_SKUSOK-2.pdf\" target=\"_blank\" rel=\"noreferrer noopener\">O\u0161etrovate\u013esk\u00e1 starostlivos\u0165 o dospel\u00fdch <\/a><\/li>\n\n\n\n<li><a href=\"https:\/\/www.upjs.sk\/app\/uploads\/sites\/9\/2025\/03\/OsevP_TERMINY_SKUSOK.pdf\" target=\"_blank\" rel=\"noreferrer noopener\">O\u0161etrovate\u013esk\u00e1 starostlivos\u0165 v pediatrii<\/a><br><\/li>\n<\/ul>\n<\/li>\n\n\n\n<li><strong><u>\u0160pecializa\u010dn\u00e9 sk\u00fa\u0161ky, z.p. lek\u00e1r, zubn\u00fd lek\u00e1r a sestra:<\/u><\/strong>\n<ul class=\"wp-block-list\">\n<li><a href=\"https:\/\/www.upjs.sk\/app\/uploads\/sites\/9\/2025\/10\/ZMaF_TERMINY_SKUSOK_2025.pdf\" target=\"_blank\" rel=\"noreferrer noopener\">Zdravotn\u00edcky mana\u017ement a financovanie<br><\/a><\/li>\n<\/ul>\n<\/li>\n\n\n\n<li><strong><u>\u0160pecializa\u010dn\u00e9 sk\u00fa\u0161ky, z.p. fyzioterapeut:<\/u><\/strong>\n<ul class=\"wp-block-list\">\n<li><a href=\"https:\/\/www.upjs.sk\/app\/uploads\/sites\/9\/2025\/01\/Fyzioterapia-poruch-CNS_TERMINY_SKUSOK.pdf\" target=\"_blank\" rel=\"noreferrer noopener\">Fyzioterapia por\u00fach CNS<\/a><br><\/li>\n<\/ul>\n<\/li>\n\n\n\n<li><strong><u>Certifika\u010dn\u00e9 sk\u00fa\u0161ky, z.p. lek\u00e1r:<\/u><\/strong>\n<ul class=\"wp-block-list\">\n<li><a href=\"https:\/\/www.upjs.sk\/app\/uploads\/sites\/9\/2025\/10\/AUuD_-LEKAR_CPC_2025-3.pdf\" target=\"_blank\" rel=\"noreferrer noopener\">Abdomin\u00e1lna ultrasonografia u dospel\u00fdch<\/a><\/li>\n\n\n\n<li><a href=\"https:\/\/www.upjs.sk\/app\/uploads\/sites\/9\/2025\/01\/Diagnosticka-a-intervencna-ezofagogastroduodenoskopia_TERMINY_SKUSOK.pdf\" target=\"_blank\" rel=\"noreferrer noopener\">Diagnostick\u00e1 a interven\u010dn\u00e1 ezofagogastroduodenoskopia<\/a><\/li>\n\n\n\n<li><a href=\"https:\/\/www.upjs.sk\/app\/uploads\/sites\/9\/2025\/01\/Diagnosticka-a-intervencna-kolonoskopia_TERMINY_SKUSOK.pdf\">Diagnostick\u00e1 a interven\u010dn\u00e1 kolonoskopia<\/a><\/li>\n\n\n\n<li><a href=\"https:\/\/www.upjs.sk\/app\/uploads\/sites\/9\/2024\/12\/ECHO_TERMINY_SKUSOK_2025.pdf\" target=\"_blank\" rel=\"noreferrer noopener\">Echokardiografia<\/a><\/li>\n\n\n\n<li><a href=\"https:\/\/www.upjs.sk\/app\/uploads\/sites\/9\/2026\/01\/SOMNOLOGIA_TERMINY_SKUSOK-4.pdf\" target=\"_blank\" rel=\"noreferrer noopener\">Somnol\u00f3gia<\/a><br><\/li>\n<\/ul>\n<\/li>\n\n\n\n<li><strong><u>Certifika\u010dn\u00e9 sk\u00fa\u0161ky, z.p. zubn\u00fd lek\u00e1r:<\/u><\/strong>\n<ul class=\"wp-block-list\">\n<li><a href=\"https:\/\/www.upjs.sk\/app\/uploads\/sites\/9\/2025\/12\/DACH-CPC_TERMINY_SKUSOK-2026-1.pdf\" target=\"_blank\" rel=\"noreferrer noopener\">Dentoalveol\u00e1rna chirurgia<\/a><\/li>\n\n\n\n<li><a href=\"https:\/\/www.upjs.sk\/app\/uploads\/sites\/9\/2025\/12\/IMPL-CPC_TERMINY_SKUSOK-2026.pdf\" target=\"_blank\" rel=\"noreferrer noopener\">Implantol\u00f3gia<\/a><\/li>\n<\/ul>\n<\/li>\n<\/ol>\n\n\n<style>.wp-block-kadence-advancedheading.kt-adv-heading15560_739657-f2, .wp-block-kadence-advancedheading.kt-adv-heading15560_739657-f2[data-kb-block=\"kb-adv-heading15560_739657-f2\"]{font-style:normal;}.wp-block-kadence-advancedheading.kt-adv-heading15560_739657-f2 mark.kt-highlight, .wp-block-kadence-advancedheading.kt-adv-heading15560_739657-f2[data-kb-block=\"kb-adv-heading15560_739657-f2\"] mark.kt-highlight{font-style:normal;color:#f76a0c;-webkit-box-decoration-break:clone;box-decoration-break:clone;padding-top:0px;padding-right:0px;padding-bottom:0px;padding-left:0px;}<\/style>\n<p class=\"kt-adv-heading15560_739657-f2 wp-block-kadence-advancedheading\" data-kb-block=\"kb-adv-heading15560_739657-f2\"><\/p>\n","protected":false},"excerpt":{"rendered":"<p>OZNAM:Term\u00edn a&nbsp;priebeh (prezen\u010dn\u00e1\/di\u0161tan\u010dn\u00e1 forma) \u0161pecializa\u010dnej sk\u00fa\u0161ky sa v&nbsp;pr\u00edpade nepriaznivej situ\u00e1cie &nbsp;(Ochorenie COVID \u2013 19 sp\u00f4soben\u00e9 koronav\u00edrusom SARS-CoV-2) m\u00f4\u017ee meni\u0165! ROK 2025<\/p>\n","protected":false},"author":1,"featured_media":0,"parent":12967,"menu_order":0,"comment_status":"closed","ping_status":"closed","template":"","meta":{"_acf_changed":false,"_editorskit_title_hidden":false,"_editorskit_reading_time":1,"_editorskit_is_block_options_detached":false,"_editorskit_block_options_position":"{}","footnotes":""},"categories":[],"tags":[],"class_list":["post-15560","page","type-page","status-publish","hentry"],"acf":{"acf_link_na_externy_obsah":""},"yoast_head":"<!-- This site is optimized with the Yoast SEO plugin v27.4 - https:\/\/yoast.com\/product\/yoast-seo-wordpress\/ -->\n<title>Term\u00edny \u0161pecializa\u010dn\u00fdch a certifika\u010dn\u00fdch sk\u00fa\u0161ok - Lek\u00e1rska fakulta | UPJ\u0160<\/title>\n<meta name=\"robots\" content=\"index, follow, max-snippet:-1, max-image-preview:large, max-video-preview:-1\" \/>\n<link rel=\"canonical\" href=\"https:\/\/www.upjs.sk\/lekarska-fakulta\/studenti-lf\/dalsie-vzdelavanie\/skusky\/terminy-skusok\/\" \/>\n<meta property=\"og:locale\" content=\"sk_SK\" \/>\n<meta property=\"og:type\" content=\"article\" \/>\n<meta property=\"og:title\" content=\"Term\u00edny \u0161pecializa\u010dn\u00fdch a certifika\u010dn\u00fdch sk\u00fa\u0161ok - Lek\u00e1rska fakulta | UPJ\u0160\" \/>\n<meta property=\"og:description\" content=\"OZNAM:Term\u00edn a&nbsp;priebeh (prezen\u010dn\u00e1\/di\u0161tan\u010dn\u00e1 forma) \u0161pecializa\u010dnej sk\u00fa\u0161ky sa v&nbsp;pr\u00edpade nepriaznivej situ\u00e1cie &nbsp;(Ochorenie COVID \u2013 19 sp\u00f4soben\u00e9 koronav\u00edrusom SARS-CoV-2) m\u00f4\u017ee meni\u0165! ROK 2025\" \/>\n<meta property=\"og:url\" content=\"https:\/\/www.upjs.sk\/lekarska-fakulta\/studenti-lf\/dalsie-vzdelavanie\/skusky\/terminy-skusok\/\" \/>\n<meta property=\"og:site_name\" content=\"Lek\u00e1rska fakulta | UPJ\u0160\" \/>\n<meta property=\"article:modified_time\" content=\"2026-04-23T08:20:20+00:00\" \/>\n<meta name=\"twitter:card\" content=\"summary_large_image\" \/>\n<meta name=\"twitter:label1\" content=\"Predpokladan\u00fd \u010das \u010d\u00edtania\" \/>\n\t<meta name=\"twitter:data1\" content=\"1 min\u00fata\" \/>\n<script type=\"application\/ld+json\" class=\"yoast-schema-graph\">{\"@context\":\"https:\\\/\\\/schema.org\",\"@graph\":[{\"@type\":\"WebPage\",\"@id\":\"https:\\\/\\\/www.upjs.sk\\\/lekarska-fakulta\\\/studenti-lf\\\/dalsie-vzdelavanie\\\/skusky\\\/terminy-skusok\\\/\",\"url\":\"https:\\\/\\\/www.upjs.sk\\\/lekarska-fakulta\\\/studenti-lf\\\/dalsie-vzdelavanie\\\/skusky\\\/terminy-skusok\\\/\",\"name\":\"Term\u00edny \u0161pecializa\u010dn\u00fdch a certifika\u010dn\u00fdch sk\u00fa\u0161ok - Lek\u00e1rska fakulta | UPJ\u0160\",\"isPartOf\":{\"@id\":\"https:\\\/\\\/www.upjs.sk\\\/lekarska-fakulta\\\/#website\"},\"datePublished\":\"2023-02-05T09:37:42+00:00\",\"dateModified\":\"2026-04-23T08:20:20+00:00\",\"breadcrumb\":{\"@id\":\"https:\\\/\\\/www.upjs.sk\\\/lekarska-fakulta\\\/studenti-lf\\\/dalsie-vzdelavanie\\\/skusky\\\/terminy-skusok\\\/#breadcrumb\"},\"inLanguage\":\"sk-SK\",\"potentialAction\":[{\"@type\":\"ReadAction\",\"target\":[\"https:\\\/\\\/www.upjs.sk\\\/lekarska-fakulta\\\/studenti-lf\\\/dalsie-vzdelavanie\\\/skusky\\\/terminy-skusok\\\/\"]}]},{\"@type\":\"BreadcrumbList\",\"@id\":\"https:\\\/\\\/www.upjs.sk\\\/lekarska-fakulta\\\/studenti-lf\\\/dalsie-vzdelavanie\\\/skusky\\\/terminy-skusok\\\/#breadcrumb\",\"itemListElement\":[{\"@type\":\"ListItem\",\"position\":1,\"name\":\"Home\",\"item\":\"https:\\\/\\\/www.upjs.sk\\\/lekarska-fakulta\\\/\"},{\"@type\":\"ListItem\",\"position\":2,\"name\":\"\u0160tudenti\",\"item\":\"https:\\\/\\\/www.upjs.sk\\\/lekarska-fakulta\\\/studenti-lf\\\/\"},{\"@type\":\"ListItem\",\"position\":3,\"name\":\"\u010eal\u0161ie vzdel\u00e1vanie zdravotn\u00edckych pracovn\u00edkov\",\"item\":\"https:\\\/\\\/www.upjs.sk\\\/lekarska-fakulta\\\/studenti-lf\\\/dalsie-vzdelavanie\\\/\"},{\"@type\":\"ListItem\",\"position\":4,\"name\":\"\u0160pecializa\u010dn\u00e9 a certifika\u010dn\u00e9 sk\u00fa\u0161ky\",\"item\":\"https:\\\/\\\/www.upjs.sk\\\/lekarska-fakulta\\\/studenti-lf\\\/dalsie-vzdelavanie\\\/skusky\\\/\"},{\"@type\":\"ListItem\",\"position\":5,\"name\":\"Term\u00edny \u0161pecializa\u010dn\u00fdch a certifika\u010dn\u00fdch sk\u00fa\u0161ok\"}]},{\"@type\":\"WebSite\",\"@id\":\"https:\\\/\\\/www.upjs.sk\\\/lekarska-fakulta\\\/#website\",\"url\":\"https:\\\/\\\/www.upjs.sk\\\/lekarska-fakulta\\\/\",\"name\":\"Lek\u00e1rska fakulta | UPJ\u0160\",\"description\":\"\",\"publisher\":{\"@id\":\"https:\\\/\\\/www.upjs.sk\\\/lekarska-fakulta\\\/#organization\"},\"potentialAction\":[{\"@type\":\"SearchAction\",\"target\":{\"@type\":\"EntryPoint\",\"urlTemplate\":\"https:\\\/\\\/www.upjs.sk\\\/lekarska-fakulta\\\/?s={search_term_string}\"},\"query-input\":{\"@type\":\"PropertyValueSpecification\",\"valueRequired\":true,\"valueName\":\"search_term_string\"}}],\"inLanguage\":\"sk-SK\"},{\"@type\":\"Organization\",\"@id\":\"https:\\\/\\\/www.upjs.sk\\\/lekarska-fakulta\\\/#organization\",\"name\":\"Lek\u00e1rska fakulta | UPJ\u0160\",\"url\":\"https:\\\/\\\/www.upjs.sk\\\/lekarska-fakulta\\\/\",\"logo\":{\"@type\":\"ImageObject\",\"inLanguage\":\"sk-SK\",\"@id\":\"https:\\\/\\\/www.upjs.sk\\\/lekarska-fakulta\\\/#\\\/schema\\\/logo\\\/image\\\/\",\"url\":\"https:\\\/\\\/www.upjs.sk\\\/app\\\/uploads\\\/sites\\\/9\\\/2022\\\/09\\\/logo-lekarska-fakulta.png\",\"contentUrl\":\"https:\\\/\\\/www.upjs.sk\\\/app\\\/uploads\\\/sites\\\/9\\\/2022\\\/09\\\/logo-lekarska-fakulta.png\",\"width\":415,\"height\":87,\"caption\":\"Lek\u00e1rska fakulta | UPJ\u0160\"},\"image\":{\"@id\":\"https:\\\/\\\/www.upjs.sk\\\/lekarska-fakulta\\\/#\\\/schema\\\/logo\\\/image\\\/\"}}]}<\/script>\n<!-- \/ Yoast SEO plugin. -->","yoast_head_json":{"title":"Term\u00edny \u0161pecializa\u010dn\u00fdch a certifika\u010dn\u00fdch sk\u00fa\u0161ok - Lek\u00e1rska fakulta | UPJ\u0160","robots":{"index":"index","follow":"follow","max-snippet":"max-snippet:-1","max-image-preview":"max-image-preview:large","max-video-preview":"max-video-preview:-1"},"canonical":"https:\/\/www.upjs.sk\/lekarska-fakulta\/studenti-lf\/dalsie-vzdelavanie\/skusky\/terminy-skusok\/","og_locale":"sk_SK","og_type":"article","og_title":"Term\u00edny \u0161pecializa\u010dn\u00fdch a certifika\u010dn\u00fdch sk\u00fa\u0161ok - Lek\u00e1rska fakulta | UPJ\u0160","og_description":"OZNAM:Term\u00edn a&nbsp;priebeh (prezen\u010dn\u00e1\/di\u0161tan\u010dn\u00e1 forma) \u0161pecializa\u010dnej sk\u00fa\u0161ky sa v&nbsp;pr\u00edpade nepriaznivej situ\u00e1cie &nbsp;(Ochorenie COVID \u2013 19 sp\u00f4soben\u00e9 koronav\u00edrusom SARS-CoV-2) m\u00f4\u017ee meni\u0165! ROK 2025","og_url":"https:\/\/www.upjs.sk\/lekarska-fakulta\/studenti-lf\/dalsie-vzdelavanie\/skusky\/terminy-skusok\/","og_site_name":"Lek\u00e1rska fakulta | UPJ\u0160","article_modified_time":"2026-04-23T08:20:20+00:00","twitter_card":"summary_large_image","twitter_misc":{"Predpokladan\u00fd \u010das \u010d\u00edtania":"1 min\u00fata"},"schema":{"@context":"https:\/\/schema.org","@graph":[{"@type":"WebPage","@id":"https:\/\/www.upjs.sk\/lekarska-fakulta\/studenti-lf\/dalsie-vzdelavanie\/skusky\/terminy-skusok\/","url":"https:\/\/www.upjs.sk\/lekarska-fakulta\/studenti-lf\/dalsie-vzdelavanie\/skusky\/terminy-skusok\/","name":"Term\u00edny \u0161pecializa\u010dn\u00fdch a certifika\u010dn\u00fdch sk\u00fa\u0161ok - Lek\u00e1rska fakulta | UPJ\u0160","isPartOf":{"@id":"https:\/\/www.upjs.sk\/lekarska-fakulta\/#website"},"datePublished":"2023-02-05T09:37:42+00:00","dateModified":"2026-04-23T08:20:20+00:00","breadcrumb":{"@id":"https:\/\/www.upjs.sk\/lekarska-fakulta\/studenti-lf\/dalsie-vzdelavanie\/skusky\/terminy-skusok\/#breadcrumb"},"inLanguage":"sk-SK","potentialAction":[{"@type":"ReadAction","target":["https:\/\/www.upjs.sk\/lekarska-fakulta\/studenti-lf\/dalsie-vzdelavanie\/skusky\/terminy-skusok\/"]}]},{"@type":"BreadcrumbList","@id":"https:\/\/www.upjs.sk\/lekarska-fakulta\/studenti-lf\/dalsie-vzdelavanie\/skusky\/terminy-skusok\/#breadcrumb","itemListElement":[{"@type":"ListItem","position":1,"name":"Home","item":"https:\/\/www.upjs.sk\/lekarska-fakulta\/"},{"@type":"ListItem","position":2,"name":"\u0160tudenti","item":"https:\/\/www.upjs.sk\/lekarska-fakulta\/studenti-lf\/"},{"@type":"ListItem","position":3,"name":"\u010eal\u0161ie vzdel\u00e1vanie zdravotn\u00edckych pracovn\u00edkov","item":"https:\/\/www.upjs.sk\/lekarska-fakulta\/studenti-lf\/dalsie-vzdelavanie\/"},{"@type":"ListItem","position":4,"name":"\u0160pecializa\u010dn\u00e9 a certifika\u010dn\u00e9 sk\u00fa\u0161ky","item":"https:\/\/www.upjs.sk\/lekarska-fakulta\/studenti-lf\/dalsie-vzdelavanie\/skusky\/"},{"@type":"ListItem","position":5,"name":"Term\u00edny \u0161pecializa\u010dn\u00fdch a certifika\u010dn\u00fdch sk\u00fa\u0161ok"}]},{"@type":"WebSite","@id":"https:\/\/www.upjs.sk\/lekarska-fakulta\/#website","url":"https:\/\/www.upjs.sk\/lekarska-fakulta\/","name":"Lek\u00e1rska fakulta | UPJ\u0160","description":"","publisher":{"@id":"https:\/\/www.upjs.sk\/lekarska-fakulta\/#organization"},"potentialAction":[{"@type":"SearchAction","target":{"@type":"EntryPoint","urlTemplate":"https:\/\/www.upjs.sk\/lekarska-fakulta\/?s={search_term_string}"},"query-input":{"@type":"PropertyValueSpecification","valueRequired":true,"valueName":"search_term_string"}}],"inLanguage":"sk-SK"},{"@type":"Organization","@id":"https:\/\/www.upjs.sk\/lekarska-fakulta\/#organization","name":"Lek\u00e1rska fakulta | UPJ\u0160","url":"https:\/\/www.upjs.sk\/lekarska-fakulta\/","logo":{"@type":"ImageObject","inLanguage":"sk-SK","@id":"https:\/\/www.upjs.sk\/lekarska-fakulta\/#\/schema\/logo\/image\/","url":"https:\/\/www.upjs.sk\/app\/uploads\/sites\/9\/2022\/09\/logo-lekarska-fakulta.png","contentUrl":"https:\/\/www.upjs.sk\/app\/uploads\/sites\/9\/2022\/09\/logo-lekarska-fakulta.png","width":415,"height":87,"caption":"Lek\u00e1rska fakulta | UPJ\u0160"},"image":{"@id":"https:\/\/www.upjs.sk\/lekarska-fakulta\/#\/schema\/logo\/image\/"}}]}},"_links":{"self":[{"href":"https:\/\/www.upjs.sk\/lekarska-fakulta\/wp-json\/wp\/v2\/pages\/15560","targetHints":{"allow":["GET"]}}],"collection":[{"href":"https:\/\/www.upjs.sk\/lekarska-fakulta\/wp-json\/wp\/v2\/pages"}],"about":[{"href":"https:\/\/www.upjs.sk\/lekarska-fakulta\/wp-json\/wp\/v2\/types\/page"}],"author":[{"embeddable":true,"href":"https:\/\/www.upjs.sk\/lekarska-fakulta\/wp-json\/wp\/v2\/users\/1"}],"replies":[{"embeddable":true,"href":"https:\/\/www.upjs.sk\/lekarska-fakulta\/wp-json\/wp\/v2\/comments?post=15560"}],"version-history":[{"count":20,"href":"https:\/\/www.upjs.sk\/lekarska-fakulta\/wp-json\/wp\/v2\/pages\/15560\/revisions"}],"predecessor-version":[{"id":157512,"href":"https:\/\/www.upjs.sk\/lekarska-fakulta\/wp-json\/wp\/v2\/pages\/15560\/revisions\/157512"}],"up":[{"embeddable":true,"href":"https:\/\/www.upjs.sk\/lekarska-fakulta\/wp-json\/wp\/v2\/pages\/12967"}],"wp:attachment":[{"href":"https:\/\/www.upjs.sk\/lekarska-fakulta\/wp-json\/wp\/v2\/media?parent=15560"}],"wp:term":[{"taxonomy":"category","embeddable":true,"href":"https:\/\/www.upjs.sk\/lekarska-fakulta\/wp-json\/wp\/v2\/categories?post=15560"},{"taxonomy":"post_tag","embeddable":true,"href":"https:\/\/www.upjs.sk\/lekarska-fakulta\/wp-json\/wp\/v2\/tags?post=15560"}],"curies":[{"name":"wp","href":"https:\/\/api.w.org\/{rel}","templated":true}]}}