{"id":15561,"date":"2023-02-04T07:37:21","date_gmt":"2023-02-04T06:37:21","guid":{"rendered":"https:\/\/www.upjs.sk\/lekarska-fakulta\/studium-na-fakulte\/dalsie-vzdelavanie\/vseobecne-informacie\/"},"modified":"2024-11-06T13:32:46","modified_gmt":"2024-11-06T12:32:46","slug":"vseobecne-informacie","status":"publish","type":"page","link":"https:\/\/www.upjs.sk\/lekarska-fakulta\/studenti-lf\/dalsie-vzdelavanie\/informacie-o-specializacnom-a-certifikacnom-studiu\/vseobecne-informacie\/","title":{"rendered":"V\u0161eobecn\u00e9 inform\u00e1cie"},"content":{"rendered":"\n<p><em>Zaradenie do <strong>\u010fal\u0161ieho vzdel\u00e1vania<\/strong><\/em>&nbsp;sa vykon\u00e1 na z\u00e1klade \u017eiadosti uch\u00e1dza\u010da, ktor\u00fa potvrd\u00ed navrhovate\u013e (zamestn\u00e1vate\u013e; v pr\u00edpade dr\u017eite\u013ea licencie lek\u00e1r samospr\u00e1vneho kraja). Uch\u00e1dza\u010d je zaraden\u00fd do \u010fal\u0161ieho vzdel\u00e1vania pod\u013ea nariadenia vl\u00e1dy Slovenskej republiky \u010d. 296\/2010 Z. z. o odbornej sp\u00f4sobilosti na v\u00fdkon zdravotn\u00edckeho povolania, sp\u00f4sobe \u010fal\u0161ieho vzdel\u00e1vania zdravotn\u00edckych pracovn\u00edkov, s\u00fastave \u0161pecializa\u010dn\u00fdch odborov a s\u00fastave certifikovan\u00fdch pracovn\u00fdch \u010dinnost\u00ed v&nbsp;znen\u00ed neskor\u0161\u00edch predpisov.<\/p>\n\n\n\n<p>Zdravotn\u00edcky pracovn\u00edk m\u00f4\u017ee ma\u0165 len jeden index odbornosti po\u010das cel\u00e9ho priebehu \u010fal\u0161ieho vzdel\u00e1vania.&nbsp;<em><strong>Index odbornosti<\/strong><\/em><em> a <strong>z\u00e1znamn\u00edk zdravotn\u00fdch v\u00fdkonov a&nbsp;in\u00fdch odborn\u00fdch aktiv\u00edt<\/strong><\/em>&nbsp;s\u00fa zdravotn\u00edckemu pracovn\u00edkovi vydan\u00e9 na z\u00e1klade jeho \u017eiadosti, ktor\u00e1 tvor\u00ed pr\u00edlohu \u017eiadosti o zaradenie.<\/p>\n\n\n\n<p><strong>Dokumenty:<\/strong><\/p>\n\n\n\n<ul class=\"wp-block-list\">\n<li><a href=\"https:\/\/www.upjs.sk\/app\/uploads\/sites\/9\/2024\/11\/Rozhodnutie-dekana-c.-6_2024.pdf\" target=\"_blank\" rel=\"noreferrer noopener\">Rozhodnutie dekana \u010d. 6\/2024 o\u00a0\u00fahrade za \u010fal\u0161ie vzdel\u00e1vanie zdravotn\u00edckych pracovn\u00edkov<\/a> &#8211; platn\u00e9 od 1.11.2024<\/li>\n\n\n\n<li><a href=\"https:\/\/www.upjs.sk\/app\/uploads\/sites\/9\/2022\/09\/Rozhodnutie_dekana_c7_01102017.pdf\" class=\"ek-link\">Rozhodnutie dekana \u010d. 7\/2017 o \u00fahrade za \u010fal\u0161ie vzdel\u00e1vanie zdravotn\u00edckych pracovn\u00edkov<\/a> &#8211; platn\u00e9 od 1.10.2017<\/li>\n\n\n\n<li><a href=\"https:\/\/www.upjs.sk\/app\/uploads\/sites\/9\/2022\/09\/POPLATKY-ZA-SPECIALIZACNE-STUDIUM-2014-NOVE.pdf\" class=\"ek-link\">Poplatky za \u010fal\u0161ie vzdel\u00e1vanie zdravotn\u00edckych pracovn\u00edkov<\/a> &#8211; platn\u00e9 od 17.9.2014<\/li>\n\n\n\n<li><a href=\"https:\/\/www.upjs.sk\/app\/uploads\/sites\/9\/2022\/09\/POPLATKY_ZA_SPECIALIZACNE_STUDIUM_1-10-2013_-_16-9-2014.pdf\" class=\"ek-link\">Poplatky za \u0161pecializa\u010dn\u00e9 \u0161t\u00fadium<\/a> &#8211; platn\u00e9 od 1.10.2013 do 16.9.2014<\/li>\n\n\n\n<li><a href=\"https:\/\/www.upjs.sk\/app\/uploads\/sites\/9\/2022\/09\/POPLATKY_ZA_SPECIALIZACNE_STUDIUM_2012_-_platne_od_1-4-2012_-_30-9-2013.pdf\" class=\"ek-link\">Poplatky za \u0161pecializa\u010dn\u00e9 \u0161t\u00fadium<\/a> &#8211; platn\u00e9 od 1.4.2012 do 30.9.2013<\/li>\n\n\n\n<li><a href=\"https:\/\/www.upjs.sk\/app\/uploads\/sites\/9\/2022\/09\/Manual_k_priebehu_SS.pdf\" class=\"ek-link\">Manu\u00e1l k priebehu \u0161pecializa\u010dnej sk\u00fa\u0161ky<\/a> &#8211; platn\u00e9 do 26.11.2014<\/li>\n\n\n\n<li><a href=\"http:\/\/www.lf.upjs.sk\/studium\/specializacne\/Rozhodnutie_dekana_01-2007.pdf\" class=\"ek-link\">\u00dahrada za \u0161pecializa\u010dn\u00e9 \u0161t\u00fadium <\/a>&#8211; Rozhodnutie dekana UPJ\u0160 LF \u010d. 1\/2007<\/li>\n\n\n\n<li><a href=\"http:\/\/www.lf.upjs.sk\/studium\/specializacne\/Rozhodnutie_dekana_04-2008.pdf\" class=\"ek-link\">\u00dahrada za \u0161pecializa\u010dn\u00e9 \u0161t\u00fadium <\/a>&#8211; Rozhodnutie dekana UPJ\u0160 LF \u010d. 4\/2008<br>\u00dahrada za \u0161pecializa\u010dn\u00e9 \u0161t\u00fadium &#8211; <a href=\"https:\/\/www.upjs.sk\/app\/uploads\/sites\/9\/2022\/09\/Rozhodnutie_dekana_04-2008-dodatok_01.pdf\" class=\"ek-link\">Dodatok \u010d. 1<\/a><br>\u00dahrada za \u0161pecializa\u010dn\u00e9 \u0161t\u00fadium &#8211; <a href=\"https:\/\/www.upjs.sk\/app\/uploads\/sites\/9\/2022\/09\/Rozhodnutie_dekana_04-2008-dodatok_02.pdf\" class=\"ek-link\">Dodatok \u010d. 2<\/a><br>\u00dahrada za \u0161pecializa\u010dn\u00e9 \u0161t\u00fadium &#8211; <a href=\"https:\/\/www.upjs.sk\/app\/uploads\/sites\/9\/2022\/09\/Rozhodnutie_dekana_04-2008-dodatok_03.pdf\" class=\"ek-link\">Dodatok \u010d. 3<\/a><br>\u00dahrada za \u0161pecializa\u010dn\u00e9 \u0161t\u00fadium &#8211; <a href=\"https:\/\/www.upjs.sk\/app\/uploads\/sites\/9\/2022\/09\/Rozhodnutie_dekana_04-2008-dodatok_04.pdf\" class=\"ek-link\">Dodatok \u010d. 4<\/a><br>\u00dahrada za \u0161pecializa\u010dn\u00e9 \u0161t\u00fadium &#8211; <a href=\"https:\/\/www.upjs.sk\/app\/uploads\/sites\/9\/2022\/09\/Rozhodnutie_dekana_04-2008-dodatok_05.pdf\" class=\"ek-link\">Dodatok \u010d. 5<\/a><br>\u00dahrada za \u0161pecializa\u010dn\u00e9 \u0161t\u00fadium &#8211; <a href=\"https:\/\/www.upjs.sk\/app\/uploads\/sites\/9\/2022\/09\/Rozhodnutie_dekana_04-2008-dodatok_06.pdf\" class=\"ek-link\">Dodatok \u010d. 6<\/a><br>\u00dahrada za \u0161pecializa\u010dn\u00e9 \u0161t\u00fadium &#8211; <a href=\"https:\/\/www.upjs.sk\/app\/uploads\/sites\/9\/2022\/09\/St-bizhubC215040210240.pdf\" class=\"ek-link\">Dodatok \u010d. 8<\/a><\/li>\n<\/ul>\n","protected":false},"excerpt":{"rendered":"<p>Zaradenie do \u010fal\u0161ieho vzdel\u00e1vania&nbsp;sa vykon\u00e1 na z\u00e1klade \u017eiadosti uch\u00e1dza\u010da, ktor\u00fa potvrd\u00ed navrhovate\u013e (zamestn\u00e1vate\u013e; v pr\u00edpade dr\u017eite\u013ea licencie lek\u00e1r samospr\u00e1vneho kraja). Uch\u00e1dza\u010d je zaraden\u00fd do \u010fal\u0161ieho vzdel\u00e1vania pod\u013ea nariadenia vl\u00e1dy Slovenskej republiky \u010d. 296\/2010 Z. z. o odbornej sp\u00f4sobilosti na v\u00fdkon zdravotn\u00edckeho povolania, sp\u00f4sobe \u010fal\u0161ieho vzdel\u00e1vania zdravotn\u00edckych pracovn\u00edkov, s\u00fastave \u0161pecializa\u010dn\u00fdch odborov a s\u00fastave certifikovan\u00fdch pracovn\u00fdch \u010dinnost\u00ed &hellip; <a href=\"https:\/\/www.upjs.sk\/lekarska-fakulta\/studenti-lf\/dalsie-vzdelavanie\/informacie-o-specializacnom-a-certifikacnom-studiu\/vseobecne-informacie\/\">\u010c\u00edta\u0165 \u010falej<\/a><\/p>\n","protected":false},"author":1,"featured_media":0,"parent":76231,"menu_order":0,"comment_status":"closed","ping_status":"closed","template":"","meta":{"_acf_changed":false,"_editorskit_title_hidden":false,"_editorskit_reading_time":1,"_editorskit_is_block_options_detached":false,"_editorskit_block_options_position":"{}","footnotes":""},"categories":[],"tags":[],"class_list":["post-15561","page","type-page","status-publish","hentry"],"acf":{"acf_link_na_externy_obsah":""},"yoast_head":"<!-- This site is optimized with the Yoast SEO plugin v27.4 - https:\/\/yoast.com\/product\/yoast-seo-wordpress\/ -->\n<title>V\u0161eobecn\u00e9 inform\u00e1cie - Lek\u00e1rska fakulta | UPJ\u0160<\/title>\n<meta name=\"robots\" content=\"index, follow, max-snippet:-1, max-image-preview:large, max-video-preview:-1\" \/>\n<link rel=\"canonical\" href=\"https:\/\/www.upjs.sk\/lekarska-fakulta\/studenti-lf\/dalsie-vzdelavanie\/informacie-o-specializacnom-a-certifikacnom-studiu\/vseobecne-informacie\/\" \/>\n<meta property=\"og:locale\" content=\"sk_SK\" \/>\n<meta property=\"og:type\" content=\"article\" \/>\n<meta property=\"og:title\" content=\"V\u0161eobecn\u00e9 inform\u00e1cie - Lek\u00e1rska fakulta | UPJ\u0160\" \/>\n<meta property=\"og:description\" content=\"Zaradenie do \u010fal\u0161ieho vzdel\u00e1vania&nbsp;sa vykon\u00e1 na z\u00e1klade \u017eiadosti uch\u00e1dza\u010da, ktor\u00fa potvrd\u00ed navrhovate\u013e (zamestn\u00e1vate\u013e; v pr\u00edpade dr\u017eite\u013ea licencie lek\u00e1r samospr\u00e1vneho kraja). Uch\u00e1dza\u010d je zaraden\u00fd do \u010fal\u0161ieho vzdel\u00e1vania pod\u013ea nariadenia vl\u00e1dy Slovenskej republiky \u010d. 296\/2010 Z. z. o odbornej sp\u00f4sobilosti na v\u00fdkon zdravotn\u00edckeho povolania, sp\u00f4sobe \u010fal\u0161ieho vzdel\u00e1vania zdravotn\u00edckych pracovn\u00edkov, s\u00fastave \u0161pecializa\u010dn\u00fdch odborov a s\u00fastave certifikovan\u00fdch pracovn\u00fdch \u010dinnost\u00ed &hellip; \u010c\u00edta\u0165 \u010falej\" \/>\n<meta property=\"og:url\" content=\"https:\/\/www.upjs.sk\/lekarska-fakulta\/studenti-lf\/dalsie-vzdelavanie\/informacie-o-specializacnom-a-certifikacnom-studiu\/vseobecne-informacie\/\" \/>\n<meta property=\"og:site_name\" content=\"Lek\u00e1rska fakulta | UPJ\u0160\" \/>\n<meta property=\"article:modified_time\" content=\"2024-11-06T12:32:46+00:00\" \/>\n<meta name=\"twitter:card\" content=\"summary_large_image\" \/>\n<meta name=\"twitter:label1\" content=\"Predpokladan\u00fd \u010das \u010d\u00edtania\" \/>\n\t<meta name=\"twitter:data1\" content=\"2 min\u00faty\" \/>\n<script type=\"application\/ld+json\" class=\"yoast-schema-graph\">{\"@context\":\"https:\\\/\\\/schema.org\",\"@graph\":[{\"@type\":\"WebPage\",\"@id\":\"https:\\\/\\\/www.upjs.sk\\\/lekarska-fakulta\\\/studenti-lf\\\/dalsie-vzdelavanie\\\/informacie-o-specializacnom-a-certifikacnom-studiu\\\/vseobecne-informacie\\\/\",\"url\":\"https:\\\/\\\/www.upjs.sk\\\/lekarska-fakulta\\\/studenti-lf\\\/dalsie-vzdelavanie\\\/informacie-o-specializacnom-a-certifikacnom-studiu\\\/vseobecne-informacie\\\/\",\"name\":\"V\u0161eobecn\u00e9 inform\u00e1cie - Lek\u00e1rska fakulta | UPJ\u0160\",\"isPartOf\":{\"@id\":\"https:\\\/\\\/www.upjs.sk\\\/lekarska-fakulta\\\/#website\"},\"datePublished\":\"2023-02-04T06:37:21+00:00\",\"dateModified\":\"2024-11-06T12:32:46+00:00\",\"breadcrumb\":{\"@id\":\"https:\\\/\\\/www.upjs.sk\\\/lekarska-fakulta\\\/studenti-lf\\\/dalsie-vzdelavanie\\\/informacie-o-specializacnom-a-certifikacnom-studiu\\\/vseobecne-informacie\\\/#breadcrumb\"},\"inLanguage\":\"sk-SK\",\"potentialAction\":[{\"@type\":\"ReadAction\",\"target\":[\"https:\\\/\\\/www.upjs.sk\\\/lekarska-fakulta\\\/studenti-lf\\\/dalsie-vzdelavanie\\\/informacie-o-specializacnom-a-certifikacnom-studiu\\\/vseobecne-informacie\\\/\"]}]},{\"@type\":\"BreadcrumbList\",\"@id\":\"https:\\\/\\\/www.upjs.sk\\\/lekarska-fakulta\\\/studenti-lf\\\/dalsie-vzdelavanie\\\/informacie-o-specializacnom-a-certifikacnom-studiu\\\/vseobecne-informacie\\\/#breadcrumb\",\"itemListElement\":[{\"@type\":\"ListItem\",\"position\":1,\"name\":\"Home\",\"item\":\"https:\\\/\\\/www.upjs.sk\\\/lekarska-fakulta\\\/\"},{\"@type\":\"ListItem\",\"position\":2,\"name\":\"\u0160tudenti\",\"item\":\"https:\\\/\\\/www.upjs.sk\\\/lekarska-fakulta\\\/studenti-lf\\\/\"},{\"@type\":\"ListItem\",\"position\":3,\"name\":\"\u010eal\u0161ie vzdel\u00e1vanie zdravotn\u00edckych pracovn\u00edkov\",\"item\":\"https:\\\/\\\/www.upjs.sk\\\/lekarska-fakulta\\\/studenti-lf\\\/dalsie-vzdelavanie\\\/\"},{\"@type\":\"ListItem\",\"position\":4,\"name\":\"Inform\u00e1cie o \u0161pecializa\u010dnom a certifika\u010dnom \u0161t\u00fadiu\",\"item\":\"https:\\\/\\\/www.upjs.sk\\\/lekarska-fakulta\\\/studenti-lf\\\/dalsie-vzdelavanie\\\/informacie-o-specializacnom-a-certifikacnom-studiu\\\/\"},{\"@type\":\"ListItem\",\"position\":5,\"name\":\"V\u0161eobecn\u00e9 inform\u00e1cie\"}]},{\"@type\":\"WebSite\",\"@id\":\"https:\\\/\\\/www.upjs.sk\\\/lekarska-fakulta\\\/#website\",\"url\":\"https:\\\/\\\/www.upjs.sk\\\/lekarska-fakulta\\\/\",\"name\":\"Lek\u00e1rska fakulta | UPJ\u0160\",\"description\":\"\",\"publisher\":{\"@id\":\"https:\\\/\\\/www.upjs.sk\\\/lekarska-fakulta\\\/#organization\"},\"potentialAction\":[{\"@type\":\"SearchAction\",\"target\":{\"@type\":\"EntryPoint\",\"urlTemplate\":\"https:\\\/\\\/www.upjs.sk\\\/lekarska-fakulta\\\/?s={search_term_string}\"},\"query-input\":{\"@type\":\"PropertyValueSpecification\",\"valueRequired\":true,\"valueName\":\"search_term_string\"}}],\"inLanguage\":\"sk-SK\"},{\"@type\":\"Organization\",\"@id\":\"https:\\\/\\\/www.upjs.sk\\\/lekarska-fakulta\\\/#organization\",\"name\":\"Lek\u00e1rska fakulta | UPJ\u0160\",\"url\":\"https:\\\/\\\/www.upjs.sk\\\/lekarska-fakulta\\\/\",\"logo\":{\"@type\":\"ImageObject\",\"inLanguage\":\"sk-SK\",\"@id\":\"https:\\\/\\\/www.upjs.sk\\\/lekarska-fakulta\\\/#\\\/schema\\\/logo\\\/image\\\/\",\"url\":\"https:\\\/\\\/www.upjs.sk\\\/app\\\/uploads\\\/sites\\\/9\\\/2022\\\/09\\\/logo-lekarska-fakulta.png\",\"contentUrl\":\"https:\\\/\\\/www.upjs.sk\\\/app\\\/uploads\\\/sites\\\/9\\\/2022\\\/09\\\/logo-lekarska-fakulta.png\",\"width\":415,\"height\":87,\"caption\":\"Lek\u00e1rska fakulta | UPJ\u0160\"},\"image\":{\"@id\":\"https:\\\/\\\/www.upjs.sk\\\/lekarska-fakulta\\\/#\\\/schema\\\/logo\\\/image\\\/\"}}]}<\/script>\n<!-- \/ Yoast SEO plugin. -->","yoast_head_json":{"title":"V\u0161eobecn\u00e9 inform\u00e1cie - Lek\u00e1rska fakulta | UPJ\u0160","robots":{"index":"index","follow":"follow","max-snippet":"max-snippet:-1","max-image-preview":"max-image-preview:large","max-video-preview":"max-video-preview:-1"},"canonical":"https:\/\/www.upjs.sk\/lekarska-fakulta\/studenti-lf\/dalsie-vzdelavanie\/informacie-o-specializacnom-a-certifikacnom-studiu\/vseobecne-informacie\/","og_locale":"sk_SK","og_type":"article","og_title":"V\u0161eobecn\u00e9 inform\u00e1cie - Lek\u00e1rska fakulta | UPJ\u0160","og_description":"Zaradenie do \u010fal\u0161ieho vzdel\u00e1vania&nbsp;sa vykon\u00e1 na z\u00e1klade \u017eiadosti uch\u00e1dza\u010da, ktor\u00fa potvrd\u00ed navrhovate\u013e (zamestn\u00e1vate\u013e; v pr\u00edpade dr\u017eite\u013ea licencie lek\u00e1r samospr\u00e1vneho kraja). Uch\u00e1dza\u010d je zaraden\u00fd do \u010fal\u0161ieho vzdel\u00e1vania pod\u013ea nariadenia vl\u00e1dy Slovenskej republiky \u010d. 296\/2010 Z. z. o odbornej sp\u00f4sobilosti na v\u00fdkon zdravotn\u00edckeho povolania, sp\u00f4sobe \u010fal\u0161ieho vzdel\u00e1vania zdravotn\u00edckych pracovn\u00edkov, s\u00fastave \u0161pecializa\u010dn\u00fdch odborov a s\u00fastave certifikovan\u00fdch pracovn\u00fdch \u010dinnost\u00ed &hellip; \u010c\u00edta\u0165 \u010falej","og_url":"https:\/\/www.upjs.sk\/lekarska-fakulta\/studenti-lf\/dalsie-vzdelavanie\/informacie-o-specializacnom-a-certifikacnom-studiu\/vseobecne-informacie\/","og_site_name":"Lek\u00e1rska fakulta | UPJ\u0160","article_modified_time":"2024-11-06T12:32:46+00:00","twitter_card":"summary_large_image","twitter_misc":{"Predpokladan\u00fd \u010das \u010d\u00edtania":"2 min\u00faty"},"schema":{"@context":"https:\/\/schema.org","@graph":[{"@type":"WebPage","@id":"https:\/\/www.upjs.sk\/lekarska-fakulta\/studenti-lf\/dalsie-vzdelavanie\/informacie-o-specializacnom-a-certifikacnom-studiu\/vseobecne-informacie\/","url":"https:\/\/www.upjs.sk\/lekarska-fakulta\/studenti-lf\/dalsie-vzdelavanie\/informacie-o-specializacnom-a-certifikacnom-studiu\/vseobecne-informacie\/","name":"V\u0161eobecn\u00e9 inform\u00e1cie - Lek\u00e1rska fakulta | UPJ\u0160","isPartOf":{"@id":"https:\/\/www.upjs.sk\/lekarska-fakulta\/#website"},"datePublished":"2023-02-04T06:37:21+00:00","dateModified":"2024-11-06T12:32:46+00:00","breadcrumb":{"@id":"https:\/\/www.upjs.sk\/lekarska-fakulta\/studenti-lf\/dalsie-vzdelavanie\/informacie-o-specializacnom-a-certifikacnom-studiu\/vseobecne-informacie\/#breadcrumb"},"inLanguage":"sk-SK","potentialAction":[{"@type":"ReadAction","target":["https:\/\/www.upjs.sk\/lekarska-fakulta\/studenti-lf\/dalsie-vzdelavanie\/informacie-o-specializacnom-a-certifikacnom-studiu\/vseobecne-informacie\/"]}]},{"@type":"BreadcrumbList","@id":"https:\/\/www.upjs.sk\/lekarska-fakulta\/studenti-lf\/dalsie-vzdelavanie\/informacie-o-specializacnom-a-certifikacnom-studiu\/vseobecne-informacie\/#breadcrumb","itemListElement":[{"@type":"ListItem","position":1,"name":"Home","item":"https:\/\/www.upjs.sk\/lekarska-fakulta\/"},{"@type":"ListItem","position":2,"name":"\u0160tudenti","item":"https:\/\/www.upjs.sk\/lekarska-fakulta\/studenti-lf\/"},{"@type":"ListItem","position":3,"name":"\u010eal\u0161ie vzdel\u00e1vanie zdravotn\u00edckych pracovn\u00edkov","item":"https:\/\/www.upjs.sk\/lekarska-fakulta\/studenti-lf\/dalsie-vzdelavanie\/"},{"@type":"ListItem","position":4,"name":"Inform\u00e1cie o \u0161pecializa\u010dnom a certifika\u010dnom \u0161t\u00fadiu","item":"https:\/\/www.upjs.sk\/lekarska-fakulta\/studenti-lf\/dalsie-vzdelavanie\/informacie-o-specializacnom-a-certifikacnom-studiu\/"},{"@type":"ListItem","position":5,"name":"V\u0161eobecn\u00e9 inform\u00e1cie"}]},{"@type":"WebSite","@id":"https:\/\/www.upjs.sk\/lekarska-fakulta\/#website","url":"https:\/\/www.upjs.sk\/lekarska-fakulta\/","name":"Lek\u00e1rska fakulta | UPJ\u0160","description":"","publisher":{"@id":"https:\/\/www.upjs.sk\/lekarska-fakulta\/#organization"},"potentialAction":[{"@type":"SearchAction","target":{"@type":"EntryPoint","urlTemplate":"https:\/\/www.upjs.sk\/lekarska-fakulta\/?s={search_term_string}"},"query-input":{"@type":"PropertyValueSpecification","valueRequired":true,"valueName":"search_term_string"}}],"inLanguage":"sk-SK"},{"@type":"Organization","@id":"https:\/\/www.upjs.sk\/lekarska-fakulta\/#organization","name":"Lek\u00e1rska fakulta | UPJ\u0160","url":"https:\/\/www.upjs.sk\/lekarska-fakulta\/","logo":{"@type":"ImageObject","inLanguage":"sk-SK","@id":"https:\/\/www.upjs.sk\/lekarska-fakulta\/#\/schema\/logo\/image\/","url":"https:\/\/www.upjs.sk\/app\/uploads\/sites\/9\/2022\/09\/logo-lekarska-fakulta.png","contentUrl":"https:\/\/www.upjs.sk\/app\/uploads\/sites\/9\/2022\/09\/logo-lekarska-fakulta.png","width":415,"height":87,"caption":"Lek\u00e1rska fakulta | UPJ\u0160"},"image":{"@id":"https:\/\/www.upjs.sk\/lekarska-fakulta\/#\/schema\/logo\/image\/"}}]}},"_links":{"self":[{"href":"https:\/\/www.upjs.sk\/lekarska-fakulta\/wp-json\/wp\/v2\/pages\/15561","targetHints":{"allow":["GET"]}}],"collection":[{"href":"https:\/\/www.upjs.sk\/lekarska-fakulta\/wp-json\/wp\/v2\/pages"}],"about":[{"href":"https:\/\/www.upjs.sk\/lekarska-fakulta\/wp-json\/wp\/v2\/types\/page"}],"author":[{"embeddable":true,"href":"https:\/\/www.upjs.sk\/lekarska-fakulta\/wp-json\/wp\/v2\/users\/1"}],"replies":[{"embeddable":true,"href":"https:\/\/www.upjs.sk\/lekarska-fakulta\/wp-json\/wp\/v2\/comments?post=15561"}],"version-history":[{"count":5,"href":"https:\/\/www.upjs.sk\/lekarska-fakulta\/wp-json\/wp\/v2\/pages\/15561\/revisions"}],"predecessor-version":[{"id":123375,"href":"https:\/\/www.upjs.sk\/lekarska-fakulta\/wp-json\/wp\/v2\/pages\/15561\/revisions\/123375"}],"up":[{"embeddable":true,"href":"https:\/\/www.upjs.sk\/lekarska-fakulta\/wp-json\/wp\/v2\/pages\/76231"}],"wp:attachment":[{"href":"https:\/\/www.upjs.sk\/lekarska-fakulta\/wp-json\/wp\/v2\/media?parent=15561"}],"wp:term":[{"taxonomy":"category","embeddable":true,"href":"https:\/\/www.upjs.sk\/lekarska-fakulta\/wp-json\/wp\/v2\/categories?post=15561"},{"taxonomy":"post_tag","embeddable":true,"href":"https:\/\/www.upjs.sk\/lekarska-fakulta\/wp-json\/wp\/v2\/tags?post=15561"}],"curies":[{"name":"wp","href":"https:\/\/api.w.org\/{rel}","templated":true}]}}