{"id":15616,"date":"2023-02-05T12:15:56","date_gmt":"2023-02-05T11:15:56","guid":{"rendered":"https:\/\/www.upjs.sk\/lekarska-fakulta\/studium-na-fakulte\/dalsie-vzdelavanie\/zaradenie-do-specializacneho-studia\/"},"modified":"2024-09-03T08:08:15","modified_gmt":"2024-09-03T07:08:15","slug":"zaradenie-do-specializacneho-studia","status":"publish","type":"page","link":"https:\/\/www.upjs.sk\/lekarska-fakulta\/studenti-lf\/dalsie-vzdelavanie\/formulare\/zaradenie-do-specializacneho-studia\/","title":{"rendered":"Zaradenie do \u0161pecializa\u010dn\u00e9ho \u0161t\u00fadia na UPJ\u0160 LF"},"content":{"rendered":"<style>.wp-block-kadence-advancedheading.kt-adv-heading15616_0f5bb1-16, .wp-block-kadence-advancedheading.kt-adv-heading15616_0f5bb1-16[data-kb-block=\"kb-adv-heading15616_0f5bb1-16\"]{font-style:normal;}.wp-block-kadence-advancedheading.kt-adv-heading15616_0f5bb1-16 mark.kt-highlight, .wp-block-kadence-advancedheading.kt-adv-heading15616_0f5bb1-16[data-kb-block=\"kb-adv-heading15616_0f5bb1-16\"] mark.kt-highlight{font-style:normal;color:#f76a0c;-webkit-box-decoration-break:clone;box-decoration-break:clone;padding-top:0px;padding-right:0px;padding-bottom:0px;padding-left:0px;}<\/style>\n<h4 class=\"kt-adv-heading15616_0f5bb1-16 wp-block-kadence-advancedheading\" data-kb-block=\"kb-adv-heading15616_0f5bb1-16\">Formul\u00e1re potrebn\u00e9 k zaradeniu do \u0161pecializa\u010dn\u00e9ho \u0161t\u00fadia &#8211; LEK\u00c1R<\/h4>\n\n\n\n<ul class=\"wp-block-list\">\n<li><a href=\"https:\/\/www.upjs.sk\/app\/uploads\/sites\/9\/2024\/08\/Ziadost_o_zaradenie_do_specializacneho_studia_na_UPJS_LF_8-2024.doc\">\u017diados\u0165 o zaradenie do \u0161pecializa\u010dn\u00e9ho \u0161t\u00fadia na UPJ\u0160 LF<\/a><\/li>\n\n\n\n<li><a href=\"https:\/\/www.upjs.sk\/app\/uploads\/sites\/9\/2024\/08\/FORMULAR_k_ziadosti_o_zaradenie-1-2.pdf\" target=\"_blank\" rel=\"noreferrer noopener\">Formul\u00e1r k \u017eiadosti o zaradenie<\/a> &#8211; povinn\u00e1 pr\u00edloha (+ pr\u00edlohy uveden\u00e9 v \u017eiadosti dole pod \u010diarou)<\/li>\n\n\n\n<li><a href=\"https:\/\/www.upjs.sk\/app\/uploads\/sites\/9\/2022\/09\/Ziadost_o_zapocitanie_casti_uz_absolvovaneho_spec_studia.doc\" target=\"_blank\" aria-label=\" (opens in a new tab)\" rel=\"noreferrer noopener\" class=\"ek-link\">\u017diados\u0165 o zapo\u010d\u00edtanie \u010dasti u\u017e absolvovan\u00e9ho \u0161pecializa\u010dn\u00e9ho \u0161t\u00fadia<\/a> (v pr\u00edpade, \u017ee u\u017e m\u00e1te \u0161pecializ\u00e1ciu)<\/li>\n\n\n\n<li><a href=\"https:\/\/www.upjs.sk\/app\/uploads\/sites\/9\/2022\/09\/Ziadost_o_zapocitanie_vykonov_a_praxe_absolvovanych_v_SR_pred_zaradenim.doc\" target=\"_blank\" aria-label=\" (opens in a new tab)\" rel=\"noreferrer noopener\" class=\"ek-link\">\u017diados\u0165 o zapo\u010d\u00edtanie zdravotn\u00fdch v\u00fdkonov a odbornej praxe pred zaraden\u00edm \u2013 v SR<\/a> (v pr\u00edpade, \u017ee ste pracovali pred zaraden\u00edm do \u0161pecializa\u010dn\u00e9ho \u0161t\u00fadia v SR)<\/li>\n\n\n\n<li><a href=\"https:\/\/www.upjs.sk\/app\/uploads\/sites\/9\/2022\/09\/Ziadost_o_zapocitanie_vykonov_a_praxe_absolvovanych_v_CUDZINE.doc\" target=\"_blank\" aria-label=\" (opens in a new tab)\" rel=\"noreferrer noopener\" class=\"ek-link\">\u017diados\u0165 o zapo\u010d\u00edtanie zdravotn\u00fdch v\u00fdkonov a odbornej praxe pred zaraden\u00edm \u2013 v cudzine<\/a> (v pr\u00edpade, \u017ee ste pracovali pred zaraden\u00edm do \u0161pecializa\u010dn\u00e9ho \u0161t\u00fadia v cudzine)<\/li>\n\n\n\n<li><a href=\"https:\/\/www.upjs.sk\/app\/uploads\/sites\/9\/2023\/01\/Ziadost_o_vydanie_dokladov_specs.doc\" target=\"_blank\" aria-label=\" (opens in a new tab)\" rel=\"noreferrer noopener\" class=\"ek-link\">\u017diados\u0165 o vydanie z\u00e1znamn\u00edka zdravotn\u00fdch v\u00fdkonov<\/a> \u2013 v pr\u00edpade straty, preplnenia a prestupu do in\u00e9ho \u0161pecializa\u010dn\u00e9ho odboru<\/li>\n<\/ul>\n\n\n<style>.wp-block-kadence-advancedheading.kt-adv-heading15616_72a189-03, .wp-block-kadence-advancedheading.kt-adv-heading15616_72a189-03[data-kb-block=\"kb-adv-heading15616_72a189-03\"]{font-style:normal;}.wp-block-kadence-advancedheading.kt-adv-heading15616_72a189-03 mark.kt-highlight, .wp-block-kadence-advancedheading.kt-adv-heading15616_72a189-03[data-kb-block=\"kb-adv-heading15616_72a189-03\"] mark.kt-highlight{font-style:normal;color:#f76a0c;-webkit-box-decoration-break:clone;box-decoration-break:clone;padding-top:0px;padding-right:0px;padding-bottom:0px;padding-left:0px;}<\/style>\n<h4 class=\"kt-adv-heading15616_72a189-03 wp-block-kadence-advancedheading\" data-kb-block=\"kb-adv-heading15616_72a189-03\"><br>Formul\u00e1re potrebn\u00e9 k zaradeniu do \u0161pecializa\u010dn\u00e9ho \u0161t\u00fadia &#8211; SESTRA<\/h4>\n\n\n\n<ul class=\"wp-block-list\">\n<li><a href=\"https:\/\/www.upjs.sk\/app\/uploads\/sites\/9\/2024\/08\/Ziadost_o_zaradenie_do_specializacneho_studia_na_UPJS_LF_8-2024.doc\">\u017diados\u0165 o zaradenie do \u0161pecializa\u010dn\u00e9ho \u0161t\u00fadia na UPJ\u0160 LF<\/a><\/li>\n\n\n\n<li><a href=\"https:\/\/www.upjs.sk\/app\/uploads\/sites\/9\/2024\/08\/FORMULAR_k_ziadosti_o_zaradenie-1-2.pdf\" target=\"_blank\" rel=\"noreferrer noopener\">Formul\u00e1r k \u017eiadosti o zaradenie<\/a> &#8211; povinn\u00e1 pr\u00edloha (+ pr\u00edlohy uveden\u00e9 v \u017eiadosti dole pod \u010diarou)<\/li>\n<\/ul>\n\n\n<style>.wp-block-kadence-advancedheading.kt-adv-heading15616_0343e6-f8, .wp-block-kadence-advancedheading.kt-adv-heading15616_0343e6-f8[data-kb-block=\"kb-adv-heading15616_0343e6-f8\"]{font-style:normal;}.wp-block-kadence-advancedheading.kt-adv-heading15616_0343e6-f8 mark.kt-highlight, .wp-block-kadence-advancedheading.kt-adv-heading15616_0343e6-f8[data-kb-block=\"kb-adv-heading15616_0343e6-f8\"] mark.kt-highlight{font-style:normal;color:#f76a0c;-webkit-box-decoration-break:clone;box-decoration-break:clone;padding-top:0px;padding-right:0px;padding-bottom:0px;padding-left:0px;}<\/style>\n<h4 class=\"kt-adv-heading15616_0343e6-f8 wp-block-kadence-advancedheading\" data-kb-block=\"kb-adv-heading15616_0343e6-f8\"><br>Formul\u00e1re potrebn\u00e9 k zaradeniu do \u0161pecializa\u010dn\u00e9ho \u0161t\u00fadia len do \u0161pecializa\u010dn\u00e9ho odboru \u2013 ZDRAVOTN\u00cdCKY MANA\u017dMENT A FINANCOVANIE &#8211; LEK\u00c1R A SESTRA<\/h4>\n\n\n\n<ul class=\"wp-block-list\">\n<li><a href=\"https:\/\/www.upjs.sk\/app\/uploads\/sites\/9\/2024\/08\/Ziadost_o_zaradenie_do_specializacneho_studia_na_UPJS_LF_ZMaF_8-2024.doc\">\u017diados\u0165 o zaradenie do \u0161pecializa\u010dn\u00e9ho \u0161t\u00fadia na UPJ\u0160 LF \u2013 zdravotn\u00edcky mana\u017ement a&nbsp;financovanie<\/a><\/li>\n\n\n\n<li><a href=\"https:\/\/www.upjs.sk\/app\/uploads\/sites\/9\/2024\/08\/FORMULAR_k_ziadosti_o_zaradenie-1-2.pdf\" target=\"_blank\" rel=\"noreferrer noopener\">Formul\u00e1r k \u017eiadosti o zaradenie<\/a>&nbsp;\u2013 povinn\u00e1 pr\u00edloha (+ pr\u00edlohy uveden\u00e9 v \u017eiadosti dole pod \u010diarou)<\/li>\n<\/ul>\n\n\n\n<p><\/p>\n\n\n<style>.wp-block-kadence-advancedheading.kt-adv-heading15616_c13b09-63, .wp-block-kadence-advancedheading.kt-adv-heading15616_c13b09-63[data-kb-block=\"kb-adv-heading15616_c13b09-63\"]{font-style:normal;}.wp-block-kadence-advancedheading.kt-adv-heading15616_c13b09-63 mark.kt-highlight, .wp-block-kadence-advancedheading.kt-adv-heading15616_c13b09-63[data-kb-block=\"kb-adv-heading15616_c13b09-63\"] mark.kt-highlight{font-style:normal;color:#f76a0c;-webkit-box-decoration-break:clone;box-decoration-break:clone;padding-top:0px;padding-right:0px;padding-bottom:0px;padding-left:0px;}<\/style>\n<h4 class=\"kt-adv-heading15616_c13b09-63 wp-block-kadence-advancedheading\" data-kb-block=\"kb-adv-heading15616_c13b09-63\">Formul\u00e1re potrebn\u00e9 k zaradeniu do certifika\u010dnej pr\u00edpravy<\/h4>\n\n\n\n<ul class=\"wp-block-list\">\n<li><a href=\"https:\/\/www.upjs.sk\/app\/uploads\/sites\/9\/2024\/09\/Ziadost_o_zaradenie_do_certifikacnej_pripravy_na_UPJS_LF_8-2024-1.doc\" target=\"_blank\" rel=\"noreferrer noopener\">\u017diados\u0165 o zaradenie do certifika\u010dnej pr\u00edpravy na UPJ\u0160 LF<\/a><\/li>\n\n\n\n<li><a href=\"https:\/\/www.upjs.sk\/app\/uploads\/sites\/9\/2024\/08\/FORMULAR_k_ziadosti_o_zaradenie-1-2.pdf\" target=\"_blank\" rel=\"noreferrer noopener\">Formul\u00e1r k \u017eiadosti o zaradenie<\/a>&nbsp;\u2013 povinn\u00e1 pr\u00edloha (+ pr\u00edlohy uveden\u00e9 v \u017eiadosti dole pod \u010diarou)<\/li>\n<\/ul>\n\n\n\n<p><\/p>\n\n\n\n<p><\/p>\n\n\n\n<p><\/p>\n\n\n\n<p><\/p>\n\n\n\n<p><\/p>\n","protected":false},"excerpt":{"rendered":"<p>Formul\u00e1re potrebn\u00e9 k zaradeniu do \u0161pecializa\u010dn\u00e9ho \u0161t\u00fadia &#8211; LEK\u00c1R Formul\u00e1re potrebn\u00e9 k zaradeniu do \u0161pecializa\u010dn\u00e9ho \u0161t\u00fadia &#8211; SESTRA Formul\u00e1re potrebn\u00e9 k zaradeniu do \u0161pecializa\u010dn\u00e9ho \u0161t\u00fadia len do \u0161pecializa\u010dn\u00e9ho odboru \u2013 ZDRAVOTN\u00cdCKY MANA\u017dMENT A FINANCOVANIE &#8211; LEK\u00c1R A SESTRA Formul\u00e1re potrebn\u00e9 k zaradeniu do certifika\u010dnej pr\u00edpravy<\/p>\n","protected":false},"author":1,"featured_media":0,"parent":15579,"menu_order":0,"comment_status":"closed","ping_status":"closed","template":"","meta":{"_acf_changed":false,"_editorskit_title_hidden":false,"_editorskit_reading_time":1,"_editorskit_is_block_options_detached":false,"_editorskit_block_options_position":"{}","footnotes":""},"categories":[],"tags":[],"class_list":["post-15616","page","type-page","status-publish","hentry"],"acf":{"acf_link_na_externy_obsah":""},"yoast_head":"<!-- This site is optimized with the Yoast SEO plugin v27.4 - https:\/\/yoast.com\/product\/yoast-seo-wordpress\/ -->\n<title>Zaradenie do \u0161pecializa\u010dn\u00e9ho \u0161t\u00fadia na UPJ\u0160 LF - Lek\u00e1rska fakulta | UPJ\u0160<\/title>\n<meta name=\"robots\" content=\"index, follow, max-snippet:-1, max-image-preview:large, max-video-preview:-1\" \/>\n<link rel=\"canonical\" href=\"https:\/\/www.upjs.sk\/lekarska-fakulta\/studenti-lf\/dalsie-vzdelavanie\/formulare\/zaradenie-do-specializacneho-studia\/\" \/>\n<meta property=\"og:locale\" content=\"sk_SK\" \/>\n<meta property=\"og:type\" content=\"article\" \/>\n<meta property=\"og:title\" content=\"Zaradenie do \u0161pecializa\u010dn\u00e9ho \u0161t\u00fadia na UPJ\u0160 LF - Lek\u00e1rska fakulta | UPJ\u0160\" \/>\n<meta property=\"og:description\" content=\"Formul\u00e1re potrebn\u00e9 k zaradeniu do \u0161pecializa\u010dn\u00e9ho \u0161t\u00fadia &#8211; LEK\u00c1R Formul\u00e1re potrebn\u00e9 k zaradeniu do \u0161pecializa\u010dn\u00e9ho \u0161t\u00fadia &#8211; SESTRA Formul\u00e1re potrebn\u00e9 k zaradeniu do \u0161pecializa\u010dn\u00e9ho \u0161t\u00fadia len do \u0161pecializa\u010dn\u00e9ho odboru \u2013 ZDRAVOTN\u00cdCKY MANA\u017dMENT A FINANCOVANIE &#8211; LEK\u00c1R A SESTRA Formul\u00e1re potrebn\u00e9 k zaradeniu do certifika\u010dnej pr\u00edpravy\" \/>\n<meta property=\"og:url\" content=\"https:\/\/www.upjs.sk\/lekarska-fakulta\/studenti-lf\/dalsie-vzdelavanie\/formulare\/zaradenie-do-specializacneho-studia\/\" \/>\n<meta property=\"og:site_name\" content=\"Lek\u00e1rska fakulta | UPJ\u0160\" \/>\n<meta property=\"article:modified_time\" content=\"2024-09-03T07:08:15+00:00\" \/>\n<meta name=\"twitter:card\" content=\"summary_large_image\" \/>\n<meta name=\"twitter:label1\" content=\"Predpokladan\u00fd \u010das \u010d\u00edtania\" \/>\n\t<meta name=\"twitter:data1\" content=\"2 min\u00faty\" \/>\n<script type=\"application\/ld+json\" class=\"yoast-schema-graph\">{\"@context\":\"https:\\\/\\\/schema.org\",\"@graph\":[{\"@type\":\"WebPage\",\"@id\":\"https:\\\/\\\/www.upjs.sk\\\/lekarska-fakulta\\\/studenti-lf\\\/dalsie-vzdelavanie\\\/formulare\\\/zaradenie-do-specializacneho-studia\\\/\",\"url\":\"https:\\\/\\\/www.upjs.sk\\\/lekarska-fakulta\\\/studenti-lf\\\/dalsie-vzdelavanie\\\/formulare\\\/zaradenie-do-specializacneho-studia\\\/\",\"name\":\"Zaradenie do \u0161pecializa\u010dn\u00e9ho \u0161t\u00fadia na UPJ\u0160 LF - Lek\u00e1rska fakulta | UPJ\u0160\",\"isPartOf\":{\"@id\":\"https:\\\/\\\/www.upjs.sk\\\/lekarska-fakulta\\\/#website\"},\"datePublished\":\"2023-02-05T11:15:56+00:00\",\"dateModified\":\"2024-09-03T07:08:15+00:00\",\"breadcrumb\":{\"@id\":\"https:\\\/\\\/www.upjs.sk\\\/lekarska-fakulta\\\/studenti-lf\\\/dalsie-vzdelavanie\\\/formulare\\\/zaradenie-do-specializacneho-studia\\\/#breadcrumb\"},\"inLanguage\":\"sk-SK\",\"potentialAction\":[{\"@type\":\"ReadAction\",\"target\":[\"https:\\\/\\\/www.upjs.sk\\\/lekarska-fakulta\\\/studenti-lf\\\/dalsie-vzdelavanie\\\/formulare\\\/zaradenie-do-specializacneho-studia\\\/\"]}]},{\"@type\":\"BreadcrumbList\",\"@id\":\"https:\\\/\\\/www.upjs.sk\\\/lekarska-fakulta\\\/studenti-lf\\\/dalsie-vzdelavanie\\\/formulare\\\/zaradenie-do-specializacneho-studia\\\/#breadcrumb\",\"itemListElement\":[{\"@type\":\"ListItem\",\"position\":1,\"name\":\"Home\",\"item\":\"https:\\\/\\\/www.upjs.sk\\\/lekarska-fakulta\\\/\"},{\"@type\":\"ListItem\",\"position\":2,\"name\":\"\u0160tudenti\",\"item\":\"https:\\\/\\\/www.upjs.sk\\\/lekarska-fakulta\\\/studenti-lf\\\/\"},{\"@type\":\"ListItem\",\"position\":3,\"name\":\"\u010eal\u0161ie vzdel\u00e1vanie zdravotn\u00edckych pracovn\u00edkov\",\"item\":\"https:\\\/\\\/www.upjs.sk\\\/lekarska-fakulta\\\/studenti-lf\\\/dalsie-vzdelavanie\\\/\"},{\"@type\":\"ListItem\",\"position\":4,\"name\":\"Formul\u00e1re na stiahnutie\",\"item\":\"https:\\\/\\\/www.upjs.sk\\\/lekarska-fakulta\\\/studenti-lf\\\/dalsie-vzdelavanie\\\/formulare\\\/\"},{\"@type\":\"ListItem\",\"position\":5,\"name\":\"Zaradenie do \u0161pecializa\u010dn\u00e9ho \u0161t\u00fadia na UPJ\u0160 LF\"}]},{\"@type\":\"WebSite\",\"@id\":\"https:\\\/\\\/www.upjs.sk\\\/lekarska-fakulta\\\/#website\",\"url\":\"https:\\\/\\\/www.upjs.sk\\\/lekarska-fakulta\\\/\",\"name\":\"Lek\u00e1rska fakulta | UPJ\u0160\",\"description\":\"\",\"publisher\":{\"@id\":\"https:\\\/\\\/www.upjs.sk\\\/lekarska-fakulta\\\/#organization\"},\"potentialAction\":[{\"@type\":\"SearchAction\",\"target\":{\"@type\":\"EntryPoint\",\"urlTemplate\":\"https:\\\/\\\/www.upjs.sk\\\/lekarska-fakulta\\\/?s={search_term_string}\"},\"query-input\":{\"@type\":\"PropertyValueSpecification\",\"valueRequired\":true,\"valueName\":\"search_term_string\"}}],\"inLanguage\":\"sk-SK\"},{\"@type\":\"Organization\",\"@id\":\"https:\\\/\\\/www.upjs.sk\\\/lekarska-fakulta\\\/#organization\",\"name\":\"Lek\u00e1rska fakulta | UPJ\u0160\",\"url\":\"https:\\\/\\\/www.upjs.sk\\\/lekarska-fakulta\\\/\",\"logo\":{\"@type\":\"ImageObject\",\"inLanguage\":\"sk-SK\",\"@id\":\"https:\\\/\\\/www.upjs.sk\\\/lekarska-fakulta\\\/#\\\/schema\\\/logo\\\/image\\\/\",\"url\":\"https:\\\/\\\/www.upjs.sk\\\/app\\\/uploads\\\/sites\\\/9\\\/2022\\\/09\\\/logo-lekarska-fakulta.png\",\"contentUrl\":\"https:\\\/\\\/www.upjs.sk\\\/app\\\/uploads\\\/sites\\\/9\\\/2022\\\/09\\\/logo-lekarska-fakulta.png\",\"width\":415,\"height\":87,\"caption\":\"Lek\u00e1rska fakulta | UPJ\u0160\"},\"image\":{\"@id\":\"https:\\\/\\\/www.upjs.sk\\\/lekarska-fakulta\\\/#\\\/schema\\\/logo\\\/image\\\/\"}}]}<\/script>\n<!-- \/ Yoast SEO plugin. -->","yoast_head_json":{"title":"Zaradenie do \u0161pecializa\u010dn\u00e9ho \u0161t\u00fadia na UPJ\u0160 LF - Lek\u00e1rska fakulta | UPJ\u0160","robots":{"index":"index","follow":"follow","max-snippet":"max-snippet:-1","max-image-preview":"max-image-preview:large","max-video-preview":"max-video-preview:-1"},"canonical":"https:\/\/www.upjs.sk\/lekarska-fakulta\/studenti-lf\/dalsie-vzdelavanie\/formulare\/zaradenie-do-specializacneho-studia\/","og_locale":"sk_SK","og_type":"article","og_title":"Zaradenie do \u0161pecializa\u010dn\u00e9ho \u0161t\u00fadia na UPJ\u0160 LF - Lek\u00e1rska fakulta | UPJ\u0160","og_description":"Formul\u00e1re potrebn\u00e9 k zaradeniu do \u0161pecializa\u010dn\u00e9ho \u0161t\u00fadia &#8211; LEK\u00c1R Formul\u00e1re potrebn\u00e9 k zaradeniu do \u0161pecializa\u010dn\u00e9ho \u0161t\u00fadia &#8211; SESTRA Formul\u00e1re potrebn\u00e9 k zaradeniu do \u0161pecializa\u010dn\u00e9ho \u0161t\u00fadia len do \u0161pecializa\u010dn\u00e9ho odboru \u2013 ZDRAVOTN\u00cdCKY MANA\u017dMENT A FINANCOVANIE &#8211; LEK\u00c1R A SESTRA Formul\u00e1re potrebn\u00e9 k zaradeniu do certifika\u010dnej pr\u00edpravy","og_url":"https:\/\/www.upjs.sk\/lekarska-fakulta\/studenti-lf\/dalsie-vzdelavanie\/formulare\/zaradenie-do-specializacneho-studia\/","og_site_name":"Lek\u00e1rska fakulta | UPJ\u0160","article_modified_time":"2024-09-03T07:08:15+00:00","twitter_card":"summary_large_image","twitter_misc":{"Predpokladan\u00fd \u010das \u010d\u00edtania":"2 min\u00faty"},"schema":{"@context":"https:\/\/schema.org","@graph":[{"@type":"WebPage","@id":"https:\/\/www.upjs.sk\/lekarska-fakulta\/studenti-lf\/dalsie-vzdelavanie\/formulare\/zaradenie-do-specializacneho-studia\/","url":"https:\/\/www.upjs.sk\/lekarska-fakulta\/studenti-lf\/dalsie-vzdelavanie\/formulare\/zaradenie-do-specializacneho-studia\/","name":"Zaradenie do \u0161pecializa\u010dn\u00e9ho \u0161t\u00fadia na UPJ\u0160 LF - Lek\u00e1rska fakulta | UPJ\u0160","isPartOf":{"@id":"https:\/\/www.upjs.sk\/lekarska-fakulta\/#website"},"datePublished":"2023-02-05T11:15:56+00:00","dateModified":"2024-09-03T07:08:15+00:00","breadcrumb":{"@id":"https:\/\/www.upjs.sk\/lekarska-fakulta\/studenti-lf\/dalsie-vzdelavanie\/formulare\/zaradenie-do-specializacneho-studia\/#breadcrumb"},"inLanguage":"sk-SK","potentialAction":[{"@type":"ReadAction","target":["https:\/\/www.upjs.sk\/lekarska-fakulta\/studenti-lf\/dalsie-vzdelavanie\/formulare\/zaradenie-do-specializacneho-studia\/"]}]},{"@type":"BreadcrumbList","@id":"https:\/\/www.upjs.sk\/lekarska-fakulta\/studenti-lf\/dalsie-vzdelavanie\/formulare\/zaradenie-do-specializacneho-studia\/#breadcrumb","itemListElement":[{"@type":"ListItem","position":1,"name":"Home","item":"https:\/\/www.upjs.sk\/lekarska-fakulta\/"},{"@type":"ListItem","position":2,"name":"\u0160tudenti","item":"https:\/\/www.upjs.sk\/lekarska-fakulta\/studenti-lf\/"},{"@type":"ListItem","position":3,"name":"\u010eal\u0161ie vzdel\u00e1vanie zdravotn\u00edckych pracovn\u00edkov","item":"https:\/\/www.upjs.sk\/lekarska-fakulta\/studenti-lf\/dalsie-vzdelavanie\/"},{"@type":"ListItem","position":4,"name":"Formul\u00e1re na stiahnutie","item":"https:\/\/www.upjs.sk\/lekarska-fakulta\/studenti-lf\/dalsie-vzdelavanie\/formulare\/"},{"@type":"ListItem","position":5,"name":"Zaradenie do \u0161pecializa\u010dn\u00e9ho \u0161t\u00fadia na UPJ\u0160 LF"}]},{"@type":"WebSite","@id":"https:\/\/www.upjs.sk\/lekarska-fakulta\/#website","url":"https:\/\/www.upjs.sk\/lekarska-fakulta\/","name":"Lek\u00e1rska fakulta | UPJ\u0160","description":"","publisher":{"@id":"https:\/\/www.upjs.sk\/lekarska-fakulta\/#organization"},"potentialAction":[{"@type":"SearchAction","target":{"@type":"EntryPoint","urlTemplate":"https:\/\/www.upjs.sk\/lekarska-fakulta\/?s={search_term_string}"},"query-input":{"@type":"PropertyValueSpecification","valueRequired":true,"valueName":"search_term_string"}}],"inLanguage":"sk-SK"},{"@type":"Organization","@id":"https:\/\/www.upjs.sk\/lekarska-fakulta\/#organization","name":"Lek\u00e1rska fakulta | UPJ\u0160","url":"https:\/\/www.upjs.sk\/lekarska-fakulta\/","logo":{"@type":"ImageObject","inLanguage":"sk-SK","@id":"https:\/\/www.upjs.sk\/lekarska-fakulta\/#\/schema\/logo\/image\/","url":"https:\/\/www.upjs.sk\/app\/uploads\/sites\/9\/2022\/09\/logo-lekarska-fakulta.png","contentUrl":"https:\/\/www.upjs.sk\/app\/uploads\/sites\/9\/2022\/09\/logo-lekarska-fakulta.png","width":415,"height":87,"caption":"Lek\u00e1rska fakulta | UPJ\u0160"},"image":{"@id":"https:\/\/www.upjs.sk\/lekarska-fakulta\/#\/schema\/logo\/image\/"}}]}},"_links":{"self":[{"href":"https:\/\/www.upjs.sk\/lekarska-fakulta\/wp-json\/wp\/v2\/pages\/15616","targetHints":{"allow":["GET"]}}],"collection":[{"href":"https:\/\/www.upjs.sk\/lekarska-fakulta\/wp-json\/wp\/v2\/pages"}],"about":[{"href":"https:\/\/www.upjs.sk\/lekarska-fakulta\/wp-json\/wp\/v2\/types\/page"}],"author":[{"embeddable":true,"href":"https:\/\/www.upjs.sk\/lekarska-fakulta\/wp-json\/wp\/v2\/users\/1"}],"replies":[{"embeddable":true,"href":"https:\/\/www.upjs.sk\/lekarska-fakulta\/wp-json\/wp\/v2\/comments?post=15616"}],"version-history":[{"count":20,"href":"https:\/\/www.upjs.sk\/lekarska-fakulta\/wp-json\/wp\/v2\/pages\/15616\/revisions"}],"predecessor-version":[{"id":117354,"href":"https:\/\/www.upjs.sk\/lekarska-fakulta\/wp-json\/wp\/v2\/pages\/15616\/revisions\/117354"}],"up":[{"embeddable":true,"href":"https:\/\/www.upjs.sk\/lekarska-fakulta\/wp-json\/wp\/v2\/pages\/15579"}],"wp:attachment":[{"href":"https:\/\/www.upjs.sk\/lekarska-fakulta\/wp-json\/wp\/v2\/media?parent=15616"}],"wp:term":[{"taxonomy":"category","embeddable":true,"href":"https:\/\/www.upjs.sk\/lekarska-fakulta\/wp-json\/wp\/v2\/categories?post=15616"},{"taxonomy":"post_tag","embeddable":true,"href":"https:\/\/www.upjs.sk\/lekarska-fakulta\/wp-json\/wp\/v2\/tags?post=15616"}],"curies":[{"name":"wp","href":"https:\/\/api.w.org\/{rel}","templated":true}]}}