{"id":15630,"date":"2023-02-05T12:38:36","date_gmt":"2023-02-05T11:38:36","guid":{"rendered":"https:\/\/www.upjs.sk\/lekarska-fakulta\/studium-na-fakulte\/dalsie-vzdelavanie\/prihlasky\/"},"modified":"2024-03-07T09:02:09","modified_gmt":"2024-03-07T08:02:09","slug":"prihlasky","status":"publish","type":"page","link":"https:\/\/www.upjs.sk\/lekarska-fakulta\/studenti-lf\/dalsie-vzdelavanie\/formulare\/prihlasky\/","title":{"rendered":"Prihl\u00e1\u0161ky a \u017eiadosti"},"content":{"rendered":"<style>.wp-block-kadence-advancedheading.kt-adv-heading15630_933b80-77, .wp-block-kadence-advancedheading.kt-adv-heading15630_933b80-77[data-kb-block=\"kb-adv-heading15630_933b80-77\"]{font-style:normal;}.wp-block-kadence-advancedheading.kt-adv-heading15630_933b80-77 mark.kt-highlight, .wp-block-kadence-advancedheading.kt-adv-heading15630_933b80-77[data-kb-block=\"kb-adv-heading15630_933b80-77\"] mark.kt-highlight{font-style:normal;color:#f76a0c;-webkit-box-decoration-break:clone;box-decoration-break:clone;padding-top:0px;padding-right:0px;padding-bottom:0px;padding-left:0px;}<\/style>\n<h4 class=\"kt-adv-heading15630_933b80-77 wp-block-kadence-advancedheading\" data-kb-block=\"kb-adv-heading15630_933b80-77\">Prihl\u00e1\u0161ky &#8211; \u0161pecializa\u010dn\u00e9 \u0161t\u00fadium<\/h4>\n\n\n\n<ul class=\"wp-block-list\">\n<li><a href=\"https:\/\/www.upjs.sk\/app\/uploads\/sites\/9\/2022\/09\/1_PRIHLASKA_na_zaverecnu_skusku.doc\" class=\"ek-link\">Prihl\u00e1\u0161ka na \u0161pecializa\u010dn\u00fa sk\u00fa\u0161ku<\/a><\/li>\n\n\n\n<li><a href=\"https:\/\/www.upjs.sk\/app\/uploads\/sites\/9\/2023\/03\/Prihlaska_na_TEST_SIK.pdf\" class=\"ek-link\">Prihl\u00e1\u0161ka na test<\/a> &#8211; spolo\u010dn\u00fd internistick\u00fd kme\u0148 SIK<\/li>\n\n\n\n<li><a href=\"https:\/\/www.upjs.sk\/app\/uploads\/sites\/9\/2022\/09\/Prihlaska_na_POHOVOR_SCHK.docx\" class=\"ek-link\">Prihl\u00e1\u0161ka na pohovor<\/a> &#8211; spolo\u010dn\u00fd chirurgick\u00fd kme\u0148 SCHK<\/li>\n\n\n\n<li><a href=\"https:\/\/www.upjs.sk\/app\/uploads\/sites\/9\/2022\/09\/Prihlaska_kurz_vseobecna.doc\" class=\"ek-link\">Prihl\u00e1\u0161ka na vzdel\u00e1vaciu aktivitu \u2013 kurz<\/a> &#8211; <strong>pre:<\/strong> \u0161pecializa\u010dn\u00e9 \u0161t\u00fadium: lek\u00e1r \/ zubn\u00fd lek\u00e1r<\/li>\n\n\n\n<li><a href=\"https:\/\/www.upjs.sk\/app\/uploads\/sites\/9\/2022\/09\/Prihlaska_kurz_bez_uhrady.doc\" class=\"ek-link\">Prihl\u00e1\u0161ka na vzdel\u00e1vaciu aktivitu \u2013 kurz<\/a> &#8211; <strong>pre:<\/strong> \u0161pecializa\u010dn\u00e9 \u0161t\u00fadium: sestra \/ fyzioterapeut \/ ZMaF; certifika\u010dn\u00e1 pr\u00edprava: lek\u00e1r \/ zubn\u00fd lek\u00e1r<\/li>\n<\/ul>\n\n\n\n<div style=\"height:20px\" aria-hidden=\"true\" class=\"wp-block-spacer\"><\/div>\n\n\n<style>.wp-block-kadence-advancedheading.kt-adv-heading15630_2428e4-10, .wp-block-kadence-advancedheading.kt-adv-heading15630_2428e4-10[data-kb-block=\"kb-adv-heading15630_2428e4-10\"]{font-style:normal;}.wp-block-kadence-advancedheading.kt-adv-heading15630_2428e4-10 mark.kt-highlight, .wp-block-kadence-advancedheading.kt-adv-heading15630_2428e4-10[data-kb-block=\"kb-adv-heading15630_2428e4-10\"] mark.kt-highlight{font-style:normal;color:#f76a0c;-webkit-box-decoration-break:clone;box-decoration-break:clone;padding-top:0px;padding-right:0px;padding-bottom:0px;padding-left:0px;}<\/style>\n<h4 class=\"kt-adv-heading15630_2428e4-10 wp-block-kadence-advancedheading\" data-kb-block=\"kb-adv-heading15630_2428e4-10\">\u017diadosti o vykonanie odbornej st\u00e1\u017ee &#8211; \u0161pecializa\u010dn\u00e9 \u0161t\u00fadium\/certifika\u010dn\u00e1 pr\u00edprava<\/h4>\n\n\n\n<ul class=\"wp-block-list\">\n<li><a href=\"https:\/\/www.upjs.sk\/app\/uploads\/sites\/9\/2022\/09\/ziadost_o_vykonanie_odbornej_staze.doc\" class=\"ek-link\">\u017diados\u0165 o vykonanie odbornej st\u00e1\u017ee<\/a><\/li>\n\n\n\n<li><a href=\"https:\/\/www.upjs.sk\/app\/uploads\/sites\/9\/2022\/09\/zamestnanec_LF_suhlas_veduceho_pracoviska.doc\" class=\"ek-link\">Pr\u00edloha k \u017eiadosti zamestnanca UPJ\u0160 LF o vykonanie odbornej st\u00e1\u017ee<\/a><\/li>\n\n\n\n<li><a href=\"https:\/\/www.upjs.sk\/app\/uploads\/sites\/9\/2022\/09\/interni_doktorandi_suhlas_skolitela.doc\" class=\"ek-link\">Pr\u00edloha k \u017eiadosti intern\u00e9ho doktoranda \u2013 \u00fa\u010dastn\u00edka \u0161pecializa\u010dn\u00e9ho \u0161t\u00fadia na UPJ\u0160 LF \u2013 o&nbsp;vykonanie odbornej st\u00e1\u017ee<\/a><\/li>\n<\/ul>\n","protected":false},"excerpt":{"rendered":"<p>Prihl\u00e1\u0161ky &#8211; \u0161pecializa\u010dn\u00e9 \u0161t\u00fadium \u017diadosti o vykonanie odbornej st\u00e1\u017ee &#8211; \u0161pecializa\u010dn\u00e9 \u0161t\u00fadium\/certifika\u010dn\u00e1 pr\u00edprava<\/p>\n","protected":false},"author":1,"featured_media":0,"parent":15579,"menu_order":4,"comment_status":"closed","ping_status":"closed","template":"","meta":{"_acf_changed":false,"_editorskit_title_hidden":false,"_editorskit_reading_time":1,"_editorskit_is_block_options_detached":false,"_editorskit_block_options_position":"{}","footnotes":""},"categories":[],"tags":[],"class_list":["post-15630","page","type-page","status-publish","hentry"],"acf":{"acf_link_na_externy_obsah":""},"yoast_head":"<!-- This site is optimized with the Yoast SEO plugin v27.4 - https:\/\/yoast.com\/product\/yoast-seo-wordpress\/ -->\n<title>Prihl\u00e1\u0161ky a \u017eiadosti - Lek\u00e1rska fakulta | UPJ\u0160<\/title>\n<meta name=\"robots\" content=\"index, follow, max-snippet:-1, max-image-preview:large, max-video-preview:-1\" \/>\n<link rel=\"canonical\" href=\"https:\/\/www.upjs.sk\/lekarska-fakulta\/studenti-lf\/dalsie-vzdelavanie\/formulare\/prihlasky\/\" \/>\n<meta property=\"og:locale\" content=\"sk_SK\" \/>\n<meta property=\"og:type\" content=\"article\" \/>\n<meta property=\"og:title\" content=\"Prihl\u00e1\u0161ky a \u017eiadosti - Lek\u00e1rska fakulta | UPJ\u0160\" \/>\n<meta property=\"og:description\" content=\"Prihl\u00e1\u0161ky &#8211; \u0161pecializa\u010dn\u00e9 \u0161t\u00fadium \u017diadosti o vykonanie odbornej st\u00e1\u017ee &#8211; \u0161pecializa\u010dn\u00e9 \u0161t\u00fadium\/certifika\u010dn\u00e1 pr\u00edprava\" \/>\n<meta property=\"og:url\" content=\"https:\/\/www.upjs.sk\/lekarska-fakulta\/studenti-lf\/dalsie-vzdelavanie\/formulare\/prihlasky\/\" \/>\n<meta property=\"og:site_name\" content=\"Lek\u00e1rska fakulta | UPJ\u0160\" \/>\n<meta property=\"article:modified_time\" content=\"2024-03-07T08:02:09+00:00\" \/>\n<meta name=\"twitter:card\" content=\"summary_large_image\" \/>\n<meta name=\"twitter:label1\" content=\"Predpokladan\u00fd \u010das \u010d\u00edtania\" \/>\n\t<meta name=\"twitter:data1\" content=\"1 min\u00fata\" \/>\n<script type=\"application\/ld+json\" class=\"yoast-schema-graph\">{\"@context\":\"https:\\\/\\\/schema.org\",\"@graph\":[{\"@type\":\"WebPage\",\"@id\":\"https:\\\/\\\/www.upjs.sk\\\/lekarska-fakulta\\\/studenti-lf\\\/dalsie-vzdelavanie\\\/formulare\\\/prihlasky\\\/\",\"url\":\"https:\\\/\\\/www.upjs.sk\\\/lekarska-fakulta\\\/studenti-lf\\\/dalsie-vzdelavanie\\\/formulare\\\/prihlasky\\\/\",\"name\":\"Prihl\u00e1\u0161ky a \u017eiadosti - Lek\u00e1rska fakulta | UPJ\u0160\",\"isPartOf\":{\"@id\":\"https:\\\/\\\/www.upjs.sk\\\/lekarska-fakulta\\\/#website\"},\"datePublished\":\"2023-02-05T11:38:36+00:00\",\"dateModified\":\"2024-03-07T08:02:09+00:00\",\"breadcrumb\":{\"@id\":\"https:\\\/\\\/www.upjs.sk\\\/lekarska-fakulta\\\/studenti-lf\\\/dalsie-vzdelavanie\\\/formulare\\\/prihlasky\\\/#breadcrumb\"},\"inLanguage\":\"sk-SK\",\"potentialAction\":[{\"@type\":\"ReadAction\",\"target\":[\"https:\\\/\\\/www.upjs.sk\\\/lekarska-fakulta\\\/studenti-lf\\\/dalsie-vzdelavanie\\\/formulare\\\/prihlasky\\\/\"]}]},{\"@type\":\"BreadcrumbList\",\"@id\":\"https:\\\/\\\/www.upjs.sk\\\/lekarska-fakulta\\\/studenti-lf\\\/dalsie-vzdelavanie\\\/formulare\\\/prihlasky\\\/#breadcrumb\",\"itemListElement\":[{\"@type\":\"ListItem\",\"position\":1,\"name\":\"Home\",\"item\":\"https:\\\/\\\/www.upjs.sk\\\/lekarska-fakulta\\\/\"},{\"@type\":\"ListItem\",\"position\":2,\"name\":\"\u0160tudenti\",\"item\":\"https:\\\/\\\/www.upjs.sk\\\/lekarska-fakulta\\\/studenti-lf\\\/\"},{\"@type\":\"ListItem\",\"position\":3,\"name\":\"\u010eal\u0161ie vzdel\u00e1vanie zdravotn\u00edckych pracovn\u00edkov\",\"item\":\"https:\\\/\\\/www.upjs.sk\\\/lekarska-fakulta\\\/studenti-lf\\\/dalsie-vzdelavanie\\\/\"},{\"@type\":\"ListItem\",\"position\":4,\"name\":\"Formul\u00e1re na stiahnutie\",\"item\":\"https:\\\/\\\/www.upjs.sk\\\/lekarska-fakulta\\\/studenti-lf\\\/dalsie-vzdelavanie\\\/formulare\\\/\"},{\"@type\":\"ListItem\",\"position\":5,\"name\":\"Prihl\u00e1\u0161ky a \u017eiadosti\"}]},{\"@type\":\"WebSite\",\"@id\":\"https:\\\/\\\/www.upjs.sk\\\/lekarska-fakulta\\\/#website\",\"url\":\"https:\\\/\\\/www.upjs.sk\\\/lekarska-fakulta\\\/\",\"name\":\"Lek\u00e1rska fakulta | UPJ\u0160\",\"description\":\"\",\"publisher\":{\"@id\":\"https:\\\/\\\/www.upjs.sk\\\/lekarska-fakulta\\\/#organization\"},\"potentialAction\":[{\"@type\":\"SearchAction\",\"target\":{\"@type\":\"EntryPoint\",\"urlTemplate\":\"https:\\\/\\\/www.upjs.sk\\\/lekarska-fakulta\\\/?s={search_term_string}\"},\"query-input\":{\"@type\":\"PropertyValueSpecification\",\"valueRequired\":true,\"valueName\":\"search_term_string\"}}],\"inLanguage\":\"sk-SK\"},{\"@type\":\"Organization\",\"@id\":\"https:\\\/\\\/www.upjs.sk\\\/lekarska-fakulta\\\/#organization\",\"name\":\"Lek\u00e1rska fakulta | UPJ\u0160\",\"url\":\"https:\\\/\\\/www.upjs.sk\\\/lekarska-fakulta\\\/\",\"logo\":{\"@type\":\"ImageObject\",\"inLanguage\":\"sk-SK\",\"@id\":\"https:\\\/\\\/www.upjs.sk\\\/lekarska-fakulta\\\/#\\\/schema\\\/logo\\\/image\\\/\",\"url\":\"https:\\\/\\\/www.upjs.sk\\\/app\\\/uploads\\\/sites\\\/9\\\/2022\\\/09\\\/logo-lekarska-fakulta.png\",\"contentUrl\":\"https:\\\/\\\/www.upjs.sk\\\/app\\\/uploads\\\/sites\\\/9\\\/2022\\\/09\\\/logo-lekarska-fakulta.png\",\"width\":415,\"height\":87,\"caption\":\"Lek\u00e1rska fakulta | UPJ\u0160\"},\"image\":{\"@id\":\"https:\\\/\\\/www.upjs.sk\\\/lekarska-fakulta\\\/#\\\/schema\\\/logo\\\/image\\\/\"}}]}<\/script>\n<!-- \/ Yoast SEO plugin. -->","yoast_head_json":{"title":"Prihl\u00e1\u0161ky a \u017eiadosti - Lek\u00e1rska fakulta | UPJ\u0160","robots":{"index":"index","follow":"follow","max-snippet":"max-snippet:-1","max-image-preview":"max-image-preview:large","max-video-preview":"max-video-preview:-1"},"canonical":"https:\/\/www.upjs.sk\/lekarska-fakulta\/studenti-lf\/dalsie-vzdelavanie\/formulare\/prihlasky\/","og_locale":"sk_SK","og_type":"article","og_title":"Prihl\u00e1\u0161ky a \u017eiadosti - Lek\u00e1rska fakulta | UPJ\u0160","og_description":"Prihl\u00e1\u0161ky &#8211; \u0161pecializa\u010dn\u00e9 \u0161t\u00fadium \u017diadosti o vykonanie odbornej st\u00e1\u017ee &#8211; \u0161pecializa\u010dn\u00e9 \u0161t\u00fadium\/certifika\u010dn\u00e1 pr\u00edprava","og_url":"https:\/\/www.upjs.sk\/lekarska-fakulta\/studenti-lf\/dalsie-vzdelavanie\/formulare\/prihlasky\/","og_site_name":"Lek\u00e1rska fakulta | UPJ\u0160","article_modified_time":"2024-03-07T08:02:09+00:00","twitter_card":"summary_large_image","twitter_misc":{"Predpokladan\u00fd \u010das \u010d\u00edtania":"1 min\u00fata"},"schema":{"@context":"https:\/\/schema.org","@graph":[{"@type":"WebPage","@id":"https:\/\/www.upjs.sk\/lekarska-fakulta\/studenti-lf\/dalsie-vzdelavanie\/formulare\/prihlasky\/","url":"https:\/\/www.upjs.sk\/lekarska-fakulta\/studenti-lf\/dalsie-vzdelavanie\/formulare\/prihlasky\/","name":"Prihl\u00e1\u0161ky a \u017eiadosti - Lek\u00e1rska fakulta | UPJ\u0160","isPartOf":{"@id":"https:\/\/www.upjs.sk\/lekarska-fakulta\/#website"},"datePublished":"2023-02-05T11:38:36+00:00","dateModified":"2024-03-07T08:02:09+00:00","breadcrumb":{"@id":"https:\/\/www.upjs.sk\/lekarska-fakulta\/studenti-lf\/dalsie-vzdelavanie\/formulare\/prihlasky\/#breadcrumb"},"inLanguage":"sk-SK","potentialAction":[{"@type":"ReadAction","target":["https:\/\/www.upjs.sk\/lekarska-fakulta\/studenti-lf\/dalsie-vzdelavanie\/formulare\/prihlasky\/"]}]},{"@type":"BreadcrumbList","@id":"https:\/\/www.upjs.sk\/lekarska-fakulta\/studenti-lf\/dalsie-vzdelavanie\/formulare\/prihlasky\/#breadcrumb","itemListElement":[{"@type":"ListItem","position":1,"name":"Home","item":"https:\/\/www.upjs.sk\/lekarska-fakulta\/"},{"@type":"ListItem","position":2,"name":"\u0160tudenti","item":"https:\/\/www.upjs.sk\/lekarska-fakulta\/studenti-lf\/"},{"@type":"ListItem","position":3,"name":"\u010eal\u0161ie vzdel\u00e1vanie zdravotn\u00edckych pracovn\u00edkov","item":"https:\/\/www.upjs.sk\/lekarska-fakulta\/studenti-lf\/dalsie-vzdelavanie\/"},{"@type":"ListItem","position":4,"name":"Formul\u00e1re na stiahnutie","item":"https:\/\/www.upjs.sk\/lekarska-fakulta\/studenti-lf\/dalsie-vzdelavanie\/formulare\/"},{"@type":"ListItem","position":5,"name":"Prihl\u00e1\u0161ky a \u017eiadosti"}]},{"@type":"WebSite","@id":"https:\/\/www.upjs.sk\/lekarska-fakulta\/#website","url":"https:\/\/www.upjs.sk\/lekarska-fakulta\/","name":"Lek\u00e1rska fakulta | UPJ\u0160","description":"","publisher":{"@id":"https:\/\/www.upjs.sk\/lekarska-fakulta\/#organization"},"potentialAction":[{"@type":"SearchAction","target":{"@type":"EntryPoint","urlTemplate":"https:\/\/www.upjs.sk\/lekarska-fakulta\/?s={search_term_string}"},"query-input":{"@type":"PropertyValueSpecification","valueRequired":true,"valueName":"search_term_string"}}],"inLanguage":"sk-SK"},{"@type":"Organization","@id":"https:\/\/www.upjs.sk\/lekarska-fakulta\/#organization","name":"Lek\u00e1rska fakulta | UPJ\u0160","url":"https:\/\/www.upjs.sk\/lekarska-fakulta\/","logo":{"@type":"ImageObject","inLanguage":"sk-SK","@id":"https:\/\/www.upjs.sk\/lekarska-fakulta\/#\/schema\/logo\/image\/","url":"https:\/\/www.upjs.sk\/app\/uploads\/sites\/9\/2022\/09\/logo-lekarska-fakulta.png","contentUrl":"https:\/\/www.upjs.sk\/app\/uploads\/sites\/9\/2022\/09\/logo-lekarska-fakulta.png","width":415,"height":87,"caption":"Lek\u00e1rska fakulta | UPJ\u0160"},"image":{"@id":"https:\/\/www.upjs.sk\/lekarska-fakulta\/#\/schema\/logo\/image\/"}}]}},"_links":{"self":[{"href":"https:\/\/www.upjs.sk\/lekarska-fakulta\/wp-json\/wp\/v2\/pages\/15630","targetHints":{"allow":["GET"]}}],"collection":[{"href":"https:\/\/www.upjs.sk\/lekarska-fakulta\/wp-json\/wp\/v2\/pages"}],"about":[{"href":"https:\/\/www.upjs.sk\/lekarska-fakulta\/wp-json\/wp\/v2\/types\/page"}],"author":[{"embeddable":true,"href":"https:\/\/www.upjs.sk\/lekarska-fakulta\/wp-json\/wp\/v2\/users\/1"}],"replies":[{"embeddable":true,"href":"https:\/\/www.upjs.sk\/lekarska-fakulta\/wp-json\/wp\/v2\/comments?post=15630"}],"version-history":[{"count":5,"href":"https:\/\/www.upjs.sk\/lekarska-fakulta\/wp-json\/wp\/v2\/pages\/15630\/revisions"}],"predecessor-version":[{"id":110093,"href":"https:\/\/www.upjs.sk\/lekarska-fakulta\/wp-json\/wp\/v2\/pages\/15630\/revisions\/110093"}],"up":[{"embeddable":true,"href":"https:\/\/www.upjs.sk\/lekarska-fakulta\/wp-json\/wp\/v2\/pages\/15579"}],"wp:attachment":[{"href":"https:\/\/www.upjs.sk\/lekarska-fakulta\/wp-json\/wp\/v2\/media?parent=15630"}],"wp:term":[{"taxonomy":"category","embeddable":true,"href":"https:\/\/www.upjs.sk\/lekarska-fakulta\/wp-json\/wp\/v2\/categories?post=15630"},{"taxonomy":"post_tag","embeddable":true,"href":"https:\/\/www.upjs.sk\/lekarska-fakulta\/wp-json\/wp\/v2\/tags?post=15630"}],"curies":[{"name":"wp","href":"https:\/\/api.w.org\/{rel}","templated":true}]}}