{"id":15651,"date":"2023-02-05T13:25:39","date_gmt":"2023-02-05T12:25:39","guid":{"rendered":"https:\/\/www.upjs.sk\/lekarska-fakulta\/studium-na-fakulte\/dalsie-vzdelavanie\/certifikacna-skuska\/"},"modified":"2023-02-05T13:30:38","modified_gmt":"2023-02-05T12:30:38","slug":"certifikacna-skuska","status":"publish","type":"page","link":"https:\/\/www.upjs.sk\/lekarska-fakulta\/studenti-lf\/dalsie-vzdelavanie\/formulare\/certifikacna-skuska\/","title":{"rendered":"Certifika\u010dn\u00e1 sk\u00fa\u0161ka"},"content":{"rendered":"<style>.wp-block-kadence-advancedheading.kt-adv-heading_1faba1-87, .wp-block-kadence-advancedheading.kt-adv-heading_1faba1-87[data-kb-block=\"kb-adv-heading_1faba1-87\"]{font-style:normal;}.wp-block-kadence-advancedheading.kt-adv-heading_1faba1-87 mark.kt-highlight, .wp-block-kadence-advancedheading.kt-adv-heading_1faba1-87[data-kb-block=\"kb-adv-heading_1faba1-87\"] mark.kt-highlight{font-style:normal;color:#f76a0c;-webkit-box-decoration-break:clone;box-decoration-break:clone;padding-top:0px;padding-right:0px;padding-bottom:0px;padding-left:0px;}<\/style>\n<h4 class=\"kt-adv-heading_1faba1-87 wp-block-kadence-advancedheading\" data-kb-block=\"kb-adv-heading_1faba1-87\">Certifika\u010dn\u00e1 pr\u00edprava \u2013 doklady povinn\u00e9 k certifika\u010dnej sk\u00fa\u0161ke<\/h4>\n\n\n\n<p><strong>Certifika\u010dn\u00e1 sk\u00fa\u0161ka:<\/strong> <br>Na sk\u00fa\u0161ku sa \u00fa\u010dastn\u00edk hl\u00e1si prihl\u00e1\u0161kou na certifika\u010dn\u00fa sk\u00fa\u0161ku, najnesk\u00f4r 1 mesiac pred term\u00ednom sk\u00fa\u0161ky, po splnen\u00ed v\u0161etk\u00fdch po\u017eadovan\u00fdch krit\u00e9ri\u00ed \u2013 absolvovanie povinnej odbornej praxe, zdravotn\u00fdch v\u00fdkonov a \u00fa\u010dasti na v\u0161etk\u00fdch povinn\u00fdch vzdel\u00e1vac\u00edch aktivit\u00e1ch pod\u013ea akreditovan\u00e9ho certifika\u010dn\u00e9ho \u0161tudijn\u00e9ho programu! <strong>Na Oddelenie pre \u010fal\u0161ie vzdel\u00e1vanie zdravotn\u00edckych pracovn\u00edkov UPJ\u0160 LF, \u0161tudent odovzd\u00e1:<\/strong><\/p>\n\n\n\n<ul class=\"wp-block-list\">\n<li><strong>Prihl\u00e1\u0161ku na certifika\u010dn\u00fa sk\u00fa\u0161ku<\/strong>, <em>lek\u00e1r\/zubn\u00fd lek\u00e1r<\/em> &#8211; <a href=\"https:\/\/www.upjs.sk\/app\/uploads\/sites\/9\/2022\/09\/Prihlaska_na_CS_-Somnologia.doc\" class=\"ek-link\">Prihl\u00e1\u0161ka na certifika\u010dn\u00fa sk\u00fa\u0161ku<\/a><\/li>\n\n\n\n<li><strong>\u0160pecializa\u010dn\u00fd index<\/strong><\/li>\n\n\n\n<li><strong>Z\u00e1znamn\u00edk zdravotn\u00fdch v\u00fdkonov<\/strong><\/li>\n<\/ul>\n\n\n\n<div style=\"height:20px\" aria-hidden=\"true\" class=\"wp-block-spacer\"><\/div>\n\n\n\n<p><strong>V\u0161etky doklady musia by\u0165 vyp\u00edsan\u00e9 a podp\u00edsan\u00e9 pridelen\u00fdm \u0161kolite\u013eom a garantom pr\u00edslu\u0161n\u00e9ho programu!<\/strong><br><em><a href=\"https:\/\/www.upjs.sk\/lekarska-fakulta\/fakulta\/zakladne-dokumenty\/\" target=\"_blank\" aria-label=\"\u0160tudijn\u00fd poriadok pre \u010fal\u0161ie vzdel\u00e1vanie zdravotn\u00edckych pracovn\u00edkov Univerzity Pavla Jozefa \u0160af\u00e1rika v Ko\u0161iciach, Lek\u00e1rskej fakulty (opens in a new tab)\" rel=\"noreferrer noopener\" class=\"ek-link\">\u0160tudijn\u00fd poriadok pre \u010fal\u0161ie vzdel\u00e1vanie zdravotn\u00edckych pracovn\u00edkov Univerzity Pavla Jozefa \u0160af\u00e1rika v Ko\u0161iciach, Lek\u00e1rskej fakulty<\/a> \u2013 platnos\u0165 od 15.06.2022<\/em><\/p>\n","protected":false},"excerpt":{"rendered":"<p>Certifika\u010dn\u00e1 pr\u00edprava \u2013 doklady povinn\u00e9 k certifika\u010dnej sk\u00fa\u0161ke Certifika\u010dn\u00e1 sk\u00fa\u0161ka: Na sk\u00fa\u0161ku sa \u00fa\u010dastn\u00edk hl\u00e1si prihl\u00e1\u0161kou na certifika\u010dn\u00fa sk\u00fa\u0161ku, najnesk\u00f4r 1 mesiac pred term\u00ednom sk\u00fa\u0161ky, po splnen\u00ed v\u0161etk\u00fdch po\u017eadovan\u00fdch krit\u00e9ri\u00ed \u2013 absolvovanie povinnej odbornej praxe, zdravotn\u00fdch v\u00fdkonov a \u00fa\u010dasti na v\u0161etk\u00fdch povinn\u00fdch vzdel\u00e1vac\u00edch aktivit\u00e1ch pod\u013ea akreditovan\u00e9ho certifika\u010dn\u00e9ho \u0161tudijn\u00e9ho programu! Na Oddelenie pre \u010fal\u0161ie vzdel\u00e1vanie zdravotn\u00edckych &hellip; <a href=\"https:\/\/www.upjs.sk\/lekarska-fakulta\/studenti-lf\/dalsie-vzdelavanie\/formulare\/certifikacna-skuska\/\">\u010c\u00edta\u0165 \u010falej<\/a><\/p>\n","protected":false},"author":1,"featured_media":0,"parent":15579,"menu_order":10,"comment_status":"closed","ping_status":"closed","template":"","meta":{"_acf_changed":false,"_editorskit_title_hidden":false,"_editorskit_reading_time":1,"_editorskit_is_block_options_detached":false,"_editorskit_block_options_position":"{}","footnotes":""},"categories":[],"tags":[],"class_list":["post-15651","page","type-page","status-publish","hentry"],"acf":{"acf_link_na_externy_obsah":""},"yoast_head":"<!-- This site is optimized with the Yoast SEO plugin v27.4 - https:\/\/yoast.com\/product\/yoast-seo-wordpress\/ -->\n<title>Certifika\u010dn\u00e1 sk\u00fa\u0161ka - Lek\u00e1rska fakulta | UPJ\u0160<\/title>\n<meta name=\"robots\" content=\"index, follow, max-snippet:-1, max-image-preview:large, max-video-preview:-1\" \/>\n<link rel=\"canonical\" href=\"https:\/\/www.upjs.sk\/lekarska-fakulta\/studenti-lf\/dalsie-vzdelavanie\/formulare\/certifikacna-skuska\/\" \/>\n<meta property=\"og:locale\" content=\"sk_SK\" \/>\n<meta property=\"og:type\" content=\"article\" \/>\n<meta property=\"og:title\" content=\"Certifika\u010dn\u00e1 sk\u00fa\u0161ka - Lek\u00e1rska fakulta | UPJ\u0160\" \/>\n<meta property=\"og:description\" content=\"Certifika\u010dn\u00e1 pr\u00edprava \u2013 doklady povinn\u00e9 k certifika\u010dnej sk\u00fa\u0161ke Certifika\u010dn\u00e1 sk\u00fa\u0161ka: Na sk\u00fa\u0161ku sa \u00fa\u010dastn\u00edk hl\u00e1si prihl\u00e1\u0161kou na certifika\u010dn\u00fa sk\u00fa\u0161ku, najnesk\u00f4r 1 mesiac pred term\u00ednom sk\u00fa\u0161ky, po splnen\u00ed v\u0161etk\u00fdch po\u017eadovan\u00fdch krit\u00e9ri\u00ed \u2013 absolvovanie povinnej odbornej praxe, zdravotn\u00fdch v\u00fdkonov a \u00fa\u010dasti na v\u0161etk\u00fdch povinn\u00fdch vzdel\u00e1vac\u00edch aktivit\u00e1ch pod\u013ea akreditovan\u00e9ho certifika\u010dn\u00e9ho \u0161tudijn\u00e9ho programu! Na Oddelenie pre \u010fal\u0161ie vzdel\u00e1vanie zdravotn\u00edckych &hellip; \u010c\u00edta\u0165 \u010falej\" \/>\n<meta property=\"og:url\" content=\"https:\/\/www.upjs.sk\/lekarska-fakulta\/studenti-lf\/dalsie-vzdelavanie\/formulare\/certifikacna-skuska\/\" \/>\n<meta property=\"og:site_name\" content=\"Lek\u00e1rska fakulta | UPJ\u0160\" \/>\n<meta property=\"article:modified_time\" content=\"2023-02-05T12:30:38+00:00\" \/>\n<meta name=\"twitter:card\" content=\"summary_large_image\" \/>\n<meta name=\"twitter:label1\" content=\"Predpokladan\u00fd \u010das \u010d\u00edtania\" \/>\n\t<meta name=\"twitter:data1\" content=\"1 min\u00fata\" \/>\n<script type=\"application\/ld+json\" class=\"yoast-schema-graph\">{\"@context\":\"https:\\\/\\\/schema.org\",\"@graph\":[{\"@type\":\"WebPage\",\"@id\":\"https:\\\/\\\/www.upjs.sk\\\/lekarska-fakulta\\\/studenti-lf\\\/dalsie-vzdelavanie\\\/formulare\\\/certifikacna-skuska\\\/\",\"url\":\"https:\\\/\\\/www.upjs.sk\\\/lekarska-fakulta\\\/studenti-lf\\\/dalsie-vzdelavanie\\\/formulare\\\/certifikacna-skuska\\\/\",\"name\":\"Certifika\u010dn\u00e1 sk\u00fa\u0161ka - Lek\u00e1rska fakulta | UPJ\u0160\",\"isPartOf\":{\"@id\":\"https:\\\/\\\/www.upjs.sk\\\/lekarska-fakulta\\\/#website\"},\"datePublished\":\"2023-02-05T12:25:39+00:00\",\"dateModified\":\"2023-02-05T12:30:38+00:00\",\"breadcrumb\":{\"@id\":\"https:\\\/\\\/www.upjs.sk\\\/lekarska-fakulta\\\/studenti-lf\\\/dalsie-vzdelavanie\\\/formulare\\\/certifikacna-skuska\\\/#breadcrumb\"},\"inLanguage\":\"sk-SK\",\"potentialAction\":[{\"@type\":\"ReadAction\",\"target\":[\"https:\\\/\\\/www.upjs.sk\\\/lekarska-fakulta\\\/studenti-lf\\\/dalsie-vzdelavanie\\\/formulare\\\/certifikacna-skuska\\\/\"]}]},{\"@type\":\"BreadcrumbList\",\"@id\":\"https:\\\/\\\/www.upjs.sk\\\/lekarska-fakulta\\\/studenti-lf\\\/dalsie-vzdelavanie\\\/formulare\\\/certifikacna-skuska\\\/#breadcrumb\",\"itemListElement\":[{\"@type\":\"ListItem\",\"position\":1,\"name\":\"Home\",\"item\":\"https:\\\/\\\/www.upjs.sk\\\/lekarska-fakulta\\\/\"},{\"@type\":\"ListItem\",\"position\":2,\"name\":\"\u0160tudenti\",\"item\":\"https:\\\/\\\/www.upjs.sk\\\/lekarska-fakulta\\\/studenti-lf\\\/\"},{\"@type\":\"ListItem\",\"position\":3,\"name\":\"\u010eal\u0161ie vzdel\u00e1vanie zdravotn\u00edckych pracovn\u00edkov\",\"item\":\"https:\\\/\\\/www.upjs.sk\\\/lekarska-fakulta\\\/studenti-lf\\\/dalsie-vzdelavanie\\\/\"},{\"@type\":\"ListItem\",\"position\":4,\"name\":\"Formul\u00e1re na stiahnutie\",\"item\":\"https:\\\/\\\/www.upjs.sk\\\/lekarska-fakulta\\\/studenti-lf\\\/dalsie-vzdelavanie\\\/formulare\\\/\"},{\"@type\":\"ListItem\",\"position\":5,\"name\":\"Certifika\u010dn\u00e1 sk\u00fa\u0161ka\"}]},{\"@type\":\"WebSite\",\"@id\":\"https:\\\/\\\/www.upjs.sk\\\/lekarska-fakulta\\\/#website\",\"url\":\"https:\\\/\\\/www.upjs.sk\\\/lekarska-fakulta\\\/\",\"name\":\"Lek\u00e1rska fakulta | UPJ\u0160\",\"description\":\"\",\"publisher\":{\"@id\":\"https:\\\/\\\/www.upjs.sk\\\/lekarska-fakulta\\\/#organization\"},\"potentialAction\":[{\"@type\":\"SearchAction\",\"target\":{\"@type\":\"EntryPoint\",\"urlTemplate\":\"https:\\\/\\\/www.upjs.sk\\\/lekarska-fakulta\\\/?s={search_term_string}\"},\"query-input\":{\"@type\":\"PropertyValueSpecification\",\"valueRequired\":true,\"valueName\":\"search_term_string\"}}],\"inLanguage\":\"sk-SK\"},{\"@type\":\"Organization\",\"@id\":\"https:\\\/\\\/www.upjs.sk\\\/lekarska-fakulta\\\/#organization\",\"name\":\"Lek\u00e1rska fakulta | UPJ\u0160\",\"url\":\"https:\\\/\\\/www.upjs.sk\\\/lekarska-fakulta\\\/\",\"logo\":{\"@type\":\"ImageObject\",\"inLanguage\":\"sk-SK\",\"@id\":\"https:\\\/\\\/www.upjs.sk\\\/lekarska-fakulta\\\/#\\\/schema\\\/logo\\\/image\\\/\",\"url\":\"https:\\\/\\\/www.upjs.sk\\\/app\\\/uploads\\\/sites\\\/9\\\/2022\\\/09\\\/logo-lekarska-fakulta.png\",\"contentUrl\":\"https:\\\/\\\/www.upjs.sk\\\/app\\\/uploads\\\/sites\\\/9\\\/2022\\\/09\\\/logo-lekarska-fakulta.png\",\"width\":415,\"height\":87,\"caption\":\"Lek\u00e1rska fakulta | UPJ\u0160\"},\"image\":{\"@id\":\"https:\\\/\\\/www.upjs.sk\\\/lekarska-fakulta\\\/#\\\/schema\\\/logo\\\/image\\\/\"}}]}<\/script>\n<!-- \/ Yoast SEO plugin. -->","yoast_head_json":{"title":"Certifika\u010dn\u00e1 sk\u00fa\u0161ka - Lek\u00e1rska fakulta | UPJ\u0160","robots":{"index":"index","follow":"follow","max-snippet":"max-snippet:-1","max-image-preview":"max-image-preview:large","max-video-preview":"max-video-preview:-1"},"canonical":"https:\/\/www.upjs.sk\/lekarska-fakulta\/studenti-lf\/dalsie-vzdelavanie\/formulare\/certifikacna-skuska\/","og_locale":"sk_SK","og_type":"article","og_title":"Certifika\u010dn\u00e1 sk\u00fa\u0161ka - Lek\u00e1rska fakulta | UPJ\u0160","og_description":"Certifika\u010dn\u00e1 pr\u00edprava \u2013 doklady povinn\u00e9 k certifika\u010dnej sk\u00fa\u0161ke Certifika\u010dn\u00e1 sk\u00fa\u0161ka: Na sk\u00fa\u0161ku sa \u00fa\u010dastn\u00edk hl\u00e1si prihl\u00e1\u0161kou na certifika\u010dn\u00fa sk\u00fa\u0161ku, najnesk\u00f4r 1 mesiac pred term\u00ednom sk\u00fa\u0161ky, po splnen\u00ed v\u0161etk\u00fdch po\u017eadovan\u00fdch krit\u00e9ri\u00ed \u2013 absolvovanie povinnej odbornej praxe, zdravotn\u00fdch v\u00fdkonov a \u00fa\u010dasti na v\u0161etk\u00fdch povinn\u00fdch vzdel\u00e1vac\u00edch aktivit\u00e1ch pod\u013ea akreditovan\u00e9ho certifika\u010dn\u00e9ho \u0161tudijn\u00e9ho programu! Na Oddelenie pre \u010fal\u0161ie vzdel\u00e1vanie zdravotn\u00edckych &hellip; \u010c\u00edta\u0165 \u010falej","og_url":"https:\/\/www.upjs.sk\/lekarska-fakulta\/studenti-lf\/dalsie-vzdelavanie\/formulare\/certifikacna-skuska\/","og_site_name":"Lek\u00e1rska fakulta | UPJ\u0160","article_modified_time":"2023-02-05T12:30:38+00:00","twitter_card":"summary_large_image","twitter_misc":{"Predpokladan\u00fd \u010das \u010d\u00edtania":"1 min\u00fata"},"schema":{"@context":"https:\/\/schema.org","@graph":[{"@type":"WebPage","@id":"https:\/\/www.upjs.sk\/lekarska-fakulta\/studenti-lf\/dalsie-vzdelavanie\/formulare\/certifikacna-skuska\/","url":"https:\/\/www.upjs.sk\/lekarska-fakulta\/studenti-lf\/dalsie-vzdelavanie\/formulare\/certifikacna-skuska\/","name":"Certifika\u010dn\u00e1 sk\u00fa\u0161ka - Lek\u00e1rska fakulta | UPJ\u0160","isPartOf":{"@id":"https:\/\/www.upjs.sk\/lekarska-fakulta\/#website"},"datePublished":"2023-02-05T12:25:39+00:00","dateModified":"2023-02-05T12:30:38+00:00","breadcrumb":{"@id":"https:\/\/www.upjs.sk\/lekarska-fakulta\/studenti-lf\/dalsie-vzdelavanie\/formulare\/certifikacna-skuska\/#breadcrumb"},"inLanguage":"sk-SK","potentialAction":[{"@type":"ReadAction","target":["https:\/\/www.upjs.sk\/lekarska-fakulta\/studenti-lf\/dalsie-vzdelavanie\/formulare\/certifikacna-skuska\/"]}]},{"@type":"BreadcrumbList","@id":"https:\/\/www.upjs.sk\/lekarska-fakulta\/studenti-lf\/dalsie-vzdelavanie\/formulare\/certifikacna-skuska\/#breadcrumb","itemListElement":[{"@type":"ListItem","position":1,"name":"Home","item":"https:\/\/www.upjs.sk\/lekarska-fakulta\/"},{"@type":"ListItem","position":2,"name":"\u0160tudenti","item":"https:\/\/www.upjs.sk\/lekarska-fakulta\/studenti-lf\/"},{"@type":"ListItem","position":3,"name":"\u010eal\u0161ie vzdel\u00e1vanie zdravotn\u00edckych pracovn\u00edkov","item":"https:\/\/www.upjs.sk\/lekarska-fakulta\/studenti-lf\/dalsie-vzdelavanie\/"},{"@type":"ListItem","position":4,"name":"Formul\u00e1re na stiahnutie","item":"https:\/\/www.upjs.sk\/lekarska-fakulta\/studenti-lf\/dalsie-vzdelavanie\/formulare\/"},{"@type":"ListItem","position":5,"name":"Certifika\u010dn\u00e1 sk\u00fa\u0161ka"}]},{"@type":"WebSite","@id":"https:\/\/www.upjs.sk\/lekarska-fakulta\/#website","url":"https:\/\/www.upjs.sk\/lekarska-fakulta\/","name":"Lek\u00e1rska fakulta | UPJ\u0160","description":"","publisher":{"@id":"https:\/\/www.upjs.sk\/lekarska-fakulta\/#organization"},"potentialAction":[{"@type":"SearchAction","target":{"@type":"EntryPoint","urlTemplate":"https:\/\/www.upjs.sk\/lekarska-fakulta\/?s={search_term_string}"},"query-input":{"@type":"PropertyValueSpecification","valueRequired":true,"valueName":"search_term_string"}}],"inLanguage":"sk-SK"},{"@type":"Organization","@id":"https:\/\/www.upjs.sk\/lekarska-fakulta\/#organization","name":"Lek\u00e1rska fakulta | UPJ\u0160","url":"https:\/\/www.upjs.sk\/lekarska-fakulta\/","logo":{"@type":"ImageObject","inLanguage":"sk-SK","@id":"https:\/\/www.upjs.sk\/lekarska-fakulta\/#\/schema\/logo\/image\/","url":"https:\/\/www.upjs.sk\/app\/uploads\/sites\/9\/2022\/09\/logo-lekarska-fakulta.png","contentUrl":"https:\/\/www.upjs.sk\/app\/uploads\/sites\/9\/2022\/09\/logo-lekarska-fakulta.png","width":415,"height":87,"caption":"Lek\u00e1rska fakulta | UPJ\u0160"},"image":{"@id":"https:\/\/www.upjs.sk\/lekarska-fakulta\/#\/schema\/logo\/image\/"}}]}},"_links":{"self":[{"href":"https:\/\/www.upjs.sk\/lekarska-fakulta\/wp-json\/wp\/v2\/pages\/15651","targetHints":{"allow":["GET"]}}],"collection":[{"href":"https:\/\/www.upjs.sk\/lekarska-fakulta\/wp-json\/wp\/v2\/pages"}],"about":[{"href":"https:\/\/www.upjs.sk\/lekarska-fakulta\/wp-json\/wp\/v2\/types\/page"}],"author":[{"embeddable":true,"href":"https:\/\/www.upjs.sk\/lekarska-fakulta\/wp-json\/wp\/v2\/users\/1"}],"replies":[{"embeddable":true,"href":"https:\/\/www.upjs.sk\/lekarska-fakulta\/wp-json\/wp\/v2\/comments?post=15651"}],"version-history":[{"count":6,"href":"https:\/\/www.upjs.sk\/lekarska-fakulta\/wp-json\/wp\/v2\/pages\/15651\/revisions"}],"predecessor-version":[{"id":76583,"href":"https:\/\/www.upjs.sk\/lekarska-fakulta\/wp-json\/wp\/v2\/pages\/15651\/revisions\/76583"}],"up":[{"embeddable":true,"href":"https:\/\/www.upjs.sk\/lekarska-fakulta\/wp-json\/wp\/v2\/pages\/15579"}],"wp:attachment":[{"href":"https:\/\/www.upjs.sk\/lekarska-fakulta\/wp-json\/wp\/v2\/media?parent=15651"}],"wp:term":[{"taxonomy":"category","embeddable":true,"href":"https:\/\/www.upjs.sk\/lekarska-fakulta\/wp-json\/wp\/v2\/categories?post=15651"},{"taxonomy":"post_tag","embeddable":true,"href":"https:\/\/www.upjs.sk\/lekarska-fakulta\/wp-json\/wp\/v2\/tags?post=15651"}],"curies":[{"name":"wp","href":"https:\/\/api.w.org\/{rel}","templated":true}]}}