{"id":15888,"date":"2023-01-30T22:23:09","date_gmt":"2023-01-30T21:23:09","guid":{"rendered":"https:\/\/www.upjs.sk\/lekarska-fakulta\/studium-na-fakulte\/mimoskolska-cinnost\/smmk\/"},"modified":"2023-01-30T22:23:12","modified_gmt":"2023-01-30T21:23:12","slug":"smmk","status":"publish","type":"page","link":"https:\/\/www.upjs.sk\/lekarska-fakulta\/studenti-lf\/mimoskolska-cinnost\/smmk\/","title":{"rendered":"Spolok medikov mesta Ko\u0161ice"},"content":{"rendered":"\n<p><strong><a href=\"http:\/\/spolokmedikovke.sk\/\" target=\"_blank\" aria-label=\" (opens in a new tab)\" rel=\"noreferrer noopener\" class=\"ek-link\"><img decoding=\"async\" style=\"float: left; height: 100px; margin: 5px; width: 117px;\" src=\"http:\/\/www.upjs.sk\/\/app\/uploads\/sites\/9\/2022\/09\/smmk-2.png\" alt=\"\"><\/a>SMMK<\/strong> je stavovsk\u00e1, apolitick\u00e1, dobrovo\u013en\u00e1, neziskov\u00e1, z\u00e1ujmov\u00e1 organiz\u00e1cia zdru\u017euj\u00faca \u0161tudentov a absolventov UPJ\u0160 LF v Ko\u0161iciach, ktor\u00ed maj\u00fa z\u00e1ujem o rozv\u00edjanie vedeck\u00e9ho, kult\u00farno-spolo\u010densk\u00e9ho a \u0161portov\u00e9ho \u017eivota na fakulte. Poslan\u00edm spolku je zabezpe\u010dova\u0165 duchovn\u00fd rozvoj, kult\u00farno-spolo\u010densk\u00fd \u017eivot, ako aj zvy\u0161ova\u0165 odborn\u00fa \u00farove\u0148 \u0161tudentov a&nbsp;prispieva\u0165 tak k obohateniu osobnosti bud\u00faceho lek\u00e1ra.<\/p>\n\n\n\n<p><strong>SMMK<\/strong> je \u010dlenom <strong>Slovenskej asoci\u00e1cie \u0161tudentov medic\u00edny<\/strong> (<a href=\"https:\/\/www.slomsa.sk\/\" target=\"_blank\" aria-label=\" (opens in a new tab)\" rel=\"noreferrer noopener\" class=\"ek-link\"><strong>SloMSA<\/strong><\/a>), ktor\u00e1 je mimovl\u00e1dnou neziskovou organiz\u00e1ciou zdru\u017euj\u00facou a zastupuj\u00facou \u0161tudentov medic\u00edny slovensk\u00fdch lek\u00e1rskych fak\u00falt.<\/p>\n\n\n\n<p><strong>\u010clenom SMMK sa m\u00f4\u017ee sta\u0165 ka\u017ed\u00fd riadne zap\u00edsan\u00fd \u0161tudent UPJ\u0160 LF.<\/strong><\/p>\n\n\n\n<p><strong>V\u00fdhody \u010dlenstva<\/strong><\/p>\n\n\n\n<ul class=\"wp-block-list\">\n<li>Z\u013eavy na spolo\u010densk\u00e9 podujatia organizovan\u00e9 Spolok medikov mesta Ko\u0161ice alebo partnersk\u00fdmi organiz\u00e1ciami (spolo\u010densk\u00e9, \u0161portov\u00e9, kult\u00farne, &#8230;)<\/li>\n\n\n\n<li>Mo\u017enos\u0165 tla\u010de a kop\u00edrovania v priestoroch Spolku medikov mesta Ko\u0161ice<\/li>\n\n\n\n<li>Mo\u017enos\u0165 uch\u00e1dza\u0165 sa o zahrani\u010dn\u00fa st\u00e1\u017e v r\u00e1mci medzin\u00e1rodn\u00fdch st\u00e1\u017ei IFMSA (International federation of medical students associations) &#8211; V\u00fdskumn\u00e9 alebo profesion\u00e1lne &#8211; klinick\u00e9 st\u00e1\u017ee<\/li>\n\n\n\n<li>Mo\u017enos\u0165 z\u00fa\u010dastni\u0165 sa n\u00e1rodn\u00e9ho valn\u00e9ho zhroma\u017edenia Slovenskej asoci\u00e1cie \u0161tudentov medic\u00edny (SloMSA &#8211; Slovak medical students association)<\/li>\n\n\n\n<li>R\u00fdchly a efekt\u00edvny pr\u00edstup k inform\u00e1ci\u00e1m o \u0161t\u00fadiu, \u0161kole, pripravovan\u00fdch podujatiach a projektoch, ako aj z akademick\u00fdch sen\u00e1tov univerzity a fak\u00falt<\/li>\n\n\n\n<li>Mo\u017enos\u0165 spozna\u0165 nov\u00fd \u013eud\u00ed a vybudova\u0165 si priate\u013estv\u00e1 na cel\u00fd \u017eivot<\/li>\n<\/ul>\n\n\n\n<p><strong>V\u00fdhody akt\u00edvneho \u010dlenstva<\/strong><\/p>\n\n\n\n<ul class=\"wp-block-list\">\n<li>Body k \u017eiadosti o ubytovanie v \u0160DaJ UPJ\u0160 (Intern\u00e1ty medick\u00e1)<\/li>\n\n\n\n<li>Body pri konkurze na v\u00fdmenn\u00fa st\u00e1\u017e SloMSA<\/li>\n\n\n\n<li>E\u0161te v\u00fdraznej\u0161ie z\u013eavy na podujatia organizovan\u00e1 Spolok medikov mesta Ko\u0161ice<\/li>\n\n\n\n<li>Ka\u017edoro\u010dn\u00e9 odme\u0148ovanie formou mikiny Spolku medikov mesta Ko\u0161ice s menom akt\u00edvneho \u010dlena<\/li>\n\n\n\n<li>Pr\u00edstup do priestorov Spolku medikov mesta Ko\u0161ice<\/li>\n<\/ul>\n\n\n<style>.wp-block-kadence-spacer.kt-block-spacer-_23e9b4-eb .kt-block-spacer{height:30px;}.wp-block-kadence-spacer.kt-block-spacer-_23e9b4-eb .kt-divider{border-top-width:6px;border-top-color:#C92432;width:10%;border-top-style:dotted;}<\/style>\n<div class=\"wp-block-kadence-spacer aligncenter kt-block-spacer-_23e9b4-eb\"><div class=\"kt-block-spacer kt-block-spacer-halign-center\"><hr class=\"kt-divider\"\/><\/div><\/div>\n\n\n\n<p class=\"has-ek-indent\" style=\"--ek-indent:20px\"><a href=\"https:\/\/www.upjs.sk\/lekarska-fakulta\/studenti-lf\/mimoskolska-cinnost\/smmk\/kluby-smmk\/\" class=\"ek-link\"><strong>Kluby SMMK<\/strong><\/a><br><strong><a href=\"https:\/\/www.upjs.sk\/lekarska-fakulta\/studenti-lf\/mimoskolska-cinnost\/smmk\/predsednictvo-smmk\/\" class=\"ek-link\">Predsedn\u00edctvo SMMK<\/a><\/strong><\/p>\n","protected":false},"excerpt":{"rendered":"<p>SMMK je stavovsk\u00e1, apolitick\u00e1, dobrovo\u013en\u00e1, neziskov\u00e1, z\u00e1ujmov\u00e1 organiz\u00e1cia zdru\u017euj\u00faca \u0161tudentov a absolventov UPJ\u0160 LF v Ko\u0161iciach, ktor\u00ed maj\u00fa z\u00e1ujem o rozv\u00edjanie vedeck\u00e9ho, kult\u00farno-spolo\u010densk\u00e9ho a \u0161portov\u00e9ho \u017eivota na fakulte. Poslan\u00edm spolku je zabezpe\u010dova\u0165 duchovn\u00fd rozvoj, kult\u00farno-spolo\u010densk\u00fd \u017eivot, ako aj zvy\u0161ova\u0165 odborn\u00fa \u00farove\u0148 \u0161tudentov a&nbsp;prispieva\u0165 tak k obohateniu osobnosti bud\u00faceho lek\u00e1ra. SMMK je \u010dlenom Slovenskej asoci\u00e1cie \u0161tudentov &hellip; <a href=\"https:\/\/www.upjs.sk\/lekarska-fakulta\/studenti-lf\/mimoskolska-cinnost\/smmk\/\">\u010c\u00edta\u0165 \u010falej<\/a><\/p>\n","protected":false},"author":1,"featured_media":15889,"parent":12972,"menu_order":0,"comment_status":"closed","ping_status":"closed","template":"","meta":{"_acf_changed":false,"_editorskit_title_hidden":false,"_editorskit_reading_time":1,"_editorskit_is_block_options_detached":false,"_editorskit_block_options_position":"{}","footnotes":""},"categories":[],"tags":[],"class_list":["post-15888","page","type-page","status-publish","has-post-thumbnail","hentry"],"acf":{"acf_link_na_externy_obsah":""},"yoast_head":"<!-- This site is optimized with the Yoast SEO plugin v27.4 - https:\/\/yoast.com\/product\/yoast-seo-wordpress\/ -->\n<title>Spolok medikov mesta Ko\u0161ice - Lek\u00e1rska fakulta | UPJ\u0160<\/title>\n<meta name=\"robots\" content=\"index, follow, max-snippet:-1, max-image-preview:large, max-video-preview:-1\" \/>\n<link rel=\"canonical\" href=\"https:\/\/www.upjs.sk\/lekarska-fakulta\/studenti-lf\/mimoskolska-cinnost\/smmk\/\" \/>\n<meta property=\"og:locale\" content=\"sk_SK\" \/>\n<meta property=\"og:type\" content=\"article\" \/>\n<meta property=\"og:title\" content=\"Spolok medikov mesta Ko\u0161ice - Lek\u00e1rska fakulta | UPJ\u0160\" \/>\n<meta property=\"og:description\" content=\"SMMK je stavovsk\u00e1, apolitick\u00e1, dobrovo\u013en\u00e1, neziskov\u00e1, z\u00e1ujmov\u00e1 organiz\u00e1cia zdru\u017euj\u00faca \u0161tudentov a absolventov UPJ\u0160 LF v Ko\u0161iciach, ktor\u00ed maj\u00fa z\u00e1ujem o rozv\u00edjanie vedeck\u00e9ho, kult\u00farno-spolo\u010densk\u00e9ho a \u0161portov\u00e9ho \u017eivota na fakulte. Poslan\u00edm spolku je zabezpe\u010dova\u0165 duchovn\u00fd rozvoj, kult\u00farno-spolo\u010densk\u00fd \u017eivot, ako aj zvy\u0161ova\u0165 odborn\u00fa \u00farove\u0148 \u0161tudentov a&nbsp;prispieva\u0165 tak k obohateniu osobnosti bud\u00faceho lek\u00e1ra. SMMK je \u010dlenom Slovenskej asoci\u00e1cie \u0161tudentov &hellip; \u010c\u00edta\u0165 \u010falej\" \/>\n<meta property=\"og:url\" content=\"https:\/\/www.upjs.sk\/lekarska-fakulta\/studenti-lf\/mimoskolska-cinnost\/smmk\/\" \/>\n<meta property=\"og:site_name\" content=\"Lek\u00e1rska fakulta | UPJ\u0160\" \/>\n<meta property=\"article:modified_time\" content=\"2023-01-30T21:23:12+00:00\" \/>\n<meta property=\"og:image\" content=\"https:\/\/www.upjs.sk\/app\/uploads\/sites\/9\/2022\/09\/smmk-2.png\" \/>\n\t<meta property=\"og:image:width\" content=\"189\" \/>\n\t<meta property=\"og:image:height\" content=\"161\" \/>\n\t<meta property=\"og:image:type\" content=\"image\/png\" \/>\n<meta name=\"twitter:card\" content=\"summary_large_image\" \/>\n<meta name=\"twitter:label1\" content=\"Predpokladan\u00fd \u010das \u010d\u00edtania\" \/>\n\t<meta name=\"twitter:data1\" content=\"2 min\u00faty\" \/>\n<script type=\"application\/ld+json\" class=\"yoast-schema-graph\">{\"@context\":\"https:\\\/\\\/schema.org\",\"@graph\":[{\"@type\":\"WebPage\",\"@id\":\"https:\\\/\\\/www.upjs.sk\\\/lekarska-fakulta\\\/studenti-lf\\\/mimoskolska-cinnost\\\/smmk\\\/\",\"url\":\"https:\\\/\\\/www.upjs.sk\\\/lekarska-fakulta\\\/studenti-lf\\\/mimoskolska-cinnost\\\/smmk\\\/\",\"name\":\"Spolok medikov mesta Ko\u0161ice - Lek\u00e1rska fakulta | UPJ\u0160\",\"isPartOf\":{\"@id\":\"https:\\\/\\\/www.upjs.sk\\\/lekarska-fakulta\\\/#website\"},\"primaryImageOfPage\":{\"@id\":\"https:\\\/\\\/www.upjs.sk\\\/lekarska-fakulta\\\/studenti-lf\\\/mimoskolska-cinnost\\\/smmk\\\/#primaryimage\"},\"image\":{\"@id\":\"https:\\\/\\\/www.upjs.sk\\\/lekarska-fakulta\\\/studenti-lf\\\/mimoskolska-cinnost\\\/smmk\\\/#primaryimage\"},\"thumbnailUrl\":\"https:\\\/\\\/www.upjs.sk\\\/app\\\/uploads\\\/sites\\\/9\\\/2022\\\/09\\\/smmk-2.png\",\"datePublished\":\"2023-01-30T21:23:09+00:00\",\"dateModified\":\"2023-01-30T21:23:12+00:00\",\"breadcrumb\":{\"@id\":\"https:\\\/\\\/www.upjs.sk\\\/lekarska-fakulta\\\/studenti-lf\\\/mimoskolska-cinnost\\\/smmk\\\/#breadcrumb\"},\"inLanguage\":\"sk-SK\",\"potentialAction\":[{\"@type\":\"ReadAction\",\"target\":[\"https:\\\/\\\/www.upjs.sk\\\/lekarska-fakulta\\\/studenti-lf\\\/mimoskolska-cinnost\\\/smmk\\\/\"]}]},{\"@type\":\"ImageObject\",\"inLanguage\":\"sk-SK\",\"@id\":\"https:\\\/\\\/www.upjs.sk\\\/lekarska-fakulta\\\/studenti-lf\\\/mimoskolska-cinnost\\\/smmk\\\/#primaryimage\",\"url\":\"https:\\\/\\\/www.upjs.sk\\\/app\\\/uploads\\\/sites\\\/9\\\/2022\\\/09\\\/smmk-2.png\",\"contentUrl\":\"https:\\\/\\\/www.upjs.sk\\\/app\\\/uploads\\\/sites\\\/9\\\/2022\\\/09\\\/smmk-2.png\",\"width\":189,\"height\":161,\"caption\":\"smmk\"},{\"@type\":\"BreadcrumbList\",\"@id\":\"https:\\\/\\\/www.upjs.sk\\\/lekarska-fakulta\\\/studenti-lf\\\/mimoskolska-cinnost\\\/smmk\\\/#breadcrumb\",\"itemListElement\":[{\"@type\":\"ListItem\",\"position\":1,\"name\":\"Home\",\"item\":\"https:\\\/\\\/www.upjs.sk\\\/lekarska-fakulta\\\/\"},{\"@type\":\"ListItem\",\"position\":2,\"name\":\"\u0160tudenti\",\"item\":\"https:\\\/\\\/www.upjs.sk\\\/lekarska-fakulta\\\/studenti-lf\\\/\"},{\"@type\":\"ListItem\",\"position\":3,\"name\":\"Mimo\u0161kolsk\u00e1 \u010dinnos\u0165\",\"item\":\"https:\\\/\\\/www.upjs.sk\\\/lekarska-fakulta\\\/studenti-lf\\\/mimoskolska-cinnost\\\/\"},{\"@type\":\"ListItem\",\"position\":4,\"name\":\"Spolok medikov mesta Ko\u0161ice\"}]},{\"@type\":\"WebSite\",\"@id\":\"https:\\\/\\\/www.upjs.sk\\\/lekarska-fakulta\\\/#website\",\"url\":\"https:\\\/\\\/www.upjs.sk\\\/lekarska-fakulta\\\/\",\"name\":\"Lek\u00e1rska fakulta | UPJ\u0160\",\"description\":\"\",\"publisher\":{\"@id\":\"https:\\\/\\\/www.upjs.sk\\\/lekarska-fakulta\\\/#organization\"},\"potentialAction\":[{\"@type\":\"SearchAction\",\"target\":{\"@type\":\"EntryPoint\",\"urlTemplate\":\"https:\\\/\\\/www.upjs.sk\\\/lekarska-fakulta\\\/?s={search_term_string}\"},\"query-input\":{\"@type\":\"PropertyValueSpecification\",\"valueRequired\":true,\"valueName\":\"search_term_string\"}}],\"inLanguage\":\"sk-SK\"},{\"@type\":\"Organization\",\"@id\":\"https:\\\/\\\/www.upjs.sk\\\/lekarska-fakulta\\\/#organization\",\"name\":\"Lek\u00e1rska fakulta | UPJ\u0160\",\"url\":\"https:\\\/\\\/www.upjs.sk\\\/lekarska-fakulta\\\/\",\"logo\":{\"@type\":\"ImageObject\",\"inLanguage\":\"sk-SK\",\"@id\":\"https:\\\/\\\/www.upjs.sk\\\/lekarska-fakulta\\\/#\\\/schema\\\/logo\\\/image\\\/\",\"url\":\"https:\\\/\\\/www.upjs.sk\\\/app\\\/uploads\\\/sites\\\/9\\\/2022\\\/09\\\/logo-lekarska-fakulta.png\",\"contentUrl\":\"https:\\\/\\\/www.upjs.sk\\\/app\\\/uploads\\\/sites\\\/9\\\/2022\\\/09\\\/logo-lekarska-fakulta.png\",\"width\":415,\"height\":87,\"caption\":\"Lek\u00e1rska fakulta | UPJ\u0160\"},\"image\":{\"@id\":\"https:\\\/\\\/www.upjs.sk\\\/lekarska-fakulta\\\/#\\\/schema\\\/logo\\\/image\\\/\"}}]}<\/script>\n<!-- \/ Yoast SEO plugin. -->","yoast_head_json":{"title":"Spolok medikov mesta Ko\u0161ice - Lek\u00e1rska fakulta | UPJ\u0160","robots":{"index":"index","follow":"follow","max-snippet":"max-snippet:-1","max-image-preview":"max-image-preview:large","max-video-preview":"max-video-preview:-1"},"canonical":"https:\/\/www.upjs.sk\/lekarska-fakulta\/studenti-lf\/mimoskolska-cinnost\/smmk\/","og_locale":"sk_SK","og_type":"article","og_title":"Spolok medikov mesta Ko\u0161ice - Lek\u00e1rska fakulta | UPJ\u0160","og_description":"SMMK je stavovsk\u00e1, apolitick\u00e1, dobrovo\u013en\u00e1, neziskov\u00e1, z\u00e1ujmov\u00e1 organiz\u00e1cia zdru\u017euj\u00faca \u0161tudentov a absolventov UPJ\u0160 LF v Ko\u0161iciach, ktor\u00ed maj\u00fa z\u00e1ujem o rozv\u00edjanie vedeck\u00e9ho, kult\u00farno-spolo\u010densk\u00e9ho a \u0161portov\u00e9ho \u017eivota na fakulte. Poslan\u00edm spolku je zabezpe\u010dova\u0165 duchovn\u00fd rozvoj, kult\u00farno-spolo\u010densk\u00fd \u017eivot, ako aj zvy\u0161ova\u0165 odborn\u00fa \u00farove\u0148 \u0161tudentov a&nbsp;prispieva\u0165 tak k obohateniu osobnosti bud\u00faceho lek\u00e1ra. SMMK je \u010dlenom Slovenskej asoci\u00e1cie \u0161tudentov &hellip; \u010c\u00edta\u0165 \u010falej","og_url":"https:\/\/www.upjs.sk\/lekarska-fakulta\/studenti-lf\/mimoskolska-cinnost\/smmk\/","og_site_name":"Lek\u00e1rska fakulta | UPJ\u0160","article_modified_time":"2023-01-30T21:23:12+00:00","og_image":[{"width":189,"height":161,"url":"https:\/\/www.upjs.sk\/app\/uploads\/sites\/9\/2022\/09\/smmk-2.png","type":"image\/png"}],"twitter_card":"summary_large_image","twitter_misc":{"Predpokladan\u00fd \u010das \u010d\u00edtania":"2 min\u00faty"},"schema":{"@context":"https:\/\/schema.org","@graph":[{"@type":"WebPage","@id":"https:\/\/www.upjs.sk\/lekarska-fakulta\/studenti-lf\/mimoskolska-cinnost\/smmk\/","url":"https:\/\/www.upjs.sk\/lekarska-fakulta\/studenti-lf\/mimoskolska-cinnost\/smmk\/","name":"Spolok medikov mesta Ko\u0161ice - Lek\u00e1rska fakulta | UPJ\u0160","isPartOf":{"@id":"https:\/\/www.upjs.sk\/lekarska-fakulta\/#website"},"primaryImageOfPage":{"@id":"https:\/\/www.upjs.sk\/lekarska-fakulta\/studenti-lf\/mimoskolska-cinnost\/smmk\/#primaryimage"},"image":{"@id":"https:\/\/www.upjs.sk\/lekarska-fakulta\/studenti-lf\/mimoskolska-cinnost\/smmk\/#primaryimage"},"thumbnailUrl":"https:\/\/www.upjs.sk\/app\/uploads\/sites\/9\/2022\/09\/smmk-2.png","datePublished":"2023-01-30T21:23:09+00:00","dateModified":"2023-01-30T21:23:12+00:00","breadcrumb":{"@id":"https:\/\/www.upjs.sk\/lekarska-fakulta\/studenti-lf\/mimoskolska-cinnost\/smmk\/#breadcrumb"},"inLanguage":"sk-SK","potentialAction":[{"@type":"ReadAction","target":["https:\/\/www.upjs.sk\/lekarska-fakulta\/studenti-lf\/mimoskolska-cinnost\/smmk\/"]}]},{"@type":"ImageObject","inLanguage":"sk-SK","@id":"https:\/\/www.upjs.sk\/lekarska-fakulta\/studenti-lf\/mimoskolska-cinnost\/smmk\/#primaryimage","url":"https:\/\/www.upjs.sk\/app\/uploads\/sites\/9\/2022\/09\/smmk-2.png","contentUrl":"https:\/\/www.upjs.sk\/app\/uploads\/sites\/9\/2022\/09\/smmk-2.png","width":189,"height":161,"caption":"smmk"},{"@type":"BreadcrumbList","@id":"https:\/\/www.upjs.sk\/lekarska-fakulta\/studenti-lf\/mimoskolska-cinnost\/smmk\/#breadcrumb","itemListElement":[{"@type":"ListItem","position":1,"name":"Home","item":"https:\/\/www.upjs.sk\/lekarska-fakulta\/"},{"@type":"ListItem","position":2,"name":"\u0160tudenti","item":"https:\/\/www.upjs.sk\/lekarska-fakulta\/studenti-lf\/"},{"@type":"ListItem","position":3,"name":"Mimo\u0161kolsk\u00e1 \u010dinnos\u0165","item":"https:\/\/www.upjs.sk\/lekarska-fakulta\/studenti-lf\/mimoskolska-cinnost\/"},{"@type":"ListItem","position":4,"name":"Spolok medikov mesta Ko\u0161ice"}]},{"@type":"WebSite","@id":"https:\/\/www.upjs.sk\/lekarska-fakulta\/#website","url":"https:\/\/www.upjs.sk\/lekarska-fakulta\/","name":"Lek\u00e1rska fakulta | UPJ\u0160","description":"","publisher":{"@id":"https:\/\/www.upjs.sk\/lekarska-fakulta\/#organization"},"potentialAction":[{"@type":"SearchAction","target":{"@type":"EntryPoint","urlTemplate":"https:\/\/www.upjs.sk\/lekarska-fakulta\/?s={search_term_string}"},"query-input":{"@type":"PropertyValueSpecification","valueRequired":true,"valueName":"search_term_string"}}],"inLanguage":"sk-SK"},{"@type":"Organization","@id":"https:\/\/www.upjs.sk\/lekarska-fakulta\/#organization","name":"Lek\u00e1rska fakulta | UPJ\u0160","url":"https:\/\/www.upjs.sk\/lekarska-fakulta\/","logo":{"@type":"ImageObject","inLanguage":"sk-SK","@id":"https:\/\/www.upjs.sk\/lekarska-fakulta\/#\/schema\/logo\/image\/","url":"https:\/\/www.upjs.sk\/app\/uploads\/sites\/9\/2022\/09\/logo-lekarska-fakulta.png","contentUrl":"https:\/\/www.upjs.sk\/app\/uploads\/sites\/9\/2022\/09\/logo-lekarska-fakulta.png","width":415,"height":87,"caption":"Lek\u00e1rska fakulta | UPJ\u0160"},"image":{"@id":"https:\/\/www.upjs.sk\/lekarska-fakulta\/#\/schema\/logo\/image\/"}}]}},"_links":{"self":[{"href":"https:\/\/www.upjs.sk\/lekarska-fakulta\/wp-json\/wp\/v2\/pages\/15888","targetHints":{"allow":["GET"]}}],"collection":[{"href":"https:\/\/www.upjs.sk\/lekarska-fakulta\/wp-json\/wp\/v2\/pages"}],"about":[{"href":"https:\/\/www.upjs.sk\/lekarska-fakulta\/wp-json\/wp\/v2\/types\/page"}],"author":[{"embeddable":true,"href":"https:\/\/www.upjs.sk\/lekarska-fakulta\/wp-json\/wp\/v2\/users\/1"}],"replies":[{"embeddable":true,"href":"https:\/\/www.upjs.sk\/lekarska-fakulta\/wp-json\/wp\/v2\/comments?post=15888"}],"version-history":[{"count":14,"href":"https:\/\/www.upjs.sk\/lekarska-fakulta\/wp-json\/wp\/v2\/pages\/15888\/revisions"}],"predecessor-version":[{"id":75201,"href":"https:\/\/www.upjs.sk\/lekarska-fakulta\/wp-json\/wp\/v2\/pages\/15888\/revisions\/75201"}],"up":[{"embeddable":true,"href":"https:\/\/www.upjs.sk\/lekarska-fakulta\/wp-json\/wp\/v2\/pages\/12972"}],"wp:featuredmedia":[{"embeddable":true,"href":"https:\/\/www.upjs.sk\/lekarska-fakulta\/wp-json\/wp\/v2\/media\/15889"}],"wp:attachment":[{"href":"https:\/\/www.upjs.sk\/lekarska-fakulta\/wp-json\/wp\/v2\/media?parent=15888"}],"wp:term":[{"taxonomy":"category","embeddable":true,"href":"https:\/\/www.upjs.sk\/lekarska-fakulta\/wp-json\/wp\/v2\/categories?post=15888"},{"taxonomy":"post_tag","embeddable":true,"href":"https:\/\/www.upjs.sk\/lekarska-fakulta\/wp-json\/wp\/v2\/tags?post=15888"}],"curies":[{"name":"wp","href":"https:\/\/api.w.org\/{rel}","templated":true}]}}