{"id":15900,"date":"2023-01-30T22:20:46","date_gmt":"2023-01-30T21:20:46","guid":{"rendered":"https:\/\/www.upjs.sk\/lekarska-fakulta\/studium-na-fakulte\/mimoskolska-cinnost\/ssszl\/"},"modified":"2023-01-30T22:20:50","modified_gmt":"2023-01-30T21:20:50","slug":"ssszl","status":"publish","type":"page","link":"https:\/\/www.upjs.sk\/lekarska-fakulta\/studenti-lf\/mimoskolska-cinnost\/ssszl\/","title":{"rendered":"Slovensk\u00fd spolok \u0161tudentov zubn\u00e9ho lek\u00e1rstva"},"content":{"rendered":"\n<p>Slovensk\u00fd spolok \u0161tudentov zubn\u00e9ho lek\u00e1rstva (<strong>SS\u0160ZL<\/strong>) je jedinou <a href=\"https:\/\/ssszl.sk\/\" target=\"_blank\" aria-label=\" (opens in a new tab)\" rel=\"noreferrer noopener\" class=\"ek-link\"><img decoding=\"async\" style=\"float: left; height: 100px; margin: 5px;\" src=\"http:\/\/www.upjs.sk\/\/app\/uploads\/sites\/9\/2022\/09\/ssszl-2.png\" alt=\"\"><\/a>organiz\u00e1ciou, ktor\u00e1 zdru\u017euje v\u0161etk\u00fdch \u0161tudentov zubn\u00e9ho lek\u00e1rstva na Slovensku. S\u00eddlo spolku je na Tr. SNP 1 v Ko\u0161iciach a v s\u00fa\u010dasnosti m\u00e1 3 miestne organiz\u00e1cie \u2013 v Ko\u0161iciach, v Bratislave a v Martine. Cie\u013eom spolku je utu\u017eovanie vz\u0165ahov medzi \u0161tudentmi za \u00fa\u010delom vytv\u00e1rania komunity, ktor\u00e1 si m\u00f4\u017ee pom\u00f4c\u0165 v mnoh\u00fdch \u0161kolsk\u00fdch, ale aj mimo\u0161kolsk\u00fdch \u010dinnostiach. Jeho \u010dlenovia sa taktie\u017e sna\u017eia zabezpe\u010dova\u0165 kult\u00farno-spolo\u010densk\u00fd \u017eivot \u0161tudentov, ako aj zvy\u0161ova\u0165 ich odborn\u00fa \u00farove\u0148 r\u00f4znymi workshopmi a predn\u00e1\u0161kami a prispieva\u0165 tak k obohateniu osobnosti bud\u00facich lek\u00e1rov.<\/p>\n\n\n\n<p>SS\u0160ZL je \u010dlenom <strong>EDSA<\/strong> (<a href=\"https:\/\/www.edsaweb.org\/\" target=\"_blank\" aria-label=\" (opens in a new tab)\" rel=\"noreferrer noopener\" class=\"ek-link\">European Dental Students Association<\/a>) a<a href=\"https:\/\/iads-web.com\/\" target=\"_blank\" aria-label=\" (opens in a new tab)\" rel=\"noreferrer noopener\" class=\"ek-link\"><img decoding=\"async\" style=\"float: right; height: 150px; margin: 5px; width: 150px;\" src=\"http:\/\/www.upjs.sk\/\/app\/uploads\/sites\/9\/2022\/09\/iads.png\" alt=\"\"><\/a> <strong><a href=\"https:\/\/www.edsaweb.org\/\" target=\"_blank\" aria-label=\" (opens in a new tab)\" rel=\"noreferrer noopener\" class=\"ek-link\"><img decoding=\"async\" style=\"float: right; height: 150px; margin: 5px; width: 150px;\" src=\"http:\/\/www.upjs.sk\/\/app\/uploads\/sites\/9\/2022\/09\/edsa.png\" alt=\"\"><\/a>IADS<\/strong> (<a href=\"https:\/\/iads-web.com\/\" target=\"_blank\" aria-label=\" (opens in a new tab)\" rel=\"noreferrer noopener\" class=\"ek-link\">International Association of Dental Students<\/a>), \u010do jeho \u010dlenom umo\u017e\u0148uje z\u00fa\u010dast\u0148ova\u0165 sa na pravideln\u00fdch kongresoch t\u00fdchto organiz\u00e1ci\u00ed, ako aj sprostredkov\u00e1va\u0165 v\u00fdmenn\u00e9 pobyty a st\u00e1\u017ee s in\u00fdmi \u010dlensk\u00fdmi organiz\u00e1ciami nielen v r\u00e1mci Eur\u00f3py, ale aj sveta. \u010ealej sme v\u010faka t\u00fdmto organiz\u00e1ci\u00e1m pravidelne informovan\u00ed o vzdel\u00e1vac\u00edch letn\u00fdch campoch, workshopoch, r\u00f4znych dobrovo\u013en\u00edckych projektoch a in\u00fdch podujatiach organizovan\u00fdch pre \u0161tudentov.<\/p>\n\n\n\n<p>SS\u0160ZL na celoslovenskej \u00farovni organizuje prevent\u00edvne akcie, akou je napr\u00edklad jedine\u010dn\u00fd celoslovensk\u00fd projekt \u201e<strong>Spolu za zdrav\u00fd a kr\u00e1sny \u00fasmev<\/strong>\u201c, ktor\u00e9ho pilotn\u00fd ro\u010dn\u00edk sa uskuto\u010dnil v m\u00e1ji 2013. Bol logick\u00fdm n\u00e1sledkom jeho predchodcu \u201e<strong>Dni zdrav\u00e9ho \u00fasmevu<\/strong>\u201c, ktor\u00fd prebehol na lok\u00e1lnej \u00farovni v Ko\u0161iciach, Pre\u0161ove a \u017diline v rokoch 2011-2012 a z\u00edskal si st\u00e1lu priaze\u0148 miest vr\u00e1mci cel\u00e9ho Slovenska. Spolok je zapojen\u00fd aj do prevent\u00edvnych projektov pre deti \u201e<strong>Dental alarm<\/strong>\u201c a \u201e<strong>Brusher<\/strong>\u201c, ktor\u00e9 s\u00fa organizovan\u00e9 pod z\u00e1\u0161titou firmy Curaprox. Trad\u00edciou sa stal aj Kongres SS\u0160ZL, ktor\u00fd sa ka\u017edoro\u010dne kon\u00e1 v Martine a v\u010faka svojej \u00fa\u010dasti sa stal najv\u00e4\u010d\u0161ou vzdel\u00e1vacou akciou svojho druhu na Slovensku. Okrem prevent\u00edvnej a vzdel\u00e1vacej \u010dinnosti sa zaober\u00e1 aj organizovan\u00edm spolo\u010densk\u00fdch akci\u00ed ako napr. Ma\u0161kara p\u00e1rty, bowlingov\u00fd turnaj, viano\u010dn\u00fd ve\u010dierok, pubquiz a mnoh\u00e9 in\u00e9 akcie.<\/p>\n\n\n\n<p>Od akademick\u00e9ho roka 2011\/2012 je spusten\u00e1 akcia <strong>Big Brother<\/strong>, zameran\u00e1 na u\u013eah\u010denie prv\u00fdch krokov prv\u00e1kov po\u010das ich za\u010diatkov na UPJ\u0160 LF.<\/p>\n\n\n\n<p>\u201e<strong><em>Budeme radi ak sa k n\u00e1m pripoj\u00ed ka\u017ed\u00fd, kto m\u00e1 z\u00e1ujem \u017ei\u0165 na vysokej \u0161kole a vyu\u017ei\u0165 ka\u017ed\u00fd okamih str\u00e1ven\u00fd po\u010das \u0161t\u00fadia, aby sa stal neopakovate\u013en\u00fdm z\u00e1\u017eitkom. Te\u0161\u00edme sa na V\u00e1s a na v\u0161etky akcie a projekty, ktor\u00e9 spolu priprav\u00edme a vymysl\u00edme!<\/em><\/strong>\u201c<\/p>\n\n\n<style>.wp-block-kadence-spacer.kt-block-spacer-_a29f2f-1c .kt-block-spacer{height:30px;}.wp-block-kadence-spacer.kt-block-spacer-_a29f2f-1c .kt-divider{border-top-width:6px;border-top-color:#C92432;width:10%;border-top-style:dotted;}<\/style>\n<div class=\"wp-block-kadence-spacer aligncenter kt-block-spacer-_a29f2f-1c\"><div class=\"kt-block-spacer kt-block-spacer-halign-center\"><hr class=\"kt-divider\"\/><\/div><\/div>\n\n\n\n<p class=\"has-ek-indent\" style=\"--ek-indent:20px\"><strong><a href=\"https:\/\/www.upjs.sk\/lekarska-fakulta\/studenti-lf\/mimoskolska-cinnost\/ssszl\/predsednictvo-ssszl\/\" class=\"ek-link\">Predsedn\u00edctvo SS\u0160ZL<\/a><br><a href=\"https:\/\/www.upjs.sk\/lekarska-fakulta\/studenti-lf\/mimoskolska-cinnost\/ssszl\/miestna-organizacia-ssszl\/\" class=\"ek-link\">Miestna organiz\u00e1cia SS\u0160ZL &#8211; Ko\u0161ice<\/a><\/strong><\/p>\n","protected":false},"excerpt":{"rendered":"<p>Slovensk\u00fd spolok \u0161tudentov zubn\u00e9ho lek\u00e1rstva (SS\u0160ZL) je jedinou organiz\u00e1ciou, ktor\u00e1 zdru\u017euje v\u0161etk\u00fdch \u0161tudentov zubn\u00e9ho lek\u00e1rstva na Slovensku. S\u00eddlo spolku je na Tr. SNP 1 v Ko\u0161iciach a v s\u00fa\u010dasnosti m\u00e1 3 miestne organiz\u00e1cie \u2013 v Ko\u0161iciach, v Bratislave a v Martine. Cie\u013eom spolku je utu\u017eovanie vz\u0165ahov medzi \u0161tudentmi za \u00fa\u010delom vytv\u00e1rania komunity, ktor\u00e1 si m\u00f4\u017ee &hellip; <a href=\"https:\/\/www.upjs.sk\/lekarska-fakulta\/studenti-lf\/mimoskolska-cinnost\/ssszl\/\">\u010c\u00edta\u0165 \u010falej<\/a><\/p>\n","protected":false},"author":1,"featured_media":15905,"parent":12972,"menu_order":1,"comment_status":"closed","ping_status":"closed","template":"","meta":{"_acf_changed":false,"_editorskit_title_hidden":false,"_editorskit_reading_time":1,"_editorskit_is_block_options_detached":false,"_editorskit_block_options_position":"{}","footnotes":""},"categories":[],"tags":[],"class_list":["post-15900","page","type-page","status-publish","has-post-thumbnail","hentry"],"acf":{"acf_link_na_externy_obsah":""},"yoast_head":"<!-- This site is optimized with the Yoast SEO plugin v27.4 - https:\/\/yoast.com\/product\/yoast-seo-wordpress\/ -->\n<title>Slovensk\u00fd spolok \u0161tudentov zubn\u00e9ho lek\u00e1rstva - Lek\u00e1rska fakulta | UPJ\u0160<\/title>\n<meta name=\"robots\" content=\"index, follow, max-snippet:-1, max-image-preview:large, max-video-preview:-1\" \/>\n<link rel=\"canonical\" href=\"https:\/\/www.upjs.sk\/lekarska-fakulta\/studenti-lf\/mimoskolska-cinnost\/ssszl\/\" \/>\n<meta property=\"og:locale\" content=\"sk_SK\" \/>\n<meta property=\"og:type\" content=\"article\" \/>\n<meta property=\"og:title\" content=\"Slovensk\u00fd spolok \u0161tudentov zubn\u00e9ho lek\u00e1rstva - Lek\u00e1rska fakulta | UPJ\u0160\" \/>\n<meta property=\"og:description\" content=\"Slovensk\u00fd spolok \u0161tudentov zubn\u00e9ho lek\u00e1rstva (SS\u0160ZL) je jedinou organiz\u00e1ciou, ktor\u00e1 zdru\u017euje v\u0161etk\u00fdch \u0161tudentov zubn\u00e9ho lek\u00e1rstva na Slovensku. S\u00eddlo spolku je na Tr. SNP 1 v Ko\u0161iciach a v s\u00fa\u010dasnosti m\u00e1 3 miestne organiz\u00e1cie \u2013 v Ko\u0161iciach, v Bratislave a v Martine. Cie\u013eom spolku je utu\u017eovanie vz\u0165ahov medzi \u0161tudentmi za \u00fa\u010delom vytv\u00e1rania komunity, ktor\u00e1 si m\u00f4\u017ee &hellip; \u010c\u00edta\u0165 \u010falej\" \/>\n<meta property=\"og:url\" content=\"https:\/\/www.upjs.sk\/lekarska-fakulta\/studenti-lf\/mimoskolska-cinnost\/ssszl\/\" \/>\n<meta property=\"og:site_name\" content=\"Lek\u00e1rska fakulta | UPJ\u0160\" \/>\n<meta property=\"article:modified_time\" content=\"2023-01-30T21:20:50+00:00\" \/>\n<meta property=\"og:image\" content=\"https:\/\/www.upjs.sk\/app\/uploads\/sites\/9\/2022\/09\/ssszl-3.png\" \/>\n\t<meta property=\"og:image:width\" content=\"278\" \/>\n\t<meta property=\"og:image:height\" content=\"124\" \/>\n\t<meta property=\"og:image:type\" content=\"image\/png\" \/>\n<meta name=\"twitter:card\" content=\"summary_large_image\" \/>\n<meta name=\"twitter:label1\" content=\"Predpokladan\u00fd \u010das \u010d\u00edtania\" \/>\n\t<meta name=\"twitter:data1\" content=\"3 min\u00faty\" \/>\n<script type=\"application\/ld+json\" class=\"yoast-schema-graph\">{\"@context\":\"https:\\\/\\\/schema.org\",\"@graph\":[{\"@type\":\"WebPage\",\"@id\":\"https:\\\/\\\/www.upjs.sk\\\/lekarska-fakulta\\\/studenti-lf\\\/mimoskolska-cinnost\\\/ssszl\\\/\",\"url\":\"https:\\\/\\\/www.upjs.sk\\\/lekarska-fakulta\\\/studenti-lf\\\/mimoskolska-cinnost\\\/ssszl\\\/\",\"name\":\"Slovensk\u00fd spolok \u0161tudentov zubn\u00e9ho lek\u00e1rstva - Lek\u00e1rska fakulta | UPJ\u0160\",\"isPartOf\":{\"@id\":\"https:\\\/\\\/www.upjs.sk\\\/lekarska-fakulta\\\/#website\"},\"primaryImageOfPage\":{\"@id\":\"https:\\\/\\\/www.upjs.sk\\\/lekarska-fakulta\\\/studenti-lf\\\/mimoskolska-cinnost\\\/ssszl\\\/#primaryimage\"},\"image\":{\"@id\":\"https:\\\/\\\/www.upjs.sk\\\/lekarska-fakulta\\\/studenti-lf\\\/mimoskolska-cinnost\\\/ssszl\\\/#primaryimage\"},\"thumbnailUrl\":\"https:\\\/\\\/www.upjs.sk\\\/app\\\/uploads\\\/sites\\\/9\\\/2022\\\/09\\\/ssszl-3.png\",\"datePublished\":\"2023-01-30T21:20:46+00:00\",\"dateModified\":\"2023-01-30T21:20:50+00:00\",\"breadcrumb\":{\"@id\":\"https:\\\/\\\/www.upjs.sk\\\/lekarska-fakulta\\\/studenti-lf\\\/mimoskolska-cinnost\\\/ssszl\\\/#breadcrumb\"},\"inLanguage\":\"sk-SK\",\"potentialAction\":[{\"@type\":\"ReadAction\",\"target\":[\"https:\\\/\\\/www.upjs.sk\\\/lekarska-fakulta\\\/studenti-lf\\\/mimoskolska-cinnost\\\/ssszl\\\/\"]}]},{\"@type\":\"ImageObject\",\"inLanguage\":\"sk-SK\",\"@id\":\"https:\\\/\\\/www.upjs.sk\\\/lekarska-fakulta\\\/studenti-lf\\\/mimoskolska-cinnost\\\/ssszl\\\/#primaryimage\",\"url\":\"https:\\\/\\\/www.upjs.sk\\\/app\\\/uploads\\\/sites\\\/9\\\/2022\\\/09\\\/ssszl-3.png\",\"contentUrl\":\"https:\\\/\\\/www.upjs.sk\\\/app\\\/uploads\\\/sites\\\/9\\\/2022\\\/09\\\/ssszl-3.png\",\"width\":278,\"height\":124,\"caption\":\"ssszl\"},{\"@type\":\"BreadcrumbList\",\"@id\":\"https:\\\/\\\/www.upjs.sk\\\/lekarska-fakulta\\\/studenti-lf\\\/mimoskolska-cinnost\\\/ssszl\\\/#breadcrumb\",\"itemListElement\":[{\"@type\":\"ListItem\",\"position\":1,\"name\":\"Home\",\"item\":\"https:\\\/\\\/www.upjs.sk\\\/lekarska-fakulta\\\/\"},{\"@type\":\"ListItem\",\"position\":2,\"name\":\"\u0160tudenti\",\"item\":\"https:\\\/\\\/www.upjs.sk\\\/lekarska-fakulta\\\/studenti-lf\\\/\"},{\"@type\":\"ListItem\",\"position\":3,\"name\":\"Mimo\u0161kolsk\u00e1 \u010dinnos\u0165\",\"item\":\"https:\\\/\\\/www.upjs.sk\\\/lekarska-fakulta\\\/studenti-lf\\\/mimoskolska-cinnost\\\/\"},{\"@type\":\"ListItem\",\"position\":4,\"name\":\"Slovensk\u00fd spolok \u0161tudentov zubn\u00e9ho lek\u00e1rstva\"}]},{\"@type\":\"WebSite\",\"@id\":\"https:\\\/\\\/www.upjs.sk\\\/lekarska-fakulta\\\/#website\",\"url\":\"https:\\\/\\\/www.upjs.sk\\\/lekarska-fakulta\\\/\",\"name\":\"Lek\u00e1rska fakulta | UPJ\u0160\",\"description\":\"\",\"publisher\":{\"@id\":\"https:\\\/\\\/www.upjs.sk\\\/lekarska-fakulta\\\/#organization\"},\"potentialAction\":[{\"@type\":\"SearchAction\",\"target\":{\"@type\":\"EntryPoint\",\"urlTemplate\":\"https:\\\/\\\/www.upjs.sk\\\/lekarska-fakulta\\\/?s={search_term_string}\"},\"query-input\":{\"@type\":\"PropertyValueSpecification\",\"valueRequired\":true,\"valueName\":\"search_term_string\"}}],\"inLanguage\":\"sk-SK\"},{\"@type\":\"Organization\",\"@id\":\"https:\\\/\\\/www.upjs.sk\\\/lekarska-fakulta\\\/#organization\",\"name\":\"Lek\u00e1rska fakulta | UPJ\u0160\",\"url\":\"https:\\\/\\\/www.upjs.sk\\\/lekarska-fakulta\\\/\",\"logo\":{\"@type\":\"ImageObject\",\"inLanguage\":\"sk-SK\",\"@id\":\"https:\\\/\\\/www.upjs.sk\\\/lekarska-fakulta\\\/#\\\/schema\\\/logo\\\/image\\\/\",\"url\":\"https:\\\/\\\/www.upjs.sk\\\/app\\\/uploads\\\/sites\\\/9\\\/2022\\\/09\\\/logo-lekarska-fakulta.png\",\"contentUrl\":\"https:\\\/\\\/www.upjs.sk\\\/app\\\/uploads\\\/sites\\\/9\\\/2022\\\/09\\\/logo-lekarska-fakulta.png\",\"width\":415,\"height\":87,\"caption\":\"Lek\u00e1rska fakulta | UPJ\u0160\"},\"image\":{\"@id\":\"https:\\\/\\\/www.upjs.sk\\\/lekarska-fakulta\\\/#\\\/schema\\\/logo\\\/image\\\/\"}}]}<\/script>\n<!-- \/ Yoast SEO plugin. -->","yoast_head_json":{"title":"Slovensk\u00fd spolok \u0161tudentov zubn\u00e9ho lek\u00e1rstva - Lek\u00e1rska fakulta | UPJ\u0160","robots":{"index":"index","follow":"follow","max-snippet":"max-snippet:-1","max-image-preview":"max-image-preview:large","max-video-preview":"max-video-preview:-1"},"canonical":"https:\/\/www.upjs.sk\/lekarska-fakulta\/studenti-lf\/mimoskolska-cinnost\/ssszl\/","og_locale":"sk_SK","og_type":"article","og_title":"Slovensk\u00fd spolok \u0161tudentov zubn\u00e9ho lek\u00e1rstva - Lek\u00e1rska fakulta | UPJ\u0160","og_description":"Slovensk\u00fd spolok \u0161tudentov zubn\u00e9ho lek\u00e1rstva (SS\u0160ZL) je jedinou organiz\u00e1ciou, ktor\u00e1 zdru\u017euje v\u0161etk\u00fdch \u0161tudentov zubn\u00e9ho lek\u00e1rstva na Slovensku. S\u00eddlo spolku je na Tr. SNP 1 v Ko\u0161iciach a v s\u00fa\u010dasnosti m\u00e1 3 miestne organiz\u00e1cie \u2013 v Ko\u0161iciach, v Bratislave a v Martine. Cie\u013eom spolku je utu\u017eovanie vz\u0165ahov medzi \u0161tudentmi za \u00fa\u010delom vytv\u00e1rania komunity, ktor\u00e1 si m\u00f4\u017ee &hellip; \u010c\u00edta\u0165 \u010falej","og_url":"https:\/\/www.upjs.sk\/lekarska-fakulta\/studenti-lf\/mimoskolska-cinnost\/ssszl\/","og_site_name":"Lek\u00e1rska fakulta | UPJ\u0160","article_modified_time":"2023-01-30T21:20:50+00:00","og_image":[{"width":278,"height":124,"url":"https:\/\/www.upjs.sk\/app\/uploads\/sites\/9\/2022\/09\/ssszl-3.png","type":"image\/png"}],"twitter_card":"summary_large_image","twitter_misc":{"Predpokladan\u00fd \u010das \u010d\u00edtania":"3 min\u00faty"},"schema":{"@context":"https:\/\/schema.org","@graph":[{"@type":"WebPage","@id":"https:\/\/www.upjs.sk\/lekarska-fakulta\/studenti-lf\/mimoskolska-cinnost\/ssszl\/","url":"https:\/\/www.upjs.sk\/lekarska-fakulta\/studenti-lf\/mimoskolska-cinnost\/ssszl\/","name":"Slovensk\u00fd spolok \u0161tudentov zubn\u00e9ho lek\u00e1rstva - Lek\u00e1rska fakulta | UPJ\u0160","isPartOf":{"@id":"https:\/\/www.upjs.sk\/lekarska-fakulta\/#website"},"primaryImageOfPage":{"@id":"https:\/\/www.upjs.sk\/lekarska-fakulta\/studenti-lf\/mimoskolska-cinnost\/ssszl\/#primaryimage"},"image":{"@id":"https:\/\/www.upjs.sk\/lekarska-fakulta\/studenti-lf\/mimoskolska-cinnost\/ssszl\/#primaryimage"},"thumbnailUrl":"https:\/\/www.upjs.sk\/app\/uploads\/sites\/9\/2022\/09\/ssszl-3.png","datePublished":"2023-01-30T21:20:46+00:00","dateModified":"2023-01-30T21:20:50+00:00","breadcrumb":{"@id":"https:\/\/www.upjs.sk\/lekarska-fakulta\/studenti-lf\/mimoskolska-cinnost\/ssszl\/#breadcrumb"},"inLanguage":"sk-SK","potentialAction":[{"@type":"ReadAction","target":["https:\/\/www.upjs.sk\/lekarska-fakulta\/studenti-lf\/mimoskolska-cinnost\/ssszl\/"]}]},{"@type":"ImageObject","inLanguage":"sk-SK","@id":"https:\/\/www.upjs.sk\/lekarska-fakulta\/studenti-lf\/mimoskolska-cinnost\/ssszl\/#primaryimage","url":"https:\/\/www.upjs.sk\/app\/uploads\/sites\/9\/2022\/09\/ssszl-3.png","contentUrl":"https:\/\/www.upjs.sk\/app\/uploads\/sites\/9\/2022\/09\/ssszl-3.png","width":278,"height":124,"caption":"ssszl"},{"@type":"BreadcrumbList","@id":"https:\/\/www.upjs.sk\/lekarska-fakulta\/studenti-lf\/mimoskolska-cinnost\/ssszl\/#breadcrumb","itemListElement":[{"@type":"ListItem","position":1,"name":"Home","item":"https:\/\/www.upjs.sk\/lekarska-fakulta\/"},{"@type":"ListItem","position":2,"name":"\u0160tudenti","item":"https:\/\/www.upjs.sk\/lekarska-fakulta\/studenti-lf\/"},{"@type":"ListItem","position":3,"name":"Mimo\u0161kolsk\u00e1 \u010dinnos\u0165","item":"https:\/\/www.upjs.sk\/lekarska-fakulta\/studenti-lf\/mimoskolska-cinnost\/"},{"@type":"ListItem","position":4,"name":"Slovensk\u00fd spolok \u0161tudentov zubn\u00e9ho lek\u00e1rstva"}]},{"@type":"WebSite","@id":"https:\/\/www.upjs.sk\/lekarska-fakulta\/#website","url":"https:\/\/www.upjs.sk\/lekarska-fakulta\/","name":"Lek\u00e1rska fakulta | UPJ\u0160","description":"","publisher":{"@id":"https:\/\/www.upjs.sk\/lekarska-fakulta\/#organization"},"potentialAction":[{"@type":"SearchAction","target":{"@type":"EntryPoint","urlTemplate":"https:\/\/www.upjs.sk\/lekarska-fakulta\/?s={search_term_string}"},"query-input":{"@type":"PropertyValueSpecification","valueRequired":true,"valueName":"search_term_string"}}],"inLanguage":"sk-SK"},{"@type":"Organization","@id":"https:\/\/www.upjs.sk\/lekarska-fakulta\/#organization","name":"Lek\u00e1rska fakulta | UPJ\u0160","url":"https:\/\/www.upjs.sk\/lekarska-fakulta\/","logo":{"@type":"ImageObject","inLanguage":"sk-SK","@id":"https:\/\/www.upjs.sk\/lekarska-fakulta\/#\/schema\/logo\/image\/","url":"https:\/\/www.upjs.sk\/app\/uploads\/sites\/9\/2022\/09\/logo-lekarska-fakulta.png","contentUrl":"https:\/\/www.upjs.sk\/app\/uploads\/sites\/9\/2022\/09\/logo-lekarska-fakulta.png","width":415,"height":87,"caption":"Lek\u00e1rska fakulta | UPJ\u0160"},"image":{"@id":"https:\/\/www.upjs.sk\/lekarska-fakulta\/#\/schema\/logo\/image\/"}}]}},"_links":{"self":[{"href":"https:\/\/www.upjs.sk\/lekarska-fakulta\/wp-json\/wp\/v2\/pages\/15900","targetHints":{"allow":["GET"]}}],"collection":[{"href":"https:\/\/www.upjs.sk\/lekarska-fakulta\/wp-json\/wp\/v2\/pages"}],"about":[{"href":"https:\/\/www.upjs.sk\/lekarska-fakulta\/wp-json\/wp\/v2\/types\/page"}],"author":[{"embeddable":true,"href":"https:\/\/www.upjs.sk\/lekarska-fakulta\/wp-json\/wp\/v2\/users\/1"}],"replies":[{"embeddable":true,"href":"https:\/\/www.upjs.sk\/lekarska-fakulta\/wp-json\/wp\/v2\/comments?post=15900"}],"version-history":[{"count":13,"href":"https:\/\/www.upjs.sk\/lekarska-fakulta\/wp-json\/wp\/v2\/pages\/15900\/revisions"}],"predecessor-version":[{"id":75199,"href":"https:\/\/www.upjs.sk\/lekarska-fakulta\/wp-json\/wp\/v2\/pages\/15900\/revisions\/75199"}],"up":[{"embeddable":true,"href":"https:\/\/www.upjs.sk\/lekarska-fakulta\/wp-json\/wp\/v2\/pages\/12972"}],"wp:featuredmedia":[{"embeddable":true,"href":"https:\/\/www.upjs.sk\/lekarska-fakulta\/wp-json\/wp\/v2\/media\/15905"}],"wp:attachment":[{"href":"https:\/\/www.upjs.sk\/lekarska-fakulta\/wp-json\/wp\/v2\/media?parent=15900"}],"wp:term":[{"taxonomy":"category","embeddable":true,"href":"https:\/\/www.upjs.sk\/lekarska-fakulta\/wp-json\/wp\/v2\/categories?post=15900"},{"taxonomy":"post_tag","embeddable":true,"href":"https:\/\/www.upjs.sk\/lekarska-fakulta\/wp-json\/wp\/v2\/tags?post=15900"}],"curies":[{"name":"wp","href":"https:\/\/api.w.org\/{rel}","templated":true}]}}