{"id":15908,"date":"2023-01-30T22:22:18","date_gmt":"2023-01-30T21:22:18","guid":{"rendered":"https:\/\/www.upjs.sk\/lekarska-fakulta\/studium-na-fakulte\/mimoskolska-cinnost\/predsednictvo-ssszl\/"},"modified":"2023-10-16T11:34:31","modified_gmt":"2023-10-16T10:34:31","slug":"predsednictvo-ssszl","status":"publish","type":"page","link":"https:\/\/www.upjs.sk\/lekarska-fakulta\/studenti-lf\/mimoskolska-cinnost\/ssszl\/predsednictvo-ssszl\/","title":{"rendered":"Predsedn\u00edctvo SS\u0160ZL"},"content":{"rendered":"\n<p><style type=\"text\/css\">#rh td{border:solid windowtext 1px;border-color:grow;padding-left:.5em;padding-top:2px;padding-bottom:2px;padding-right:.5em;vertical-align:top;} <\/style><\/p>\n\n\n\n<figure class=\"wp-block-image\"><a href=\"https:\/\/ssszl.sk\/\" target=\"_blank\" rel=\"noreferrer noopener\"><img decoding=\"async\" src=\"http:\/\/www.upjs.sk\/\/app\/uploads\/sites\/9\/2022\/09\/ssszl-4.png\" alt=\"\"\/><\/a><\/figure>\n\n\n\n<h4 class=\"wp-block-heading\">Prez\u00eddium SS\u0160ZL<\/h4>\n\n\n\n<figure id=\"rh\" class=\"wp-block-table\"><table><tbody><tr><td><strong>Prezident:<\/strong><\/td><td><strong>Filip Galo<\/strong>,<strong> <\/strong>JLF UK<br><a href=\"mailto:prezident@ssszl.sk\">prezident@ssszl.sk<\/a><\/td><\/tr><tr><td><strong>Viceprezident:<\/strong><\/td><td><strong>Michael Jen\u010da<\/strong>, LF UPJ\u0160<br><a href=\"mailto:viceprezident@ssszl.sk\">viceprezident@ssszl.sk<\/a><\/td><\/tr><tr><td><strong>Tajomn\u00ed\u010dka:<\/strong><\/td><td><strong>Michaela Mackov\u00e1<\/strong>, LF UPJ\u0160<br><a href=\"mailto:tajomnik@ssszl.sk\">tajomnik@ssszl.sk<\/a><\/td><\/tr><tr><td><strong>Hospod\u00e1r:<\/strong><\/td><td><strong>Ruben Kotrady<\/strong>, LF UPJ\u0160<br><a href=\"mailto:hospodar@ssszl.sk\">hospodar@ssszl.sk<\/a><\/td><\/tr><tr><td><strong>N\u00e1rodn\u00e1 koordin\u00e1torka pre vzdel\u00e1vanie:<\/strong><\/td><td><strong>Karin Tom\u00edkov\u00e1<\/strong>, LF UK<br><a href=\"mailto:vzdelavanie@ssszl.sk\">vzdelavanie@ssszl.sk<\/a><\/td><\/tr><tr><td><strong><strong><strong>N\u00e1rodn\u00e1 koordin\u00e1torka pre prevenciu:<\/strong><\/strong><\/strong><\/td><td><strong>Karin Onuferov\u00e1<\/strong>, LF UPJ\u0160 \u00a0<br><a href=\"mailto:preventiva@ssszl.sk\">preventiva@ssszl.sk<\/a><\/td><\/tr><tr><td><strong>N\u00e1rodn\u00fd koordin\u00e1tor pre zahrani\u010die:<\/strong><\/td><td><strong>Andrej Bubl\u00e1k<\/strong>, JLF UK<br><a href=\"mailto:zahranicie@ssszl.sk\">zahranicie@ssszl.sk<\/a><\/td><\/tr><tr><td><strong>N\u00e1rodn\u00fd koordin\u00e1tor pre soci\u00e1lne m\u00e9di\u00e1:<\/strong><\/td><td><strong>\u0160imon Sepe\u0161i<\/strong>, LF UPJ\u0160<\/td><\/tr><\/tbody><\/table><\/figure>\n","protected":false},"excerpt":{"rendered":"<p>Prez\u00eddium SS\u0160ZL Prezident: Filip Galo, JLF UKprezident@ssszl.sk Viceprezident: Michael Jen\u010da, LF UPJ\u0160viceprezident@ssszl.sk Tajomn\u00ed\u010dka: Michaela Mackov\u00e1, LF UPJ\u0160tajomnik@ssszl.sk Hospod\u00e1r: Ruben Kotrady, LF UPJ\u0160hospodar@ssszl.sk N\u00e1rodn\u00e1 koordin\u00e1torka pre vzdel\u00e1vanie: Karin Tom\u00edkov\u00e1, LF UKvzdelavanie@ssszl.sk N\u00e1rodn\u00e1 koordin\u00e1torka pre prevenciu: Karin Onuferov\u00e1, LF UPJ\u0160 \u00a0preventiva@ssszl.sk N\u00e1rodn\u00fd koordin\u00e1tor pre zahrani\u010die: Andrej Bubl\u00e1k, JLF UKzahranicie@ssszl.sk N\u00e1rodn\u00fd koordin\u00e1tor pre soci\u00e1lne m\u00e9di\u00e1: \u0160imon Sepe\u0161i, LF &hellip; <a href=\"https:\/\/www.upjs.sk\/lekarska-fakulta\/studenti-lf\/mimoskolska-cinnost\/ssszl\/predsednictvo-ssszl\/\">\u010c\u00edta\u0165 \u010falej<\/a><\/p>\n","protected":false},"author":1,"featured_media":15909,"parent":15900,"menu_order":0,"comment_status":"closed","ping_status":"closed","template":"","meta":{"_acf_changed":false,"_editorskit_title_hidden":false,"_editorskit_reading_time":0,"_editorskit_is_block_options_detached":false,"_editorskit_block_options_position":"{}","footnotes":""},"categories":[],"tags":[],"class_list":["post-15908","page","type-page","status-publish","has-post-thumbnail","hentry"],"acf":{"acf_link_na_externy_obsah":""},"yoast_head":"<!-- This site is optimized with the Yoast SEO plugin v27.4 - https:\/\/yoast.com\/product\/yoast-seo-wordpress\/ -->\n<title>Predsedn\u00edctvo SS\u0160ZL - Lek\u00e1rska fakulta | UPJ\u0160<\/title>\n<meta name=\"robots\" content=\"index, follow, max-snippet:-1, max-image-preview:large, max-video-preview:-1\" \/>\n<link rel=\"canonical\" href=\"https:\/\/www.upjs.sk\/lekarska-fakulta\/studenti-lf\/mimoskolska-cinnost\/ssszl\/predsednictvo-ssszl\/\" \/>\n<meta property=\"og:locale\" content=\"sk_SK\" \/>\n<meta property=\"og:type\" content=\"article\" \/>\n<meta property=\"og:title\" content=\"Predsedn\u00edctvo SS\u0160ZL - Lek\u00e1rska fakulta | UPJ\u0160\" \/>\n<meta property=\"og:description\" content=\"Prez\u00eddium SS\u0160ZL Prezident: Filip Galo, JLF UKprezident@ssszl.sk Viceprezident: Michael Jen\u010da, LF UPJ\u0160viceprezident@ssszl.sk Tajomn\u00ed\u010dka: Michaela Mackov\u00e1, LF UPJ\u0160tajomnik@ssszl.sk Hospod\u00e1r: Ruben Kotrady, LF UPJ\u0160hospodar@ssszl.sk N\u00e1rodn\u00e1 koordin\u00e1torka pre vzdel\u00e1vanie: Karin Tom\u00edkov\u00e1, LF UKvzdelavanie@ssszl.sk N\u00e1rodn\u00e1 koordin\u00e1torka pre prevenciu: Karin Onuferov\u00e1, LF UPJ\u0160 \u00a0preventiva@ssszl.sk N\u00e1rodn\u00fd koordin\u00e1tor pre zahrani\u010die: Andrej Bubl\u00e1k, JLF UKzahranicie@ssszl.sk N\u00e1rodn\u00fd koordin\u00e1tor pre soci\u00e1lne m\u00e9di\u00e1: \u0160imon Sepe\u0161i, LF &hellip; \u010c\u00edta\u0165 \u010falej\" \/>\n<meta property=\"og:url\" content=\"https:\/\/www.upjs.sk\/lekarska-fakulta\/studenti-lf\/mimoskolska-cinnost\/ssszl\/predsednictvo-ssszl\/\" \/>\n<meta property=\"og:site_name\" content=\"Lek\u00e1rska fakulta | UPJ\u0160\" \/>\n<meta property=\"article:modified_time\" content=\"2023-10-16T10:34:31+00:00\" \/>\n<meta property=\"og:image\" content=\"https:\/\/www.upjs.sk\/app\/uploads\/sites\/9\/2022\/09\/ssszl-4.png\" \/>\n\t<meta property=\"og:image:width\" content=\"327\" \/>\n\t<meta property=\"og:image:height\" content=\"145\" \/>\n\t<meta property=\"og:image:type\" content=\"image\/png\" \/>\n<meta name=\"twitter:card\" content=\"summary_large_image\" \/>\n<meta name=\"twitter:label1\" content=\"Predpokladan\u00fd \u010das \u010d\u00edtania\" \/>\n\t<meta name=\"twitter:data1\" content=\"1 min\u00fata\" \/>\n<script type=\"application\/ld+json\" class=\"yoast-schema-graph\">{\"@context\":\"https:\\\/\\\/schema.org\",\"@graph\":[{\"@type\":\"WebPage\",\"@id\":\"https:\\\/\\\/www.upjs.sk\\\/lekarska-fakulta\\\/studenti-lf\\\/mimoskolska-cinnost\\\/ssszl\\\/predsednictvo-ssszl\\\/\",\"url\":\"https:\\\/\\\/www.upjs.sk\\\/lekarska-fakulta\\\/studenti-lf\\\/mimoskolska-cinnost\\\/ssszl\\\/predsednictvo-ssszl\\\/\",\"name\":\"Predsedn\u00edctvo SS\u0160ZL - Lek\u00e1rska fakulta | UPJ\u0160\",\"isPartOf\":{\"@id\":\"https:\\\/\\\/www.upjs.sk\\\/lekarska-fakulta\\\/#website\"},\"primaryImageOfPage\":{\"@id\":\"https:\\\/\\\/www.upjs.sk\\\/lekarska-fakulta\\\/studenti-lf\\\/mimoskolska-cinnost\\\/ssszl\\\/predsednictvo-ssszl\\\/#primaryimage\"},\"image\":{\"@id\":\"https:\\\/\\\/www.upjs.sk\\\/lekarska-fakulta\\\/studenti-lf\\\/mimoskolska-cinnost\\\/ssszl\\\/predsednictvo-ssszl\\\/#primaryimage\"},\"thumbnailUrl\":\"https:\\\/\\\/www.upjs.sk\\\/app\\\/uploads\\\/sites\\\/9\\\/2022\\\/09\\\/ssszl-4.png\",\"datePublished\":\"2023-01-30T21:22:18+00:00\",\"dateModified\":\"2023-10-16T10:34:31+00:00\",\"breadcrumb\":{\"@id\":\"https:\\\/\\\/www.upjs.sk\\\/lekarska-fakulta\\\/studenti-lf\\\/mimoskolska-cinnost\\\/ssszl\\\/predsednictvo-ssszl\\\/#breadcrumb\"},\"inLanguage\":\"sk-SK\",\"potentialAction\":[{\"@type\":\"ReadAction\",\"target\":[\"https:\\\/\\\/www.upjs.sk\\\/lekarska-fakulta\\\/studenti-lf\\\/mimoskolska-cinnost\\\/ssszl\\\/predsednictvo-ssszl\\\/\"]}]},{\"@type\":\"ImageObject\",\"inLanguage\":\"sk-SK\",\"@id\":\"https:\\\/\\\/www.upjs.sk\\\/lekarska-fakulta\\\/studenti-lf\\\/mimoskolska-cinnost\\\/ssszl\\\/predsednictvo-ssszl\\\/#primaryimage\",\"url\":\"https:\\\/\\\/www.upjs.sk\\\/app\\\/uploads\\\/sites\\\/9\\\/2022\\\/09\\\/ssszl-4.png\",\"contentUrl\":\"https:\\\/\\\/www.upjs.sk\\\/app\\\/uploads\\\/sites\\\/9\\\/2022\\\/09\\\/ssszl-4.png\",\"width\":327,\"height\":145,\"caption\":\"predsednictvo-ssszl\"},{\"@type\":\"BreadcrumbList\",\"@id\":\"https:\\\/\\\/www.upjs.sk\\\/lekarska-fakulta\\\/studenti-lf\\\/mimoskolska-cinnost\\\/ssszl\\\/predsednictvo-ssszl\\\/#breadcrumb\",\"itemListElement\":[{\"@type\":\"ListItem\",\"position\":1,\"name\":\"Home\",\"item\":\"https:\\\/\\\/www.upjs.sk\\\/lekarska-fakulta\\\/\"},{\"@type\":\"ListItem\",\"position\":2,\"name\":\"\u0160tudenti\",\"item\":\"https:\\\/\\\/www.upjs.sk\\\/lekarska-fakulta\\\/studenti-lf\\\/\"},{\"@type\":\"ListItem\",\"position\":3,\"name\":\"Mimo\u0161kolsk\u00e1 \u010dinnos\u0165\",\"item\":\"https:\\\/\\\/www.upjs.sk\\\/lekarska-fakulta\\\/studenti-lf\\\/mimoskolska-cinnost\\\/\"},{\"@type\":\"ListItem\",\"position\":4,\"name\":\"Slovensk\u00fd spolok \u0161tudentov zubn\u00e9ho lek\u00e1rstva\",\"item\":\"https:\\\/\\\/www.upjs.sk\\\/lekarska-fakulta\\\/studenti-lf\\\/mimoskolska-cinnost\\\/ssszl\\\/\"},{\"@type\":\"ListItem\",\"position\":5,\"name\":\"Predsedn\u00edctvo SS\u0160ZL\"}]},{\"@type\":\"WebSite\",\"@id\":\"https:\\\/\\\/www.upjs.sk\\\/lekarska-fakulta\\\/#website\",\"url\":\"https:\\\/\\\/www.upjs.sk\\\/lekarska-fakulta\\\/\",\"name\":\"Lek\u00e1rska fakulta | UPJ\u0160\",\"description\":\"\",\"publisher\":{\"@id\":\"https:\\\/\\\/www.upjs.sk\\\/lekarska-fakulta\\\/#organization\"},\"potentialAction\":[{\"@type\":\"SearchAction\",\"target\":{\"@type\":\"EntryPoint\",\"urlTemplate\":\"https:\\\/\\\/www.upjs.sk\\\/lekarska-fakulta\\\/?s={search_term_string}\"},\"query-input\":{\"@type\":\"PropertyValueSpecification\",\"valueRequired\":true,\"valueName\":\"search_term_string\"}}],\"inLanguage\":\"sk-SK\"},{\"@type\":\"Organization\",\"@id\":\"https:\\\/\\\/www.upjs.sk\\\/lekarska-fakulta\\\/#organization\",\"name\":\"Lek\u00e1rska fakulta | UPJ\u0160\",\"url\":\"https:\\\/\\\/www.upjs.sk\\\/lekarska-fakulta\\\/\",\"logo\":{\"@type\":\"ImageObject\",\"inLanguage\":\"sk-SK\",\"@id\":\"https:\\\/\\\/www.upjs.sk\\\/lekarska-fakulta\\\/#\\\/schema\\\/logo\\\/image\\\/\",\"url\":\"https:\\\/\\\/www.upjs.sk\\\/app\\\/uploads\\\/sites\\\/9\\\/2022\\\/09\\\/logo-lekarska-fakulta.png\",\"contentUrl\":\"https:\\\/\\\/www.upjs.sk\\\/app\\\/uploads\\\/sites\\\/9\\\/2022\\\/09\\\/logo-lekarska-fakulta.png\",\"width\":415,\"height\":87,\"caption\":\"Lek\u00e1rska fakulta | UPJ\u0160\"},\"image\":{\"@id\":\"https:\\\/\\\/www.upjs.sk\\\/lekarska-fakulta\\\/#\\\/schema\\\/logo\\\/image\\\/\"}}]}<\/script>\n<!-- \/ Yoast SEO plugin. -->","yoast_head_json":{"title":"Predsedn\u00edctvo SS\u0160ZL - Lek\u00e1rska fakulta | UPJ\u0160","robots":{"index":"index","follow":"follow","max-snippet":"max-snippet:-1","max-image-preview":"max-image-preview:large","max-video-preview":"max-video-preview:-1"},"canonical":"https:\/\/www.upjs.sk\/lekarska-fakulta\/studenti-lf\/mimoskolska-cinnost\/ssszl\/predsednictvo-ssszl\/","og_locale":"sk_SK","og_type":"article","og_title":"Predsedn\u00edctvo SS\u0160ZL - Lek\u00e1rska fakulta | UPJ\u0160","og_description":"Prez\u00eddium SS\u0160ZL Prezident: Filip Galo, JLF UKprezident@ssszl.sk Viceprezident: Michael Jen\u010da, LF UPJ\u0160viceprezident@ssszl.sk Tajomn\u00ed\u010dka: Michaela Mackov\u00e1, LF UPJ\u0160tajomnik@ssszl.sk Hospod\u00e1r: Ruben Kotrady, LF UPJ\u0160hospodar@ssszl.sk N\u00e1rodn\u00e1 koordin\u00e1torka pre vzdel\u00e1vanie: Karin Tom\u00edkov\u00e1, LF UKvzdelavanie@ssszl.sk N\u00e1rodn\u00e1 koordin\u00e1torka pre prevenciu: Karin Onuferov\u00e1, LF UPJ\u0160 \u00a0preventiva@ssszl.sk N\u00e1rodn\u00fd koordin\u00e1tor pre zahrani\u010die: Andrej Bubl\u00e1k, JLF UKzahranicie@ssszl.sk N\u00e1rodn\u00fd koordin\u00e1tor pre soci\u00e1lne m\u00e9di\u00e1: \u0160imon Sepe\u0161i, LF &hellip; \u010c\u00edta\u0165 \u010falej","og_url":"https:\/\/www.upjs.sk\/lekarska-fakulta\/studenti-lf\/mimoskolska-cinnost\/ssszl\/predsednictvo-ssszl\/","og_site_name":"Lek\u00e1rska fakulta | UPJ\u0160","article_modified_time":"2023-10-16T10:34:31+00:00","og_image":[{"width":327,"height":145,"url":"https:\/\/www.upjs.sk\/app\/uploads\/sites\/9\/2022\/09\/ssszl-4.png","type":"image\/png"}],"twitter_card":"summary_large_image","twitter_misc":{"Predpokladan\u00fd \u010das \u010d\u00edtania":"1 min\u00fata"},"schema":{"@context":"https:\/\/schema.org","@graph":[{"@type":"WebPage","@id":"https:\/\/www.upjs.sk\/lekarska-fakulta\/studenti-lf\/mimoskolska-cinnost\/ssszl\/predsednictvo-ssszl\/","url":"https:\/\/www.upjs.sk\/lekarska-fakulta\/studenti-lf\/mimoskolska-cinnost\/ssszl\/predsednictvo-ssszl\/","name":"Predsedn\u00edctvo SS\u0160ZL - Lek\u00e1rska fakulta | UPJ\u0160","isPartOf":{"@id":"https:\/\/www.upjs.sk\/lekarska-fakulta\/#website"},"primaryImageOfPage":{"@id":"https:\/\/www.upjs.sk\/lekarska-fakulta\/studenti-lf\/mimoskolska-cinnost\/ssszl\/predsednictvo-ssszl\/#primaryimage"},"image":{"@id":"https:\/\/www.upjs.sk\/lekarska-fakulta\/studenti-lf\/mimoskolska-cinnost\/ssszl\/predsednictvo-ssszl\/#primaryimage"},"thumbnailUrl":"https:\/\/www.upjs.sk\/app\/uploads\/sites\/9\/2022\/09\/ssszl-4.png","datePublished":"2023-01-30T21:22:18+00:00","dateModified":"2023-10-16T10:34:31+00:00","breadcrumb":{"@id":"https:\/\/www.upjs.sk\/lekarska-fakulta\/studenti-lf\/mimoskolska-cinnost\/ssszl\/predsednictvo-ssszl\/#breadcrumb"},"inLanguage":"sk-SK","potentialAction":[{"@type":"ReadAction","target":["https:\/\/www.upjs.sk\/lekarska-fakulta\/studenti-lf\/mimoskolska-cinnost\/ssszl\/predsednictvo-ssszl\/"]}]},{"@type":"ImageObject","inLanguage":"sk-SK","@id":"https:\/\/www.upjs.sk\/lekarska-fakulta\/studenti-lf\/mimoskolska-cinnost\/ssszl\/predsednictvo-ssszl\/#primaryimage","url":"https:\/\/www.upjs.sk\/app\/uploads\/sites\/9\/2022\/09\/ssszl-4.png","contentUrl":"https:\/\/www.upjs.sk\/app\/uploads\/sites\/9\/2022\/09\/ssszl-4.png","width":327,"height":145,"caption":"predsednictvo-ssszl"},{"@type":"BreadcrumbList","@id":"https:\/\/www.upjs.sk\/lekarska-fakulta\/studenti-lf\/mimoskolska-cinnost\/ssszl\/predsednictvo-ssszl\/#breadcrumb","itemListElement":[{"@type":"ListItem","position":1,"name":"Home","item":"https:\/\/www.upjs.sk\/lekarska-fakulta\/"},{"@type":"ListItem","position":2,"name":"\u0160tudenti","item":"https:\/\/www.upjs.sk\/lekarska-fakulta\/studenti-lf\/"},{"@type":"ListItem","position":3,"name":"Mimo\u0161kolsk\u00e1 \u010dinnos\u0165","item":"https:\/\/www.upjs.sk\/lekarska-fakulta\/studenti-lf\/mimoskolska-cinnost\/"},{"@type":"ListItem","position":4,"name":"Slovensk\u00fd spolok \u0161tudentov zubn\u00e9ho lek\u00e1rstva","item":"https:\/\/www.upjs.sk\/lekarska-fakulta\/studenti-lf\/mimoskolska-cinnost\/ssszl\/"},{"@type":"ListItem","position":5,"name":"Predsedn\u00edctvo SS\u0160ZL"}]},{"@type":"WebSite","@id":"https:\/\/www.upjs.sk\/lekarska-fakulta\/#website","url":"https:\/\/www.upjs.sk\/lekarska-fakulta\/","name":"Lek\u00e1rska fakulta | UPJ\u0160","description":"","publisher":{"@id":"https:\/\/www.upjs.sk\/lekarska-fakulta\/#organization"},"potentialAction":[{"@type":"SearchAction","target":{"@type":"EntryPoint","urlTemplate":"https:\/\/www.upjs.sk\/lekarska-fakulta\/?s={search_term_string}"},"query-input":{"@type":"PropertyValueSpecification","valueRequired":true,"valueName":"search_term_string"}}],"inLanguage":"sk-SK"},{"@type":"Organization","@id":"https:\/\/www.upjs.sk\/lekarska-fakulta\/#organization","name":"Lek\u00e1rska fakulta | UPJ\u0160","url":"https:\/\/www.upjs.sk\/lekarska-fakulta\/","logo":{"@type":"ImageObject","inLanguage":"sk-SK","@id":"https:\/\/www.upjs.sk\/lekarska-fakulta\/#\/schema\/logo\/image\/","url":"https:\/\/www.upjs.sk\/app\/uploads\/sites\/9\/2022\/09\/logo-lekarska-fakulta.png","contentUrl":"https:\/\/www.upjs.sk\/app\/uploads\/sites\/9\/2022\/09\/logo-lekarska-fakulta.png","width":415,"height":87,"caption":"Lek\u00e1rska fakulta | UPJ\u0160"},"image":{"@id":"https:\/\/www.upjs.sk\/lekarska-fakulta\/#\/schema\/logo\/image\/"}}]}},"_links":{"self":[{"href":"https:\/\/www.upjs.sk\/lekarska-fakulta\/wp-json\/wp\/v2\/pages\/15908","targetHints":{"allow":["GET"]}}],"collection":[{"href":"https:\/\/www.upjs.sk\/lekarska-fakulta\/wp-json\/wp\/v2\/pages"}],"about":[{"href":"https:\/\/www.upjs.sk\/lekarska-fakulta\/wp-json\/wp\/v2\/types\/page"}],"author":[{"embeddable":true,"href":"https:\/\/www.upjs.sk\/lekarska-fakulta\/wp-json\/wp\/v2\/users\/1"}],"replies":[{"embeddable":true,"href":"https:\/\/www.upjs.sk\/lekarska-fakulta\/wp-json\/wp\/v2\/comments?post=15908"}],"version-history":[{"count":6,"href":"https:\/\/www.upjs.sk\/lekarska-fakulta\/wp-json\/wp\/v2\/pages\/15908\/revisions"}],"predecessor-version":[{"id":99553,"href":"https:\/\/www.upjs.sk\/lekarska-fakulta\/wp-json\/wp\/v2\/pages\/15908\/revisions\/99553"}],"up":[{"embeddable":true,"href":"https:\/\/www.upjs.sk\/lekarska-fakulta\/wp-json\/wp\/v2\/pages\/15900"}],"wp:featuredmedia":[{"embeddable":true,"href":"https:\/\/www.upjs.sk\/lekarska-fakulta\/wp-json\/wp\/v2\/media\/15909"}],"wp:attachment":[{"href":"https:\/\/www.upjs.sk\/lekarska-fakulta\/wp-json\/wp\/v2\/media?parent=15908"}],"wp:term":[{"taxonomy":"category","embeddable":true,"href":"https:\/\/www.upjs.sk\/lekarska-fakulta\/wp-json\/wp\/v2\/categories?post=15908"},{"taxonomy":"post_tag","embeddable":true,"href":"https:\/\/www.upjs.sk\/lekarska-fakulta\/wp-json\/wp\/v2\/tags?post=15908"}],"curies":[{"name":"wp","href":"https:\/\/api.w.org\/{rel}","templated":true}]}}