{"id":15911,"date":"2023-01-30T22:20:33","date_gmt":"2023-01-30T21:20:33","guid":{"rendered":"https:\/\/www.upjs.sk\/lekarska-fakulta\/studium-na-fakulte\/mimoskolska-cinnost\/miestna-organizacia\/"},"modified":"2025-09-30T11:02:19","modified_gmt":"2025-09-30T10:02:19","slug":"miestna-organizacia-ssszl","status":"publish","type":"page","link":"https:\/\/www.upjs.sk\/lekarska-fakulta\/studenti-lf\/mimoskolska-cinnost\/ssszl\/miestna-organizacia-ssszl\/","title":{"rendered":"Miestna organiz\u00e1cia SS\u0160ZL \u2013 Ko\u0161ice"},"content":{"rendered":"\n<p><style type=\"text\/css\">#rh td{border:solid windowtext 1px;border-color:grow;padding-left:.5em;padding-top:2px;padding-bottom:2px;padding-right:.5em;vertical-align:top;} <\/style><\/p>\n\n\n<style>.wp-block-kadence-advancedheading.kt-adv-heading15911_f0f24c-b8, .wp-block-kadence-advancedheading.kt-adv-heading15911_f0f24c-b8[data-kb-block=\"kb-adv-heading15911_f0f24c-b8\"]{font-style:normal;}.wp-block-kadence-advancedheading.kt-adv-heading15911_f0f24c-b8 mark.kt-highlight, .wp-block-kadence-advancedheading.kt-adv-heading15911_f0f24c-b8[data-kb-block=\"kb-adv-heading15911_f0f24c-b8\"] mark.kt-highlight{font-style:normal;color:#f76a0c;-webkit-box-decoration-break:clone;box-decoration-break:clone;padding-top:0px;padding-right:0px;padding-bottom:0px;padding-left:0px;}<\/style>\n<h4 class=\"kt-adv-heading15911_f0f24c-b8 wp-block-kadence-advancedheading\" data-kb-block=\"kb-adv-heading15911_f0f24c-b8\"><span style=\"font-size: 16px;\"><strong><span style=\"color: #c0392b;\">Kontakt<\/span><\/strong><\/span><\/h4>\n\n\n\n<p><strong>Slovensk\u00fd spolok \u0161tudentov zubn\u00e9ho lek\u00e1rstva<\/strong><br>UPJ\u0160 LF<img decoding=\"async\" style=\"float: right; height: 100px; margin-right: 150px; width: 226px;\" src=\"http:\/\/www.upjs.sk\/\/app\/uploads\/sites\/9\/2022\/09\/ssszl-5.png\" alt=\"\"><br>Trieda SNP 1<br>040 11  Ko\u0161ice<br>tel.: (+421 55) 234 3489<br>e-mail: <a href=\"mailto:ssszl@ssszl.sk\">ssszl@ssszl.sk<\/a>; <a class=\"ek-link\" href=\"mailto:predsedakosice@ssszl.sk\">predsedakosice@ssszl.sk<\/a><br><a class=\"ek-link\" href=\"http:\/\/www.ssszl.sk\">www.ssszl.sk<\/a>, <a aria-label=\" (opens in a new tab)\" class=\"ek-link\" href=\"http:\/\/www.facebook.com\/ssszl\" target=\"_blank\" rel=\"noreferrer noopener\">www.facebook.com\/ssszl<\/a><\/p>\n\n\n\n<figure id=\"rh\" class=\"wp-block-table\"><table><tbody><tr><td><strong>Predseda:<\/strong><\/td><td><strong><strong>Adam Vodilka<\/strong><\/strong><\/td><\/tr><tr><td>Lok\u00e1lna koordin\u00e1torka pre vzdel\u00e1vanie:<\/td><td><strong>Laura Virbov\u00e1<\/strong><\/td><\/tr><tr><td>Lok\u00e1lna koordin\u00e1torka pre prevenciu:<\/td><td><strong>Em\u00edlia Hud\u00e1kov\u00e1<\/strong><\/td><\/tr><tr><td>Lok\u00e1lna koordin\u00e1torka pre spolo\u010densk\u00e9 akcie:<\/td><td><strong>Dorota Manikov\u00e1<\/strong><\/td><\/tr><tr><td>Lok\u00e1lny koordin\u00e1tor pre v\u00fdmenn\u00e9 pobyty:<\/td><td><strong>\u0160tefan Culba<\/strong><\/td><\/tr><tr><td>Lok\u00e1lna koordin\u00e1torka pre soci\u00e1lne m\u00e9di\u00e1<\/td><td><strong>Janka Sujova<\/strong><\/td><\/tr><\/tbody><\/table><\/figure>\n","protected":false},"excerpt":{"rendered":"<p>Kontakt Slovensk\u00fd spolok \u0161tudentov zubn\u00e9ho lek\u00e1rstvaUPJ\u0160 LFTrieda SNP 1040 11 Ko\u0161icetel.: (+421 55) 234 3489e-mail: ssszl@ssszl.sk; predsedakosice@ssszl.skwww.ssszl.sk, www.facebook.com\/ssszl Predseda: Adam Vodilka Lok\u00e1lna koordin\u00e1torka pre vzdel\u00e1vanie: Laura Virbov\u00e1 Lok\u00e1lna koordin\u00e1torka pre prevenciu: Em\u00edlia Hud\u00e1kov\u00e1 Lok\u00e1lna koordin\u00e1torka pre spolo\u010densk\u00e9 akcie: Dorota Manikov\u00e1 Lok\u00e1lny koordin\u00e1tor pre v\u00fdmenn\u00e9 pobyty: \u0160tefan Culba Lok\u00e1lna koordin\u00e1torka pre soci\u00e1lne m\u00e9di\u00e1 Janka Sujova<\/p>\n","protected":false},"author":1,"featured_media":15912,"parent":15900,"menu_order":1,"comment_status":"closed","ping_status":"closed","template":"","meta":{"_acf_changed":false,"_editorskit_title_hidden":false,"_editorskit_reading_time":1,"_editorskit_is_block_options_detached":false,"_editorskit_block_options_position":"{}","footnotes":""},"categories":[],"tags":[],"class_list":["post-15911","page","type-page","status-publish","has-post-thumbnail","hentry"],"acf":{"acf_link_na_externy_obsah":""},"yoast_head":"<!-- This site is optimized with the Yoast SEO plugin v27.4 - https:\/\/yoast.com\/product\/yoast-seo-wordpress\/ -->\n<title>Miestna organiz\u00e1cia SS\u0160ZL \u2013 Ko\u0161ice - Lek\u00e1rska fakulta | UPJ\u0160<\/title>\n<meta name=\"robots\" content=\"index, follow, max-snippet:-1, max-image-preview:large, max-video-preview:-1\" \/>\n<link rel=\"canonical\" href=\"https:\/\/www.upjs.sk\/lekarska-fakulta\/studenti-lf\/mimoskolska-cinnost\/ssszl\/miestna-organizacia-ssszl\/\" \/>\n<meta property=\"og:locale\" content=\"sk_SK\" \/>\n<meta property=\"og:type\" content=\"article\" \/>\n<meta property=\"og:title\" content=\"Miestna organiz\u00e1cia SS\u0160ZL \u2013 Ko\u0161ice - Lek\u00e1rska fakulta | UPJ\u0160\" \/>\n<meta property=\"og:description\" content=\"Kontakt Slovensk\u00fd spolok \u0161tudentov zubn\u00e9ho lek\u00e1rstvaUPJ\u0160 LFTrieda SNP 1040 11 Ko\u0161icetel.: (+421 55) 234 3489e-mail: ssszl@ssszl.sk; predsedakosice@ssszl.skwww.ssszl.sk, www.facebook.com\/ssszl Predseda: Adam Vodilka Lok\u00e1lna koordin\u00e1torka pre vzdel\u00e1vanie: Laura Virbov\u00e1 Lok\u00e1lna koordin\u00e1torka pre prevenciu: Em\u00edlia Hud\u00e1kov\u00e1 Lok\u00e1lna koordin\u00e1torka pre spolo\u010densk\u00e9 akcie: Dorota Manikov\u00e1 Lok\u00e1lny koordin\u00e1tor pre v\u00fdmenn\u00e9 pobyty: \u0160tefan Culba Lok\u00e1lna koordin\u00e1torka pre soci\u00e1lne m\u00e9di\u00e1 Janka Sujova\" \/>\n<meta property=\"og:url\" content=\"https:\/\/www.upjs.sk\/lekarska-fakulta\/studenti-lf\/mimoskolska-cinnost\/ssszl\/miestna-organizacia-ssszl\/\" \/>\n<meta property=\"og:site_name\" content=\"Lek\u00e1rska fakulta | UPJ\u0160\" \/>\n<meta property=\"article:modified_time\" content=\"2025-09-30T10:02:19+00:00\" \/>\n<meta property=\"og:image\" content=\"https:\/\/www.upjs.sk\/app\/uploads\/sites\/9\/2022\/09\/ssszl-5.png\" \/>\n\t<meta property=\"og:image:width\" content=\"327\" \/>\n\t<meta property=\"og:image:height\" content=\"145\" \/>\n\t<meta property=\"og:image:type\" content=\"image\/png\" \/>\n<meta name=\"twitter:card\" content=\"summary_large_image\" \/>\n<meta name=\"twitter:label1\" content=\"Predpokladan\u00fd \u010das \u010d\u00edtania\" \/>\n\t<meta name=\"twitter:data1\" content=\"1 min\u00fata\" \/>\n<script type=\"application\/ld+json\" class=\"yoast-schema-graph\">{\"@context\":\"https:\\\/\\\/schema.org\",\"@graph\":[{\"@type\":\"WebPage\",\"@id\":\"https:\\\/\\\/www.upjs.sk\\\/lekarska-fakulta\\\/studenti-lf\\\/mimoskolska-cinnost\\\/ssszl\\\/miestna-organizacia-ssszl\\\/\",\"url\":\"https:\\\/\\\/www.upjs.sk\\\/lekarska-fakulta\\\/studenti-lf\\\/mimoskolska-cinnost\\\/ssszl\\\/miestna-organizacia-ssszl\\\/\",\"name\":\"Miestna organiz\u00e1cia SS\u0160ZL \u2013 Ko\u0161ice - Lek\u00e1rska fakulta | UPJ\u0160\",\"isPartOf\":{\"@id\":\"https:\\\/\\\/www.upjs.sk\\\/lekarska-fakulta\\\/#website\"},\"primaryImageOfPage\":{\"@id\":\"https:\\\/\\\/www.upjs.sk\\\/lekarska-fakulta\\\/studenti-lf\\\/mimoskolska-cinnost\\\/ssszl\\\/miestna-organizacia-ssszl\\\/#primaryimage\"},\"image\":{\"@id\":\"https:\\\/\\\/www.upjs.sk\\\/lekarska-fakulta\\\/studenti-lf\\\/mimoskolska-cinnost\\\/ssszl\\\/miestna-organizacia-ssszl\\\/#primaryimage\"},\"thumbnailUrl\":\"https:\\\/\\\/www.upjs.sk\\\/app\\\/uploads\\\/sites\\\/9\\\/2022\\\/09\\\/ssszl-5.png\",\"datePublished\":\"2023-01-30T21:20:33+00:00\",\"dateModified\":\"2025-09-30T10:02:19+00:00\",\"breadcrumb\":{\"@id\":\"https:\\\/\\\/www.upjs.sk\\\/lekarska-fakulta\\\/studenti-lf\\\/mimoskolska-cinnost\\\/ssszl\\\/miestna-organizacia-ssszl\\\/#breadcrumb\"},\"inLanguage\":\"sk-SK\",\"potentialAction\":[{\"@type\":\"ReadAction\",\"target\":[\"https:\\\/\\\/www.upjs.sk\\\/lekarska-fakulta\\\/studenti-lf\\\/mimoskolska-cinnost\\\/ssszl\\\/miestna-organizacia-ssszl\\\/\"]}]},{\"@type\":\"ImageObject\",\"inLanguage\":\"sk-SK\",\"@id\":\"https:\\\/\\\/www.upjs.sk\\\/lekarska-fakulta\\\/studenti-lf\\\/mimoskolska-cinnost\\\/ssszl\\\/miestna-organizacia-ssszl\\\/#primaryimage\",\"url\":\"https:\\\/\\\/www.upjs.sk\\\/app\\\/uploads\\\/sites\\\/9\\\/2022\\\/09\\\/ssszl-5.png\",\"contentUrl\":\"https:\\\/\\\/www.upjs.sk\\\/app\\\/uploads\\\/sites\\\/9\\\/2022\\\/09\\\/ssszl-5.png\",\"width\":327,\"height\":145,\"caption\":\"miestna-organizacia\"},{\"@type\":\"BreadcrumbList\",\"@id\":\"https:\\\/\\\/www.upjs.sk\\\/lekarska-fakulta\\\/studenti-lf\\\/mimoskolska-cinnost\\\/ssszl\\\/miestna-organizacia-ssszl\\\/#breadcrumb\",\"itemListElement\":[{\"@type\":\"ListItem\",\"position\":1,\"name\":\"Home\",\"item\":\"https:\\\/\\\/www.upjs.sk\\\/lekarska-fakulta\\\/\"},{\"@type\":\"ListItem\",\"position\":2,\"name\":\"\u0160tudenti\",\"item\":\"https:\\\/\\\/www.upjs.sk\\\/lekarska-fakulta\\\/studenti-lf\\\/\"},{\"@type\":\"ListItem\",\"position\":3,\"name\":\"Mimo\u0161kolsk\u00e1 \u010dinnos\u0165\",\"item\":\"https:\\\/\\\/www.upjs.sk\\\/lekarska-fakulta\\\/studenti-lf\\\/mimoskolska-cinnost\\\/\"},{\"@type\":\"ListItem\",\"position\":4,\"name\":\"Slovensk\u00fd spolok \u0161tudentov zubn\u00e9ho lek\u00e1rstva\",\"item\":\"https:\\\/\\\/www.upjs.sk\\\/lekarska-fakulta\\\/studenti-lf\\\/mimoskolska-cinnost\\\/ssszl\\\/\"},{\"@type\":\"ListItem\",\"position\":5,\"name\":\"Miestna organiz\u00e1cia SS\u0160ZL \u2013 Ko\u0161ice\"}]},{\"@type\":\"WebSite\",\"@id\":\"https:\\\/\\\/www.upjs.sk\\\/lekarska-fakulta\\\/#website\",\"url\":\"https:\\\/\\\/www.upjs.sk\\\/lekarska-fakulta\\\/\",\"name\":\"Lek\u00e1rska fakulta | UPJ\u0160\",\"description\":\"\",\"publisher\":{\"@id\":\"https:\\\/\\\/www.upjs.sk\\\/lekarska-fakulta\\\/#organization\"},\"potentialAction\":[{\"@type\":\"SearchAction\",\"target\":{\"@type\":\"EntryPoint\",\"urlTemplate\":\"https:\\\/\\\/www.upjs.sk\\\/lekarska-fakulta\\\/?s={search_term_string}\"},\"query-input\":{\"@type\":\"PropertyValueSpecification\",\"valueRequired\":true,\"valueName\":\"search_term_string\"}}],\"inLanguage\":\"sk-SK\"},{\"@type\":\"Organization\",\"@id\":\"https:\\\/\\\/www.upjs.sk\\\/lekarska-fakulta\\\/#organization\",\"name\":\"Lek\u00e1rska fakulta | UPJ\u0160\",\"url\":\"https:\\\/\\\/www.upjs.sk\\\/lekarska-fakulta\\\/\",\"logo\":{\"@type\":\"ImageObject\",\"inLanguage\":\"sk-SK\",\"@id\":\"https:\\\/\\\/www.upjs.sk\\\/lekarska-fakulta\\\/#\\\/schema\\\/logo\\\/image\\\/\",\"url\":\"https:\\\/\\\/www.upjs.sk\\\/app\\\/uploads\\\/sites\\\/9\\\/2022\\\/09\\\/logo-lekarska-fakulta.png\",\"contentUrl\":\"https:\\\/\\\/www.upjs.sk\\\/app\\\/uploads\\\/sites\\\/9\\\/2022\\\/09\\\/logo-lekarska-fakulta.png\",\"width\":415,\"height\":87,\"caption\":\"Lek\u00e1rska fakulta | UPJ\u0160\"},\"image\":{\"@id\":\"https:\\\/\\\/www.upjs.sk\\\/lekarska-fakulta\\\/#\\\/schema\\\/logo\\\/image\\\/\"}}]}<\/script>\n<!-- \/ Yoast SEO plugin. -->","yoast_head_json":{"title":"Miestna organiz\u00e1cia SS\u0160ZL \u2013 Ko\u0161ice - Lek\u00e1rska fakulta | UPJ\u0160","robots":{"index":"index","follow":"follow","max-snippet":"max-snippet:-1","max-image-preview":"max-image-preview:large","max-video-preview":"max-video-preview:-1"},"canonical":"https:\/\/www.upjs.sk\/lekarska-fakulta\/studenti-lf\/mimoskolska-cinnost\/ssszl\/miestna-organizacia-ssszl\/","og_locale":"sk_SK","og_type":"article","og_title":"Miestna organiz\u00e1cia SS\u0160ZL \u2013 Ko\u0161ice - Lek\u00e1rska fakulta | UPJ\u0160","og_description":"Kontakt Slovensk\u00fd spolok \u0161tudentov zubn\u00e9ho lek\u00e1rstvaUPJ\u0160 LFTrieda SNP 1040 11 Ko\u0161icetel.: (+421 55) 234 3489e-mail: ssszl@ssszl.sk; predsedakosice@ssszl.skwww.ssszl.sk, www.facebook.com\/ssszl Predseda: Adam Vodilka Lok\u00e1lna koordin\u00e1torka pre vzdel\u00e1vanie: Laura Virbov\u00e1 Lok\u00e1lna koordin\u00e1torka pre prevenciu: Em\u00edlia Hud\u00e1kov\u00e1 Lok\u00e1lna koordin\u00e1torka pre spolo\u010densk\u00e9 akcie: Dorota Manikov\u00e1 Lok\u00e1lny koordin\u00e1tor pre v\u00fdmenn\u00e9 pobyty: \u0160tefan Culba Lok\u00e1lna koordin\u00e1torka pre soci\u00e1lne m\u00e9di\u00e1 Janka Sujova","og_url":"https:\/\/www.upjs.sk\/lekarska-fakulta\/studenti-lf\/mimoskolska-cinnost\/ssszl\/miestna-organizacia-ssszl\/","og_site_name":"Lek\u00e1rska fakulta | UPJ\u0160","article_modified_time":"2025-09-30T10:02:19+00:00","og_image":[{"width":327,"height":145,"url":"https:\/\/www.upjs.sk\/app\/uploads\/sites\/9\/2022\/09\/ssszl-5.png","type":"image\/png"}],"twitter_card":"summary_large_image","twitter_misc":{"Predpokladan\u00fd \u010das \u010d\u00edtania":"1 min\u00fata"},"schema":{"@context":"https:\/\/schema.org","@graph":[{"@type":"WebPage","@id":"https:\/\/www.upjs.sk\/lekarska-fakulta\/studenti-lf\/mimoskolska-cinnost\/ssszl\/miestna-organizacia-ssszl\/","url":"https:\/\/www.upjs.sk\/lekarska-fakulta\/studenti-lf\/mimoskolska-cinnost\/ssszl\/miestna-organizacia-ssszl\/","name":"Miestna organiz\u00e1cia SS\u0160ZL \u2013 Ko\u0161ice - Lek\u00e1rska fakulta | UPJ\u0160","isPartOf":{"@id":"https:\/\/www.upjs.sk\/lekarska-fakulta\/#website"},"primaryImageOfPage":{"@id":"https:\/\/www.upjs.sk\/lekarska-fakulta\/studenti-lf\/mimoskolska-cinnost\/ssszl\/miestna-organizacia-ssszl\/#primaryimage"},"image":{"@id":"https:\/\/www.upjs.sk\/lekarska-fakulta\/studenti-lf\/mimoskolska-cinnost\/ssszl\/miestna-organizacia-ssszl\/#primaryimage"},"thumbnailUrl":"https:\/\/www.upjs.sk\/app\/uploads\/sites\/9\/2022\/09\/ssszl-5.png","datePublished":"2023-01-30T21:20:33+00:00","dateModified":"2025-09-30T10:02:19+00:00","breadcrumb":{"@id":"https:\/\/www.upjs.sk\/lekarska-fakulta\/studenti-lf\/mimoskolska-cinnost\/ssszl\/miestna-organizacia-ssszl\/#breadcrumb"},"inLanguage":"sk-SK","potentialAction":[{"@type":"ReadAction","target":["https:\/\/www.upjs.sk\/lekarska-fakulta\/studenti-lf\/mimoskolska-cinnost\/ssszl\/miestna-organizacia-ssszl\/"]}]},{"@type":"ImageObject","inLanguage":"sk-SK","@id":"https:\/\/www.upjs.sk\/lekarska-fakulta\/studenti-lf\/mimoskolska-cinnost\/ssszl\/miestna-organizacia-ssszl\/#primaryimage","url":"https:\/\/www.upjs.sk\/app\/uploads\/sites\/9\/2022\/09\/ssszl-5.png","contentUrl":"https:\/\/www.upjs.sk\/app\/uploads\/sites\/9\/2022\/09\/ssszl-5.png","width":327,"height":145,"caption":"miestna-organizacia"},{"@type":"BreadcrumbList","@id":"https:\/\/www.upjs.sk\/lekarska-fakulta\/studenti-lf\/mimoskolska-cinnost\/ssszl\/miestna-organizacia-ssszl\/#breadcrumb","itemListElement":[{"@type":"ListItem","position":1,"name":"Home","item":"https:\/\/www.upjs.sk\/lekarska-fakulta\/"},{"@type":"ListItem","position":2,"name":"\u0160tudenti","item":"https:\/\/www.upjs.sk\/lekarska-fakulta\/studenti-lf\/"},{"@type":"ListItem","position":3,"name":"Mimo\u0161kolsk\u00e1 \u010dinnos\u0165","item":"https:\/\/www.upjs.sk\/lekarska-fakulta\/studenti-lf\/mimoskolska-cinnost\/"},{"@type":"ListItem","position":4,"name":"Slovensk\u00fd spolok \u0161tudentov zubn\u00e9ho lek\u00e1rstva","item":"https:\/\/www.upjs.sk\/lekarska-fakulta\/studenti-lf\/mimoskolska-cinnost\/ssszl\/"},{"@type":"ListItem","position":5,"name":"Miestna organiz\u00e1cia SS\u0160ZL \u2013 Ko\u0161ice"}]},{"@type":"WebSite","@id":"https:\/\/www.upjs.sk\/lekarska-fakulta\/#website","url":"https:\/\/www.upjs.sk\/lekarska-fakulta\/","name":"Lek\u00e1rska fakulta | UPJ\u0160","description":"","publisher":{"@id":"https:\/\/www.upjs.sk\/lekarska-fakulta\/#organization"},"potentialAction":[{"@type":"SearchAction","target":{"@type":"EntryPoint","urlTemplate":"https:\/\/www.upjs.sk\/lekarska-fakulta\/?s={search_term_string}"},"query-input":{"@type":"PropertyValueSpecification","valueRequired":true,"valueName":"search_term_string"}}],"inLanguage":"sk-SK"},{"@type":"Organization","@id":"https:\/\/www.upjs.sk\/lekarska-fakulta\/#organization","name":"Lek\u00e1rska fakulta | UPJ\u0160","url":"https:\/\/www.upjs.sk\/lekarska-fakulta\/","logo":{"@type":"ImageObject","inLanguage":"sk-SK","@id":"https:\/\/www.upjs.sk\/lekarska-fakulta\/#\/schema\/logo\/image\/","url":"https:\/\/www.upjs.sk\/app\/uploads\/sites\/9\/2022\/09\/logo-lekarska-fakulta.png","contentUrl":"https:\/\/www.upjs.sk\/app\/uploads\/sites\/9\/2022\/09\/logo-lekarska-fakulta.png","width":415,"height":87,"caption":"Lek\u00e1rska fakulta | UPJ\u0160"},"image":{"@id":"https:\/\/www.upjs.sk\/lekarska-fakulta\/#\/schema\/logo\/image\/"}}]}},"_links":{"self":[{"href":"https:\/\/www.upjs.sk\/lekarska-fakulta\/wp-json\/wp\/v2\/pages\/15911","targetHints":{"allow":["GET"]}}],"collection":[{"href":"https:\/\/www.upjs.sk\/lekarska-fakulta\/wp-json\/wp\/v2\/pages"}],"about":[{"href":"https:\/\/www.upjs.sk\/lekarska-fakulta\/wp-json\/wp\/v2\/types\/page"}],"author":[{"embeddable":true,"href":"https:\/\/www.upjs.sk\/lekarska-fakulta\/wp-json\/wp\/v2\/users\/1"}],"replies":[{"embeddable":true,"href":"https:\/\/www.upjs.sk\/lekarska-fakulta\/wp-json\/wp\/v2\/comments?post=15911"}],"version-history":[{"count":12,"href":"https:\/\/www.upjs.sk\/lekarska-fakulta\/wp-json\/wp\/v2\/pages\/15911\/revisions"}],"predecessor-version":[{"id":145197,"href":"https:\/\/www.upjs.sk\/lekarska-fakulta\/wp-json\/wp\/v2\/pages\/15911\/revisions\/145197"}],"up":[{"embeddable":true,"href":"https:\/\/www.upjs.sk\/lekarska-fakulta\/wp-json\/wp\/v2\/pages\/15900"}],"wp:featuredmedia":[{"embeddable":true,"href":"https:\/\/www.upjs.sk\/lekarska-fakulta\/wp-json\/wp\/v2\/media\/15912"}],"wp:attachment":[{"href":"https:\/\/www.upjs.sk\/lekarska-fakulta\/wp-json\/wp\/v2\/media?parent=15911"}],"wp:term":[{"taxonomy":"category","embeddable":true,"href":"https:\/\/www.upjs.sk\/lekarska-fakulta\/wp-json\/wp\/v2\/categories?post=15911"},{"taxonomy":"post_tag","embeddable":true,"href":"https:\/\/www.upjs.sk\/lekarska-fakulta\/wp-json\/wp\/v2\/tags?post=15911"}],"curies":[{"name":"wp","href":"https:\/\/api.w.org\/{rel}","templated":true}]}}