{"id":15985,"date":"2023-04-15T03:36:54","date_gmt":"2023-04-15T02:36:54","guid":{"rendered":"https:\/\/www.upjs.sk\/lekarska-fakulta\/vyskum-na-fakulte\/spravy-vvc\/"},"modified":"2025-05-20T12:31:20","modified_gmt":"2025-05-20T11:31:20","slug":"spravy-vvc","status":"publish","type":"page","link":"https:\/\/www.upjs.sk\/lekarska-fakulta\/vyskum-na-fakulte\/spravy-vvc\/","title":{"rendered":"Spr\u00e1vy o vedeckov\u00fdskumnej \u010dinnosti"},"content":{"rendered":"\n<ul class=\"wp-block-list\">\n<li><a aria-label=\"V\u00fdro\u010dn\u00e1 spr\u00e1va o&nbsp;kvalite tvorivej \u010dinnosti (opens in a new tab)\" href=\"https:\/\/intranet.upjs.sk\/op\/op.Public.php?documentid=9368\" target=\"_blank\" rel=\"noreferrer noopener\" class=\"ek-link\">V\u00fdro\u010dn\u00e1 spr\u00e1va o&nbsp;kvalite tvorivej \u010dinnosti<\/a> za rok 2023<\/li>\n\n\n\n<li><a aria-label=\"V\u00fdro\u010dn\u00e1 spr\u00e1va o&nbsp;kvalite tvorivej \u010dinnosti za rok 2022 (opens in a new tab)\" href=\"https:\/\/intranet.upjs.sk\/op\/op.Public.php?documentid=8468\" target=\"_blank\" rel=\"noreferrer noopener\" class=\"ek-link\">V\u00fdro\u010dn\u00e1 spr\u00e1va o&nbsp;kvalite tvorivej \u010dinnosti<\/a> za rok 2022<\/li>\n\n\n\n<li><a aria-label=\" (opens in a new tab)\" href=\"https:\/\/www.upjs.sk\/app\/uploads\/sites\/9\/2023\/01\/Suhrn-Spravy-o-VVC-za-rok-2021.pdf\" target=\"_blank\" rel=\"noreferrer noopener\" class=\"ek-link\">V\u00fdro\u010dn\u00e1 spr\u00e1va o&nbsp;kvalite tvorivej \u010dinnosti<\/a> za rok 2021<\/li>\n\n\n\n<li><a href=\"https:\/\/www.upjs.sk\/app\/uploads\/sites\/9\/2022\/10\/Sprava-o-VVC-UPJS-LF-2020-FINAL.pdf\" target=\"_blank\" rel=\"noreferrer noopener\">Spr\u00e1va o vedeckov\u00fdskumnej \u010dinnosti<\/a> za rok 2020<\/li>\n\n\n\n<li><a href=\"https:\/\/www.upjs.sk\/app\/uploads\/sites\/9\/2022\/10\/Suhrn-Spravy-o-VVC-za-rok-2019.pdf\" target=\"_blank\" rel=\"noreferrer noopener\">Spr\u00e1va o vedeckov\u00fdskumnej \u010dinnosti<\/a> za rok 2019<\/li>\n\n\n\n<li><a href=\"https:\/\/www.upjs.sk\/app\/uploads\/sites\/9\/2022\/10\/Suhrn-Spravy-o-VVC-za-rok-2018.pdf\" target=\"_blank\" rel=\"noreferrer noopener\">Spr\u00e1va o vedeckov\u00fdskumnej \u010dinnosti<\/a> za rok 2018<\/li>\n\n\n\n<li><a href=\"https:\/\/www.upjs.sk\/app\/uploads\/sites\/9\/2022\/10\/Suhrn-Spravy-o-VVC-za-rok-2017.pdf\" target=\"_blank\" rel=\"noreferrer noopener\">Spr\u00e1va o vedeckov\u00fdskumnej \u010dinnosti<\/a> za rok 2017<\/li>\n\n\n\n<li><a href=\"https:\/\/www.upjs.sk\/app\/uploads\/sites\/9\/2022\/10\/Suhrn-VVC-za-rok-2016.pdf\" target=\"_blank\" rel=\"noreferrer noopener\">Spr\u00e1va o vedeckov\u00fdskumnej \u010dinnosti<\/a> za rok 2016<\/li>\n\n\n\n<li><a href=\"https:\/\/www.upjs.sk\/app\/uploads\/sites\/9\/2022\/10\/Suhrn-VVC-za-2015.pdf\" target=\"_blank\" rel=\"noreferrer noopener\">Spr\u00e1va o vedeckov\u00fdskumnej \u010dinnosti<\/a> za rok 2015<\/li>\n\n\n\n<li><a href=\"\/public\/media\/0645\/Suhrn_VVC_za_2014.pdf\">Spr\u00e1va o vedeckov\u00fdskumnej \u010dinnosti<\/a> za rok 2014<\/li>\n\n\n\n<li><a href=\"\/public\/media\/0645\/Suhrn_VVC_za_2013.pdf\">Spr\u00e1va o vedeckov\u00fdskumnej \u010dinnosti<\/a> za rok 2013<\/li>\n\n\n\n<li><a href=\"\/public\/media\/0645\/Suhrn_VVC_za_2012.pdf\">Spr\u00e1va o vedeckov\u00fdskumnej \u010dinnosti<\/a> za rok 2012<\/li>\n\n\n\n<li><a href=\"\/public\/media\/0645\/Suhrn_VVC_za_rok_2011.pdf\">Spr\u00e1va o vedeckov\u00fdskumnej \u010dinnosti<\/a> za rok 2011<\/li>\n\n\n\n<li><a href=\"\/public\/media\/0645\/Suhrn_VVC_za_rok_2010.pdf\">Spr\u00e1va o vedeckov\u00fdskumnej \u010dinnosti<\/a> za rok 2010<\/li>\n\n\n\n<li><a href=\"\/public\/media\/0645\/Suhrn_VVC_za_rok_2009.pdf\">Spr\u00e1va o vedeckov\u00fdskumnej \u010dinnosti<\/a> za rok 2009<\/li>\n\n\n\n<li><a href=\"https:\/\/www.upjs.sk\/app\/uploads\/sites\/9\/2025\/05\/Suhrn_VVC_za_rok_2008.pdf\" target=\"_blank\" rel=\"noreferrer noopener\">Spr\u00e1va o vedeckov\u00fdskumnej \u010dinnosti<\/a> za rok 2008<\/li>\n\n\n\n<li><a href=\"https:\/\/www.upjs.sk\/app\/uploads\/sites\/9\/2025\/05\/Suhrn_VVC_za_rok_2007.pdf\" target=\"_blank\" rel=\"noreferrer noopener\">Spr\u00e1va o vedeckov\u00fdskumnej \u010dinnosti<\/a> za rok 2007<\/li>\n\n\n\n<li><a href=\"https:\/\/www.upjs.sk\/app\/uploads\/sites\/9\/2025\/05\/Sprava-o-VVC-na-R-UPJS-za-rok-2006-1.pdf\" target=\"_blank\" rel=\"noreferrer noopener\">Spr\u00e1va o vedeckov\u00fdskumnej \u010dinnosti<\/a> za rok 2006<\/li>\n\n\n\n<li><a href=\"https:\/\/www.upjs.sk\/app\/uploads\/sites\/9\/2025\/05\/Sprava-VVC-LF-2005-komplet-1.pdf\" target=\"_blank\" rel=\"noreferrer noopener\">Spr\u00e1va o vedeckov\u00fdskumnej \u010dinnosti<\/a> za rok 2005<\/li>\n\n\n\n<li><a href=\"https:\/\/www.upjs.sk\/app\/uploads\/sites\/9\/2022\/10\/Suhrn_VVC_za_rok_2004.pdf\" target=\"_blank\" rel=\"noreferrer noopener\">Spr\u00e1va o vedeckov\u00fdskumnej \u010dinnosti<\/a> za rok 2004<\/li>\n<\/ul>\n\n\n\n<p><\/p>\n","protected":false},"excerpt":{"rendered":"","protected":false},"author":1,"featured_media":0,"parent":13130,"menu_order":1,"comment_status":"closed","ping_status":"closed","template":"","meta":{"_acf_changed":false,"_editorskit_title_hidden":false,"_editorskit_reading_time":1,"_editorskit_is_block_options_detached":false,"_editorskit_block_options_position":"{}","footnotes":""},"categories":[],"tags":[],"class_list":["post-15985","page","type-page","status-publish","hentry"],"acf":{"acf_link_na_externy_obsah":""},"yoast_head":"<!-- This site is optimized with the Yoast SEO plugin v27.2 - https:\/\/yoast.com\/product\/yoast-seo-wordpress\/ -->\n<title>Spr\u00e1vy o vedeckov\u00fdskumnej \u010dinnosti - Lek\u00e1rska fakulta | UPJ\u0160<\/title>\n<meta name=\"robots\" content=\"index, follow, max-snippet:-1, max-image-preview:large, max-video-preview:-1\" \/>\n<link rel=\"canonical\" href=\"https:\/\/www.upjs.sk\/lekarska-fakulta\/vyskum-na-fakulte\/spravy-vvc\/\" \/>\n<meta property=\"og:locale\" content=\"sk_SK\" \/>\n<meta property=\"og:type\" content=\"article\" \/>\n<meta property=\"og:title\" content=\"Spr\u00e1vy o vedeckov\u00fdskumnej \u010dinnosti - Lek\u00e1rska fakulta | UPJ\u0160\" \/>\n<meta property=\"og:url\" content=\"https:\/\/www.upjs.sk\/lekarska-fakulta\/vyskum-na-fakulte\/spravy-vvc\/\" \/>\n<meta property=\"og:site_name\" content=\"Lek\u00e1rska fakulta | UPJ\u0160\" \/>\n<meta property=\"article:modified_time\" content=\"2025-05-20T11:31:20+00:00\" \/>\n<meta name=\"twitter:card\" content=\"summary_large_image\" \/>\n<meta name=\"twitter:label1\" content=\"Predpokladan\u00fd \u010das \u010d\u00edtania\" \/>\n\t<meta name=\"twitter:data1\" content=\"1 min\u00fata\" \/>\n<script type=\"application\/ld+json\" class=\"yoast-schema-graph\">{\"@context\":\"https:\/\/schema.org\",\"@graph\":[{\"@type\":\"WebPage\",\"@id\":\"https:\/\/www.upjs.sk\/lekarska-fakulta\/vyskum-na-fakulte\/spravy-vvc\/\",\"url\":\"https:\/\/www.upjs.sk\/lekarska-fakulta\/vyskum-na-fakulte\/spravy-vvc\/\",\"name\":\"Spr\u00e1vy o vedeckov\u00fdskumnej \u010dinnosti - Lek\u00e1rska fakulta | UPJ\u0160\",\"isPartOf\":{\"@id\":\"https:\/\/www.upjs.sk\/lekarska-fakulta\/#website\"},\"datePublished\":\"2023-04-15T02:36:54+00:00\",\"dateModified\":\"2025-05-20T11:31:20+00:00\",\"breadcrumb\":{\"@id\":\"https:\/\/www.upjs.sk\/lekarska-fakulta\/vyskum-na-fakulte\/spravy-vvc\/#breadcrumb\"},\"inLanguage\":\"sk-SK\",\"potentialAction\":[{\"@type\":\"ReadAction\",\"target\":[\"https:\/\/www.upjs.sk\/lekarska-fakulta\/vyskum-na-fakulte\/spravy-vvc\/\"]}]},{\"@type\":\"BreadcrumbList\",\"@id\":\"https:\/\/www.upjs.sk\/lekarska-fakulta\/vyskum-na-fakulte\/spravy-vvc\/#breadcrumb\",\"itemListElement\":[{\"@type\":\"ListItem\",\"position\":1,\"name\":\"Home\",\"item\":\"https:\/\/www.upjs.sk\/lekarska-fakulta\/\"},{\"@type\":\"ListItem\",\"position\":2,\"name\":\"Vedeckov\u00fdskumn\u00e1 \u010dinnos\u0165 na fakulte\",\"item\":\"https:\/\/www.upjs.sk\/lekarska-fakulta\/vyskum-na-fakulte\/\"},{\"@type\":\"ListItem\",\"position\":3,\"name\":\"Spr\u00e1vy o vedeckov\u00fdskumnej \u010dinnosti\"}]},{\"@type\":\"WebSite\",\"@id\":\"https:\/\/www.upjs.sk\/lekarska-fakulta\/#website\",\"url\":\"https:\/\/www.upjs.sk\/lekarska-fakulta\/\",\"name\":\"Lek\u00e1rska fakulta | UPJ\u0160\",\"description\":\"\",\"publisher\":{\"@id\":\"https:\/\/www.upjs.sk\/lekarska-fakulta\/#organization\"},\"potentialAction\":[{\"@type\":\"SearchAction\",\"target\":{\"@type\":\"EntryPoint\",\"urlTemplate\":\"https:\/\/www.upjs.sk\/lekarska-fakulta\/?s={search_term_string}\"},\"query-input\":{\"@type\":\"PropertyValueSpecification\",\"valueRequired\":true,\"valueName\":\"search_term_string\"}}],\"inLanguage\":\"sk-SK\"},{\"@type\":\"Organization\",\"@id\":\"https:\/\/www.upjs.sk\/lekarska-fakulta\/#organization\",\"name\":\"Lek\u00e1rska fakulta | UPJ\u0160\",\"url\":\"https:\/\/www.upjs.sk\/lekarska-fakulta\/\",\"logo\":{\"@type\":\"ImageObject\",\"inLanguage\":\"sk-SK\",\"@id\":\"https:\/\/www.upjs.sk\/lekarska-fakulta\/#\/schema\/logo\/image\/\",\"url\":\"https:\/\/www.upjs.sk\/app\/uploads\/sites\/9\/2022\/09\/logo-lekarska-fakulta.png\",\"contentUrl\":\"https:\/\/www.upjs.sk\/app\/uploads\/sites\/9\/2022\/09\/logo-lekarska-fakulta.png\",\"width\":415,\"height\":87,\"caption\":\"Lek\u00e1rska fakulta | UPJ\u0160\"},\"image\":{\"@id\":\"https:\/\/www.upjs.sk\/lekarska-fakulta\/#\/schema\/logo\/image\/\"}}]}<\/script>\n<!-- \/ Yoast SEO plugin. -->","yoast_head_json":{"title":"Spr\u00e1vy o vedeckov\u00fdskumnej \u010dinnosti - Lek\u00e1rska fakulta | UPJ\u0160","robots":{"index":"index","follow":"follow","max-snippet":"max-snippet:-1","max-image-preview":"max-image-preview:large","max-video-preview":"max-video-preview:-1"},"canonical":"https:\/\/www.upjs.sk\/lekarska-fakulta\/vyskum-na-fakulte\/spravy-vvc\/","og_locale":"sk_SK","og_type":"article","og_title":"Spr\u00e1vy o vedeckov\u00fdskumnej \u010dinnosti - Lek\u00e1rska fakulta | UPJ\u0160","og_url":"https:\/\/www.upjs.sk\/lekarska-fakulta\/vyskum-na-fakulte\/spravy-vvc\/","og_site_name":"Lek\u00e1rska fakulta | UPJ\u0160","article_modified_time":"2025-05-20T11:31:20+00:00","twitter_card":"summary_large_image","twitter_misc":{"Predpokladan\u00fd \u010das \u010d\u00edtania":"1 min\u00fata"},"schema":{"@context":"https:\/\/schema.org","@graph":[{"@type":"WebPage","@id":"https:\/\/www.upjs.sk\/lekarska-fakulta\/vyskum-na-fakulte\/spravy-vvc\/","url":"https:\/\/www.upjs.sk\/lekarska-fakulta\/vyskum-na-fakulte\/spravy-vvc\/","name":"Spr\u00e1vy o vedeckov\u00fdskumnej \u010dinnosti - Lek\u00e1rska fakulta | UPJ\u0160","isPartOf":{"@id":"https:\/\/www.upjs.sk\/lekarska-fakulta\/#website"},"datePublished":"2023-04-15T02:36:54+00:00","dateModified":"2025-05-20T11:31:20+00:00","breadcrumb":{"@id":"https:\/\/www.upjs.sk\/lekarska-fakulta\/vyskum-na-fakulte\/spravy-vvc\/#breadcrumb"},"inLanguage":"sk-SK","potentialAction":[{"@type":"ReadAction","target":["https:\/\/www.upjs.sk\/lekarska-fakulta\/vyskum-na-fakulte\/spravy-vvc\/"]}]},{"@type":"BreadcrumbList","@id":"https:\/\/www.upjs.sk\/lekarska-fakulta\/vyskum-na-fakulte\/spravy-vvc\/#breadcrumb","itemListElement":[{"@type":"ListItem","position":1,"name":"Home","item":"https:\/\/www.upjs.sk\/lekarska-fakulta\/"},{"@type":"ListItem","position":2,"name":"Vedeckov\u00fdskumn\u00e1 \u010dinnos\u0165 na fakulte","item":"https:\/\/www.upjs.sk\/lekarska-fakulta\/vyskum-na-fakulte\/"},{"@type":"ListItem","position":3,"name":"Spr\u00e1vy o vedeckov\u00fdskumnej \u010dinnosti"}]},{"@type":"WebSite","@id":"https:\/\/www.upjs.sk\/lekarska-fakulta\/#website","url":"https:\/\/www.upjs.sk\/lekarska-fakulta\/","name":"Lek\u00e1rska fakulta | UPJ\u0160","description":"","publisher":{"@id":"https:\/\/www.upjs.sk\/lekarska-fakulta\/#organization"},"potentialAction":[{"@type":"SearchAction","target":{"@type":"EntryPoint","urlTemplate":"https:\/\/www.upjs.sk\/lekarska-fakulta\/?s={search_term_string}"},"query-input":{"@type":"PropertyValueSpecification","valueRequired":true,"valueName":"search_term_string"}}],"inLanguage":"sk-SK"},{"@type":"Organization","@id":"https:\/\/www.upjs.sk\/lekarska-fakulta\/#organization","name":"Lek\u00e1rska fakulta | UPJ\u0160","url":"https:\/\/www.upjs.sk\/lekarska-fakulta\/","logo":{"@type":"ImageObject","inLanguage":"sk-SK","@id":"https:\/\/www.upjs.sk\/lekarska-fakulta\/#\/schema\/logo\/image\/","url":"https:\/\/www.upjs.sk\/app\/uploads\/sites\/9\/2022\/09\/logo-lekarska-fakulta.png","contentUrl":"https:\/\/www.upjs.sk\/app\/uploads\/sites\/9\/2022\/09\/logo-lekarska-fakulta.png","width":415,"height":87,"caption":"Lek\u00e1rska fakulta | UPJ\u0160"},"image":{"@id":"https:\/\/www.upjs.sk\/lekarska-fakulta\/#\/schema\/logo\/image\/"}}]}},"_links":{"self":[{"href":"https:\/\/www.upjs.sk\/lekarska-fakulta\/wp-json\/wp\/v2\/pages\/15985","targetHints":{"allow":["GET"]}}],"collection":[{"href":"https:\/\/www.upjs.sk\/lekarska-fakulta\/wp-json\/wp\/v2\/pages"}],"about":[{"href":"https:\/\/www.upjs.sk\/lekarska-fakulta\/wp-json\/wp\/v2\/types\/page"}],"author":[{"embeddable":true,"href":"https:\/\/www.upjs.sk\/lekarska-fakulta\/wp-json\/wp\/v2\/users\/1"}],"replies":[{"embeddable":true,"href":"https:\/\/www.upjs.sk\/lekarska-fakulta\/wp-json\/wp\/v2\/comments?post=15985"}],"version-history":[{"count":9,"href":"https:\/\/www.upjs.sk\/lekarska-fakulta\/wp-json\/wp\/v2\/pages\/15985\/revisions"}],"predecessor-version":[{"id":136116,"href":"https:\/\/www.upjs.sk\/lekarska-fakulta\/wp-json\/wp\/v2\/pages\/15985\/revisions\/136116"}],"up":[{"embeddable":true,"href":"https:\/\/www.upjs.sk\/lekarska-fakulta\/wp-json\/wp\/v2\/pages\/13130"}],"wp:attachment":[{"href":"https:\/\/www.upjs.sk\/lekarska-fakulta\/wp-json\/wp\/v2\/media?parent=15985"}],"wp:term":[{"taxonomy":"category","embeddable":true,"href":"https:\/\/www.upjs.sk\/lekarska-fakulta\/wp-json\/wp\/v2\/categories?post=15985"},{"taxonomy":"post_tag","embeddable":true,"href":"https:\/\/www.upjs.sk\/lekarska-fakulta\/wp-json\/wp\/v2\/tags?post=15985"}],"curies":[{"name":"wp","href":"https:\/\/api.w.org\/{rel}","templated":true}]}}