{"id":15992,"date":"2008-07-14T09:19:50","date_gmt":"2008-07-14T09:19:50","guid":{"rendered":"https:\/\/www.upjs.sk\/lekarska-fakulta\/vyskum-na-fakulte\/oznamy\/habilitacne-prednasky-13-5-2008\/"},"modified":"2022-11-13T21:25:28","modified_gmt":"2022-11-13T20:25:28","slug":"habilitacne-prednasky-13-5-2008","status":"publish","type":"page","link":"https:\/\/www.upjs.sk\/lekarska-fakulta\/vyskum-na-fakulte\/habilitacne-a-inauguracne-konanie\/habilitacie-oznamy\/habilitacne-prednasky-13-5-2008\/","title":{"rendered":"Oznam o konan\u00ed verejn\u00fdch habilita\u010dn\u00fdch predn\u00e1\u0161ok   &#8211; 13. m\u00e1ja 2008"},"content":{"rendered":"<p align=\"right\" style=\"margin-top: 0em;\">V Ko\u0161iciach, 29. apr\u00edla 2008<\/p>\n<p align=\"left\">Univerzita Pavla Jozefa \u0160af\u00e1rika v Ko\u0161iciach &#8211; Lek\u00e1rska fakulta V\u00e1m o z n a m u j e , \u017ee d\u0148a<\/p>\n<p>\u00a0<\/p>\n<p><center><strong>13. m\u00e1ja 2008 (utorok)<\/strong><\/center><\/p>\n<p>sa uskuto\u010dnia v semin\u00e1rnej miestnosti pri posluch\u00e1r\u0148ach na 2. poschod\u00ed UPJ\u0160 Lek\u00e1rskej fakulty, Trieda SNP \u010d. 1 v Ko\u0161iciach <strong>verejn\u00e9 habilita\u010dn\u00e9 predn\u00e1\u0161ky:<\/strong><\/p>\n<p>\u00a0<\/p>\n<table>\n<tbody>\n<tr>\n<td width=\"80\" valign=\"top\">o 13.00 hod.<\/td>\n<td><strong>MVDr. Monika H a l a n o v \u00e1, PhD.<\/strong> z \u00dastavu epidemiol\u00f3gie UPJ\u0160 LF v\u00a0Ko\u0161iciach <\/p>\n<p>             T\u00e9ma: <strong><em>Zoon\u00f3zy \u2013 spolo\u010dn\u00fd probl\u00e9m hum\u00e1nnej a veterin\u00e1rnej medic\u00edny<\/em><\/strong><\/td>\n<\/tr>\n<\/tbody>\n<\/table>\n<p>\u00a0<\/p>\n<table>\n<tbody>\n<tr>\n<td width=\"80\" valign=\"top\">o 14.00 hod. \u00a0<\/td>\n<td><strong>MUDr. Peter T a k \u00e1 \u010d, PhD.<\/strong> z Kliniky fyziatrie, balneol\u00f3gie a lie\u010debnej rehabilit\u00e1cie UPJ\u0160 LF a FN LP v Ko\u0161iciach<\/p>\n<p>             T\u00e9ma: <strong><em>Vz\u0165ah rehabilit\u00e1cie a behavior\u00e1lnej medic\u00edny<\/em><\/strong><\/td>\n<\/tr>\n<\/tbody>\n<\/table>\n<p>Na tieto predn\u00e1\u0161ky poz\u00fdvame cel\u00fa akademick\u00fa a lek\u00e1rsku obec, odborn\u00edkov z pr\u00edbuzn\u00fdch odborov a v\u0161etk\u00fdch z\u00e1ujemcov.<\/p>\n<p>\u00a0<\/p>\n<p style=\"padding-left: 8cm;\">prof. MUDr. Leonard Siegfried, CSc.<\/p>\n<p style=\"margin-top: 0em; padding-left: 9.5cm;\">dekan LF UPJ\u0160<\/p>\n<p>Vybavuje:<br \/> Ru\u017eena Ru\u017ei\u010dkov\u00e1, t. \u010d. 055\/640 2559<\/p>\n","protected":false},"excerpt":{"rendered":"<p>V Ko\u0161iciach, 29. apr\u00edla 2008 Univerzita Pavla Jozefa \u0160af\u00e1rika v Ko\u0161iciach &#8211; Lek\u00e1rska fakulta V\u00e1m o z n a m u j e , \u017ee d\u0148a \u00a0 13. m\u00e1ja 2008 (utorok) sa uskuto\u010dnia v semin\u00e1rnej miestnosti pri posluch\u00e1r\u0148ach na 2. poschod\u00ed UPJ\u0160 Lek\u00e1rskej fakulty, Trieda SNP \u010d. 1 v Ko\u0161iciach verejn\u00e9 habilita\u010dn\u00e9 predn\u00e1\u0161ky: \u00a0 o &hellip; <a href=\"https:\/\/www.upjs.sk\/lekarska-fakulta\/vyskum-na-fakulte\/habilitacne-a-inauguracne-konanie\/habilitacie-oznamy\/habilitacne-prednasky-13-5-2008\/\">\u010c\u00edta\u0165 \u010falej<\/a><\/p>\n","protected":false},"author":1,"featured_media":0,"parent":16194,"menu_order":2,"comment_status":"closed","ping_status":"closed","template":"","meta":{"_acf_changed":false,"_editorskit_title_hidden":false,"_editorskit_reading_time":0,"_editorskit_is_block_options_detached":false,"_editorskit_block_options_position":"{}","footnotes":""},"categories":[],"tags":[],"class_list":["post-15992","page","type-page","status-publish","hentry"],"acf":{"acf_link_na_externy_obsah":""},"yoast_head":"<!-- This site is optimized with the Yoast SEO plugin v27.4 - https:\/\/yoast.com\/product\/yoast-seo-wordpress\/ -->\n<title>Oznam o konan\u00ed verejn\u00fdch habilita\u010dn\u00fdch predn\u00e1\u0161ok  - 13. m\u00e1ja 2008 - Lek\u00e1rska fakulta | UPJ\u0160<\/title>\n<meta name=\"robots\" content=\"index, follow, max-snippet:-1, max-image-preview:large, max-video-preview:-1\" \/>\n<link rel=\"canonical\" href=\"https:\/\/www.upjs.sk\/lekarska-fakulta\/vyskum-na-fakulte\/habilitacne-a-inauguracne-konanie\/habilitacie-oznamy\/habilitacne-prednasky-13-5-2008\/\" \/>\n<meta property=\"og:locale\" content=\"sk_SK\" \/>\n<meta property=\"og:type\" content=\"article\" \/>\n<meta property=\"og:title\" content=\"Oznam o konan\u00ed verejn\u00fdch habilita\u010dn\u00fdch predn\u00e1\u0161ok  - 13. m\u00e1ja 2008 - Lek\u00e1rska fakulta | UPJ\u0160\" \/>\n<meta property=\"og:description\" content=\"V Ko\u0161iciach, 29. apr\u00edla 2008 Univerzita Pavla Jozefa \u0160af\u00e1rika v Ko\u0161iciach &#8211; Lek\u00e1rska fakulta V\u00e1m o z n a m u j e , \u017ee d\u0148a \u00a0 13. m\u00e1ja 2008 (utorok) sa uskuto\u010dnia v semin\u00e1rnej miestnosti pri posluch\u00e1r\u0148ach na 2. poschod\u00ed UPJ\u0160 Lek\u00e1rskej fakulty, Trieda SNP \u010d. 1 v Ko\u0161iciach verejn\u00e9 habilita\u010dn\u00e9 predn\u00e1\u0161ky: \u00a0 o &hellip; \u010c\u00edta\u0165 \u010falej\" \/>\n<meta property=\"og:url\" content=\"https:\/\/www.upjs.sk\/lekarska-fakulta\/vyskum-na-fakulte\/habilitacne-a-inauguracne-konanie\/habilitacie-oznamy\/habilitacne-prednasky-13-5-2008\/\" \/>\n<meta property=\"og:site_name\" content=\"Lek\u00e1rska fakulta | UPJ\u0160\" \/>\n<meta property=\"article:modified_time\" content=\"2022-11-13T20:25:28+00:00\" \/>\n<meta name=\"twitter:card\" content=\"summary_large_image\" \/>\n<meta name=\"twitter:label1\" content=\"Predpokladan\u00fd \u010das \u010d\u00edtania\" \/>\n\t<meta name=\"twitter:data1\" content=\"1 min\u00fata\" \/>\n<script type=\"application\/ld+json\" class=\"yoast-schema-graph\">{\"@context\":\"https:\\\/\\\/schema.org\",\"@graph\":[{\"@type\":\"WebPage\",\"@id\":\"https:\\\/\\\/www.upjs.sk\\\/lekarska-fakulta\\\/vyskum-na-fakulte\\\/habilitacne-a-inauguracne-konanie\\\/habilitacie-oznamy\\\/habilitacne-prednasky-13-5-2008\\\/\",\"url\":\"https:\\\/\\\/www.upjs.sk\\\/lekarska-fakulta\\\/vyskum-na-fakulte\\\/habilitacne-a-inauguracne-konanie\\\/habilitacie-oznamy\\\/habilitacne-prednasky-13-5-2008\\\/\",\"name\":\"Oznam o konan\u00ed verejn\u00fdch habilita\u010dn\u00fdch predn\u00e1\u0161ok - 13. m\u00e1ja 2008 - Lek\u00e1rska fakulta | UPJ\u0160\",\"isPartOf\":{\"@id\":\"https:\\\/\\\/www.upjs.sk\\\/lekarska-fakulta\\\/#website\"},\"datePublished\":\"2008-07-14T09:19:50+00:00\",\"dateModified\":\"2022-11-13T20:25:28+00:00\",\"breadcrumb\":{\"@id\":\"https:\\\/\\\/www.upjs.sk\\\/lekarska-fakulta\\\/vyskum-na-fakulte\\\/habilitacne-a-inauguracne-konanie\\\/habilitacie-oznamy\\\/habilitacne-prednasky-13-5-2008\\\/#breadcrumb\"},\"inLanguage\":\"sk-SK\",\"potentialAction\":[{\"@type\":\"ReadAction\",\"target\":[\"https:\\\/\\\/www.upjs.sk\\\/lekarska-fakulta\\\/vyskum-na-fakulte\\\/habilitacne-a-inauguracne-konanie\\\/habilitacie-oznamy\\\/habilitacne-prednasky-13-5-2008\\\/\"]}]},{\"@type\":\"BreadcrumbList\",\"@id\":\"https:\\\/\\\/www.upjs.sk\\\/lekarska-fakulta\\\/vyskum-na-fakulte\\\/habilitacne-a-inauguracne-konanie\\\/habilitacie-oznamy\\\/habilitacne-prednasky-13-5-2008\\\/#breadcrumb\",\"itemListElement\":[{\"@type\":\"ListItem\",\"position\":1,\"name\":\"Home\",\"item\":\"https:\\\/\\\/www.upjs.sk\\\/lekarska-fakulta\\\/\"},{\"@type\":\"ListItem\",\"position\":2,\"name\":\"Vedeckov\u00fdskumn\u00e1 \u010dinnos\u0165 na fakulte\",\"item\":\"https:\\\/\\\/www.upjs.sk\\\/lekarska-fakulta\\\/vyskum-na-fakulte\\\/\"},{\"@type\":\"ListItem\",\"position\":3,\"name\":\"Inaugur\u00e1cie, habilit\u00e1cie a kvalifika\u010dn\u00e9 postupy\",\"item\":\"https:\\\/\\\/www.upjs.sk\\\/lekarska-fakulta\\\/vyskum-na-fakulte\\\/habilitacne-a-inauguracne-konanie\\\/\"},{\"@type\":\"ListItem\",\"position\":4,\"name\":\"Habilit\u00e1cie: ozn\u00e1menia o konan\u00ed predn\u00e1\u0161ok a obhajob\u00e1ch pr\u00e1c\",\"item\":\"https:\\\/\\\/www.upjs.sk\\\/lekarska-fakulta\\\/vyskum-na-fakulte\\\/habilitacne-a-inauguracne-konanie\\\/habilitacie-oznamy\\\/\"},{\"@type\":\"ListItem\",\"position\":5,\"name\":\"Oznam o konan\u00ed verejn\u00fdch habilita\u010dn\u00fdch predn\u00e1\u0161ok &#8211; 13. m\u00e1ja 2008\"}]},{\"@type\":\"WebSite\",\"@id\":\"https:\\\/\\\/www.upjs.sk\\\/lekarska-fakulta\\\/#website\",\"url\":\"https:\\\/\\\/www.upjs.sk\\\/lekarska-fakulta\\\/\",\"name\":\"Lek\u00e1rska fakulta | UPJ\u0160\",\"description\":\"\",\"publisher\":{\"@id\":\"https:\\\/\\\/www.upjs.sk\\\/lekarska-fakulta\\\/#organization\"},\"potentialAction\":[{\"@type\":\"SearchAction\",\"target\":{\"@type\":\"EntryPoint\",\"urlTemplate\":\"https:\\\/\\\/www.upjs.sk\\\/lekarska-fakulta\\\/?s={search_term_string}\"},\"query-input\":{\"@type\":\"PropertyValueSpecification\",\"valueRequired\":true,\"valueName\":\"search_term_string\"}}],\"inLanguage\":\"sk-SK\"},{\"@type\":\"Organization\",\"@id\":\"https:\\\/\\\/www.upjs.sk\\\/lekarska-fakulta\\\/#organization\",\"name\":\"Lek\u00e1rska fakulta | UPJ\u0160\",\"url\":\"https:\\\/\\\/www.upjs.sk\\\/lekarska-fakulta\\\/\",\"logo\":{\"@type\":\"ImageObject\",\"inLanguage\":\"sk-SK\",\"@id\":\"https:\\\/\\\/www.upjs.sk\\\/lekarska-fakulta\\\/#\\\/schema\\\/logo\\\/image\\\/\",\"url\":\"https:\\\/\\\/www.upjs.sk\\\/app\\\/uploads\\\/sites\\\/9\\\/2022\\\/09\\\/logo-lekarska-fakulta.png\",\"contentUrl\":\"https:\\\/\\\/www.upjs.sk\\\/app\\\/uploads\\\/sites\\\/9\\\/2022\\\/09\\\/logo-lekarska-fakulta.png\",\"width\":415,\"height\":87,\"caption\":\"Lek\u00e1rska fakulta | UPJ\u0160\"},\"image\":{\"@id\":\"https:\\\/\\\/www.upjs.sk\\\/lekarska-fakulta\\\/#\\\/schema\\\/logo\\\/image\\\/\"}}]}<\/script>\n<!-- \/ Yoast SEO plugin. -->","yoast_head_json":{"title":"Oznam o konan\u00ed verejn\u00fdch habilita\u010dn\u00fdch predn\u00e1\u0161ok  - 13. m\u00e1ja 2008 - Lek\u00e1rska fakulta | UPJ\u0160","robots":{"index":"index","follow":"follow","max-snippet":"max-snippet:-1","max-image-preview":"max-image-preview:large","max-video-preview":"max-video-preview:-1"},"canonical":"https:\/\/www.upjs.sk\/lekarska-fakulta\/vyskum-na-fakulte\/habilitacne-a-inauguracne-konanie\/habilitacie-oznamy\/habilitacne-prednasky-13-5-2008\/","og_locale":"sk_SK","og_type":"article","og_title":"Oznam o konan\u00ed verejn\u00fdch habilita\u010dn\u00fdch predn\u00e1\u0161ok  - 13. m\u00e1ja 2008 - Lek\u00e1rska fakulta | UPJ\u0160","og_description":"V Ko\u0161iciach, 29. apr\u00edla 2008 Univerzita Pavla Jozefa \u0160af\u00e1rika v Ko\u0161iciach &#8211; Lek\u00e1rska fakulta V\u00e1m o z n a m u j e , \u017ee d\u0148a \u00a0 13. m\u00e1ja 2008 (utorok) sa uskuto\u010dnia v semin\u00e1rnej miestnosti pri posluch\u00e1r\u0148ach na 2. poschod\u00ed UPJ\u0160 Lek\u00e1rskej fakulty, Trieda SNP \u010d. 1 v Ko\u0161iciach verejn\u00e9 habilita\u010dn\u00e9 predn\u00e1\u0161ky: \u00a0 o &hellip; \u010c\u00edta\u0165 \u010falej","og_url":"https:\/\/www.upjs.sk\/lekarska-fakulta\/vyskum-na-fakulte\/habilitacne-a-inauguracne-konanie\/habilitacie-oznamy\/habilitacne-prednasky-13-5-2008\/","og_site_name":"Lek\u00e1rska fakulta | UPJ\u0160","article_modified_time":"2022-11-13T20:25:28+00:00","twitter_card":"summary_large_image","twitter_misc":{"Predpokladan\u00fd \u010das \u010d\u00edtania":"1 min\u00fata"},"schema":{"@context":"https:\/\/schema.org","@graph":[{"@type":"WebPage","@id":"https:\/\/www.upjs.sk\/lekarska-fakulta\/vyskum-na-fakulte\/habilitacne-a-inauguracne-konanie\/habilitacie-oznamy\/habilitacne-prednasky-13-5-2008\/","url":"https:\/\/www.upjs.sk\/lekarska-fakulta\/vyskum-na-fakulte\/habilitacne-a-inauguracne-konanie\/habilitacie-oznamy\/habilitacne-prednasky-13-5-2008\/","name":"Oznam o konan\u00ed verejn\u00fdch habilita\u010dn\u00fdch predn\u00e1\u0161ok - 13. m\u00e1ja 2008 - Lek\u00e1rska fakulta | UPJ\u0160","isPartOf":{"@id":"https:\/\/www.upjs.sk\/lekarska-fakulta\/#website"},"datePublished":"2008-07-14T09:19:50+00:00","dateModified":"2022-11-13T20:25:28+00:00","breadcrumb":{"@id":"https:\/\/www.upjs.sk\/lekarska-fakulta\/vyskum-na-fakulte\/habilitacne-a-inauguracne-konanie\/habilitacie-oznamy\/habilitacne-prednasky-13-5-2008\/#breadcrumb"},"inLanguage":"sk-SK","potentialAction":[{"@type":"ReadAction","target":["https:\/\/www.upjs.sk\/lekarska-fakulta\/vyskum-na-fakulte\/habilitacne-a-inauguracne-konanie\/habilitacie-oznamy\/habilitacne-prednasky-13-5-2008\/"]}]},{"@type":"BreadcrumbList","@id":"https:\/\/www.upjs.sk\/lekarska-fakulta\/vyskum-na-fakulte\/habilitacne-a-inauguracne-konanie\/habilitacie-oznamy\/habilitacne-prednasky-13-5-2008\/#breadcrumb","itemListElement":[{"@type":"ListItem","position":1,"name":"Home","item":"https:\/\/www.upjs.sk\/lekarska-fakulta\/"},{"@type":"ListItem","position":2,"name":"Vedeckov\u00fdskumn\u00e1 \u010dinnos\u0165 na fakulte","item":"https:\/\/www.upjs.sk\/lekarska-fakulta\/vyskum-na-fakulte\/"},{"@type":"ListItem","position":3,"name":"Inaugur\u00e1cie, habilit\u00e1cie a kvalifika\u010dn\u00e9 postupy","item":"https:\/\/www.upjs.sk\/lekarska-fakulta\/vyskum-na-fakulte\/habilitacne-a-inauguracne-konanie\/"},{"@type":"ListItem","position":4,"name":"Habilit\u00e1cie: ozn\u00e1menia o konan\u00ed predn\u00e1\u0161ok a obhajob\u00e1ch pr\u00e1c","item":"https:\/\/www.upjs.sk\/lekarska-fakulta\/vyskum-na-fakulte\/habilitacne-a-inauguracne-konanie\/habilitacie-oznamy\/"},{"@type":"ListItem","position":5,"name":"Oznam o konan\u00ed verejn\u00fdch habilita\u010dn\u00fdch predn\u00e1\u0161ok &#8211; 13. m\u00e1ja 2008"}]},{"@type":"WebSite","@id":"https:\/\/www.upjs.sk\/lekarska-fakulta\/#website","url":"https:\/\/www.upjs.sk\/lekarska-fakulta\/","name":"Lek\u00e1rska fakulta | UPJ\u0160","description":"","publisher":{"@id":"https:\/\/www.upjs.sk\/lekarska-fakulta\/#organization"},"potentialAction":[{"@type":"SearchAction","target":{"@type":"EntryPoint","urlTemplate":"https:\/\/www.upjs.sk\/lekarska-fakulta\/?s={search_term_string}"},"query-input":{"@type":"PropertyValueSpecification","valueRequired":true,"valueName":"search_term_string"}}],"inLanguage":"sk-SK"},{"@type":"Organization","@id":"https:\/\/www.upjs.sk\/lekarska-fakulta\/#organization","name":"Lek\u00e1rska fakulta | UPJ\u0160","url":"https:\/\/www.upjs.sk\/lekarska-fakulta\/","logo":{"@type":"ImageObject","inLanguage":"sk-SK","@id":"https:\/\/www.upjs.sk\/lekarska-fakulta\/#\/schema\/logo\/image\/","url":"https:\/\/www.upjs.sk\/app\/uploads\/sites\/9\/2022\/09\/logo-lekarska-fakulta.png","contentUrl":"https:\/\/www.upjs.sk\/app\/uploads\/sites\/9\/2022\/09\/logo-lekarska-fakulta.png","width":415,"height":87,"caption":"Lek\u00e1rska fakulta | UPJ\u0160"},"image":{"@id":"https:\/\/www.upjs.sk\/lekarska-fakulta\/#\/schema\/logo\/image\/"}}]}},"_links":{"self":[{"href":"https:\/\/www.upjs.sk\/lekarska-fakulta\/wp-json\/wp\/v2\/pages\/15992","targetHints":{"allow":["GET"]}}],"collection":[{"href":"https:\/\/www.upjs.sk\/lekarska-fakulta\/wp-json\/wp\/v2\/pages"}],"about":[{"href":"https:\/\/www.upjs.sk\/lekarska-fakulta\/wp-json\/wp\/v2\/types\/page"}],"author":[{"embeddable":true,"href":"https:\/\/www.upjs.sk\/lekarska-fakulta\/wp-json\/wp\/v2\/users\/1"}],"replies":[{"embeddable":true,"href":"https:\/\/www.upjs.sk\/lekarska-fakulta\/wp-json\/wp\/v2\/comments?post=15992"}],"version-history":[{"count":2,"href":"https:\/\/www.upjs.sk\/lekarska-fakulta\/wp-json\/wp\/v2\/pages\/15992\/revisions"}],"predecessor-version":[{"id":77679,"href":"https:\/\/www.upjs.sk\/lekarska-fakulta\/wp-json\/wp\/v2\/pages\/15992\/revisions\/77679"}],"up":[{"embeddable":true,"href":"https:\/\/www.upjs.sk\/lekarska-fakulta\/wp-json\/wp\/v2\/pages\/16194"}],"wp:attachment":[{"href":"https:\/\/www.upjs.sk\/lekarska-fakulta\/wp-json\/wp\/v2\/media?parent=15992"}],"wp:term":[{"taxonomy":"category","embeddable":true,"href":"https:\/\/www.upjs.sk\/lekarska-fakulta\/wp-json\/wp\/v2\/categories?post=15992"},{"taxonomy":"post_tag","embeddable":true,"href":"https:\/\/www.upjs.sk\/lekarska-fakulta\/wp-json\/wp\/v2\/tags?post=15992"}],"curies":[{"name":"wp","href":"https:\/\/api.w.org\/{rel}","templated":true}]}}