{"id":16124,"date":"2023-02-11T07:25:23","date_gmt":"2023-02-11T06:25:23","guid":{"rendered":"https:\/\/www.upjs.sk\/lekarska-fakulta\/vyskum-na-fakulte\/vedecke-projekty\/2gpk\/"},"modified":"2023-02-11T07:25:58","modified_gmt":"2023-02-11T06:25:58","slug":"2gpk","status":"publish","type":"page","link":"https:\/\/www.upjs.sk\/lekarska-fakulta\/vyskum-na-fakulte\/vedecke-projekty\/ine-projekty\/fotogaleria\/2gpk\/","title":{"rendered":"II. gynekologicko-p\u00f4rodn\u00edcka klinika"},"content":{"rendered":"<style>.wp-block-kadence-advancedgallery.kb-gallery-wrap-id-_a8dcbf-9e{overflow:hidden;}.kb-gallery-type-carousel.kb-gallery-id-_a8dcbf-9e .kt-blocks-carousel .kt-blocks-carousel-init{margin:0 -5px;}.kb-gallery-type-carousel.kb-gallery-id-_a8dcbf-9e .kt-blocks-carousel .kt-blocks-carousel-init .kb-slide-item{padding:4px 5px;}.kb-gallery-type-carousel.kb-gallery-id-_a8dcbf-9e .kt-blocks-carousel .kt-blocks-carousel-init .slick-prev{left:5px;}.kb-gallery-type-carousel.kb-gallery-id-_a8dcbf-9e .kt-blocks-carousel .kt-blocks-carousel-init .slick-next{right:5px;}.kb-gallery-id-_a8dcbf-9e .kadence-blocks-gallery-item .kb-gal-image-radius, .kb-gallery-id-_a8dcbf-9e .kb-slide-item .kb-gal-image-radius img{border-radius:0px 0px 0px 0px;;}.kb-gallery-id-_a8dcbf-9e .kadence-blocks-gallery-item .kadence-blocks-gallery-item-inner .kadence-blocks-gallery-item__caption{color:#000000;}.kb-gallery-caption-style-cover-hover.kb-gallery-id-_a8dcbf-9e .kadence-blocks-gallery-item .kadence-blocks-gallery-item-inner .kadence-blocks-gallery-item__caption, .kb-gallery-caption-style-below.kb-gallery-id-_a8dcbf-9e .kadence-blocks-gallery-item .kadence-blocks-gallery-item-inner .kadence-blocks-gallery-item__caption{background:#D6D6D6;}.kb-gallery-wrap-id-_a8dcbf-9e.wp-block-kadence-advancedgallery{overflow:visible;}.kb-gallery-wrap-id-_a8dcbf-9e.wp-block-kadence-advancedgallery .kt-blocks-carousel{overflow:visible;}<\/style>\n<div class=\"wp-block-kadence-advancedgallery kb-gallery-wrap-id-_a8dcbf-9e\"><div class=\"kb-gallery-ul kb-gallery-type-carousel kb-gallery-id-_a8dcbf-9e kb-gallery-caption-style-below kb-gallery-filter-none\" data-image-filter=\"none\" data-lightbox-caption=\"true\"><div class=\"kt-blocks-carousel kt-carousel-container-dotstyle-dark\"><div class=\"kt-blocks-carousel-init kb-gallery-carousel kt-carousel-arrowstyle-whiteondark kt-carousel-dotstyle-dark\" data-columns-xxl=\"3\" data-columns-xl=\"3\" data-columns-md=\"3\" data-columns-sm=\"2\" data-columns-xs=\"1\" data-columns-ss=\"1\" data-slider-anim-speed=\"400\" data-slider-scroll=\"1\" data-slider-arrows=\"true\" data-slider-dots=\"true\" data-slider-hover-pause=\"false\" data-slider-auto=\"false\" data-slider-speed=\"7000\"><div class=\"kb-slide-item kb-gallery-carousel-item\"><div class=\"kadence-blocks-gallery-item\"><div class=\"kadence-blocks-gallery-item-inner\"><figure class=\"kb-gallery-figure kb-gallery-item-has-link kadence-blocks-gallery-item-has-caption kb-has-image-ratio-land32\"><a href=\"https:\/\/www.upjs.sk\/app\/uploads\/sites\/9\/2022\/09\/DSC0446s.jpg\" class=\"kb-gallery-item-link\"><div class=\"kb-gal-image-radius\"><div class=\"kb-gallery-image-contain kadence-blocks-gallery-intrinsic kb-gallery-image-ratio-land32\"><img loading=\"lazy\" decoding=\"async\" src=\"https:\/\/www.upjs.sk\/app\/uploads\/sites\/9\/2022\/09\/DSC0446s.jpg\" width=\"385\" height=\"627\" alt=\"2GPK\" data-full-image=\"https:\/\/www.upjs.sk\/app\/uploads\/sites\/9\/2022\/09\/DSC0446s.jpg\" data-light-image=\"https:\/\/www.upjs.sk\/app\/uploads\/sites\/9\/2022\/09\/DSC0446s.jpg\" data-id=\"16125\" data-link=\"https:\/\/www.upjs.sk\/lekarska-fakulta\/vyskum-na-fakulte\/vedecke-projekty\/ine-projekty\/fotogaleria\/2gpk\/dsc0446s\/\" data-custom-link=\"\" data-custom-link-target=\"\" data-sponsored=\"\" class=\"wp-image-16125 skip-lazy\" srcset=\"https:\/\/www.upjs.sk\/app\/uploads\/sites\/9\/2022\/09\/DSC0446s.jpg 385w, https:\/\/www.upjs.sk\/app\/uploads\/sites\/9\/2022\/09\/DSC0446s-184x300.jpg 184w\" sizes=\"auto, (max-width: 385px) 100vw, 385px\" \/><\/div><\/div><div class=\"kadence-blocks-gallery-item__caption\">HDTV \u2013 kamerov\u00e1 videoendoskopick\u00e1 zostava. Budovanie OPEN DOOR univerzity zaveden\u00edm modern\u00fdch IKT a rekon\u0161trukcia budovy Filozofickej fakulty v are\u00e1li UPJ\u0160 k\u00f3d ITMS 26250120028.<\/div><\/a><\/figure><\/div><\/div><\/div><div class=\"kb-slide-item kb-gallery-carousel-item\"><div class=\"kadence-blocks-gallery-item\"><div class=\"kadence-blocks-gallery-item-inner\"><figure class=\"kb-gallery-figure kb-gallery-item-has-link kadence-blocks-gallery-item-has-caption kb-has-image-ratio-land32\"><a href=\"https:\/\/www.upjs.sk\/app\/uploads\/sites\/9\/2022\/09\/DSC0446s2.jpg\" class=\"kb-gallery-item-link\"><div class=\"kb-gal-image-radius\"><div class=\"kb-gallery-image-contain kadence-blocks-gallery-intrinsic kb-gallery-image-ratio-land32\"><img loading=\"lazy\" decoding=\"async\" src=\"https:\/\/www.upjs.sk\/app\/uploads\/sites\/9\/2022\/09\/DSC0446s2.jpg\" width=\"417\" height=\"627\" alt=\"\" data-full-image=\"https:\/\/www.upjs.sk\/app\/uploads\/sites\/9\/2022\/09\/DSC0446s2.jpg\" data-light-image=\"https:\/\/www.upjs.sk\/app\/uploads\/sites\/9\/2022\/09\/DSC0446s2.jpg\" data-id=\"16126\" data-link=\"https:\/\/www.upjs.sk\/lekarska-fakulta\/vyskum-na-fakulte\/vedecke-projekty\/ine-projekty\/fotogaleria\/2gpk\/dsc0446s2\/\" data-custom-link=\"\" data-custom-link-target=\"\" data-sponsored=\"\" class=\"wp-image-16126 skip-lazy\" srcset=\"https:\/\/www.upjs.sk\/app\/uploads\/sites\/9\/2022\/09\/DSC0446s2.jpg 417w, https:\/\/www.upjs.sk\/app\/uploads\/sites\/9\/2022\/09\/DSC0446s2-200x300.jpg 200w\" sizes=\"auto, (max-width: 417px) 100vw, 417px\" \/><\/div><\/div><div class=\"kadence-blocks-gallery-item__caption\">HDTV \u2013 kamerov\u00e1 videoendoskopick\u00e1 zostava. Budovanie OPEN DOOR univerzity zaveden\u00edm modern\u00fdch IKT a rekon\u0161trukcia budovy Filozofickej fakulty v are\u00e1li UPJ\u0160 k\u00f3d ITMS 26250120028.<\/div><\/a><\/figure><\/div><\/div><\/div><\/div><\/div><\/div><\/div>\n","protected":false},"excerpt":{"rendered":"","protected":false},"author":1,"featured_media":16125,"parent":16081,"menu_order":0,"comment_status":"closed","ping_status":"closed","template":"","meta":{"_acf_changed":false,"_editorskit_title_hidden":false,"_editorskit_reading_time":1,"_editorskit_is_block_options_detached":false,"_editorskit_block_options_position":"{}","footnotes":""},"categories":[],"tags":[],"class_list":["post-16124","page","type-page","status-publish","has-post-thumbnail","hentry"],"acf":{"acf_link_na_externy_obsah":""},"yoast_head":"<!-- This site is optimized with the Yoast SEO plugin v27.4 - https:\/\/yoast.com\/product\/yoast-seo-wordpress\/ -->\n<title>II. gynekologicko-p\u00f4rodn\u00edcka klinika - Lek\u00e1rska fakulta | UPJ\u0160<\/title>\n<meta name=\"robots\" content=\"index, follow, max-snippet:-1, max-image-preview:large, max-video-preview:-1\" \/>\n<link rel=\"canonical\" href=\"https:\/\/www.upjs.sk\/lekarska-fakulta\/vyskum-na-fakulte\/vedecke-projekty\/ine-projekty\/fotogaleria\/2gpk\/\" \/>\n<meta property=\"og:locale\" content=\"sk_SK\" \/>\n<meta property=\"og:type\" content=\"article\" \/>\n<meta property=\"og:title\" content=\"II. gynekologicko-p\u00f4rodn\u00edcka klinika - Lek\u00e1rska fakulta | UPJ\u0160\" \/>\n<meta property=\"og:url\" content=\"https:\/\/www.upjs.sk\/lekarska-fakulta\/vyskum-na-fakulte\/vedecke-projekty\/ine-projekty\/fotogaleria\/2gpk\/\" \/>\n<meta property=\"og:site_name\" content=\"Lek\u00e1rska fakulta | UPJ\u0160\" \/>\n<meta property=\"article:modified_time\" content=\"2023-02-11T06:25:58+00:00\" \/>\n<meta property=\"og:image\" content=\"https:\/\/www.upjs.sk\/app\/uploads\/sites\/9\/2022\/09\/DSC0446s.jpg\" \/>\n\t<meta property=\"og:image:width\" content=\"385\" \/>\n\t<meta property=\"og:image:height\" content=\"627\" \/>\n\t<meta property=\"og:image:type\" content=\"image\/jpeg\" \/>\n<meta name=\"twitter:card\" content=\"summary_large_image\" \/>\n<meta name=\"twitter:label1\" content=\"Predpokladan\u00fd \u010das \u010d\u00edtania\" \/>\n\t<meta name=\"twitter:data1\" content=\"1 min\u00fata\" \/>\n<script type=\"application\/ld+json\" class=\"yoast-schema-graph\">{\"@context\":\"https:\\\/\\\/schema.org\",\"@graph\":[{\"@type\":\"WebPage\",\"@id\":\"https:\\\/\\\/www.upjs.sk\\\/lekarska-fakulta\\\/vyskum-na-fakulte\\\/vedecke-projekty\\\/ine-projekty\\\/fotogaleria\\\/2gpk\\\/\",\"url\":\"https:\\\/\\\/www.upjs.sk\\\/lekarska-fakulta\\\/vyskum-na-fakulte\\\/vedecke-projekty\\\/ine-projekty\\\/fotogaleria\\\/2gpk\\\/\",\"name\":\"II. gynekologicko-p\u00f4rodn\u00edcka klinika - Lek\u00e1rska fakulta | UPJ\u0160\",\"isPartOf\":{\"@id\":\"https:\\\/\\\/www.upjs.sk\\\/lekarska-fakulta\\\/#website\"},\"primaryImageOfPage\":{\"@id\":\"https:\\\/\\\/www.upjs.sk\\\/lekarska-fakulta\\\/vyskum-na-fakulte\\\/vedecke-projekty\\\/ine-projekty\\\/fotogaleria\\\/2gpk\\\/#primaryimage\"},\"image\":{\"@id\":\"https:\\\/\\\/www.upjs.sk\\\/lekarska-fakulta\\\/vyskum-na-fakulte\\\/vedecke-projekty\\\/ine-projekty\\\/fotogaleria\\\/2gpk\\\/#primaryimage\"},\"thumbnailUrl\":\"https:\\\/\\\/www.upjs.sk\\\/app\\\/uploads\\\/sites\\\/9\\\/2022\\\/09\\\/DSC0446s.jpg\",\"datePublished\":\"2023-02-11T06:25:23+00:00\",\"dateModified\":\"2023-02-11T06:25:58+00:00\",\"breadcrumb\":{\"@id\":\"https:\\\/\\\/www.upjs.sk\\\/lekarska-fakulta\\\/vyskum-na-fakulte\\\/vedecke-projekty\\\/ine-projekty\\\/fotogaleria\\\/2gpk\\\/#breadcrumb\"},\"inLanguage\":\"sk-SK\",\"potentialAction\":[{\"@type\":\"ReadAction\",\"target\":[\"https:\\\/\\\/www.upjs.sk\\\/lekarska-fakulta\\\/vyskum-na-fakulte\\\/vedecke-projekty\\\/ine-projekty\\\/fotogaleria\\\/2gpk\\\/\"]}]},{\"@type\":\"ImageObject\",\"inLanguage\":\"sk-SK\",\"@id\":\"https:\\\/\\\/www.upjs.sk\\\/lekarska-fakulta\\\/vyskum-na-fakulte\\\/vedecke-projekty\\\/ine-projekty\\\/fotogaleria\\\/2gpk\\\/#primaryimage\",\"url\":\"https:\\\/\\\/www.upjs.sk\\\/app\\\/uploads\\\/sites\\\/9\\\/2022\\\/09\\\/DSC0446s.jpg\",\"contentUrl\":\"https:\\\/\\\/www.upjs.sk\\\/app\\\/uploads\\\/sites\\\/9\\\/2022\\\/09\\\/DSC0446s.jpg\",\"width\":385,\"height\":627,\"caption\":\"HDTV \u2013 kamerov\u00e1 videoendoskopick\u00e1 zostava. Budovanie OPEN DOOR univerzity zaveden\u00edm modern\u00fdch IKT a rekon\u0161trukcia budovy Filozofickej fakulty v are\u00e1li UPJ\u0160 k\u00f3d ITMS 26250120028.\"},{\"@type\":\"BreadcrumbList\",\"@id\":\"https:\\\/\\\/www.upjs.sk\\\/lekarska-fakulta\\\/vyskum-na-fakulte\\\/vedecke-projekty\\\/ine-projekty\\\/fotogaleria\\\/2gpk\\\/#breadcrumb\",\"itemListElement\":[{\"@type\":\"ListItem\",\"position\":1,\"name\":\"Home\",\"item\":\"https:\\\/\\\/www.upjs.sk\\\/lekarska-fakulta\\\/\"},{\"@type\":\"ListItem\",\"position\":2,\"name\":\"Vedeckov\u00fdskumn\u00e1 \u010dinnos\u0165 na fakulte\",\"item\":\"https:\\\/\\\/www.upjs.sk\\\/lekarska-fakulta\\\/vyskum-na-fakulte\\\/\"},{\"@type\":\"ListItem\",\"position\":3,\"name\":\"Vedeck\u00e9 projekty rie\u0161en\u00e9 na UPJ\u0160 v Ko\u0161iciach, Lek\u00e1rskej fakulte\",\"item\":\"https:\\\/\\\/www.upjs.sk\\\/lekarska-fakulta\\\/vyskum-na-fakulte\\\/vedecke-projekty\\\/\"},{\"@type\":\"ListItem\",\"position\":4,\"name\":\"In\u00e9 projekty\",\"item\":\"https:\\\/\\\/www.upjs.sk\\\/lekarska-fakulta\\\/vyskum-na-fakulte\\\/vedecke-projekty\\\/ine-projekty\\\/\"},{\"@type\":\"ListItem\",\"position\":5,\"name\":\"Fotogal\u00e9ria pr\u00edstrojov a zariaden\u00ed\",\"item\":\"https:\\\/\\\/www.upjs.sk\\\/lekarska-fakulta\\\/vyskum-na-fakulte\\\/vedecke-projekty\\\/ine-projekty\\\/fotogaleria\\\/\"},{\"@type\":\"ListItem\",\"position\":6,\"name\":\"II. gynekologicko-p\u00f4rodn\u00edcka klinika\"}]},{\"@type\":\"WebSite\",\"@id\":\"https:\\\/\\\/www.upjs.sk\\\/lekarska-fakulta\\\/#website\",\"url\":\"https:\\\/\\\/www.upjs.sk\\\/lekarska-fakulta\\\/\",\"name\":\"Lek\u00e1rska fakulta | UPJ\u0160\",\"description\":\"\",\"publisher\":{\"@id\":\"https:\\\/\\\/www.upjs.sk\\\/lekarska-fakulta\\\/#organization\"},\"potentialAction\":[{\"@type\":\"SearchAction\",\"target\":{\"@type\":\"EntryPoint\",\"urlTemplate\":\"https:\\\/\\\/www.upjs.sk\\\/lekarska-fakulta\\\/?s={search_term_string}\"},\"query-input\":{\"@type\":\"PropertyValueSpecification\",\"valueRequired\":true,\"valueName\":\"search_term_string\"}}],\"inLanguage\":\"sk-SK\"},{\"@type\":\"Organization\",\"@id\":\"https:\\\/\\\/www.upjs.sk\\\/lekarska-fakulta\\\/#organization\",\"name\":\"Lek\u00e1rska fakulta | UPJ\u0160\",\"url\":\"https:\\\/\\\/www.upjs.sk\\\/lekarska-fakulta\\\/\",\"logo\":{\"@type\":\"ImageObject\",\"inLanguage\":\"sk-SK\",\"@id\":\"https:\\\/\\\/www.upjs.sk\\\/lekarska-fakulta\\\/#\\\/schema\\\/logo\\\/image\\\/\",\"url\":\"https:\\\/\\\/www.upjs.sk\\\/app\\\/uploads\\\/sites\\\/9\\\/2022\\\/09\\\/logo-lekarska-fakulta.png\",\"contentUrl\":\"https:\\\/\\\/www.upjs.sk\\\/app\\\/uploads\\\/sites\\\/9\\\/2022\\\/09\\\/logo-lekarska-fakulta.png\",\"width\":415,\"height\":87,\"caption\":\"Lek\u00e1rska fakulta | UPJ\u0160\"},\"image\":{\"@id\":\"https:\\\/\\\/www.upjs.sk\\\/lekarska-fakulta\\\/#\\\/schema\\\/logo\\\/image\\\/\"}}]}<\/script>\n<!-- \/ Yoast SEO plugin. -->","yoast_head_json":{"title":"II. gynekologicko-p\u00f4rodn\u00edcka klinika - Lek\u00e1rska fakulta | UPJ\u0160","robots":{"index":"index","follow":"follow","max-snippet":"max-snippet:-1","max-image-preview":"max-image-preview:large","max-video-preview":"max-video-preview:-1"},"canonical":"https:\/\/www.upjs.sk\/lekarska-fakulta\/vyskum-na-fakulte\/vedecke-projekty\/ine-projekty\/fotogaleria\/2gpk\/","og_locale":"sk_SK","og_type":"article","og_title":"II. gynekologicko-p\u00f4rodn\u00edcka klinika - Lek\u00e1rska fakulta | UPJ\u0160","og_url":"https:\/\/www.upjs.sk\/lekarska-fakulta\/vyskum-na-fakulte\/vedecke-projekty\/ine-projekty\/fotogaleria\/2gpk\/","og_site_name":"Lek\u00e1rska fakulta | UPJ\u0160","article_modified_time":"2023-02-11T06:25:58+00:00","og_image":[{"width":385,"height":627,"url":"https:\/\/www.upjs.sk\/app\/uploads\/sites\/9\/2022\/09\/DSC0446s.jpg","type":"image\/jpeg"}],"twitter_card":"summary_large_image","twitter_misc":{"Predpokladan\u00fd \u010das \u010d\u00edtania":"1 min\u00fata"},"schema":{"@context":"https:\/\/schema.org","@graph":[{"@type":"WebPage","@id":"https:\/\/www.upjs.sk\/lekarska-fakulta\/vyskum-na-fakulte\/vedecke-projekty\/ine-projekty\/fotogaleria\/2gpk\/","url":"https:\/\/www.upjs.sk\/lekarska-fakulta\/vyskum-na-fakulte\/vedecke-projekty\/ine-projekty\/fotogaleria\/2gpk\/","name":"II. gynekologicko-p\u00f4rodn\u00edcka klinika - Lek\u00e1rska fakulta | UPJ\u0160","isPartOf":{"@id":"https:\/\/www.upjs.sk\/lekarska-fakulta\/#website"},"primaryImageOfPage":{"@id":"https:\/\/www.upjs.sk\/lekarska-fakulta\/vyskum-na-fakulte\/vedecke-projekty\/ine-projekty\/fotogaleria\/2gpk\/#primaryimage"},"image":{"@id":"https:\/\/www.upjs.sk\/lekarska-fakulta\/vyskum-na-fakulte\/vedecke-projekty\/ine-projekty\/fotogaleria\/2gpk\/#primaryimage"},"thumbnailUrl":"https:\/\/www.upjs.sk\/app\/uploads\/sites\/9\/2022\/09\/DSC0446s.jpg","datePublished":"2023-02-11T06:25:23+00:00","dateModified":"2023-02-11T06:25:58+00:00","breadcrumb":{"@id":"https:\/\/www.upjs.sk\/lekarska-fakulta\/vyskum-na-fakulte\/vedecke-projekty\/ine-projekty\/fotogaleria\/2gpk\/#breadcrumb"},"inLanguage":"sk-SK","potentialAction":[{"@type":"ReadAction","target":["https:\/\/www.upjs.sk\/lekarska-fakulta\/vyskum-na-fakulte\/vedecke-projekty\/ine-projekty\/fotogaleria\/2gpk\/"]}]},{"@type":"ImageObject","inLanguage":"sk-SK","@id":"https:\/\/www.upjs.sk\/lekarska-fakulta\/vyskum-na-fakulte\/vedecke-projekty\/ine-projekty\/fotogaleria\/2gpk\/#primaryimage","url":"https:\/\/www.upjs.sk\/app\/uploads\/sites\/9\/2022\/09\/DSC0446s.jpg","contentUrl":"https:\/\/www.upjs.sk\/app\/uploads\/sites\/9\/2022\/09\/DSC0446s.jpg","width":385,"height":627,"caption":"HDTV \u2013 kamerov\u00e1 videoendoskopick\u00e1 zostava. Budovanie OPEN DOOR univerzity zaveden\u00edm modern\u00fdch IKT a rekon\u0161trukcia budovy Filozofickej fakulty v are\u00e1li UPJ\u0160 k\u00f3d ITMS 26250120028."},{"@type":"BreadcrumbList","@id":"https:\/\/www.upjs.sk\/lekarska-fakulta\/vyskum-na-fakulte\/vedecke-projekty\/ine-projekty\/fotogaleria\/2gpk\/#breadcrumb","itemListElement":[{"@type":"ListItem","position":1,"name":"Home","item":"https:\/\/www.upjs.sk\/lekarska-fakulta\/"},{"@type":"ListItem","position":2,"name":"Vedeckov\u00fdskumn\u00e1 \u010dinnos\u0165 na fakulte","item":"https:\/\/www.upjs.sk\/lekarska-fakulta\/vyskum-na-fakulte\/"},{"@type":"ListItem","position":3,"name":"Vedeck\u00e9 projekty rie\u0161en\u00e9 na UPJ\u0160 v Ko\u0161iciach, Lek\u00e1rskej fakulte","item":"https:\/\/www.upjs.sk\/lekarska-fakulta\/vyskum-na-fakulte\/vedecke-projekty\/"},{"@type":"ListItem","position":4,"name":"In\u00e9 projekty","item":"https:\/\/www.upjs.sk\/lekarska-fakulta\/vyskum-na-fakulte\/vedecke-projekty\/ine-projekty\/"},{"@type":"ListItem","position":5,"name":"Fotogal\u00e9ria pr\u00edstrojov a zariaden\u00ed","item":"https:\/\/www.upjs.sk\/lekarska-fakulta\/vyskum-na-fakulte\/vedecke-projekty\/ine-projekty\/fotogaleria\/"},{"@type":"ListItem","position":6,"name":"II. gynekologicko-p\u00f4rodn\u00edcka klinika"}]},{"@type":"WebSite","@id":"https:\/\/www.upjs.sk\/lekarska-fakulta\/#website","url":"https:\/\/www.upjs.sk\/lekarska-fakulta\/","name":"Lek\u00e1rska fakulta | UPJ\u0160","description":"","publisher":{"@id":"https:\/\/www.upjs.sk\/lekarska-fakulta\/#organization"},"potentialAction":[{"@type":"SearchAction","target":{"@type":"EntryPoint","urlTemplate":"https:\/\/www.upjs.sk\/lekarska-fakulta\/?s={search_term_string}"},"query-input":{"@type":"PropertyValueSpecification","valueRequired":true,"valueName":"search_term_string"}}],"inLanguage":"sk-SK"},{"@type":"Organization","@id":"https:\/\/www.upjs.sk\/lekarska-fakulta\/#organization","name":"Lek\u00e1rska fakulta | UPJ\u0160","url":"https:\/\/www.upjs.sk\/lekarska-fakulta\/","logo":{"@type":"ImageObject","inLanguage":"sk-SK","@id":"https:\/\/www.upjs.sk\/lekarska-fakulta\/#\/schema\/logo\/image\/","url":"https:\/\/www.upjs.sk\/app\/uploads\/sites\/9\/2022\/09\/logo-lekarska-fakulta.png","contentUrl":"https:\/\/www.upjs.sk\/app\/uploads\/sites\/9\/2022\/09\/logo-lekarska-fakulta.png","width":415,"height":87,"caption":"Lek\u00e1rska fakulta | UPJ\u0160"},"image":{"@id":"https:\/\/www.upjs.sk\/lekarska-fakulta\/#\/schema\/logo\/image\/"}}]}},"_links":{"self":[{"href":"https:\/\/www.upjs.sk\/lekarska-fakulta\/wp-json\/wp\/v2\/pages\/16124","targetHints":{"allow":["GET"]}}],"collection":[{"href":"https:\/\/www.upjs.sk\/lekarska-fakulta\/wp-json\/wp\/v2\/pages"}],"about":[{"href":"https:\/\/www.upjs.sk\/lekarska-fakulta\/wp-json\/wp\/v2\/types\/page"}],"author":[{"embeddable":true,"href":"https:\/\/www.upjs.sk\/lekarska-fakulta\/wp-json\/wp\/v2\/users\/1"}],"replies":[{"embeddable":true,"href":"https:\/\/www.upjs.sk\/lekarska-fakulta\/wp-json\/wp\/v2\/comments?post=16124"}],"version-history":[{"count":3,"href":"https:\/\/www.upjs.sk\/lekarska-fakulta\/wp-json\/wp\/v2\/pages\/16124\/revisions"}],"predecessor-version":[{"id":78647,"href":"https:\/\/www.upjs.sk\/lekarska-fakulta\/wp-json\/wp\/v2\/pages\/16124\/revisions\/78647"}],"up":[{"embeddable":true,"href":"https:\/\/www.upjs.sk\/lekarska-fakulta\/wp-json\/wp\/v2\/pages\/16081"}],"wp:featuredmedia":[{"embeddable":true,"href":"https:\/\/www.upjs.sk\/lekarska-fakulta\/wp-json\/wp\/v2\/media\/16125"}],"wp:attachment":[{"href":"https:\/\/www.upjs.sk\/lekarska-fakulta\/wp-json\/wp\/v2\/media?parent=16124"}],"wp:term":[{"taxonomy":"category","embeddable":true,"href":"https:\/\/www.upjs.sk\/lekarska-fakulta\/wp-json\/wp\/v2\/categories?post=16124"},{"taxonomy":"post_tag","embeddable":true,"href":"https:\/\/www.upjs.sk\/lekarska-fakulta\/wp-json\/wp\/v2\/tags?post=16124"}],"curies":[{"name":"wp","href":"https:\/\/api.w.org\/{rel}","templated":true}]}}