{"id":16463,"date":"2023-04-14T10:54:32","date_gmt":"2023-04-14T09:54:32","guid":{"rendered":"https:\/\/www.upjs.sk\/lekarska-fakulta\/fakulta\/organy-fakulty\/akademicky-senat\/"},"modified":"2026-03-31T12:14:33","modified_gmt":"2026-03-31T11:14:33","slug":"akademicky-senat","status":"publish","type":"page","link":"https:\/\/www.upjs.sk\/lekarska-fakulta\/fakulta\/organy-fakulty\/akademicky-senat\/","title":{"rendered":"Akademick\u00fd sen\u00e1t"},"content":{"rendered":"\n<p><strong>Adresa<\/strong>: Trieda SNP \u010d. 1,&nbsp;040 11&nbsp; Ko\u0161ice<br><strong>Predseda<\/strong>: doc. Ing. Jaroslav Majern\u00edk, PhD.<br><strong>I. podpredseda<\/strong>: prof. MUDr. Matej \u0160korv\u00e1nek, PhD.&nbsp;<br><strong>II. podpredseda<\/strong>: Alex Por\u00e1\u010d<br><strong>Sekretari\u00e1t:<\/strong> <a href=\"https:\/\/www.upjs.sk\/LF\/zamestnanec\/henrieta.salokyova\/\" target=\"_blank\" rel=\"noreferrer noopener\">Ing. Henrieta Salokyov\u00e1<\/a>, Tel.\/VoIP: +421 55 234 3343<\/p>\n\n\n\n<ul class=\"wp-block-list\">\n<li><a href=\"https:\/\/www.upjs.sk\/lekarska-fakulta\/fakulta\/organy-fakulty\/akademicky-senat\/zoznam-clenov-as\/\" class=\"ek-link\">Zoznam \u010dlenov Akademick\u00e9ho sen\u00e1tu UPJ\u0160 Lek\u00e1rskej fakulty<\/a> na funk\u010dn\u00e9 obdobie 2023 &#8211; 2027<\/li>\n\n\n\n<li><a href=\"https:\/\/www.upjs.sk\/lekarska-fakulta\/fakulta\/organy-fakulty\/akademicky-senat\/komisie-as\/\" class=\"ek-link\">Zoznam \u010dlenov pracovn\u00fdch komisi\u00ed<\/a> Akademick\u00e9ho sen\u00e1tu UPJ\u0160 LF<\/li>\n\n\n\n<li><a href=\"https:\/\/www.upjs.sk\/lekarska-fakulta\/fakulta\/organy-fakulty\/akademicky-senat\/terminy-zasadnuti-as\/\" class=\"ek-link\">Term\u00edny zasadnut\u00ed<\/a> Akademick\u00e9ho sen\u00e1tu UPJ\u0160 LF<\/li>\n<\/ul>\n\n\n\n<div style=\"height:20px\" aria-hidden=\"true\" class=\"wp-block-spacer\"><\/div>\n\n\n\n<h4 class=\"wp-block-heading\">Dokumenty<\/h4>\n\n\n\n<ul class=\"wp-block-list\">\n<li><a href=\"https:\/\/www.upjs.sk\/lekarska-fakulta\/fakulta\/zakladne-dokumenty\/\" class=\"ek-link\">\u0160tat\u00fat a in\u00e9 z\u00e1kladn\u00e9 dokumenty UPJ\u0160 LF<\/a><\/li>\n\n\n\n<li><a href=\"https:\/\/intranet.upjs.sk\/op\/op.Download.php?documentid=8427&amp;version=1\" target=\"_blank\" rel=\"noreferrer noopener\" class=\"ek-link\">Z\u00e1sady volieb<\/a> do Akademick\u00e9ho sen\u00e1tu UPJ\u0160 LF<\/li>\n\n\n\n<li><a href=\"https:\/\/intranet.upjs.sk\/op\/op.Download.php?documentid=8567&amp;version=1\" target=\"_blank\" rel=\"noreferrer noopener\" class=\"ek-link\">Rokovac\u00ed poriadok<\/a> Akademick\u00e9ho sen\u00e1tu UPJ\u0160 LF<\/li>\n\n\n\n<li><a href=\"https:\/\/intranet.upjs.sk\/op\/op.Download.php?documentid=8566&amp;version=1\" target=\"_blank\" rel=\"noreferrer noopener\" class=\"ek-link\">Z\u00e1sady volieb kandid\u00e1ta na funkciu dekana UPJ\u0160 LF<\/a><\/li>\n<\/ul>\n\n\n\n<div style=\"height:20px\" aria-hidden=\"true\" class=\"wp-block-spacer\"><\/div>\n\n\n\n<h4 class=\"wp-block-heading\">Spr\u00e1vy o \u010dinnosti AS UPJ\u0160 LF<\/h4>\n\n\n\n<ul class=\"wp-block-list\">\n<li><a href=\"https:\/\/www.upjs.sk\/app\/uploads\/sites\/9\/2026\/03\/Sprava_o_cinnosti_AS_UPJS_LF_3_2025_2_2026-final.pdf\">Spr\u00e1va o \u010dinnosti<\/a> Akademick\u00e9ho sen\u00e1tu UPJ\u0160 LF za obdobie od marca 2025&nbsp;do febru\u00e1ra 2026<\/li>\n\n\n\n<li><a href=\"https:\/\/www.upjs.sk\/app\/uploads\/sites\/9\/2025\/03\/Sprava_o_cinnosti_AS_UPJS_LF_3_2024_2_2025.pdf\">Spr\u00e1va o \u010dinnosti<\/a> Akademick\u00e9ho sen\u00e1tu UPJ\u0160 LF za obdobie od marca 2024&nbsp;do febru\u00e1ra 2025<\/li>\n\n\n\n<li><a class=\"ek-link\" href=\"https:\/\/www.upjs.sk\/app\/uploads\/sites\/9\/2024\/04\/Sprava_o_cinnosti_AS_UPJS_LF_3_2023_2_2024.pdf\">Spr\u00e1va o \u010dinnosti<\/a> Akademick\u00e9ho sen\u00e1tu UPJ\u0160 LF za obdobie od marca 2023&nbsp;do febru\u00e1ra 2024<\/li>\n\n\n\n<li><a href=\"https:\/\/www.upjs.sk\/app\/uploads\/sites\/9\/2023\/03\/Sprava_o_cinnosti_AS_UPJS_LF_3_2022_2_2023.pdf\" class=\"ek-link\">Spr\u00e1va o \u010dinnosti<\/a> Akademick\u00e9ho sen\u00e1tu UPJ\u0160 LF za obdobie od marca 2022&nbsp;do febru\u00e1ra 2023<\/li>\n\n\n\n<li><a href=\"https:\/\/www.upjs.sk\/app\/uploads\/sites\/9\/2022\/09\/Sprava_o_cinnosti_AS_UPJS_LF_3_2021_2_2022.pdf\" class=\"ek-link\">Spr\u00e1va o \u010dinnosti<\/a> Akademick\u00e9ho sen\u00e1tu UPJ\u0160 LF za obdobie od marca 2021&nbsp;do febru\u00e1ra 2022<\/li>\n\n\n\n<li><a href=\"https:\/\/www.upjs.sk\/app\/uploads\/sites\/9\/2022\/09\/Sprava_o_cinnosti_AS_UPJS_LF_3_2020_2_2021_final.pdf\" class=\"ek-link\">Spr\u00e1va o \u010dinnosti<\/a> Akademick\u00e9ho sen\u00e1tu UPJ\u0160 LF za obdobie od marca 2020&nbsp;do febru\u00e1ra 2021<\/li>\n\n\n\n<li><a href=\"https:\/\/www.upjs.sk\/app\/uploads\/sites\/9\/2022\/09\/Sprava_o_cinnosti_AS_UPJS_LF_3_2019_2_2020_final.pdf\" class=\"ek-link\">Spr\u00e1va o \u010dinnosti<\/a> Akademick\u00e9ho sen\u00e1tu UPJ\u0160 LF za obdobie od marca 2019 do febru\u00e1ra 2020<\/li>\n\n\n\n<li><a href=\"https:\/\/www.upjs.sk\/app\/uploads\/sites\/9\/2022\/09\/Sprava_o_cinnosti_AS_UPJS_LF_2015_2019_final.pdf\" class=\"ek-link\">Spr\u00e1va o \u010dinnosti<\/a> Akademick\u00e9ho sen\u00e1tu UPJ\u0160 LF vo funk\u010dnom obdob\u00ed 2015-2019<\/li>\n\n\n\n<li><a href=\"https:\/\/www.upjs.sk\/app\/uploads\/sites\/9\/2022\/09\/Sprava-o-cinnosti-AS-UPJS-LF-2011-2015-final.pdf\" class=\"ek-link\">Spr\u00e1va o \u010dinnosti<\/a> Akademick\u00e9ho sen\u00e1tu UPJ\u0160 LF vo funk\u010dnom obdob\u00ed 2011-2015<\/li>\n\n\n\n<li><a href=\"https:\/\/www.upjs.sk\/app\/uploads\/sites\/9\/2022\/09\/Sprava_o_cinnosti_AS_LF_2007-2011.pdf\" class=\"ek-link\">Spr\u00e1va o \u010dinnosti<\/a> Akademick\u00e9ho sen\u00e1tu UPJ\u0160 LF vo funk\u010dnom obdob\u00ed 2007-2010<\/li>\n<\/ul>\n\n\n<style>.wp-block-kadence-advancedheading.kt-adv-heading16463_7a4306-90, .wp-block-kadence-advancedheading.kt-adv-heading16463_7a4306-90[data-kb-block=\"kb-adv-heading16463_7a4306-90\"]{font-style:normal;}.wp-block-kadence-advancedheading.kt-adv-heading16463_7a4306-90 mark.kt-highlight, .wp-block-kadence-advancedheading.kt-adv-heading16463_7a4306-90[data-kb-block=\"kb-adv-heading16463_7a4306-90\"] mark.kt-highlight{font-style:normal;color:#f76a0c;-webkit-box-decoration-break:clone;box-decoration-break:clone;padding-top:0px;padding-right:0px;padding-bottom:0px;padding-left:0px;}<\/style>\n<p class=\"kt-adv-heading16463_7a4306-90 wp-block-kadence-advancedheading\" data-kb-block=\"kb-adv-heading16463_7a4306-90\"><\/p>\n","protected":false},"excerpt":{"rendered":"<p>Adresa: Trieda SNP \u010d. 1,&nbsp;040 11&nbsp; Ko\u0161icePredseda: doc. Ing. Jaroslav Majern\u00edk, PhD.I. podpredseda: prof. MUDr. Matej \u0160korv\u00e1nek, PhD.&nbsp;II. podpredseda: Alex Por\u00e1\u010dSekretari\u00e1t: Ing. Henrieta Salokyov\u00e1, Tel.\/VoIP: +421 55 234 3343 Dokumenty Spr\u00e1vy o \u010dinnosti AS UPJ\u0160 LF<\/p>\n","protected":false},"author":1,"featured_media":0,"parent":13639,"menu_order":1,"comment_status":"closed","ping_status":"closed","template":"","meta":{"_acf_changed":false,"_editorskit_title_hidden":false,"_editorskit_reading_time":1,"_editorskit_is_block_options_detached":false,"_editorskit_block_options_position":"{}","footnotes":""},"categories":[],"tags":[],"class_list":["post-16463","page","type-page","status-publish","hentry"],"acf":{"acf_link_na_externy_obsah":""},"yoast_head":"<!-- This site is optimized with the Yoast SEO plugin v27.4 - https:\/\/yoast.com\/product\/yoast-seo-wordpress\/ -->\n<title>Akademick\u00fd sen\u00e1t - Lek\u00e1rska fakulta | UPJ\u0160<\/title>\n<meta name=\"robots\" content=\"index, follow, max-snippet:-1, max-image-preview:large, max-video-preview:-1\" \/>\n<link rel=\"canonical\" href=\"https:\/\/www.upjs.sk\/lekarska-fakulta\/fakulta\/organy-fakulty\/akademicky-senat\/\" \/>\n<meta property=\"og:locale\" content=\"sk_SK\" \/>\n<meta property=\"og:type\" content=\"article\" \/>\n<meta property=\"og:title\" content=\"Akademick\u00fd sen\u00e1t - Lek\u00e1rska fakulta | UPJ\u0160\" \/>\n<meta property=\"og:description\" content=\"Adresa: Trieda SNP \u010d. 1,&nbsp;040 11&nbsp; Ko\u0161icePredseda: doc. Ing. Jaroslav Majern\u00edk, PhD.I. podpredseda: prof. MUDr. Matej \u0160korv\u00e1nek, PhD.&nbsp;II. podpredseda: Alex Por\u00e1\u010dSekretari\u00e1t: Ing. Henrieta Salokyov\u00e1, Tel.\/VoIP: +421 55 234 3343 Dokumenty Spr\u00e1vy o \u010dinnosti AS UPJ\u0160 LF\" \/>\n<meta property=\"og:url\" content=\"https:\/\/www.upjs.sk\/lekarska-fakulta\/fakulta\/organy-fakulty\/akademicky-senat\/\" \/>\n<meta property=\"og:site_name\" content=\"Lek\u00e1rska fakulta | UPJ\u0160\" \/>\n<meta property=\"article:modified_time\" content=\"2026-03-31T11:14:33+00:00\" \/>\n<meta name=\"twitter:card\" content=\"summary_large_image\" \/>\n<meta name=\"twitter:label1\" content=\"Predpokladan\u00fd \u010das \u010d\u00edtania\" \/>\n\t<meta name=\"twitter:data1\" content=\"2 min\u00faty\" \/>\n<script type=\"application\/ld+json\" class=\"yoast-schema-graph\">{\"@context\":\"https:\\\/\\\/schema.org\",\"@graph\":[{\"@type\":\"WebPage\",\"@id\":\"https:\\\/\\\/www.upjs.sk\\\/lekarska-fakulta\\\/fakulta\\\/organy-fakulty\\\/akademicky-senat\\\/\",\"url\":\"https:\\\/\\\/www.upjs.sk\\\/lekarska-fakulta\\\/fakulta\\\/organy-fakulty\\\/akademicky-senat\\\/\",\"name\":\"Akademick\u00fd sen\u00e1t - Lek\u00e1rska fakulta | UPJ\u0160\",\"isPartOf\":{\"@id\":\"https:\\\/\\\/www.upjs.sk\\\/lekarska-fakulta\\\/#website\"},\"datePublished\":\"2023-04-14T09:54:32+00:00\",\"dateModified\":\"2026-03-31T11:14:33+00:00\",\"breadcrumb\":{\"@id\":\"https:\\\/\\\/www.upjs.sk\\\/lekarska-fakulta\\\/fakulta\\\/organy-fakulty\\\/akademicky-senat\\\/#breadcrumb\"},\"inLanguage\":\"sk-SK\",\"potentialAction\":[{\"@type\":\"ReadAction\",\"target\":[\"https:\\\/\\\/www.upjs.sk\\\/lekarska-fakulta\\\/fakulta\\\/organy-fakulty\\\/akademicky-senat\\\/\"]}]},{\"@type\":\"BreadcrumbList\",\"@id\":\"https:\\\/\\\/www.upjs.sk\\\/lekarska-fakulta\\\/fakulta\\\/organy-fakulty\\\/akademicky-senat\\\/#breadcrumb\",\"itemListElement\":[{\"@type\":\"ListItem\",\"position\":1,\"name\":\"Home\",\"item\":\"https:\\\/\\\/www.upjs.sk\\\/lekarska-fakulta\\\/\"},{\"@type\":\"ListItem\",\"position\":2,\"name\":\"O fakulte\",\"item\":\"https:\\\/\\\/www.upjs.sk\\\/lekarska-fakulta\\\/fakulta\\\/\"},{\"@type\":\"ListItem\",\"position\":3,\"name\":\"Org\u00e1ny fakulty\",\"item\":\"https:\\\/\\\/www.upjs.sk\\\/lekarska-fakulta\\\/fakulta\\\/organy-fakulty\\\/\"},{\"@type\":\"ListItem\",\"position\":4,\"name\":\"Akademick\u00fd sen\u00e1t\"}]},{\"@type\":\"WebSite\",\"@id\":\"https:\\\/\\\/www.upjs.sk\\\/lekarska-fakulta\\\/#website\",\"url\":\"https:\\\/\\\/www.upjs.sk\\\/lekarska-fakulta\\\/\",\"name\":\"Lek\u00e1rska fakulta | UPJ\u0160\",\"description\":\"\",\"publisher\":{\"@id\":\"https:\\\/\\\/www.upjs.sk\\\/lekarska-fakulta\\\/#organization\"},\"potentialAction\":[{\"@type\":\"SearchAction\",\"target\":{\"@type\":\"EntryPoint\",\"urlTemplate\":\"https:\\\/\\\/www.upjs.sk\\\/lekarska-fakulta\\\/?s={search_term_string}\"},\"query-input\":{\"@type\":\"PropertyValueSpecification\",\"valueRequired\":true,\"valueName\":\"search_term_string\"}}],\"inLanguage\":\"sk-SK\"},{\"@type\":\"Organization\",\"@id\":\"https:\\\/\\\/www.upjs.sk\\\/lekarska-fakulta\\\/#organization\",\"name\":\"Lek\u00e1rska fakulta | UPJ\u0160\",\"url\":\"https:\\\/\\\/www.upjs.sk\\\/lekarska-fakulta\\\/\",\"logo\":{\"@type\":\"ImageObject\",\"inLanguage\":\"sk-SK\",\"@id\":\"https:\\\/\\\/www.upjs.sk\\\/lekarska-fakulta\\\/#\\\/schema\\\/logo\\\/image\\\/\",\"url\":\"https:\\\/\\\/www.upjs.sk\\\/app\\\/uploads\\\/sites\\\/9\\\/2022\\\/09\\\/logo-lekarska-fakulta.png\",\"contentUrl\":\"https:\\\/\\\/www.upjs.sk\\\/app\\\/uploads\\\/sites\\\/9\\\/2022\\\/09\\\/logo-lekarska-fakulta.png\",\"width\":415,\"height\":87,\"caption\":\"Lek\u00e1rska fakulta | UPJ\u0160\"},\"image\":{\"@id\":\"https:\\\/\\\/www.upjs.sk\\\/lekarska-fakulta\\\/#\\\/schema\\\/logo\\\/image\\\/\"}}]}<\/script>\n<!-- \/ Yoast SEO plugin. -->","yoast_head_json":{"title":"Akademick\u00fd sen\u00e1t - Lek\u00e1rska fakulta | UPJ\u0160","robots":{"index":"index","follow":"follow","max-snippet":"max-snippet:-1","max-image-preview":"max-image-preview:large","max-video-preview":"max-video-preview:-1"},"canonical":"https:\/\/www.upjs.sk\/lekarska-fakulta\/fakulta\/organy-fakulty\/akademicky-senat\/","og_locale":"sk_SK","og_type":"article","og_title":"Akademick\u00fd sen\u00e1t - Lek\u00e1rska fakulta | UPJ\u0160","og_description":"Adresa: Trieda SNP \u010d. 1,&nbsp;040 11&nbsp; Ko\u0161icePredseda: doc. Ing. Jaroslav Majern\u00edk, PhD.I. podpredseda: prof. MUDr. Matej \u0160korv\u00e1nek, PhD.&nbsp;II. podpredseda: Alex Por\u00e1\u010dSekretari\u00e1t: Ing. Henrieta Salokyov\u00e1, Tel.\/VoIP: +421 55 234 3343 Dokumenty Spr\u00e1vy o \u010dinnosti AS UPJ\u0160 LF","og_url":"https:\/\/www.upjs.sk\/lekarska-fakulta\/fakulta\/organy-fakulty\/akademicky-senat\/","og_site_name":"Lek\u00e1rska fakulta | UPJ\u0160","article_modified_time":"2026-03-31T11:14:33+00:00","twitter_card":"summary_large_image","twitter_misc":{"Predpokladan\u00fd \u010das \u010d\u00edtania":"2 min\u00faty"},"schema":{"@context":"https:\/\/schema.org","@graph":[{"@type":"WebPage","@id":"https:\/\/www.upjs.sk\/lekarska-fakulta\/fakulta\/organy-fakulty\/akademicky-senat\/","url":"https:\/\/www.upjs.sk\/lekarska-fakulta\/fakulta\/organy-fakulty\/akademicky-senat\/","name":"Akademick\u00fd sen\u00e1t - Lek\u00e1rska fakulta | UPJ\u0160","isPartOf":{"@id":"https:\/\/www.upjs.sk\/lekarska-fakulta\/#website"},"datePublished":"2023-04-14T09:54:32+00:00","dateModified":"2026-03-31T11:14:33+00:00","breadcrumb":{"@id":"https:\/\/www.upjs.sk\/lekarska-fakulta\/fakulta\/organy-fakulty\/akademicky-senat\/#breadcrumb"},"inLanguage":"sk-SK","potentialAction":[{"@type":"ReadAction","target":["https:\/\/www.upjs.sk\/lekarska-fakulta\/fakulta\/organy-fakulty\/akademicky-senat\/"]}]},{"@type":"BreadcrumbList","@id":"https:\/\/www.upjs.sk\/lekarska-fakulta\/fakulta\/organy-fakulty\/akademicky-senat\/#breadcrumb","itemListElement":[{"@type":"ListItem","position":1,"name":"Home","item":"https:\/\/www.upjs.sk\/lekarska-fakulta\/"},{"@type":"ListItem","position":2,"name":"O fakulte","item":"https:\/\/www.upjs.sk\/lekarska-fakulta\/fakulta\/"},{"@type":"ListItem","position":3,"name":"Org\u00e1ny fakulty","item":"https:\/\/www.upjs.sk\/lekarska-fakulta\/fakulta\/organy-fakulty\/"},{"@type":"ListItem","position":4,"name":"Akademick\u00fd sen\u00e1t"}]},{"@type":"WebSite","@id":"https:\/\/www.upjs.sk\/lekarska-fakulta\/#website","url":"https:\/\/www.upjs.sk\/lekarska-fakulta\/","name":"Lek\u00e1rska fakulta | UPJ\u0160","description":"","publisher":{"@id":"https:\/\/www.upjs.sk\/lekarska-fakulta\/#organization"},"potentialAction":[{"@type":"SearchAction","target":{"@type":"EntryPoint","urlTemplate":"https:\/\/www.upjs.sk\/lekarska-fakulta\/?s={search_term_string}"},"query-input":{"@type":"PropertyValueSpecification","valueRequired":true,"valueName":"search_term_string"}}],"inLanguage":"sk-SK"},{"@type":"Organization","@id":"https:\/\/www.upjs.sk\/lekarska-fakulta\/#organization","name":"Lek\u00e1rska fakulta | UPJ\u0160","url":"https:\/\/www.upjs.sk\/lekarska-fakulta\/","logo":{"@type":"ImageObject","inLanguage":"sk-SK","@id":"https:\/\/www.upjs.sk\/lekarska-fakulta\/#\/schema\/logo\/image\/","url":"https:\/\/www.upjs.sk\/app\/uploads\/sites\/9\/2022\/09\/logo-lekarska-fakulta.png","contentUrl":"https:\/\/www.upjs.sk\/app\/uploads\/sites\/9\/2022\/09\/logo-lekarska-fakulta.png","width":415,"height":87,"caption":"Lek\u00e1rska fakulta | UPJ\u0160"},"image":{"@id":"https:\/\/www.upjs.sk\/lekarska-fakulta\/#\/schema\/logo\/image\/"}}]}},"_links":{"self":[{"href":"https:\/\/www.upjs.sk\/lekarska-fakulta\/wp-json\/wp\/v2\/pages\/16463","targetHints":{"allow":["GET"]}}],"collection":[{"href":"https:\/\/www.upjs.sk\/lekarska-fakulta\/wp-json\/wp\/v2\/pages"}],"about":[{"href":"https:\/\/www.upjs.sk\/lekarska-fakulta\/wp-json\/wp\/v2\/types\/page"}],"author":[{"embeddable":true,"href":"https:\/\/www.upjs.sk\/lekarska-fakulta\/wp-json\/wp\/v2\/users\/1"}],"replies":[{"embeddable":true,"href":"https:\/\/www.upjs.sk\/lekarska-fakulta\/wp-json\/wp\/v2\/comments?post=16463"}],"version-history":[{"count":20,"href":"https:\/\/www.upjs.sk\/lekarska-fakulta\/wp-json\/wp\/v2\/pages\/16463\/revisions"}],"predecessor-version":[{"id":157018,"href":"https:\/\/www.upjs.sk\/lekarska-fakulta\/wp-json\/wp\/v2\/pages\/16463\/revisions\/157018"}],"up":[{"embeddable":true,"href":"https:\/\/www.upjs.sk\/lekarska-fakulta\/wp-json\/wp\/v2\/pages\/13639"}],"wp:attachment":[{"href":"https:\/\/www.upjs.sk\/lekarska-fakulta\/wp-json\/wp\/v2\/media?parent=16463"}],"wp:term":[{"taxonomy":"category","embeddable":true,"href":"https:\/\/www.upjs.sk\/lekarska-fakulta\/wp-json\/wp\/v2\/categories?post=16463"},{"taxonomy":"post_tag","embeddable":true,"href":"https:\/\/www.upjs.sk\/lekarska-fakulta\/wp-json\/wp\/v2\/tags?post=16463"}],"curies":[{"name":"wp","href":"https:\/\/api.w.org\/{rel}","templated":true}]}}